{"id":940,"date":"2024-12-19T03:39:43","date_gmt":"2024-12-19T03:39:43","guid":{"rendered":"https:\/\/fmp-components.com\/product\/10020-professional-tow-truck-double-acting-hydraulic-cylinder\/"},"modified":"2024-12-26T08:57:19","modified_gmt":"2024-12-26T08:57:19","slug":"10020-professional-tow-truck-double-acting-hydraulic-cylinder","status":"publish","type":"product","link":"https:\/\/fmp-components.com\/de\/product\/10020-professional-tow-truck-double-acting-hydraulic-cylinder\/","title":{"rendered":"10020 Professioneller doppeltwirkender Hydraulikzylinder f\u00fcr Abschleppwagen"},"content":{"rendered":"<p>Der doppeltwirkende Hydraulikzylinder 10020 Professional f\u00fcr Abschleppwagen wurde f\u00fcr optimale Leistung und Zuverl\u00e4ssigkeit beim Abschleppen entwickelt. Er ist f\u00fcr die anspruchsvollen Bedingungen im Abschleppdienst ausgelegt und bietet kraftvolle Hub- und Senkfunktionen, wodurch Effizienz und Sicherheit bei allen Aufgaben gew\u00e4hrleistet werden.<\/p>\n<h4>Hauptmerkmale:<\/h4>\n<ul>\n<li><strong>Doppeltwirkender Mechanismus<\/strong>Erm\u00f6glicht einen reibungslosen Betrieb sowohl beim Aus- als auch beim Einfahren und bietet so eine pr\u00e4zise Steuerung bei Abschlepp- und Bergungsvorg\u00e4ngen.<\/li>\n<li><strong>Professionelle Bauqualit\u00e4t<\/strong>Hergestellt aus hochwertigen Materialien, um Festigkeit und Langlebigkeit zu gew\u00e4hrleisten, ist es in der Lage, hohen Belastungen und starker Beanspruchung standzuhalten.<\/li>\n<li><strong>Hohe Tragf\u00e4higkeit<\/strong>: Speziell entwickelt, um hohen Kr\u00e4ften standzuhalten, wodurch es sich ideal f\u00fcr den Einsatz in professionellen Abschleppwagen eignet.<\/li>\n<li><strong>Korrosionsbest\u00e4ndige Oberfl\u00e4che<\/strong>Beschichtet zum Schutz vor Rost und Korrosion, um eine dauerhafte Leistungsf\u00e4higkeit unter verschiedenen Witterungsbedingungen zu gew\u00e4hrleisten.<\/li>\n<li><strong>Einfache Installation<\/strong>Entwickelt f\u00fcr die einfache Integration in bestehende Abschleppwagensysteme, um die Einrichtungszeit zu minimieren und die Effizienz zu maximieren.<\/li>\n<\/ul>\n<p><img loading=\"lazy\" decoding=\"async\" class=\"alignnone size-full wp-image-975\" src=\"https:\/\/fmp-components.com\/wp-content\/uploads\/2024\/12\/Welded-Tee-Type-Cylinder1.webp\" alt=\"Geschwei\u00dfter T-Typ-Zylinder\" width=\"759\" height=\"761\" title=\"\" srcset=\"https:\/\/fmp-components.com\/wp-content\/uploads\/2024\/12\/Welded-Tee-Type-Cylinder1.webp 759w, https:\/\/fmp-components.com\/wp-content\/uploads\/2024\/12\/Welded-Tee-Type-Cylinder1-480x481.webp 480w\" sizes=\"(min-width: 0px) and (max-width: 480px) 480px, (min-width: 481px) 759px, 100vw\" \/><\/p>\n<h4>Vorteile:<\/h4>\n<ul>\n<li><strong>Erh\u00f6hte Effizienz<\/strong>: Optimiert den Betrieb von Abschleppwagen und erm\u00f6glicht reibungslose und zuverl\u00e4ssige Hebe- und Senkvorg\u00e4nge.<\/li>\n<li><strong>Vielseitige Einsatzm\u00f6glichkeiten<\/strong>: Geeignet f\u00fcr eine Vielzahl von Abschleppaufgaben und somit ein unverzichtbarer Bestandteil f\u00fcr Abschleppwagenfahrer.<\/li>\n<li><strong>Reduzierte Wartungskosten<\/strong>Die robuste Konstruktion minimiert Verschlei\u00df und f\u00fchrt somit zu geringeren Wartungs- und Ersatzkosten.<\/li>\n<\/ul>\n<p>Der doppeltwirkende Hydraulikzylinder 10020 Professional f\u00fcr Abschleppwagen ist eine unverzichtbare Komponente f\u00fcr jeden Abschleppwagen und gew\u00e4hrleistet zuverl\u00e4ssige Leistung und Effizienz. Seine robuste Konstruktion und hohe Tragf\u00e4higkeit machen ihn zur idealen Wahl f\u00fcr Profis, die Wert auf Qualit\u00e4t und Langlebigkeit ihrer Abschleppausr\u00fcstung legen.<\/p>\n<h3>Merkmale und Funktionen<\/h3>\n<p>Unser Hydraulikzylinder ist eine unverzichtbare Komponente in einer Vielzahl von Industriemaschinen und Nutzfahrzeugen. Er erzeugt Kraft durch einen unidirektionalen Hub und ist daher ideal f\u00fcr Anwendungen, die eine pr\u00e4zise und kraftvolle lineare Bewegung erfordern. Bekannt f\u00fcr seine Langlebigkeit und Effizienz, bew\u00e4hrt sich unser Hydraulikzylinder auch in anspruchsvollen Umgebungen und bietet unter verschiedensten Bedingungen zuverl\u00e4ssige Leistung.<\/p>\n<h3>Einzigartige Funktionen und Vorteile<\/h3>\n<ul>\n<li><strong>Energieeffizient:<\/strong><br \/>\nUnser Hydraulikzylinder ist auf maximale Energieeffizienz ausgelegt und reduziert den Stromverbrauch bei gleichzeitig hoher Betriebseffizienz. Diese Energieeffizienz senkt nicht nur die Betriebskosten, sondern tr\u00e4gt durch Abfallminimierung auch zur \u00f6kologischen Nachhaltigkeit bei.<\/li>\n<li><strong>Hohe Leistung:<\/strong><br \/>\nDer f\u00fcr optimale Leistung entwickelte Hydraulikzylinder bew\u00e4ltigt hohe Lasten und liefert eine konstante Kraft. Seine robuste Konstruktion gew\u00e4hrleistet zuverl\u00e4ssigen Betrieb auch unter anspruchsvollsten Bedingungen und macht ihn ideal f\u00fcr Schwerlastanwendungen.<\/li>\n<li><strong>Sicher in der Anwendung:<\/strong><br \/>\nSicherheit hat bei der Konstruktion unserer Hydraulikzylinder h\u00f6chste Priorit\u00e4t. Sie verf\u00fcgen \u00fcber fortschrittliche Sicherheitsmerkmale, die ein unbeabsichtigtes L\u00f6sen verhindern und das Risiko von Hydraulikausf\u00e4llen minimieren. So k\u00f6nnen die Bediener beruhigt arbeiten, da sie wissen, dass die Anlage sicher und zuverl\u00e4ssig ist.<\/li>\n<\/ul>\n<h3>Hydrauliksystem und Funktionsprinzip<\/h3>\n<p>Der Hydraulikzylinder arbeitet nach dem Prinzip der unter Druck stehenden Hydraulikfl\u00fcssigkeit, typischerweise \u00d6l, die lineare Kraft und Bewegung erzeugt. Wird Hydraulikfl\u00fcssigkeit in den Zylinder gepumpt, \u00fcbt sie Druck auf den Kolben im Inneren aus. Dieser Druck erzeugt eine starke Kraft, die den Kolben nach vorne treibt und so verschiedene Anwendungen wie Heben, Schieben oder Ziehen erm\u00f6glicht.<\/p>\n<p>Im Abschleppdienst ist diese Hydraulikkraft unerl\u00e4sslich, um schwere Lasten pr\u00e4zise anzuheben und zu man\u00f6vrieren. Die M\u00f6glichkeit, Geschwindigkeit und Richtung des Hydraulikzylinders zu steuern, erlaubt es dem Bediener, komplexe Aufgaben m\u00fchelos zu bew\u00e4ltigen und so die Effizienz des Abschleppvorgangs insgesamt zu steigern. Durch die Nutzung der Leistungsf\u00e4higkeit des Hydrauliksystems tr\u00e4gt unser Hydraulikzylinder ma\u00dfgeblich zur Effektivit\u00e4t und Sicherheit von Industriemaschinen und -fahrzeugen bei und gew\u00e4hrleistet deren optimale Leistung.<\/p>\n<p><img loading=\"lazy\" decoding=\"async\" class=\"size-full wp-image-976 aligncenter\" src=\"https:\/\/fmp-components.com\/wp-content\/uploads\/2024\/12\/Welded-Tee-Type-Cylinder2.webp\" alt=\"Geschwei\u00dfter T-Typ-Zylinder\" width=\"764\" height=\"675\" title=\"\" srcset=\"https:\/\/fmp-components.com\/wp-content\/uploads\/2024\/12\/Welded-Tee-Type-Cylinder2.webp 764w, https:\/\/fmp-components.com\/wp-content\/uploads\/2024\/12\/Welded-Tee-Type-Cylinder2-480x424.webp 480w\" sizes=\"(min-width: 0px) and (max-width: 480px) 480px, (min-width: 481px) 764px, 100vw\" \/><\/p>\n<h2>Anwendung des Hydraulikzylinders<\/h2>\n<p>Unser Hydraulikzylinder findet haupts\u00e4chlich in Abschleppwagen Anwendung. Er spielt eine entscheidende Rolle beim Abschleppen von Fahrzeugen, indem er die notwendige Kraft bereitstellt.<\/p>\n<p>Werfen Sie einen virtuellen Rundgang durch unsere Fabrik, um einen genaueren Einblick in unseren Produktionsprozess zu erhalten: <iframe loading=\"lazy\" id=\"FMP VR ????\" title=\"FMP VR ????\" src=\"https:\/\/v.holoworld.com.cn\/v\/virtualbuy.html?id=78a76263-47ab-485f-b978-0dafacfb4096\" width=\"800\" height=\"600\"><\/iframe><\/p>\n<h2>\u00dcber den Hydraulikzylinder<\/h2>\n<p>Hydraulikzylinder blicken auf eine lange Geschichte zur\u00fcck und sind in verschiedenen Ausf\u00fchrungen erh\u00e4ltlich, von denen jede ihre spezifischen Vorteile bietet. Sie sind einfach zu installieren, ben\u00f6tigen nur minimalen Wartungsaufwand und zeichnen sich durch eine lange Lebensdauer aus.<\/p>\n<h2>Produktauswahl und Werbung<\/h2>\n<p>Die Wahl des richtigen Hydraulik\u00f6ls und der passenden Dichtung ist entscheidend f\u00fcr die einwandfreie Funktion des Hydraulikzylinders. Wir von FMP bieten Ihnen umfassende Beratung zu Produktauswahl, Installation und Wartung.<\/p>\n<p>FMP ist ein f\u00fchrender Anbieter von Hydraulikzylindern f\u00fcr mobile Maschinen in Italien. Unser Produktportfolio umfasst hydraulische Neigezylinder, hydraulische Lenkzylinder und hydraulische Hubzylinder. Wir verf\u00fcgen \u00fcber eine Produktionskapazit\u00e4t von 200.000 Einheiten und sind mit 300 vollautomatischen CNC-Fertigungsanlagen und vollautomatischen Hydraulikzylinder-Montageanlagen verschiedener Typen ausgestattet.<\/p>\n<p>Neben doppeltwirkenden Hydraulikzylindern liefern wir auch Zylinder f\u00fcr Hubarbeitsb\u00fchnen, Hydraulikzylinder f\u00fcr Industriefahrzeuge, Zylinder f\u00fcr Drehbohranlagen, Zylinder f\u00fcr LKW-Krane und Hydraulikzylinder f\u00fcr Baumaschinen. <b>Hydraulikzylinder f\u00fcr Gabelstapler<\/b>Wir bieten Hydraulikzylinder f\u00fcr Muldenkipper und Sanit\u00e4rmaschinen an. Gerne fertigen wir auch nach Kundenwunsch.<\/p>\n<p><img decoding=\"async\" class=\"aligncenter\" src=\"https:\/\/hzpt.com\/wp-content\/uploads\/2023\/12\/random-4.webp\" alt=\"\" title=\"\"><\/p>\n<h2>Vorteile des geschwei\u00dften T-Typ-Zylinders<\/h2>\n<ul>\n<li style=\"list-style-type: none;\">\n<ul>\n<li><strong>Erh\u00f6hte St\u00e4rke:<\/strong> Geschwei\u00dfte T-Zylinder zeichnen sich durch ihre hohe Festigkeit aus und eignen sich daher f\u00fcr Anwendungen, bei denen schwere Lasten gehoben werden m\u00fcssen. Das bei der Herstellung dieser Zylinder verwendete Schwei\u00dfverfahren stellt sicher, dass der Zylinder keine Schwachstellen aufweist und hohem Druck und hoher Belastung standh\u00e4lt.<\/li>\n<\/ul>\n<\/li>\n<\/ul>\n<p>Wenn Druck auf den Zylinder ausge\u00fcbt wird, verteilt sich dieser gleichm\u00e4\u00dfig \u00fcber die gesamte Oberfl\u00e4che und macht ihn so verformungsbest\u00e4ndig. Diese Eigenschaft stellt sicher, dass der Zylinder auch unter extremen Bedingungen seine Form und strukturelle Integrit\u00e4t beh\u00e4lt.<\/p>\n<ul>\n<li style=\"list-style-type: none;\">\n<ul>\n<li><strong>Leckageschutz:<\/strong> Geschwei\u00dfte T-Flaschen verhindern Leckagen. Das Schwei\u00dfverfahren bei der Herstellung gew\u00e4hrleistet die vollst\u00e4ndige Abdichtung des Zylinders und verhindert m\u00f6gliche Leckagen. Dadurch eignen sie sich f\u00fcr Anwendungen, bei denen Leckagen schwere Sch\u00e4den oder Verletzungen verursachen k\u00f6nnen.<\/li>\n<\/ul>\n<\/li>\n<\/ul>\n<p>Die Schwei\u00dfverbindungen sind glatt und weisen keine Spalten oder Rillen auf, in denen sich Ablagerungen oder Schmutz ansammeln k\u00f6nnen. Dadurch wird das Risiko von Korrosion und Besch\u00e4digung des Zylinders verringert.<\/p>\n<ul>\n<li style=\"list-style-type: none;\">\n<ul>\n<li><strong>Anpassbar:<\/strong> Geschwei\u00dfte T-Zylinder k\u00f6nnen an spezifische Anwendungen angepasst werden. Die Zylinder sind in verschiedenen Gr\u00f6\u00dfen und Formen erh\u00e4ltlich und k\u00f6nnen so gefertigt werden, dass sie den spezifischen Anforderungen der Anwendung entsprechen.<\/li>\n<\/ul>\n<\/li>\n<\/ul>\n<p>Durch die individuelle Anpassung kann die Leistung des Zylinders optimiert und sichergestellt werden, dass er f\u00fcr die vorgesehene Anwendung geeignet ist. Dadurch eignen sich geschwei\u00dfte T-Zylinder ideal f\u00fcr den Einsatz in verschiedenen industriellen Anwendungen, darunter im Baugewerbe, im Bergbau und in der Materialhandhabung.<\/p>\n<ul>\n<li style=\"list-style-type: none;\">\n<ul>\n<li><strong>Kosteng\u00fcnstig:<\/strong> Geschwei\u00dfte T-Zylinder sind im Vergleich zu anderen Zylindertypen kosteng\u00fcnstig. Der Herstellungsprozess dieser Zylinder ist einfach und daher weniger kostspielig als bei anderen Zylindertypen.<\/li>\n<\/ul>\n<\/li>\n<\/ul>\n<p>Dar\u00fcber hinaus reduzieren die hohe Festigkeit und Langlebigkeit geschwei\u00dfter T-Zylinder den Bedarf an h\u00e4ufigen Reparaturen und Austauschvorg\u00e4ngen und senken so die Wartungskosten. Diese Eigenschaft macht sie zu einer beliebten Wahl f\u00fcr viele Branchen, insbesondere f\u00fcr diejenigen mit begrenztem Budget.<\/p>\n<ul>\n<li style=\"list-style-type: none;\">\n<ul>\n<li><strong>Erh\u00f6hte Effizienz:<\/strong> Geschwei\u00dfte T-Zylinder sind hocheffizient und effektiv. Die Konstruktion des Zylinders sorgt daf\u00fcr, dass die aufgebrachte Kraft direkt auf die Last \u00fcbertragen wird, wodurch Energieverluste reduziert und die Effizienz gesteigert werden.<\/li>\n<\/ul>\n<\/li>\n<\/ul>\n<p>Die Schwei\u00dfverbindungen sind stark und steif, minimieren die Durchbiegung und gew\u00e4hrleisten, dass der Zylinder auch unter extremen Bedingungen seine Form und strukturelle Integrit\u00e4t beh\u00e4lt. Diese Eigenschaft macht geschwei\u00dfte T-Zylinder ideal f\u00fcr Anwendungen, die hohe Effizienz und Zuverl\u00e4ssigkeit erfordern.<\/p>\n<h2>Anwendung von geschwei\u00dften T-Typ-Zylindern<\/h2>\n<p>Geschwei\u00dfte T-St\u00fcck-Zylinder sind Hydraulikzylinder, die h\u00e4ufig in industriellen Anwendungen eingesetzt werden. Sie bieten hohe Kraftleistung in einem kompakten und kosteng\u00fcnstigen Geh\u00e4use. Dieser Zylindertyp besteht aus einem geschwei\u00dften T-St\u00fcck und einer daran befestigten Kolbenstange. Das T-St\u00fcck ist mit dem Zylinderrohr verbunden und enth\u00e4lt einen Kolben, der sich im Zylinderrohr hin und her bewegt, um Kraft zu erzeugen.<\/p>\n<p><img loading=\"lazy\" decoding=\"async\" class=\"size-full wp-image-977 aligncenter\" src=\"https:\/\/fmp-components.com\/wp-content\/uploads\/2024\/12\/Welded-Tee-Type-Cylinder3.webp\" alt=\"Geschwei\u00dfter T-Typ-Zylinder\" width=\"653\" height=\"600\" title=\"\" srcset=\"https:\/\/fmp-components.com\/wp-content\/uploads\/2024\/12\/Welded-Tee-Type-Cylinder3.webp 653w, https:\/\/fmp-components.com\/wp-content\/uploads\/2024\/12\/Welded-Tee-Type-Cylinder3-480x441.webp 480w\" sizes=\"(min-width: 0px) and (max-width: 480px) 480px, (min-width: 481px) 653px, 100vw\" \/><\/p>\n<h3>Vorteile des geschwei\u00dften T-Typ-Zylinders<\/h3>\n<p>Die Verwendung eines geschwei\u00dften T-Zylinders in industriellen Anwendungen bietet mehrere Vorteile:<\/p>\n<ul>\n<li><b>Kompaktes Design:<\/b> Geschwei\u00dfte T-Zylinder sind kompakt konstruiert und daher ideal f\u00fcr den Einsatz in Anwendungen mit begrenztem Platzangebot.<\/li>\n<li><b>Hohe Effizienz:<\/b> Geschwei\u00dfte T-Zylinder sind hocheffizient, das hei\u00dft, sie k\u00f6nnen mit minimalem Energieeinsatz eine gro\u00dfe Kraft erzeugen.<\/li>\n<li><b>Dauerhaft:<\/b> Geschwei\u00dfte T-Zylinder sind auf hohe Haltbarkeit ausgelegt, das hei\u00dft, sie halten rauen Betriebsbedingungen stand und sind sehr langlebig.<\/li>\n<li><b>Kosteng\u00fcnstig:<\/b> Geschwei\u00dfte T-Zylinder sind kosteng\u00fcnstig und bieten daher ein gutes Preis-Leistungs-Verh\u00e4ltnis.<\/li>\n<\/ul>\n<h3>Anwendungen von geschwei\u00dften T-Zylindern<\/h3>\n<p>Es gibt viele Anwendungen f\u00fcr geschwei\u00dfte T-Zylinder in verschiedenen Branchen, darunter:<\/p>\n<ul>\n<li><b>Herstellung:<\/b> Geschwei\u00dfte T-Zylinder werden in der Fertigung zum Betreiben von Maschinen, zum Bewegen schwerer Lasten und zum Formen von Metallteilen verwendet.<\/li>\n<li><b>Landwirtschaft:<\/b> Geschwei\u00dfte T-Zylinder werden in der Landwirtschaft zum Betreiben von Hydrauliksystemen an Traktoren, Erntemaschinen und anderen landwirtschaftlichen Ger\u00e4ten verwendet.<\/li>\n<li><b>Konstruktion:<\/b> Geschwei\u00dfte T-Zylinder werden im Bauwesen zum Betreiben von Maschinen wie Kr\u00e4nen, Baggern und L\u00f6ffelbaggern verwendet.<\/li>\n<li><b>Bergbau:<\/b> Geschwei\u00dfte T-Zylinder werden im Bergbau zum Betreiben von Hydrauliksystemen an schweren Ger\u00e4ten wie Bulldozern, Ladern und Gesteinsbohrern verwendet.<\/li>\n<li><b>Transport:<\/b> Geschwei\u00dfte T-Zylinder werden im Transportwesen zum Betreiben von Hydrauliksystemen in Lastkraftwagen, Bussen und anderen Fahrzeugen verwendet.<\/li>\n<\/ul>\n<p>Geschwei\u00dfte T-St\u00fcck-Zylinder sind ein wichtiger Bestandteil vieler industrieller Anwendungen. Sie sind kompakt, effizient, langlebig und kosteng\u00fcnstig und eignen sich daher ideal f\u00fcr ein breites Anwendungsspektrum. Ob Sie Maschinen in einer Produktionsanlage, Landmaschinen auf einem Bauernhof oder schwere Ger\u00e4te in einem Bergwerk betreiben \u2013 geschwei\u00dfte T-St\u00fcck-Zylinder helfen Ihnen, Ihre Aufgaben effizient und effektiv zu erledigen.<\/p>\n<p><img loading=\"lazy\" decoding=\"async\" class=\"size-full wp-image-974 aligncenter\" src=\"https:\/\/fmp-components.com\/wp-content\/uploads\/2024\/12\/application-of-Welded-Tee-Type-Cylinder.webp\" alt=\"Anwendung von geschwei\u00dften T-Zylindern\" width=\"760\" height=\"860\" title=\"\" srcset=\"https:\/\/fmp-components.com\/wp-content\/uploads\/2024\/12\/application-of-Welded-Tee-Type-Cylinder.webp 760w, https:\/\/fmp-components.com\/wp-content\/uploads\/2024\/12\/application-of-Welded-Tee-Type-Cylinder-480x543.webp 480w\" sizes=\"(min-width: 0px) and (max-width: 480px) 480px, (min-width: 481px) 760px, 100vw\" \/><\/p>\n<h3>\u00dcber FMP<\/h3>\n<p>FMP ist seit \u00fcber 30 Jahren ein f\u00fchrender Hersteller und Lieferant von Hydraulikzylindern. Unser Produktionsstandort befindet sich in Italien, und wir sind stolz auf unser umfangreiches Produktsortiment und unsere moderne Ausr\u00fcstung mit \u00fcber 100 Einheiten.<\/p>\n<p>Unser hochmoderner Maschinenpark umfasst automatische Schutzgasschwei\u00dfanlagen, Tieflochbohrmaschinen, CNC-Drehmaschinen, Rundschleifmaschinen, automatische Reinigungsmaschinen, automatische Montageanlagen, automatische Pr\u00fcfst\u00e4nde f\u00fcr Hydraulikzylinder und automatische Lackieranlagen. Jeder Hydraulikzylinder, einschlie\u00dflich des Ohrringzylinders und des bidirektionalen automatischen Teleskop-Hydraulikzylinders, durchl\u00e4uft eine strenge Bearbeitung und Pr\u00fcfung, um unseren Kunden h\u00f6chste Qualit\u00e4t zu garantieren.<\/p>\n<p>Hier sind f\u00fcnf entscheidende Vorteile von FMP:<\/p>\n<ol>\n<li><strong>Design-Service:<\/strong> Unser erfahrenes Konstruktionsteam ist auf die Entwicklung und Konstruktion von Universalwellen spezialisiert. Ob Sie neue Produkte ben\u00f6tigen oder bestehende verbessern m\u00f6chten \u2013 wir unterst\u00fctzen Sie im gesamten Prozess.<\/li>\n<li><strong>Produktservice:<\/strong> Unser umfassender Produktservice beinhaltet einen sorgf\u00e4ltigen Produktionsprozess, der die Rohstoffbeschaffung, den Zuschnitt, die Vorbearbeitung, die Pr\u00fcfung, die Reinigung, die Montage, die Verpackung und den Transport umfasst. Dank unserer Liebe zum Detail k\u00f6nnen Sie sich auf Produkte h\u00f6chster Qualit\u00e4t verlassen.<\/li>\n<li><strong>Beispielprozess:<\/strong> Wir bieten Musterentwicklung nach Ihren individuellen Vorgaben an. Wir optimieren unsere Muster kontinuierlich, um Ihren Bed\u00fcrfnissen gerecht zu werden und Ihnen Produkte zu liefern, die Ihren Erwartungen perfekt entsprechen.<\/li>\n<li><strong>Forschung und Entwicklung:<\/strong> Bei FMP analysieren wir kontinuierlich den Markt und bleiben \u00fcber neue Trends und Anforderungen informiert. So k\u00f6nnen wir neue Modelle und Designs entwickeln und sicherstellen, dass unsere Produkte den neuesten Branchenstandards und -anforderungen entsprechen.<\/li>\n<li><strong>Anpassung:<\/strong> Unser Unternehmen ist auf die Herstellung und den Vertrieb verschiedener Arten von Hydraulikzylindern spezialisiert und nimmt gerne Sonderanfertigungen entgegen. Ob Sie eine bestimmte Gr\u00f6\u00dfe, ein bestimmtes Design oder eine bestimmte Funktionalit\u00e4t ben\u00f6tigen \u2013 wir verf\u00fcgen \u00fcber das Know-how und die Flexibilit\u00e4t, Ihre individuellen Anforderungen zu erf\u00fcllen.<\/li>\n<\/ol>\n<p><img decoding=\"async\" src=\"https:\/\/fmp-components.com\/wp-content\/uploads\/2024\/12\/fmp-factory-4.webp\" alt=\"FMP-Fabrik\" width=\"800\" title=\"\"><\/p>\n<h2>Fragen und Antworten<\/h2>\n<p>F: Wie hoch ist die Tragf\u00e4higkeit des Hydraulikzylinders 10020?<\/p>\n<p>A: Die Tragf\u00e4higkeit ist modellspezifisch.<\/p>\n<p>F: Wie oft muss das Hydraulik\u00f6l gewechselt werden?<\/p>\n<p>A: Das h\u00e4ngt weitgehend von der Nutzung ab, aber wir empfehlen, den \u00d6lstand regelm\u00e4\u00dfig zu \u00fcberpr\u00fcfen, um eine optimale Leistung zu gew\u00e4hrleisten.<\/p>\n<p>F: Wie messe ich den Hydraulikzylinder?<\/p>\n<p>A: Man kann den Hydraulikzylinder anhand seiner Bohrung, seines Hubs und seines Kolbenstangendurchmessers messen.<\/p>\n<p>F: Wie funktioniert der Hydraulikzylinder?<\/p>\n<p>A: Der Hydraulikzylinder funktioniert durch die Druckbeaufschlagung mit Hydraulikfl\u00fcssigkeit, um eine lineare Kraft und Bewegung zu erzeugen.<\/p>\n<p>F: Kann ich meine Bestellung individuell gestalten?<\/p>\n<p>A: Ja, bei FMP begr\u00fc\u00dfen wir es, wenn Kunden ihre Bestellungen nach ihren W\u00fcnschen anpassen.<\/p>\n<p><img loading=\"lazy\" decoding=\"async\" class=\"\" src=\"https:\/\/hzpt.com\/wp-content\/uploads\/2023\/12\/random-6.webp\" alt=\"FMP-Fabrik\" width=\"836\" height=\"634\" title=\"\"><\/p>\n<p>Autor: CX<\/p>","protected":false},"excerpt":{"rendered":"<p>The 10020 Professional Tow Truck Double Acting Hydraulic Cylinder is engineered for optimal performance and reliability in towing applications. Designed to handle the demanding conditions of tow truck operations, this hydraulic cylinder provides powerful lifting and lowering capabilities, ensuring efficiency and safety in all tasks. Key Features: Double Acting Mechanism: Allows for smooth operation in [&hellip;]<\/p>","protected":false},"featured_media":1133,"comment_status":"closed","ping_status":"closed","template":"","meta":{"_et_pb_use_builder":"","_et_pb_old_content":"","_et_gb_content_width":""},"product_brand":[],"product_cat":[31],"product_tag":[34,35],"class_list":{"0":"post-940","1":"product","2":"type-product","3":"status-publish","4":"has-post-thumbnail","6":"product_cat-welded-tee-type-cylinder","7":"product_tag-hydraulic-cylinder","8":"product_tag-welded-tee-type-cylinder","10":"first","11":"instock","12":"product-type-simple"},"_links":{"self":[{"href":"https:\/\/fmp-components.com\/de\/wp-json\/wp\/v2\/product\/940","targetHints":{"allow":["GET"]}}],"collection":[{"href":"https:\/\/fmp-components.com\/de\/wp-json\/wp\/v2\/product"}],"about":[{"href":"https:\/\/fmp-components.com\/de\/wp-json\/wp\/v2\/types\/product"}],"replies":[{"embeddable":true,"href":"https:\/\/fmp-components.com\/de\/wp-json\/wp\/v2\/comments?post=940"}],"wp:featuredmedia":[{"embeddable":true,"href":"https:\/\/fmp-components.com\/de\/wp-json\/wp\/v2\/media\/1133"}],"wp:attachment":[{"href":"https:\/\/fmp-components.com\/de\/wp-json\/wp\/v2\/media?parent=940"}],"wp:term":[{"taxonomy":"product_brand","embeddable":true,"href":"https:\/\/fmp-components.com\/de\/wp-json\/wp\/v2\/product_brand?post=940"},{"taxonomy":"product_cat","embeddable":true,"href":"https:\/\/fmp-components.com\/de\/wp-json\/wp\/v2\/product_cat?post=940"},{"taxonomy":"product_tag","embeddable":true,"href":"https:\/\/fmp-components.com\/de\/wp-json\/wp\/v2\/product_tag?post=940"}],"curies":[{"name":"wp","href":"https:\/\/api.w.org\/{rel}","templated":true}]}}