{"id":934,"date":"2024-12-19T03:39:00","date_gmt":"2024-12-19T03:39:00","guid":{"rendered":"https:\/\/fmp-components.com\/product\/10014-cost-effective-customized-mini-hydraulic-cylinder-hydraulic-ram-cylinder\/"},"modified":"2024-12-19T09:04:30","modified_gmt":"2024-12-19T09:04:30","slug":"10014-cost-effective-customized-mini-hydraulic-cylinder-hydraulic-ram-cylinder","status":"publish","type":"product","link":"https:\/\/fmp-components.com\/de\/product\/10014-cost-effective-customized-mini-hydraulic-cylinder-hydraulic-ram-cylinder\/","title":{"rendered":"10014 Kosteng\u00fcnstiger kundenspezifischer Mini-Hydraulikzylinder Hydraulikzylinder"},"content":{"rendered":"<p>Der kosteng\u00fcnstige, kundenspezifische Mini-Hydraulikzylinder 10014 bietet zuverl\u00e4ssige Leistung in einem kompakten Geh\u00e4use und ist somit die ideale L\u00f6sung f\u00fcr eine Vielzahl von Anwendungen. Dieser auf Effizienz und Vielseitigkeit ausgelegte Hydraulikzylinder eignet sich perfekt f\u00fcr Branchen, die zuverl\u00e4ssige Hydraulikl\u00f6sungen zu einem g\u00fcnstigen Preis ben\u00f6tigen.<\/p>\n<p><img loading=\"lazy\" decoding=\"async\" class=\"size-full wp-image-977 aligncenter\" src=\"https:\/\/fmp-components.com\/wp-content\/uploads\/2024\/12\/Welded-Tee-Type-Cylinder3.webp\" alt=\"Geschwei\u00dfter T-Typ-Zylinder\" width=\"653\" height=\"600\" title=\"\" srcset=\"https:\/\/fmp-components.com\/wp-content\/uploads\/2024\/12\/Welded-Tee-Type-Cylinder3.webp 653w, https:\/\/fmp-components.com\/wp-content\/uploads\/2024\/12\/Welded-Tee-Type-Cylinder3-480x441.webp 480w\" sizes=\"(min-width: 0px) and (max-width: 480px) 480px, (min-width: 481px) 653px, 100vw\" \/><\/p>\n<h4>Hauptmerkmale:<\/h4>\n<ul>\n<li><strong>Kosteng\u00fcnstiges Design:<\/strong><br \/>\nDieser Mini-Hydraulikzylinder bietet ein hervorragendes Gleichgewicht zwischen Qualit\u00e4t und Erschwinglichkeit. Er ist auf hohe Leistung zu einem wettbewerbsf\u00e4higen Preis ausgelegt und eignet sich daher f\u00fcr eine Vielzahl von Anwendungen, ohne Kompromisse bei der Zuverl\u00e4ssigkeit einzugehen.<\/li>\n<li><strong>Benutzerdefinierte Optionen:<\/strong><br \/>\nDer Hydraulikzylinder 10014 l\u00e4sst sich individuell an Ihre Anforderungen anpassen. Ob unterschiedliche Bohrungsgr\u00f6\u00dfen, Hubl\u00e4ngen oder Anschlussarten \u2013 unsere individuellen Optionen sorgen f\u00fcr die perfekte L\u00f6sung f\u00fcr Ihre Anwendung.<\/li>\n<li><strong>Kompakte Gr\u00f6\u00dfe:<\/strong><br \/>\nDas Mini-Design dieses Hydraulikzylinders erm\u00f6glicht eine einfache Installation in engen R\u00e4umen und eignet sich daher f\u00fcr Anwendungen, bei denen gr\u00f6\u00dfere Zylinder unpraktisch w\u00e4ren. Seine Kompaktheit geht nicht zu Lasten der Leistung und gew\u00e4hrleistet eine effektive Leistung auch in beengten Bereichen.<\/li>\n<li><strong>Langlebige Konstruktion:<\/strong><br \/>\nDieser Hydraulikzylinder wird aus hochwertigen Materialien gefertigt und ist auf Langlebigkeit und Haltbarkeit ausgelegt. Er ist f\u00fcr raue Arbeitsbedingungen ausgelegt und gew\u00e4hrleistet einen zuverl\u00e4ssigen Betrieb in verschiedenen Umgebungen.<\/li>\n<li><strong>Vielseitige Anwendungen:<\/strong><br \/>\nDer Mini-Hydraulikzylinder 10014 eignet sich f\u00fcr eine Vielzahl von Anwendungen, darunter Automobil-, Landwirtschafts- und Industrieanwendungen. Seine Vielseitigkeit macht ihn zu einem unverzichtbaren Werkzeug f\u00fcr Aufgaben, die pr\u00e4zise und effiziente Hydraulikleistung erfordern.<\/li>\n<\/ul>\n<h4>Technische Daten:<\/h4>\n<table style=\"width: 93.9247%; height: 189px;\">\n<thead>\n<tr style=\"height: 23px;\">\n<th style=\"height: 23px;\">Spezifikation<\/th>\n<th style=\"height: 23px;\">Beschreibung<\/th>\n<\/tr>\n<\/thead>\n<tbody>\n<tr style=\"height: 23px;\">\n<td style=\"height: 23px;\"><strong>Bohrungsgr\u00f6\u00dfe<\/strong><\/td>\n<td style=\"height: 23px;\">Anpassbar<\/td>\n<\/tr>\n<tr style=\"height: 23px;\">\n<td style=\"height: 23px;\"><strong>Hubl\u00e4nge<\/strong><\/td>\n<td style=\"height: 23px;\">Verschiedene Optionen verf\u00fcgbar<\/td>\n<\/tr>\n<tr style=\"height: 23px;\">\n<td style=\"height: 23px;\"><strong>Maximaler Druck<\/strong><\/td>\n<td style=\"height: 23px;\">Bis zu 3000 PSI<\/td>\n<\/tr>\n<tr style=\"height: 23px;\">\n<td style=\"height: 23px;\"><strong>Material<\/strong><\/td>\n<td style=\"height: 23px;\">Hochwertiger Stahl oder Aluminium<\/td>\n<\/tr>\n<tr style=\"height: 23px;\">\n<td style=\"height: 23px;\"><strong>Verbindungstyp<\/strong><\/td>\n<td style=\"height: 23px;\">Flansch- oder Gewindeausf\u00fchrung<\/td>\n<\/tr>\n<\/tbody>\n<\/table>\n<h4>Funktionsprinzip:<\/h4>\n<p>Der Mini-Hydraulikzylinder 10014 arbeitet nach dem Prinzip des Hydraulikfl\u00fcssigkeitsdrucks. Wenn Hydraulikfl\u00fcssigkeit in den Zylinder gelangt, \u00fcbt sie Kraft auf den Kolben aus und erzeugt eine lineare Bewegung. Diese effektive Kraft\u00fcbertragung erm\u00f6glicht kontrollierte Bewegung und Betrieb in einer Vielzahl von Anwendungen.<\/p>\n<p>Zusammenfassend l\u00e4sst sich sagen, dass der kosteng\u00fcnstige, kundenspezifische Mini-Hydraulikzylinder 10014 eine effiziente und zuverl\u00e4ssige L\u00f6sung f\u00fcr ein breites Anwendungsspektrum ist. Sein kosteng\u00fcnstiges Design, die anpassbaren Funktionen und die kompakte Gr\u00f6\u00dfe machen ihn zu einer hervorragenden Wahl f\u00fcr alle, die eine leistungsstarke Hydraulikl\u00f6sung suchen, ohne ihr Budget zu sprengen. Ob f\u00fcr den Einsatz in Industrie, Landwirtschaft oder Automobil \u2013 dieser Hydraulikzylinder erf\u00fcllt Ihre Anforderungen effektiv und effizient.<\/p>\n<p><img loading=\"lazy\" decoding=\"async\" class=\"size-full wp-image-976 aligncenter\" src=\"https:\/\/fmp-components.com\/wp-content\/uploads\/2024\/12\/Welded-Tee-Type-Cylinder2.webp\" alt=\"Geschwei\u00dfter T-Typ-Zylinder\" width=\"764\" height=\"675\" title=\"\" srcset=\"https:\/\/fmp-components.com\/wp-content\/uploads\/2024\/12\/Welded-Tee-Type-Cylinder2.webp 764w, https:\/\/fmp-components.com\/wp-content\/uploads\/2024\/12\/Welded-Tee-Type-Cylinder2-480x424.webp 480w\" sizes=\"(min-width: 0px) and (max-width: 480px) 480px, (min-width: 481px) 764px, 100vw\" \/><\/p>\n<h2>Vorteile des geschwei\u00dften T-Typ-Zylinders<\/h2>\n<ul>\n<li style=\"list-style-type: none;\">\n<ul>\n<li><strong>Erh\u00f6hte St\u00e4rke:<\/strong> Geschwei\u00dfte T-Zylinder zeichnen sich durch ihre hohe Festigkeit aus und eignen sich daher f\u00fcr Anwendungen, bei denen schwere Lasten gehoben werden m\u00fcssen. Das bei der Herstellung dieser Zylinder verwendete Schwei\u00dfverfahren stellt sicher, dass der Zylinder keine Schwachstellen aufweist und hohem Druck und hoher Belastung standh\u00e4lt.<\/li>\n<\/ul>\n<\/li>\n<\/ul>\n<p>Wenn Druck auf den Zylinder ausge\u00fcbt wird, verteilt sich dieser gleichm\u00e4\u00dfig \u00fcber die gesamte Oberfl\u00e4che und macht ihn so verformungsbest\u00e4ndig. Diese Eigenschaft stellt sicher, dass der Zylinder auch unter extremen Bedingungen seine Form und strukturelle Integrit\u00e4t beh\u00e4lt.<\/p>\n<ul>\n<li style=\"list-style-type: none;\">\n<ul>\n<li><strong>Leckageschutz:<\/strong> Geschwei\u00dfte T-Flaschen verhindern Leckagen. Das Schwei\u00dfverfahren bei der Herstellung gew\u00e4hrleistet die vollst\u00e4ndige Abdichtung des Zylinders und verhindert m\u00f6gliche Leckagen. Dadurch eignen sie sich f\u00fcr Anwendungen, bei denen Leckagen schwere Sch\u00e4den oder Verletzungen verursachen k\u00f6nnen.<\/li>\n<\/ul>\n<\/li>\n<\/ul>\n<p>Die Schwei\u00dfverbindungen sind glatt und weisen keine Spalten oder Rillen auf, in denen sich Ablagerungen oder Schmutz ansammeln k\u00f6nnen. Dadurch wird das Risiko von Korrosion und Besch\u00e4digung des Zylinders verringert.<\/p>\n<ul>\n<li style=\"list-style-type: none;\">\n<ul>\n<li><strong>Anpassbar:<\/strong> Geschwei\u00dfte T-Zylinder k\u00f6nnen an spezifische Anwendungen angepasst werden. Die Zylinder sind in verschiedenen Gr\u00f6\u00dfen und Formen erh\u00e4ltlich und k\u00f6nnen so gefertigt werden, dass sie den spezifischen Anforderungen der Anwendung entsprechen.<\/li>\n<\/ul>\n<\/li>\n<\/ul>\n<p>Durch die individuelle Anpassung kann die Leistung des Zylinders optimiert und sichergestellt werden, dass er f\u00fcr die vorgesehene Anwendung geeignet ist. Dadurch eignen sich geschwei\u00dfte T-Zylinder ideal f\u00fcr den Einsatz in verschiedenen industriellen Anwendungen, darunter im Baugewerbe, im Bergbau und in der Materialhandhabung.<\/p>\n<ul>\n<li style=\"list-style-type: none;\">\n<ul>\n<li><strong>Kosteng\u00fcnstig:<\/strong> Geschwei\u00dfte T-Zylinder sind im Vergleich zu anderen Zylindertypen kosteng\u00fcnstig. Der Herstellungsprozess dieser Zylinder ist einfach und daher weniger kostspielig als bei anderen Zylindertypen.<\/li>\n<\/ul>\n<\/li>\n<\/ul>\n<p>Dar\u00fcber hinaus reduzieren die hohe Festigkeit und Langlebigkeit geschwei\u00dfter T-Zylinder den Bedarf an h\u00e4ufigen Reparaturen und Austauschvorg\u00e4ngen und senken so die Wartungskosten. Diese Eigenschaft macht sie zu einer beliebten Wahl f\u00fcr viele Branchen, insbesondere f\u00fcr diejenigen mit begrenztem Budget.<\/p>\n<ul>\n<li style=\"list-style-type: none;\">\n<ul>\n<li><strong>Erh\u00f6hte Effizienz:<\/strong> Geschwei\u00dfte T-Zylinder sind hocheffizient und effektiv. Die Konstruktion des Zylinders sorgt daf\u00fcr, dass die aufgebrachte Kraft direkt auf die Last \u00fcbertragen wird, wodurch Energieverluste reduziert und die Effizienz gesteigert werden.<\/li>\n<\/ul>\n<\/li>\n<\/ul>\n<p>Die Schwei\u00dfverbindungen sind stark und steif, minimieren die Durchbiegung und gew\u00e4hrleisten, dass der Zylinder auch unter extremen Bedingungen seine Form und strukturelle Integrit\u00e4t beh\u00e4lt. Diese Eigenschaft macht geschwei\u00dfte T-Zylinder ideal f\u00fcr Anwendungen, die hohe Effizienz und Zuverl\u00e4ssigkeit erfordern.<\/p>\n<p><img loading=\"lazy\" decoding=\"async\" class=\"size-full wp-image-974 aligncenter\" src=\"https:\/\/fmp-components.com\/wp-content\/uploads\/2024\/12\/application-of-Welded-Tee-Type-Cylinder.webp\" alt=\"Anwendung von geschwei\u00dften T-Zylindern\" width=\"760\" height=\"860\" title=\"\" srcset=\"https:\/\/fmp-components.com\/wp-content\/uploads\/2024\/12\/application-of-Welded-Tee-Type-Cylinder.webp 760w, https:\/\/fmp-components.com\/wp-content\/uploads\/2024\/12\/application-of-Welded-Tee-Type-Cylinder-480x543.webp 480w\" sizes=\"(min-width: 0px) and (max-width: 480px) 480px, (min-width: 481px) 760px, 100vw\" \/><\/p>\n<h2>Anwendung von geschwei\u00dften T-Typ-Zylindern<\/h2>\n<ul>\n<li>\n<h3>Industrielle Maschinen und Anlagen<\/h3>\n<p>Geschwei\u00dfte T-Zylinder werden h\u00e4ufig in Industriemaschinen und -anlagen, insbesondere in Hydrauliksystemen, eingesetzt. Der Zylinder besteht aus einem Kolben und einem Zylinderrohr, die zu einer Einheit verschwei\u00dft sind. Diese Konstruktion bietet gegen\u00fcber anderen Zylindertypen mehrere Vorteile, wie z. B. verbesserte Haltbarkeit, h\u00f6here Festigkeit und h\u00f6here Pr\u00e4zision.<\/p>\n<p>Eine der wichtigsten Anwendungen von geschwei\u00dften T-Zylindern in Industriemaschinen ist ihre F\u00e4higkeit, eine konstante und pr\u00e4zise Kraft zu liefern. Dies ist f\u00fcr viele Fertigungsprozesse unerl\u00e4sslich, bei denen eine pr\u00e4zise Steuerung erforderlich ist, um die Qualit\u00e4t des Endprodukts sicherzustellen. Geschwei\u00dfte T-Zylinder k\u00f6nnen auch zur Regulierung des Fl\u00fcssigkeitsflusses in Hydrauliksystemen eingesetzt werden und sorgen so f\u00fcr mehr Effizienz und Zuverl\u00e4ssigkeit in einer Vielzahl von Industrieanwendungen.<\/li>\n<li>\n<h3>Landwirtschaftliche Ger\u00e4te<\/h3>\n<p>Geschwei\u00dfte T-Zylinder werden auch h\u00e4ufig in landwirtschaftlichen Ger\u00e4ten wie Traktoren und Erntemaschinen eingesetzt. Diese Maschinen ben\u00f6tigen leistungsstarke und zuverl\u00e4ssige Hydrauliksysteme, um effektiv zu funktionieren. Geschwei\u00dfte T-Zylinder sind hierf\u00fcr die ideale Wahl.<\/p>\n<p>Die robuste Konstruktion und hohe Festigkeit des Zylinders machen ihn selbst unter rauen Betriebsbedingungen \u00e4u\u00dferst verschlei\u00dffest. Dies macht ihn zur idealen Wahl f\u00fcr den Einsatz in landwirtschaftlichen Ger\u00e4ten, bei denen Langlebigkeit ein entscheidender Faktor ist. Geschwei\u00dfte T-Zylinder erm\u00f6glichen auch die pr\u00e4zise Steuerung vieler landwirtschaftlicher Prozesse wie Pflanzung, Ernte und Bew\u00e4sserung.<\/li>\n<li>\n<h3>Baumaschinen<\/h3>\n<p>Geschwei\u00dfte T-Zylinder werden auch h\u00e4ufig in Baumaschinen wie Baggern, Baggerladern und Bulldozern eingesetzt. Diese Maschinen ben\u00f6tigen leistungsstarke und zuverl\u00e4ssige Hydrauliksysteme, um schwere Aufgaben wie Graben, Heben und Schieben schwerer Lasten zu erf\u00fcllen.<\/p>\n<p>Die hohe Festigkeit und Langlebigkeit des geschwei\u00dften T-Zylinders machen ihn zur idealen Wahl f\u00fcr den Einsatz in Baumaschinen. Seine F\u00e4higkeit, pr\u00e4zise Steuerung und konstante Kraft zu gew\u00e4hrleisten, ist f\u00fcr viele Bauprozesse wie Aushub, Planierung und Stra\u00dfenbau unerl\u00e4sslich. Geschwei\u00dfte T-Zylinder k\u00f6nnen auch zur Regulierung des Fl\u00fcssigkeitsflusses in Hydrauliksystemen eingesetzt werden und verbessern so die Effizienz und Zuverl\u00e4ssigkeit von Baumaschinen in einer Vielzahl von Anwendungen.<\/li>\n<\/ul>\n<h3>\u00dcber FMP<\/h3>\n<p>FMP ist seit \u00fcber 30 Jahren ein Branchenf\u00fchrer in der Herstellung und Anpassung verschiedener Arten von Hydraulikzylindern. Unser Industriegebiet befindet sich in Italien und wir verf\u00fcgen \u00fcber eine breite Palette an Ger\u00e4ten, darunter automatische Schutzgasschwei\u00dfmaschinen, Tieflochbohrmaschinen, CNC-Drehmaschinen, Rundschleifmaschinen, automatische Reinigungsmaschinen, automatische Installationsmaschinen, automatische Leistungspr\u00fcfst\u00e4nde f\u00fcr Hydraulikzylinder, automatische Lackierstra\u00dfen und vieles mehr.<\/p>\n<p><img decoding=\"async\" class=\"aligncenter\" src=\"https:\/\/fmp-components.com\/wp-content\/uploads\/2024\/12\/fmp-factory-4.webp\" alt=\"FMP-Fabrik\" width=\"800\" title=\"\"><\/p>\n<p>Wir sind stolz auf unsere strengen Verarbeitungs- und Pr\u00fcfverfahren f\u00fcr jeden Hydraulikzylinder und gew\u00e4hrleisten so eine hervorragende Qualit\u00e4t f\u00fcr unsere Kunden. Hier sind f\u00fcnf Punkte, die die Vorteile unserer Produkte und unseres Unternehmens hervorheben:<\/p>\n<ol>\n<li style=\"list-style-type: none;\">\n<ol>\n<li>Design-Service:<\/li>\n<\/ol>\n<\/li>\n<\/ol>\n<p>Unser erfahrenes Designteam unterst\u00fctzt Sie gerne bei der Produktentwicklung und -entwicklung von Gelenkwellen. Ob Sie neue Produkte oder Verbesserungen ben\u00f6tigen, wir unterst\u00fctzen Sie gerne.<\/p>\n<ol>\n<li style=\"list-style-type: none;\">\n<ol>\n<li>Produktservice:<\/li>\n<\/ol>\n<\/li>\n<\/ol>\n<p>Von den Rohstoffen \u00fcber das Schneiden, die Grobverarbeitung, das Testen, Reinigen, Zusammenbauen, Verpacken und Transportieren folgen wir einem umfassenden Prozess, um qualitativ hochwertige Produkte zu liefern.<\/p>\n<ol>\n<li style=\"list-style-type: none;\">\n<ol>\n<li>Beispielprozess:<\/li>\n<\/ol>\n<\/li>\n<\/ol>\n<p>Wir wissen, wie wichtig Muster f\u00fcr die Erf\u00fcllung Ihrer spezifischen Anforderungen sind. Wir entwickeln Muster nach Ihren Bed\u00fcrfnissen und modifizieren diese kontinuierlich, bis sie Ihren Erwartungen entsprechen.<\/p>\n<ol>\n<li style=\"list-style-type: none;\">\n<ol>\n<li>Forschung und Entwicklung:<\/li>\n<\/ol>\n<\/li>\n<\/ol>\n<p>Wir bleiben dem Markt stets einen Schritt voraus, indem wir neue Marktbed\u00fcrfnisse analysieren und neue Modelle entwickeln. So stellen wir sicher, dass unsere Produkte den neuesten Branchentrends und Kundenanforderungen entsprechen.<\/p>\n<ol>\n<li style=\"list-style-type: none;\">\n<ol>\n<li>Anpassung:<\/li>\n<\/ol>\n<\/li>\n<\/ol>\n<p>Bei FMP sind wir auf die Anpassung von Hydraulikzylindern an Ihre individuellen Anforderungen spezialisiert. Ob Sie spezifische Abmessungen, Funktionen oder Leistungsanforderungen haben, wir liefern Ihnen ma\u00dfgeschneiderte L\u00f6sungen.<\/p>\n<p>Entscheiden Sie sich f\u00fcr FMP und profitieren Sie von hochwertigen Hydraulikzylindern, die genau auf Ihre Bed\u00fcrfnisse zugeschnitten sind. Kontaktieren Sie uns noch heute, um Ihre Anforderungen zu besprechen und unsere au\u00dfergew\u00f6hnlichen Produkte und Dienstleistungen kennenzulernen.<\/p>\n<p>Autor: CX<\/p>","protected":false},"excerpt":{"rendered":"<p>The 10014 Cost Effective Customized Mini Hydraulic Cylinder is designed to provide reliable performance in a compact package, making it an ideal solution for a variety of applications. Engineered for efficiency and versatility, this hydraulic ram cylinder is perfect for industries that require dependable hydraulic solutions without breaking the bank. Key Features: Cost-Effective Design: This [&hellip;]<\/p>","protected":false},"featured_media":1133,"comment_status":"closed","ping_status":"closed","template":"","meta":{"_et_pb_use_builder":"","_et_pb_old_content":"","_et_gb_content_width":""},"product_brand":[],"product_cat":[31],"product_tag":[34,35],"class_list":{"0":"post-934","1":"product","2":"type-product","3":"status-publish","4":"has-post-thumbnail","6":"product_cat-welded-tee-type-cylinder","7":"product_tag-hydraulic-cylinder","8":"product_tag-welded-tee-type-cylinder","10":"first","11":"instock","12":"product-type-simple"},"_links":{"self":[{"href":"https:\/\/fmp-components.com\/de\/wp-json\/wp\/v2\/product\/934","targetHints":{"allow":["GET"]}}],"collection":[{"href":"https:\/\/fmp-components.com\/de\/wp-json\/wp\/v2\/product"}],"about":[{"href":"https:\/\/fmp-components.com\/de\/wp-json\/wp\/v2\/types\/product"}],"replies":[{"embeddable":true,"href":"https:\/\/fmp-components.com\/de\/wp-json\/wp\/v2\/comments?post=934"}],"wp:featuredmedia":[{"embeddable":true,"href":"https:\/\/fmp-components.com\/de\/wp-json\/wp\/v2\/media\/1133"}],"wp:attachment":[{"href":"https:\/\/fmp-components.com\/de\/wp-json\/wp\/v2\/media?parent=934"}],"wp:term":[{"taxonomy":"product_brand","embeddable":true,"href":"https:\/\/fmp-components.com\/de\/wp-json\/wp\/v2\/product_brand?post=934"},{"taxonomy":"product_cat","embeddable":true,"href":"https:\/\/fmp-components.com\/de\/wp-json\/wp\/v2\/product_cat?post=934"},{"taxonomy":"product_tag","embeddable":true,"href":"https:\/\/fmp-components.com\/de\/wp-json\/wp\/v2\/product_tag?post=934"}],"curies":[{"name":"wp","href":"https:\/\/api.w.org\/{rel}","templated":true}]}}