{"id":933,"date":"2024-12-19T03:39:00","date_gmt":"2024-12-19T03:39:00","guid":{"rendered":"https:\/\/fmp-components.com\/product\/10013-customized-small-double-acting-hydraulic-cylinder-trailer-hydraulic-cylinder-for-sale\/"},"modified":"2024-12-19T09:04:40","modified_gmt":"2024-12-19T09:04:40","slug":"10013-customized-small-double-acting-hydraulic-cylinder-trailer-hydraulic-cylinder-for-sale","status":"publish","type":"product","link":"https:\/\/fmp-components.com\/de\/product\/10013-customized-small-double-acting-hydraulic-cylinder-trailer-hydraulic-cylinder-for-sale\/","title":{"rendered":"10013 Kundenspezifischer kleiner doppeltwirkender Hydraulikzylinder-Anh\u00e4nger-Hydraulikzylinder zum Verkauf"},"content":{"rendered":"<h3>Funktion und Bedeutung<\/h3>\n<p>Der doppeltwirkende Hydraulikzylinder ist ein wesentlicher Bestandteil von Hydrauliksystemen und spielt eine entscheidende Rolle bei der Umwandlung von hydraulischer in mechanische Energie. Diese Umwandlung ist unerl\u00e4sslich f\u00fcr den Betrieb verschiedener Industriemaschinen und mobiler Ger\u00e4te und erm\u00f6glicht es ihnen, ein breites Aufgabenspektrum pr\u00e4zise und kraftvoll auszuf\u00fchren. Durch die Erm\u00f6glichung kontrollierter Bewegungen in beide Richtungen erh\u00f6ht die doppeltwirkende Bauweise die Vielseitigkeit und Effizienz und macht sie unverzichtbar in Anwendungen wie Bauwesen, Fertigung und Transport. Seine F\u00e4higkeit, sowohl beim Aus- als auch beim Einfahren Kraft zu erzeugen, erm\u00f6glicht dynamischere Arbeitsg\u00e4nge und steigert so Produktivit\u00e4t und Effektivit\u00e4t in anspruchsvollen Umgebungen.<\/p>\n<p><img loading=\"lazy\" decoding=\"async\" class=\"size-full wp-image-975 aligncenter\" src=\"https:\/\/fmp-components.com\/wp-content\/uploads\/2024\/12\/Welded-Tee-Type-Cylinder1.webp\" alt=\"Geschwei\u00dfter T-Typ-Zylinder\" width=\"759\" height=\"761\" title=\"\" srcset=\"https:\/\/fmp-components.com\/wp-content\/uploads\/2024\/12\/Welded-Tee-Type-Cylinder1.webp 759w, https:\/\/fmp-components.com\/wp-content\/uploads\/2024\/12\/Welded-Tee-Type-Cylinder1-480x481.webp 480w\" sizes=\"(min-width: 0px) and (max-width: 480px) 480px, (min-width: 481px) 759px, 100vw\" \/><\/p>\n<h3>Einzigartige Funktionen und Vorteile<\/h3>\n<ul>\n<li><strong>Energieeinsparung:<\/strong><br \/>\nDie Konstruktion des doppeltwirkenden Hydraulikzylinders optimiert den Energieverbrauch und senkt die Betriebskosten bei gleichbleibend hoher Leistung. Durch den effizienten Einsatz von Hydraulikfl\u00fcssigkeit werden Verschwendung minimiert und die Nachhaltigkeit erh\u00f6ht.<\/li>\n<li><strong>Hohe Effizienz:<\/strong><br \/>\nDieser f\u00fcr h\u00f6chste Leistung entwickelte Hydraulikzylinder gew\u00e4hrleistet einen schnellen und effektiven Betrieb. Dank seiner F\u00e4higkeit, in beide Richtungen eine konstante Kraft zu liefern, eignet er sich ideal f\u00fcr eine Vielzahl von Anwendungen, von schweren Maschinen bis hin zu automatisierten Systemen.<\/li>\n<li><strong>Sicher und zuverl\u00e4ssig:<\/strong><br \/>\nSicherheit hat bei der Konstruktion und dem Betrieb des doppeltwirkenden Hydraulikzylinders h\u00f6chste Priorit\u00e4t. Er verf\u00fcgt \u00fcber integrierte Sicherheitsfunktionen, die Leckagen und Ausf\u00e4lle verhindern und so eine zuverl\u00e4ssige Funktion auch unter Hochdruckbedingungen gew\u00e4hrleisten. Diese Zuverl\u00e4ssigkeit ist in Umgebungen, in denen Sicherheit oberste Priorit\u00e4t hat, von entscheidender Bedeutung.<\/li>\n<\/ul>\n<p><img loading=\"lazy\" decoding=\"async\" class=\"size-full wp-image-976 aligncenter\" src=\"https:\/\/fmp-components.com\/wp-content\/uploads\/2024\/12\/Welded-Tee-Type-Cylinder2.webp\" alt=\"Geschwei\u00dfter T-Typ-Zylinder\" width=\"764\" height=\"675\" title=\"\" srcset=\"https:\/\/fmp-components.com\/wp-content\/uploads\/2024\/12\/Welded-Tee-Type-Cylinder2.webp 764w, https:\/\/fmp-components.com\/wp-content\/uploads\/2024\/12\/Welded-Tee-Type-Cylinder2-480x424.webp 480w\" sizes=\"(min-width: 0px) and (max-width: 480px) 480px, (min-width: 481px) 764px, 100vw\" \/><\/p>\n<h3>Hydrauliksystem und Funktionsprinzip<\/h3>\n<p>Das Hydrauliksystem dieses Zylinders arbeitet nach den Prinzipien der Str\u00f6mungsmechanik und nutzt unter Druck stehende Hydraulikfl\u00fcssigkeit zur Bewegungserzeugung. Beim Einleiten der Hydraulikfl\u00fcssigkeit in den Zylinder \u00fcbt diese Druck auf den Kolben aus und erzeugt so eine Kraft. Diese Kraft treibt den Kolben in beide Richtungen an und erm\u00f6glicht so das Aus- und Einfahren.<\/p>\n<p>In der Praxis erm\u00f6glicht dieser Mechanismus die pr\u00e4zise Steuerung von Maschinen und Anlagen. So erm\u00f6glicht beispielsweise der doppeltwirkende Hydraulikzylinder bei Baumaschinen das sanfte Heben und Senken von Lasten und steigert dadurch die Betriebseffizienz. Dar\u00fcber hinaus macht ihn seine F\u00e4higkeit, unter verschiedenen Dr\u00fccken und Bedingungen zu arbeiten, f\u00fcr ein breites Spektrum industrieller Anwendungen geeignet \u2013 von der Fertigung bis zum Transportwesen \u2013 und unterstreicht damit seine Bedeutung in modernen Hydrauliksystemen.<\/p>\n<p><img decoding=\"async\" class=\"aligncenter\" src=\"https:\/\/hzpt.com\/wp-content\/uploads\/2023\/12\/random-3.webp\" alt=\"\" title=\"\"><\/p>\n<h2>Vorteile des geschwei\u00dften T-Typ-Zylinders<\/h2>\n<ul>\n<li style=\"list-style-type: none;\">\n<ul>\n<li><strong>Erh\u00f6hte St\u00e4rke:<\/strong> Geschwei\u00dfte T-Zylinder zeichnen sich durch ihre hohe Festigkeit aus und eignen sich daher f\u00fcr Anwendungen, bei denen schwere Lasten gehoben werden m\u00fcssen. Das bei der Herstellung dieser Zylinder verwendete Schwei\u00dfverfahren stellt sicher, dass der Zylinder keine Schwachstellen aufweist und hohem Druck und hoher Belastung standh\u00e4lt.<\/li>\n<\/ul>\n<\/li>\n<\/ul>\n<p>Wenn Druck auf den Zylinder ausge\u00fcbt wird, verteilt sich dieser gleichm\u00e4\u00dfig \u00fcber die gesamte Oberfl\u00e4che und macht ihn so verformungsbest\u00e4ndig. Diese Eigenschaft stellt sicher, dass der Zylinder auch unter extremen Bedingungen seine Form und strukturelle Integrit\u00e4t beh\u00e4lt.<\/p>\n<ul>\n<li style=\"list-style-type: none;\">\n<ul>\n<li><strong>Leckageschutz:<\/strong> Geschwei\u00dfte T-Flaschen verhindern Leckagen. Das Schwei\u00dfverfahren bei der Herstellung gew\u00e4hrleistet die vollst\u00e4ndige Abdichtung des Zylinders und verhindert m\u00f6gliche Leckagen. Dadurch eignen sie sich f\u00fcr Anwendungen, bei denen Leckagen schwere Sch\u00e4den oder Verletzungen verursachen k\u00f6nnen.<\/li>\n<\/ul>\n<\/li>\n<\/ul>\n<p>Die Schwei\u00dfverbindungen sind glatt und weisen keine Spalten oder Rillen auf, in denen sich Ablagerungen oder Schmutz ansammeln k\u00f6nnen. Dadurch wird das Risiko von Korrosion und Besch\u00e4digung des Zylinders verringert.<\/p>\n<ul>\n<li style=\"list-style-type: none;\">\n<ul>\n<li><strong>Anpassbar:<\/strong> Geschwei\u00dfte T-Zylinder k\u00f6nnen an spezifische Anwendungen angepasst werden. Die Zylinder sind in verschiedenen Gr\u00f6\u00dfen und Formen erh\u00e4ltlich und k\u00f6nnen so gefertigt werden, dass sie den spezifischen Anforderungen der Anwendung entsprechen.<\/li>\n<\/ul>\n<\/li>\n<\/ul>\n<p>Durch die individuelle Anpassung kann die Leistung des Zylinders optimiert und sichergestellt werden, dass er f\u00fcr die vorgesehene Anwendung geeignet ist. Dadurch eignen sich geschwei\u00dfte T-Zylinder ideal f\u00fcr den Einsatz in verschiedenen industriellen Anwendungen, darunter im Baugewerbe, im Bergbau und in der Materialhandhabung.<\/p>\n<ul>\n<li style=\"list-style-type: none;\">\n<ul>\n<li><strong>Kosteng\u00fcnstig:<\/strong> Geschwei\u00dfte T-Zylinder sind im Vergleich zu anderen Zylindertypen kosteng\u00fcnstig. Der Herstellungsprozess dieser Zylinder ist einfach und daher weniger kostspielig als bei anderen Zylindertypen.<\/li>\n<\/ul>\n<\/li>\n<\/ul>\n<p>Dar\u00fcber hinaus reduzieren die hohe Festigkeit und Langlebigkeit geschwei\u00dfter T-Zylinder den Bedarf an h\u00e4ufigen Reparaturen und Austauschvorg\u00e4ngen und senken so die Wartungskosten. Diese Eigenschaft macht sie zu einer beliebten Wahl f\u00fcr viele Branchen, insbesondere f\u00fcr diejenigen mit begrenztem Budget.<\/p>\n<ul>\n<li style=\"list-style-type: none;\">\n<ul>\n<li><strong>Erh\u00f6hte Effizienz:<\/strong> Geschwei\u00dfte T-Zylinder sind hocheffizient und effektiv. Die Konstruktion des Zylinders sorgt daf\u00fcr, dass die aufgebrachte Kraft direkt auf die Last \u00fcbertragen wird, wodurch Energieverluste reduziert und die Effizienz gesteigert werden.<\/li>\n<\/ul>\n<\/li>\n<\/ul>\n<p>Die Schwei\u00dfverbindungen sind stark und steif, minimieren die Durchbiegung und gew\u00e4hrleisten, dass der Zylinder auch unter extremen Bedingungen seine Form und strukturelle Integrit\u00e4t beh\u00e4lt. Diese Eigenschaft macht geschwei\u00dfte T-Zylinder ideal f\u00fcr Anwendungen, die hohe Effizienz und Zuverl\u00e4ssigkeit erfordern.<\/p>\n<p><img loading=\"lazy\" decoding=\"async\" class=\"size-full wp-image-977 aligncenter\" src=\"https:\/\/fmp-components.com\/wp-content\/uploads\/2024\/12\/Welded-Tee-Type-Cylinder3.webp\" alt=\"Geschwei\u00dfter T-Typ-Zylinder\" width=\"653\" height=\"600\" title=\"\" srcset=\"https:\/\/fmp-components.com\/wp-content\/uploads\/2024\/12\/Welded-Tee-Type-Cylinder3.webp 653w, https:\/\/fmp-components.com\/wp-content\/uploads\/2024\/12\/Welded-Tee-Type-Cylinder3-480x441.webp 480w\" sizes=\"(min-width: 0px) and (max-width: 480px) 480px, (min-width: 481px) 653px, 100vw\" \/><\/p>\n<h2>Anwendung von geschwei\u00dften T-Typ-Zylindern<\/h2>\n<h3>Einf\u00fchrung<\/h3>\n<p>Geschwei\u00dfte T-St\u00fcck-Zylinder sind Hydraulikzylinder, die h\u00e4ufig in industriellen Anwendungen eingesetzt werden. Sie bieten hohe Kraftleistung in einem kompakten und kosteng\u00fcnstigen Geh\u00e4use. Dieser Zylindertyp besteht aus einem geschwei\u00dften T-St\u00fcck und einer daran befestigten Kolbenstange. Das T-St\u00fcck ist mit dem Zylinderrohr verbunden und enth\u00e4lt einen Kolben, der sich im Zylinderrohr hin und her bewegt, um Kraft zu erzeugen.<\/p>\n<h3>Vorteile des geschwei\u00dften T-Typ-Zylinders<\/h3>\n<p>Die Verwendung eines geschwei\u00dften T-Zylinders in industriellen Anwendungen bietet mehrere Vorteile:<\/p>\n<ul>\n<li><b>Kompaktes Design:<\/b> Geschwei\u00dfte T-Zylinder sind kompakt konstruiert und daher ideal f\u00fcr den Einsatz in Anwendungen mit begrenztem Platzangebot.<\/li>\n<li><b>Hohe Effizienz:<\/b> Geschwei\u00dfte T-Zylinder sind hocheffizient, das hei\u00dft, sie k\u00f6nnen mit minimalem Energieeinsatz eine gro\u00dfe Kraft erzeugen.<\/li>\n<li><b>Dauerhaft:<\/b> Geschwei\u00dfte T-Zylinder sind auf hohe Haltbarkeit ausgelegt, das hei\u00dft, sie halten rauen Betriebsbedingungen stand und sind sehr langlebig.<\/li>\n<li><b>Kosteng\u00fcnstig:<\/b> Geschwei\u00dfte T-Zylinder sind kosteng\u00fcnstig und bieten daher ein gutes Preis-Leistungs-Verh\u00e4ltnis.<\/li>\n<\/ul>\n<h3>Anwendungen von geschwei\u00dften T-Zylindern<\/h3>\n<p>Es gibt viele Anwendungen f\u00fcr geschwei\u00dfte T-Zylinder in verschiedenen Branchen, darunter:<\/p>\n<ul>\n<li><b>Herstellung:<\/b> Geschwei\u00dfte T-Zylinder werden in der Fertigung zum Betreiben von Maschinen, zum Bewegen schwerer Lasten und zum Formen von Metallteilen verwendet.<\/li>\n<li><b>Landwirtschaft:<\/b> Geschwei\u00dfte T-Zylinder werden in der Landwirtschaft zum Betreiben von Hydrauliksystemen an Traktoren, Erntemaschinen und anderen landwirtschaftlichen Ger\u00e4ten verwendet.<\/li>\n<li><b>Konstruktion:<\/b> Geschwei\u00dfte T-Zylinder werden im Bauwesen zum Betreiben von Maschinen wie Kr\u00e4nen, Baggern und L\u00f6ffelbaggern verwendet.<\/li>\n<li><b>Bergbau:<\/b> Geschwei\u00dfte T-Zylinder werden im Bergbau zum Betreiben von Hydrauliksystemen an schweren Ger\u00e4ten wie Bulldozern, Ladern und Gesteinsbohrern verwendet.<\/li>\n<li><b>Transport:<\/b> Geschwei\u00dfte T-Zylinder werden im Transportwesen zum Betreiben von Hydrauliksystemen in Lastkraftwagen, Bussen und anderen Fahrzeugen verwendet.<\/li>\n<\/ul>\n<p>Zusammenfassend l\u00e4sst sich sagen, dass geschwei\u00dfte T-Zylinder eine wichtige Komponente in vielen industriellen Anwendungen sind. Sie sind kompakt, effizient, langlebig und kosteng\u00fcnstig und eignen sich daher ideal f\u00fcr ein breites Anwendungsspektrum. Ob Sie Maschinen in einer Produktionsanlage, landwirtschaftliche Ger\u00e4te auf einem Bauernhof oder schweres Ger\u00e4t in einem Bergwerk bedienen \u2013 geschwei\u00dfte T-Zylinder helfen Ihnen, Ihre Arbeit effizient und effektiv zu erledigen.<\/p>\n<h3>\u00dcber FMP<\/h3>\n<p>FMP ist ein f\u00fchrender Hersteller und Lieferant von Hydraulikzylindern und spezialisiert auf kundenspezifische L\u00f6sungen f\u00fcr die vielf\u00e4ltigen Bed\u00fcrfnisse unserer Kunden. Mit \u00fcber 30 Jahren Branchenerfahrung und Sitz in Italien hat sich unser Unternehmen eine starke Marktpr\u00e4senz erarbeitet. Wir legen Wert auf qualitativ hochwertige Produkte und exzellenten Kundenservice.<\/p>\n<p><img decoding=\"async\" src=\"https:\/\/fmp-components.com\/wp-content\/uploads\/2024\/12\/fmp-factory-4.webp\" alt=\"FMP-Fabrik\" width=\"800\" title=\"\"><\/p>\n<h4>1) Breites Spektrum an Ausr\u00fcstung<\/h4>\n<p>Bei FMP verf\u00fcgen wir \u00fcber mehr als 100 hochmoderne Anlagen, darunter automatische Schutzgasschwei\u00dfanlagen, Tieflochbohrmaschinen, CNC-Drehmaschinen, Rundschleifmaschinen, automatische Reinigungsmaschinen, automatische Montageanlagen, automatische Pr\u00fcfst\u00e4nde f\u00fcr Hydraulikzylinder und automatische Lackieranlagen. Dank dieser fortschrittlichen Maschinen gew\u00e4hrleisten wir Pr\u00e4zision und Effizienz im Produktionsprozess und somit Hydraulikzylinder von h\u00f6chster Qualit\u00e4t.<\/p>\n<h4>2) \u00dcberlegene Qualit\u00e4tskontrolle<\/h4>\n<p>Wir wissen, wie wichtig es ist, unseren Kunden zuverl\u00e4ssige und langlebige Produkte zu liefern. Jeder Hydraulikzylinder durchl\u00e4uft strenge Bearbeitungs- und Pr\u00fcfverfahren, um seine Qualit\u00e4t zu gew\u00e4hrleisten. Von der Konstruktion bis zur Produktion stellt unser Team sicher, dass jeder Aspekt des Fertigungsprozesses h\u00f6chsten Standards entspricht.<\/p>\n<h4>3) Umfassende Planungsleistungen<\/h4>\n<p>Unser erfahrenes Designteam entwickelt innovative L\u00f6sungen. Ob Sie neue Produkte oder Verbesserungen an bestehenden Produkten ben\u00f6tigen \u2013 wir unterst\u00fctzen Sie gerne. Wir arbeiten eng mit Ihnen zusammen, um Ihre spezifischen Anforderungen zu verstehen und ma\u00dfgeschneiderte Hydraulikzylinder zu liefern, die exakt auf Ihre Bed\u00fcrfnisse zugeschnitten sind.<\/p>\n<h4>4) Effizienter Produktservice<\/h4>\n<p>Unser Produktservice umfasst verschiedene Phasen, von der Rohmaterialauswahl \u00fcber Zuschnitt, Vorbearbeitung, Pr\u00fcfung, Reinigung, Montage und Verpackung bis hin zum Transport. Durch die sorgf\u00e4ltige Steuerung jedes einzelnen Schrittes stellen wir sicher, dass Sie Produkte von h\u00f6chster Qualit\u00e4t erhalten und diese termingerecht geliefert werden.<\/p>\n<h4>5) Kontinuierliche Forschung und Entwicklung<\/h4>\n<p>Da sich der Markt st\u00e4ndig weiterentwickelt, investieren wir aktiv in Forschung und Entwicklung, um den Branchentrends stets einen Schritt voraus zu sein. Durch die Analyse der Marktbed\u00fcrfnisse und die Nutzung von Innovationen entwickeln wir kontinuierlich neue Modelle, die den sich wandelnden Anforderungen unserer Kunden gerecht werden. Dieses Engagement in Forschung und Entwicklung stellt sicher, dass unsere Hydraulikzylinder technologisch f\u00fchrend bleiben.<\/p>\n<p>Entscheiden Sie sich f\u00fcr FMP, wenn Sie Hydraulikzylinder ben\u00f6tigen, und erleben Sie unser Engagement f\u00fcr Qualit\u00e4t, individuelle Anpassung und Kundenzufriedenheit. Kontaktieren Sie uns noch heute, um Ihre Anforderungen zu besprechen und herauszufinden, wie wir gemeinsam Ihre Bed\u00fcrfnisse an Hydraulikzylindern erf\u00fcllen k\u00f6nnen.<\/p>\n<p>Autor: CX<\/p>","protected":false},"excerpt":{"rendered":"<p>Function and Importance The Double Acting Hydraulic Cylinder is an essential component of hydraulic systems, serving a critical role in the conversion of hydraulic energy into mechanical energy. This conversion is vital for the operation of various industrial machinery and mobile equipment, enabling them to perform a wide range of tasks with precision and power. [&hellip;]<\/p>","protected":false},"featured_media":1132,"comment_status":"closed","ping_status":"closed","template":"","meta":{"_et_pb_use_builder":"","_et_pb_old_content":"","_et_gb_content_width":""},"product_brand":[],"product_cat":[31],"product_tag":[34,35],"class_list":{"0":"post-933","1":"product","2":"type-product","3":"status-publish","4":"has-post-thumbnail","6":"product_cat-welded-tee-type-cylinder","7":"product_tag-hydraulic-cylinder","8":"product_tag-welded-tee-type-cylinder","10":"first","11":"instock","12":"product-type-simple"},"_links":{"self":[{"href":"https:\/\/fmp-components.com\/de\/wp-json\/wp\/v2\/product\/933","targetHints":{"allow":["GET"]}}],"collection":[{"href":"https:\/\/fmp-components.com\/de\/wp-json\/wp\/v2\/product"}],"about":[{"href":"https:\/\/fmp-components.com\/de\/wp-json\/wp\/v2\/types\/product"}],"replies":[{"embeddable":true,"href":"https:\/\/fmp-components.com\/de\/wp-json\/wp\/v2\/comments?post=933"}],"wp:featuredmedia":[{"embeddable":true,"href":"https:\/\/fmp-components.com\/de\/wp-json\/wp\/v2\/media\/1132"}],"wp:attachment":[{"href":"https:\/\/fmp-components.com\/de\/wp-json\/wp\/v2\/media?parent=933"}],"wp:term":[{"taxonomy":"product_brand","embeddable":true,"href":"https:\/\/fmp-components.com\/de\/wp-json\/wp\/v2\/product_brand?post=933"},{"taxonomy":"product_cat","embeddable":true,"href":"https:\/\/fmp-components.com\/de\/wp-json\/wp\/v2\/product_cat?post=933"},{"taxonomy":"product_tag","embeddable":true,"href":"https:\/\/fmp-components.com\/de\/wp-json\/wp\/v2\/product_tag?post=933"}],"curies":[{"name":"wp","href":"https:\/\/api.w.org\/{rel}","templated":true}]}}