{"id":932,"date":"2024-12-19T03:39:00","date_gmt":"2024-12-19T03:39:00","guid":{"rendered":"https:\/\/fmp-components.com\/product\/10012-guaranteed-quality-trailer-hydraulic-ram-cylinder-double-acting-hydraulic-cylinder\/"},"modified":"2024-12-26T09:00:30","modified_gmt":"2024-12-26T09:00:30","slug":"10012-guaranteed-quality-trailer-hydraulic-ram-cylinder-double-acting-hydraulic-cylinder","status":"publish","type":"product","link":"https:\/\/fmp-components.com\/de\/product\/10012-guaranteed-quality-trailer-hydraulic-ram-cylinder-double-acting-hydraulic-cylinder\/","title":{"rendered":"10012 Garantierte Qualit\u00e4t Anh\u00e4nger Hydraulikzylinder Doppeltwirkender Hydraulikzylinder"},"content":{"rendered":"<p>Willkommen bei FMP! Wir bieten Ihnen den hochwertigen, doppeltwirkenden Hydraulikzylinder f\u00fcr Anh\u00e4nger \u2013 ein Spitzenprodukt, das die Effizienz Ihrer Hydrauliksysteme deutlich steigert. FMP wurde 2006 gegr\u00fcndet und ist mit Hauptsitz in Italy City ein Pionier der Hydraulikbranche.<\/p>\n<p>Dieser Hydraulikzylinder ist ein integraler Bestandteil von Hydrauliksystemen und spielt eine zentrale Rolle bei der Umwandlung von Fluidenergie in mechanische Energie. Er ist nicht nur ein Zylinder, sondern ein Hochleistungsbauteil, das die Gesamtfunktionalit\u00e4t und Effizienz Ihrer Systeme verbessert.<\/p>\n<p>Der Zylinder besticht durch beeindruckende Spezifikationen wie Gr\u00f6\u00dfe, Fassungsverm\u00f6gen und Belastbarkeit und ist somit eine zuverl\u00e4ssige Wahl f\u00fcr zahlreiche Anwendungen. Er ist energiesparend, hocheffizient und sicher.<\/p>\n<p>Ein Hydrauliksystem arbeitet nach dem Prinzip des Pascalschen Gesetzes. Der an einem Punkt angelegte Druck verteilt sich gleichm\u00e4\u00dfig im gesamten Fluid, wodurch das System mit minimalem Aufwand gro\u00dfe Kr\u00e4fte erzeugen kann. Unser doppeltwirkender Hydraulikzylinder mit Qualit\u00e4tsgarantie f\u00fcr Anh\u00e4nger optimiert diesen Prozess durch effiziente und zuverl\u00e4ssige Leistung.<\/p>\n<p><img loading=\"lazy\" decoding=\"async\" class=\"alignnone size-full wp-image-976\" src=\"https:\/\/fmp-components.com\/wp-content\/uploads\/2024\/12\/Welded-Tee-Type-Cylinder2.webp\" alt=\"Geschwei\u00dfter T-Typ-Zylinder\" width=\"764\" height=\"675\" title=\"\" srcset=\"https:\/\/fmp-components.com\/wp-content\/uploads\/2024\/12\/Welded-Tee-Type-Cylinder2.webp 764w, https:\/\/fmp-components.com\/wp-content\/uploads\/2024\/12\/Welded-Tee-Type-Cylinder2-480x424.webp 480w\" sizes=\"(min-width: 0px) and (max-width: 480px) 480px, (min-width: 481px) 764px, 100vw\" \/><\/p>\n<p>Von Baumaschinen bis hin zu Industrieanlagen \u2013 unsere Hydraulikzylinder finden in unterschiedlichsten Bereichen Anwendung. Sie sind die perfekte Wahl f\u00fcr Systeme, die eine hohe Leistung und pr\u00e4zise Steuerung erfordern.<\/p>\n<p>FMP ist ein f\u00fchrender Name auf dem italienischen Markt f\u00fcr Hydraulikzylinder. Mit einer Produktionskapazit\u00e4t von 200.000 Einheiten und \u00fcber 300 verschiedenen vollautomatischen CNC-Fertigungsanlagen bieten wir eine breite Produktpalette an, darunter hydraulische Kippzylinder, hydraulische Lenkzylinder und hydraulische Hubzylinder.<\/p>\n<p>Bei FMP legen wir Wert auf Qualit\u00e4t, faire Preise und exzellenten Service. Neben unserem Hauptprodukt bieten wir unter anderem auch Hydraulikzylinder f\u00fcr Hubarbeitsb\u00fchnen, Industriefahrzeuge, Drehbohranlagen, Autokrane, Baumaschinen, Gabelstapler, Muldenkipper und Umwelttechnik an. Gerne fertigen wir auch individuelle L\u00f6sungen nach Ihren Bed\u00fcrfnissen.<\/p>\n<p>Um mehr \u00fcber unsere Produkte zu erfahren oder bei Fragen besuchen Sie bitte unsere VR-Fabrik hier: <iframe loading=\"lazy\" id=\"FMP VR ????\" title=\"FMP VR ????\" src=\"https:\/\/v.holoworld.com.cn\/v\/virtualbuy.html?id=78a76263-47ab-485f-b978-0dafacfb4096\" width=\"800\" height=\"600\"><\/iframe><\/p>\n<h2>Vorteile des geschwei\u00dften T-Typ-Zylinders<\/h2>\n<ul>\n<li style=\"list-style-type: none;\">\n<ul>\n<li><strong>Erh\u00f6hte St\u00e4rke:<\/strong> Geschwei\u00dfte T-Zylinder zeichnen sich durch ihre hohe Festigkeit aus und eignen sich daher f\u00fcr Anwendungen, bei denen schwere Lasten gehoben werden m\u00fcssen. Das bei der Herstellung dieser Zylinder verwendete Schwei\u00dfverfahren stellt sicher, dass der Zylinder keine Schwachstellen aufweist und hohem Druck und hoher Belastung standh\u00e4lt.<\/li>\n<\/ul>\n<\/li>\n<\/ul>\n<p>Wenn Druck auf den Zylinder ausge\u00fcbt wird, verteilt sich dieser gleichm\u00e4\u00dfig \u00fcber die gesamte Oberfl\u00e4che und macht ihn so verformungsbest\u00e4ndig. Diese Eigenschaft stellt sicher, dass der Zylinder auch unter extremen Bedingungen seine Form und strukturelle Integrit\u00e4t beh\u00e4lt.<\/p>\n<ul>\n<li style=\"list-style-type: none;\">\n<ul>\n<li><strong>Leckageschutz:<\/strong> Geschwei\u00dfte T-Flaschen verhindern Leckagen. Das Schwei\u00dfverfahren bei der Herstellung gew\u00e4hrleistet die vollst\u00e4ndige Abdichtung des Zylinders und verhindert m\u00f6gliche Leckagen. Dadurch eignen sie sich f\u00fcr Anwendungen, bei denen Leckagen schwere Sch\u00e4den oder Verletzungen verursachen k\u00f6nnen.<\/li>\n<\/ul>\n<\/li>\n<\/ul>\n<p>Die Schwei\u00dfverbindungen sind glatt und weisen keine Spalten oder Rillen auf, in denen sich Ablagerungen oder Schmutz ansammeln k\u00f6nnen. Dadurch wird das Risiko von Korrosion und Besch\u00e4digung des Zylinders verringert.<\/p>\n<ul>\n<li style=\"list-style-type: none;\">\n<ul>\n<li><strong>Anpassbar:<\/strong> Geschwei\u00dfte T-Zylinder k\u00f6nnen an spezifische Anwendungen angepasst werden. Die Zylinder sind in verschiedenen Gr\u00f6\u00dfen und Formen erh\u00e4ltlich und k\u00f6nnen so gefertigt werden, dass sie den spezifischen Anforderungen der Anwendung entsprechen.<\/li>\n<\/ul>\n<\/li>\n<\/ul>\n<p>Durch die individuelle Anpassung kann die Leistung des Zylinders optimiert und sichergestellt werden, dass er f\u00fcr die vorgesehene Anwendung geeignet ist. Dadurch eignen sich geschwei\u00dfte T-Zylinder ideal f\u00fcr den Einsatz in verschiedenen industriellen Anwendungen, darunter im Baugewerbe, im Bergbau und in der Materialhandhabung.<\/p>\n<ul>\n<li style=\"list-style-type: none;\">\n<ul>\n<li><strong>Kosteng\u00fcnstig:<\/strong> Geschwei\u00dfte T-Zylinder sind im Vergleich zu anderen Zylindertypen kosteng\u00fcnstig. Der Herstellungsprozess dieser Zylinder ist einfach und daher weniger kostspielig als bei anderen Zylindertypen.<\/li>\n<\/ul>\n<\/li>\n<\/ul>\n<p>Dar\u00fcber hinaus reduzieren die hohe Festigkeit und Langlebigkeit geschwei\u00dfter T-Zylinder den Bedarf an h\u00e4ufigen Reparaturen und Austauschvorg\u00e4ngen und senken so die Wartungskosten. Diese Eigenschaft macht sie zu einer beliebten Wahl f\u00fcr viele Branchen, insbesondere f\u00fcr diejenigen mit begrenztem Budget.<\/p>\n<ul>\n<li style=\"list-style-type: none;\">\n<ul>\n<li><strong>Erh\u00f6hte Effizienz:<\/strong> Geschwei\u00dfte T-Zylinder sind hocheffizient und effektiv. Die Konstruktion des Zylinders sorgt daf\u00fcr, dass die aufgebrachte Kraft direkt auf die Last \u00fcbertragen wird, wodurch Energieverluste reduziert und die Effizienz gesteigert werden.<\/li>\n<\/ul>\n<\/li>\n<\/ul>\n<p>Die Schwei\u00dfverbindungen sind stark und steif, minimieren die Durchbiegung und gew\u00e4hrleisten, dass der Zylinder auch unter extremen Bedingungen seine Form und strukturelle Integrit\u00e4t beh\u00e4lt. Diese Eigenschaft macht geschwei\u00dfte T-Zylinder ideal f\u00fcr Anwendungen, die hohe Effizienz und Zuverl\u00e4ssigkeit erfordern.<\/p>\n<h2>Anwendung von geschwei\u00dften T-Typ-Zylindern<\/h2>\n<h3>Einf\u00fchrung<\/h3>\n<p>Geschwei\u00dfte T-St\u00fcck-Zylinder sind Hydraulikzylinder, die h\u00e4ufig in industriellen Anwendungen eingesetzt werden. Sie bieten hohe Kraftleistung in einem kompakten und kosteng\u00fcnstigen Geh\u00e4use. Dieser Zylindertyp besteht aus einem geschwei\u00dften T-St\u00fcck und einer daran befestigten Kolbenstange. Das T-St\u00fcck ist mit dem Zylinderrohr verbunden und enth\u00e4lt einen Kolben, der sich im Zylinderrohr hin und her bewegt, um Kraft zu erzeugen.<\/p>\n<h3>Vorteile des geschwei\u00dften T-Typ-Zylinders<\/h3>\n<p>Die Verwendung eines geschwei\u00dften T-Zylinders in industriellen Anwendungen bietet mehrere Vorteile:<\/p>\n<ul>\n<li><b>Kompaktes Design:<\/b> Geschwei\u00dfte T-Zylinder sind kompakt konstruiert und daher ideal f\u00fcr den Einsatz in Anwendungen mit begrenztem Platzangebot.<\/li>\n<li><b>Hohe Effizienz:<\/b> Geschwei\u00dfte T-Zylinder sind hocheffizient, das hei\u00dft, sie k\u00f6nnen mit minimalem Energieeinsatz eine gro\u00dfe Kraft erzeugen.<\/li>\n<li><b>Dauerhaft:<\/b> Geschwei\u00dfte T-Zylinder sind auf hohe Haltbarkeit ausgelegt, das hei\u00dft, sie halten rauen Betriebsbedingungen stand und sind sehr langlebig.<\/li>\n<li><b>Kosteng\u00fcnstig:<\/b> Geschwei\u00dfte T-Zylinder sind kosteng\u00fcnstig und bieten daher ein gutes Preis-Leistungs-Verh\u00e4ltnis.<\/li>\n<\/ul>\n<h3>Anwendungen von geschwei\u00dften T-Zylindern<\/h3>\n<p>Es gibt viele Anwendungen f\u00fcr geschwei\u00dfte T-Zylinder in verschiedenen Branchen, darunter:<\/p>\n<ul>\n<li><b>Herstellung:<\/b> Geschwei\u00dfte T-Zylinder werden in der Fertigung zum Betreiben von Maschinen, zum Bewegen schwerer Lasten und zum Formen von Metallteilen verwendet.<\/li>\n<li><b>Landwirtschaft:<\/b> Geschwei\u00dfte T-Zylinder werden in der Landwirtschaft zum Betreiben von Hydrauliksystemen an Traktoren, Erntemaschinen und anderen landwirtschaftlichen Ger\u00e4ten verwendet.<\/li>\n<li><b>Konstruktion:<\/b> Geschwei\u00dfte T-Zylinder werden im Bauwesen zum Betreiben von Maschinen wie Kr\u00e4nen, Baggern und L\u00f6ffelbaggern verwendet.<\/li>\n<li><b>Bergbau:<\/b> Geschwei\u00dfte T-Zylinder werden im Bergbau zum Betreiben von Hydrauliksystemen an schweren Ger\u00e4ten wie Bulldozern, Ladern und Gesteinsbohrern verwendet.<\/li>\n<li><b>Transport:<\/b> Geschwei\u00dfte T-Zylinder werden im Transportwesen zum Betreiben von Hydrauliksystemen in Lastkraftwagen, Bussen und anderen Fahrzeugen verwendet.<\/li>\n<\/ul>\n<p>Zusammenfassend l\u00e4sst sich sagen, dass geschwei\u00dfte T-Zylinder eine wichtige Komponente in vielen industriellen Anwendungen sind. Sie sind kompakt, effizient, langlebig und kosteng\u00fcnstig und eignen sich daher ideal f\u00fcr ein breites Anwendungsspektrum. Ob Sie Maschinen in einer Produktionsanlage, landwirtschaftliche Ger\u00e4te auf einem Bauernhof oder schweres Ger\u00e4t in einem Bergwerk bedienen \u2013 geschwei\u00dfte T-Zylinder helfen Ihnen, Ihre Arbeit effizient und effektiv zu erledigen.<\/p>\n<h3>\u00dcber FMP<\/h3>\n<p>FMP, seit \u00fcber 30 Jahren in Italien ans\u00e4ssig, ist ein f\u00fchrender Hersteller und Lieferant von Hydraulikzylindern. Wir sind spezialisiert auf die Produktion und kundenspezifische Anpassung verschiedener Hydraulikzylindertypen, um den individuellen Bed\u00fcrfnissen unserer Kunden gerecht zu werden. Unser Engagement f\u00fcr Qualit\u00e4t und Kundenzufriedenheit hat uns zu einem vertrauensw\u00fcrdigen Namen in der Branche gemacht.<\/p>\n<p><img decoding=\"async\" src=\"https:\/\/fmp-components.com\/wp-content\/uploads\/2024\/12\/fmp-factory-4.webp\" alt=\"FMP-Fabrik\" width=\"800\" title=\"\"><\/p>\n<p>Hier sind f\u00fcnf Gr\u00fcnde, warum Sie FMP f\u00fcr all Ihre Hydraulikzylinderanforderungen w\u00e4hlen sollten:<\/p>\n<ol>\n<li style=\"list-style-type: none;\">\n<ol>\n<li>Breites Sortiment an Ausr\u00fcstung<\/li>\n<\/ol>\n<\/li>\n<\/ol>\n<p>Mit unseren hochmodernen Anlagen und mehr als 100 Ger\u00e4ten, darunter automatische Schutzgasschwei\u00dfmaschinen, Tieflochbohrmaschinen, CNC-Drehmaschinen, Rundschleifmaschinen, automatische Reinigungsmaschinen, automatische Montagemaschinen, automatische Hydraulikzylinder-Leistungspr\u00fcfst\u00e4nde und automatische Lackieranlagen, sind wir in der Lage, hochwertige Hydraulikzylinder f\u00fcr verschiedene Anwendungen herzustellen.<\/p>\n<ol>\n<li style=\"list-style-type: none;\">\n<ol>\n<li>Strenge Qualit\u00e4tskontrolle<\/li>\n<\/ol>\n<\/li>\n<\/ol>\n<p>Jeder Hydraulikzylinder durchl\u00e4uft eine sorgf\u00e4ltige Bearbeitung und Pr\u00fcfung, um h\u00f6chste Qualit\u00e4t zu gew\u00e4hrleisten. Wir haben in jeder Produktionsphase strenge Qualit\u00e4tskontrollma\u00dfnahmen implementiert, um die h\u00f6chsten Industriestandards zu erf\u00fcllen. Unser Qualit\u00e4tsversprechen garantiert unseren Kunden zuverl\u00e4ssige Leistung und Langlebigkeit.<\/p>\n<ol>\n<li style=\"list-style-type: none;\">\n<ol>\n<li>Design-Service<\/li>\n<\/ol>\n<\/li>\n<\/ol>\n<p>Unser erfahrenes Designteam unterst\u00fctzt Sie bei der Produktentwicklung. Ob Sie ein neues Produkt ben\u00f6tigen oder bestehende Produkte verbessern m\u00f6chten \u2013 wir sind f\u00fcr Sie da. Wir verf\u00fcgen \u00fcber das Know-how, Ihre Ideen in innovative und effiziente Hydraulikzylinderl\u00f6sungen umzusetzen.<\/p>\n<ol>\n<li style=\"list-style-type: none;\">\n<ol>\n<li>Effizienter Produktionsprozess<\/li>\n<\/ol>\n<\/li>\n<\/ol>\n<p>Von der Rohstoffbeschaffung \u00fcber die Verpackung bis hin zum Transport gew\u00e4hrleistet unser optimierter Produktionsprozess die termingerechte Lieferung unserer Produkte ohne Qualit\u00e4tseinbu\u00dfen. Wir halten uns in jeder Phase an strenge Qualit\u00e4tskontrollma\u00dfnahmen, um die Konsistenz und Effizienz unserer Fertigungsprozesse sicherzustellen.<\/p>\n<ol>\n<li style=\"list-style-type: none;\">\n<ol>\n<li>Laufende Forschung und Entwicklung<\/li>\n<\/ol>\n<\/li>\n<\/ol>\n<p>Bei FMP halten wir uns stets \u00fcber die neuesten Markttrends und -anforderungen auf dem Laufenden. Unser engagiertes Forschungs- und Entwicklungsteam erforscht neue Technologien und Designs, um innovative Hydraulikzylindermodelle zu entwickeln. Dank dieses Innovationsanspruchs k\u00f6nnen wir unseren Kunden zukunftsweisende L\u00f6sungen anbieten, die den sich wandelnden Bed\u00fcrfnissen des Marktes gerecht werden.<\/p>\n<p>Mit unserem umfassenden Sortiment an Hydraulikzylindern, unserem Qualit\u00e4tsanspruch und unserer kundenorientierten Arbeitsweise ist FMP Ihr zuverl\u00e4ssiger Partner f\u00fcr alle Ihre Hydraulikzylinder-Anforderungen. Kontaktieren Sie uns noch heute, um Ihre Anforderungen zu besprechen und die herausragende Qualit\u00e4t der FMP-Produkte selbst zu erleben.<\/p>\n<p>Autor: CX<\/p>","protected":false},"excerpt":{"rendered":"<p>Welcome to FMP, where we offer you the Guaranteed Quality Trailer Hydraulic Ram Cylinder Double Acting Hydraulic Cylinder, a top-tier product that remarkably enhances the efficiency of your hydraulic systems. Established in 2006, FMP has been a pioneer in the hydraulics industry with its headquarters in Italy City. This hydraulic cylinder is an integral component [&hellip;]<\/p>","protected":false},"featured_media":1132,"comment_status":"closed","ping_status":"closed","template":"","meta":{"_et_pb_use_builder":"","_et_pb_old_content":"","_et_gb_content_width":""},"product_brand":[],"product_cat":[31],"product_tag":[34,35],"class_list":{"0":"post-932","1":"product","2":"type-product","3":"status-publish","4":"has-post-thumbnail","6":"product_cat-welded-tee-type-cylinder","7":"product_tag-hydraulic-cylinder","8":"product_tag-welded-tee-type-cylinder","10":"first","11":"instock","12":"product-type-simple"},"_links":{"self":[{"href":"https:\/\/fmp-components.com\/de\/wp-json\/wp\/v2\/product\/932","targetHints":{"allow":["GET"]}}],"collection":[{"href":"https:\/\/fmp-components.com\/de\/wp-json\/wp\/v2\/product"}],"about":[{"href":"https:\/\/fmp-components.com\/de\/wp-json\/wp\/v2\/types\/product"}],"replies":[{"embeddable":true,"href":"https:\/\/fmp-components.com\/de\/wp-json\/wp\/v2\/comments?post=932"}],"wp:featuredmedia":[{"embeddable":true,"href":"https:\/\/fmp-components.com\/de\/wp-json\/wp\/v2\/media\/1132"}],"wp:attachment":[{"href":"https:\/\/fmp-components.com\/de\/wp-json\/wp\/v2\/media?parent=932"}],"wp:term":[{"taxonomy":"product_brand","embeddable":true,"href":"https:\/\/fmp-components.com\/de\/wp-json\/wp\/v2\/product_brand?post=932"},{"taxonomy":"product_cat","embeddable":true,"href":"https:\/\/fmp-components.com\/de\/wp-json\/wp\/v2\/product_cat?post=932"},{"taxonomy":"product_tag","embeddable":true,"href":"https:\/\/fmp-components.com\/de\/wp-json\/wp\/v2\/product_tag?post=932"}],"curies":[{"name":"wp","href":"https:\/\/api.w.org\/{rel}","templated":true}]}}