{"id":930,"date":"2024-12-19T03:39:00","date_gmt":"2024-12-19T03:39:00","guid":{"rendered":"https:\/\/fmp-components.com\/product\/10010-industrial-double-acting-welded-hydraulic-cylinder-for-sale\/"},"modified":"2024-12-19T09:00:52","modified_gmt":"2024-12-19T09:00:52","slug":"10010-industrial-double-acting-welded-hydraulic-cylinder-for-sale","status":"publish","type":"product","link":"https:\/\/fmp-components.com\/de\/product\/10010-industrial-double-acting-welded-hydraulic-cylinder-for-sale\/","title":{"rendered":"10010 Industrieller doppeltwirkender geschwei\u00dfter Hydraulikzylinder zu verkaufen"},"content":{"rendered":"<p>Der doppeltwirkende geschwei\u00dfte Hydraulikzylinder 10010 ist eine Hochleistungsl\u00f6sung f\u00fcr anspruchsvolle Industrieanwendungen. Dieser Hydraulikzylinder wurde mit Blick auf Langlebigkeit und Effizienz entwickelt und eignet sich ideal f\u00fcr eine Vielzahl von Anwendungen, darunter Bauwesen, Fertigung und Schwermaschinenbau.<\/p>\n<h4>Hauptmerkmale:<\/h4>\n<ul>\n<li><strong>Doppeltwirkendes Design:<\/strong><br \/>\nDieser Hydraulikzylinder funktioniert sowohl beim Ausfahren als auch beim Einfahren effektiv und erm\u00f6glicht so vielseitige Anwendungen. Der doppeltwirkende Mechanismus sorgt f\u00fcr eine gleichm\u00e4\u00dfige und kontrollierte Bewegung und ist daher ideal f\u00fcr Aufgaben, die pr\u00e4zise Positionierung und Kraft erfordern.<\/li>\n<li><strong>Schwei\u00dfkonstruktion:<\/strong><br \/>\nDie geschwei\u00dfte Konstruktion verbessert die strukturelle Integrit\u00e4t des Zylinders und sorgt f\u00fcr au\u00dfergew\u00f6hnliche Festigkeit und Haltbarkeit. Diese robuste Konstruktion minimiert das Risiko von Leckagen und Ausf\u00e4llen und gew\u00e4hrleistet zuverl\u00e4ssige Leistung unter rauen Arbeitsbedingungen.<\/li>\n<li><strong>Hohe Tragf\u00e4higkeit:<\/strong><br \/>\nDer Hydraulikzylinder 10010 ist f\u00fcr hohe Lasten ausgelegt und kann enorme Kr\u00e4fte \u00fcbertragen. Dadurch eignet er sich f\u00fcr Schwerlastanwendungen. Seine hohe Tragf\u00e4higkeit gew\u00e4hrleistet, dass er die Anforderungen verschiedener industrieller Aufgaben erf\u00fcllt, ohne Kompromisse bei Sicherheit oder Leistung einzugehen.<\/li>\n<li><strong>Korrosionsbest\u00e4ndigkeit:<\/strong><br \/>\nDieser Hydraulikzylinder besteht aus hochwertigen Materialien und ist korrosions- und verschlei\u00dffest. Dadurch ist er auch in anspruchsvollen Umgebungen langlebig. Seine Langlebigkeit macht ihn zur idealen Wahl f\u00fcr Au\u00dfenanwendungen, bei denen die Witterungseinfl\u00fcsse eine Rolle spielen.<\/li>\n<li><strong>Vielseitige Anwendungen:<\/strong><br \/>\nDer doppeltwirkende geschwei\u00dfte Hydraulikzylinder 10010 eignet sich perfekt f\u00fcr eine Vielzahl von Anwendungen, darunter Hebe-, Schiebe- und Zugaufgaben in Branchen wie dem Baugewerbe, der Landwirtschaft und der Fertigung.<\/li>\n<\/ul>\n<p><img decoding=\"async\" src=\"https:\/\/hzpt.com\/wp-content\/uploads\/2023\/12\/random-1.webp?v=1694163707\" alt=\"\" title=\"\"><\/p>\n<h4>Technische Daten:<\/h4>\n<table style=\"width: 100.094%; height: 251px;\">\n<thead>\n<tr>\n<th>Spezifikation<\/th>\n<th>Beschreibung<\/th>\n<\/tr>\n<\/thead>\n<tbody>\n<tr>\n<td><strong>Bohrungsgr\u00f6\u00dfe<\/strong><\/td>\n<td>Anpassbar<\/td>\n<\/tr>\n<tr>\n<td><strong>Hubl\u00e4nge<\/strong><\/td>\n<td>Verschiedene Optionen verf\u00fcgbar<\/td>\n<\/tr>\n<tr>\n<td><strong>Maximaler Druck<\/strong><\/td>\n<td>Bis zu 3000 PSI<\/td>\n<\/tr>\n<tr>\n<td><strong>Material<\/strong><\/td>\n<td>Hochfester Stahl<\/td>\n<\/tr>\n<tr>\n<td><strong>Verbindungstyp<\/strong><\/td>\n<td>Flansch- oder Gewindeausf\u00fchrung<\/td>\n<\/tr>\n<\/tbody>\n<\/table>\n<h4>Funktionsprinzip:<\/h4>\n<p>Der doppeltwirkende geschwei\u00dfte Hydraulikzylinder 10010 arbeitet nach dem Prinzip des Hydraulikfl\u00fcssigkeitsdrucks. Wird Hydraulikfl\u00fcssigkeit in den Zylinder gepumpt, \u00fcbt sie Druck auf den Kolben aus und erzeugt eine lineare Kraft in beide Richtungen. Diese bidirektionale Bewegung ist f\u00fcr Aufgaben unerl\u00e4sslich, die pr\u00e4zise Steuerung und Effizienz erfordern, und ist daher eine wichtige Komponente in vielen Hydrauliksystemen.<\/p>\n<p>Zusammenfassend ist der doppeltwirkende geschwei\u00dfte Hydraulikzylinder 10010 eine robuste und effiziente L\u00f6sung f\u00fcr verschiedene industrielle Anwendungen. Seine einzigartigen Eigenschaften, darunter die doppeltwirkende Konstruktion, die Schwei\u00dfkonstruktion und die hohe Tragf\u00e4higkeit, machen ihn zu einem unverzichtbaren Werkzeug zur Steigerung der Produktivit\u00e4t und Zuverl\u00e4ssigkeit in anspruchsvollen Umgebungen.<\/p>\n<p>&nbsp;<\/p>\n<p><img decoding=\"async\" src=\"https:\/\/hzpt.com\/wp-content\/uploads\/2023\/12\/random-2.webp\" alt=\"\" title=\"\"><\/p>\n<h2>Vorteile des geschwei\u00dften T-Typ-Zylinders<\/h2>\n<ul>\n<li style=\"list-style-type: none;\">\n<ul>\n<li><strong>Erh\u00f6hte St\u00e4rke:<\/strong> Geschwei\u00dfte T-Zylinder zeichnen sich durch ihre hohe Festigkeit aus und eignen sich daher f\u00fcr Anwendungen, bei denen schwere Lasten gehoben werden m\u00fcssen. Das bei der Herstellung dieser Zylinder verwendete Schwei\u00dfverfahren stellt sicher, dass der Zylinder keine Schwachstellen aufweist und hohem Druck und hoher Belastung standh\u00e4lt.<\/li>\n<\/ul>\n<\/li>\n<\/ul>\n<p>Wenn Druck auf den Zylinder ausge\u00fcbt wird, verteilt sich dieser gleichm\u00e4\u00dfig \u00fcber die gesamte Oberfl\u00e4che und macht ihn so verformungsbest\u00e4ndig. Diese Eigenschaft stellt sicher, dass der Zylinder auch unter extremen Bedingungen seine Form und strukturelle Integrit\u00e4t beh\u00e4lt.<\/p>\n<ul>\n<li style=\"list-style-type: none;\">\n<ul>\n<li><strong>Leckageschutz:<\/strong> Geschwei\u00dfte T-Flaschen verhindern Leckagen. Das Schwei\u00dfverfahren bei der Herstellung gew\u00e4hrleistet die vollst\u00e4ndige Abdichtung des Zylinders und verhindert m\u00f6gliche Leckagen. Dadurch eignen sie sich f\u00fcr Anwendungen, bei denen Leckagen schwere Sch\u00e4den oder Verletzungen verursachen k\u00f6nnen.<\/li>\n<\/ul>\n<\/li>\n<\/ul>\n<p>Die Schwei\u00dfverbindungen sind glatt und weisen keine Spalten oder Rillen auf, in denen sich Ablagerungen oder Schmutz ansammeln k\u00f6nnen. Dadurch wird das Risiko von Korrosion und Besch\u00e4digung des Zylinders verringert.<\/p>\n<ul>\n<li style=\"list-style-type: none;\">\n<ul>\n<li><strong>Anpassbar:<\/strong> Geschwei\u00dfte T-Zylinder k\u00f6nnen an spezifische Anwendungen angepasst werden. Die Zylinder sind in verschiedenen Gr\u00f6\u00dfen und Formen erh\u00e4ltlich und k\u00f6nnen so gefertigt werden, dass sie den spezifischen Anforderungen der Anwendung entsprechen.<\/li>\n<\/ul>\n<\/li>\n<\/ul>\n<p>Durch die individuelle Anpassung kann die Leistung des Zylinders optimiert und sichergestellt werden, dass er f\u00fcr die vorgesehene Anwendung geeignet ist. Dadurch eignen sich geschwei\u00dfte T-Zylinder ideal f\u00fcr den Einsatz in verschiedenen industriellen Anwendungen, darunter im Baugewerbe, im Bergbau und in der Materialhandhabung.<\/p>\n<ul>\n<li style=\"list-style-type: none;\">\n<ul>\n<li><strong>Kosteng\u00fcnstig:<\/strong> Geschwei\u00dfte T-Zylinder sind im Vergleich zu anderen Zylindertypen kosteng\u00fcnstig. Der Herstellungsprozess dieser Zylinder ist einfach und daher weniger kostspielig als bei anderen Zylindertypen.<\/li>\n<\/ul>\n<\/li>\n<\/ul>\n<p>Dar\u00fcber hinaus reduzieren die hohe Festigkeit und Langlebigkeit geschwei\u00dfter T-Zylinder den Bedarf an h\u00e4ufigen Reparaturen und Austauschvorg\u00e4ngen und senken so die Wartungskosten. Diese Eigenschaft macht sie zu einer beliebten Wahl f\u00fcr viele Branchen, insbesondere f\u00fcr diejenigen mit begrenztem Budget.<\/p>\n<ul>\n<li style=\"list-style-type: none;\">\n<ul>\n<li><strong>Erh\u00f6hte Effizienz:<\/strong> Geschwei\u00dfte T-Zylinder sind hocheffizient und effektiv. Die Konstruktion des Zylinders sorgt daf\u00fcr, dass die aufgebrachte Kraft direkt auf die Last \u00fcbertragen wird, wodurch Energieverluste reduziert und die Effizienz gesteigert werden.<\/li>\n<\/ul>\n<\/li>\n<\/ul>\n<p>Die Schwei\u00dfverbindungen sind stark und steif, minimieren die Durchbiegung und gew\u00e4hrleisten, dass der Zylinder auch unter extremen Bedingungen seine Form und strukturelle Integrit\u00e4t beh\u00e4lt. Diese Eigenschaft macht geschwei\u00dfte T-Zylinder ideal f\u00fcr Anwendungen, die hohe Effizienz und Zuverl\u00e4ssigkeit erfordern.<\/p>\n<h2>Anwendung von geschwei\u00dften T-Typ-Zylindern<\/h2>\n<ol>\n<li>\n<h3>Automobilindustrie<\/h3>\n<p>Geschwei\u00dfte T-Zylinder sind in der Automobilindustrie weit verbreitet. Sie werden in Autot\u00fcren, Motorhauben- und Kofferraumklappen, Cabriod\u00e4chern und Servolenkungen eingesetzt. Diese Zylinder werden aufgrund ihrer F\u00e4higkeit, hohe Kraft bei geringem Platzbedarf zu liefern, bevorzugt. Die T-Zylinderkonstruktion eignet sich gut f\u00fcr Anwendungen, bei denen die Kraft in zwei verschiedene Richtungen \u00fcbertragen werden muss.<\/p>\n<p>Dar\u00fcber hinaus erm\u00f6glicht die Schwei\u00dfkonstruktion dieser Zylinder einen leckagefreien Betrieb bei hohen Temperaturen und Dr\u00fccken. Dadurch eignen sie sich f\u00fcr den Einsatz in Motoren, Getrieben und Bremssystemen.<\/li>\n<li>\n<h3>Fertigungsindustrie<\/h3>\n<p>Geschwei\u00dfte T-Zylinder werden auch in der Fertigungsindustrie eingesetzt. Sie werden in hydraulischen Pressen, Schmiedemaschinen und Metallschneidemaschinen eingesetzt. Die hohe Kraftabgabe dieser Zylinder macht sie ideal f\u00fcr Anwendungen, bei denen viel Kraft auf kleinem Raum ben\u00f6tigt wird.<\/p>\n<p>Das T-Zylinder-Design eignet sich auch gut f\u00fcr Anwendungen, bei denen die Kraft in zwei verschiedene Richtungen \u00fcbertragen werden muss. Beispielsweise kann der T-Zylinder in einer hydraulischen Presse sowohl vertikal als auch horizontal Kraft \u00fcbertragen, was komplexere Fertigungsprozesse erm\u00f6glicht.<\/li>\n<li>\n<h3>Luft- und Raumfahrtindustrie<\/h3>\n<p>Geschwei\u00dfte T-Zylinder werden in der Luft- und Raumfahrtindustrie f\u00fcr eine Vielzahl von Anwendungen eingesetzt. Sie werden in Fahrwerkssystemen, Frachtt\u00fcren und Flugsteuerungssystemen verwendet. Die hohe Kraftabgabe und die kompakte Bauweise dieser Zylinder machen sie ideal f\u00fcr den Einsatz in den begrenzten Platzverh\u00e4ltnissen eines Flugzeugs.<\/p>\n<p>Die geschwei\u00dfte Konstruktion dieser Zylinder macht sie zudem widerstandsf\u00e4hig gegen die hohen Dr\u00fccke und Temperaturen im Flug. Dar\u00fcber hinaus erm\u00f6glicht die T-Zylinderkonstruktion die Kraft\u00fcbertragung in zwei verschiedene Richtungen und eignet sich daher gut f\u00fcr Anwendungen, bei denen die Kraft schr\u00e4g eingeleitet werden muss.<\/li>\n<li>\n<h3>Bauindustrie<\/h3>\n<p>Geschwei\u00dfte T-Zylinder werden in der Bauindustrie f\u00fcr schwere Hebe- und Transportaufgaben eingesetzt. Sie kommen in Kr\u00e4nen, Baggern und Tiefl\u00f6ffelbaggern zum Einsatz. Dank ihrer hohen Kraftabgabe und kompakten Bauweise eignen sich diese Zylinder ideal f\u00fcr den Einsatz auf Baustellen mit begrenztem Platzangebot.<\/p>\n<p>Die T-Zylinderkonstruktion erm\u00f6glicht die Kraft\u00fcbertragung in zwei verschiedene Richtungen und eignet sich daher gut f\u00fcr Anwendungen, bei denen die Kraft schr\u00e4g eingeleitet werden muss. Dank der Schwei\u00dfkonstruktion k\u00f6nnen diese Zylinder zudem bei hohen Dr\u00fccken und Temperaturen leckagefrei betrieben werden und eignen sich daher f\u00fcr den Einsatz in rauen Au\u00dfenumgebungen.<\/li>\n<li><img decoding=\"async\" src=\"https:\/\/hzpt.com\/wp-content\/uploads\/2023\/12\/random-1.webp?v=1694163707\" alt=\"\" title=\"\"><\/li>\n<\/ol>\n<h3>\u00dcber FMP<\/h3>\n<p>FMP ist ein f\u00fchrender Hersteller und Lieferant von Hydraulikzylindern mit \u00fcber 30 Jahren Branchenerfahrung. Unser hochmodernes Industriegel\u00e4nde in Italien beherbergt \u00fcber 100 moderne Anlagen und gew\u00e4hrleistet so eine qualitativ hochwertige Produktion. Wir sind spezialisiert auf verschiedene Arten von Hydraulikzylindern, darunter automatische Schutzgasschwei\u00dfmaschinen, Tieflochbohrmaschinen, CNC-Drehmaschinen, Rundschleifmaschinen, automatische Reinigungsmaschinen, automatische Installationsmaschinen, automatische Hydraulikzylinder-Leistungspr\u00fcfst\u00e4nde und automatische Lackierstra\u00dfen.<\/p>\n<p><img decoding=\"async\" src=\"https:\/\/fmp-components.com\/wp-content\/uploads\/2024\/12\/fmp-factory-4.webp\" alt=\"FMP-Fabrik\" width=\"800\" title=\"\"><\/p>\n<p>Wir bei FMP sind stolz darauf, unseren gesch\u00e4tzten Kunden Produkte von au\u00dfergew\u00f6hnlicher Qualit\u00e4t zu liefern. Hier sind f\u00fcnf Gr\u00fcnde, warum Sie sich f\u00fcr unsere Produkte entscheiden und mit uns zusammenarbeiten sollten:<\/p>\n<ol>\n<li>Strenge Verarbeitung und Pr\u00fcfung: Jeder Hydraulikzylinder wird einer strengen Verarbeitung und Pr\u00fcfung unterzogen, um h\u00f6chste Qualit\u00e4ts- und Leistungsstandards zu gew\u00e4hrleisten. Die Kundenzufriedenheit steht bei uns an erster Stelle.<\/li>\n<li>Design-Service: Unser erfahrenes Designteam unterst\u00fctzt Sie bei Produktdesign und -entwicklung. Ob Sie neue Produkte oder Verbesserungen bestehender Produkte ben\u00f6tigen, wir unterst\u00fctzen Sie gerne.<\/li>\n<li>Umfassender Produktservice: Von der Rohstoffgewinnung \u00fcber Zuschnitt, Grobbearbeitung, Pr\u00fcfung, Reinigung, Montage, Verpackung bis hin zum Transport bieten wir umfassende Produktdienstleistungen. Verlassen Sie sich auf uns f\u00fcr einen reibungslosen Fertigungsprozess.<\/li>\n<li>Musterprozess: Wir bieten Ihnen die Entwicklung von Mustern nach Ihren spezifischen Anforderungen an. Unser Team passt die Muster kontinuierlich an Ihre Bed\u00fcrfnisse an und sorgt f\u00fcr Ihre vollst\u00e4ndige Zufriedenheit.<\/li>\n<li>F&amp;E-Kompetenzen: Wir entwickeln neue Modelle und bleiben so immer auf dem neuesten Stand, wenn neue Marktanforderungen entstehen. Unser Engagement f\u00fcr Innovation garantiert Ihnen stets Zugang zu den neuesten und fortschrittlichsten Hydraulikzylinderprodukten.<\/li>\n<\/ol>\n<p>Mit unserem Engagement f\u00fcr Spitzenleistung, unserem umfangreichen Produktsortiment und unserem kundenorientierten Ansatz ist FMP Ihr idealer Partner f\u00fcr alle Ihre Hydraulikzylinder-Anforderungen. Kontaktieren Sie uns noch heute, um Ihre Anforderungen zu besprechen und die \u00fcberlegene Qualit\u00e4t und den Service zu erleben, die uns von der Konkurrenz abheben.<\/p>\n<p>Autor: CX<\/p>","protected":false},"excerpt":{"rendered":"<p>The 10010 Industrial Double Acting Welded Hydraulic Cylinder is a high-performance solution designed for demanding industrial applications. Engineered with durability and efficiency in mind, this hydraulic cylinder is ideal for a variety of uses, including construction, manufacturing, and heavy machinery operations. Key Features: Double Acting Design: This hydraulic cylinder functions effectively in both extension and [&hellip;]<\/p>","protected":false},"featured_media":1133,"comment_status":"closed","ping_status":"closed","template":"","meta":{"_et_pb_use_builder":"","_et_pb_old_content":"","_et_gb_content_width":""},"product_brand":[],"product_cat":[31],"product_tag":[34,35],"class_list":{"0":"post-930","1":"product","2":"type-product","3":"status-publish","4":"has-post-thumbnail","6":"product_cat-welded-tee-type-cylinder","7":"product_tag-hydraulic-cylinder","8":"product_tag-welded-tee-type-cylinder","10":"first","11":"instock","12":"product-type-simple"},"_links":{"self":[{"href":"https:\/\/fmp-components.com\/de\/wp-json\/wp\/v2\/product\/930","targetHints":{"allow":["GET"]}}],"collection":[{"href":"https:\/\/fmp-components.com\/de\/wp-json\/wp\/v2\/product"}],"about":[{"href":"https:\/\/fmp-components.com\/de\/wp-json\/wp\/v2\/types\/product"}],"replies":[{"embeddable":true,"href":"https:\/\/fmp-components.com\/de\/wp-json\/wp\/v2\/comments?post=930"}],"wp:featuredmedia":[{"embeddable":true,"href":"https:\/\/fmp-components.com\/de\/wp-json\/wp\/v2\/media\/1133"}],"wp:attachment":[{"href":"https:\/\/fmp-components.com\/de\/wp-json\/wp\/v2\/media?parent=930"}],"wp:term":[{"taxonomy":"product_brand","embeddable":true,"href":"https:\/\/fmp-components.com\/de\/wp-json\/wp\/v2\/product_brand?post=930"},{"taxonomy":"product_cat","embeddable":true,"href":"https:\/\/fmp-components.com\/de\/wp-json\/wp\/v2\/product_cat?post=930"},{"taxonomy":"product_tag","embeddable":true,"href":"https:\/\/fmp-components.com\/de\/wp-json\/wp\/v2\/product_tag?post=930"}],"curies":[{"name":"wp","href":"https:\/\/api.w.org\/{rel}","templated":true}]}}