{"id":929,"date":"2024-12-19T03:39:00","date_gmt":"2024-12-19T03:39:00","guid":{"rendered":"https:\/\/fmp-components.com\/product\/10009-customized-stainless-steel-hydraulic-cylinders-mini-hydraulic-cylinder\/"},"modified":"2024-12-19T08:59:13","modified_gmt":"2024-12-19T08:59:13","slug":"10009-customized-stainless-steel-hydraulic-cylinders-mini-hydraulic-cylinder","status":"publish","type":"product","link":"https:\/\/fmp-components.com\/de\/product\/10009-customized-stainless-steel-hydraulic-cylinders-mini-hydraulic-cylinder\/","title":{"rendered":"10009 Kundenspezifischer Hydraulikzylinder aus Edelstahl Mini-Hydraulikzylinder"},"content":{"rendered":"<p>Der kundenspezifische Mini-Hydraulikzylinder 10009 aus Edelstahl ist eine kompakte und dennoch leistungsstarke L\u00f6sung f\u00fcr Anwendungen, die Pr\u00e4zision und Langlebigkeit erfordern. Dieser aus hochwertigem Edelstahl gefertigte Mini-Hydraulikzylinder ist korrosions- und verschlei\u00dffest und somit ideal f\u00fcr den Innen- und Au\u00dfenbereich.<\/p>\n<p><img decoding=\"async\" src=\"https:\/\/hzpt.com\/wp-content\/uploads\/2023\/12\/random-2.webp\" alt=\"\" title=\"\"><\/p>\n<h4>Hauptmerkmale:<\/h4>\n<ul>\n<li><strong>Anpassbares Design:<\/strong><br \/>\nDer Mini-Hydraulikzylinder 10009 ist auf die spezifischen Betriebsanforderungen zugeschnitten und kann hinsichtlich Hubl\u00e4nge, Bohrungsgr\u00f6\u00dfe und Anschlussarten individuell an verschiedene Anwendungen angepasst werden.<\/li>\n<li><strong>Kompakte Gr\u00f6\u00dfe:<\/strong><br \/>\nSein Mini-Design erm\u00f6glicht eine einfache Installation in engen R\u00e4umen und macht es perfekt f\u00fcr Maschinen und Systeme mit begrenztem Platz, ohne Kompromisse bei der Leistung einzugehen.<\/li>\n<li><strong>Edelstahlkonstruktion:<\/strong><br \/>\nDieser aus hochwertigem Edelstahl gefertigte Zylinder bietet eine au\u00dfergew\u00f6hnliche Best\u00e4ndigkeit gegen Korrosion und raue Umgebungsbedingungen und gew\u00e4hrleistet so Langlebigkeit und Zuverl\u00e4ssigkeit.<\/li>\n<li><strong>Hohe Leistung:<\/strong><br \/>\nTrotz seiner geringen Gr\u00f6\u00dfe bietet der Hydraulikzylinder eine beeindruckende Kraft und Effizienz und eignet sich daher f\u00fcr eine Vielzahl von Anwendungen, darunter Automatisierung, Robotik und Materialhandhabung.<\/li>\n<li><strong>Vielseitige Anwendungen:<\/strong><br \/>\nDer Mini-Hydraulikzylinder 10009 eignet sich ideal f\u00fcr den Einsatz in verschiedenen Branchen, darunter Fertigung, Automobilindustrie und Medizintechnik, wo Pr\u00e4zision und Zuverl\u00e4ssigkeit von gr\u00f6\u00dfter Bedeutung sind.<\/li>\n<\/ul>\n<h4>Technische Daten:<\/h4>\n<table style=\"width: 91.1077%; height: 188px;\">\n<thead>\n<tr>\n<th>Spezifikation<\/th>\n<th>Beschreibung<\/th>\n<\/tr>\n<\/thead>\n<tbody>\n<tr>\n<td><strong>Bohrungsgr\u00f6\u00dfe<\/strong><\/td>\n<td>Anpassbar<\/td>\n<\/tr>\n<tr>\n<td><strong>Hubl\u00e4nge<\/strong><\/td>\n<td>Anpassbar<\/td>\n<\/tr>\n<tr>\n<td><strong>Maximaler Druck<\/strong><\/td>\n<td>Bis zu 3000 PSI<\/td>\n<\/tr>\n<tr>\n<td><strong>Material<\/strong><\/td>\n<td>Hochwertiger Edelstahl<\/td>\n<\/tr>\n<tr>\n<td><strong>Verbindungstyp<\/strong><\/td>\n<td>Mit Flansch, Gewinde oder kundenspezifisch<\/td>\n<\/tr>\n<\/tbody>\n<\/table>\n<h4><\/h4>\n<h4><img loading=\"lazy\" decoding=\"async\" class=\"size-full wp-image-977 aligncenter\" src=\"https:\/\/fmp-components.com\/wp-content\/uploads\/2024\/12\/Welded-Tee-Type-Cylinder3.webp\" alt=\"Geschwei\u00dfter T-Typ-Zylinder\" width=\"653\" height=\"600\" title=\"\" srcset=\"https:\/\/fmp-components.com\/wp-content\/uploads\/2024\/12\/Welded-Tee-Type-Cylinder3.webp 653w, https:\/\/fmp-components.com\/wp-content\/uploads\/2024\/12\/Welded-Tee-Type-Cylinder3-480x441.webp 480w\" sizes=\"(min-width: 0px) and (max-width: 480px) 480px, (min-width: 481px) 653px, 100vw\" \/>Funktionsprinzip:<\/h4>\n<p>Der kundenspezifische Mini-Hydraulikzylinder 10009 aus Edelstahl arbeitet nach dem Prinzip des Hydraulikfl\u00fcssigkeitsdrucks. Wird Hydraulikfl\u00fcssigkeit in den Zylinder gepumpt, \u00fcbt sie Druck auf den Kolben aus und erzeugt eine lineare Bewegung. Dieser Mechanismus erm\u00f6glicht pr\u00e4zise Steuerung und kraftvolle Wirkung und ist daher unverzichtbar f\u00fcr Anwendungen, die pr\u00e4zise und zuverl\u00e4ssige Leistung erfordern.<\/p>\n<p>Zusammenfassend ist der kundenspezifische Mini-Hydraulikzylinder 10009 aus Edelstahl eine vielseitige und effiziente L\u00f6sung f\u00fcr verschiedene industrielle Anforderungen. Seine anpassbaren Funktionen, die langlebige Edelstahlkonstruktion und die hohe Leistung machen ihn zu einer unverzichtbaren Komponente zur Steigerung der Produktivit\u00e4t und Betriebseffizienz in vielf\u00e4ltigen Anwendungen.<\/p>\n<p><img decoding=\"async\" src=\"https:\/\/hzpt.com\/wp-content\/uploads\/2023\/12\/random-1.webp?v=1694163707\" alt=\"\" title=\"\"><\/p>\n<h3>Einzigartige Funktionen<\/h3>\n<ul>\n<li><strong>Energieeinsparung:<\/strong><br \/>\nDer Hydraulikzylinder ist so konstruiert, dass er im Betrieb nur minimalen Energieverbrauch verbraucht, was langfristig zu erheblichen Kosteneinsparungen f\u00fchrt. Durch die Optimierung des Stromverbrauchs senkt dieses Produkt nicht nur die Energiekosten, sondern tr\u00e4gt auch zur Nachhaltigkeit bei, indem es die Umweltbelastung minimiert. Dieses energieeffiziente Design macht es zu einer wirtschaftlichen Wahl f\u00fcr Unternehmen, die ihre Betriebseffizienz steigern m\u00f6chten, ohne Kompromisse bei der Leistung einzugehen.<\/li>\n<li><strong>Hohe Effizienz:<\/strong><br \/>\nDer auf maximale Produktivit\u00e4t ausgelegte Hydraulikzylinder arbeitet mit au\u00dfergew\u00f6hnlich hoher Effizienz. Seine fortschrittliche Technik gew\u00e4hrleistet eine konstante und zuverl\u00e4ssige Leistung, die k\u00fcrzere Zykluszeiten und eine h\u00f6here Leistung erm\u00f6glicht. Dieser hocheffiziente Betrieb ist in anspruchsvollen Industrieumgebungen, in denen jede Sekunde z\u00e4hlt, von entscheidender Bedeutung und stellt einen unsch\u00e4tzbaren Vorteil f\u00fcr die Verbesserung des Arbeitsablaufs und das Erreichen von Produktionszielen dar.<\/li>\n<li><strong>Sicherheit:<\/strong><br \/>\nSicherheit steht bei der Konstruktion dieses Hydraulikzylinders an erster Stelle. Er verf\u00fcgt \u00fcber zahlreiche Sicherheitsfunktionen, darunter \u00dcberdruckventile, robuste Dichtungen und ausfallsichere Mechanismen, um einen sicheren Betrieb unter verschiedenen Bedingungen zu gew\u00e4hrleisten. Diese Sicherheitsverbesserungen sch\u00fctzen sowohl die Ausr\u00fcstung als auch die Bediener und reduzieren das Risiko von Unf\u00e4llen und Ausfallzeiten. Durch die Priorisierung der Sicherheit schafft dieses Produkt Vertrauen bei den Anwendern und erm\u00f6glicht ihnen, Maschinen beruhigt zu bedienen.<\/li>\n<\/ul>\n<h2>Vorteile des geschwei\u00dften T-Typ-Zylinders<\/h2>\n<ul>\n<li style=\"list-style-type: none;\">\n<ul>\n<li><strong>Erh\u00f6hte St\u00e4rke:<\/strong> Geschwei\u00dfte T-Zylinder zeichnen sich durch ihre hohe Festigkeit aus und eignen sich daher f\u00fcr Anwendungen, bei denen schwere Lasten gehoben werden m\u00fcssen. Das bei der Herstellung dieser Zylinder verwendete Schwei\u00dfverfahren stellt sicher, dass der Zylinder keine Schwachstellen aufweist und hohem Druck und hoher Belastung standh\u00e4lt.<\/li>\n<\/ul>\n<\/li>\n<\/ul>\n<p>Wenn Druck auf den Zylinder ausge\u00fcbt wird, verteilt sich dieser gleichm\u00e4\u00dfig \u00fcber die gesamte Oberfl\u00e4che und macht ihn so verformungsbest\u00e4ndig. Diese Eigenschaft stellt sicher, dass der Zylinder auch unter extremen Bedingungen seine Form und strukturelle Integrit\u00e4t beh\u00e4lt.<\/p>\n<ul>\n<li style=\"list-style-type: none;\">\n<ul>\n<li><strong>Leckageschutz:<\/strong> Geschwei\u00dfte T-Flaschen verhindern Leckagen. Das Schwei\u00dfverfahren bei der Herstellung gew\u00e4hrleistet die vollst\u00e4ndige Abdichtung des Zylinders und verhindert m\u00f6gliche Leckagen. Dadurch eignen sie sich f\u00fcr Anwendungen, bei denen Leckagen schwere Sch\u00e4den oder Verletzungen verursachen k\u00f6nnen.<\/li>\n<\/ul>\n<\/li>\n<\/ul>\n<p>Die Schwei\u00dfverbindungen sind glatt und weisen keine Spalten oder Rillen auf, in denen sich Ablagerungen oder Schmutz ansammeln k\u00f6nnen. Dadurch wird das Risiko von Korrosion und Besch\u00e4digung des Zylinders verringert.<\/p>\n<ul>\n<li style=\"list-style-type: none;\">\n<ul>\n<li><strong>Anpassbar:<\/strong> Geschwei\u00dfte T-Zylinder k\u00f6nnen an spezifische Anwendungen angepasst werden. Die Zylinder sind in verschiedenen Gr\u00f6\u00dfen und Formen erh\u00e4ltlich und k\u00f6nnen so gefertigt werden, dass sie den spezifischen Anforderungen der Anwendung entsprechen.<\/li>\n<\/ul>\n<\/li>\n<\/ul>\n<p>Durch die individuelle Anpassung kann die Leistung des Zylinders optimiert und sichergestellt werden, dass er f\u00fcr die vorgesehene Anwendung geeignet ist. Dadurch eignen sich geschwei\u00dfte T-Zylinder ideal f\u00fcr den Einsatz in verschiedenen industriellen Anwendungen, darunter im Baugewerbe, im Bergbau und in der Materialhandhabung.<\/p>\n<ul>\n<li style=\"list-style-type: none;\">\n<ul>\n<li><strong>Kosteng\u00fcnstig:<\/strong> Geschwei\u00dfte T-Zylinder sind im Vergleich zu anderen Zylindertypen kosteng\u00fcnstig. Der Herstellungsprozess dieser Zylinder ist einfach und daher weniger kostspielig als bei anderen Zylindertypen.<\/li>\n<\/ul>\n<\/li>\n<\/ul>\n<p>Dar\u00fcber hinaus reduzieren die hohe Festigkeit und Langlebigkeit geschwei\u00dfter T-Zylinder den Bedarf an h\u00e4ufigen Reparaturen und Austauschvorg\u00e4ngen und senken so die Wartungskosten. Diese Eigenschaft macht sie zu einer beliebten Wahl f\u00fcr viele Branchen, insbesondere f\u00fcr diejenigen mit begrenztem Budget.<\/p>\n<ul>\n<li style=\"list-style-type: none;\">\n<ul>\n<li><strong>Erh\u00f6hte Effizienz:<\/strong> Geschwei\u00dfte T-Zylinder sind hocheffizient und effektiv. Die Konstruktion des Zylinders sorgt daf\u00fcr, dass die aufgebrachte Kraft direkt auf die Last \u00fcbertragen wird, wodurch Energieverluste reduziert und die Effizienz gesteigert werden.<\/li>\n<\/ul>\n<\/li>\n<\/ul>\n<p>Die Schwei\u00dfverbindungen sind stark und steif, minimieren die Durchbiegung und gew\u00e4hrleisten, dass der Zylinder auch unter extremen Bedingungen seine Form und strukturelle Integrit\u00e4t beh\u00e4lt. Diese Eigenschaft macht geschwei\u00dfte T-Zylinder ideal f\u00fcr Anwendungen, die hohe Effizienz und Zuverl\u00e4ssigkeit erfordern.<\/p>\n<p><img loading=\"lazy\" decoding=\"async\" class=\"size-full wp-image-974 aligncenter\" src=\"https:\/\/fmp-components.com\/wp-content\/uploads\/2024\/12\/application-of-Welded-Tee-Type-Cylinder.webp\" alt=\"Anwendung von geschwei\u00dften T-Zylindern\" width=\"760\" height=\"860\" title=\"\" srcset=\"https:\/\/fmp-components.com\/wp-content\/uploads\/2024\/12\/application-of-Welded-Tee-Type-Cylinder.webp 760w, https:\/\/fmp-components.com\/wp-content\/uploads\/2024\/12\/application-of-Welded-Tee-Type-Cylinder-480x543.webp 480w\" sizes=\"(min-width: 0px) and (max-width: 480px) 480px, (min-width: 481px) 760px, 100vw\" \/><\/p>\n<h2>Anwendung von geschwei\u00dften T-Typ-Zylindern<\/h2>\n<ol>\n<li>\n<h3>Automobilindustrie<\/h3>\n<p>Geschwei\u00dfte T-Zylinder sind in der Automobilindustrie weit verbreitet. Sie werden in Autot\u00fcren, Motorhauben- und Kofferraumklappen, Cabriod\u00e4chern und Servolenkungen eingesetzt. Diese Zylinder werden aufgrund ihrer F\u00e4higkeit, hohe Kraft bei geringem Platzbedarf zu liefern, bevorzugt. Die T-Zylinderkonstruktion eignet sich gut f\u00fcr Anwendungen, bei denen die Kraft in zwei verschiedene Richtungen \u00fcbertragen werden muss.<\/p>\n<p>Dar\u00fcber hinaus erm\u00f6glicht die Schwei\u00dfkonstruktion dieser Zylinder einen leckagefreien Betrieb bei hohen Temperaturen und Dr\u00fccken. Dadurch eignen sie sich f\u00fcr den Einsatz in Motoren, Getrieben und Bremssystemen.<\/li>\n<li>\n<h3>Fertigungsindustrie<\/h3>\n<p>Geschwei\u00dfte T-Zylinder werden auch in der Fertigungsindustrie eingesetzt. Sie werden in hydraulischen Pressen, Schmiedemaschinen und Metallschneidemaschinen eingesetzt. Die hohe Kraftabgabe dieser Zylinder macht sie ideal f\u00fcr Anwendungen, bei denen viel Kraft auf kleinem Raum ben\u00f6tigt wird.<\/p>\n<p>Das T-Zylinder-Design eignet sich auch gut f\u00fcr Anwendungen, bei denen die Kraft in zwei verschiedene Richtungen \u00fcbertragen werden muss. Beispielsweise kann der T-Zylinder in einer hydraulischen Presse sowohl vertikal als auch horizontal Kraft \u00fcbertragen, was komplexere Fertigungsprozesse erm\u00f6glicht.<\/li>\n<li>\n<h3>Luft- und Raumfahrtindustrie<\/h3>\n<p>Geschwei\u00dfte T-Zylinder werden in der Luft- und Raumfahrtindustrie f\u00fcr eine Vielzahl von Anwendungen eingesetzt. Sie werden in Fahrwerkssystemen, Frachtt\u00fcren und Flugsteuerungssystemen verwendet. Die hohe Kraftabgabe und die kompakte Bauweise dieser Zylinder machen sie ideal f\u00fcr den Einsatz in den begrenzten Platzverh\u00e4ltnissen eines Flugzeugs.<\/p>\n<p>Die geschwei\u00dfte Konstruktion dieser Zylinder macht sie zudem widerstandsf\u00e4hig gegen die hohen Dr\u00fccke und Temperaturen im Flug. Dar\u00fcber hinaus erm\u00f6glicht die T-Zylinderkonstruktion die Kraft\u00fcbertragung in zwei verschiedene Richtungen und eignet sich daher gut f\u00fcr Anwendungen, bei denen die Kraft schr\u00e4g eingeleitet werden muss.<\/li>\n<li>\n<h3>Bauindustrie<\/h3>\n<p>Geschwei\u00dfte T-Zylinder werden in der Bauindustrie f\u00fcr schwere Hebe- und Transportaufgaben eingesetzt. Sie kommen in Kr\u00e4nen, Baggern und Tiefl\u00f6ffelbaggern zum Einsatz. Dank ihrer hohen Kraftabgabe und kompakten Bauweise eignen sich diese Zylinder ideal f\u00fcr den Einsatz auf Baustellen mit begrenztem Platzangebot.<\/p>\n<p>Die T-Zylinderkonstruktion erm\u00f6glicht die Kraft\u00fcbertragung in zwei verschiedene Richtungen und eignet sich daher gut f\u00fcr Anwendungen, bei denen die Kraft schr\u00e4g eingeleitet werden muss. Dank der Schwei\u00dfkonstruktion k\u00f6nnen diese Zylinder zudem bei hohen Dr\u00fccken und Temperaturen leckagefrei betrieben werden und eignen sich daher f\u00fcr den Einsatz in rauen Au\u00dfenumgebungen.<\/li>\n<\/ol>\n<h3>\u00dcber FMP<\/h3>\n<p>FMP ist seit \u00fcber 30 Jahren ein f\u00fchrender Hersteller und Lieferant von Hydraulikzylindern. Unser Industriegebiet befindet sich in Italien und wir verf\u00fcgen \u00fcber mehr als 100 Ger\u00e4te, darunter automatische Schutzgasschwei\u00dfmaschinen, Tieflochbohrmaschinen, CNC-Drehmaschinen, Rundschleifmaschinen, automatische Reinigungsmaschinen, automatische Installationsmaschinen, automatische Hydraulikzylinder-Leistungspr\u00fcfst\u00e4nde, automatische Lackierstra\u00dfen und vieles mehr.<\/p>\n<p>Unsere Hydraulikzylinder werden unter strenger Qualit\u00e4tskontrolle entwickelt und gefertigt, um sicherzustellen, dass wir unseren Kunden nur das Beste liefern. Unsere Dienstleistungen umfassen:<\/p>\n<ol>\n<li><strong>Design-Service:<\/strong> Unser erfahrenes Designteam kann Sie bei allen neuen Produktanforderungen oder gew\u00fcnschten Verbesserungen unterst\u00fctzen.<\/li>\n<li><strong>Produktservice:<\/strong> Wir gew\u00e4hrleisten die Qualit\u00e4t w\u00e4hrend des gesamten Prozesses von der Rohstoffauswahl \u00fcber den Zuschnitt und die Grobverarbeitung bis hin zur Pr\u00fcfung, Reinigung, Montage, Verpackung und dem Transport.<\/li>\n<li><strong>Beispielprozess:<\/strong> Wir k\u00f6nnen Muster entsprechend Ihren spezifischen Anforderungen entwickeln und st\u00e4ndig modifizieren.<\/li>\n<li><strong>Forschung und Entwicklung:<\/strong> Wir untersuchen neue Marktbed\u00fcrfnisse und entwickeln entsprechend neue Modelle.<\/li>\n<li><strong>Anpassung:<\/strong> Wir akzeptieren Anpassungsanfragen f\u00fcr alle Arten von Hydraulikzylindern.<\/li>\n<\/ol>\n<p>Unser Engagement f\u00fcr Qualit\u00e4t und Kundenzufriedenheit unterscheidet uns von anderen Herstellern. Wir sind bestrebt, die besten Produkte und Dienstleistungen anzubieten, die Ihren Anforderungen entsprechen.<\/p>\n<p><img decoding=\"async\" src=\"https:\/\/fmp-components.com\/wp-content\/uploads\/2024\/12\/fmp-factory-4.webp\" alt=\"FMP-Fabrik\" width=\"800\" title=\"\"><br \/>\nAutor: CX<\/p>","protected":false},"excerpt":{"rendered":"<p>The 10009 Customized Stainless Steel Mini Hydraulic Cylinder is a compact yet powerful solution designed for applications requiring precision and durability. Crafted from high-quality stainless steel, this mini hydraulic cylinder is resistant to corrosion and wear, making it ideal for both indoor and outdoor use. Key Features: Customizable Design: Tailored to meet specific operational requirements, [&hellip;]<\/p>","protected":false},"featured_media":1132,"comment_status":"closed","ping_status":"closed","template":"","meta":{"_et_pb_use_builder":"","_et_pb_old_content":"","_et_gb_content_width":""},"product_brand":[],"product_cat":[31],"product_tag":[34,35],"class_list":{"0":"post-929","1":"product","2":"type-product","3":"status-publish","4":"has-post-thumbnail","6":"product_cat-welded-tee-type-cylinder","7":"product_tag-hydraulic-cylinder","8":"product_tag-welded-tee-type-cylinder","10":"first","11":"instock","12":"product-type-simple"},"_links":{"self":[{"href":"https:\/\/fmp-components.com\/de\/wp-json\/wp\/v2\/product\/929","targetHints":{"allow":["GET"]}}],"collection":[{"href":"https:\/\/fmp-components.com\/de\/wp-json\/wp\/v2\/product"}],"about":[{"href":"https:\/\/fmp-components.com\/de\/wp-json\/wp\/v2\/types\/product"}],"replies":[{"embeddable":true,"href":"https:\/\/fmp-components.com\/de\/wp-json\/wp\/v2\/comments?post=929"}],"wp:featuredmedia":[{"embeddable":true,"href":"https:\/\/fmp-components.com\/de\/wp-json\/wp\/v2\/media\/1132"}],"wp:attachment":[{"href":"https:\/\/fmp-components.com\/de\/wp-json\/wp\/v2\/media?parent=929"}],"wp:term":[{"taxonomy":"product_brand","embeddable":true,"href":"https:\/\/fmp-components.com\/de\/wp-json\/wp\/v2\/product_brand?post=929"},{"taxonomy":"product_cat","embeddable":true,"href":"https:\/\/fmp-components.com\/de\/wp-json\/wp\/v2\/product_cat?post=929"},{"taxonomy":"product_tag","embeddable":true,"href":"https:\/\/fmp-components.com\/de\/wp-json\/wp\/v2\/product_tag?post=929"}],"curies":[{"name":"wp","href":"https:\/\/api.w.org\/{rel}","templated":true}]}}