{"id":927,"date":"2024-12-19T03:39:00","date_gmt":"2024-12-19T03:39:00","guid":{"rendered":"https:\/\/fmp-components.com\/product\/10007-high-quality-double-acting-hydraulic-ram-cylinder-for-sale\/"},"modified":"2024-12-19T09:01:14","modified_gmt":"2024-12-19T09:01:14","slug":"10007-high-quality-double-acting-hydraulic-ram-cylinder-for-sale","status":"publish","type":"product","link":"https:\/\/fmp-components.com\/de\/product\/10007-high-quality-double-acting-hydraulic-ram-cylinder-for-sale\/","title":{"rendered":"10007 Hochwertiger doppeltwirkender Hydraulikzylinder zum Verkauf"},"content":{"rendered":"<h3>Entdecken Sie die Kraft des Hydraulikzylinders<\/h3>\n<p>Erleben Sie hocheffiziente Leistung mit dem hochwertigen doppeltwirkenden Hydraulikzylinder von FMP. Seit der Gr\u00fcndung im Jahr 2006 ist FMP f\u00fchrend in der Bereitstellung erstklassiger Hydraulikl\u00f6sungen f\u00fcr Branchen weltweit und revolutioniert die Nutzung hydraulischer Kraft. Mit dem Engagement f\u00fcr Innovation und Qualit\u00e4t hat FMP den Hydraulikzylinder so konzipiert, dass er den hohen Anforderungen moderner Anwendungen gerecht wird und Unternehmen Spitzenleistungen erm\u00f6glicht.<\/p>\n<p><img loading=\"lazy\" decoding=\"async\" class=\"size-full wp-image-976 aligncenter\" src=\"https:\/\/fmp-components.com\/wp-content\/uploads\/2024\/12\/Welded-Tee-Type-Cylinder2.webp\" alt=\"Geschwei\u00dfter T-Typ-Zylinder\" width=\"764\" height=\"675\" title=\"\" srcset=\"https:\/\/fmp-components.com\/wp-content\/uploads\/2024\/12\/Welded-Tee-Type-Cylinder2.webp 764w, https:\/\/fmp-components.com\/wp-content\/uploads\/2024\/12\/Welded-Tee-Type-Cylinder2-480x424.webp 480w\" sizes=\"(min-width: 0px) and (max-width: 480px) 480px, (min-width: 481px) 764px, 100vw\" \/><\/p>\n<h3>Funktionen und Spezifikationen<\/h3>\n<h4>Wichtige Produktmerkmale<\/h4>\n<ul>\n<li><strong>Energieeffizient:<\/strong><br \/>\nDer doppeltwirkende Hydraulikzylinder ist auf maximale Energieeffizienz ausgelegt und erm\u00f6glicht einen effektiven Betrieb bei minimalem Energieverbrauch. Diese Funktion senkt nicht nur die Betriebskosten, sondern tr\u00e4gt auch zur \u00f6kologischen Nachhaltigkeit bei, indem sie den Gesamtenergieverbrauch hydraulischer Anlagen senkt.<\/li>\n<li><strong>Hohe Betriebseffizienz:<\/strong><br \/>\nDieser Hydraulikzylinder ist auf optimale Leistung ausgelegt und bietet au\u00dfergew\u00f6hnliche Betriebseffizienz. Seine robuste Konstruktion und fortschrittliche Technik erm\u00f6glichen einen zuverl\u00e4ssigen Betrieb unter hohem Druck und schweren Lasten und machen ihn ideal f\u00fcr eine Vielzahl anspruchsvoller Industrieanwendungen.<\/li>\n<li><strong>Sicher und zuverl\u00e4ssig:<\/strong><br \/>\nSicherheit steht bei der Konstruktion des Hydraulikzylinders an erster Stelle. Dieser Zylinder besteht aus hochwertigen Materialien und verf\u00fcgt \u00fcber fortschrittliche Sicherheitsfunktionen, wodurch er dicht und ausfallsicher ist. Diese Zuverl\u00e4ssigkeit gibt dem Bediener die Gewissheit, dass die Ausr\u00fcstung auch in anspruchsvollsten Umgebungen sicher und zuverl\u00e4ssig arbeitet.<\/li>\n<\/ul>\n<h3>Funktionsprinzip hydraulischer Systeme<\/h3>\n<p>Der Hydraulikzylinder arbeitet nach dem Grundprinzip des Fl\u00fcssigkeitsdrucks. Wenn Hydraulikfl\u00fcssigkeit in den Zylinder gelangt, \u00fcbt sie Druck auf den Kolben im Inneren aus. Dieser Druck erzeugt eine lineare Kraft, die eine Bewegung des Kolbens in beide Richtungen erm\u00f6glicht, was f\u00fcr eine Vielzahl von Anwendungen unerl\u00e4sslich ist.<\/p>\n<p>Wenn die Hydraulikfl\u00fcssigkeit in den Zylinder flie\u00dft, dr\u00fcckt sie den Kolben und erzeugt so die n\u00f6tige Kraft zum Heben oder Bewegen schwerer Lasten. Dank der doppeltwirkenden Konstruktion kann der Zylinder sowohl in der Ausfahr- als auch in der Einfahrphase arbeiten, was Effizienz und Vielseitigkeit maximiert. Dieses Funktionsprinzip macht Hydrauliksysteme in verschiedenen industriellen Anwendungen, vom Bauwesen bis zur Fertigung, so leistungsstark und effektiv.<\/p>\n<p>Zusammenfassend l\u00e4sst sich sagen, dass der doppeltwirkende Hydraulikzylinder von FMP ein Kraftpaket an Effizienz und Zuverl\u00e4ssigkeit ist. Mit seinen einzigartigen Funktionen, technischen Spezifikationen und seinem robusten Funktionsprinzip ist er ein unverzichtbares Werkzeug f\u00fcr Unternehmen, die ihre Hydraulikprozesse optimieren und ihre Produktivit\u00e4t steigern m\u00f6chten. Erleben Sie die Leistungsf\u00e4higkeit der Hydrauliktechnologie mit FMP und transformieren Sie die Art und Weise, wie Sie Energie in Ihrem Betrieb nutzen.<\/p>\n<p><img decoding=\"async\" src=\"https:\/\/hzpt.com\/wp-content\/uploads\/2023\/12\/random-2.webp\" alt=\"\" title=\"\"><\/p>\n<h2>Vorteile des geschwei\u00dften T-Typ-Zylinders<\/h2>\n<ul>\n<li style=\"list-style-type: none;\">\n<ul>\n<li><strong>Erh\u00f6hte St\u00e4rke:<\/strong> Geschwei\u00dfte T-Zylinder zeichnen sich durch ihre hohe Festigkeit aus und eignen sich daher f\u00fcr Anwendungen, bei denen schwere Lasten gehoben werden m\u00fcssen. Das bei der Herstellung dieser Zylinder verwendete Schwei\u00dfverfahren stellt sicher, dass der Zylinder keine Schwachstellen aufweist und hohem Druck und hoher Belastung standh\u00e4lt.<\/li>\n<\/ul>\n<\/li>\n<\/ul>\n<p>Wenn Druck auf den Zylinder ausge\u00fcbt wird, verteilt sich dieser gleichm\u00e4\u00dfig \u00fcber die gesamte Oberfl\u00e4che und macht ihn so verformungsbest\u00e4ndig. Diese Eigenschaft stellt sicher, dass der Zylinder auch unter extremen Bedingungen seine Form und strukturelle Integrit\u00e4t beh\u00e4lt.<\/p>\n<ul>\n<li style=\"list-style-type: none;\">\n<ul>\n<li><strong>Leckageschutz:<\/strong> Geschwei\u00dfte T-Flaschen verhindern Leckagen. Das Schwei\u00dfverfahren bei der Herstellung gew\u00e4hrleistet die vollst\u00e4ndige Abdichtung des Zylinders und verhindert m\u00f6gliche Leckagen. Dadurch eignen sie sich f\u00fcr Anwendungen, bei denen Leckagen schwere Sch\u00e4den oder Verletzungen verursachen k\u00f6nnen.<\/li>\n<\/ul>\n<\/li>\n<\/ul>\n<p>Die Schwei\u00dfverbindungen sind glatt und weisen keine Spalten oder Rillen auf, in denen sich Ablagerungen oder Schmutz ansammeln k\u00f6nnen. Dadurch wird das Risiko von Korrosion und Besch\u00e4digung des Zylinders verringert.<\/p>\n<ul>\n<li style=\"list-style-type: none;\">\n<ul>\n<li><strong>Anpassbar:<\/strong> Geschwei\u00dfte T-Zylinder k\u00f6nnen an spezifische Anwendungen angepasst werden. Die Zylinder sind in verschiedenen Gr\u00f6\u00dfen und Formen erh\u00e4ltlich und k\u00f6nnen so gefertigt werden, dass sie den spezifischen Anforderungen der Anwendung entsprechen.<\/li>\n<\/ul>\n<\/li>\n<\/ul>\n<p>Durch die individuelle Anpassung kann die Leistung des Zylinders optimiert und sichergestellt werden, dass er f\u00fcr die vorgesehene Anwendung geeignet ist. Dadurch eignen sich geschwei\u00dfte T-Zylinder ideal f\u00fcr den Einsatz in verschiedenen industriellen Anwendungen, darunter im Baugewerbe, im Bergbau und in der Materialhandhabung.<\/p>\n<ul>\n<li style=\"list-style-type: none;\">\n<ul>\n<li><strong>Kosteng\u00fcnstig:<\/strong> Geschwei\u00dfte T-Zylinder sind im Vergleich zu anderen Zylindertypen kosteng\u00fcnstig. Der Herstellungsprozess dieser Zylinder ist einfach und daher weniger kostspielig als bei anderen Zylindertypen.<\/li>\n<\/ul>\n<\/li>\n<\/ul>\n<p>Dar\u00fcber hinaus reduzieren die hohe Festigkeit und Langlebigkeit geschwei\u00dfter T-Zylinder den Bedarf an h\u00e4ufigen Reparaturen und Austauschvorg\u00e4ngen und senken so die Wartungskosten. Diese Eigenschaft macht sie zu einer beliebten Wahl f\u00fcr viele Branchen, insbesondere f\u00fcr diejenigen mit begrenztem Budget.<\/p>\n<ul>\n<li style=\"list-style-type: none;\">\n<ul>\n<li><strong>Erh\u00f6hte Effizienz:<\/strong> Geschwei\u00dfte T-Zylinder sind hocheffizient und effektiv. Die Konstruktion des Zylinders sorgt daf\u00fcr, dass die aufgebrachte Kraft direkt auf die Last \u00fcbertragen wird, wodurch Energieverluste reduziert und die Effizienz gesteigert werden.<\/li>\n<\/ul>\n<\/li>\n<\/ul>\n<p>Die Schwei\u00dfverbindungen sind stark und steif, minimieren die Durchbiegung und gew\u00e4hrleisten, dass der Zylinder auch unter extremen Bedingungen seine Form und strukturelle Integrit\u00e4t beh\u00e4lt. Diese Eigenschaft macht geschwei\u00dfte T-Zylinder ideal f\u00fcr Anwendungen, die hohe Effizienz und Zuverl\u00e4ssigkeit erfordern.<\/p>\n<p><img decoding=\"async\" class=\"aligncenter\" src=\"https:\/\/hzpt.com\/wp-content\/uploads\/2023\/12\/random-4.webp\" alt=\"\" title=\"\"><\/p>\n<h2>Anwendung von geschwei\u00dften T-Typ-Zylindern<\/h2>\n<h3>Einf\u00fchrung<\/h3>\n<p>Geschwei\u00dfte T-St\u00fcck-Zylinder sind Hydraulikzylinder, die h\u00e4ufig in industriellen Anwendungen eingesetzt werden. Sie bieten hohe Kraftleistung in einem kompakten und kosteng\u00fcnstigen Geh\u00e4use. Dieser Zylindertyp besteht aus einem geschwei\u00dften T-St\u00fcck und einer daran befestigten Kolbenstange. Das T-St\u00fcck ist mit dem Zylinderrohr verbunden und enth\u00e4lt einen Kolben, der sich im Zylinderrohr hin und her bewegt, um Kraft zu erzeugen.<\/p>\n<h3>Vorteile des geschwei\u00dften T-Typ-Zylinders<\/h3>\n<p>Die Verwendung eines geschwei\u00dften T-Zylinders in industriellen Anwendungen bietet mehrere Vorteile:<\/p>\n<ul>\n<li><b>Kompaktes Design:<\/b> Geschwei\u00dfte T-Zylinder sind kompakt konstruiert und daher ideal f\u00fcr den Einsatz in Anwendungen mit begrenztem Platzangebot.<\/li>\n<li><b>Hohe Effizienz:<\/b> Geschwei\u00dfte T-Zylinder sind hocheffizient, das hei\u00dft, sie k\u00f6nnen mit minimalem Energieeinsatz eine gro\u00dfe Kraft erzeugen.<\/li>\n<li><b>Dauerhaft:<\/b> Geschwei\u00dfte T-Zylinder sind auf hohe Haltbarkeit ausgelegt, das hei\u00dft, sie halten rauen Betriebsbedingungen stand und sind sehr langlebig.<\/li>\n<li><b>Kosteng\u00fcnstig:<\/b> Geschwei\u00dfte T-Zylinder sind kosteng\u00fcnstig und bieten daher ein gutes Preis-Leistungs-Verh\u00e4ltnis.<\/li>\n<\/ul>\n<p><img loading=\"lazy\" decoding=\"async\" class=\"size-full wp-image-977 aligncenter\" src=\"https:\/\/fmp-components.com\/wp-content\/uploads\/2024\/12\/Welded-Tee-Type-Cylinder3.webp\" alt=\"Geschwei\u00dfter T-Typ-Zylinder\" width=\"653\" height=\"600\" title=\"\" srcset=\"https:\/\/fmp-components.com\/wp-content\/uploads\/2024\/12\/Welded-Tee-Type-Cylinder3.webp 653w, https:\/\/fmp-components.com\/wp-content\/uploads\/2024\/12\/Welded-Tee-Type-Cylinder3-480x441.webp 480w\" sizes=\"(min-width: 0px) and (max-width: 480px) 480px, (min-width: 481px) 653px, 100vw\" \/><\/p>\n<h3>Anwendungen von geschwei\u00dften T-Zylindern<\/h3>\n<p>Es gibt viele Anwendungen f\u00fcr geschwei\u00dfte T-Zylinder in verschiedenen Branchen, darunter:<\/p>\n<ul>\n<li><b>Herstellung:<\/b> Geschwei\u00dfte T-Zylinder werden in der Fertigung zum Betreiben von Maschinen, zum Bewegen schwerer Lasten und zum Formen von Metallteilen verwendet.<\/li>\n<li><b>Landwirtschaft:<\/b> Geschwei\u00dfte T-Zylinder werden in der Landwirtschaft zum Betreiben von Hydrauliksystemen an Traktoren, Erntemaschinen und anderen landwirtschaftlichen Ger\u00e4ten verwendet.<\/li>\n<li><b>Konstruktion:<\/b> Geschwei\u00dfte T-Zylinder werden im Bauwesen zum Betreiben von Maschinen wie Kr\u00e4nen, Baggern und L\u00f6ffelbaggern verwendet.<\/li>\n<li><b>Bergbau:<\/b> Geschwei\u00dfte T-Zylinder werden im Bergbau zum Betreiben von Hydrauliksystemen an schweren Ger\u00e4ten wie Bulldozern, Ladern und Gesteinsbohrern verwendet.<\/li>\n<li><b>Transport:<\/b> Geschwei\u00dfte T-Zylinder werden im Transportwesen zum Betreiben von Hydrauliksystemen in Lastkraftwagen, Bussen und anderen Fahrzeugen verwendet.<\/li>\n<\/ul>\n<p>Zusammenfassend l\u00e4sst sich sagen, dass geschwei\u00dfte T-Zylinder eine wichtige Komponente in vielen industriellen Anwendungen sind. Sie sind kompakt, effizient, langlebig und kosteng\u00fcnstig und eignen sich daher ideal f\u00fcr ein breites Anwendungsspektrum. Ob Sie Maschinen in einer Produktionsanlage, landwirtschaftliche Ger\u00e4te auf einem Bauernhof oder schweres Ger\u00e4t in einem Bergwerk bedienen \u2013 geschwei\u00dfte T-Zylinder helfen Ihnen, Ihre Arbeit effizient und effektiv zu erledigen.<\/p>\n<h3>\u00dcber FMP<\/h3>\n<p>FMP ist seit \u00fcber 30 Jahren ein renommierter Hersteller und Lieferant von Hydraulikzylindern aller Art. Unser Produktionsstandort befindet sich in Italien und wir sind stolz darauf, \u00fcber mehr als 100 hochmoderne Maschinen zu verf\u00fcgen. Unser umfangreicher Maschinenpark umfasst automatische Schutzgasschwei\u00dfmaschinen, Tieflochbohrmaschinen, CNC-Drehmaschinen, Rundschleifmaschinen, automatische Reinigungsmaschinen, automatische Installationsmaschinen, automatische Hydraulikzylinder-Leistungspr\u00fcfst\u00e4nde, automatische Lackieranlagen und vieles mehr.<\/p>\n<p><img decoding=\"async\" src=\"https:\/\/fmp-components.com\/wp-content\/uploads\/2024\/12\/fmp-factory-4.webp\" alt=\"FMP-Fabrik\" width=\"800\" title=\"\"><\/p>\n<p>Bei Hydraulikzylindern garantiert FMP h\u00f6chste Qualit\u00e4t und Zuverl\u00e4ssigkeit. Jeder Hydraulikzylinder wird strengen Pr\u00fcfungen unterzogen, um unseren Kunden au\u00dfergew\u00f6hnliche Leistung zu garantieren. Wir sind stolz darauf, Ihnen folgende Vorteile bieten zu k\u00f6nnen:<\/p>\n<ol>\n<li><strong>Design-Service:<\/strong> Unser erfahrenes Designteam ist spezialisiert auf die Entwicklung und Konstruktion von Gelenkwellen. Wenn Sie spezielle Anforderungen an neue Produkte haben oder weitere Verbesserungen w\u00fcnschen, unterst\u00fctzen wir Sie gerne.<\/li>\n<li><strong>Produktservice:<\/strong> Unser umfassender Produktservice umfasst einen optimierten Prozess vom Rohmaterial bis zum Transport. Wir gew\u00e4hrleisten sorgf\u00e4ltige Schritte wie Schneiden, Grobbearbeitung, Pr\u00fcfung, Reinigung, Montage, Verpackung und Transport, um erstklassige Hydraulikzylinder zu liefern.<\/li>\n<li><strong>Beispielprozess:<\/strong> Bei FMP wissen wir, wie wichtig ma\u00dfgeschneiderte Muster sind. Wir entwickeln Muster basierend auf Ihren Anforderungen und passen sie kontinuierlich an Ihre spezifischen Bed\u00fcrfnisse an.<\/li>\n<li><strong>Forschung und Entwicklung:<\/strong> Als zukunftsorientiertes Unternehmen beobachten wir st\u00e4ndig die sich entwickelnden Bed\u00fcrfnisse des Marktes, insbesondere bei der Einf\u00fchrung neuer Fahrzeuge. Dies erm\u00f6glicht es uns, neue Modelle zu entwickeln und unsere f\u00fchrende Position in der Branche zu behaupten.<\/li>\n<li><strong>Anpassung:<\/strong> Wir sind auf die Herstellung und den Vertrieb verschiedener Hydraulikzylinder spezialisiert und freuen uns \u00fcber individuelle Anpassungen. Ob Sie spezielle Gr\u00f6\u00dfen, Funktionen oder andere Spezifikationen ben\u00f6tigen \u2013 unser Team erf\u00fcllt Ihre individuellen Anforderungen.<\/li>\n<\/ol>\n<p>Bei FMP k\u00f6nnen Sie darauf vertrauen, dass unsere Produkte pr\u00e4zise gefertigt werden und strengen Qualit\u00e4tskontrollen unterliegen. Wir laden Sie ein, mit uns zusammenzuarbeiten, um alle Ihre Hydraulikzylinderanforderungen zu erf\u00fcllen. Kontaktieren Sie uns noch heute, um die M\u00f6glichkeiten zu erkunden.<\/p>\n<p><img loading=\"lazy\" decoding=\"async\" class=\"size-full wp-image-974 aligncenter\" src=\"https:\/\/fmp-components.com\/wp-content\/uploads\/2024\/12\/application-of-Welded-Tee-Type-Cylinder.webp\" alt=\"Anwendung von geschwei\u00dften T-Zylindern\" width=\"760\" height=\"860\" title=\"\" srcset=\"https:\/\/fmp-components.com\/wp-content\/uploads\/2024\/12\/application-of-Welded-Tee-Type-Cylinder.webp 760w, https:\/\/fmp-components.com\/wp-content\/uploads\/2024\/12\/application-of-Welded-Tee-Type-Cylinder-480x543.webp 480w\" sizes=\"(min-width: 0px) and (max-width: 480px) 480px, (min-width: 481px) 760px, 100vw\" \/><\/p>\n<h2>H\u00e4ufig gestellte Fragen<\/h2>\n<p><b>Frage 1:<\/b> Was ist der hydraulische Ram-Zylinder?<\/p>\n<p><b>A1:<\/b> Der hydraulische Ram-Zylinder ist eine hocheffiziente Hydraulikl\u00f6sung, die f\u00fcr den Betrieb die Kraft des Fl\u00fcssigkeitsdrucks nutzt.<\/p>\n<p><b>F2:<\/b> Was sind die Hauptmerkmale des Hydraulikzylinders?<\/p>\n<p><b>A2:<\/b> Der hydraulische Ram-Zylinder ist energieeffizient, hochfunktional, sicher und zuverl\u00e4ssig.<\/p>\n<p><b>Frage 3:<\/b> Welche Anwendungen gibt es f\u00fcr Hydraulikzylinder?<\/p>\n<p><b>A3:<\/b> Der hydraulische Ram-Zylinder wird h\u00e4ufig verwendet in \u2026<\/p>\n<p><b>Frage 4:<\/b> Warum sollte ich mich f\u00fcr den Hydraulikzylinder von FMP entscheiden?<\/p>\n<p><b>A4:<\/b> Der hydraulische Ram-Zylinder von FMP ist von h\u00f6chster Qualit\u00e4t und bietet hohe Leistung, Zuverl\u00e4ssigkeit und Energieeffizienz.<\/p>\n<p><b>F5:<\/b> Welche weiteren Produkte bietet FMP an?<\/p>\n<p><b>A5:<\/b> Zus\u00e4tzlich zu Hydraulikzylindern bietet FMP eine Vielzahl anderer Hydraulikl\u00f6sungen f\u00fcr verschiedene Branchen und Anwendungen an, darunter Hydraulikzylinder f\u00fcr Gabelstapler, Zylinder f\u00fcr Muldenkipper im Bergbau und Hydraulikzylinder f\u00fcr Sanit\u00e4rmaschinen.<\/p>\n<p>Autor: CX<\/p>","protected":false},"excerpt":{"rendered":"<p>Discover the Power of the Hydraulic Ram Cylinder Experience high-efficiency power with FMP&#8217;s superior quality Double Acting Hydraulic Ram Cylinder. Since its establishment in 2006, FMP has been at the forefront of providing top-of-the-line hydraulic solutions to industries around the world, revolutionizing the way we harness and utilize hydraulic power. With a commitment to innovation [&hellip;]<\/p>","protected":false},"featured_media":1132,"comment_status":"closed","ping_status":"closed","template":"","meta":{"_et_pb_use_builder":"","_et_pb_old_content":"","_et_gb_content_width":""},"product_brand":[],"product_cat":[31],"product_tag":[34,35],"class_list":{"0":"post-927","1":"product","2":"type-product","3":"status-publish","4":"has-post-thumbnail","6":"product_cat-welded-tee-type-cylinder","7":"product_tag-hydraulic-cylinder","8":"product_tag-welded-tee-type-cylinder","10":"first","11":"instock","12":"product-type-simple"},"_links":{"self":[{"href":"https:\/\/fmp-components.com\/de\/wp-json\/wp\/v2\/product\/927","targetHints":{"allow":["GET"]}}],"collection":[{"href":"https:\/\/fmp-components.com\/de\/wp-json\/wp\/v2\/product"}],"about":[{"href":"https:\/\/fmp-components.com\/de\/wp-json\/wp\/v2\/types\/product"}],"replies":[{"embeddable":true,"href":"https:\/\/fmp-components.com\/de\/wp-json\/wp\/v2\/comments?post=927"}],"wp:featuredmedia":[{"embeddable":true,"href":"https:\/\/fmp-components.com\/de\/wp-json\/wp\/v2\/media\/1132"}],"wp:attachment":[{"href":"https:\/\/fmp-components.com\/de\/wp-json\/wp\/v2\/media?parent=927"}],"wp:term":[{"taxonomy":"product_brand","embeddable":true,"href":"https:\/\/fmp-components.com\/de\/wp-json\/wp\/v2\/product_brand?post=927"},{"taxonomy":"product_cat","embeddable":true,"href":"https:\/\/fmp-components.com\/de\/wp-json\/wp\/v2\/product_cat?post=927"},{"taxonomy":"product_tag","embeddable":true,"href":"https:\/\/fmp-components.com\/de\/wp-json\/wp\/v2\/product_tag?post=927"}],"curies":[{"name":"wp","href":"https:\/\/api.w.org\/{rel}","templated":true}]}}