{"id":921,"date":"2024-12-19T03:39:00","date_gmt":"2024-12-19T03:39:00","guid":{"rendered":"https:\/\/fmp-components.com\/product\/10002-professional-craftsmanship-small-double-acting-stainless-steel-hydraulic-cylinder-for-tractor\/"},"modified":"2024-12-19T09:01:32","modified_gmt":"2024-12-19T09:01:32","slug":"10002-professional-craftsmanship-small-double-acting-stainless-steel-hydraulic-cylinder-for-tractor","status":"publish","type":"product","link":"https:\/\/fmp-components.com\/de\/product\/10002-professional-craftsmanship-small-double-acting-stainless-steel-hydraulic-cylinder-for-tractor\/","title":{"rendered":"10002 Professionelle Handwerkskunst, kleiner doppeltwirkender Hydraulikzylinder aus Edelstahl f\u00fcr Traktoren"},"content":{"rendered":"<p>Der kleine doppeltwirkende Hydraulikzylinder 10002 aus Edelstahl in professioneller Verarbeitung ist f\u00fcr optimale Leistung im Traktoreinsatz konzipiert. Durch die Kombination aus innovativem Design und hochwertigen Materialien ist dieser Hydraulikzylinder ein unverzichtbares Werkzeug zur Steigerung der Effizienz und Effektivit\u00e4t Ihrer landwirtschaftlichen Betriebe.<\/p>\n<p><img loading=\"lazy\" decoding=\"async\" class=\"size-full wp-image-977 aligncenter\" src=\"https:\/\/fmp-components.com\/wp-content\/uploads\/2024\/12\/Welded-Tee-Type-Cylinder3.webp\" alt=\"Geschwei\u00dfter T-Typ-Zylinder\" width=\"653\" height=\"600\" title=\"\" srcset=\"https:\/\/fmp-components.com\/wp-content\/uploads\/2024\/12\/Welded-Tee-Type-Cylinder3.webp 653w, https:\/\/fmp-components.com\/wp-content\/uploads\/2024\/12\/Welded-Tee-Type-Cylinder3-480x441.webp 480w\" sizes=\"(min-width: 0px) and (max-width: 480px) 480px, (min-width: 481px) 653px, 100vw\" \/><\/p>\n<h4>Hauptmerkmale:<\/h4>\n<ul>\n<li><strong>Doppeltwirkendes Design:<\/strong><br \/>\nDieser Hydraulikzylinder kann sowohl ausgefahren als auch eingefahren werden und bietet so vielseitige Funktionalit\u00e4t. Der doppeltwirkende Mechanismus sorgt f\u00fcr eine gleichm\u00e4\u00dfige und kontrollierte Bewegung und ist daher ideal f\u00fcr Aufgaben, die eine pr\u00e4zise Positionierung erfordern, wie z. B. das Anheben und Einstellen von Ger\u00e4ten.<\/li>\n<li><strong>Hochwertige Edelstahlkonstruktion:<\/strong><br \/>\nDieser Hydraulikzylinder aus hochwertigem Edelstahl bietet au\u00dfergew\u00f6hnliche Korrosions- und Verschlei\u00dfbest\u00e4ndigkeit. Diese Langlebigkeit gew\u00e4hrleistet, dass er den rauen Bedingungen in der Landwirtschaft standh\u00e4lt, seine Lebensdauer verl\u00e4ngert und seine zuverl\u00e4ssige Leistung gew\u00e4hrleistet.<\/li>\n<li><strong>Kompakte Gr\u00f6\u00dfe:<\/strong><br \/>\nDie kompakte Bauweise des Hydraulikzylinders 10002 erm\u00f6glicht eine einfache Installation in beengten R\u00e4umen, ohne dass Leistung oder Effizienz darunter leiden. Dank seiner Kompaktheit eignet er sich f\u00fcr verschiedene Traktormodelle und Anwendungen und erm\u00f6glicht so eine flexible Nutzung.<\/li>\n<li><strong>Hohe Leistung:<\/strong><br \/>\nDieser Hydraulikzylinder ist f\u00fcr hohe Kraft ausgelegt und kann erhebliche Lasten bew\u00e4ltigen. Damit eignet er sich ideal f\u00fcr eine Reihe landwirtschaftlicher Aufgaben. Seine hohe Leistung steigert die Gesamtproduktivit\u00e4t des Traktorbetriebs und sorgt f\u00fcr eine effiziente Aufgabenerledigung.<\/li>\n<li><strong>Vielseitige Anwendungen:<\/strong><br \/>\nDer Hydraulikzylinder 10002 eignet sich ideal f\u00fcr verschiedene Anwendungen, darunter Bodenbearbeitung, Heben und Schleppen. Seine Vielseitigkeit gew\u00e4hrleistet den effektiven Einsatz mit einer Vielzahl von Traktoranbauger\u00e4ten und maximiert so die Betriebseffizienz.<\/li>\n<\/ul>\n<h4>Technische Daten:<\/h4>\n<table style=\"width: 94.2857%; height: 160px;\">\n<thead>\n<tr>\n<th>Spezifikation<\/th>\n<th>Beschreibung<\/th>\n<\/tr>\n<\/thead>\n<tbody>\n<tr>\n<td><strong>Bohrungsgr\u00f6\u00dfe<\/strong><\/td>\n<td>Anpassbar<\/td>\n<\/tr>\n<tr>\n<td><strong>Hubl\u00e4nge<\/strong><\/td>\n<td>Verschiedene Optionen verf\u00fcgbar<\/td>\n<\/tr>\n<tr>\n<td><strong>Maximaler Druck<\/strong><\/td>\n<td>Bis zu 3000 PSI<\/td>\n<\/tr>\n<tr>\n<td><strong>Material<\/strong><\/td>\n<td>Hochwertiger Edelstahl<\/td>\n<\/tr>\n<tr>\n<td><strong>Verbindungstyp<\/strong><\/td>\n<td>Flansch- oder Gewindeausf\u00fchrung<\/td>\n<\/tr>\n<\/tbody>\n<\/table>\n<h4>Funktionsprinzip:<\/h4>\n<p>Der kleine doppeltwirkende Hydraulikzylinder 10002 aus Edelstahl arbeitet nach dem Prinzip des Hydraulikfl\u00fcssigkeitsdrucks. Wird Hydraulikfl\u00fcssigkeit in den Zylinder gepumpt, \u00fcbt sie Kraft auf den Kolben aus und erzeugt eine lineare Bewegung in beide Richtungen. Diese Doppelwirkung erm\u00f6glicht eine effektive Steuerung verschiedener Traktorfunktionen und steigert Leistung und Produktivit\u00e4t.<\/p>\n<p>Zusammenfassend ist der kleine doppeltwirkende Hydraulikzylinder 10002 Professional Craftsmanship aus Edelstahl eine robuste und effiziente L\u00f6sung f\u00fcr Traktoranwendungen. Seine hochwertige Konstruktion, das doppeltwirkende Design und die kompakte Gr\u00f6\u00dfe machen ihn zu einem unverzichtbaren Werkzeug zur Verbesserung der Leistung und Zuverl\u00e4ssigkeit landwirtschaftlicher Maschinen. Ob Heben, Verstellen oder Schleppen \u2013 dieser Hydraulikzylinder ist auf die hohen Anforderungen der modernen Landwirtschaft ausgelegt.<\/p>\n<p><img decoding=\"async\" class=\"aligncenter\" src=\"https:\/\/hzpt.com\/wp-content\/uploads\/2023\/12\/random-4.webp\" alt=\"FMP-Fabrik\" title=\"\"><\/p>\n<h2>Vorteile des geschwei\u00dften T-Typ-Zylinders<\/h2>\n<ul>\n<li style=\"list-style-type: none;\">\n<ul>\n<li><strong>Erh\u00f6hte St\u00e4rke:<\/strong> Geschwei\u00dfte T-Zylinder zeichnen sich durch ihre hohe Festigkeit aus und eignen sich daher f\u00fcr Anwendungen, bei denen schwere Lasten gehoben werden m\u00fcssen. Das bei der Herstellung dieser Zylinder verwendete Schwei\u00dfverfahren stellt sicher, dass der Zylinder keine Schwachstellen aufweist und hohem Druck und hoher Belastung standh\u00e4lt.<\/li>\n<\/ul>\n<\/li>\n<\/ul>\n<p>Wenn Druck auf den Zylinder ausge\u00fcbt wird, verteilt sich dieser gleichm\u00e4\u00dfig \u00fcber die gesamte Oberfl\u00e4che und macht ihn so verformungsbest\u00e4ndig. Diese Eigenschaft stellt sicher, dass der Zylinder auch unter extremen Bedingungen seine Form und strukturelle Integrit\u00e4t beh\u00e4lt.<\/p>\n<ul>\n<li style=\"list-style-type: none;\">\n<ul>\n<li><strong>Leckageschutz:<\/strong> Geschwei\u00dfte T-Flaschen verhindern Leckagen. Das Schwei\u00dfverfahren bei der Herstellung gew\u00e4hrleistet die vollst\u00e4ndige Abdichtung des Zylinders und verhindert m\u00f6gliche Leckagen. Dadurch eignen sie sich f\u00fcr Anwendungen, bei denen Leckagen schwere Sch\u00e4den oder Verletzungen verursachen k\u00f6nnen.<\/li>\n<\/ul>\n<\/li>\n<\/ul>\n<p>Die Schwei\u00dfverbindungen sind glatt und weisen keine Spalten oder Rillen auf, in denen sich Ablagerungen oder Schmutz ansammeln k\u00f6nnen. Dadurch wird das Risiko von Korrosion und Besch\u00e4digung des Zylinders verringert.<\/p>\n<ul>\n<li style=\"list-style-type: none;\">\n<ul>\n<li><strong>Anpassbar:<\/strong> Geschwei\u00dfte T-Zylinder k\u00f6nnen an spezifische Anwendungen angepasst werden. Die Zylinder sind in verschiedenen Gr\u00f6\u00dfen und Formen erh\u00e4ltlich und k\u00f6nnen so gefertigt werden, dass sie den spezifischen Anforderungen der Anwendung entsprechen.<\/li>\n<\/ul>\n<\/li>\n<\/ul>\n<p>Durch die individuelle Anpassung kann die Leistung des Zylinders optimiert und sichergestellt werden, dass er f\u00fcr die vorgesehene Anwendung geeignet ist. Dadurch eignen sich geschwei\u00dfte T-Zylinder ideal f\u00fcr den Einsatz in verschiedenen industriellen Anwendungen, darunter im Baugewerbe, im Bergbau und in der Materialhandhabung.<\/p>\n<ul>\n<li style=\"list-style-type: none;\">\n<ul>\n<li><strong>Kosteng\u00fcnstig:<\/strong> Geschwei\u00dfte T-Zylinder sind im Vergleich zu anderen Zylindertypen kosteng\u00fcnstig. Der Herstellungsprozess dieser Zylinder ist einfach und daher weniger kostspielig als bei anderen Zylindertypen.<\/li>\n<\/ul>\n<\/li>\n<\/ul>\n<p>Dar\u00fcber hinaus reduzieren die hohe Festigkeit und Langlebigkeit geschwei\u00dfter T-Zylinder den Bedarf an h\u00e4ufigen Reparaturen und Austauschvorg\u00e4ngen und senken so die Wartungskosten. Diese Eigenschaft macht sie zu einer beliebten Wahl f\u00fcr viele Branchen, insbesondere f\u00fcr diejenigen mit begrenztem Budget.<\/p>\n<ul>\n<li style=\"list-style-type: none;\">\n<ul>\n<li><strong>Erh\u00f6hte Effizienz:<\/strong> Geschwei\u00dfte T-Zylinder sind hocheffizient und effektiv. Die Konstruktion des Zylinders sorgt daf\u00fcr, dass die aufgebrachte Kraft direkt auf die Last \u00fcbertragen wird, wodurch Energieverluste reduziert und die Effizienz gesteigert werden.<\/li>\n<\/ul>\n<\/li>\n<\/ul>\n<p>Die Schwei\u00dfverbindungen sind stark und steif, minimieren die Durchbiegung und gew\u00e4hrleisten, dass der Zylinder auch unter extremen Bedingungen seine Form und strukturelle Integrit\u00e4t beh\u00e4lt. Diese Eigenschaft macht geschwei\u00dfte T-Zylinder ideal f\u00fcr Anwendungen, die hohe Effizienz und Zuverl\u00e4ssigkeit erfordern.<\/p>\n<h2>Anwendung von geschwei\u00dften T-Typ-Zylindern<\/h2>\n<ol>\n<li>\n<h3>Automobilindustrie<\/h3>\n<p>Geschwei\u00dfte T-Zylinder sind in der Automobilindustrie weit verbreitet. Sie werden in Autot\u00fcren, Motorhauben- und Kofferraumklappen, Cabriod\u00e4chern und Servolenkungen eingesetzt. Diese Zylinder werden aufgrund ihrer F\u00e4higkeit, hohe Kraft bei geringem Platzbedarf zu liefern, bevorzugt. Die T-Zylinderkonstruktion eignet sich gut f\u00fcr Anwendungen, bei denen die Kraft in zwei verschiedene Richtungen \u00fcbertragen werden muss.<\/p>\n<p>Dar\u00fcber hinaus erm\u00f6glicht die Schwei\u00dfkonstruktion dieser Zylinder einen leckagefreien Betrieb bei hohen Temperaturen und Dr\u00fccken. Dadurch eignen sie sich f\u00fcr den Einsatz in Motoren, Getrieben und Bremssystemen.<\/li>\n<li>\n<h3>Fertigungsindustrie<\/h3>\n<p>Geschwei\u00dfte T-Zylinder werden auch in der Fertigungsindustrie eingesetzt. Sie werden in hydraulischen Pressen, Schmiedemaschinen und Metallschneidemaschinen eingesetzt. Die hohe Kraftabgabe dieser Zylinder macht sie ideal f\u00fcr Anwendungen, bei denen viel Kraft auf kleinem Raum ben\u00f6tigt wird.<\/p>\n<p>Das T-Zylinder-Design eignet sich auch gut f\u00fcr Anwendungen, bei denen die Kraft in zwei verschiedene Richtungen \u00fcbertragen werden muss. Beispielsweise kann der T-Zylinder in einer hydraulischen Presse sowohl vertikal als auch horizontal Kraft \u00fcbertragen, was komplexere Fertigungsprozesse erm\u00f6glicht.<\/li>\n<li>\n<h3>Luft- und Raumfahrtindustrie<\/h3>\n<p>Geschwei\u00dfte T-Zylinder werden in der Luft- und Raumfahrtindustrie f\u00fcr eine Vielzahl von Anwendungen eingesetzt. Sie werden in Fahrwerkssystemen, Frachtt\u00fcren und Flugsteuerungssystemen verwendet. Die hohe Kraftabgabe und die kompakte Bauweise dieser Zylinder machen sie ideal f\u00fcr den Einsatz in den begrenzten Platzverh\u00e4ltnissen eines Flugzeugs.<\/p>\n<p>Die geschwei\u00dfte Konstruktion dieser Zylinder macht sie zudem widerstandsf\u00e4hig gegen die hohen Dr\u00fccke und Temperaturen im Flug. Dar\u00fcber hinaus erm\u00f6glicht die T-Zylinderkonstruktion die Kraft\u00fcbertragung in zwei verschiedene Richtungen und eignet sich daher gut f\u00fcr Anwendungen, bei denen die Kraft schr\u00e4g eingeleitet werden muss.<\/li>\n<li>\n<h3>Bauindustrie<\/h3>\n<p>Geschwei\u00dfte T-Zylinder werden in der Bauindustrie f\u00fcr schwere Hebe- und Transportaufgaben eingesetzt. Sie kommen in Kr\u00e4nen, Baggern und Tiefl\u00f6ffelbaggern zum Einsatz. Dank ihrer hohen Kraftabgabe und kompakten Bauweise eignen sich diese Zylinder ideal f\u00fcr den Einsatz auf Baustellen mit begrenztem Platzangebot.<\/p>\n<p>Die T-Zylinderkonstruktion erm\u00f6glicht die Kraft\u00fcbertragung in zwei verschiedene Richtungen und eignet sich daher gut f\u00fcr Anwendungen, bei denen die Kraft schr\u00e4g eingeleitet werden muss. Dank der Schwei\u00dfkonstruktion k\u00f6nnen diese Zylinder zudem bei hohen Dr\u00fccken und Temperaturen leckagefrei betrieben werden und eignen sich daher f\u00fcr den Einsatz in rauen Au\u00dfenumgebungen.<\/li>\n<\/ol>\n<p><img loading=\"lazy\" decoding=\"async\" class=\"size-full wp-image-974 aligncenter\" src=\"https:\/\/fmp-components.com\/wp-content\/uploads\/2024\/12\/application-of-Welded-Tee-Type-Cylinder.webp\" alt=\"Anwendung von geschwei\u00dften T-Zylindern\" width=\"760\" height=\"860\" title=\"\" srcset=\"https:\/\/fmp-components.com\/wp-content\/uploads\/2024\/12\/application-of-Welded-Tee-Type-Cylinder.webp 760w, https:\/\/fmp-components.com\/wp-content\/uploads\/2024\/12\/application-of-Welded-Tee-Type-Cylinder-480x543.webp 480w\" sizes=\"(min-width: 0px) and (max-width: 480px) 480px, (min-width: 481px) 760px, 100vw\" \/><\/p>\n<h3>\u00dcber FMP<\/h3>\n<p>FMP ist ein etablierter Hersteller von Hydraulikzylindern mit \u00fcber 30 Jahren Branchenerfahrung und Sitz in Italien. Wir sind auf die Herstellung einer breiten Palette von Hydraulikzylindern spezialisiert und bieten auch Anpassungsm\u00f6glichkeiten an die spezifischen Bed\u00fcrfnisse unserer Kunden.<\/p>\n<p>Hier sind f\u00fcnf Gr\u00fcnde, warum Sie sich f\u00fcr FMP entscheiden sollten, wenn Sie Hydraulikzylinder ben\u00f6tigen:<\/p>\n<p>1. Modernste Ausstattung<\/p>\n<p>Wir verf\u00fcgen \u00fcber mehr als 100 moderne Maschinen, darunter automatische Schutzgasschwei\u00dfmaschinen, Tieflochbohrmaschinen, CNC-Drehmaschinen, Rundschleifmaschinen, automatische Reinigungsmaschinen, automatische Installationsmaschinen, automatische Leistungspr\u00fcfst\u00e4nde f\u00fcr Hydraulikzylinder, automatische Lackierstra\u00dfen und vieles mehr. Mit unserem modernen Maschinenpark k\u00f6nnen wir die Qualit\u00e4t und Pr\u00e4zision unserer Hydraulikzylinder garantieren.<\/p>\n<p>2. Strenge Qualit\u00e4tskontrolle<\/p>\n<p>Alle unsere Hydraulikzylinder werden strengen Verarbeitungs- und Pr\u00fcfverfahren unterzogen, um sicherzustellen, dass sie unseren hohen Qualit\u00e4tsstandards entsprechen. Wir sind bestrebt, unseren Kunden die bestm\u00f6glichen Produkte zu liefern.<\/p>\n<p>3. Designleistungen<\/p>\n<p>Unser erfahrenes Designteam unterst\u00fctzt Sie bei der Entwicklung neuer oder der Verbesserung bestehender Produkte. Wir beraten und unterst\u00fctzen Sie w\u00e4hrend des gesamten Designprozesses.<\/p>\n<p>4. Kompletter Produktservice<\/p>\n<p>Wir bieten ein umfassendes Leistungsspektrum, von der Rohstoffauswahl bis zum Transport. Unser Prozess umfasst Schneiden, Grobbearbeitung, Pr\u00fcfung, Reinigung, Montage, Verpackung und vieles mehr. Wir bieten unseren Kunden umfassende Dienstleistungen, um sicherzustellen, dass sie mit ihren Hydraulikzylindern zufrieden sind.<\/p>\n<p>5. Forschung und Entwicklung<\/p>\n<p>Wir erforschen st\u00e4ndig die neuesten Markttrends und entwickeln neue Hydraulikzylindermodelle, um den Anforderungen unserer Kunden gerecht zu werden. Wir sind bestrebt, an der Spitze der Branche zu bleiben und unseren Kunden innovative L\u00f6sungen anzubieten.<\/p>\n<p><img decoding=\"async\" src=\"https:\/\/fmp-components.com\/wp-content\/uploads\/2024\/12\/fmp-factory-4.webp\" alt=\"FMP-Fabrik\" width=\"800\" title=\"\"><br \/>\nAutor: CX<\/p>","protected":false},"excerpt":{"rendered":"<p>The 10002 Professional Craftsmanship Small Double Acting Stainless Steel Hydraulic Cylinder is engineered for optimal performance in tractor applications. Combining innovative design with high-quality materials, this hydraulic cylinder is an essential tool for enhancing the efficiency and effectiveness of your agricultural operations. Key Features: Double Acting Design: This hydraulic cylinder operates in both extension and [&hellip;]<\/p>","protected":false},"featured_media":1133,"comment_status":"closed","ping_status":"closed","template":"","meta":{"_et_pb_use_builder":"","_et_pb_old_content":"","_et_gb_content_width":""},"product_brand":[],"product_cat":[31],"product_tag":[34,35],"class_list":{"0":"post-921","1":"product","2":"type-product","3":"status-publish","4":"has-post-thumbnail","6":"product_cat-welded-tee-type-cylinder","7":"product_tag-hydraulic-cylinder","8":"product_tag-welded-tee-type-cylinder","10":"first","11":"instock","12":"product-type-simple"},"_links":{"self":[{"href":"https:\/\/fmp-components.com\/de\/wp-json\/wp\/v2\/product\/921","targetHints":{"allow":["GET"]}}],"collection":[{"href":"https:\/\/fmp-components.com\/de\/wp-json\/wp\/v2\/product"}],"about":[{"href":"https:\/\/fmp-components.com\/de\/wp-json\/wp\/v2\/types\/product"}],"replies":[{"embeddable":true,"href":"https:\/\/fmp-components.com\/de\/wp-json\/wp\/v2\/comments?post=921"}],"wp:featuredmedia":[{"embeddable":true,"href":"https:\/\/fmp-components.com\/de\/wp-json\/wp\/v2\/media\/1133"}],"wp:attachment":[{"href":"https:\/\/fmp-components.com\/de\/wp-json\/wp\/v2\/media?parent=921"}],"wp:term":[{"taxonomy":"product_brand","embeddable":true,"href":"https:\/\/fmp-components.com\/de\/wp-json\/wp\/v2\/product_brand?post=921"},{"taxonomy":"product_cat","embeddable":true,"href":"https:\/\/fmp-components.com\/de\/wp-json\/wp\/v2\/product_cat?post=921"},{"taxonomy":"product_tag","embeddable":true,"href":"https:\/\/fmp-components.com\/de\/wp-json\/wp\/v2\/product_tag?post=921"}],"curies":[{"name":"wp","href":"https:\/\/api.w.org\/{rel}","templated":true}]}}