{"id":919,"date":"2024-12-19T03:39:00","date_gmt":"2024-12-19T03:39:00","guid":{"rendered":"https:\/\/fmp-components.com\/product\/10001-selected-products-double-acting-hydraulic-cylinder-with-end-plug-hole-for-agricultural-machinery-american-standard-black-serious\/"},"modified":"2024-12-26T09:00:43","modified_gmt":"2024-12-26T09:00:43","slug":"10001-selected-products-double-acting-hydraulic-cylinder-with-end-plug-hole-for-agricultural-machinery-american-standard-black-serious","status":"publish","type":"product","link":"https:\/\/fmp-components.com\/de\/product\/10001-selected-products-double-acting-hydraulic-cylinder-with-end-plug-hole-for-agricultural-machinery-american-standard-black-serious\/","title":{"rendered":"10001 Ausgew\u00e4hlte Produkte Doppeltwirkender Hydraulikzylinder mit Endstopfenloch f\u00fcr Landmaschinen Amerikanischer Standard SCHWARZ Serious"},"content":{"rendered":"<div class=\"ChatMessage_chatMessage__xkgHx\" data-complete=\"true\">\n<div class=\"ChatMessage_messageRow__DHlnq\">\n<div class=\"ChatMessage_messageWrapper__4Ugd6\">\n<div class=\"Message_rowWithFooter__FShU6\">\n<div class=\"Message_row__ug_UU\">\n<div class=\"Message_messageBubbleWrapper__sEq8z\">\n<div class=\"Message_leftSideMessageBubble__VPdk6\">\n<div class=\"Message_messageTextContainer__w64Sc\">\n<div>\n<div class=\"Markdown_markdownContainer__Tz3HQ\">\n<p>Der doppeltwirkende Hydraulikzylinder 10001 Selected Products wurde f\u00fcr Landmaschinen entwickelt und bietet zuverl\u00e4ssige Leistung und Langlebigkeit. Dieser Hydraulikzylinder entspricht amerikanischen Standards und verf\u00fcgt \u00fcber eine Endstopfenbohrung f\u00fcr mehr Vielseitigkeit in verschiedenen Anwendungen.<\/p>\n<h4>Hauptmerkmale:<\/h4>\n<ul>\n<li><strong>Doppeltwirkender Mechanismus:<\/strong><br \/>\nDieser Hydraulikzylinder arbeitet sowohl beim Ausfahren als auch beim Einfahren und gew\u00e4hrleistet so eine effiziente und kontrollierte Bewegung. Die doppeltwirkende Konstruktion verbessert seine Funktionalit\u00e4t f\u00fcr eine Vielzahl landwirtschaftlicher Aufgaben, vom Heben von Ger\u00e4ten bis zum Schieben und Ziehen.<\/li>\n<li><strong>Design der Endstopfen\u00f6ffnung:<\/strong><br \/>\nDie integrierte Endstopfenbohrung erm\u00f6glicht eine einfache Befestigung und individuelle Anpassung und ist somit f\u00fcr verschiedene Landmaschinenkonfigurationen geeignet. Diese Funktion verbessert die Anpassungsf\u00e4higkeit des Zylinders und stellt sicher, dass er spezifischen Betriebsanforderungen gerecht wird.<\/li>\n<li><strong>Hochwertige Konstruktion:<\/strong><br \/>\nDer Hydraulikzylinder 10001 wird aus hochwertigen Materialien gefertigt und ist f\u00fcr die anspruchsvollen Bedingungen in der Landwirtschaft ausgelegt. Seine robuste Konstruktion gew\u00e4hrleistet dauerhafte Leistung und Zuverl\u00e4ssigkeit, auch unter hoher Belastung.<\/li>\n<li><strong>Einhaltung des amerikanischen Standards:<\/strong><br \/>\nDieser Hydraulikzylinder wurde nach amerikanischen Industriestandards entwickelt und garantiert Kompatibilit\u00e4t und Sicherheit in landwirtschaftlichen Anwendungen. Landwirte k\u00f6nnen sich bei ihren Arbeiten auf seine Qualit\u00e4t und Leistung verlassen.<\/li>\n<li><strong>Vielseitige Anwendungen:<\/strong><br \/>\nDer Hydraulikzylinder 10001 eignet sich ideal f\u00fcr eine Vielzahl von Landmaschinen, darunter Traktoren, Erntemaschinen und Lader. Seine Vielseitigkeit macht ihn zu einer wertvollen Erg\u00e4nzung f\u00fcr jeden landwirtschaftlichen Betrieb.<\/li>\n<\/ul>\n<h4>Technische Daten:<\/h4>\n<table style=\"width: 97.8316%; height: 216px;\">\n<thead>\n<tr>\n<th>Spezifikation<\/th>\n<th>Beschreibung<\/th>\n<\/tr>\n<\/thead>\n<tbody>\n<tr>\n<td><strong>Tragf\u00e4higkeit<\/strong><\/td>\n<td>Anpassbar<\/td>\n<\/tr>\n<tr>\n<td><strong>Bohrungsgr\u00f6\u00dfe<\/strong><\/td>\n<td>Verschiedene Optionen verf\u00fcgbar<\/td>\n<\/tr>\n<tr>\n<td><strong>Hubl\u00e4nge<\/strong><\/td>\n<td>Anpassbar<\/td>\n<\/tr>\n<tr>\n<td><strong>Maximaler Druck<\/strong><\/td>\n<td>Bis zu 3000 PSI<\/td>\n<\/tr>\n<tr>\n<td><strong>Material<\/strong><\/td>\n<td>Hochwertiger Stahl<\/td>\n<\/tr>\n<tr>\n<td><strong>Verbindungstyp<\/strong><\/td>\n<td>Flansch- oder Gewindeausf\u00fchrung<\/td>\n<\/tr>\n<\/tbody>\n<\/table>\n<h4>Funktionsprinzip:<\/h4>\n<p>Der doppeltwirkende Hydraulikzylinder 10001 arbeitet mit Hydraulikfl\u00fcssigkeitsdruck. Wird Hydraulikfl\u00fcssigkeit in den Zylinder gepumpt, \u00fcbt sie Kraft auf den Kolben aus und erzeugt eine lineare Bewegung in beide Richtungen. Dieser effektive Mechanismus erm\u00f6glicht eine pr\u00e4zise Steuerung landwirtschaftlicher Aufgaben und steigert so Effizienz und Produktivit\u00e4t.<\/p>\n<p>Zusammenfassend ist der doppeltwirkende Hydraulikzylinder 10001 Selected Products mit Endstopfenloch eine zuverl\u00e4ssige und vielseitige L\u00f6sung f\u00fcr Landmaschinen. Seine robuste Konstruktion, die Einhaltung amerikanischer Standards und seine Anpassungsf\u00e4higkeit machen ihn zu einem unverzichtbaren Werkzeug f\u00fcr Landwirte, die ihre Betriebseffizienz verbessern m\u00f6chten.<\/p>\n<\/div>\n<\/div>\n<\/div>\n<\/div>\n<\/div>\n<\/div>\n<\/div>\n<\/div>\n<\/div>\n<\/div>\n<p><img decoding=\"async\" src=\"https:\/\/hzpt.com\/wp-content\/uploads\/2023\/12\/random-2.webp\" alt=\"\" title=\"\"><\/p>\n<h2>Produkteinf\u00fchrung<\/h2>\n<p>Der doppeltwirkende Hydraulikzylinder mit Endstopfen ist ein vielseitiger und zuverl\u00e4ssiger Hydraulikzylinder, der speziell f\u00fcr die hohen Anforderungen von Branchen wie Landwirtschaft, Bergbau und Bauwesen entwickelt wurde. Dieses Produkt hat sich seit langem durch bew\u00e4hrte Leistung und Langlebigkeit ausgezeichnet und ist in verschiedenen Ausf\u00fchrungen und Gr\u00f6\u00dfen f\u00fcr eine Vielzahl spezifischer Anwendungen erh\u00e4ltlich.<\/p>\n<p>Die Installation und Wartung dieses Hydraulikzylinders ist einfach und daher eine beliebte Wahl f\u00fcr Unternehmen, die ein unkompliziertes Produkt mit hervorragenden Ergebnissen suchen. Ob Landwirt, Bauarbeiter oder Bergmann \u2013 der doppeltwirkende Hydraulikzylinder mit Endstopfen ist ein unverzichtbares Werkzeug, mit dem Sie Ihre Arbeit schnell, effizient und sicher erledigen k\u00f6nnen.<\/p>\n<h2>Produktauswahl und Werbung<\/h2>\n<p>Die Wahl des richtigen Hydraulik\u00f6ls und der richtigen Dichtung ist entscheidend f\u00fcr den effizienten Betrieb des doppeltwirkenden Hydraulikzylinders. Regelm\u00e4\u00dfiger \u00d6lwechsel und regelm\u00e4\u00dfige Messungen des Hydraulikzylinders sind wichtig, um eine optimale Leistung zu gew\u00e4hrleisten. FMP bietet Richtlinien zur Auswahl des richtigen Hydraulik\u00f6ls und der richtigen Dichtung sowie zum Austausch und zur Messung des Hydraulikzylinders.<\/p>\n<p>FMP ist ein f\u00fchrender Anbieter von Hydraulikzylindern f\u00fcr mobile Maschinen in Italien. Wir bieten eine breite Produktpalette, darunter hydraulische Kippzylinder, hydraulische Lenkzylinder und hydraulische Hubzylinder, die alle auf au\u00dfergew\u00f6hnliche Leistung und Langlebigkeit ausgelegt sind. Unsere Konstruktionskapazit\u00e4t von 200.000 S\u00e4tzen und 300 S\u00e4tzen verschiedener vollautomatischer CNC-Produktionsanlagen und vollautomatischer Hydraulikzylinder-Montageanlagen stellt sicher, dass wir die Anforderungen von Unternehmen jeder Gr\u00f6\u00dfe erf\u00fcllen k\u00f6nnen.<\/p>\n<p>Ob Sie einen doppeltwirkenden Hydraulikzylinder f\u00fcr die Landwirtschaft, das Baugewerbe oder den Bergbau ben\u00f6tigen, FMP bietet das passende Produkt zu wettbewerbsf\u00e4higen Preisen. Wir bieten zudem einen exzellenten Service, um sicherzustellen, dass unsere Kunden mit ihren Eink\u00e4ufen rundum zufrieden sind.<\/p>\n<p>Dar\u00fcber hinaus liefert FMP eine Reihe weiterer Hydraulikzylinder, darunter Zylinder f\u00fcr Hubarbeitsb\u00fchnen, Hydraulikzylinder f\u00fcr Industriefahrzeuge, Zylinder f\u00fcr Drehbohranlagen, Autokr\u00e4ne, Hydraulikzylinder f\u00fcr Baumaschinen, Hydraulikzylinder f\u00fcr Gabelstapler, Zylinder f\u00fcr Muldenkipper, Hydraulikzylinder f\u00fcr Sanit\u00e4rmaschinen und mehr. Wir bieten auch Anpassungsdienste f\u00fcr Kunden mit spezifischen Anforderungen an.<\/p>\n<p><img decoding=\"async\" src=\"https:\/\/hzpt.com\/wp-content\/uploads\/2023\/12\/random-6.webp\" alt=\"FMP-Fabrik\" title=\"\"><\/p>\n<h2>FAQs<\/h2>\n<p>F: Wof\u00fcr wird der doppeltwirkende Hydraulikzylinder mit Endstopfenloch verwendet?<\/p>\n<p>A: Der doppeltwirkende Hydraulikzylinder wird in verschiedenen Bereichen wie Landwirtschaft, Bauwesen, Bergbau und mehr eingesetzt. Diese Zylinder sind wesentliche Bestandteile schwerer Maschinen und liefern die n\u00f6tige Kraft zum Heben, Schieben und Ziehen gro\u00dfer Lasten.<\/p>\n<p>F: Wie funktioniert das Hydrauliksystem?<\/p>\n<p>A: Das Hydrauliksystem funktioniert, indem eine unter Druck stehende Fl\u00fcssigkeit Kraft auf einen Kolben aus\u00fcbt. Der Kolben bewegt dann die Last und erm\u00f6glicht so die einfache und effiziente Bewegung schwerer Maschinen. Das Hydrauliksystem basiert auf dem Pascalschen Gesetz, das besagt, dass der auf eine Fl\u00fcssigkeit ausge\u00fcbte Druck gleichm\u00e4\u00dfig in alle Richtungen durch die Fl\u00fcssigkeit \u00fcbertragen wird.<\/p>\n<p>F: Was sind die Vorteile des doppeltwirkenden Hydraulikzylinders?<\/p>\n<p>A: Der doppeltwirkende Hydraulikzylinder ist energieeffizient, hocheffizient und sicher in der Anwendung. Er bietet au\u00dfergew\u00f6hnliche Leistung und Langlebigkeit und ist damit ein unverzichtbares Werkzeug f\u00fcr den reibungslosen Betrieb schwerer Maschinen.<\/p>\n<h2>Vorteile des geschwei\u00dften T-Typ-Zylinders<\/h2>\n<ul>\n<li style=\"list-style-type: none;\">\n<ul>\n<li><strong>Erh\u00f6hte St\u00e4rke:<\/strong> Geschwei\u00dfte T-Zylinder zeichnen sich durch ihre hohe Festigkeit aus und eignen sich daher f\u00fcr Anwendungen, bei denen schwere Lasten gehoben werden m\u00fcssen. Das bei der Herstellung dieser Zylinder verwendete Schwei\u00dfverfahren stellt sicher, dass der Zylinder keine Schwachstellen aufweist und hohem Druck und hoher Belastung standh\u00e4lt.<\/li>\n<\/ul>\n<\/li>\n<\/ul>\n<p>Wenn Druck auf den Zylinder ausge\u00fcbt wird, verteilt sich dieser gleichm\u00e4\u00dfig \u00fcber die gesamte Oberfl\u00e4che und macht ihn so verformungsbest\u00e4ndig. Diese Eigenschaft stellt sicher, dass der Zylinder auch unter extremen Bedingungen seine Form und strukturelle Integrit\u00e4t beh\u00e4lt.<\/p>\n<ul>\n<li style=\"list-style-type: none;\">\n<ul>\n<li><strong>Leckageschutz:<\/strong> Geschwei\u00dfte T-Flaschen verhindern Leckagen. Das Schwei\u00dfverfahren bei der Herstellung gew\u00e4hrleistet die vollst\u00e4ndige Abdichtung des Zylinders und verhindert m\u00f6gliche Leckagen. Dadurch eignen sie sich f\u00fcr Anwendungen, bei denen Leckagen schwere Sch\u00e4den oder Verletzungen verursachen k\u00f6nnen.<\/li>\n<\/ul>\n<\/li>\n<\/ul>\n<p>Die Schwei\u00dfverbindungen sind glatt und weisen keine Spalten oder Rillen auf, in denen sich Ablagerungen oder Schmutz ansammeln k\u00f6nnen. Dadurch wird das Risiko von Korrosion und Besch\u00e4digung des Zylinders verringert.<\/p>\n<ul>\n<li style=\"list-style-type: none;\">\n<ul>\n<li><strong>Anpassbar:<\/strong> Geschwei\u00dfte T-Zylinder k\u00f6nnen an spezifische Anwendungen angepasst werden. Die Zylinder sind in verschiedenen Gr\u00f6\u00dfen und Formen erh\u00e4ltlich und k\u00f6nnen so gefertigt werden, dass sie den spezifischen Anforderungen der Anwendung entsprechen.<\/li>\n<\/ul>\n<\/li>\n<\/ul>\n<p>Durch die individuelle Anpassung kann die Leistung des Zylinders optimiert und sichergestellt werden, dass er f\u00fcr die vorgesehene Anwendung geeignet ist. Dadurch eignen sich geschwei\u00dfte T-Zylinder ideal f\u00fcr den Einsatz in verschiedenen industriellen Anwendungen, darunter im Baugewerbe, im Bergbau und in der Materialhandhabung.<\/p>\n<ul>\n<li style=\"list-style-type: none;\">\n<ul>\n<li><strong>Kosteng\u00fcnstig:<\/strong> Geschwei\u00dfte T-Zylinder sind im Vergleich zu anderen Zylindertypen kosteng\u00fcnstig. Der Herstellungsprozess dieser Zylinder ist einfach und daher weniger kostspielig als bei anderen Zylindertypen.<\/li>\n<\/ul>\n<\/li>\n<\/ul>\n<p>Dar\u00fcber hinaus reduzieren die hohe Festigkeit und Langlebigkeit geschwei\u00dfter T-Zylinder den Bedarf an h\u00e4ufigen Reparaturen und Austauschvorg\u00e4ngen und senken so die Wartungskosten. Diese Eigenschaft macht sie zu einer beliebten Wahl f\u00fcr viele Branchen, insbesondere f\u00fcr diejenigen mit begrenztem Budget.<\/p>\n<ul>\n<li style=\"list-style-type: none;\">\n<ul>\n<li><strong>Erh\u00f6hte Effizienz:<\/strong> Geschwei\u00dfte T-Zylinder sind hocheffizient und effektiv. Die Konstruktion des Zylinders sorgt daf\u00fcr, dass die aufgebrachte Kraft direkt auf die Last \u00fcbertragen wird, wodurch Energieverluste reduziert und die Effizienz gesteigert werden.<\/li>\n<\/ul>\n<\/li>\n<\/ul>\n<p>Die Schwei\u00dfverbindungen sind stark und steif, minimieren die Durchbiegung und gew\u00e4hrleisten, dass der Zylinder auch unter extremen Bedingungen seine Form und strukturelle Integrit\u00e4t beh\u00e4lt. Diese Eigenschaft macht geschwei\u00dfte T-Zylinder ideal f\u00fcr Anwendungen, die hohe Effizienz und Zuverl\u00e4ssigkeit erfordern.<\/p>\n<p><img loading=\"lazy\" decoding=\"async\" class=\"size-full wp-image-977 aligncenter\" src=\"https:\/\/fmp-components.com\/wp-content\/uploads\/2024\/12\/Welded-Tee-Type-Cylinder3.webp\" alt=\"Geschwei\u00dfter T-Typ-Zylinder\" width=\"653\" height=\"600\" title=\"\" srcset=\"https:\/\/fmp-components.com\/wp-content\/uploads\/2024\/12\/Welded-Tee-Type-Cylinder3.webp 653w, https:\/\/fmp-components.com\/wp-content\/uploads\/2024\/12\/Welded-Tee-Type-Cylinder3-480x441.webp 480w\" sizes=\"(min-width: 0px) and (max-width: 480px) 480px, (min-width: 481px) 653px, 100vw\" \/><\/p>\n<h2>Anwendung von geschwei\u00dften T-Typ-Zylindern<\/h2>\n<ol>\n<li>\n<h3>Automobilindustrie<\/h3>\n<p>Geschwei\u00dfte T-Zylinder sind in der Automobilindustrie weit verbreitet. Sie werden in Autot\u00fcren, Motorhauben- und Kofferraumklappen, Cabriod\u00e4chern und Servolenkungen eingesetzt. Diese Zylinder werden aufgrund ihrer F\u00e4higkeit, hohe Kraft bei geringem Platzbedarf zu liefern, bevorzugt. Die T-Zylinderkonstruktion eignet sich gut f\u00fcr Anwendungen, bei denen die Kraft in zwei verschiedene Richtungen \u00fcbertragen werden muss.<\/p>\n<p>Dar\u00fcber hinaus erm\u00f6glicht die Schwei\u00dfkonstruktion dieser Zylinder einen leckagefreien Betrieb bei hohen Temperaturen und Dr\u00fccken. Dadurch eignen sie sich f\u00fcr den Einsatz in Motoren, Getrieben und Bremssystemen.<\/li>\n<li>\n<h3>Fertigungsindustrie<\/h3>\n<p>Geschwei\u00dfte T-Zylinder werden auch in der Fertigungsindustrie eingesetzt. Sie werden in hydraulischen Pressen, Schmiedemaschinen und Metallschneidemaschinen eingesetzt. Die hohe Kraftabgabe dieser Zylinder macht sie ideal f\u00fcr Anwendungen, bei denen viel Kraft auf kleinem Raum ben\u00f6tigt wird.<\/p>\n<p>Das T-Zylinder-Design eignet sich auch gut f\u00fcr Anwendungen, bei denen die Kraft in zwei verschiedene Richtungen \u00fcbertragen werden muss. Beispielsweise kann der T-Zylinder in einer hydraulischen Presse sowohl vertikal als auch horizontal Kraft \u00fcbertragen, was komplexere Fertigungsprozesse erm\u00f6glicht.<\/li>\n<li>\n<h3>Luft- und Raumfahrtindustrie<\/h3>\n<p>Geschwei\u00dfte T-Zylinder werden in der Luft- und Raumfahrtindustrie f\u00fcr eine Vielzahl von Anwendungen eingesetzt. Sie werden in Fahrwerkssystemen, Frachtt\u00fcren und Flugsteuerungssystemen verwendet. Die hohe Kraftabgabe und die kompakte Bauweise dieser Zylinder machen sie ideal f\u00fcr den Einsatz in den begrenzten Platzverh\u00e4ltnissen eines Flugzeugs.<\/p>\n<p>Die geschwei\u00dfte Konstruktion dieser Zylinder macht sie zudem widerstandsf\u00e4hig gegen die hohen Dr\u00fccke und Temperaturen im Flug. Dar\u00fcber hinaus erm\u00f6glicht die T-Zylinderkonstruktion die Kraft\u00fcbertragung in zwei verschiedene Richtungen und eignet sich daher gut f\u00fcr Anwendungen, bei denen die Kraft schr\u00e4g eingeleitet werden muss.<\/li>\n<li>\n<h3>Bauindustrie<\/h3>\n<p>Geschwei\u00dfte T-Zylinder werden in der Bauindustrie f\u00fcr schwere Hebe- und Transportaufgaben eingesetzt. Sie kommen in Kr\u00e4nen, Baggern und Tiefl\u00f6ffelbaggern zum Einsatz. Dank ihrer hohen Kraftabgabe und kompakten Bauweise eignen sich diese Zylinder ideal f\u00fcr den Einsatz auf Baustellen mit begrenztem Platzangebot.<\/p>\n<p>Die T-Zylinderkonstruktion erm\u00f6glicht die Kraft\u00fcbertragung in zwei verschiedene Richtungen und eignet sich daher gut f\u00fcr Anwendungen, bei denen die Kraft schr\u00e4g eingeleitet werden muss. Dank der Schwei\u00dfkonstruktion k\u00f6nnen diese Zylinder zudem bei hohen Dr\u00fccken und Temperaturen leckagefrei betrieben werden und eignen sich daher f\u00fcr den Einsatz in rauen Au\u00dfenumgebungen.<\/li>\n<\/ol>\n<h3>\u00dcber FMP<\/h3>\n<p>FMP ist ein etabliertes Unternehmen mit \u00fcber 30 Jahren Erfahrung in der Herstellung und dem Vertrieb verschiedener Arten von Hydraulikzylindern. Unser Industriegebiet befindet sich in Italien und wir sind stolz auf unsere hochmoderne Anlage mit \u00fcber 100 modernen Ger\u00e4ten, darunter automatische Schutzgasschwei\u00dfmaschinen, Tieflochbohrmaschinen, CNC-Drehmaschinen, Rundschleifmaschinen, automatische Reinigungsmaschinen, automatische Installationsmaschinen, automatische Hydraulikzylinder-Leistungspr\u00fcfst\u00e4nde und automatische Lackierstra\u00dfen.<\/p>\n<p><img decoding=\"async\" src=\"https:\/\/fmp-components.com\/wp-content\/uploads\/2024\/12\/fmp-factory-4.webp\" alt=\"FMP-Fabrik\" width=\"800\" title=\"\"><\/p>\n<p>Bei FMP legen wir gr\u00f6\u00dften Wert auf die Qualit\u00e4t und Zuverl\u00e4ssigkeit unserer Produkte. Jeder Hydraulikzylinder wird strengen Verarbeitungs- und Pr\u00fcfverfahren unterzogen, um unseren Kunden erstklassige Qualit\u00e4t zu gew\u00e4hrleisten.<\/p>\n<p>Hier sind die wichtigsten Vorteile und Merkmale unserer Produkte und unseres Unternehmens:<\/p>\n<ol>\n<li>Design-Service: Unser erfahrenes Designteam ist auf die Produktentwicklung und -entwicklung von Gelenkwellen spezialisiert. Ob Sie spezifische Anforderungen an neue Produkte haben oder weitere Verbesserungen w\u00fcnschen, wir unterst\u00fctzen Sie gerne.<\/li>\n<li>Produktservice: Unser umfassender Produktservice umfasst einen optimierten Prozess vom Rohmaterial bis zum Transport. Wir k\u00fcmmern uns um alles, vom Schneiden und der Grobbearbeitung bis hin zu Pr\u00fcfung, Reinigung, Montage, Verpackung und Transport, und sorgen so f\u00fcr ein reibungsloses Erlebnis f\u00fcr unsere Kunden.<\/li>\n<li>Musterprozess: Wir bieten Ihnen die Entwicklung von Mustern nach Ihren Anforderungen. Unser Team passt die Muster kontinuierlich an Ihre spezifischen Bed\u00fcrfnisse an und garantiert so die Kundenzufriedenheit.<\/li>\n<li>F&amp;E: Wir bleiben an der Spitze des Marktes, indem wir neue Marktbed\u00fcrfnisse analysieren und bei der Einf\u00fchrung neuer Fahrzeuge neue Modelle entwickeln. Dieses Engagement in Forschung und Entwicklung erm\u00f6glicht es uns, unseren Kunden innovative L\u00f6sungen anzubieten.<\/li>\n<li>Anpassung: Zus\u00e4tzlich zu unserem Standardangebot an Hydraulikzylindern nehmen wir auch Anpassungsw\u00fcnsche entgegen. Unser Team arbeitet eng mit Ihnen zusammen, um ma\u00dfgeschneiderte L\u00f6sungen zu entwickeln, die Ihren individuellen Anforderungen perfekt entsprechen.<\/li>\n<\/ol>\n<p>Entscheiden Sie sich f\u00fcr FMP, wenn Sie zuverl\u00e4ssige und hochwertige Hydraulikzylinder ben\u00f6tigen. Arbeiten Sie mit uns zusammen und erleben Sie unser Engagement f\u00fcr Spitzenleistungen. Kontaktieren Sie uns noch heute, um Ihren Bedarf an Hydraulikzylindern zu besprechen und zu erfahren, wie wir Sie unterst\u00fctzen k\u00f6nnen.<\/p>\n<p>Autor: CX<\/p>","protected":false},"excerpt":{"rendered":"<p>The 10001 Selected Products Double Acting Hydraulic Cylinder is engineered for agricultural machinery, providing reliable performance and durability. Designed to meet American standards, this hydraulic cylinder features an end plug hole for enhanced versatility in various applications. Key Features: Double Acting Mechanism: This hydraulic cylinder operates in both extension and retraction, ensuring efficient and controlled [&hellip;]<\/p>","protected":false},"featured_media":1132,"comment_status":"closed","ping_status":"closed","template":"","meta":{"_et_pb_use_builder":"","_et_pb_old_content":"","_et_gb_content_width":""},"product_brand":[],"product_cat":[31],"product_tag":[34,35],"class_list":{"0":"post-919","1":"product","2":"type-product","3":"status-publish","4":"has-post-thumbnail","6":"product_cat-welded-tee-type-cylinder","7":"product_tag-hydraulic-cylinder","8":"product_tag-welded-tee-type-cylinder","10":"first","11":"instock","12":"product-type-simple"},"_links":{"self":[{"href":"https:\/\/fmp-components.com\/de\/wp-json\/wp\/v2\/product\/919","targetHints":{"allow":["GET"]}}],"collection":[{"href":"https:\/\/fmp-components.com\/de\/wp-json\/wp\/v2\/product"}],"about":[{"href":"https:\/\/fmp-components.com\/de\/wp-json\/wp\/v2\/types\/product"}],"replies":[{"embeddable":true,"href":"https:\/\/fmp-components.com\/de\/wp-json\/wp\/v2\/comments?post=919"}],"wp:featuredmedia":[{"embeddable":true,"href":"https:\/\/fmp-components.com\/de\/wp-json\/wp\/v2\/media\/1132"}],"wp:attachment":[{"href":"https:\/\/fmp-components.com\/de\/wp-json\/wp\/v2\/media?parent=919"}],"wp:term":[{"taxonomy":"product_brand","embeddable":true,"href":"https:\/\/fmp-components.com\/de\/wp-json\/wp\/v2\/product_brand?post=919"},{"taxonomy":"product_cat","embeddable":true,"href":"https:\/\/fmp-components.com\/de\/wp-json\/wp\/v2\/product_cat?post=919"},{"taxonomy":"product_tag","embeddable":true,"href":"https:\/\/fmp-components.com\/de\/wp-json\/wp\/v2\/product_tag?post=919"}],"curies":[{"name":"wp","href":"https:\/\/api.w.org\/{rel}","templated":true}]}}