{"id":7977,"date":"2025-04-15T01:36:16","date_gmt":"2025-04-15T01:36:16","guid":{"rendered":"https:\/\/fmp-components.com\/?post_type=product&#038;p=7977"},"modified":"2025-04-15T01:50:22","modified_gmt":"2025-04-15T01:50:22","slug":"plastic-gear-set","status":"publish","type":"product","link":"https:\/\/fmp-components.com\/de\/product\/plastic-gear-set\/","title":{"rendered":"Kunststoff-Zahnradsatz"},"content":{"rendered":"<h2>Kunststoffzahnrads\u00e4tze: Pr\u00e4zision und Vielseitigkeit f\u00fcr mechanische Anwendungen<\/h2>\n<p>Kunststoffzahnr\u00e4der sind unverzichtbare Komponenten moderner mechanischer Systeme und bieten leichte, langlebige und kosteng\u00fcnstige L\u00f6sungen f\u00fcr die Kraft\u00fcbertragung. Diese Zahnr\u00e4der bestehen typischerweise aus Zahnr\u00e4dern unterschiedlicher Gr\u00f6\u00dfen und Z\u00e4hnezahlen, die f\u00fcr ein reibungsloses Zusammenspiel in Anwendungen von der Robotik bis zur Unterhaltungselektronik ausgelegt sind. In den innovationsstarken St\u00e4dten Italiens wie Mailand, Venedig, Florenz und Bologna werden Kunststoffzahnr\u00e4der aufgrund ihrer Rostbest\u00e4ndigkeit, Wartungsarmut und Schmierstofffreiheit h\u00e4ufig eingesetzt. Gefertigt aus hochwertigen technischen Kunststoffen, gew\u00e4hrleisten sie zuverl\u00e4ssige Leistung in verschiedensten Branchen.<\/p>\n<div>\n<h3 dir=\"auto\">Vorteile von Kunststoffzahnrads\u00e4tzen<\/h3>\n<p class=\"break-words\" dir=\"auto\">Zahnrads\u00e4tze aus Kunststoff bieten zahlreiche Vorteile, die sie gegen\u00fcber Alternativen aus Metall zur bevorzugten Wahl machen, insbesondere in den italienischen Entwicklungs- und Produktionszentren:<\/p>\n<ul class=\"marker:text-secondary\" dir=\"auto\">\n<li class=\"break-words\"><strong>Leicht<\/strong>Hergestellt aus Materialien wie Polyacetal (POM), Nylon und Duracon, reduzieren Kunststoffzahnr\u00e4der das Systemgewicht und eignen sich ideal f\u00fcr Anwendungen in den Robotiklaboren von Florenz oder den Automatisierungssektoren von Venedig.<\/li>\n<li class=\"break-words\"><strong>Korrosionsbest\u00e4ndigkeit<\/strong>Im Gegensatz zu Metallzahnr\u00e4dern sind Kunststoffzahnr\u00e4der rostfrei und gew\u00e4hrleisten so eine lange Lebensdauer in feuchten Umgebungen oder chemikalienbelasteten Bereichen, wie sie in den Industriegebieten von Bologna h\u00e4ufig vorkommen.<\/li>\n<li class=\"break-words\"><strong>Ger\u00e4uscharm<\/strong>Kunststoffzahnr\u00e4der arbeiten ger\u00e4uscharm und eignen sich daher f\u00fcr Unterhaltungselektronik und medizinische Ger\u00e4te, die in Mailands technologieorientierten M\u00e4rkten hergestellt werden.<\/li>\n<li class=\"break-words\"><strong>Kosteng\u00fcnstige Produktion<\/strong>Das Spritzgie\u00dfen erm\u00f6glicht die Massenproduktion zu niedrigen Kosten und unterst\u00fctzt so die skalierbare Fertigung f\u00fcr italienische Unternehmen.<\/li>\n<li class=\"break-words\"><strong>Keine Schmierung erforderlich<\/strong>Viele Kunststoffzahnr\u00e4der, beispielsweise solche aus Nylon, k\u00f6nnen ohne Schmierung mit Metallzahnr\u00e4dern kombiniert werden, wodurch die Wartungskosten gesenkt werden.<\/li>\n<\/ul>\n<p class=\"break-words\" dir=\"auto\">Trotz ihrer geringeren Festigkeit im Vergleich zu Metall k\u00f6nnen diese Einschr\u00e4nkungen durch eine sorgf\u00e4ltige Materialauswahl und Konstruktion ausgeglichen werden, wodurch eine zuverl\u00e4ssige Leistung bei spezifischen Belastungen und Bedingungen gew\u00e4hrleistet wird.<\/p>\n<div>\n<h3 dir=\"auto\">Materialien, die in Kunststoffzahnrads\u00e4tzen verwendet werden<\/h3>\n<p class=\"break-words\" dir=\"auto\">Die Leistungsf\u00e4higkeit eines Kunststoffzahnradsatzes h\u00e4ngt stark vom verwendeten Material ab. G\u00e4ngige Optionen sind:<\/p>\n<ul class=\"marker:text-secondary\" dir=\"auto\">\n<li class=\"break-words\"><strong>Polyacetal (POM)<\/strong>Bekannt f\u00fcr geringe Reibung und hohe Verschlei\u00dffestigkeit, ideal f\u00fcr Pr\u00e4zisionszahnr\u00e4der in Automobil- und Industrieanwendungen.<\/li>\n<li class=\"break-words\"><strong>Nylon (MC901)<\/strong>Bietet ausgezeichnete Zugfestigkeit und Elastizit\u00e4t und eignet sich daher perfekt f\u00fcr hochbelastbare Getriebes\u00e4tze im Maschinenbausektor von Bologna.<\/li>\n<li class=\"break-words\"><strong>Duacon<\/strong>Eine kosteng\u00fcnstige Option f\u00fcr spritzgegossene Zahnr\u00e4der, geeignet f\u00fcr Anwendungen mit geringer Belastung wie Heimwerkerprojekte in Florenz.<\/li>\n<li class=\"break-words\"><strong>PEEK und U-PE<\/strong>Wird in Hochleistungsumgebungen eingesetzt, die chemische Best\u00e4ndigkeit erfordern, wie sie h\u00e4ufig in der Mail\u00e4nder Medizintechnikindustrie zu finden sind.<\/li>\n<li class=\"break-words\"><strong>Verst\u00e4rkte Varianten<\/strong>Zahnr\u00e4der mit Naben aus Edelstahl oder Messing (z. B. Acetal mit SUS303-Kernen) erh\u00f6hen die Haltbarkeit in anspruchsvollen Umgebungen.<\/li>\n<\/ul>\n<p class=\"break-words\" dir=\"auto\">Diese Materialien erm\u00f6glichen es italienischen Herstellern, Getriebes\u00e4tze an spezifische Bed\u00fcrfnisse anzupassen und dabei Festigkeit, Gewicht und Umweltbest\u00e4ndigkeit in Einklang zu bringen.<\/p>\n<p dir=\"auto\"><img loading=\"lazy\" decoding=\"async\" class=\"size-full wp-image-7983 aligncenter\" src=\"https:\/\/fmp-components.com\/wp-content\/uploads\/2025\/04\/plastic-gear-set-product.webp\" alt=\"Kunststoffzahnradsatz\" width=\"853\" height=\"697\" title=\"\" srcset=\"https:\/\/fmp-components.com\/wp-content\/uploads\/2025\/04\/plastic-gear-set-product.webp 853w, https:\/\/fmp-components.com\/wp-content\/uploads\/2025\/04\/plastic-gear-set-product-480x392.webp 480w\" sizes=\"(min-width: 0px) and (max-width: 480px) 480px, (min-width: 481px) 853px, 100vw\" \/><\/p>\n<div>\n<h3 dir=\"auto\">Zahnradtypen in Kunststoff-Zahnrads\u00e4tzen<\/h3>\n<p class=\"break-words\" dir=\"auto\">Kunststoffzahnrads\u00e4tze enthalten typischerweise eine Vielzahl von Zahnradtypen, um unterschiedlichen mechanischen Anforderungen gerecht zu werden:<\/p>\n<ul class=\"marker:text-secondary\" dir=\"auto\">\n<li class=\"break-words\"><strong>Stirnr\u00e4der<\/strong>Einfach und effizient, verwendet f\u00fcr die unkomplizierte Energie\u00fcbertragung in Konsumg\u00fctern.<\/li>\n<li class=\"break-words\"><strong>Kegelr\u00e4der<\/strong>: Erm\u00f6glichung von Winkelbewegungen, die in der Robotik und in Automobilsystemen in Venedig \u00fcblich sind.<\/li>\n<li class=\"break-words\"><strong>Winkelgetriebe<\/strong>: Erm\u00f6glicht eine 90-Grad-Kraft\u00fcbertragung, ideal f\u00fcr kompakte Maschinen.<\/li>\n<li class=\"break-words\"><strong>Schneckenr\u00e4der und W\u00fcrmer<\/strong>: Bietet hohe \u00dcbersetzungsverh\u00e4ltnisse f\u00fcr eine pr\u00e4zise Steuerung, wie sie in den Automatisierungsanlagen Mailands verwendet werden.<\/li>\n<li class=\"break-words\"><strong>Regale<\/strong>: Umwandlung von Drehbewegungen in lineare Bewegungen, was Anwendungen wie CNC-Maschinen in Bologna unterst\u00fctzt.<\/li>\n<\/ul>\n<p class=\"break-words\" dir=\"auto\">Die Modulgr\u00f6\u00dfen reichen von 0,5 bis 4, wobei die Zahnflanken geschnitten oder spritzgegossen werden, um G\u00fcteklassen wie JIS N9-N12 zu erreichen und so die Kompatibilit\u00e4t mit verschiedenen Systemen zu gew\u00e4hrleisten.<\/p>\n<div>\n<h3 dir=\"auto\">Anwendungsbereiche in verschiedenen Branchen<\/h3>\n<p class=\"break-words\" dir=\"auto\">Kunststoffzahnrads\u00e4tze sind vielseitig einsetzbar und finden in Italiens dynamischer Wirtschaft in einer Vielzahl von Branchen Verwendung:<\/p>\n<ul class=\"marker:text-secondary\" dir=\"auto\">\n<li class=\"break-words\"><strong>Robotik<\/strong>Leichte Zahnr\u00e4der erm\u00f6glichen agile Bewegungen in Prototypen, die in den Technologiezentren von Florenz entwickelt wurden.<\/li>\n<li class=\"break-words\"><strong>Unterhaltungselektronik<\/strong>Leise und langlebige Zahnr\u00e4der treiben Ger\u00e4te wie Drucker und Kameras an, die in den Mail\u00e4nder Designstudios beliebt sind.<\/li>\n<li class=\"break-words\"><strong>Medizinische Ger\u00e4te<\/strong>Korrosionsbest\u00e4ndige Zahnr\u00e4der gew\u00e4hrleisten die Zuverl\u00e4ssigkeit der in Bologna hergestellten Diagnoseger\u00e4te.<\/li>\n<li class=\"break-words\"><strong>Automobilindustrie<\/strong>Kunststoffzahnr\u00e4der reduzieren das Gewicht in Hilfssystemen und unterst\u00fctzen so die Automobilzulieferer in Venedig.<\/li>\n<li class=\"break-words\"><strong>Selbermachen und Bildung<\/strong>Preisg\u00fcnstige Ausr\u00fcstungssets regen Innovationen in Klassenzimmern und Maker Spaces in ganz Italien an.<\/li>\n<\/ul>\n<p class=\"break-words\" dir=\"auto\">Ihre Anpassungsf\u00e4higkeit macht sie zu einem Eckpfeiler sowohl der Prototypenentwicklung als auch der Serienproduktion in der italienischen Industrielandschaft.<\/p>\n<div>\n<h2 class=\"\" dir=\"auto\">\u00dcber FMP: Ihre zuverl\u00e4ssige Quelle f\u00fcr Kunststoffzahnr\u00e4der<\/h2>\n<p class=\"break-words\" dir=\"auto\">Wir bei FMP sind stolz darauf, ein f\u00fchrender Hersteller von Kunststoffzahnr\u00e4dern zu sein und Unternehmen in Mailand, Venedig, Florenz und Bologna zu beliefern. Unser umfangreiches Sortiment umfasst Stirn-, Kegel-, Winkel-, Schnecken- und Zahnstangenzahnr\u00e4der, die mit h\u00f6chster Pr\u00e4zision gefertigt werden, um den Anforderungen verschiedenster Branchen \u2013 von der Robotik bis zur Automobilindustrie \u2013 gerecht zu werden. Wir sind spezialisiert auf:<\/p>\n<ul class=\"marker:text-secondary\" dir=\"auto\">\n<li class=\"break-words\"><strong>Umfassende Ausr\u00fcstungsl\u00f6sungen<\/strong>Wir bieten eine Vielzahl von Kunststoffzahnradtypen f\u00fcr jede mechanische Anwendung an.<\/li>\n<li class=\"break-words\"><strong>Kundenspezifische Fertigung<\/strong>Wir nehmen komplett kundenspezifische Auftr\u00e4ge entgegen und entwerfen Zahnr\u00e4der nach Ihren genauen Vorgaben, egal ob f\u00fcr Prototypen oder die Serienproduktion.<\/li>\n<li class=\"break-words\"><strong>Schnelle Unterst\u00fctzung<\/strong>Sie finden das gew\u00fcnschte Getriebemodell nicht in unserem Katalog? Wahrscheinlich haben wir es noch nicht hochgeladen. Senden Sie uns Ihre Anforderungen per E-Mail, und unsere Ingenieure melden sich innerhalb von 24 Stunden mit einer ma\u00dfgeschneiderten L\u00f6sung bei Ihnen.<\/li>\n<\/ul>\n<p class=\"break-words\" dir=\"auto\">FMP hat seinen Sitz im Herzen der italienischen Fertigungsindustrie und vereint modernste Spritzgusstechnologie mit h\u00f6chstem Qualit\u00e4tsanspruch, um den Erfolg Ihrer Projekte zu gew\u00e4hrleisten. Kontaktieren Sie uns noch heute unter <a href=\"mailto:info@fmpcomponents.it\">info@fmpcomponents.it<\/a> Entdecken Sie, wie unsere Kunststoffzahnrads\u00e4tze Ihre Innovationen vorantreiben k\u00f6nnen.<\/p>\n<p dir=\"auto\"><img loading=\"lazy\" decoding=\"async\" class=\"wp-image-7981 aligncenter\" src=\"https:\/\/fmp-components.com\/wp-content\/uploads\/2025\/04\/plastic-gear-set-factory.webp\" alt=\"Fabrik f\u00fcr Kunststoffzahnrads\u00e4tze\" width=\"901\" height=\"751\" title=\"\" srcset=\"https:\/\/fmp-components.com\/wp-content\/uploads\/2025\/04\/plastic-gear-set-factory.webp 901w, https:\/\/fmp-components.com\/wp-content\/uploads\/2025\/04\/plastic-gear-set-factory-480x400.webp 480w\" sizes=\"(min-width: 0px) and (max-width: 480px) 480px, (min-width: 481px) 901px, 100vw\" \/><\/p>\n<\/div>\n<\/div>\n<\/div>\n<\/div>\n<\/div>","protected":false},"excerpt":{"rendered":"<p>Plastic Gear Sets: Precision and Versatility for Mechanical Applications Plastic gear sets are essential components in modern mechanical systems, offering lightweight, durable, and cost-effective solutions for power transmission. These sets typically include gears of varying sizes and tooth counts, designed to work seamlessly together in applications ranging from robotics to consumer electronics. In Italy\u2019s innovation-driven [&hellip;]<\/p>","protected":false},"featured_media":7960,"comment_status":"open","ping_status":"closed","template":"","meta":{"_et_pb_use_builder":"","_et_pb_old_content":"","_et_gb_content_width":""},"product_brand":[],"product_cat":[117],"product_tag":[],"class_list":{"0":"post-7977","1":"product","2":"type-product","3":"status-publish","4":"has-post-thumbnail","6":"product_cat-plastic-gears","8":"first","9":"instock","10":"shipping-taxable","11":"product-type-simple"},"_links":{"self":[{"href":"https:\/\/fmp-components.com\/de\/wp-json\/wp\/v2\/product\/7977","targetHints":{"allow":["GET"]}}],"collection":[{"href":"https:\/\/fmp-components.com\/de\/wp-json\/wp\/v2\/product"}],"about":[{"href":"https:\/\/fmp-components.com\/de\/wp-json\/wp\/v2\/types\/product"}],"replies":[{"embeddable":true,"href":"https:\/\/fmp-components.com\/de\/wp-json\/wp\/v2\/comments?post=7977"}],"wp:featuredmedia":[{"embeddable":true,"href":"https:\/\/fmp-components.com\/de\/wp-json\/wp\/v2\/media\/7960"}],"wp:attachment":[{"href":"https:\/\/fmp-components.com\/de\/wp-json\/wp\/v2\/media?parent=7977"}],"wp:term":[{"taxonomy":"product_brand","embeddable":true,"href":"https:\/\/fmp-components.com\/de\/wp-json\/wp\/v2\/product_brand?post=7977"},{"taxonomy":"product_cat","embeddable":true,"href":"https:\/\/fmp-components.com\/de\/wp-json\/wp\/v2\/product_cat?post=7977"},{"taxonomy":"product_tag","embeddable":true,"href":"https:\/\/fmp-components.com\/de\/wp-json\/wp\/v2\/product_tag?post=7977"}],"curies":[{"name":"wp","href":"https:\/\/api.w.org\/{rel}","templated":true}]}}