{"id":7972,"date":"2025-04-15T01:12:03","date_gmt":"2025-04-15T01:12:03","guid":{"rendered":"https:\/\/fmp-components.com\/?post_type=product&#038;p=7972"},"modified":"2025-04-15T01:46:57","modified_gmt":"2025-04-15T01:46:57","slug":"injection-plastic-parts-customization","status":"publish","type":"product","link":"https:\/\/fmp-components.com\/de\/product\/injection-plastic-parts-customization\/","title":{"rendered":"Anpassung von Spritzgussteilen aus Kunststoff"},"content":{"rendered":"<h2>Spritzgussteile aus Kunststoff: Pr\u00e4zisionsfertigung f\u00fcr vielf\u00e4ltige Anwendungen<\/h2>\n<p>Spritzgegossene Kunststoffteile sind aus der modernen Fertigung nicht mehr wegzudenken und bieten un\u00fcbertroffene Pr\u00e4zision, Skalierbarkeit und Vielseitigkeit. Beim Kunststoffspritzgie\u00dfen wird geschmolzenes Kunststoffgranulat in einen Formhohlraum aus Metall eingespritzt, abgek\u00fchlt und verfestigt sich zu hochwertigen Bauteilen. Dieses Verfahren findet aufgrund seiner Kosteneffizienz und der M\u00f6glichkeit, komplexe Geometrien mit minimalem Materialverlust herzustellen, breite Anwendung in Branchen wie der Automobilindustrie, der Medizintechnik, der Unterhaltungselektronik und vielen weiteren. In St\u00e4dten wie Mailand, Venedig, Florenz und Bologna, wo Innovation und Handwerkskunst hochgehalten werden, unterst\u00fctzt das Spritzgie\u00dfen die lokale Industrie durch die Bereitstellung kundenspezifischer L\u00f6sungen.<\/p>\n<p><img loading=\"lazy\" decoding=\"async\" class=\"size-full wp-image-7973 aligncenter\" src=\"https:\/\/fmp-components.com\/wp-content\/uploads\/2025\/04\/injection-module-parts.webp\" alt=\"Teile des Einspritzmoduls\" width=\"1059\" height=\"428\" title=\"\" srcset=\"https:\/\/fmp-components.com\/wp-content\/uploads\/2025\/04\/injection-module-parts.webp 1059w, https:\/\/fmp-components.com\/wp-content\/uploads\/2025\/04\/injection-module-parts-980x396.webp 980w, https:\/\/fmp-components.com\/wp-content\/uploads\/2025\/04\/injection-module-parts-480x194.webp 480w\" sizes=\"(min-width: 0px) and (max-width: 480px) 480px, (min-width: 481px) and (max-width: 980px) 980px, (min-width: 981px) 1059px, 100vw\" \/><\/p>\n<h3>Warum Spritzguss w\u00e4hlen?<\/h3>\n<p>Spritzgie\u00dfen zeichnet sich durch seine F\u00e4higkeit aus, Kunststoffteile in gro\u00dfem Ma\u00dfstab und mit gleichbleibender Qualit\u00e4t herzustellen. Dabei wird geschmolzener Kunststoff in eine pr\u00e4zisionsgefertigte Form eingespritzt, die anschlie\u00dfend abk\u00fchlt und so ein festes Bauteil bildet. Dieses Verfahren gew\u00e4hrleistet niedrige St\u00fcckkosten und ist daher ideal f\u00fcr die Serienfertigung in italienischen Industriezentren wie Mailand und Bologna. Zu den wichtigsten Vorteilen z\u00e4hlen:<\/p>\n<div>\n<ul class=\"marker:text-secondary\" dir=\"auto\">\n<li class=\"break-words\"><strong>Kosteneffizienz<\/strong>Sobald die Form erstellt ist, sinken die Kosten pro Teil deutlich, insbesondere bei gro\u00dfen St\u00fcckzahlen.<\/li>\n<li class=\"break-words\"><strong>Hohe Pr\u00e4zision<\/strong>Toleranzen bis zu +\/- 0,003 Zoll (0,08 mm) gew\u00e4hrleisten, dass die Teile exakt den Spezifikationen entsprechen.<\/li>\n<li class=\"break-words\"><strong>Materialvielfalt<\/strong>\u00dcber 200 thermoplastische Kunststoffe, darunter HDPE, ABS und Polycarbonat, werden f\u00fcr vielf\u00e4ltige Anwendungen eingesetzt.<\/li>\n<li class=\"break-words\"><strong>Skalierbarkeit<\/strong>Perfekt geeignet f\u00fcr die Prototypenfertigung in Kleinserien in den Designstudios von Florenz oder f\u00fcr die Serienproduktion in den Produktionsst\u00e4tten von Venedig.<\/li>\n<\/ul>\n<p class=\"break-words\" dir=\"auto\">Zu den g\u00e4ngigen Anwendungsgebieten geh\u00f6ren Automobilkomponenten, Geh\u00e4use f\u00fcr medizinische Ger\u00e4te und Geh\u00e4use f\u00fcr Konsumg\u00fcter, die alle von der Flexibilit\u00e4t und Haltbarkeit des Verfahrens profitieren.<\/p>\n<p dir=\"auto\"><img loading=\"lazy\" decoding=\"async\" class=\"wp-image-7976 aligncenter\" src=\"https:\/\/fmp-components.com\/wp-content\/uploads\/2025\/04\/Auto-Industrial-Spare-Parts-Molding-Nylon-Injection-Plastic-Spur-Pinion-Gears.webp\" alt=\"Automobil-Industrie-Ersatzteile, Spritzguss, Nylon, Kunststoff, Stirnr\u00e4der, Ritzel\" width=\"931\" height=\"931\" title=\"\" srcset=\"https:\/\/fmp-components.com\/wp-content\/uploads\/2025\/04\/Auto-Industrial-Spare-Parts-Molding-Nylon-Injection-Plastic-Spur-Pinion-Gears.webp 931w, https:\/\/fmp-components.com\/wp-content\/uploads\/2025\/04\/Auto-Industrial-Spare-Parts-Molding-Nylon-Injection-Plastic-Spur-Pinion-Gears-480x480.webp 480w\" sizes=\"(min-width: 0px) and (max-width: 480px) 480px, (min-width: 481px) 931px, 100vw\" \/><\/p>\n<div>\n<h3 dir=\"auto\">M\u00f6glichkeiten des Spritzgie\u00dfens<\/h3>\n<p class=\"break-words\" dir=\"auto\">Das Spritzgie\u00dfen eignet sich f\u00fcr eine Vielzahl von Bauteilgr\u00f6\u00dfen und -komplexit\u00e4ten. Typische Anwendungsbereiche sind:<\/p>\n<ul class=\"marker:text-secondary\" dir=\"auto\">\n<li class=\"break-words\"><strong>Gr\u00f6\u00dfenbeschr\u00e4nkungen<\/strong>Bis zu 18,9 Zoll x 29,6 Zoll x 8 Zoll (480 mm x 751 mm x 203 mm).<\/li>\n<li class=\"break-words\"><strong>Volumen<\/strong>Geeignet f\u00fcr Teile bis zu 59 Kubikzoll (966.837 Kubikmillimeter).<\/li>\n<li class=\"break-words\"><strong>Toleranzen<\/strong>Standardm\u00e4\u00dfige Bearbeitungstoleranzen von +\/- 0,003 Zoll (0,08 mm), mit Harztoleranzen bis zu +\/- 0,002 Zoll\/Zoll.<\/li>\n<li class=\"break-words\"><strong>Schimmelarten<\/strong>Aluminium- und Stahlformen, darunter Einzel-, Mehrfach- und Familienformen, unterst\u00fctzen die schnelle Prototypenerstellung und Produktion.<\/li>\n<\/ul>\n<p class=\"break-words\" dir=\"auto\">Dank dieser Eigenschaften eignet sich das Spritzgie\u00dfen ideal zur Herstellung komplexer Teile wie Zahnr\u00e4der, Geh\u00e4use und funktionaler Prototypen, insbesondere f\u00fcr Unternehmen in den designorientierten St\u00e4dten Italiens.<\/p>\n<\/div>\n<div>\n<h3 dir=\"auto\">Materialien f\u00fcr kundenspezifische Kunststoffteile<\/h3>\n<p class=\"break-words\" dir=\"auto\">Die Materialwahl ist entscheidend f\u00fcr die Leistungsf\u00e4higkeit eines Bauteils. Spritzgie\u00dfen unterst\u00fctzt eine breite Palette von Thermoplasten, von denen jeder einzigartige Eigenschaften aufweist:<\/p>\n<ul class=\"marker:text-secondary\" dir=\"auto\">\n<li class=\"break-words\"><strong>HDPE<\/strong>Hohes Festigkeits-Gewichts-Verh\u00e4ltnis, ideal f\u00fcr langlebige Beh\u00e4lter und Rohrleitungen.<\/li>\n<li class=\"break-words\"><strong>Polypropylen (PP)<\/strong>Chemikalienbest\u00e4ndig und lebensmittelecht, ideal f\u00fcr Verpackungen und medizinische Ger\u00e4te.<\/li>\n<li class=\"break-words\"><strong>ABS<\/strong>Sto\u00dffest und vielseitig einsetzbar, z. B. in der Automobilindustrie und der Unterhaltungselektronik.<\/li>\n<li class=\"break-words\"><strong>Polycarbonat<\/strong>Transparent und robust, geeignet f\u00fcr optische und medizinische Anwendungen.<\/li>\n<li class=\"break-words\"><strong>Nylon 6\/66<\/strong>Hohe Zugfestigkeit, h\u00e4ufig verwendet f\u00fcr Zahnr\u00e4der und mechanische Bauteile.<\/li>\n<li class=\"break-words\"><strong>Acetal (POM)<\/strong>Reibungsarm und verschlei\u00dffest, ideal f\u00fcr Pr\u00e4zisionszahnr\u00e4der und Lager.<\/li>\n<\/ul>\n<p class=\"break-words\" dir=\"auto\">FMP verwendet diese Materialien, um strenge Industriestandards zu erf\u00fcllen und sicherzustellen, dass die Teile sowohl funktional als auch \u00e4sthetisch ansprechend sind.<\/p>\n<p dir=\"auto\"><img loading=\"lazy\" decoding=\"async\" class=\"size-full wp-image-7975 aligncenter\" src=\"https:\/\/fmp-components.com\/wp-content\/uploads\/2025\/04\/Materials-for-Custom-Plastic-Parts-1.webp\" alt=\"Materialien f\u00fcr kundenspezifische Kunststoffteile\" width=\"750\" height=\"1276\" title=\"\" srcset=\"https:\/\/fmp-components.com\/wp-content\/uploads\/2025\/04\/Materials-for-Custom-Plastic-Parts-1.webp 750w, https:\/\/fmp-components.com\/wp-content\/uploads\/2025\/04\/Materials-for-Custom-Plastic-Parts-1-480x817.webp 480w\" sizes=\"(min-width: 0px) and (max-width: 480px) 480px, (min-width: 481px) 750px, 100vw\" \/><\/p>\n<h3>Oberfl\u00e4chenveredelung und Qualit\u00e4tssicherung<\/h3>\n<p>Das Spritzgie\u00dfen bietet eine Vielzahl von Oberfl\u00e4chenveredelungen zur Verbesserung des Aussehens und der Funktionalit\u00e4t von Bauteilen, darunter gl\u00e4nzende, matte, strukturierte oder polierte Varianten. Die Qualit\u00e4tssicherung erfolgt durch:<\/p>\n<p>Zertifizierungen: ISO 9001:2015, ISO 13485 und ITAR-Konformit\u00e4t.<br \/>\nInspektion: Die Erstmusterpr\u00fcfung (FAI) und der Produktionsprozessfreigabeprozess (PPAP) gew\u00e4hrleisten Pr\u00e4zision.<br \/>\nToleranzen: Die Toleranzen kritischer Merkmale k\u00f6nnen streng kontrolliert werden, um eine gleichbleibende Qualit\u00e4t von Produktionscharge zu Produktionscharge zu gew\u00e4hrleisten.<br \/>\nDiese Normen sind unerl\u00e4sslich f\u00fcr Branchen wie die Medizin- und Automobilindustrie, die im italienischen Industriesektor weit verbreitet sind.<\/p>\n<div>\n<h2 class=\"\" dir=\"auto\">\u00dcber FMP: Ihr Partner f\u00fcr kundenspezifische Kunststoffzahnr\u00e4der<\/h2>\n<p class=\"break-words\" dir=\"auto\">Wir bei FMP sind auf die Fertigung hochwertiger Spritzgussteile aus Kunststoff spezialisiert, insbesondere auf Kunststoffzahnr\u00e4der f\u00fcr diverse Anwendungen. Im Herzen des italienischen Fertigungsstandorts gelegen, betreuen wir Unternehmen in Mailand, Venedig, Florenz und Bologna und verbinden Pr\u00e4zisionstechnik mit innovativem Design. Unser Angebot umfasst:<\/p>\n<ul class=\"marker:text-secondary\" dir=\"auto\">\n<li class=\"break-words\"><strong>Verschiedene Getriebearten<\/strong>Von Stirnr\u00e4dern bis hin zu Schr\u00e4g- und Kegelr\u00e4dern produzieren wir Komponenten f\u00fcr Anwendungen in der Automobil-, Industrie- und Konsumg\u00fcterbranche.<\/li>\n<li class=\"break-words\"><strong>Anpassung<\/strong>Wir nehmen komplett kundenspezifische Auftr\u00e4ge entgegen und fertigen die Zahnr\u00e4der exakt nach Ihren Vorgaben, egal ob f\u00fcr Prototypen oder die Serienproduktion.<\/li>\n<li class=\"break-words\"><strong>Schnelle Reaktion<\/strong>Falls Sie das gew\u00fcnschte Modell nicht in unserer Produktliste finden, haben wir es wahrscheinlich noch nicht hochgeladen. Senden Sie uns einfach eine E-Mail mit Ihren Anforderungen, und unsere Ingenieure werden Ihnen innerhalb von 24 Stunden eine ma\u00dfgeschneiderte L\u00f6sung anbieten.<\/li>\n<\/ul>\n<p class=\"break-words\" dir=\"auto\">FMPs Engagement f\u00fcr Qualit\u00e4t und Schnelligkeit stellt sicher, dass Ihr Projekt im Zeitplan bleibt \u2013 egal ob Sie in den Designstudios von Florenz Innovationen entwickeln oder die Produktion in den Industriegebieten Mailands ausbauen. Kontaktieren Sie uns noch heute unter <a href=\"mailto:info@fmpcomponents.it\">info@fmpcomponents.it<\/a> um Ihre Bed\u00fcrfnisse zu besprechen und italienische Handwerkskunst vom Feinsten zu erleben.<\/p>\n<p dir=\"auto\"><img loading=\"lazy\" decoding=\"async\" class=\"wp-image-7981 aligncenter\" src=\"https:\/\/fmp-components.com\/wp-content\/uploads\/2025\/04\/plastic-gear-set-factory.webp\" alt=\"Fabrik f\u00fcr Kunststoffzahnrads\u00e4tze\" width=\"874\" height=\"728\" title=\"\" srcset=\"https:\/\/fmp-components.com\/wp-content\/uploads\/2025\/04\/plastic-gear-set-factory.webp 874w, https:\/\/fmp-components.com\/wp-content\/uploads\/2025\/04\/plastic-gear-set-factory-480x400.webp 480w\" sizes=\"(min-width: 0px) and (max-width: 480px) 480px, (min-width: 481px) 874px, 100vw\" \/><\/p>\n<\/div>\n<\/div>\n<\/div>","protected":false},"excerpt":{"rendered":"<p>Injection Plastic Parts: Precision Manufacturing for Diverse Applications Injection plastic parts are integral to modern manufacturing, offering unmatched precision, scalability, and versatility. Plastic injection molding is a process where molten plastic resin is injected into a metal mold cavity, cooled, and solidified to form high-quality components. This method is widely adopted across industries like automotive, [&hellip;]<\/p>","protected":false},"featured_media":4663,"comment_status":"open","ping_status":"closed","template":"","meta":{"_et_pb_use_builder":"","_et_pb_old_content":"","_et_gb_content_width":""},"product_brand":[],"product_cat":[117],"product_tag":[],"class_list":{"0":"post-7972","1":"product","2":"type-product","3":"status-publish","4":"has-post-thumbnail","6":"product_cat-plastic-gears","8":"first","9":"instock","10":"shipping-taxable","11":"product-type-simple"},"_links":{"self":[{"href":"https:\/\/fmp-components.com\/de\/wp-json\/wp\/v2\/product\/7972","targetHints":{"allow":["GET"]}}],"collection":[{"href":"https:\/\/fmp-components.com\/de\/wp-json\/wp\/v2\/product"}],"about":[{"href":"https:\/\/fmp-components.com\/de\/wp-json\/wp\/v2\/types\/product"}],"replies":[{"embeddable":true,"href":"https:\/\/fmp-components.com\/de\/wp-json\/wp\/v2\/comments?post=7972"}],"wp:featuredmedia":[{"embeddable":true,"href":"https:\/\/fmp-components.com\/de\/wp-json\/wp\/v2\/media\/4663"}],"wp:attachment":[{"href":"https:\/\/fmp-components.com\/de\/wp-json\/wp\/v2\/media?parent=7972"}],"wp:term":[{"taxonomy":"product_brand","embeddable":true,"href":"https:\/\/fmp-components.com\/de\/wp-json\/wp\/v2\/product_brand?post=7972"},{"taxonomy":"product_cat","embeddable":true,"href":"https:\/\/fmp-components.com\/de\/wp-json\/wp\/v2\/product_cat?post=7972"},{"taxonomy":"product_tag","embeddable":true,"href":"https:\/\/fmp-components.com\/de\/wp-json\/wp\/v2\/product_tag?post=7972"}],"curies":[{"name":"wp","href":"https:\/\/api.w.org\/{rel}","templated":true}]}}