{"id":7925,"date":"2025-04-11T05:36:47","date_gmt":"2025-04-11T05:36:47","guid":{"rendered":"https:\/\/fmp-components.com\/?post_type=product&#038;p=7925"},"modified":"2025-04-11T05:45:56","modified_gmt":"2025-04-11T05:45:56","slug":"flywheel-ring-gear","status":"publish","type":"product","link":"https:\/\/fmp-components.com\/de\/product\/flywheel-ring-gear\/","title":{"rendered":"Schwungrad-Zahnkranz"},"content":{"rendered":"<h2>Schwungradzahnkr\u00e4nze: Pr\u00e4zision und Leistung f\u00fcr die italienische Industrie<\/h2>\n<div>Schwungrad <a href=\"https:\/\/fmp-components.com\/de\/ring-gear\/\">Hohlr\u00e4der<\/a> sind wichtige Komponenten in Automobil- und Industriemaschinen und gew\u00e4hrleisten eine reibungslose Kraft\u00fcbertragung zwischen Motor und Anlasser. Diese auf Langlebigkeit und Pr\u00e4zision ausgelegten Zahnr\u00e4der sind unverzichtbar f\u00fcr Fahrzeuge und Ger\u00e4te in ganz Italien, von den belebten Stra\u00dfen Mailands bis zu den malerischen Routen von Florenz. Bei FMP fertigen wir Schwungradzahnkr\u00e4nze, die strenge Qualit\u00e4tsstandards erf\u00fcllen und zuverl\u00e4ssige Leistung f\u00fcr eine Vielzahl von Anwendungen bieten. Ob Sie in Venedig Schiffsmotoren warten oder in Bologna schwere Maschinen instand halten, unsere Zahnkr\u00e4nze sind so konstruiert, dass sie hohen Drehmomenten und rauen Bedingungen standhalten und so lang anhaltende Effizienz gew\u00e4hrleisten.<\/div>\n<p><img loading=\"lazy\" decoding=\"async\" class=\"alignnone size-full wp-image-7927\" src=\"https:\/\/fmp-components.com\/wp-content\/uploads\/2025\/04\/flywheel-ring-gear-product-detail.webp\" alt=\"Schwungrad-Zahnkranz Produktdetail\" width=\"1200\" height=\"1200\" title=\"\" srcset=\"https:\/\/fmp-components.com\/wp-content\/uploads\/2025\/04\/flywheel-ring-gear-product-detail.webp 1200w, https:\/\/fmp-components.com\/wp-content\/uploads\/2025\/04\/flywheel-ring-gear-product-detail-980x980.webp 980w, https:\/\/fmp-components.com\/wp-content\/uploads\/2025\/04\/flywheel-ring-gear-product-detail-480x480.webp 480w\" sizes=\"(min-width: 0px) and (max-width: 480px) 480px, (min-width: 481px) and (max-width: 980px) 980px, (min-width: 981px) 1200px, 100vw\" \/><\/p>\n<h2>Warum sollten Sie sich f\u00fcr die hochwertigen Schwungradzahnkr\u00e4nze von FMP entscheiden?<\/h2>\n<div>In Italiens vielf\u00e4ltiger Industrielandschaft, von den Handwerksbetrieben in Florenz bis zu den Automobilzentren Mailands, w\u00e4chst die Nachfrage nach robusten Schwungradzahnkr\u00e4nzen stetig. Diese Zahnr\u00e4der werden aus hochwertigen Materialien gefertigt, um Verschlei\u00df zu widerstehen und einen reibungslosen Anschluss an Anlassermotoren zu gew\u00e4hrleisten. FMP bietet ein umfangreiches Sortiment an Zahnkr\u00e4nzen f\u00fcr Pkw, Lkw und Industrieanlagen und gew\u00e4hrleistet Kompatibilit\u00e4t mit verschiedenen Modellen. Sollten Sie in Venedig oder Bologna nicht das passende Zahnkranzmodell finden, kein Problem \u2013 unser Team entwickelt ma\u00dfgeschneiderte L\u00f6sungen f\u00fcr Ihre Anforderungen und liefert pr\u00e4zisionsgefertigte Produkte, die Ihren Betrieb reibungslos am Laufen halten.<\/div>\n<div>\n<h3>FMP: Ihr zuverl\u00e4ssiger Partner f\u00fcr Schwungradzahnkr\u00e4nze in Italien<\/h3>\n<p>FMP ist ein f\u00fchrender Hersteller von Schwungradzahnkr\u00e4nzen. Unser Unternehmen ist auf eine breite Palette von Zahnkr\u00e4nzen spezialisiert und bietet einen ma\u00dfgeschneiderten Service, der Ihre individuellen Anforderungen erf\u00fcllt. Sollten Sie das gew\u00fcnschte Modell nicht in unserer Produktliste finden, liegt das m\u00f6glicherweise daran, dass wir es noch nicht hochgeladen haben. Teilen Sie uns Ihre Anforderungen einfach per E-Mail mit, und einer unserer professionellen Ingenieure antwortet Ihnen innerhalb von 24 Stunden mit einer ma\u00dfgeschneiderten L\u00f6sung. Egal wo in Italien Sie sich befinden, FMP liefert Ihnen hochwertige und langlebige Zahnkr\u00e4nze f\u00fcr Ihr Unternehmen.<\/p>\n<table style=\"border-collapse: collapse; width: 103.578%; height: 58px;\" border=\"0\" width=\"240\" cellspacing=\"0\" cellpadding=\"0\">\n<tbody>\n<tr style=\"height: 14.40pt;\">\n<td style=\"height: 14.40pt; width: 48.00pt;\" align=\"right\" width=\"80\" height=\"24\"><img loading=\"lazy\" decoding=\"async\" class=\"size-full wp-image-7931 aligncenter\" src=\"https:\/\/fmp-components.com\/wp-content\/uploads\/2025\/04\/flywheel-ring-gear-product-1.webp\" alt=\"Schwungrad-Zahnkranzprodukt\" width=\"750\" height=\"750\" title=\"\" srcset=\"https:\/\/fmp-components.com\/wp-content\/uploads\/2025\/04\/flywheel-ring-gear-product-1.webp 750w, https:\/\/fmp-components.com\/wp-content\/uploads\/2025\/04\/flywheel-ring-gear-product-1-480x480.webp 480w\" sizes=\"(min-width: 0px) and (max-width: 480px) 480px, (min-width: 481px) 750px, 100vw\" \/><\/td>\n<td style=\"width: 48.00pt;\" align=\"right\" width=\"80\"><img loading=\"lazy\" decoding=\"async\" class=\"size-full wp-image-7929 aligncenter\" src=\"https:\/\/fmp-components.com\/wp-content\/uploads\/2025\/04\/flywheel-ring-gear-product-2.webp\" alt=\"Schwungrad-Zahnkranzprodukt\" width=\"800\" height=\"800\" title=\"\" srcset=\"https:\/\/fmp-components.com\/wp-content\/uploads\/2025\/04\/flywheel-ring-gear-product-2.webp 800w, https:\/\/fmp-components.com\/wp-content\/uploads\/2025\/04\/flywheel-ring-gear-product-2-480x480.webp 480w\" sizes=\"(min-width: 0px) and (max-width: 480px) 480px, (min-width: 481px) 800px, 100vw\" \/><\/td>\n<td style=\"width: 48.00pt;\" align=\"right\" width=\"80\"><img loading=\"lazy\" decoding=\"async\" class=\"size-full wp-image-7930 aligncenter\" src=\"https:\/\/fmp-components.com\/wp-content\/uploads\/2025\/04\/flywheel-ring-gear-product-3.webp\" alt=\"Schwungrad-Zahnkranzprodukt\" width=\"800\" height=\"800\" title=\"\" srcset=\"https:\/\/fmp-components.com\/wp-content\/uploads\/2025\/04\/flywheel-ring-gear-product-3.webp 800w, https:\/\/fmp-components.com\/wp-content\/uploads\/2025\/04\/flywheel-ring-gear-product-3-480x480.webp 480w\" sizes=\"(min-width: 0px) and (max-width: 480px) 480px, (min-width: 481px) 800px, 100vw\" \/><\/td>\n<\/tr>\n<\/tbody>\n<\/table>\n<\/div>","protected":false},"excerpt":{"rendered":"<p>Flywheel Ring Gears: Precision and Performance for Italian Industries Flywheel ring gears are critical components in automotive and industrial machinery, ensuring smooth power transmission between the engine and the starter motor. Designed for durability and precision, these gears are essential for vehicles and equipment used across Italy, from the bustling streets of Milan to the [&hellip;]<\/p>","protected":false},"featured_media":7926,"comment_status":"open","ping_status":"closed","template":"","meta":{"_et_pb_use_builder":"","_et_pb_old_content":"","_et_gb_content_width":""},"product_brand":[],"product_cat":[114],"product_tag":[],"class_list":{"0":"post-7925","1":"product","2":"type-product","3":"status-publish","4":"has-post-thumbnail","6":"product_cat-ring-gear","8":"first","9":"instock","10":"shipping-taxable","11":"product-type-simple"},"_links":{"self":[{"href":"https:\/\/fmp-components.com\/de\/wp-json\/wp\/v2\/product\/7925","targetHints":{"allow":["GET"]}}],"collection":[{"href":"https:\/\/fmp-components.com\/de\/wp-json\/wp\/v2\/product"}],"about":[{"href":"https:\/\/fmp-components.com\/de\/wp-json\/wp\/v2\/types\/product"}],"replies":[{"embeddable":true,"href":"https:\/\/fmp-components.com\/de\/wp-json\/wp\/v2\/comments?post=7925"}],"wp:featuredmedia":[{"embeddable":true,"href":"https:\/\/fmp-components.com\/de\/wp-json\/wp\/v2\/media\/7926"}],"wp:attachment":[{"href":"https:\/\/fmp-components.com\/de\/wp-json\/wp\/v2\/media?parent=7925"}],"wp:term":[{"taxonomy":"product_brand","embeddable":true,"href":"https:\/\/fmp-components.com\/de\/wp-json\/wp\/v2\/product_brand?post=7925"},{"taxonomy":"product_cat","embeddable":true,"href":"https:\/\/fmp-components.com\/de\/wp-json\/wp\/v2\/product_cat?post=7925"},{"taxonomy":"product_tag","embeddable":true,"href":"https:\/\/fmp-components.com\/de\/wp-json\/wp\/v2\/product_tag?post=7925"}],"curies":[{"name":"wp","href":"https:\/\/api.w.org\/{rel}","templated":true}]}}