{"id":7920,"date":"2025-04-11T03:30:53","date_gmt":"2025-04-11T03:30:53","guid":{"rendered":"https:\/\/fmp-components.com\/?post_type=product&#038;p=7920"},"modified":"2025-04-11T03:45:02","modified_gmt":"2025-04-11T03:45:02","slug":"external-ring-gear","status":"publish","type":"product","link":"https:\/\/fmp-components.com\/de\/product\/external-ring-gear\/","title":{"rendered":"Au\u00dfenzahnkranz"},"content":{"rendered":"<h2>Hochwertige Au\u00dfenzahnkr\u00e4nze f\u00fcr die Feinwerktechnik<\/h2>\n<p>Au\u00dfenzahnr\u00e4der sind wichtige Komponenten in verschiedenen mechanischen Systemen und bekannt f\u00fcr ihre Langlebigkeit und Pr\u00e4zision bei der Drehmoment- und Bewegungs\u00fcbertragung. Diese Zahnr\u00e4der mit Z\u00e4hnen am Au\u00dfenumfang finden breite Anwendung in Branchen wie der Automobilindustrie, der Luft- und Raumfahrt und dem Industriemaschinenbau. In St\u00e4dten wie Mailand und Venedig, wo die moderne Fertigung floriert, spielen Au\u00dfenzahnr\u00e4der eine zentrale Rolle f\u00fcr den reibungslosen Betrieb von Hochleistungsger\u00e4ten. Sie sind f\u00fcr den Eingriff mit Ritzeln oder anderen Zahnr\u00e4dern konzipiert und sorgen f\u00fcr eine zuverl\u00e4ssige Kraft\u00fcbertragung. Damit sind sie unverzichtbar f\u00fcr Anwendungen, die robuste und effiziente mechanische L\u00f6sungen erfordern.<\/p>\n<h2>Zementteil-Mischer Micro 5000 mm Au\u00dfenguss-Stahlringgetriebe<\/h2>\n<p>FMP besch\u00e4ftigt sich haupts\u00e4chlich mit der Forschung, Entwicklung und Herstellung von Getrieben f\u00fcr niedrige Drehzahlen, hohe Belastungen und hohe Leistungen. Das Unternehmen hat ein Standard-Spezifikationssystem f\u00fcr Design, Herstellung, Pr\u00fcfung und Inspektion auf der Grundlage fortschrittlicher Standards etabliert und verf\u00fcgt \u00fcber eine Gruppe innovativer Ingenieure und Techniker.<\/p>\n<p><img loading=\"lazy\" decoding=\"async\" class=\"size-full wp-image-7922 aligncenter\" src=\"https:\/\/fmp-components.com\/wp-content\/uploads\/2025\/04\/External-Ring-Gear-1.webp\" alt=\"Au\u00dfenzahnkranz\" width=\"790\" height=\"686\" title=\"\" srcset=\"https:\/\/fmp-components.com\/wp-content\/uploads\/2025\/04\/External-Ring-Gear-1.webp 790w, https:\/\/fmp-components.com\/wp-content\/uploads\/2025\/04\/External-Ring-Gear-1-480x417.webp 480w\" sizes=\"(min-width: 0px) and (max-width: 480px) 480px, (min-width: 481px) 790px, 100vw\" \/><\/p>\n<table style=\"width: 100%;\" border=\"1\" width=\"100%\" cellspacing=\"0\" cellpadding=\"0\">\n<tbody>\n<tr>\n<th style=\"width: 13.8116%;\">Form:<\/th>\n<td style=\"width: 35.9743%;\">Wurm<\/td>\n<th style=\"width: 15.2034%;\">Zustand:<\/th>\n<td style=\"width: 34.6895%;\">Neu<\/td>\n<\/tr>\n<tr class=\"bg_gray\">\n<th style=\"width: 13.8116%;\">Anwendbare Branchen:<\/th>\n<td style=\"width: 35.9743%;\">Produktionsanlagen, Bauarbeiten, Energie und Bergbau<\/td>\n<th style=\"width: 15.2034%;\">Ausstellungsraum-Standort:<\/th>\n<td style=\"width: 34.6895%;\">Keiner<\/td>\n<\/tr>\n<tr>\n<th style=\"width: 13.8116%;\">Material:<\/th>\n<td style=\"width: 35.9743%;\">Edelstahl, ZG35CrMo\/42CrMo<\/td>\n<th style=\"width: 15.2034%;\">Standard oder Nichtstandard:<\/th>\n<td style=\"width: 34.6895%;\">Nicht standardm\u00e4\u00dfig<\/td>\n<\/tr>\n<tr class=\"bg_gray\">\n<th style=\"width: 13.8116%;\">Richtung:<\/th>\n<td style=\"width: 35.9743%;\">Links rechts<\/td>\n<th style=\"width: 15.2034%;\">Name:<\/th>\n<td style=\"width: 34.6895%;\">Teile f\u00fcr Betonmischer Mikrostahl-Schneckengetriebe<\/td>\n<\/tr>\n<tr>\n<th style=\"width: 13.8116%;\">Durchmesser:<\/th>\n<td style=\"width: 35.9743%;\">2000-8000 mm<\/td>\n<th style=\"width: 15.2034%;\">Verarbeitungstyp:<\/th>\n<td style=\"width: 34.6895%;\">Besetzung<\/td>\n<\/tr>\n<tr class=\"bg_gray\">\n<th style=\"width: 13.8116%;\">Zertifikat:<\/th>\n<td style=\"width: 35.9743%;\">ISO 9001:2000,ANSI,ASME,GES<\/td>\n<th style=\"width: 15.2034%;\">Anwendungsbereich:<\/th>\n<td style=\"width: 34.6895%;\">Zement- und Bergbauanlagen, Drehzahlminderer, Kugelm\u00fchle, Minenaufzug<\/td>\n<\/tr>\n<tr>\n<th style=\"width: 13.8116%;\">Exportbereiche:<\/th>\n<td style=\"width: 35.9743%;\">Russland, S\u00fcdostasien, Indien, S\u00fcdafrika, Australien<\/td>\n<th style=\"width: 15.2034%;\">H\u00e4rte:<\/th>\n<td style=\"width: 34.6895%;\">&lt;=217<\/td>\n<\/tr>\n<tr>\n<th style=\"width: 13.8116%;\" colspan=\"1\">Highlight:<\/th>\n<td style=\"width: 85.8672%;\" colspan=\"3\">Mikro-Stahlschneckengetriebe, 5000 mm Stahlschneckengetriebe<\/td>\n<\/tr>\n<\/tbody>\n<\/table>\n<h3>FMP: Ihr zuverl\u00e4ssiger Partner f\u00fcr Au\u00dfenzahnkr\u00e4nze<\/h3>\n<p>Bei FMP sind wir stolz darauf, eine breite Palette externer <a href=\"https:\/\/fmp-components.com\/de\/ring-gear\/\">Hohlr\u00e4der<\/a>, gefertigt nach h\u00f6chsten Industriestandards. Im Herzen des italienischen Industrienetzwerks betreuen wir Unternehmen in Mailand, Venedig, Florenz, Bologna und dar\u00fcber hinaus und bieten sowohl Standard- als auch kundenspezifische L\u00f6sungen. Sollten Sie das gew\u00fcnschte Hohlradmodell nicht in unserer Produktliste finden, keine Sorge \u2013 wahrscheinlich haben wir es noch nicht hochgeladen. Senden Sie uns einfach eine E-Mail mit Ihren Anforderungen, und unsere erfahrenen Ingenieure antworten Ihnen innerhalb von 24 Stunden mit ma\u00dfgeschneiderten L\u00f6sungen f\u00fcr Ihren Betrieb. W\u00e4hlen Sie FMP f\u00fcr Pr\u00e4zision, Zuverl\u00e4ssigkeit und un\u00fcbertroffenen Kundenservice in ganz Italien.<\/p>\n<p><img loading=\"lazy\" decoding=\"async\" class=\"wp-image-7924 aligncenter\" src=\"https:\/\/fmp-components.com\/wp-content\/uploads\/2025\/04\/external_casting_steel_ring_gear_1.webp\" alt=\"externes Hohlrad aus Stahlguss \" width=\"913\" height=\"667\" title=\"\" srcset=\"https:\/\/fmp-components.com\/wp-content\/uploads\/2025\/04\/external_casting_steel_ring_gear_1.webp 913w, https:\/\/fmp-components.com\/wp-content\/uploads\/2025\/04\/external_casting_steel_ring_gear_1-480x351.webp 480w\" sizes=\"(min-width: 0px) and (max-width: 480px) 480px, (min-width: 481px) 913px, 100vw\" \/><\/p>","protected":false},"excerpt":{"rendered":"<p>High-Quality External Ring Gears for Precision Engineering External ring gears are critical components in various mechanical systems, known for their durability and precision in transmitting torque and motion. These gears, featuring teeth on the outer circumference, are widely used in industries such as automotive, aerospace, and industrial machinery. In cities like Milan and Venice, where [&hellip;]<\/p>","protected":false},"featured_media":7923,"comment_status":"open","ping_status":"closed","template":"","meta":{"_et_pb_use_builder":"on","_et_pb_old_content":"<h2>High-Quality External Ring Gears for Precision Engineering<\/h2>\r\nExternal ring gears are critical components in various mechanical systems, known for their durability and precision in transmitting torque and motion. These gears, featuring teeth on the outer circumference, are widely used in industries such as automotive, aerospace, and industrial machinery. In cities like Milan and Venice, where advanced manufacturing thrives, external ring gears play a pivotal role in ensuring seamless operations for high-performance equipment. Designed to mesh with pinions or other gears, they provide reliable power transmission, making them indispensable for applications requiring robust and efficient mechanical solutions.\r\n<h2>Cement Parts Mixer Micro 5000mm External Casting Steel Ring Gear<\/h2>\r\nFMP is mainly engaged in the research, development and manufacturing of low-speed, heavy-load and high-power gears. It has established a standard specification system for design, manufacturing, testing and inspection based on advanced standards and has a group of innovative engineering and technical personnel.\r\n\r\n<img class=\"size-full wp-image-7922 aligncenter\" src=\"https:\/\/fmp-components.com\/wp-content\/uploads\/2025\/04\/External-Ring-Gear-1.webp\" alt=\"External Ring Gear\" width=\"790\" height=\"686\" \/>\r\n<table style=\"width: 100%;\" border=\"1\" width=\"100%\" cellspacing=\"0\" cellpadding=\"0\">\r\n<tbody>\r\n<tr>\r\n<th style=\"width: 13.8116%;\">Shape:<\/th>\r\n<td style=\"width: 35.9743%;\">Worm<\/td>\r\n<th style=\"width: 15.2034%;\">Condition:<\/th>\r\n<td style=\"width: 34.6895%;\">New<\/td>\r\n<\/tr>\r\n<tr class=\"bg_gray\">\r\n<th style=\"width: 13.8116%;\">Applicable Industries:<\/th>\r\n<td style=\"width: 35.9743%;\">Manufacturing Plant, Construction Works\u00a0, Energy &amp; Mining<\/td>\r\n<th style=\"width: 15.2034%;\">Showroom Location:<\/th>\r\n<td style=\"width: 34.6895%;\">None<\/td>\r\n<\/tr>\r\n<tr>\r\n<th style=\"width: 13.8116%;\">Material:<\/th>\r\n<td style=\"width: 35.9743%;\">Stainless Steel, ZG35CrMo\/42CrMo<\/td>\r\n<th style=\"width: 15.2034%;\">Standard Or Nonstandard:<\/th>\r\n<td style=\"width: 34.6895%;\">Nonstandard<\/td>\r\n<\/tr>\r\n<tr class=\"bg_gray\">\r\n<th style=\"width: 13.8116%;\">Direction:<\/th>\r\n<td style=\"width: 35.9743%;\">Left, Right<\/td>\r\n<th style=\"width: 15.2034%;\">Name:<\/th>\r\n<td style=\"width: 34.6895%;\">Cement Mixer Parts Micro Steel Worm Gear<\/td>\r\n<\/tr>\r\n<tr>\r\n<th style=\"width: 13.8116%;\">Diameter:<\/th>\r\n<td style=\"width: 35.9743%;\">2000-8000mm<\/td>\r\n<th style=\"width: 15.2034%;\">Processing Type:<\/th>\r\n<td style=\"width: 34.6895%;\">Casting<\/td>\r\n<\/tr>\r\n<tr class=\"bg_gray\">\r\n<th style=\"width: 13.8116%;\">Certificate:<\/th>\r\n<td style=\"width: 35.9743%;\">ISO 9001:2000,ANSI,ASME,GES<\/td>\r\n<th style=\"width: 15.2034%;\">Application Range:<\/th>\r\n<td style=\"width: 34.6895%;\">Cement And Mining Facilities,speed Reducer,ball Mill,mine Hoist<\/td>\r\n<\/tr>\r\n<tr>\r\n<th style=\"width: 13.8116%;\">Export Areas:<\/th>\r\n<td style=\"width: 35.9743%;\">Russia, Southeast Asia, India,South Africa, Australia<\/td>\r\n<th style=\"width: 15.2034%;\">Hardness:<\/th>\r\n<td style=\"width: 34.6895%;\">&lt;=217<\/td>\r\n<\/tr>\r\n<tr>\r\n<th style=\"width: 13.8116%;\" colspan=\"1\">High Light:<\/th>\r\n<td style=\"width: 85.8672%;\" colspan=\"3\">micro steel worm gear,\u00a0 5000mm steel worm gear<\/td>\r\n<\/tr>\r\n<\/tbody>\r\n<\/table>\r\n<h3>FMP: Your Trusted Partner for External Ring Gears<\/h3>\r\nAt FMP, we pride ourselves on manufacturing a wide range of external <a href=\"https:\/\/fmp-components.com\/en\/ring-gear\">ring gears<\/a>, crafted to meet the highest industry standards. Based in the heart of Italy\u2019s industrial network, we serve businesses in Milan, Venice, Florence, Bologna, and beyond, offering both standard and custom solutions. If you don\u2019t find the specific ring gear model you need in our product list, don\u2019t worry\u2014we likely haven\u2019t had the chance to upload it yet. Simply email us with your requirements, and our skilled engineers will respond within 24 hours with tailored solutions to power your operations. Choose FMP for precision, reliability, and unmatched customer service across Italy.\r\n\r\n<img class=\"wp-image-7924 aligncenter\" src=\"https:\/\/fmp-components.com\/wp-content\/uploads\/2025\/04\/external_casting_steel_ring_gear_1.webp\" alt=\"external casting steel ring gear \" width=\"913\" height=\"667\" \/>","_et_gb_content_width":""},"product_brand":[],"product_cat":[114],"product_tag":[],"class_list":{"0":"post-7920","1":"product","2":"type-product","3":"status-publish","4":"has-post-thumbnail","6":"product_cat-ring-gear","8":"first","9":"instock","10":"shipping-taxable","11":"product-type-simple"},"_links":{"self":[{"href":"https:\/\/fmp-components.com\/de\/wp-json\/wp\/v2\/product\/7920","targetHints":{"allow":["GET"]}}],"collection":[{"href":"https:\/\/fmp-components.com\/de\/wp-json\/wp\/v2\/product"}],"about":[{"href":"https:\/\/fmp-components.com\/de\/wp-json\/wp\/v2\/types\/product"}],"replies":[{"embeddable":true,"href":"https:\/\/fmp-components.com\/de\/wp-json\/wp\/v2\/comments?post=7920"}],"wp:featuredmedia":[{"embeddable":true,"href":"https:\/\/fmp-components.com\/de\/wp-json\/wp\/v2\/media\/7923"}],"wp:attachment":[{"href":"https:\/\/fmp-components.com\/de\/wp-json\/wp\/v2\/media?parent=7920"}],"wp:term":[{"taxonomy":"product_brand","embeddable":true,"href":"https:\/\/fmp-components.com\/de\/wp-json\/wp\/v2\/product_brand?post=7920"},{"taxonomy":"product_cat","embeddable":true,"href":"https:\/\/fmp-components.com\/de\/wp-json\/wp\/v2\/product_cat?post=7920"},{"taxonomy":"product_tag","embeddable":true,"href":"https:\/\/fmp-components.com\/de\/wp-json\/wp\/v2\/product_tag?post=7920"}],"curies":[{"name":"wp","href":"https:\/\/api.w.org\/{rel}","templated":true}]}}