{"id":7915,"date":"2025-04-11T02:22:27","date_gmt":"2025-04-11T02:22:27","guid":{"rendered":"https:\/\/fmp-components.com\/?post_type=product&#038;p=7915"},"modified":"2025-04-11T03:15:34","modified_gmt":"2025-04-11T03:15:34","slug":"precision-gear-ring-and-pinion","status":"publish","type":"product","link":"https:\/\/fmp-components.com\/de\/product\/precision-gear-ring-and-pinion\/","title":{"rendered":"Pr\u00e4zisionszahnkranz und Ritzel"},"content":{"rendered":"<div>\n<h2 dir=\"auto\">Ingenieursleistung f\u00fcr italienische Stra\u00dfen<\/h2>\n<p class=\"break-words\" dir=\"auto\">Wenn es um die Optimierung der Fahrzeugleistung geht, sind Teller- und Ritzels\u00e4tze von Precision Gear die erste Wahl f\u00fcr Fahrer in ganz Italien, von den belebten Stra\u00dfen Mailands bis zu den malerischen Stra\u00dfen von Florenz. Diese hochwertigen Zahnrads\u00e4tze werden mit fortschrittlichen Fertigungstechniken und erstklassigen 8620-Schmiedeteilen hergestellt und gew\u00e4hrleisten Haltbarkeit und Pr\u00e4zision f\u00fcr Stra\u00dfen- und Rennstreckenanwendungen. Egal, ob Sie ein Muscle-Car in Venedig aufr\u00fcsten oder einen 4\u00d74 f\u00fcr Offroad-Abenteuer in der N\u00e4he von Bologna optimieren, Precision Gear bietet eine gro\u00dfe Auswahl an \u00dcbersetzungsverh\u00e4ltnissen \u2013 wie 3,08:1 f\u00fcr GM 8,5\/8,6 Zoll, 4,56:1 f\u00fcr Dana 44 oder 5,13:1 f\u00fcr Ford 8,8 Zoll \u2013, um Ihren spezifischen Anforderungen gerecht zu werden. Diese Zahnrads\u00e4tze sind f\u00fcr die Belastungen hoher PS-Zahlen ausgelegt und bieten eine effiziente Kraft\u00fcbertragung, damit Ihr Fahrzeug unabh\u00e4ngig vom Gel\u00e4nde reibungslos f\u00e4hrt.<\/p>\n<p dir=\"auto\"><img loading=\"lazy\" decoding=\"async\" class=\"size-full wp-image-7917 aligncenter\" src=\"https:\/\/fmp-components.com\/wp-content\/uploads\/2025\/04\/Precision-Gear-Ring-and-Pinion-2.webp\" alt=\"Pr\u00e4zisions-Zahnkranz und Ritzel\" width=\"800\" height=\"800\" title=\"\" srcset=\"https:\/\/fmp-components.com\/wp-content\/uploads\/2025\/04\/Precision-Gear-Ring-and-Pinion-2.webp 800w, https:\/\/fmp-components.com\/wp-content\/uploads\/2025\/04\/Precision-Gear-Ring-and-Pinion-2-480x480.webp 480w\" sizes=\"(min-width: 0px) and (max-width: 480px) 480px, (min-width: 481px) 800px, 100vw\" \/><\/p>\n<h3 dir=\"auto\">Spezifikation<\/h3>\n<\/div>\n<div>\n<table style=\"width: 100%;\" border=\"1\" width=\"100%\" cellspacing=\"0\" cellpadding=\"0\">\n<tbody>\n<tr>\n<td colspan=\"1\" rowspan=\"1\">\n<div class=\"magic-13\" data-spm-anchor-id=\"a2700.details-description.0.i1.1c4atCsDtCsDdk\">Verf\u00fcgbares Material:<\/div>\n<\/td>\n<td colspan=\"1\" rowspan=\"1\">\n<div class=\"magic-14\">Messing, Kupfer, Kohlenstoffstahl, Edelstahl, Stahllegierung, Aluminiumlegierung usw.<\/div>\n<\/td>\n<\/tr>\n<tr>\n<td colspan=\"1\" rowspan=\"1\">\n<div class=\"magic-13\">Toleranz:<\/div>\n<\/td>\n<td colspan=\"1\" rowspan=\"1\">\n<div class=\"magic-14\">Gem\u00e4\u00df Zeichnung. (+\/-0,05 mm, +\/-0,01 mm)<\/div>\n<\/td>\n<\/tr>\n<tr>\n<td colspan=\"1\" rowspan=\"1\">\n<div class=\"magic-13\">Oberfl\u00e4chenbehandlung:<\/div>\n<\/td>\n<td colspan=\"1\" rowspan=\"1\">\n<div class=\"magic-14\">Verzinkt, vernickelt, verchromt, eloxiert, phosphatiert, chemisch geschw\u00e4rzt, Salzbadnitrierung usw.<\/div>\n<\/td>\n<\/tr>\n<tr>\n<td colspan=\"1\" rowspan=\"1\">\n<div class=\"magic-13\">Vorlaufzeit:<\/div>\n<\/td>\n<td colspan=\"1\" rowspan=\"1\">\n<div class=\"magic-14\">20\u201345 Tage, abh\u00e4ngig von Menge und Komplexit\u00e4t<\/div>\n<\/td>\n<\/tr>\n<tr>\n<td colspan=\"1\" rowspan=\"1\">\n<div class=\"magic-13\">Anwendung:<\/div>\n<\/td>\n<td colspan=\"1\" rowspan=\"1\">\n<div class=\"magic-14\">Gabelstapler, Kran, Zug, LKW, Rasenm\u00e4her, Eisenbahnausr\u00fcstung, medizinische Ger\u00e4te, Industriemaschinen, Automobile, Elektro<br \/>\nGer\u00e4te, Automatisierungsmaschinen, andere Branchen usw.<\/div>\n<\/td>\n<\/tr>\n<tr>\n<td colspan=\"1\" rowspan=\"1\">\n<div class=\"magic-13\">Zahlungsbedingungen:<\/div>\n<\/td>\n<td colspan=\"1\" rowspan=\"1\">\n<div class=\"magic-14\">\n<p>Akkreditiv bei Sicht<\/p>\n<div>T\/T 30% Anzahlung und Restbetrag 70% vor Versand zu zahlen.<\/div>\n<\/div>\n<\/td>\n<\/tr>\n<tr>\n<td colspan=\"1\" rowspan=\"1\">\n<div class=\"magic-13\">Produktionsausr\u00fcstung:<\/div>\n<\/td>\n<td colspan=\"1\" rowspan=\"1\">\n<div class=\"magic-14\">CNC-Bearbeitungszentrum, CNC-Drehmaschine, Schleifmaschine, Fr\u00e4smaschine, S\u00e4gemaschine, Schwei\u00dfmaschine, hydraulische Presse, Bohrmaschine<br \/>\nund Gewindeschneidmaschine, Zahnradformmaschine usw.<\/div>\n<\/td>\n<\/tr>\n<tr>\n<td colspan=\"1\" rowspan=\"1\">\n<div class=\"magic-13\">Pr\u00fcfmittel:<\/div>\n<\/td>\n<td colspan=\"1\" rowspan=\"1\">\n<div class=\"magic-14\">Elektronisches pneumatisches Messger\u00e4t, Drei-Koordinaten-Erkennungsger\u00e4t, Rockwell-H\u00e4rtepr\u00fcfger\u00e4t, digitaler Ultraschallfehler<br \/>\nDetektor, Oberfl\u00e4chenrauheitsmessger\u00e4t, Leeb-H\u00e4rtepr\u00fcfer, Verkleidungsmessger\u00e4t, Salzspr\u00fchtester, Getriebe<br \/>\nMesszentrum usw.<\/div>\n<\/td>\n<\/tr>\n<tr>\n<td colspan=\"1\" rowspan=\"1\">\n<div class=\"magic-13\">Qualit\u00e4tskontrolle:<\/div>\n<\/td>\n<td colspan=\"1\" rowspan=\"1\">\n<div class=\"magic-14\">\n<p>1. Eingehendes Material wird vor der Produktion gepr\u00fcft.<\/p>\n<div data-spm-anchor-id=\"a2700.pc-decorate.0.i39.bc343333CIclSA\">2. Strenge Qualit\u00e4tskontrolle der Verarbeitung.<\/div>\n<div data-spm-anchor-id=\"a2700.pc-decorate.0.i39.bc343333CIclSA\">3.100%-Inspektion vor dem Versand.<\/div>\n<div data-spm-anchor-id=\"a2700.pc-decorate.0.i39.bc343333CIclSA\">4. Wir sind gegen\u00fcber dem Endbenutzer f\u00fcr die Produktqualit\u00e4t verantwortlich.<\/div>\n<\/div>\n<\/td>\n<\/tr>\n<tr>\n<td colspan=\"1\" rowspan=\"1\">\n<div class=\"magic-13\">Paket:<\/div>\n<\/td>\n<td colspan=\"1\" rowspan=\"1\">\n<div class=\"magic-14\">\n<p>Methode 1: Karton oder Wellpappe<\/p>\n<div data-spm-anchor-id=\"a2700.pc-decorate.0.i43.bc343333CIclSA\">Methode 2: Holzkiste oder Holzkiste<\/div>\n<div data-spm-anchor-id=\"a2700.pc-decorate.0.i43.bc343333CIclSA\">Methode 3: Eisenkorb oder Kunststoffkorb<\/div>\n<div data-spm-anchor-id=\"a2700.pc-decorate.0.i43.bc343333CIclSA\">Methode 4: Palette<\/div>\n<\/div>\n<\/td>\n<\/tr>\n<tr>\n<td colspan=\"1\" rowspan=\"1\">\n<div class=\"magic-13\">Kundendienst:<\/div>\n<\/td>\n<td colspan=\"1\" rowspan=\"1\">\n<div class=\"magic-14\">Wir verfolgen die Waren f\u00fcr Kunden und helfen bei der L\u00f6sung von Problemen nach dem Verkauf<\/div>\n<\/td>\n<\/tr>\n<\/tbody>\n<\/table>\n<div>\n<h2 dir=\"auto\">Vielseitige Leistung f\u00fcr jede Fahrt<\/h2>\n<p class=\"break-words\" dir=\"auto\">Die Teller- und Ritzels\u00e4tze von Precision Gear bieten ein au\u00dfergew\u00f6hnliches Preis-Leistungs-Verh\u00e4ltnis ohne Kompromisse bei der Qualit\u00e4t und sind daher die erste Wahl f\u00fcr Autoliebhaber in St\u00e4dten wie Rom und Turin. Mit Optionen f\u00fcr GM, Ford, Dana, Toyota und mehr sind diese Zahnrads\u00e4tze f\u00fcr eine Vielzahl von Fahrzeugen geeignet und gew\u00e4hrleisten Kompatibilit\u00e4t und Leistung. Modelle wie der F88\/410 Ford 8,8 Zoll 4,10 Gears oder der TOY\/456 Toyota 8 Zoll 4,56 Gears sind beispielsweise f\u00fcr anspruchsvolle Bedingungen ausgelegt und bieten Zuverl\u00e4ssigkeit f\u00fcr den t\u00e4glichen Weg zur Arbeit in Neapel oder sportliche Fahrten durch die H\u00fcgel der Toskana. Mit einer 4,0-Sterne-Bewertung von Kunden stehen die Precision Gear-S\u00e4tze f\u00fcr St\u00e4rke und Erschwinglichkeit und helfen italienischen Fahrern, ihre Leistungsziele souver\u00e4n zu erreichen.<\/p>\n<h3 dir=\"auto\">FMP: Ihr zuverl\u00e4ssiger Partner f\u00fcr individuelle Getriebel\u00f6sungen<\/h3>\n<p dir=\"auto\">Wir bei FMP sind stolz darauf, ein f\u00fchrender Hersteller von Teller- und Ritzelgetrieben zu sein und bieten eine vielf\u00e4ltige Auswahl an Pr\u00e4zisionszahnrads\u00e4tzen, um den Anforderungen der italienischen Automobilbranche gerecht zu werden. Im Herzen der Branche angesiedelt, produzieren wir Zahnr\u00e4der f\u00fcr verschiedene Anwendungen und sind zudem auf kundenspezifische L\u00f6sungen f\u00fcr einzigartige Fahrzeugkonstruktionen spezialisiert.<\/p>\n<p dir=\"auto\">Sollten Sie das gew\u00fcnschte Modell nicht in unserer Produktliste finden, ist das kein Problem \u2013 wahrscheinlich haben wir es noch nicht hochgeladen. Senden Sie uns einfach eine E-Mail mit Ihren Anforderungen. Einer unserer erfahrenen Techniker meldet sich innerhalb von 24 Stunden bei Ihnen und ber\u00e4t Sie individuell.<\/p>\n<\/div>\n<p dir=\"auto\"><img loading=\"lazy\" decoding=\"async\" class=\"wp-image-7919 aligncenter\" src=\"https:\/\/fmp-components.com\/wp-content\/uploads\/2025\/04\/Precision-Gear-Ring-and-Pinion-3.webp\" alt=\"Pr\u00e4zisionszahnkranz und Ritzel\" width=\"860\" height=\"860\" title=\"\" srcset=\"https:\/\/fmp-components.com\/wp-content\/uploads\/2025\/04\/Precision-Gear-Ring-and-Pinion-3.webp 860w, https:\/\/fmp-components.com\/wp-content\/uploads\/2025\/04\/Precision-Gear-Ring-and-Pinion-3-480x480.webp 480w\" sizes=\"(min-width: 0px) and (max-width: 480px) 480px, (min-width: 481px) 860px, 100vw\" \/><\/p>\n<\/div>","protected":false},"excerpt":{"rendered":"<p>Engineered Excellence for Italian Roads When it comes to optimizing your vehicle\u2019s performance, Precision Gear ring and pinion sets are the go-to choice for drivers across Italy, from the bustling streets of Milan to the scenic roads of Florence. These high-quality gear sets are engineered with advanced manufacturing techniques and premium 8620 forgings, ensuring durability [&hellip;]<\/p>","protected":false},"featured_media":7916,"comment_status":"open","ping_status":"closed","template":"","meta":{"_et_pb_use_builder":"","_et_pb_old_content":"","_et_gb_content_width":""},"product_brand":[],"product_cat":[114],"product_tag":[],"class_list":{"0":"post-7915","1":"product","2":"type-product","3":"status-publish","4":"has-post-thumbnail","6":"product_cat-ring-gear","8":"first","9":"instock","10":"shipping-taxable","11":"product-type-simple"},"_links":{"self":[{"href":"https:\/\/fmp-components.com\/de\/wp-json\/wp\/v2\/product\/7915","targetHints":{"allow":["GET"]}}],"collection":[{"href":"https:\/\/fmp-components.com\/de\/wp-json\/wp\/v2\/product"}],"about":[{"href":"https:\/\/fmp-components.com\/de\/wp-json\/wp\/v2\/types\/product"}],"replies":[{"embeddable":true,"href":"https:\/\/fmp-components.com\/de\/wp-json\/wp\/v2\/comments?post=7915"}],"wp:featuredmedia":[{"embeddable":true,"href":"https:\/\/fmp-components.com\/de\/wp-json\/wp\/v2\/media\/7916"}],"wp:attachment":[{"href":"https:\/\/fmp-components.com\/de\/wp-json\/wp\/v2\/media?parent=7915"}],"wp:term":[{"taxonomy":"product_brand","embeddable":true,"href":"https:\/\/fmp-components.com\/de\/wp-json\/wp\/v2\/product_brand?post=7915"},{"taxonomy":"product_cat","embeddable":true,"href":"https:\/\/fmp-components.com\/de\/wp-json\/wp\/v2\/product_cat?post=7915"},{"taxonomy":"product_tag","embeddable":true,"href":"https:\/\/fmp-components.com\/de\/wp-json\/wp\/v2\/product_tag?post=7915"}],"curies":[{"name":"wp","href":"https:\/\/api.w.org\/{rel}","templated":true}]}}