{"id":791,"date":"2024-12-18T06:57:05","date_gmt":"2024-12-18T06:57:05","guid":{"rendered":"https:\/\/fmp-components.com\/?page_id=8"},"modified":"2024-12-18T07:38:40","modified_gmt":"2024-12-18T07:38:40","slug":"hydraulic-cylinder-for-stacker-reclaimer","status":"publish","type":"product","link":"https:\/\/fmp-components.com\/de\/product\/hydraulic-cylinder-for-stacker-reclaimer\/","title":{"rendered":"Hydraulikzylinder f\u00fcr Absetz- und R\u00fcckladeger\u00e4t"},"content":{"rendered":"<p style=\"text-align: center;\"><span style=\"font-size: 18pt;\">Hydraulikzylinder f\u00fcr Absetz- und R\u00fcckladeger\u00e4t<\/span><\/p>\n<p>Der Hydraulikzylinder f\u00fcr Absetz- und R\u00fcckladeanlagen ist eine wichtige Hydraulikkomponente, die die Effizienz und Funktionalit\u00e4t von Absetz- und R\u00fcckladeanlagen im Sch\u00fcttgutumschlag verbessert. Dieser Zylinder spielt eine entscheidende Rolle bei der Bereitstellung der notwendigen Hub- und Bewegungskapazit\u00e4ten f\u00fcr das pr\u00e4zise Stapeln und R\u00fcckladen von Materialien wie Kohle, Getreide und Mineralien.<\/p>\n<p><img loading=\"lazy\" decoding=\"async\" class=\"alignnone size-full wp-image-804\" src=\"https:\/\/fmp-components.com\/wp-content\/uploads\/2024\/12\/Stacker-Reclaimer-Belt-Tensioning-Cylinder-1-1.webp\" alt=\"Stacker-Reclaimer-Bandspannzylinder-1\" width=\"1024\" height=\"545\" title=\"\" srcset=\"https:\/\/fmp-components.com\/wp-content\/uploads\/2024\/12\/Stacker-Reclaimer-Belt-Tensioning-Cylinder-1-1.webp 1024w, https:\/\/fmp-components.com\/wp-content\/uploads\/2024\/12\/Stacker-Reclaimer-Belt-Tensioning-Cylinder-1-1-980x522.webp 980w, https:\/\/fmp-components.com\/wp-content\/uploads\/2024\/12\/Stacker-Reclaimer-Belt-Tensioning-Cylinder-1-1-480x255.webp 480w\" sizes=\"(min-width: 0px) and (max-width: 480px) 480px, (min-width: 481px) and (max-width: 980px) 980px, (min-width: 981px) 1024px, 100vw\" \/><\/p>\n<h4>Hauptmerkmale:<\/h4>\n<ul>\n<li><strong>Hohe Tragf\u00e4higkeit:<\/strong> Dieser Hydraulikzylinder ist f\u00fcr die Handhabung erheblicher Gewichte ausgelegt und gew\u00e4hrleistet einen sicheren und zuverl\u00e4ssigen Betrieb bei schweren Hebeaufgaben, was f\u00fcr eine effektive Materialverwaltung von entscheidender Bedeutung ist.<\/li>\n<li><strong>Robuste Konstruktion:<\/strong> Es besteht aus hochfesten Materialien und ist so konzipiert, dass es den rauen Bedingungen industrieller Umgebungen standh\u00e4lt, einschlie\u00dflich der Einwirkung abrasiver Materialien, Feuchtigkeit und extremer Temperaturen, wodurch eine lange Haltbarkeit gew\u00e4hrleistet wird.<\/li>\n<li><strong>Reibungsloser Betrieb:<\/strong> Das fortschrittliche Hydraulikdesign erm\u00f6glicht fl\u00fcssige und kontrollierte Bewegungen und erm\u00f6glicht schnelle Anpassungen f\u00fcr eine optimale Positionierung des Auslegers und anderer Komponenten w\u00e4hrend Stapel- und R\u00fcckgewinnungsprozessen.<\/li>\n<li><strong>Verbesserte Sicherheit:<\/strong> Ausgestattet mit Sicherheitsfunktionen, um eine \u00dcberlastung zu verhindern und einen sicheren Betrieb zu gew\u00e4hrleisten, wodurch sowohl Bediener als auch Ger\u00e4te bei Materialhandhabungsaufgaben gesch\u00fctzt werden.<\/li>\n<li><strong>Vielseitige Anwendung:<\/strong> Dieser Hydraulikzylinder ist f\u00fcr verschiedene Stacker-Reclaimer-Konfigurationen geeignet und kann an unterschiedliche Betriebsanforderungen angepasst werden. Damit eignet er sich ideal f\u00fcr verschiedene Anwendungen im Sch\u00fcttgutumschlag.<\/li>\n<li><strong>Geringer Wartungsaufwand:<\/strong> Es ist auf minimalen Verschlei\u00df ausgelegt und reduziert den Bedarf an h\u00e4ufiger Wartung, was zu einer h\u00f6heren Produktivit\u00e4t und niedrigeren Betriebskosten beitr\u00e4gt.<\/li>\n<\/ul>\n<p>Zusammenfassend l\u00e4sst sich sagen, dass der Hydraulikzylinder f\u00fcr Absetz- und R\u00fcckladeger\u00e4te eine wichtige Komponente ist, die die Leistung und Effizienz von Absetz- und R\u00fcckladeger\u00e4ten optimiert und ihre Effektivit\u00e4t bei Sch\u00fcttguthandhabungsvorg\u00e4ngen in verschiedenen Branchen deutlich steigert.<\/p>\n<h2>Stacker Reclaimer Skelett Pitch Zylinder<\/h2>\n<p>Der Skeleton Pitch Cylinder f\u00fcr Stacker Reclaimer ist eine wichtige Hydraulikkomponente zur Steuerung der Neigungsbewegung des Skelettrahmens in Stacker Reclaimern. Dieser Zylinder liefert die n\u00f6tige Kraft zum Einstellen des Rahmenwinkels und erm\u00f6glicht so eine pr\u00e4zise Positionierung beim Stapeln und R\u00fcckgewinnen von Sch\u00fcttg\u00fctern wie Kohle, Getreide und Mineralien. Er besteht aus hochfesten Materialien und ist f\u00fcr die anspruchsvollen Bedingungen in Industrieumgebungen ausgelegt. Er gew\u00e4hrleistet Langlebigkeit und Zuverl\u00e4ssigkeit auch bei hoher Belastung. Die sanfte Hydraulikbewegung erm\u00f6glicht schnelle und pr\u00e4zise Anpassungen und erh\u00f6ht so die Betriebseffizienz und Sicherheit. Dieser Pitchzylinder ist f\u00fcr die Leistungsoptimierung von Stacker Reclaimern unerl\u00e4sslich und tr\u00e4gt ma\u00dfgeblich zum effektiven Sch\u00fcttgutumschlag in verschiedenen Anwendungen bei.<\/p>\n<p><img loading=\"lazy\" decoding=\"async\" class=\"size-full wp-image-799 aligncenter\" src=\"https:\/\/fmp-components.com\/wp-content\/uploads\/2024\/12\/Stacker-Reclaimer-Skeleton-Pitch-Cylinder.webp\" alt=\"Stacker Reclaimer Skelett Pitch Zylinder\" width=\"500\" height=\"200\" title=\"\" srcset=\"https:\/\/fmp-components.com\/wp-content\/uploads\/2024\/12\/Stacker-Reclaimer-Skeleton-Pitch-Cylinder.webp 500w, https:\/\/fmp-components.com\/wp-content\/uploads\/2024\/12\/Stacker-Reclaimer-Skeleton-Pitch-Cylinder-480x192.webp 480w\" sizes=\"(min-width: 0px) and (max-width: 480px) 480px, (min-width: 481px) 500px, 100vw\" \/><\/p>\n<table style=\"width: 91.0504%; height: 178px;\" border=\"1\" cellspacing=\"0\" cellpadding=\"0\">\n<tbody>\n<tr style=\"height: 23px;\">\n<td style=\"height: 23px;\">Produktname<\/td>\n<td style=\"height: 23px;\">Stacker Reclaimer Skelett Pitch Zylinder<\/td>\n<\/tr>\n<tr style=\"height: 23px;\">\n<td style=\"height: 23px;\">Merkmale:<\/td>\n<td style=\"height: 23px;\">Realisieren Sie die Cantilever-Pitching-Aktion<\/td>\n<\/tr>\n<tr style=\"height: 23px;\">\n<td style=\"height: 23px;\">Bohrungsdurchmesser:<\/td>\n<td style=\"height: 23px;\">300 mm \uff5e 400 m<\/td>\n<\/tr>\n<tr style=\"height: 47px;\">\n<td style=\"height: 47px;\">Stangendurchmesser:<\/td>\n<td style=\"height: 47px;\">200 mm \uff5e 320 mm<br \/>\nHub 1000 mm \uff5e 4500 mm<\/td>\n<\/tr>\n<tr style=\"height: 23px;\">\n<td style=\"height: 23px;\">Druck:<\/td>\n<td style=\"height: 23px;\">bis zu 35 MPa<\/td>\n<\/tr>\n<tr style=\"height: 23px;\">\n<td style=\"height: 23px;\">Anwendungen:<\/td>\n<td style=\"height: 23px;\">Absetzer\/R\u00fccklader<\/td>\n<\/tr>\n<\/tbody>\n<\/table>\n<p><img loading=\"lazy\" decoding=\"async\" class=\"alignnone  wp-image-807\" src=\"https:\/\/fmp-components.com\/wp-content\/uploads\/2024\/12\/Stacker-Reclaimer-Skeleton-Pitch-Cylinder-2.webp\" alt=\"Stacker-Reclaimer-Skeleton-Pitch-Zylinder\" width=\"849\" height=\"433\" title=\"\"><\/p>\n<p><img loading=\"lazy\" decoding=\"async\" class=\"alignnone  wp-image-803\" src=\"https:\/\/fmp-components.com\/wp-content\/uploads\/2024\/12\/Stacker-Reclaimer-Skeleton-Pitch-Cylinder-1.webp\" alt=\"Stacker Reclaimer Skelett Pitch Zylinder\" width=\"864\" height=\"259\" title=\"\" srcset=\"https:\/\/fmp-components.com\/wp-content\/uploads\/2024\/12\/Stacker-Reclaimer-Skeleton-Pitch-Cylinder-1.webp 864w, https:\/\/fmp-components.com\/wp-content\/uploads\/2024\/12\/Stacker-Reclaimer-Skeleton-Pitch-Cylinder-1-480x144.webp 480w\" sizes=\"(min-width: 0px) and (max-width: 480px) 480px, (min-width: 481px) 864px, 100vw\" \/><\/p>\n<h2>Absetzer R\u00fccklader Chaser Pitch-Zylinder<\/h2>\n<p>Der Pitch-Zylinder f\u00fcr Haldenr\u00fcckgewinnungsger\u00e4te ist eine wichtige Hydraulikkomponente zur Steuerung des Neigungswinkels des Haldenmechanismus in Haldenr\u00fcckgewinnungsger\u00e4ten. Dieser Zylinder liefert die n\u00f6tige Kraft f\u00fcr pr\u00e4zise Einstellungen, sodass das Haldenr\u00fcckgewinnungsger\u00e4t Sch\u00fcttg\u00fcter wie Kohle, Eisenerz und Getreide effektiv stapeln und zur\u00fcckgewinnen kann. Er besteht aus hochfesten Materialien und ist f\u00fcr die rauen Bedingungen in Industrieumgebungen ausgelegt. Er gew\u00e4hrleistet Langlebigkeit und zuverl\u00e4ssige Leistung auch unter hohen Belastungen. Die sanfte Hydraulikbewegung erm\u00f6glicht eine schnelle und pr\u00e4zise Positionierung und erh\u00f6ht so die Betriebseffizienz und Sicherheit im Materialumschlag. Dieser Pitch-Zylinder ist unerl\u00e4sslich f\u00fcr die Optimierung der Funktionalit\u00e4t von Haldenr\u00fcckgewinnungsger\u00e4ten und verbessert die Effektivit\u00e4t von Sch\u00fcttgutmanagementsystemen erheblich.<\/p>\n<p><img loading=\"lazy\" decoding=\"async\" class=\"size-full wp-image-798 aligncenter\" src=\"https:\/\/fmp-components.com\/wp-content\/uploads\/2024\/12\/Stacker-Reclaimer-Chaser-Pitch-Cylinder.webp\" alt=\"Absetzer R\u00fccklader Chaser Pitch-Zylinder\" width=\"500\" height=\"200\" title=\"\" srcset=\"https:\/\/fmp-components.com\/wp-content\/uploads\/2024\/12\/Stacker-Reclaimer-Chaser-Pitch-Cylinder.webp 500w, https:\/\/fmp-components.com\/wp-content\/uploads\/2024\/12\/Stacker-Reclaimer-Chaser-Pitch-Cylinder-480x192.webp 480w\" sizes=\"(min-width: 0px) and (max-width: 480px) 480px, (min-width: 481px) 500px, 100vw\" \/><\/p>\n<table style=\"width: 93.3894%; height: 160px;\" border=\"1\" cellspacing=\"0\" cellpadding=\"0\">\n<tbody>\n<tr>\n<td>Produktname<\/td>\n<td>Absetzer R\u00fccklader Chaser Pitch-Zylinder<\/td>\n<\/tr>\n<tr>\n<td>Merkmale:<\/td>\n<td>Erkennen Sie die Nickwirkung des Heckgurtmechanismus<\/td>\n<\/tr>\n<tr>\n<td>Bohrungsdurchmesser:<\/td>\n<td>300 mm \uff5e 400 m<\/td>\n<\/tr>\n<tr>\n<td>Stangendurchmesser:<\/td>\n<td>200 mm \uff5e 320 mm<br \/>\nHub 1000 mm \uff5e 4500 mm<\/td>\n<\/tr>\n<tr>\n<td>Druck:<\/td>\n<td>bis zu 35 MPa<\/td>\n<\/tr>\n<tr>\n<td>Anwendungen:<\/td>\n<td>Absetzer\/R\u00fccklader<\/td>\n<\/tr>\n<\/tbody>\n<\/table>\n<p><img loading=\"lazy\" decoding=\"async\" class=\"alignnone  wp-image-808\" src=\"https:\/\/fmp-components.com\/wp-content\/uploads\/2024\/12\/Stacker-Reclaimer-Chaser-Pitch-Cylinders-1-1.webp\" alt=\"Stacker-Reclaimer-Chaser-Pitch-Zylinder-1\" width=\"860\" height=\"475\" title=\"\"><\/p>\n<p><img loading=\"lazy\" decoding=\"async\" class=\"alignnone  wp-image-802\" src=\"https:\/\/fmp-components.com\/wp-content\/uploads\/2024\/12\/Stacker-Reclaimer-Chaser-Pitch-Cylinder-1.webp\" alt=\"Absetzer R\u00fccklader Chaser Pitch-Zylinder\" width=\"871\" height=\"289\" title=\"\" srcset=\"https:\/\/fmp-components.com\/wp-content\/uploads\/2024\/12\/Stacker-Reclaimer-Chaser-Pitch-Cylinder-1.webp 871w, https:\/\/fmp-components.com\/wp-content\/uploads\/2024\/12\/Stacker-Reclaimer-Chaser-Pitch-Cylinder-1-480x159.webp 480w\" sizes=\"(min-width: 0px) and (max-width: 480px) 480px, (min-width: 481px) 871px, 100vw\" \/><\/p>\n<h2>Spannzylinder f\u00fcr das Band eines Stapler- und R\u00fcckladers<\/h2>\n<p>Der Bandspannzylinder f\u00fcr Absetz- und R\u00fcckladeanlagen ist eine wichtige Hydraulikkomponente, die die richtige Spannung der F\u00f6rderb\u00e4nder von Absetz- und R\u00fcckladeanlagen aufrechterh\u00e4lt. Dieser Zylinder liefert die n\u00f6tige Kraft zum Einstellen und Aufrechterhalten der Bandspannung und gew\u00e4hrleistet so optimale Leistung beim Stapeln und R\u00fcckladen von Sch\u00fcttg\u00fctern wie Kohle, Getreide und Mineralien. Er besteht aus hochfesten Materialien und ist f\u00fcr die hohen Anforderungen industrieller Umgebungen ausgelegt. Er bietet Langlebigkeit und Zuverl\u00e4ssigkeit auch bei hoher Belastung. Der sanfte Hydraulikbetrieb erm\u00f6glicht pr\u00e4zise Einstellungen, steigert die Betriebseffizienz und verhindert Bandschlupf oder -verschlei\u00df. Dieser Spannzylinder ist entscheidend f\u00fcr die Optimierung der Leistung und Langlebigkeit von F\u00f6rdersystemen im Sch\u00fcttgutumschlag.<\/p>\n<p><img loading=\"lazy\" decoding=\"async\" class=\"size-full wp-image-797 aligncenter\" src=\"https:\/\/fmp-components.com\/wp-content\/uploads\/2024\/12\/Stacker-Reclaimer-Belt-Tensioning-Cylinder.webp\" alt=\"Spannzylinder f\u00fcr das Band eines Stapler- und R\u00fcckladers\" width=\"500\" height=\"200\" title=\"\" srcset=\"https:\/\/fmp-components.com\/wp-content\/uploads\/2024\/12\/Stacker-Reclaimer-Belt-Tensioning-Cylinder.webp 500w, https:\/\/fmp-components.com\/wp-content\/uploads\/2024\/12\/Stacker-Reclaimer-Belt-Tensioning-Cylinder-480x192.webp 480w\" sizes=\"(min-width: 0px) and (max-width: 480px) 480px, (min-width: 481px) 500px, 100vw\" \/><\/p>\n<table style=\"width: 93.3905%; height: 211px;\" border=\"1\" cellspacing=\"0\" cellpadding=\"0\">\n<tbody>\n<tr style=\"height: 47px;\">\n<td style=\"height: 47px;\">Produktname<\/td>\n<td style=\"height: 47px;\">Spannzylinder f\u00fcr das Band eines Stapler- und R\u00fcckladers<\/td>\n<\/tr>\n<tr style=\"height: 23px;\">\n<td style=\"height: 23px;\">Merkmale:<\/td>\n<td style=\"height: 23px;\">Erkennen Sie Riemenspannung und -spiel<\/td>\n<\/tr>\n<tr style=\"height: 47px;\">\n<td style=\"height: 47px;\">Bohrungsdurchmesser:<\/td>\n<td style=\"height: 47px;\">80 mm \uff5e 180 m<\/td>\n<\/tr>\n<tr style=\"height: 47px;\">\n<td style=\"height: 47px;\">Stangendurchmesser:<\/td>\n<td style=\"height: 47px;\">45 mm \uff5e 120 mm<br \/>\nHub 500 mm \uff5e 1500 mm<\/td>\n<\/tr>\n<tr style=\"height: 23px;\">\n<td style=\"height: 23px;\">Druck:<\/td>\n<td style=\"height: 23px;\">bis zu 35 MPa<\/td>\n<\/tr>\n<tr style=\"height: 23px;\">\n<td style=\"height: 23px;\">Anwendungen:<\/td>\n<td style=\"height: 23px;\">Absetzer\/R\u00fccklader<\/td>\n<\/tr>\n<\/tbody>\n<\/table>\n<h2><img loading=\"lazy\" decoding=\"async\" class=\"alignnone  wp-image-801\" src=\"https:\/\/fmp-components.com\/wp-content\/uploads\/2024\/12\/Stacker-Reclaimer-Belt-Tensioning-Cylinder-1.webp\" alt=\"Spannzylinder f\u00fcr das Band eines Stapler- und R\u00fcckladers\" width=\"865\" height=\"255\" title=\"\" srcset=\"https:\/\/fmp-components.com\/wp-content\/uploads\/2024\/12\/Stacker-Reclaimer-Belt-Tensioning-Cylinder-1.webp 865w, https:\/\/fmp-components.com\/wp-content\/uploads\/2024\/12\/Stacker-Reclaimer-Belt-Tensioning-Cylinder-1-480x141.webp 480w\" sizes=\"(min-width: 0px) and (max-width: 480px) 480px, (min-width: 481px) 865px, 100vw\" \/>Vorteile des Hydraulikzylinders f\u00fcr Stapler und Reclaimer<\/h2>\n<p>Der Hydraulikzylinder des Stacker Reclaimer bietet mehrere wichtige Vorteile, die die Leistung und Zuverl\u00e4ssigkeit von Stacker Reclaimern bei der Handhabung von Sch\u00fcttgut verbessern.<\/p>\n<ol>\n<li><strong>Hohe Tragf\u00e4higkeit:<\/strong> Dieser Hydraulikzylinder ist f\u00fcr die Handhabung erheblicher Gewichte ausgelegt und gew\u00e4hrleistet einen sicheren und effizienten Betrieb bei schweren Hebe- und Materialhandhabungsaufgaben, was f\u00fcr eine effektive Leistung in industriellen Umgebungen von entscheidender Bedeutung ist.<\/li>\n<li><strong>Pr\u00e4zise Steuerung:<\/strong> Das Hydrauliksystem erm\u00f6glicht eine sanfte und pr\u00e4zise Einstellung, sodass der Bediener den Absetzer\/Recycler effektiv positionieren kann. Diese Pr\u00e4zision reduziert das Unfallrisiko und verbessert die allgemeine Betriebseffizienz.<\/li>\n<li><strong>Robuste Konstruktion:<\/strong> Der Hydraulikzylinder besteht aus hochfesten Materialien und ist so konstruiert, dass er rauen Industriebedingungen standh\u00e4lt, einschlie\u00dflich der Einwirkung von abrasiven Materialien, Feuchtigkeit und extremen Temperaturen, wodurch Haltbarkeit und dauerhafte Leistung gew\u00e4hrleistet werden.<\/li>\n<li><strong>Verbesserte Sicherheitsfunktionen:<\/strong> Ausgestattet mit Sicherheitsmechanismen zur Vermeidung von \u00dcberlastungen und Gew\u00e4hrleistung eines sicheren Betriebs sch\u00fctzt der Hydraulikzylinder sowohl Bediener als auch Ausr\u00fcstung w\u00e4hrend des Materialtransports.<\/li>\n<li><strong>Effizienter Betrieb:<\/strong> Die sanfte Hydraulikwirkung minimiert den Verschlei\u00df sowohl des Zylinders als auch des Absetzers und tr\u00e4gt so zu einem geringeren Wartungsbedarf und einer verbesserten Produktivit\u00e4t bei.<\/li>\n<li><strong>Vielseitige Anwendung:<\/strong> Dieser Hydraulikzylinder ist f\u00fcr verschiedene Stacker-Reclaimer-Konfigurationen geeignet und kann an unterschiedliche Betriebsanforderungen angepasst werden. Damit eignet er sich ideal f\u00fcr eine breite Palette von Sch\u00fcttgutumschlaganwendungen.<\/li>\n<li><strong>Geringer Wartungsaufwand:<\/strong> Es ist auf minimalen Verschlei\u00df ausgelegt und reduziert die Wartungsh\u00e4ufigkeit sowie Ausfallzeiten, was zu niedrigeren Betriebskosten und h\u00f6herer Produktivit\u00e4t f\u00fchrt.<\/li>\n<li><strong>Verbesserte Materialhandhabung:<\/strong> Durch die Aufrechterhaltung der optimalen Spannung und Positionierung der Komponenten verbessert der Hydraulikzylinder die Effizienz der Stapel- und R\u00fcckgewinnungsvorg\u00e4nge und tr\u00e4gt so zu einer insgesamt besseren Handhabung von Sch\u00fcttg\u00fctern bei.<\/li>\n<\/ol>\n<p>Zusammenfassend l\u00e4sst sich sagen, dass der Hydraulikzylinder f\u00fcr Absetz- und R\u00fcckladeger\u00e4te von entscheidender Bedeutung f\u00fcr die Optimierung der Effizienz, Sicherheit und Zuverl\u00e4ssigkeit von Absetz- und R\u00fcckladeger\u00e4ten ist und ihre Leistung in verschiedenen industriellen Anwendungen deutlich verbessert.<\/p>\n<p><img loading=\"lazy\" decoding=\"async\" class=\"alignnone  wp-image-805\" src=\"https:\/\/fmp-components.com\/wp-content\/uploads\/2024\/12\/Chaser-Pitch-Cylinder-for-Stacker-Reclaimer.webp\" alt=\"Chaser-Pitch-Zylinder f\u00fcr Stacker-Reclaimer\" width=\"911\" height=\"501\" title=\"\"><\/p>\n<h3>\u00dcber FMP<\/h3>\n<p>FMP ist ein spezialisierter Maschinenbauer, der sich auf die Produktion von Hydraulikzylindern spezialisiert hat. Seit seiner Gr\u00fcndung konzentriert sich das Unternehmen auf die Forschung und Fertigung von Hydrauliktechnologie und hat sich erfolgreich von einer vielf\u00e4ltigen Produktpalette, die Ernte- und Baumaschinen umfasste, auf die Spezialisierung auf landwirtschaftliche Traktorkomponenten spezialisiert. Mit \u00fcber einem Jahrzehnt Erfahrung in Fertigung und Management gew\u00e4hrleistet FMP durch fortschrittliche Produktionstechniken qualitativ hochwertige Produkte.<\/p>\n<p>Im Laufe der Entwicklung des Unternehmens wurden umfassende Fertigungslinien f\u00fcr die maschinelle Bearbeitung, Montagelinien und Beschichtungslinien entwickelt. Unser Team besteht aus qualifizierten F\u00fchrungskr\u00e4ften, erfahrenen Maschinenbauern und hochqualifizierten Technikern, die gemeinsam f\u00fcr eine stabile Produktionsqualit\u00e4t sorgen und gleichzeitig die Prozesskontinuit\u00e4t und -effizienz effektiv steuern.<\/p>\n<p>FMP vertritt die Philosophie \u201eTechnologische Innovation treibt Fortschritt voran, Qualit\u00e4t schafft Marken, Handwerkskunst sichert Qualit\u00e4t und baut langfristige Win-Win-Beziehungen auf.\u201c Unser Engagement f\u00fcr die Bereitstellung hochwertiger Produkte und eines hervorragenden Kundendienstes bleibt ein zentrales Ziel, w\u00e4hrend wir weiterhin den sich entwickelnden Anforderungen des Marktes gerecht werden.<\/p>\n<p><img loading=\"lazy\" decoding=\"async\" class=\"alignnone size-full wp-image-426\" src=\"https:\/\/fmp-components.com\/wp-content\/uploads\/2024\/12\/Sanitation-Machinery-Locking-Hydraulic-Cylinder-factory.webp\" sizes=\"(min-width: 0px) and (max-width: 480px) 480px, (min-width: 481px) and (max-width: 980px) 980px, (min-width: 981px) and (max-width: 1280px) 1280px, (min-width: 1281px) 1414px, 100vw\" srcset=\"https:\/\/fmp-components.com\/wp-content\/uploads\/2024\/12\/Sanitation-Machinery-Locking-Hydraulic-Cylinder-factory.webp 1414w, https:\/\/fmp-components.com\/wp-content\/uploads\/2024\/12\/Sanitation-Machinery-Locking-Hydraulic-Cylinder-factory-1280x529.webp 1280w, https:\/\/fmp-components.com\/wp-content\/uploads\/2024\/12\/Sanitation-Machinery-Locking-Hydraulic-Cylinder-factory-980x405.webp 980w, https:\/\/fmp-components.com\/wp-content\/uploads\/2024\/12\/Sanitation-Machinery-Locking-Hydraulic-Cylinder-factory-480x198.webp 480w\" alt=\"Sanit\u00e4r-Maschinen-Verriegelung-Hydraulik-Zylinder-Fabrik\" width=\"1414\" height=\"584\" title=\"\"><\/p>\n<p>Autor: CX<\/p>","protected":false},"excerpt":{"rendered":"<p>Der Hydraulikzylinder f\u00fcr Absetz- und R\u00fcckladeanlagen ist eine wichtige Hydraulikkomponente in Sch\u00fcttgutf\u00f6rdersystemen und sorgt f\u00fcr die erforderlichen Hub- und Bewegungsf\u00e4higkeiten von Absetz- und R\u00fcckladeanlagen. Dieser Zylinder erm\u00f6glicht eine pr\u00e4zise Steuerung der Positionierung des Auslegers und anderer Betriebsmechanismen und erm\u00f6glicht so ein effizientes Stapeln und R\u00fcckladen von Materialien wie Kohle, Getreide und Mineralien. Er besteht aus hochfesten Materialien und ist f\u00fcr die anspruchsvollen Bedingungen in Industrieumgebungen ausgelegt. Er gew\u00e4hrleistet Langlebigkeit und Zuverl\u00e4ssigkeit auch bei hoher Belastung. Die sanfte Hydraulikfunktion erm\u00f6glicht schnelle Anpassungen und steigert die Betriebseffizienz. Damit ist er unverzichtbar f\u00fcr die Leistungsoptimierung von Absetz- und R\u00fcckladeanlagen in verschiedenen Anwendungen, darunter H\u00e4fen, Kraftwerke und Produktionsanlagen.<\/p>","protected":false},"featured_media":796,"comment_status":"open","ping_status":"closed","template":"","meta":{"_et_pb_use_builder":"","_et_pb_old_content":"","_et_gb_content_width":""},"product_brand":[],"product_cat":[28],"product_tag":[],"class_list":{"0":"post-791","1":"product","2":"type-product","3":"status-publish","4":"has-post-thumbnail","6":"product_cat-offshore-hydraulic-cylinders","8":"first","9":"instock","10":"shipping-taxable","11":"product-type-simple"},"_links":{"self":[{"href":"https:\/\/fmp-components.com\/de\/wp-json\/wp\/v2\/product\/791","targetHints":{"allow":["GET"]}}],"collection":[{"href":"https:\/\/fmp-components.com\/de\/wp-json\/wp\/v2\/product"}],"about":[{"href":"https:\/\/fmp-components.com\/de\/wp-json\/wp\/v2\/types\/product"}],"replies":[{"embeddable":true,"href":"https:\/\/fmp-components.com\/de\/wp-json\/wp\/v2\/comments?post=791"}],"wp:featuredmedia":[{"embeddable":true,"href":"https:\/\/fmp-components.com\/de\/wp-json\/wp\/v2\/media\/796"}],"wp:attachment":[{"href":"https:\/\/fmp-components.com\/de\/wp-json\/wp\/v2\/media?parent=791"}],"wp:term":[{"taxonomy":"product_brand","embeddable":true,"href":"https:\/\/fmp-components.com\/de\/wp-json\/wp\/v2\/product_brand?post=791"},{"taxonomy":"product_cat","embeddable":true,"href":"https:\/\/fmp-components.com\/de\/wp-json\/wp\/v2\/product_cat?post=791"},{"taxonomy":"product_tag","embeddable":true,"href":"https:\/\/fmp-components.com\/de\/wp-json\/wp\/v2\/product_tag?post=791"}],"curies":[{"name":"wp","href":"https:\/\/api.w.org\/{rel}","templated":true}]}}