{"id":7898,"date":"2025-04-09T08:43:15","date_gmt":"2025-04-09T08:43:15","guid":{"rendered":"https:\/\/fmp-components.com\/?post_type=product&#038;p=7898"},"modified":"2025-04-14T08:55:11","modified_gmt":"2025-04-14T08:55:11","slug":"internal-ring-gear","status":"publish","type":"product","link":"https:\/\/fmp-components.com\/de\/product\/internal-ring-gear\/","title":{"rendered":"Innenzahnkranz"},"content":{"rendered":"<h2>Innenzahnr\u00e4der verstehen<\/h2>\n<div><\/div>\n<div>Intern <a href=\"https:\/\/fmp-components.com\/de\/ring-gear\/\">Hohlr\u00e4der<\/a> sind wesentliche Komponenten in mechanischen Systemen, die zur Reduzierung der Geschwindigkeit und Erh\u00f6hung des Drehmoments bei Inline-Wellenanwendungen entwickelt wurden. Im Gegensatz zu Au\u00dfenzahnr\u00e4dern sind bei diesen zylindrischen Zahnr\u00e4dern Z\u00e4hne in den Innendurchmesser eingearbeitet, sodass sie nahtlos mit Stirnr\u00e4dern oder Ritzeln ineinandergreifen. Diese Konstruktion erm\u00f6glicht die Rotation des Antriebsritzels im Zahnrad und sorgt so f\u00fcr eine gleichm\u00e4\u00dfige und effiziente Leistung. Innenzahnr\u00e4der werden h\u00e4ufig in Planetengetrieben, Zahnkupplungen und anderen Konstruktionen eingesetzt, die kompakte L\u00f6sungen mit hohem Drehmoment erfordern. Zur Herstellung dieser Zahnr\u00e4der werden \u00fcblicherweise Zahnradsto\u00dfmaschinen mit Ritzelfr\u00e4sern verwendet, obwohl moderne Techniken wie das Sch\u00e4len die Produktionseffizienz verbessert haben. Ihre komplexe Geometrie stellt jedoch eine Herausforderung dar \u2013 insbesondere bei d\u00fcnneren Ringen, bei denen es zu Problemen mit der strukturellen Integrit\u00e4t oder Spannungen durch die Bearbeitung kommen kann.<\/div>\n<h3>Spezifikation<\/h3>\n<p>Innenzahnkranz mit Z\u00e4hnen auf der Innenfl\u00e4che seines Randes.<\/p>\n<table border=\"1\" width=\"881\" cellspacing=\"0\" cellpadding=\"0\">\n<tbody>\n<tr>\n<td height=\"39\">Produkte<\/td>\n<td>Innenzahnkranz<\/td>\n<\/tr>\n<tr>\n<td height=\"39\">Mass angefertigt<\/td>\n<td>\u221a<\/td>\n<\/tr>\n<tr>\n<td height=\"39\">Zahnradprofiltyp<\/td>\n<td>Zylindrisches Hohlrad<\/td>\n<\/tr>\n<tr>\n<td height=\"39\">Herstellung von Zahnr\u00e4dern<\/td>\n<td>Zahnradsto\u00dfen<\/td>\n<\/tr>\n<tr>\n<td height=\"39\">Zahnradschleifen<\/td>\n<td>* Falls erforderlich<\/td>\n<\/tr>\n<tr>\n<td height=\"39\">Modul (M)<\/td>\n<td>Brauch<\/td>\n<\/tr>\n<tr>\n<td height=\"39\">Anzahl der Z\u00e4hne (Z)<\/td>\n<td>Brauch<\/td>\n<\/tr>\n<tr>\n<td>Eingriffswinkel (\u03b1)<\/td>\n<td>Brauch<\/td>\n<\/tr>\n<tr>\n<td height=\"31\">Schr\u00e4gungswinkel (\u03b2)<\/td>\n<td>Brauch<\/td>\n<\/tr>\n<tr>\n<td height=\"23\">Genauigkeitsgrad der Z\u00e4hne<\/td>\n<td>ISO 8-9 Klasse<\/td>\n<\/tr>\n<tr>\n<td height=\"15\">W\u00e4rmebehandlung<\/td>\n<td>Abschrecken und Anlassen\/ Induktionsh\u00e4rten<\/td>\n<\/tr>\n<tr>\n<td>H\u00e4rte<\/td>\n<td>230-260 HB<\/td>\n<\/tr>\n<\/tbody>\n<\/table>\n<p>&nbsp;<\/p>\n<table style=\"width: 99.1544%;\" border=\"1\" width=\"796\" cellspacing=\"0\" cellpadding=\"0\">\n<tbody>\n<tr>\n<td style=\"width: 116.377%;\" colspan=\"6\" height=\"36\">VERGLEICH DER STAHLCODE-SORTEN<\/td>\n<\/tr>\n<tr>\n<td style=\"width: 18.5139%;\" height=\"36\">CHINA\/GB<\/td>\n<td style=\"width: 18.136%;\">ISO<\/td>\n<td style=\"width: 17.3804%;\">GOST<\/td>\n<td style=\"width: 10.0756%;\">ASTM<\/td>\n<td style=\"width: 16.4987%;\">JIS<\/td>\n<td style=\"width: 35.7722%;\">L\u00c4RM<\/td>\n<\/tr>\n<tr>\n<td style=\"width: 18.5139%;\" height=\"36\">45<\/td>\n<td style=\"width: 18.136%;\">C45E4<\/td>\n<td style=\"width: 17.3804%;\">45<\/td>\n<td style=\"width: 10.0756%;\">1045<\/td>\n<td style=\"width: 16.4987%;\">S45C<\/td>\n<td style=\"width: 35.7722%;\">CK45<\/td>\n<\/tr>\n<tr>\n<td style=\"width: 18.5139%;\" height=\"36\">40Cr<\/td>\n<td style=\"width: 18.136%;\">41Cr4<\/td>\n<td style=\"width: 17.3804%;\">40-fach<\/td>\n<td style=\"width: 10.0756%;\">5140<\/td>\n<td style=\"width: 16.4987%;\">SCr440<\/td>\n<td style=\"width: 35.7722%;\">41Cr4<\/td>\n<\/tr>\n<tr>\n<td style=\"width: 18.5139%;\" height=\"36\">20CrMo<\/td>\n<td style=\"width: 18.136%;\">18CrMo4<\/td>\n<td style=\"width: 17.3804%;\">20HM<\/td>\n<td style=\"width: 10.0756%;\">4118<\/td>\n<td style=\"width: 16.4987%;\">SCM22<\/td>\n<td style=\"width: 35.7722%;\">25CrMo4<\/td>\n<\/tr>\n<tr>\n<td style=\"width: 18.5139%;\" height=\"36\">42CrMo<\/td>\n<td style=\"width: 18.136%;\">42CrMo4<\/td>\n<td style=\"width: 17.3804%;\">38XM<\/td>\n<td style=\"width: 10.0756%;\">4140<\/td>\n<td style=\"width: 16.4987%;\">SCM440<\/td>\n<td style=\"width: 35.7722%;\">42CrMo4<\/td>\n<\/tr>\n<tr>\n<td style=\"width: 18.5139%;\" height=\"36\">20CrMnTi<\/td>\n<td style=\"width: 18.136%;\"><\/td>\n<td style=\"width: 17.3804%;\">18X\u0413T<\/td>\n<td style=\"width: 10.0756%;\"><\/td>\n<td style=\"width: 16.4987%;\">SMK22<\/td>\n<td style=\"width: 35.7722%;\"><\/td>\n<\/tr>\n<tr>\n<td style=\"width: 18.5139%;\" height=\"36\">20Cr2Ni4<\/td>\n<td style=\"width: 18.136%;\"><\/td>\n<td style=\"width: 17.3804%;\">20X2H4A<\/td>\n<td style=\"width: 10.0756%;\"><\/td>\n<td style=\"width: 16.4987%;\"><\/td>\n<td style=\"width: 35.7722%;\"><\/td>\n<\/tr>\n<tr>\n<td style=\"width: 18.5139%;\" height=\"36\">20CrNiMo<\/td>\n<td style=\"width: 18.136%;\">20CrNiMo2<\/td>\n<td style=\"width: 17.3804%;\">20XHM<\/td>\n<td style=\"width: 10.0756%;\">8720<\/td>\n<td style=\"width: 16.4987%;\">SNCM220<\/td>\n<td style=\"width: 35.7722%;\">21NiCrMo2<\/td>\n<\/tr>\n<tr>\n<td style=\"width: 18.5139%;\" height=\"36\">40CrNiMoA<\/td>\n<td style=\"width: 18.136%;\"><\/td>\n<td style=\"width: 17.3804%;\">40XH2MA\/<br \/>\n40XHMA<\/td>\n<td style=\"width: 10.0756%;\">4340<\/td>\n<td style=\"width: 16.4987%;\">SNCM439<\/td>\n<td style=\"width: 35.7722%;\">40NiCrMo6\/<br \/>\n36NiCrMo4<\/td>\n<\/tr>\n<tr>\n<td style=\"width: 18.5139%;\" height=\"36\">20CrNi2Mo<\/td>\n<td style=\"width: 18.136%;\">20NiCrMo7<\/td>\n<td style=\"width: 17.3804%;\">20XH2MA<\/td>\n<td style=\"width: 10.0756%;\">4320<\/td>\n<td style=\"width: 16.4987%;\">SNCM420<\/td>\n<td style=\"width: 35.7722%;\"><\/td>\n<\/tr>\n<\/tbody>\n<\/table>\n<p><img loading=\"lazy\" decoding=\"async\" class=\"alignnone size-full wp-image-7899\" src=\"https:\/\/fmp-components.com\/wp-content\/uploads\/2025\/04\/internal-ring-gear-product-image.webp\" alt=\"Innenzahnkranz-Produktbild\" width=\"2000\" height=\"1400\" title=\"\" srcset=\"https:\/\/fmp-components.com\/wp-content\/uploads\/2025\/04\/internal-ring-gear-product-image.webp 2000w, https:\/\/fmp-components.com\/wp-content\/uploads\/2025\/04\/internal-ring-gear-product-image-1280x896.webp 1280w, https:\/\/fmp-components.com\/wp-content\/uploads\/2025\/04\/internal-ring-gear-product-image-980x686.webp 980w, https:\/\/fmp-components.com\/wp-content\/uploads\/2025\/04\/internal-ring-gear-product-image-480x336.webp 480w\" sizes=\"(min-width: 0px) and (max-width: 480px) 480px, (min-width: 481px) and (max-width: 980px) 980px, (min-width: 981px) and (max-width: 1280px) 1280px, (min-width: 1281px) 2000px, 100vw\" \/><\/p>\n<h2>Einblicke in Design und Anwendung<\/h2>\n<div>Die Leistung eines Innenzahnkranzes h\u00e4ngt von wichtigen Parametern wie Au\u00dfendurchmesser, Dicke und Zahnprofil ab. Ein ausreichend gro\u00dfer Au\u00dfendurchmesser sorgt f\u00fcr strukturelle Stabilit\u00e4t, w\u00e4hrend eine ausreichende Dicke \u00fcberm\u00e4\u00dfige Belastungen im Betrieb verhindert. Diese Zahnr\u00e4der k\u00f6nnen aus Materialien wie Stahl, Messing, Bronze oder Kunststoff gefertigt und je nach Festigkeits- und Haltbarkeitsanforderungen geh\u00e4rtet werden. Bei der Kombination mit einem Stirnrad oder Ritzel ist die Kompatibilit\u00e4t von Teilung, Eingriffswinkel und Schr\u00e4gungswinkel (bei Schr\u00e4gverzahnungen) entscheidend. Um eine einwandfreie Funktionalit\u00e4t zu gew\u00e4hrleisten, sind au\u00dferdem Evolventen-, Trochoiden- und Trimminterferenzen zu pr\u00fcfen. Innenzahnr\u00e4der \u00fcberzeugen in Planetengetrieben und bieten je nach Konfiguration unterschiedliche \u00dcbersetzungsverh\u00e4ltnisse und Drehrichtungen, was sie zu einer vielseitigen Wahl in verschiedenen Branchen macht.<\/div>\n<div><img loading=\"lazy\" decoding=\"async\" class=\"size-full wp-image-7913 aligncenter\" src=\"https:\/\/fmp-components.com\/wp-content\/uploads\/2025\/04\/internal_spur_ring_gear.webp\" alt=\"internes_Stirnrad\" width=\"1024\" height=\"764\" title=\"\" srcset=\"https:\/\/fmp-components.com\/wp-content\/uploads\/2025\/04\/internal_spur_ring_gear.webp 1024w, https:\/\/fmp-components.com\/wp-content\/uploads\/2025\/04\/internal_spur_ring_gear-980x731.webp 980w, https:\/\/fmp-components.com\/wp-content\/uploads\/2025\/04\/internal_spur_ring_gear-480x358.webp 480w\" sizes=\"(min-width: 0px) and (max-width: 480px) 480px, (min-width: 481px) and (max-width: 980px) 980px, (min-width: 981px) 1024px, 100vw\" \/><\/div>\n<div>\n<h2>FMP: Ihr zuverl\u00e4ssiger Partner in Italien<\/h2>\n<p>Wir bei FMP sind stolz darauf, eine breite Palette von Innenzahnr\u00e4dern zu produzieren, um den industriellen Bedarf in ganz Italien zu decken \u2013 von den florierenden Produktionszentren Mailands \u00fcber die Feinmechanikzentren Venedigs und die Handwerksbetriebe Florenz bis hin zur Automobilindustrie Bolognas. Unser Produktsortiment umfasst Standard-Innenzahnr\u00e4der in verschiedenen Gr\u00f6\u00dfen und Spezifikationen, unsere St\u00e4rke liegt jedoch in der individuellen Anpassung \u2013 wir entwickeln ma\u00dfgeschneiderte L\u00f6sungen, die genau auf Ihre Bed\u00fcrfnisse zugeschnitten sind. Sollten Sie Ihr gew\u00fcnschtes Modell nicht in unserer Produktliste finden, bedeutet dies, dass wir es noch nicht gelistet haben. Senden Sie uns Ihre Spezifikationen per E-Mail, und unsere erfahrenen Ingenieure antworten Ihnen innerhalb von 24 Stunden mit einer ma\u00dfgeschneiderten L\u00f6sung.<\/p>\n<p><img loading=\"lazy\" decoding=\"async\" class=\"size-full wp-image-7914 aligncenter\" src=\"https:\/\/fmp-components.com\/wp-content\/uploads\/2025\/04\/fmp-ring-gear-product.webp\" alt=\"fmp Hohlradprodukt\" width=\"1040\" height=\"502\" title=\"\" srcset=\"https:\/\/fmp-components.com\/wp-content\/uploads\/2025\/04\/fmp-ring-gear-product.webp 1040w, https:\/\/fmp-components.com\/wp-content\/uploads\/2025\/04\/fmp-ring-gear-product-980x473.webp 980w, https:\/\/fmp-components.com\/wp-content\/uploads\/2025\/04\/fmp-ring-gear-product-480x232.webp 480w\" sizes=\"(min-width: 0px) and (max-width: 480px) 480px, (min-width: 481px) and (max-width: 980px) 980px, (min-width: 981px) 1040px, 100vw\" \/><\/p>\n<\/div>","protected":false},"excerpt":{"rendered":"<p>Understanding Internal Ring Gears Internal ring gears are essential components in mechanical systems designed to reduce speed and increase torque in inline shaft applications. Unlike external gears, these cylindrical gears feature teeth cut into the inside diameter, allowing them to mesh seamlessly with spur gears or pinions. This design enables the driving pinion to rotate [&hellip;]<\/p>","protected":false},"featured_media":7911,"comment_status":"open","ping_status":"closed","template":"","meta":{"_et_pb_use_builder":"","_et_pb_old_content":"","_et_gb_content_width":""},"product_brand":[],"product_cat":[114],"product_tag":[],"class_list":{"0":"post-7898","1":"product","2":"type-product","3":"status-publish","4":"has-post-thumbnail","6":"product_cat-ring-gear","8":"first","9":"instock","10":"shipping-taxable","11":"product-type-simple"},"_links":{"self":[{"href":"https:\/\/fmp-components.com\/de\/wp-json\/wp\/v2\/product\/7898","targetHints":{"allow":["GET"]}}],"collection":[{"href":"https:\/\/fmp-components.com\/de\/wp-json\/wp\/v2\/product"}],"about":[{"href":"https:\/\/fmp-components.com\/de\/wp-json\/wp\/v2\/types\/product"}],"replies":[{"embeddable":true,"href":"https:\/\/fmp-components.com\/de\/wp-json\/wp\/v2\/comments?post=7898"}],"wp:featuredmedia":[{"embeddable":true,"href":"https:\/\/fmp-components.com\/de\/wp-json\/wp\/v2\/media\/7911"}],"wp:attachment":[{"href":"https:\/\/fmp-components.com\/de\/wp-json\/wp\/v2\/media?parent=7898"}],"wp:term":[{"taxonomy":"product_brand","embeddable":true,"href":"https:\/\/fmp-components.com\/de\/wp-json\/wp\/v2\/product_brand?post=7898"},{"taxonomy":"product_cat","embeddable":true,"href":"https:\/\/fmp-components.com\/de\/wp-json\/wp\/v2\/product_cat?post=7898"},{"taxonomy":"product_tag","embeddable":true,"href":"https:\/\/fmp-components.com\/de\/wp-json\/wp\/v2\/product_tag?post=7898"}],"curies":[{"name":"wp","href":"https:\/\/api.w.org\/{rel}","templated":true}]}}