{"id":7835,"date":"2025-04-08T07:49:00","date_gmt":"2025-04-08T07:49:00","guid":{"rendered":"https:\/\/fmp-components.com\/?post_type=product&#038;p=7835"},"modified":"2025-04-08T07:49:00","modified_gmt":"2025-04-08T07:49:00","slug":"performance-differential-ring-and-pinion-gears10-bolt-fmp-g875373x","status":"publish","type":"product","link":"https:\/\/fmp-components.com\/de\/product\/performance-differential-ring-and-pinion-gears10-bolt-fmp-g875373x\/","title":{"rendered":"Leistungsdifferential-Teller- und Ritzelr\u00e4der (10 Schrauben) FMP-G875373X"},"content":{"rendered":"<h2>Spezifikation<\/h2>\n<table style=\"width: 100%;\" border=\"1\" width=\"100%\" cellspacing=\"0\" cellpadding=\"0\">\n<thead>\n<tr>\n<th><strong>Spezifikation<\/strong><\/th>\n<th><strong>Wert<\/strong><\/th>\n<\/tr>\n<\/thead>\n<tbody>\n<tr>\n<td>App-Modell<\/td>\n<td>GM 7.5, GM 7.6 IFS, GM 7.625<\/td>\n<\/tr>\n<tr>\n<td>Anzahl der Abdeckschrauben<\/td>\n<td>10<\/td>\n<\/tr>\n<tr>\n<td>Differentialtr\u00e4gerbruch<\/td>\n<td>3,08 Verh\u00e4ltnis und niedriger<\/td>\n<\/tr>\n<tr>\n<td>Differentialgeh\u00e4use-Designtyp<\/td>\n<td>GM 7.5, GM 7.625<\/td>\n<\/tr>\n<tr>\n<td>\u00dcbersetzungsverh\u00e4ltnis<\/td>\n<td>3.73<\/td>\n<\/tr>\n<tr>\n<td>Ritzelzahnanzahl<\/td>\n<td>11<\/td>\n<\/tr>\n<tr>\n<td>Ritzelwellendurchmesser<\/td>\n<td>1,438 (Zoll)<\/td>\n<\/tr>\n<tr>\n<td>Anzahl der Ritzelverzahnungen<\/td>\n<td>27<\/td>\n<\/tr>\n<tr>\n<td>Menge der Zahnkranzschrauben<\/td>\n<td>10<\/td>\n<\/tr>\n<tr>\n<td>Material des Hohlrads<\/td>\n<td>8620 Stahl<\/td>\n<\/tr>\n<tr>\n<td>Au\u00dfendurchmesser des Hohlrads<\/td>\n<td>7,5 (Zoll)<\/td>\n<\/tr>\n<tr>\n<td>Drehung des Hohlrads<\/td>\n<td>Standard<\/td>\n<\/tr>\n<tr>\n<td>Anzahl der Hohlradz\u00e4hne<\/td>\n<td>41<\/td>\n<\/tr>\n<tr>\n<td>Taxonomie A<\/td>\n<td>LD-Differential<\/td>\n<\/tr>\n<tr>\n<td>Taxonomie B<\/td>\n<td>Ring und Ritzel<\/td>\n<\/tr>\n<tr>\n<td>Taxonomie C<\/td>\n<td>Vorne, Hinten<\/td>\n<\/tr>\n<tr>\n<td>Taxonomie D<\/td>\n<td>3.73<\/td>\n<\/tr>\n<\/tbody>\n<\/table>\n<p><img loading=\"lazy\" decoding=\"async\" class=\"size-full wp-image-7837 aligncenter\" src=\"https:\/\/fmp-components.com\/wp-content\/uploads\/2025\/04\/Performance-Differential-Ring-and-Pinion-Gears10-Bolt-FMP-G875373X-6.webp\" alt=\"Leistungsdifferential-Teller- und Ritzelr\u00e4der (10 Schrauben) FMP-G875373X\" width=\"1500\" height=\"500\" title=\"\" srcset=\"https:\/\/fmp-components.com\/wp-content\/uploads\/2025\/04\/Performance-Differential-Ring-and-Pinion-Gears10-Bolt-FMP-G875373X-6.webp 1500w, https:\/\/fmp-components.com\/wp-content\/uploads\/2025\/04\/Performance-Differential-Ring-and-Pinion-Gears10-Bolt-FMP-G875373X-6-1280x427.webp 1280w, https:\/\/fmp-components.com\/wp-content\/uploads\/2025\/04\/Performance-Differential-Ring-and-Pinion-Gears10-Bolt-FMP-G875373X-6-980x327.webp 980w, https:\/\/fmp-components.com\/wp-content\/uploads\/2025\/04\/Performance-Differential-Ring-and-Pinion-Gears10-Bolt-FMP-G875373X-6-480x160.webp 480w\" sizes=\"(min-width: 0px) and (max-width: 480px) 480px, (min-width: 481px) and (max-width: 980px) 980px, (min-width: 981px) and (max-width: 1280px) 1280px, (min-width: 1281px) 1500px, 100vw\" \/><\/p>\n<div class=\"Message_messageMetadataContainer__nBPq7\">\n<h3 class=\"\" dir=\"auto\">FMP: Premium-L\u00f6sungen f\u00fcr Teller- und Ritzelgetriebe<\/h3>\n<p class=\"break-words\" dir=\"auto\">Bei FMP fertigen wir erstklassige Teller- und Ritzelgetriebe, die mit Ford 10,5-Zoll-Differentialen kompatibel sind und Fahrern in unterschiedlichem Gel\u00e4nde au\u00dfergew\u00f6hnliche Leistung bieten. Ob Sie anspruchsvolle Offroad-Strecken bew\u00e4ltigen oder entspannt auf der Autobahn dahingleiten \u2013 unsere Premium-Getriebe verbessern Ihr Fahrerlebnis. Mit \u00fcber 40 Jahren Erfahrung ist FMP bestrebt, hochwertige Komponenten zu liefern, die die Fahrzeugleistung steigern und Ihnen Leistung und Pr\u00e4zision am Steuer bieten.<\/p>\n<p class=\"break-words\" dir=\"auto\">Unsere Teller- und Ritzelgetriebe bieten eine Reihe wichtiger Vorteile, die auf Ihre Bed\u00fcrfnisse zugeschnitten sind. Sie werden aus hochwertigem Stahl durch fortschrittliche Pr\u00e4zisionsschneid- und W\u00e4rmebehandlungsverfahren gefertigt und bieten \u00fcberragende Festigkeit und Haltbarkeit, die die Standards der Erstausr\u00fcstung erf\u00fcllen oder \u00fcbertreffen. Dies gew\u00e4hrleistet zuverl\u00e4ssige Leistung unter allt\u00e4glichen Fahrbedingungen oder bei extremen Offroad-Herausforderungen. Die optimierten \u00dcbersetzungsverh\u00e4ltnisse verbessern die Drehmomentabgabe f\u00fcr bessere Traktion, Zugleistung und Kontrolle und verbessern gleichzeitig die Kraftstoffeffizienz bei Autobahngeschwindigkeiten durch Beibehaltung der idealen Motordrehzahl. Dar\u00fcber hinaus sind unsere Getriebe f\u00fcr eine einfache Installation und einen leisen Betrieb ausgelegt, wodurch unerw\u00fcnschte Ger\u00e4usche vermieden und eine komfortable Fahrt gew\u00e4hrleistet wird.<\/p>\n<p class=\"break-words\" dir=\"auto\">FMP steht voll und ganz hinter jedem Produkt und bietet 2 Jahre Garantie auf Herstellungsfehler. Unsere Teller- und Ritzelgetriebe werden sorgf\u00e4ltig f\u00fcr den Einsatz auf der Stra\u00dfe, im Gel\u00e4nde und sogar im Rennsport getestet und sind daher eine zuverl\u00e4ssige Wahl f\u00fcr Enthusiasten und Profis. Ein Upgrade mit FMP ist nicht nur eine Modifikation \u2013 es ist eine Investition in Leistung, Effizienz und dauerhafte Zuverl\u00e4ssigkeit. F\u00fcr individuelle L\u00f6sungen oder spezielle Anfragen kontaktieren Sie uns. Unser engagiertes Team sorgt daf\u00fcr, dass Sie das perfekte Getriebe f\u00fcr Ihr Fahrzeug erhalten.<\/p>\n<\/div>\n<div class=\"Message_messageMetadataContainer__nBPq7\"><\/div>\n<div><\/div>","protected":false},"excerpt":{"rendered":"<p>Specification Specification Value App Model GM 7.5, GM 7.6 IFS, GM 7.625 Cover Bolt Quantity 10 Differential Carrier Break 3.08 Ratio and Lower Differential Case Design Type GM 7.5, GM 7.625 Gear Ratio 3.73 Pinion Gear Tooth Quantity 11 Pinion Shaft Diameter 1.438 (Inch) Pinion Spline Count 27 Ring Gear Bolt Quantity 10 Ring Gear [&hellip;]<\/p>","protected":false},"featured_media":7836,"comment_status":"open","ping_status":"closed","template":"","meta":{"_et_pb_use_builder":"","_et_pb_old_content":"","_et_gb_content_width":""},"product_brand":[],"product_cat":[115],"product_tag":[],"class_list":{"0":"post-7835","1":"product","2":"type-product","3":"status-publish","4":"has-post-thumbnail","6":"product_cat-ring-and-pinion-gears","8":"first","9":"instock","10":"shipping-taxable","11":"product-type-simple"},"_links":{"self":[{"href":"https:\/\/fmp-components.com\/de\/wp-json\/wp\/v2\/product\/7835","targetHints":{"allow":["GET"]}}],"collection":[{"href":"https:\/\/fmp-components.com\/de\/wp-json\/wp\/v2\/product"}],"about":[{"href":"https:\/\/fmp-components.com\/de\/wp-json\/wp\/v2\/types\/product"}],"replies":[{"embeddable":true,"href":"https:\/\/fmp-components.com\/de\/wp-json\/wp\/v2\/comments?post=7835"}],"wp:featuredmedia":[{"embeddable":true,"href":"https:\/\/fmp-components.com\/de\/wp-json\/wp\/v2\/media\/7836"}],"wp:attachment":[{"href":"https:\/\/fmp-components.com\/de\/wp-json\/wp\/v2\/media?parent=7835"}],"wp:term":[{"taxonomy":"product_brand","embeddable":true,"href":"https:\/\/fmp-components.com\/de\/wp-json\/wp\/v2\/product_brand?post=7835"},{"taxonomy":"product_cat","embeddable":true,"href":"https:\/\/fmp-components.com\/de\/wp-json\/wp\/v2\/product_cat?post=7835"},{"taxonomy":"product_tag","embeddable":true,"href":"https:\/\/fmp-components.com\/de\/wp-json\/wp\/v2\/product_tag?post=7835"}],"curies":[{"name":"wp","href":"https:\/\/api.w.org\/{rel}","templated":true}]}}