{"id":7790,"date":"2025-04-04T07:52:48","date_gmt":"2025-04-04T07:52:48","guid":{"rendered":"https:\/\/fmp-components.com\/?post_type=product&#038;p=7790"},"modified":"2025-04-04T07:53:35","modified_gmt":"2025-04-04T07:53:35","slug":"planetary-ring-gear-2","status":"publish","type":"product","link":"https:\/\/fmp-components.com\/de\/product\/planetary-ring-gear-2\/","title":{"rendered":"Planetenringgetriebe"},"content":{"rendered":"<p>Ein Planetenringgetriebe, auch bekannt als Innensechskantgetriebe <a href=\"https:\/\/fmp-components.com\/de\/ring-gear\/\">Zahnkranz<\/a>Das Planetenrad ist ein Schl\u00fcsselelement in Planetengetrieben und zeichnet sich durch Z\u00e4hne aus, die in die Innenfl\u00e4che eines zylindrischen Rings eingearbeitet sind. Es k\u00e4mmt mit mehreren Planetenr\u00e4dern, die um ein zentrales Sonnenrad kreisen, und erm\u00f6glicht so eine kompakte, drehmomentstarke Kraft\u00fcbertragung mit exzellentem Wirkungsgrad. Typischerweise mit einem Evolventen-Zahnprofil ausgef\u00fchrt, gew\u00e4hrleistet es einen ruhigen Lauf und eine gleichm\u00e4\u00dfige Lastverteilung, w\u00e4hrend sein gro\u00dfer Durchmesser und die Innenausrichtung hohe Untersetzungsverh\u00e4ltnisse auf engstem Raum erm\u00f6glichen. Daher findet es breite Anwendung in Bereichen wie Automobilgetrieben, Industriemaschinen und der Luft- und Raumfahrt.<\/p>\n<h2>Spezifikation<\/h2>\n<table style=\"width: 100%;\" border=\"1\" width=\"100%\" cellspacing=\"0\" cellpadding=\"0\">\n<tbody>\n<tr>\n<td width=\"80\">Modellnummer<\/td>\n<td width=\"531\">M3, M4, M5, M8, M12 usw.<\/td>\n<\/tr>\n<tr>\n<td width=\"80\">Material<\/td>\n<td width=\"531\">Messing, C45-Stahl, Edelstahl, Kupfer, POM, Aluminium, Legierung usw.<\/td>\n<\/tr>\n<tr>\n<td rowspan=\"2\" width=\"80\">Oberfl\u00e4chenbehandlung<\/td>\n<td width=\"531\">Verzinkt, vernickelt, Passivierung, Oxidation, Eloxierung,<\/td>\n<\/tr>\n<tr>\n<td width=\"531\">Geomet, Dacromet, Schwarzoxid, Phosphatieren, Pulverbeschichten und Elektrophorese<\/td>\n<\/tr>\n<tr>\n<td width=\"80\">Standard<\/td>\n<td width=\"531\">ISO, DIN, ANSI, JIS, BS und Nicht-Standard.<\/td>\n<\/tr>\n<tr>\n<td width=\"80\">Pr\u00e4zision<\/td>\n<td width=\"531\">DIN6, DIN7, DIN8, DIN9.<\/td>\n<\/tr>\n<tr>\n<td width=\"80\">Zahnbehandlung<\/td>\n<td width=\"531\">Geh\u00e4rtet, gefr\u00e4st oder geschliffen<\/td>\n<\/tr>\n<tr>\n<td width=\"80\">Toleranz<\/td>\n<td width=\"531\">0,001 mm \u2013 0,01 mm \u2013 0,1 mm<\/td>\n<\/tr>\n<tr>\n<td width=\"80\">Beenden<\/td>\n<td width=\"531\">Kugelstrahlen\/Sandstrahlen, W\u00e4rmebehandlung, Gl\u00fchen, Anlassen, Polieren, Eloxieren, Verzinken<\/td>\n<\/tr>\n<tr>\n<td width=\"80\">Artikelverpackung<\/td>\n<td width=\"531\">Plastikt\u00fcte + Kartons oder Holzverpackung<\/td>\n<\/tr>\n<tr>\n<td width=\"80\">Zahlungsbedingungen<\/td>\n<td width=\"531\">T\/T, L\/C<\/td>\n<\/tr>\n<tr>\n<td width=\"80\">Produktionsvorlaufzeit<\/td>\n<td width=\"531\">20 Werktage f\u00fcr Muster, 25 Tage f\u00fcr die Masse<\/td>\n<\/tr>\n<tr>\n<td rowspan=\"2\" width=\"80\">Proben<\/td>\n<td width=\"531\">Beispielpreisspanne von $2 bis $100.<\/td>\n<\/tr>\n<tr>\n<td width=\"531\">Beispiel f\u00fcr eine Expressanfrage, die von Kunden bezahlt wird<\/td>\n<\/tr>\n<tr>\n<td rowspan=\"8\" width=\"80\">Anwendung<\/td>\n<td width=\"531\">1. Automatische Steuerungsmaschine<\/td>\n<\/tr>\n<tr>\n<td width=\"531\">2. Halbleiterindustrie<\/td>\n<\/tr>\n<tr>\n<td width=\"531\">3. Allgemeine Industriemaschinen<\/td>\n<\/tr>\n<tr>\n<td width=\"531\">4. Medizinische Ger\u00e4te<\/td>\n<\/tr>\n<tr>\n<td width=\"531\">5. Solarenergieausr\u00fcstung<\/td>\n<\/tr>\n<tr>\n<td width=\"531\">6. Werkzeugmaschine<\/td>\n<\/tr>\n<tr>\n<td width=\"531\">7. Parksystem<\/td>\n<\/tr>\n<tr>\n<td width=\"531\">8. Hochgeschwindigkeits-Schienen- und Flugtransportausr\u00fcstung usw.<\/td>\n<\/tr>\n<\/tbody>\n<\/table>\n<div>\n<h2 dir=\"auto\">Merkmale des Planetenradsatzes<\/h2>\n<p class=\"break-words\" dir=\"auto\">Ein Planetenringgetriebe zeichnet sich durch seine innenliegende Verzahnung aus, die in die Innenfl\u00e4che eines zylindrischen Rings eingearbeitet ist und es von Au\u00dfenringgetrieben unterscheidet. Typischerweise verwendet es ein Evolventen-Zahnprofil, das einen reibungslosen und effizienten Eingriff mit den um ein zentrales Sonnenrad rotierenden Planetenr\u00e4dern gew\u00e4hrleistet. Diese Konstruktion erm\u00f6glicht ein konstantes \u00dcbersetzungsverh\u00e4ltnis und eine optimale Lastverteilung und tr\u00e4gt so zu einer zuverl\u00e4ssigen Kraft\u00fcbertragung in kompakten Bauformen bei.<\/p>\n<p class=\"break-words\" dir=\"auto\">Der gro\u00dfe Durchmesser und die Innenausrichtung des Zahnrads erm\u00f6glichen hohe Untersetzungsverh\u00e4ltnisse und machen es zu einer unverzichtbaren Komponente in Planetengetrieben, wo wenig Platz vorhanden ist und hohe Drehmomente erforderlich sind. Die M\u00f6glichkeit, sich in die gleiche Richtung wie die Planetenr\u00e4der zu drehen, vereinfacht das System, w\u00e4hrend die konkave Zahnform die Kontaktfestigkeit und Lebensdauer verbessert. Diese Eigenschaften machen es ideal f\u00fcr anspruchsvolle Anwendungen wie Automobilgetriebe und schwere Maschinen.<\/p>\n<p class=\"break-words\" dir=\"auto\">Die Herstellung von Planetenringgetrieben erfordert aufgrund ihrer inneren Geometrie h\u00e4ufig die Formgebung der Zahnr\u00e4der. Dies setzt h\u00f6chste Pr\u00e4zision voraus, um Eingriffsprobleme wie Evolventen- oder Trochoideninterferenzen mit den Gegenzahnr\u00e4dern zu vermeiden. Eine Profilverschiebung wird \u00fcblicherweise angewendet, um die Verzahnung zu verst\u00e4rken und Eingriffsprobleme zu verhindern, wodurch die Robustheit gew\u00e4hrleistet wird. Seine Vielseitigkeit und Effizienz haben es zu einem Eckpfeiler in Branchen wie der Luft- und Raumfahrt, der Robotik und der industriellen Automatisierung gemacht.<\/p>\n<\/div>","protected":false},"excerpt":{"rendered":"<p>A planetary ring gear, also known as an internal ring gear, is a key component in planetary gear systems, featuring teeth cut on the inner surface of a cylindrical ring. It meshes with multiple planet gears that orbit a central sun gear, enabling compact, high-torque power transmission with excellent efficiency. Typically designed with an involute [&hellip;]<\/p>","protected":false},"featured_media":4642,"comment_status":"open","ping_status":"closed","template":"","meta":{"_et_pb_use_builder":"","_et_pb_old_content":"","_et_gb_content_width":""},"product_brand":[],"product_cat":[114],"product_tag":[],"class_list":{"0":"post-7790","1":"product","2":"type-product","3":"status-publish","4":"has-post-thumbnail","6":"product_cat-ring-gear","8":"first","9":"instock","10":"shipping-taxable","11":"product-type-simple"},"_links":{"self":[{"href":"https:\/\/fmp-components.com\/de\/wp-json\/wp\/v2\/product\/7790","targetHints":{"allow":["GET"]}}],"collection":[{"href":"https:\/\/fmp-components.com\/de\/wp-json\/wp\/v2\/product"}],"about":[{"href":"https:\/\/fmp-components.com\/de\/wp-json\/wp\/v2\/types\/product"}],"replies":[{"embeddable":true,"href":"https:\/\/fmp-components.com\/de\/wp-json\/wp\/v2\/comments?post=7790"}],"wp:featuredmedia":[{"embeddable":true,"href":"https:\/\/fmp-components.com\/de\/wp-json\/wp\/v2\/media\/4642"}],"wp:attachment":[{"href":"https:\/\/fmp-components.com\/de\/wp-json\/wp\/v2\/media?parent=7790"}],"wp:term":[{"taxonomy":"product_brand","embeddable":true,"href":"https:\/\/fmp-components.com\/de\/wp-json\/wp\/v2\/product_brand?post=7790"},{"taxonomy":"product_cat","embeddable":true,"href":"https:\/\/fmp-components.com\/de\/wp-json\/wp\/v2\/product_cat?post=7790"},{"taxonomy":"product_tag","embeddable":true,"href":"https:\/\/fmp-components.com\/de\/wp-json\/wp\/v2\/product_tag?post=7790"}],"curies":[{"name":"wp","href":"https:\/\/api.w.org\/{rel}","templated":true}]}}