{"id":7786,"date":"2025-04-04T07:12:32","date_gmt":"2025-04-04T07:12:32","guid":{"rendered":"https:\/\/fmp-components.com\/?post_type=product&#038;p=7786"},"modified":"2025-04-04T07:12:32","modified_gmt":"2025-04-04T07:12:32","slug":"steel-internal-gear","status":"publish","type":"product","link":"https:\/\/fmp-components.com\/de\/product\/steel-internal-gear\/","title":{"rendered":"Innenzahnrad aus Stahl"},"content":{"rendered":"<h2>Produktspezifikation<\/h2>\n<div class=\"table-responsive\">\n<table class=\"table\" style=\"width: 99.372%; height: 202px;\" border=\"1\" cellspacing=\"0\" cellpadding=\"0\">\n<tbody>\n<tr>\n<td>Zahnform<\/td>\n<td>Intern<\/td>\n<\/tr>\n<tr>\n<td>Material<\/td>\n<td>Weichstahl<\/td>\n<\/tr>\n<tr>\n<td>Form<\/td>\n<td>Runden<\/td>\n<\/tr>\n<tr>\n<td>Durchmesser<\/td>\n<td>100 mm<\/td>\n<\/tr>\n<tr>\n<td>Ursprungsland<\/td>\n<td>China<\/td>\n<\/tr>\n<tr>\n<td>Oberfl\u00e4chenbeschaffenheit<\/td>\n<td>Pulverbeschichtet<\/td>\n<\/tr>\n<tr>\n<td>H\u00e4rte<\/td>\n<td>45 HRC<\/td>\n<\/tr>\n<\/tbody>\n<\/table>\n<div>\n<h3 class=\"\" dir=\"auto\">Stahl-Innenverzahnungsl\u00f6sungen von FMP f\u00fcr die italienische Industrie<\/h3>\n<p class=\"break-words\" dir=\"auto\">Unser umfangreiches Sortiment <a href=\"https:\/\/fmp-components.com\/de\/ring-gear\/\">Hohlr\u00e4der<\/a> Unsere Produkte sind auf die vielf\u00e4ltigen Anforderungen von Maschinen und Fahrzeugen zugeschnitten und garantieren Langlebigkeit und Pr\u00e4zision. Ob in Florenz oder Bologna \u2013 FMP bietet eine breite Palette an Zahnradtypen, darunter Standard- und Spezialausf\u00fchrungen, die alle mit modernster Technologie f\u00fcr optimale Leistung gefertigt werden. Unser Anspruch an Exzellenz macht uns zu einem verl\u00e4sslichen Partner f\u00fcr Unternehmen in den italienischen Industriezentren, die zuverl\u00e4ssige Zahnradl\u00f6sungen suchen.<\/p>\n<h3 class=\"\" dir=\"auto\">Ma\u00dfgefertigte Stahl-Innenzahnr\u00e4der, individuell auf Ihre Bed\u00fcrfnisse zugeschnitten<\/h3>\n<p class=\"break-words\" dir=\"auto\">Bei FMP wissen wir, dass jedes Projekt einzigartig ist. Deshalb bieten wir Ihnen auch vollst\u00e4ndig individualisierte Stahl-Innenverzahnungen an. Falls Sie in Mailand, Venedig, Florenz oder anderswo ans\u00e4ssig sind und das gew\u00fcnschte Modell nicht in unserer Produktliste finden, keine Sorge \u2013 wir erweitern unser Angebot st\u00e4ndig. Senden Sie uns einfach eine E-Mail mit Ihren Anforderungen, und unsere erfahrenen Ingenieure melden sich innerhalb von 24 Stunden mit ma\u00dfgeschneiderten L\u00f6sungen bei Ihnen. Ob Standardgr\u00f6\u00dfe oder Sonderanfertigung f\u00fcr Ihren Betrieb in Bologna oder anderen italienischen St\u00e4dten \u2013 FMP unterst\u00fctzt Ihr Unternehmen mit schnellem, professionellem Service und erstklassiger Fertigungskompetenz.<\/p>\n<\/div>\n<\/div>","protected":false},"excerpt":{"rendered":"<p>Product Specification Tooth Form Internal Material Mild Steel Shape Round Diameter 100 mm Country of Origin China Surface Finish Powder Coated Hardness 45 HRC Steel Internal Gear Solutions by FMP for Italian Industries Our extensive range of ring gears is designed to meet the diverse needs of machinery and automotive applications, ensuring durability and precision [&hellip;]<\/p>","protected":false},"featured_media":4647,"comment_status":"open","ping_status":"closed","template":"","meta":{"_et_pb_use_builder":"","_et_pb_old_content":"","_et_gb_content_width":""},"product_brand":[],"product_cat":[114],"product_tag":[],"class_list":{"0":"post-7786","1":"product","2":"type-product","3":"status-publish","4":"has-post-thumbnail","6":"product_cat-ring-gear","8":"first","9":"instock","10":"shipping-taxable","11":"product-type-simple"},"_links":{"self":[{"href":"https:\/\/fmp-components.com\/de\/wp-json\/wp\/v2\/product\/7786","targetHints":{"allow":["GET"]}}],"collection":[{"href":"https:\/\/fmp-components.com\/de\/wp-json\/wp\/v2\/product"}],"about":[{"href":"https:\/\/fmp-components.com\/de\/wp-json\/wp\/v2\/types\/product"}],"replies":[{"embeddable":true,"href":"https:\/\/fmp-components.com\/de\/wp-json\/wp\/v2\/comments?post=7786"}],"wp:featuredmedia":[{"embeddable":true,"href":"https:\/\/fmp-components.com\/de\/wp-json\/wp\/v2\/media\/4647"}],"wp:attachment":[{"href":"https:\/\/fmp-components.com\/de\/wp-json\/wp\/v2\/media?parent=7786"}],"wp:term":[{"taxonomy":"product_brand","embeddable":true,"href":"https:\/\/fmp-components.com\/de\/wp-json\/wp\/v2\/product_brand?post=7786"},{"taxonomy":"product_cat","embeddable":true,"href":"https:\/\/fmp-components.com\/de\/wp-json\/wp\/v2\/product_cat?post=7786"},{"taxonomy":"product_tag","embeddable":true,"href":"https:\/\/fmp-components.com\/de\/wp-json\/wp\/v2\/product_tag?post=7786"}],"curies":[{"name":"wp","href":"https:\/\/api.w.org\/{rel}","templated":true}]}}