{"id":7784,"date":"2025-04-04T07:00:59","date_gmt":"2025-04-04T07:00:59","guid":{"rendered":"https:\/\/fmp-components.com\/?post_type=product&#038;p=7784"},"modified":"2025-04-04T07:02:10","modified_gmt":"2025-04-04T07:02:10","slug":"industrial-internal-gear","status":"publish","type":"product","link":"https:\/\/fmp-components.com\/de\/product\/industrial-internal-gear\/","title":{"rendered":"Industrielle Innenzahnr\u00e4der"},"content":{"rendered":"<h3 class=\"\" dir=\"auto\">Industrielle Innenverzahnungen: Pr\u00e4zision und kundenspezifische Anpassung durch FMP<\/h3>\n<p class=\"break-words\" dir=\"auto\">Innenverzahnungen, unverzichtbare Komponenten von Planetengetrieben und Zahnkupplungen, zeichnen sich durch ihre einzigartige Konstruktion aus: Die Z\u00e4hne sind in die Innenfl\u00e4che eines Zylinders eingearbeitet und greifen nahtlos in die Stirnr\u00e4der ein. FMP ist spezialisiert auf die Fertigung eines breiten Spektrums an Hohlr\u00e4dern, darunter auch industrielle Innenverzahnungen, die f\u00fcr die unterschiedlichsten mechanischen Anforderungen in ganz Italien \u2013 von Mailands pulsierenden Industriezentren bis hin zu den Maschinenbaubetrieben Venedigs \u2013 entwickelt wurden. Unsere Produkte, erh\u00e4ltlich in Teilungen von 32 bis 120 DP und aus Materialien wie Aluminium und Edelstahl, gew\u00e4hrleisten Langlebigkeit und Effizienz. Neben unserem umfangreichen Katalog bietet FMP auch kundenspezifische Innenverzahnungsl\u00f6sungen an, die exakt auf Ihre individuellen Anforderungen zugeschnitten sind \u2013 egal ob Sie im Maschinenbau in Florenz oder in den modernen Produktionsanlagen Bolognas t\u00e4tig sind.<\/p>\n<p class=\"break-words\" dir=\"auto\">F\u00fcr Anwendungen wie Planetengetriebe, bei denen h\u00f6chste Pr\u00e4zision entscheidend ist, bieten die Innenverzahnungen von FMP hohe Eingriffsverh\u00e4ltnisse und kompakte Bauweisen. So wird die Leistung optimiert, ohne Kompromisse bei der Qualit\u00e4t einzugehen. Sollten Sie ein bestimmtes Modell suchen und es nicht in unserer Produktliste finden \u2013 sei es f\u00fcr ein Projekt in Mailand, Venedig, Florenz oder Bologna \u2013, k\u00f6nnen Sie sicher sein, dass es wahrscheinlich nur darauf wartet, hochgeladen zu werden. Senden Sie uns einfach eine E-Mail mit Ihren gew\u00fcnschten Spezifikationen, und unsere erfahrenen Ingenieure werden Ihnen innerhalb von 24 Stunden ma\u00dfgeschneiderte L\u00f6sungen anbieten. Wir bei FMP engagieren uns daf\u00fcr, die industriellen Innovatoren Italiens mit erstklassigen Produkten zu unterst\u00fctzen. <a href=\"https:\/\/fmp-components.com\/de\/ring-gear\/\">Hohlr\u00e4der<\/a> und ein un\u00fcbertroffener Kundenservice.<\/p>\n<h2>Produktspezifikation<\/h2>\n<div class=\"table-responsive\">\n<table class=\"table\" style=\"width: 101.056%;\" border=\"1\">\n<tbody>\n<tr>\n<td style=\"width: 31.6708%;\">Material<\/td>\n<td style=\"width: 202.494%;\">Weichstahl<\/td>\n<\/tr>\n<tr>\n<td style=\"width: 31.6708%;\">Form<\/td>\n<td style=\"width: 202.494%;\">Runden<\/td>\n<\/tr>\n<tr>\n<td style=\"width: 31.6708%;\">Technik<\/td>\n<td style=\"width: 202.494%;\">Kaltgewalzt<\/td>\n<\/tr>\n<tr>\n<td style=\"width: 31.6708%;\">Korrosionsbest\u00e4ndig<\/td>\n<td style=\"width: 202.494%;\">Ja<\/td>\n<\/tr>\n<tr>\n<td style=\"width: 31.6708%;\">Zugfestigkeit<\/td>\n<td style=\"width: 202.494%;\">300-400 MPa<\/td>\n<\/tr>\n<tr>\n<td style=\"width: 31.6708%;\">H\u00e4rte<\/td>\n<td style=\"width: 202.494%;\">60-70 HRC<\/td>\n<\/tr>\n<tr>\n<td style=\"width: 31.6708%;\">Verwendung\/Anwendung<\/td>\n<td style=\"width: 202.494%;\">Maschinenbau, Landwirtschaftliche Maschinen, Industrie<\/td>\n<\/tr>\n<\/tbody>\n<\/table>\n<\/div>","protected":false},"excerpt":{"rendered":"<p>Industrielle Innenverzahnungen: Pr\u00e4zision und individuelle Anpassung von FMP. Innenverzahnungen, wesentliche Komponenten von Planetengetrieben und Zahnkupplungen, zeichnen sich durch ihre einzigartige Konstruktion mit in die Innenfl\u00e4che eines Zylinders eingearbeiteten Z\u00e4hnen aus, die nahtlos mit Stirnr\u00e4dern in Eingriff kommen. Wir bei FMP sind auf die Fertigung eines breiten Spektrums an Hohlr\u00e4dern, einschlie\u00dflich industrieller Innenverzahnungen, spezialisiert, die nach h\u00f6chsten Anspr\u00fcchen gefertigt werden. [\u2026]<\/p>","protected":false},"featured_media":4637,"comment_status":"open","ping_status":"closed","template":"","meta":{"_et_pb_use_builder":"","_et_pb_old_content":"","_et_gb_content_width":""},"product_brand":[],"product_cat":[114],"product_tag":[],"class_list":{"0":"post-7784","1":"product","2":"type-product","3":"status-publish","4":"has-post-thumbnail","6":"product_cat-ring-gear","8":"first","9":"instock","10":"shipping-taxable","11":"product-type-simple"},"_links":{"self":[{"href":"https:\/\/fmp-components.com\/de\/wp-json\/wp\/v2\/product\/7784","targetHints":{"allow":["GET"]}}],"collection":[{"href":"https:\/\/fmp-components.com\/de\/wp-json\/wp\/v2\/product"}],"about":[{"href":"https:\/\/fmp-components.com\/de\/wp-json\/wp\/v2\/types\/product"}],"replies":[{"embeddable":true,"href":"https:\/\/fmp-components.com\/de\/wp-json\/wp\/v2\/comments?post=7784"}],"wp:featuredmedia":[{"embeddable":true,"href":"https:\/\/fmp-components.com\/de\/wp-json\/wp\/v2\/media\/4637"}],"wp:attachment":[{"href":"https:\/\/fmp-components.com\/de\/wp-json\/wp\/v2\/media?parent=7784"}],"wp:term":[{"taxonomy":"product_brand","embeddable":true,"href":"https:\/\/fmp-components.com\/de\/wp-json\/wp\/v2\/product_brand?post=7784"},{"taxonomy":"product_cat","embeddable":true,"href":"https:\/\/fmp-components.com\/de\/wp-json\/wp\/v2\/product_cat?post=7784"},{"taxonomy":"product_tag","embeddable":true,"href":"https:\/\/fmp-components.com\/de\/wp-json\/wp\/v2\/product_tag?post=7784"}],"curies":[{"name":"wp","href":"https:\/\/api.w.org\/{rel}","templated":true}]}}