{"id":7781,"date":"2025-04-04T06:46:54","date_gmt":"2025-04-04T06:46:54","guid":{"rendered":"https:\/\/fmp-components.com\/?post_type=product&#038;p=7781"},"modified":"2025-04-04T06:48:36","modified_gmt":"2025-04-04T06:48:36","slug":"internal-gears-for-tractors-and-cranes","status":"publish","type":"product","link":"https:\/\/fmp-components.com\/de\/product\/internal-gears-for-tractors-and-cranes\/","title":{"rendered":"Innenzahnr\u00e4der f\u00fcr Traktoren und Kr\u00e4ne"},"content":{"rendered":"<h2>Produktspezifikation<\/h2>\n<div class=\"table-responsive\">\n<table class=\"table\" style=\"width: 99.2193%;\" border=\"1\">\n<tbody>\n<tr>\n<td style=\"width: 56.4286%;\">Produkttyp<\/td>\n<td style=\"width: 281.083%;\">Getriebeteile<\/td>\n<\/tr>\n<tr>\n<td style=\"width: 56.4286%;\">Verwendung\/Anwendung<\/td>\n<td style=\"width: 281.083%;\">Traktor und Kran<\/td>\n<\/tr>\n<tr>\n<td style=\"width: 56.4286%;\">Material<\/td>\n<td style=\"width: 281.083%;\">Weichstahl<\/td>\n<\/tr>\n<tr>\n<td style=\"width: 56.4286%;\">Form<\/td>\n<td style=\"width: 281.083%;\">Runden<\/td>\n<\/tr>\n<tr>\n<td style=\"width: 56.4286%;\">Verpackungsart<\/td>\n<td style=\"width: 281.083%;\">Kasten<\/td>\n<\/tr>\n<tr>\n<td style=\"width: 56.4286%;\">Mindestbestellmenge<\/td>\n<td style=\"width: 281.083%;\">10 Nummer<\/td>\n<\/tr>\n<\/tbody>\n<\/table>\n<\/div>\n<p>Dank der Aufrichtigkeit und harten Arbeit unserer Fachleute haben wir uns in diesem Bereich eine Nische geschaffen, indem wir eine Palette hochwertiger Innenausstattungen anbieten.<\/p>\n<div>\n<h3 class=\"\" dir=\"auto\">Steigern Sie die Leistung von Traktoren und Kr\u00e4nen mit Innengetrieben von FMP in Italien<\/h3>\n<p class=\"break-words\" dir=\"auto\">Innenverzahnungen spielen eine entscheidende Rolle f\u00fcr den reibungslosen Betrieb schwerer Maschinen wie Traktoren und Kr\u00e4ne und liefern Leistung und Pr\u00e4zision dort, wo es darauf ankommt. FMP produziert eine gro\u00dfe Auswahl an Hohlr\u00e4dern, darunter hochwertige Innenverzahnungen, die den Anforderungen in der Landwirtschaft und im Baugewerbe standhalten. Von den fruchtbaren Feldern nahe Florenz bis zu den Industriezentren Mailands sorgen unsere Verzahnungen f\u00fcr Langlebigkeit, Effizienz und reduzierten Wartungsaufwand Ihrer Ger\u00e4te. Ob Sie Kr\u00e4ne in den gesch\u00e4ftigen H\u00e4fen Venedigs oder Traktoren in der Umgebung von Bologna bedienen \u2013 FMP bietet zuverl\u00e4ssige L\u00f6sungen, die auf die vielf\u00e4ltigen Branchen Italiens zugeschnitten sind.<\/p>\n<h3 class=\"\" dir=\"auto\">Ma\u00dfgefertigte Innenzahnr\u00e4der f\u00fcr Ihre Anforderungen \u2013 Kontaktieren Sie FMP noch heute!<\/h3>\n<p class=\"break-words\" dir=\"auto\">FMP ist bestrebt, Ihre spezifischen Anforderungen mit unserem umfangreichen Angebot an <a href=\"https:\/\/fmp-components.com\/de\/ring-gear\/\">Hohlr\u00e4der<\/a> und kundenspezifische Fertigungsm\u00f6glichkeiten. Wenn Sie nach Innengetrieben f\u00fcr Traktoren oder Kr\u00e4ne suchen und das genaue Modell nicht in unserer Produktliste finden, haben wir es wahrscheinlich noch nicht hochgeladen \u2013 unser Bestand w\u00e4chst st\u00e4ndig. Kontaktieren Sie uns per E-Mail mit Ihren Anforderungen, egal ob Sie in Mailand, Venedig, Florenz oder anderswo sind. Unsere erfahrenen Ingenieure antworten Ihnen innerhalb von 24 Stunden mit einer individuellen L\u00f6sung. Vertrauen Sie auf FMP: Wir liefern Ihnen au\u00dfergew\u00f6hnliche Qualit\u00e4t und Support und versorgen Ihre Maschinen in ganz Italien mit Pr\u00e4zision und Fachwissen.<\/p>\n<\/div>","protected":false},"excerpt":{"rendered":"<p>Product Specification Product Type Gear Parts Usage\/Application Tractor and crane Material Mild Steel Shape Round Packaging Type Box Minimum Order Quantity 10 Number With our professionals&#8217; sincerity and hard work, we have carved a niche for ourselves in this domain by offering a premium quality gamut of Internal Gear. Boost Tractor and Crane Performance with [&hellip;]<\/p>","protected":false},"featured_media":4638,"comment_status":"open","ping_status":"closed","template":"","meta":{"_et_pb_use_builder":"","_et_pb_old_content":"","_et_gb_content_width":""},"product_brand":[],"product_cat":[114],"product_tag":[],"class_list":{"0":"post-7781","1":"product","2":"type-product","3":"status-publish","4":"has-post-thumbnail","6":"product_cat-ring-gear","8":"first","9":"instock","10":"shipping-taxable","11":"product-type-simple"},"_links":{"self":[{"href":"https:\/\/fmp-components.com\/de\/wp-json\/wp\/v2\/product\/7781","targetHints":{"allow":["GET"]}}],"collection":[{"href":"https:\/\/fmp-components.com\/de\/wp-json\/wp\/v2\/product"}],"about":[{"href":"https:\/\/fmp-components.com\/de\/wp-json\/wp\/v2\/types\/product"}],"replies":[{"embeddable":true,"href":"https:\/\/fmp-components.com\/de\/wp-json\/wp\/v2\/comments?post=7781"}],"wp:featuredmedia":[{"embeddable":true,"href":"https:\/\/fmp-components.com\/de\/wp-json\/wp\/v2\/media\/4638"}],"wp:attachment":[{"href":"https:\/\/fmp-components.com\/de\/wp-json\/wp\/v2\/media?parent=7781"}],"wp:term":[{"taxonomy":"product_brand","embeddable":true,"href":"https:\/\/fmp-components.com\/de\/wp-json\/wp\/v2\/product_brand?post=7781"},{"taxonomy":"product_cat","embeddable":true,"href":"https:\/\/fmp-components.com\/de\/wp-json\/wp\/v2\/product_cat?post=7781"},{"taxonomy":"product_tag","embeddable":true,"href":"https:\/\/fmp-components.com\/de\/wp-json\/wp\/v2\/product_tag?post=7781"}],"curies":[{"name":"wp","href":"https:\/\/api.w.org\/{rel}","templated":true}]}}