{"id":7774,"date":"2025-04-04T06:19:01","date_gmt":"2025-04-04T06:19:01","guid":{"rendered":"https:\/\/fmp-components.com\/?post_type=product&#038;p=7774"},"modified":"2025-04-04T06:39:10","modified_gmt":"2025-04-04T06:39:10","slug":"automotive-internal-gear","status":"publish","type":"product","link":"https:\/\/fmp-components.com\/de\/product\/automotive-internal-gear\/","title":{"rendered":"Innenzahnrad f\u00fcr Kraftfahrzeuge"},"content":{"rendered":"<h3>Spezifikation<\/h3>\n<table class=\"table\" style=\"width: 100.875%; height: 310px;\" border=\"1\">\n<tbody>\n<tr>\n<td colspan=\"2\">Innenzahnrad f\u00fcr Kraftfahrzeuge<\/td>\n<\/tr>\n<tr>\n<td>Dimension<\/td>\n<td>\u03a650mm<\/td>\n<\/tr>\n<tr>\n<td>Modul<\/td>\n<td>M0,15-M2,2<\/td>\n<\/tr>\n<tr>\n<td>Materialtyp<\/td>\n<td>Metall, Bronze, Stahl, Legierung, POM, Zink, Aluminium, Eisen, Edelstahl, Messing, Kupfer<\/td>\n<\/tr>\n<tr>\n<td>Vernetzungsgrad<\/td>\n<td>ISO6, JGMA 1, JIS 6, AGMA 13, DIN 6,Din5,AGMA12<\/td>\n<\/tr>\n<tr>\n<td>Anwendung<\/td>\n<td>Automobil, Milit\u00e4r, Flugzeuge, Maschinenbau, Industrie, Medizin<\/td>\n<\/tr>\n<tr>\n<td>Ma\u00dfgeschneidert<\/td>\n<td>ODM\/OEM<\/td>\n<\/tr>\n<tr>\n<td>Probe<\/td>\n<td>Muster verf\u00fcgbar<\/td>\n<\/tr>\n<tr>\n<td>Verpackungsarten<\/td>\n<td>Vakuumverpackt mit Kunststoffschale<\/td>\n<\/tr>\n<tr>\n<td>Lieferarten<\/td>\n<td>DHL UPS<\/td>\n<\/tr>\n<tr>\n<td>Zertifikat<\/td>\n<td>ISO 9001: 2008\/TS16949<\/td>\n<\/tr>\n<\/tbody>\n<\/table>\n<p><span style=\"color: #333333; font-size: 22px;\">Optimieren Sie Ihre L\u00f6sungen f\u00fcr Kfz-Innengetriebe mit FMP in Italien<\/span><\/p>\n<div>\n<p class=\"break-words\" dir=\"auto\">Innenverzahnung, auch bekannt als <a href=\"https:\/\/fmp-components.com\/de\/ring-gear\/\">Hohlr\u00e4der<\/a>Zahnkr\u00e4nze spielen eine entscheidende Rolle bei der Kraft\u00fcbertragung in kompakten Hochleistungssystemen. Im Gegensatz zu Au\u00dfenzahnr\u00e4dern, deren Z\u00e4hne am Au\u00dfendurchmesser angebracht sind, befinden sich die Z\u00e4hne bei Innenzahnr\u00e4dern an der Innenfl\u00e4che eines zylindrischen Bauteils. Dadurch eignen sie sich ideal f\u00fcr Anwendungen, die eine effiziente Drehmoment\u00fcbertragung auf engstem Raum erfordern. Wir bei FMP sind auf die Fertigung eines breiten Spektrums an Zahnkr\u00e4nzen spezialisiert, darunter Stirn- und Schr\u00e4gverzahnungen, die auf die Bed\u00fcrfnisse von Industrieunternehmen in ganz Italien zugeschnitten sind \u2013 von Mailands pulsierenden Automobilzentren bis hin zu Venedigs Pr\u00e4zisionsmaschinenbauunternehmen.<\/p>\n<p class=\"break-words\" dir=\"auto\">FMP bietet Ihnen ma\u00dfgeschneiderte Innenverzahnungsl\u00f6sungen, die exakt auf Ihre Anforderungen abgestimmt sind. Sollten Sie ein bestimmtes Modell suchen und es nicht in unserer Produktliste finden \u2013 egal ob Sie in Mailand, Venedig, Florenz oder anderswo ans\u00e4ssig sind \u2013 keine Sorge: Wir haben es einfach noch nicht hochgeladen. Senden Sie uns bitte eine E-Mail mit Ihren gew\u00fcnschten Spezifikationen. Unsere erfahrenen Ingenieure werden Ihnen innerhalb von 24 Stunden eine individuelle L\u00f6sung pr\u00e4sentieren. Von der Bew\u00e4ltigung von Konstruktionsherausforderungen wie Zahnrad\u00fcberschneidungen bis hin zur Optimierung von Zahnprofilverschiebungen f\u00fcr verbesserte Leistung \u2013 FMP ist Ihr zuverl\u00e4ssiger Partner f\u00fcr Kfz-Innenverzahnungen in ganz Italien und liefert Pr\u00e4zision und Zuverl\u00e4ssigkeit f\u00fcr jedes Projekt.<\/p>\n<\/div>\n<p><img loading=\"lazy\" decoding=\"async\" class=\"size-full wp-image-7775 aligncenter\" src=\"https:\/\/fmp-components.com\/wp-content\/uploads\/2025\/04\/Internal-gear.webp\" alt=\"Innengetriebe\" width=\"771\" height=\"543\" title=\"\" srcset=\"https:\/\/fmp-components.com\/wp-content\/uploads\/2025\/04\/Internal-gear.webp 771w, https:\/\/fmp-components.com\/wp-content\/uploads\/2025\/04\/Internal-gear-480x338.webp 480w\" sizes=\"(min-width: 0px) and (max-width: 480px) 480px, (min-width: 481px) 771px, 100vw\" \/><\/p>","protected":false},"excerpt":{"rendered":"<p>specification Automotive Internal Gear Dimension \u03a650mm Module M0.15-M2.2 Material Type Metal, Bronze, Steel, Alloy, POM, Zinc, Aluminum, Iron, Stainless, Brass, Copper Meshing Grade ISO6, JGMA 1, JIS 6, AGMA 13, DIN 6,Din5,AGMA12 Application Automotive, Military, Aircraft, Mechanical, industrial, Medical Customized ODM\/OEM Sample Sample available Modes of Packing Vacuum-packed with Plastic Tray Modes of Delivery DHL [&hellip;]<\/p>","protected":false},"featured_media":4635,"comment_status":"open","ping_status":"closed","template":"","meta":{"_et_pb_use_builder":"","_et_pb_old_content":"","_et_gb_content_width":""},"product_brand":[],"product_cat":[114],"product_tag":[],"class_list":{"0":"post-7774","1":"product","2":"type-product","3":"status-publish","4":"has-post-thumbnail","6":"product_cat-ring-gear","8":"first","9":"instock","10":"shipping-taxable","11":"product-type-simple"},"_links":{"self":[{"href":"https:\/\/fmp-components.com\/de\/wp-json\/wp\/v2\/product\/7774","targetHints":{"allow":["GET"]}}],"collection":[{"href":"https:\/\/fmp-components.com\/de\/wp-json\/wp\/v2\/product"}],"about":[{"href":"https:\/\/fmp-components.com\/de\/wp-json\/wp\/v2\/types\/product"}],"replies":[{"embeddable":true,"href":"https:\/\/fmp-components.com\/de\/wp-json\/wp\/v2\/comments?post=7774"}],"wp:featuredmedia":[{"embeddable":true,"href":"https:\/\/fmp-components.com\/de\/wp-json\/wp\/v2\/media\/4635"}],"wp:attachment":[{"href":"https:\/\/fmp-components.com\/de\/wp-json\/wp\/v2\/media?parent=7774"}],"wp:term":[{"taxonomy":"product_brand","embeddable":true,"href":"https:\/\/fmp-components.com\/de\/wp-json\/wp\/v2\/product_brand?post=7774"},{"taxonomy":"product_cat","embeddable":true,"href":"https:\/\/fmp-components.com\/de\/wp-json\/wp\/v2\/product_cat?post=7774"},{"taxonomy":"product_tag","embeddable":true,"href":"https:\/\/fmp-components.com\/de\/wp-json\/wp\/v2\/product_tag?post=7774"}],"curies":[{"name":"wp","href":"https:\/\/api.w.org\/{rel}","templated":true}]}}