{"id":7773,"date":"2025-04-04T06:08:44","date_gmt":"2025-04-04T06:08:44","guid":{"rendered":"https:\/\/fmp-components.com\/?post_type=product&#038;p=7773"},"modified":"2025-04-04T06:38:52","modified_gmt":"2025-04-04T06:38:52","slug":"metal-internal-gear","status":"publish","type":"product","link":"https:\/\/fmp-components.com\/de\/product\/metal-internal-gear\/","title":{"rendered":"Innenzahnrad aus Metall"},"content":{"rendered":"<h2>Was ist ein Metall-Innenzahnrad?<\/h2>\n<p>Metall-Innenzahnr\u00e4der sind pr\u00e4zisionsgefertigte Komponenten, die h\u00e4ufig in mechanischen Systemen eingesetzt werden. Ihre Z\u00e4hne sind in die Innenfl\u00e4che eines zylindrischen Metallrings eingearbeitet. Im Gegensatz zu Au\u00dfenzahnr\u00e4dern greifen Innenzahnr\u00e4der ineinander und erm\u00f6glichen so kompakte Bauweisen und eine effiziente Kraft\u00fcbertragung. Sie werden \u00fcblicherweise aus hochfesten Metallen wie Stahl oder Legierungen gefertigt und bieten Langlebigkeit und Verschlei\u00dffestigkeit. Damit eignen sie sich ideal f\u00fcr Anwendungen in Fahrzeuggetrieben, Industriemaschinen und der Robotik. Ihr einzigartiges Design erm\u00f6glicht einen reibungslosen Betrieb, reduzierte Ger\u00e4uschentwicklung und ein verbessertes Drehmoment in beengten Umgebungen.<\/p>\n<h3>Spezifikation<\/h3>\n<table class=\"table\" style=\"width: 100.982%; height: 321px;\" border=\"1\">\n<tbody>\n<tr>\n<td colspan=\"2\">Innenzahnrad aus Metall<\/td>\n<\/tr>\n<tr>\n<td>Dimension<\/td>\n<td>\u03a660 mm<\/td>\n<\/tr>\n<tr>\n<td>Modul<\/td>\n<td>M0,15-M3,0<\/td>\n<\/tr>\n<tr>\n<td>Materialtyp<\/td>\n<td>Metall, Bronze, Stahl, Legierung, POM, Zink, Aluminium, Eisen, Edelstahl, Messing, Kupfer<\/td>\n<\/tr>\n<tr>\n<td>Vernetzungsgrad<\/td>\n<td>ISO6, JGMA 1, JIS 6, AGMA 13, DIN 6,Din5,AGMA12<\/td>\n<\/tr>\n<tr>\n<td>Anwendung<\/td>\n<td>Automobil, Milit\u00e4r, Flugzeuge, Maschinenbau, Industrie, Medizin<\/td>\n<\/tr>\n<tr>\n<td>Ma\u00dfgeschneidert<\/td>\n<td>ODM\/OEM<\/td>\n<\/tr>\n<tr>\n<td>Probe<\/td>\n<td>Muster verf\u00fcgbar<\/td>\n<\/tr>\n<tr>\n<td>Verpackungsarten<\/td>\n<td>Vakuumverpackt mit Kunststoffschale<\/td>\n<\/tr>\n<tr>\n<td>Lieferarten<\/td>\n<td>DHL &amp; UPS<\/td>\n<\/tr>\n<tr>\n<td>Zertifikat<\/td>\n<td>ISO 9001: 2008\/TS16949<\/td>\n<\/tr>\n<\/tbody>\n<\/table>\n<div>\n<h3 class=\"\" dir=\"auto\">Metall-Innenzahnrad: Pr\u00e4zisionstechnik von FMP<\/h3>\n<p class=\"break-words\" dir=\"auto\">Wenn es um Metall-Innenzahnr\u00e4der geht, ist FMP ein f\u00fchrender Hersteller von hochwertigen Hohlr\u00e4dern f\u00fcr Industrien in ganz Italien, von den Industriezentren Mailands bis zu den Handwerksbetrieben Venedigs. Diese Zahnr\u00e4der sind f\u00fcr eine effiziente Kraft\u00fcbertragung in Maschinen unerl\u00e4sslich und bieten Langlebigkeit und Pr\u00e4zision in Anwendungen von der Automobilindustrie bis hin zu Schwermaschinen. Bei FMP produzieren wir ein breites Spektrum an <a href=\"https:\/\/fmp-components.com\/de\/ring-gear\/\">Hohlr\u00e4der<\/a> Durch den Einsatz hochfester Metalle und modernster Technologie gew\u00e4hrleisten wir h\u00f6chste Leistung, zugeschnitten auf die Bed\u00fcrfnisse unserer Kunden in Florenz, Bologna und dar\u00fcber hinaus. Unser Qualit\u00e4tsanspruch macht uns zu einem vertrauensw\u00fcrdigen Partner f\u00fcr Unternehmen, die zuverl\u00e4ssige mechanische L\u00f6sungen suchen.<\/p>\n<h3 class=\"\" dir=\"auto\">Anpassung und Support f\u00fcr italienische Kunden<\/h3>\n<p class=\"break-words\" dir=\"auto\">Sie finden das passende Modell nicht in unserer Produktliste? Keine Sorge \u2013 wir haben es einfach noch nicht hochgeladen. Senden Sie uns einfach eine E-Mail mit Ihren Anforderungen, und unsere erfahrenen Ingenieure antworten Ihnen innerhalb von 24 Stunden mit einer ma\u00dfgeschneiderten L\u00f6sung. Entscheiden Sie sich f\u00fcr FMP \u2013 Pr\u00e4zision, Flexibilit\u00e4t und italienische Exzellenz in jedem unserer Ger\u00e4te!<\/p>\n<\/div>","protected":false},"excerpt":{"rendered":"<p>What is Metal Internal Gear? Metal Internal Gear is a precision-engineered component widely used in mechanical systems, characterized by its teeth being cut into the inner surface of a cylindrical metal ring. Unlike external gears, internal gears mesh with external gears inside their circumference, enabling compact designs and efficient power transmission. Typically made from high-strength [&hellip;]<\/p>","protected":false},"featured_media":4641,"comment_status":"open","ping_status":"closed","template":"","meta":{"_et_pb_use_builder":"","_et_pb_old_content":"","_et_gb_content_width":""},"product_brand":[],"product_cat":[114],"product_tag":[],"class_list":{"0":"post-7773","1":"product","2":"type-product","3":"status-publish","4":"has-post-thumbnail","6":"product_cat-ring-gear","8":"first","9":"instock","10":"shipping-taxable","11":"product-type-simple"},"_links":{"self":[{"href":"https:\/\/fmp-components.com\/de\/wp-json\/wp\/v2\/product\/7773","targetHints":{"allow":["GET"]}}],"collection":[{"href":"https:\/\/fmp-components.com\/de\/wp-json\/wp\/v2\/product"}],"about":[{"href":"https:\/\/fmp-components.com\/de\/wp-json\/wp\/v2\/types\/product"}],"replies":[{"embeddable":true,"href":"https:\/\/fmp-components.com\/de\/wp-json\/wp\/v2\/comments?post=7773"}],"wp:featuredmedia":[{"embeddable":true,"href":"https:\/\/fmp-components.com\/de\/wp-json\/wp\/v2\/media\/4641"}],"wp:attachment":[{"href":"https:\/\/fmp-components.com\/de\/wp-json\/wp\/v2\/media?parent=7773"}],"wp:term":[{"taxonomy":"product_brand","embeddable":true,"href":"https:\/\/fmp-components.com\/de\/wp-json\/wp\/v2\/product_brand?post=7773"},{"taxonomy":"product_cat","embeddable":true,"href":"https:\/\/fmp-components.com\/de\/wp-json\/wp\/v2\/product_cat?post=7773"},{"taxonomy":"product_tag","embeddable":true,"href":"https:\/\/fmp-components.com\/de\/wp-json\/wp\/v2\/product_tag?post=7773"}],"curies":[{"name":"wp","href":"https:\/\/api.w.org\/{rel}","templated":true}]}}