{"id":7760,"date":"2025-04-04T04:01:26","date_gmt":"2025-04-04T04:01:26","guid":{"rendered":"https:\/\/fmp-components.com\/?post_type=product&#038;p=7760"},"modified":"2025-04-04T05:33:52","modified_gmt":"2025-04-04T05:33:52","slug":"stainless-steel-ring-gear-for-wind-turbine","status":"publish","type":"product","link":"https:\/\/fmp-components.com\/de\/product\/stainless-steel-ring-gear-for-wind-turbine\/","title":{"rendered":"Edelstahl-Ringzahnrad f\u00fcr Windkraftanlagen"},"content":{"rendered":"<div>\n<h2 dir=\"auto\">Edelstahlringe: Energieversorgung von Windkraftanlagen<\/h2>\n<p class=\"break-words\" dir=\"auto\">Edelstahlringe sind in der modernen Technik unverzichtbare Bauteile, die aufgrund ihrer au\u00dfergew\u00f6hnlichen Korrosionsbest\u00e4ndigkeit, Verschlei\u00dffestigkeit und Rostfreiheit gesch\u00e4tzt werden. In Windkraftanlagen spielen diese Ringe \u2013 oft als Innenzahnr\u00e4der ausgef\u00fchrt \u2013 eine entscheidende Rolle in den Gier- und Nicksteuerungen und gew\u00e4hrleisten pr\u00e4zise Bewegungen und langfristige Zuverl\u00e4ssigkeit auch unter rauen Umgebungsbedingungen. Italien, mit seinem wachsenden Sektor f\u00fcr erneuerbare Energien in St\u00e4dten wie Mailand und Bologna, setzt auf solche hochpr\u00e4zisen Bauteile, um eine nachhaltige Stromerzeugung zu unterst\u00fctzen. Gefertigt aus hochwertigem Edelstahl, bew\u00e4hren sich diese Ringe in anspruchsvollen Anwendungen, von Schwermaschinen \u00fcber Schiffsausr\u00fcstung in Venedig bis hin zu Innovationen in der Luft- und Raumfahrt in Florenz, und sind somit f\u00fcr industrielle Spitzenleistungen unverzichtbar.<\/p>\n<\/div>\n<table class=\"aliDataTable\" style=\"width: 100.293%;\" border=\"1\">\n<tbody>\n<tr>\n<td style=\"width: 374.349%;\" colspan=\"2\">\n<div><b data-spm-anchor-id=\"a2700.details.0.i27.bf425d5dOqoAqD\">Technische Daten<\/b><\/div>\n<\/td>\n<\/tr>\n<tr>\n<td style=\"width: 33.7449%;\">\n<div>Form<\/div>\n<\/td>\n<td style=\"width: 340.604%;\">\n<div><a href=\"https:\/\/fmp-components.com\/de\/ring-gear\/\">Hohlrad<\/a><\/div>\n<\/td>\n<\/tr>\n<tr>\n<td style=\"width: 33.7449%;\">\n<div>Zahnprofil<\/div>\n<\/td>\n<td style=\"width: 340.604%;\">Evolvente<\/td>\n<\/tr>\n<tr>\n<td style=\"width: 33.7449%;\">\n<div>Beschreibung<\/div>\n<\/td>\n<td style=\"width: 340.604%;\">\n<div>Zahnkranz des Getriebes<\/div>\n<\/td>\n<\/tr>\n<tr>\n<td style=\"width: 33.7449%;\">\n<div>Gr\u00f6\u00dfe<\/div>\n<\/td>\n<td style=\"width: 340.604%;\">\n<div>Gem\u00e4\u00df Zeichnung<\/div>\n<\/td>\n<\/tr>\n<\/tbody>\n<\/table>\n<div><\/div>\n<div>\n<div id=\"3u9z5\">\n<div id=\"ali-anchor-AliMaya-kiqiy\" data-section=\"AliMaya-kiqiy\" data-section-title=\"Technical Detail\" data-spm-anchor-id=\"a2700.details.0.i29.bf425d5dOqoAqD\">Technische Details<\/div>\n<\/div>\n<div>\n<div id=\"6re8y\">\n<table class=\"aliDataTable\" style=\"width: 99.9363%;\" border=\"1\">\n<tbody>\n<tr>\n<td style=\"width: 16.5312%;\" rowspan=\"3\">\n<div>\n<div><\/div>\n<div><\/div>\n<div>Ausgew\u00e4hltes Material<\/div>\n<\/div>\n<\/td>\n<td style=\"width: 18.6992%;\">\n<div>Kohlenstoffstahl<\/div>\n<\/td>\n<td style=\"width: 90.1521%;\">\n<div>SAE1020, SAE1045, Cr12, 40Cr, Y15Pb, 1214L usw.<\/div>\n<\/td>\n<\/tr>\n<tr>\n<td style=\"width: 18.6992%;\">\n<div>Legierter Stahl<\/div>\n<\/td>\n<td style=\"width: 90.1521%;\">\n<div>20CrMnTi, 16MnCr5, 20CrMnMo, 41CrMo, 17CrNiMo5 usw.<\/div>\n<\/td>\n<\/tr>\n<tr>\n<td style=\"width: 18.6992%;\">\n<div>Messing\/Bronze<\/div>\n<\/td>\n<td style=\"width: 90.1521%;\">\n<div>HPb59-1, H70, CuZn39Pb2, CuZn40Pb2, C38000, CuZn40 usw.<\/div>\n<\/td>\n<\/tr>\n<tr>\n<td style=\"width: 16.5312%;\">\n<div>\n<div>Module<\/div>\n<\/div>\n<\/td>\n<td style=\"width: 108.851%;\" colspan=\"2\">\n<div>1,0, 1,25, 1,5, 1,75, 2,0, 2,25, 2,5\u2026.8,0 usw.<\/div>\n<\/td>\n<\/tr>\n<tr>\n<td style=\"width: 16.5312%;\">\n<div>\n<div>Bearbeitungsprozess<\/div>\n<\/div>\n<\/td>\n<td style=\"width: 108.851%;\" colspan=\"2\">\n<div>W\u00e4lzfr\u00e4sen, Zahnradfr\u00e4sen, Zahnradformen, Zahnradr\u00e4umen<br \/>\nZahnradschaben, Zahnradschleifen und Zahnradl\u00e4ppen<\/div>\n<\/td>\n<\/tr>\n<tr>\n<td style=\"width: 16.5312%;\" rowspan=\"2\">\n<div>\n<div><\/div>\n<div>Toleranzkontrolle<\/div>\n<\/div>\n<\/td>\n<td style=\"width: 18.6992%;\">\n<div>Au\u00dfendurchmesser<\/div>\n<\/td>\n<td style=\"width: 90.1521%;\">\n<div>\u00b10,005 mm<\/div>\n<\/td>\n<\/tr>\n<tr>\n<td style=\"width: 18.6992%;\">\n<div>L\u00e4ngenma\u00df<\/div>\n<\/td>\n<td style=\"width: 90.1521%;\">\n<div>\u00b10,05 mm<\/div>\n<\/td>\n<\/tr>\n<tr>\n<td style=\"width: 16.5312%;\">\n<div>\n<div>W\u00e4rmebehandlung<\/div>\n<\/div>\n<\/td>\n<td style=\"width: 108.851%;\" colspan=\"2\">\n<div>H\u00e4rten und Anlassen, Aufkohlen und H\u00e4rten, Hochfrequenzh\u00e4rten, Carbonitrieren\u2026<\/div>\n<\/td>\n<\/tr>\n<tr>\n<td style=\"width: 16.5312%;\">\n<div>\n<div>Zahngenauigkeit<\/div>\n<\/div>\n<\/td>\n<td style=\"width: 108.851%;\" colspan=\"2\">\n<div>DIN Klasse 4, ISO\/GB Klasse 4, AGMA Klasse 13, JIS Klasse 0<\/div>\n<\/td>\n<\/tr>\n<tr>\n<td style=\"width: 16.5312%;\">\n<div>\n<div>Oberfl\u00e4chenbehandlung<\/div>\n<\/div>\n<\/td>\n<td style=\"width: 108.851%;\" colspan=\"2\">\n<div>Br\u00fcnieren, Polieren, Anodisieren, Verchromen, Verzinken, Vernickeln\u2026<\/div>\n<\/td>\n<\/tr>\n<\/tbody>\n<\/table>\n<div class=\"sliderTable mt10 mb10 sliderTable-index0 change-to-org\">\n<div class=\"inner\">\n<table border=\"1\" width=\"100%\">\n<tbody>\n<tr class=\"firstRow\">\n<th colspan=\"2\" valign=\"top\">Getriebegrunddaten<\/th>\n<\/tr>\n<tr>\n<td valign=\"center\">Zahnform des Zahnrads<\/td>\n<td valign=\"center\">Evolvente<\/td>\n<\/tr>\n<tr>\n<td valign=\"center\">Zahnradmaterial<\/td>\n<td valign=\"center\">42CrMo<\/td>\n<\/tr>\n<tr>\n<td valign=\"center\">Getriebeprozess<\/td>\n<td valign=\"center\">Nebeln, Bleichen, Zahnfr\u00e4sen, Innen- und Fl\u00e4chenschleifen, Zahnschleifen<\/td>\n<\/tr>\n<tr>\n<td valign=\"center\">Druckwinkel<\/td>\n<td valign=\"center\">20\u00b0<\/td>\n<\/tr>\n<tr>\n<td valign=\"center\">Qualit\u00e4tsniveau<\/td>\n<td valign=\"center\">DIN 3962 Klasse 7<\/td>\n<\/tr>\n<tr>\n<td valign=\"center\">Getriebetyp<\/td>\n<td valign=\"center\">Mn=6, Z=109, \u03b2=0\u00b0, X=-0,25<\/td>\n<\/tr>\n<\/tbody>\n<\/table>\n<\/div>\n<\/div>\n<p>F\u00c4HIGKEITEN VON ZAHNR\u00c4DERN\/KEILVERKLEIDUNGEN<\/p>\n<div class=\"sliderTable mt10 mb10 sliderTable-index1 change-to-org\">\n<div class=\"inner\">\n<table border=\"1\" width=\"100%\">\n<tbody>\n<tr class=\"firstRow\">\n<th colspan=\"4\" valign=\"top\">Innenverzahnungen und Innenverzahnungen<\/th>\n<\/tr>\n<tr>\n<td valign=\"top\"><\/td>\n<td valign=\"top\">MAHLEN<\/td>\n<td valign=\"top\">GESTALTUNG<\/td>\n<td valign=\"top\">Z\u00c4HNEKNIRSCHEN<\/td>\n<\/tr>\n<tr>\n<td valign=\"top\">Maximaler Au\u00dfendurchmesser<\/td>\n<td valign=\"top\">2500 mm<\/td>\n<td valign=\"top\">2500 mm<\/td>\n<td valign=\"top\">2500 mm<\/td>\n<\/tr>\n<tr>\n<td valign=\"top\">Mindest-ID<\/td>\n<td valign=\"top\">650 mm<\/td>\n<td valign=\"top\">50 mm<\/td>\n<td valign=\"top\">100 mm<\/td>\n<\/tr>\n<tr>\n<td valign=\"top\">Maximale Gesichtsbreite<\/td>\n<td valign=\"top\">500 mm<\/td>\n<td valign=\"top\">500 mm<\/td>\n<td valign=\"top\">500 mm<\/td>\n<\/tr>\n<tr>\n<td valign=\"top\">Maximale diametrale Teilung<\/td>\n<td valign=\"top\">DP 1<\/td>\n<td valign=\"top\">DP 1<\/td>\n<td valign=\"top\">DP 0,5<\/td>\n<\/tr>\n<tr>\n<td valign=\"top\">Maximales Modul<\/td>\n<td valign=\"top\">26 mm<\/td>\n<td valign=\"top\">26 mm<\/td>\n<td valign=\"top\">45 mm<\/td>\n<\/tr>\n<tr>\n<td valign=\"top\">AGMA-Level\/DIN-Level<\/td>\n<td valign=\"top\">DIN Klasse 8<\/td>\n<td valign=\"top\">DIN Klasse 8<\/td>\n<td valign=\"top\">DIN Klasse 4<\/td>\n<\/tr>\n<tr>\n<td valign=\"top\">Zahnoberfl\u00e4chenbearbeitung<\/td>\n<td valign=\"top\">Ra 3.2<\/td>\n<td valign=\"top\">Ra 3.2<\/td>\n<td valign=\"top\">Ra 0,6<\/td>\n<\/tr>\n<tr>\n<td valign=\"top\">Maximaler Schr\u00e4gungswinkel<\/td>\n<td valign=\"top\">\u00b122,5\u00b0<\/td>\n<td valign=\"top\">\u00b122,5\u00b0<\/td>\n<td valign=\"top\">\u00b145\u00b0<\/td>\n<\/tr>\n<tr>\n<th colspan=\"4\" valign=\"top\">AUSSENVERZAHNUNGEN UND AUSSENVERKLEBUNGEN<\/th>\n<\/tr>\n<tr>\n<td valign=\"top\"><\/td>\n<td valign=\"top\">W\u00c4LZFR\u00c4SEN<\/td>\n<td valign=\"top\">MAHLEN<\/td>\n<td valign=\"top\">Z\u00c4HNEKNIRSCHEN<\/td>\n<\/tr>\n<tr>\n<td valign=\"top\">Maximaler Au\u00dfendurchmesser<\/td>\n<td valign=\"top\">1250 mm<\/td>\n<td valign=\"top\">2500 mm<\/td>\n<td valign=\"top\">2500 mm<\/td>\n<\/tr>\n<tr>\n<td valign=\"top\">Mindestau\u00dfendurchmesser<\/td>\n<td valign=\"top\">20 mm<\/td>\n<td valign=\"top\">200 mm<\/td>\n<td valign=\"top\">20 mm<\/td>\n<\/tr>\n<tr>\n<td valign=\"top\">Maximale Gesichtsbreite<\/td>\n<td valign=\"top\">500 mm<\/td>\n<td valign=\"top\">500 mm<\/td>\n<td valign=\"top\">1480 mm<\/td>\n<\/tr>\n<tr>\n<td valign=\"top\">Maximale diametrale Teilung<\/td>\n<td valign=\"top\">DP 1<\/td>\n<td valign=\"top\">DP 1<\/td>\n<td valign=\"top\">DP 0,5<\/td>\n<\/tr>\n<tr>\n<td valign=\"top\">Maximales Modul<\/td>\n<td valign=\"top\">26 mm<\/td>\n<td valign=\"top\">26 mm<\/td>\n<td valign=\"top\">45 mm<\/td>\n<\/tr>\n<tr>\n<td valign=\"top\">AGMA-Level\/DIN-Level<\/td>\n<td valign=\"top\">DIN Klasse 8<\/td>\n<td valign=\"top\">DIN Klasse 8<\/td>\n<td valign=\"top\">DIN Klasse 4<\/td>\n<\/tr>\n<tr>\n<td valign=\"top\">Zahnoberfl\u00e4chenbearbeitung<\/td>\n<td valign=\"top\">Ra 3.2<\/td>\n<td valign=\"top\">Ra 3.2<\/td>\n<td valign=\"top\">Ra 0,6<\/td>\n<\/tr>\n<tr>\n<td valign=\"top\">Maximaler Schr\u00e4gungswinkel<\/td>\n<td valign=\"top\">\u00b145\u00b0<\/td>\n<td valign=\"top\">\u00b145\u00b0<\/td>\n<td valign=\"top\">\u00b145\u00b0<\/td>\n<\/tr>\n<\/tbody>\n<\/table>\n<p><span style=\"color: #333333; font-size: 22px;\">FMP: Ihr Lieferant f\u00fcr hochwertige Edelstahl-Ringzahnr\u00e4der<\/span><\/p>\n<div>\n<p class=\"break-words\" dir=\"auto\">FMP ist ein f\u00fchrender Hersteller, Exporteur und Lieferant von hochwertigen Komponenten f\u00fcr schwere Maschinen, darunter ein vielf\u00e4ltiges Sortiment an <strong>Hohlr\u00e4der<\/strong> Gefertigt aus Edelstahl. Mit Sitz in Italien beliefern wir Unternehmen in Mailand, Venedig, Florenz und Bologna mit robusten, verschlei\u00dffesten Produkten und langlebigen Oberfl\u00e4chenbehandlungen, die Lochfra\u00df minimieren und die Lebensdauer maximieren \u2013 und das alles zu wettbewerbsf\u00e4higen Preisen. Unsere Expertise umfasst kundenspezifische L\u00f6sungen f\u00fcr Zahnr\u00e4der in Zuckerm\u00fchlen, mechanische Zahnkr\u00e4nze und spezielle Edelstahlringe f\u00fcr Windkraftanlagen. Ob Sie Projekte f\u00fcr erneuerbare Energien in Bologna oder maritime Systeme in Venedig mit Energie versorgen m\u00f6chten: FMP bietet ma\u00dfgeschneiderte L\u00f6sungen, die exakt Ihren Anforderungen entsprechen und h\u00f6chste Leistung und strukturelle Integrit\u00e4t gew\u00e4hrleisten.<\/p>\n<\/div>\n<table style=\"border-collapse: collapse; width: 100.345%; height: 5px;\" border=\"0\" width=\"243\" cellspacing=\"0\" cellpadding=\"0\">\n<tbody>\n<tr style=\"height: 14.40pt;\">\n<td style=\"height: 14.4pt; width: 33.2978%;\" align=\"right\" width=\"81\" height=\"24\">\u00a0<img loading=\"lazy\" decoding=\"async\" class=\"alignnone size-full wp-image-7766\" src=\"https:\/\/fmp-components.com\/wp-content\/uploads\/2025\/04\/Stainless_Steel_Ring_Gear_For_Wind_Turbine_1.webp\" alt=\"Edelstahl-Zahnkranz f\u00fcr Windkraftanlagen\" width=\"1024\" height=\"1024\" title=\"\" srcset=\"https:\/\/fmp-components.com\/wp-content\/uploads\/2025\/04\/Stainless_Steel_Ring_Gear_For_Wind_Turbine_1.webp 1024w, https:\/\/fmp-components.com\/wp-content\/uploads\/2025\/04\/Stainless_Steel_Ring_Gear_For_Wind_Turbine_1-980x980.webp 980w, https:\/\/fmp-components.com\/wp-content\/uploads\/2025\/04\/Stainless_Steel_Ring_Gear_For_Wind_Turbine_1-480x480.webp 480w\" sizes=\"(min-width: 0px) and (max-width: 480px) 480px, (min-width: 481px) and (max-width: 980px) 980px, (min-width: 981px) 1024px, 100vw\" \/><\/td>\n<td style=\"width: 33.2978%;\" align=\"right\" width=\"81\"><img loading=\"lazy\" decoding=\"async\" class=\"alignnone size-full wp-image-7765\" src=\"https:\/\/fmp-components.com\/wp-content\/uploads\/2025\/04\/Stainless_Steel_Ring_Gear_For_Wind_Turbine_3.webp\" alt=\"Edelstahl-Zahnkranz f\u00fcr Windkraftanlagen\" width=\"1024\" height=\"1024\" title=\"\" srcset=\"https:\/\/fmp-components.com\/wp-content\/uploads\/2025\/04\/Stainless_Steel_Ring_Gear_For_Wind_Turbine_3.webp 1024w, https:\/\/fmp-components.com\/wp-content\/uploads\/2025\/04\/Stainless_Steel_Ring_Gear_For_Wind_Turbine_3-980x980.webp 980w, https:\/\/fmp-components.com\/wp-content\/uploads\/2025\/04\/Stainless_Steel_Ring_Gear_For_Wind_Turbine_3-480x480.webp 480w\" sizes=\"(min-width: 0px) and (max-width: 480px) 480px, (min-width: 481px) and (max-width: 980px) 980px, (min-width: 981px) 1024px, 100vw\" \/><\/td>\n<td style=\"width: 33.2978%;\" align=\"right\" width=\"81\"><img loading=\"lazy\" decoding=\"async\" class=\"alignnone size-full wp-image-7767\" src=\"https:\/\/fmp-components.com\/wp-content\/uploads\/2025\/04\/Stainless_Steel_Ring_Gear_For_Wind_Turbine_2.webp\" alt=\"Edelstahl-Zahnkranz f\u00fcr Windkraftanlagen\" width=\"1024\" height=\"1024\" title=\"\" srcset=\"https:\/\/fmp-components.com\/wp-content\/uploads\/2025\/04\/Stainless_Steel_Ring_Gear_For_Wind_Turbine_2.webp 1024w, https:\/\/fmp-components.com\/wp-content\/uploads\/2025\/04\/Stainless_Steel_Ring_Gear_For_Wind_Turbine_2-980x980.webp 980w, https:\/\/fmp-components.com\/wp-content\/uploads\/2025\/04\/Stainless_Steel_Ring_Gear_For_Wind_Turbine_2-480x480.webp 480w\" sizes=\"(min-width: 0px) and (max-width: 480px) 480px, (min-width: 481px) and (max-width: 980px) 980px, (min-width: 981px) 1024px, 100vw\" \/><\/td>\n<\/tr>\n<\/tbody>\n<\/table>\n<div>\n<h3 class=\"\" dir=\"auto\">Sonderanfertigungen und schneller Support von FMP<\/h3>\n<p class=\"break-words\" dir=\"auto\">Sie finden nicht das passende Edelstahl-Ringzahnrad f\u00fcr Ihre Windkraftanlage oder andere Anwendungen? FMP fertigt eine gro\u00dfe Auswahl an Ringzahnr\u00e4dern und nimmt gerne Sonderanfertigungen entgegen, die Ihren individuellen Anforderungen entsprechen. Sollte Ihr gew\u00fcnschtes Modell nicht aufgef\u00fchrt sein, haben wir es wahrscheinlich noch nicht hochgeladen. Senden Sie uns einfach Ihre Spezifikationen per E-Mail, und unsere erfahrenen Ingenieure melden sich innerhalb von 24 Stunden mit einer L\u00f6sung bei Ihnen. Wir beliefern die Industriezentren Italiens wie Mailand, Florenz, Venedig und Bologna und unterst\u00fctzen Ihre Projekte pr\u00e4zise und schnell. Kontaktieren Sie FMP noch heute und optimieren Sie Ihre Windkraftanlagen mit unseren hochwertigen Edelstahl-Ringzahnr\u00e4dern!<\/p>\n<\/div>\n<\/div>\n<\/div>\n<\/div>\n<\/div>\n<\/div>","protected":false},"excerpt":{"rendered":"<p>Stainless Steel Rings: Powering Wind Turbines Stainless steel rings are critical components in modern engineering, prized for their exceptional corrosion resistance, wear durability, and rust-proof properties. In wind turbines, these rings\u2014often designed as internal ring gears\u2014play a vital role in the yaw and pitch systems, ensuring precise movement and long-term reliability under harsh environmental conditions. [&hellip;]<\/p>","protected":false},"featured_media":7766,"comment_status":"open","ping_status":"closed","template":"","meta":{"_et_pb_use_builder":"","_et_pb_old_content":"","_et_gb_content_width":""},"product_brand":[],"product_cat":[114],"product_tag":[],"class_list":{"0":"post-7760","1":"product","2":"type-product","3":"status-publish","4":"has-post-thumbnail","6":"product_cat-ring-gear","8":"first","9":"instock","10":"shipping-taxable","11":"product-type-simple"},"_links":{"self":[{"href":"https:\/\/fmp-components.com\/de\/wp-json\/wp\/v2\/product\/7760","targetHints":{"allow":["GET"]}}],"collection":[{"href":"https:\/\/fmp-components.com\/de\/wp-json\/wp\/v2\/product"}],"about":[{"href":"https:\/\/fmp-components.com\/de\/wp-json\/wp\/v2\/types\/product"}],"replies":[{"embeddable":true,"href":"https:\/\/fmp-components.com\/de\/wp-json\/wp\/v2\/comments?post=7760"}],"wp:featuredmedia":[{"embeddable":true,"href":"https:\/\/fmp-components.com\/de\/wp-json\/wp\/v2\/media\/7766"}],"wp:attachment":[{"href":"https:\/\/fmp-components.com\/de\/wp-json\/wp\/v2\/media?parent=7760"}],"wp:term":[{"taxonomy":"product_brand","embeddable":true,"href":"https:\/\/fmp-components.com\/de\/wp-json\/wp\/v2\/product_brand?post=7760"},{"taxonomy":"product_cat","embeddable":true,"href":"https:\/\/fmp-components.com\/de\/wp-json\/wp\/v2\/product_cat?post=7760"},{"taxonomy":"product_tag","embeddable":true,"href":"https:\/\/fmp-components.com\/de\/wp-json\/wp\/v2\/product_tag?post=7760"}],"curies":[{"name":"wp","href":"https:\/\/api.w.org\/{rel}","templated":true}]}}