{"id":7751,"date":"2025-04-04T03:10:57","date_gmt":"2025-04-04T03:10:57","guid":{"rendered":"https:\/\/fmp-components.com\/?post_type=product&#038;p=7751"},"modified":"2025-04-04T05:33:32","modified_gmt":"2025-04-04T05:33:32","slug":"ring-gear-for-cement-mixer","status":"publish","type":"product","link":"https:\/\/fmp-components.com\/de\/product\/ring-gear-for-cement-mixer\/","title":{"rendered":"Zahnkranz f\u00fcr Betonmischer"},"content":{"rendered":"<div>\n<h2 dir=\"auto\">Hochwertige Zahnkr\u00e4nze f\u00fcr Betonmischer von FMP<\/h2>\n<p class=\"break-words\" dir=\"auto\">In den pulsierenden Bauzentren Italiens wie Mailand, Venedig, Florenz und Bologna besteht ein st\u00e4ndiger Bedarf an zuverl\u00e4ssigen Betonmischern. Ein Schl\u00fcsselelement dieser Maschinen ist der <a href=\"https:\/\/fmp-components.com\/de\/ring-gear\/\">Zahnkranz<\/a> F\u00fcr Betonmischer ben\u00f6tigen wir robuste Zahnr\u00e4der, die die Trommelrotation antreiben und so f\u00fcr effizientes Mischen des Betons sorgen. FMP ist spezialisiert auf die Herstellung verschiedenster Zahnkr\u00e4nze, darunter auch Sonderanfertigungen: hochbelastbare, gro\u00dfmodulige Zahnkr\u00e4nze aus legiertem Stahl mit doppelter Schr\u00e4gverzahnung und Fischgr\u00e4tprofil. Gefertigt aus hochfestem legiertem Stahl und veredelt durch Oberfl\u00e4chenbehandlungen wie Aufkohlen oder H\u00e4rten, bieten unsere Zahnkr\u00e4nze au\u00dfergew\u00f6hnliche Tragf\u00e4higkeit und Langlebigkeit. Ob Sie an modernen Wolkenkratzern in Mailand oder an der Restaurierung historischer Geb\u00e4ude in Florenz arbeiten \u2013 die Zahnkr\u00e4nze von FMP gew\u00e4hrleisten einen stabilen Kraftfluss mit geringen St\u00f6\u00dfen, Vibrationen und Ger\u00e4uschen \u2013 ideal f\u00fcr schnelllaufende, hochbelastete Maschinen.<\/p>\n<h2 dir=\"auto\">Spezifikation<\/h2>\n<\/div>\n<table style=\"width: 100%;\" border=\"1\" width=\"100%\" cellspacing=\"0\" cellpadding=\"0\">\n<tbody>\n<tr>\n<td colspan=\"2\" width=\"160\">Produktname<\/td>\n<td colspan=\"2\" width=\"611\">Zahnkranz<\/td>\n<\/tr>\n<tr>\n<td colspan=\"2\" width=\"160\">Marke<\/td>\n<td colspan=\"2\" width=\"611\">FMP<\/td>\n<\/tr>\n<tr>\n<td colspan=\"2\" width=\"160\">Verfahren<\/td>\n<td colspan=\"2\" width=\"611\">Schmieden, Bearbeiten, W\u00e4rmebehandlung<\/td>\n<\/tr>\n<tr>\n<td colspan=\"2\" width=\"160\"><\/td>\n<td colspan=\"2\" rowspan=\"2\" width=\"611\">Gro\u00dfdruckmaschinen, Flugzeuge, Produktionsmaschinen, Hafenindustrie, Schwerindustriemaschinen usw.<\/td>\n<\/tr>\n<tr>\n<td colspan=\"2\" width=\"160\">Anwendung<\/td>\n<\/tr>\n<tr>\n<td colspan=\"2\" width=\"160\">Verarbeitungsmaterial<\/td>\n<td colspan=\"2\" width=\"611\">45#40CR 20CRM O20CRNIMO 17CRNIMO620CRMNTI42CRMO etc.<\/td>\n<\/tr>\n<\/tbody>\n<\/table>\n<p>&nbsp;<\/p>\n<table style=\"width: 100%;\" border=\"1\" width=\"100%\" cellspacing=\"0\" cellpadding=\"0\">\n<tbody>\n<tr style=\"height: 27.60pt;\">\n<td class=\"et2\" style=\"height: 27.60pt; width: 48.00pt;\" width=\"80\" height=\"46\">Zahnradmodul<\/td>\n<td class=\"et3\" style=\"width: 48.00pt;\" width=\"80\">8-120<\/td>\n<\/tr>\n<tr style=\"height: 41.40pt;\">\n<td class=\"et4\" style=\"height: 41.40pt; width: 48.00pt;\" width=\"80\" height=\"69\">Zahnradschleifen<\/td>\n<td class=\"et5\" style=\"width: 48.00pt;\" width=\"80\">MAX Modul 25<\/td>\n<\/tr>\n<tr style=\"height: 41.40pt;\">\n<td class=\"et4\" style=\"height: 41.40pt; width: 48.00pt;\" width=\"80\" height=\"69\">Durchmesser des Zahnrades<\/td>\n<td class=\"et5\" style=\"width: 48.00pt;\" width=\"80\">MAX 13 000 mm<\/td>\n<\/tr>\n<tr style=\"height: 41.40pt;\">\n<td class=\"et4\" style=\"height: 41.40pt; width: 48.00pt;\" width=\"80\" height=\"69\">Durchmesser des Spiralzahnrads<\/td>\n<td class=\"et5\" style=\"width: 48.00pt;\" width=\"80\">MAX. 2200 mm<\/td>\n<\/tr>\n<tr style=\"height: 41.40pt;\">\n<td class=\"et4\" style=\"height: 41.40pt; width: 48.00pt;\" width=\"80\" height=\"69\">L\u00e4nge der Zahnradwelle<\/td>\n<td class=\"et5\" style=\"width: 48.00pt;\" width=\"80\">MAX 5 000 mm<\/td>\n<\/tr>\n<tr style=\"height: 82.80pt;\">\n<td class=\"et4\" style=\"height: 82.80pt; width: 48.00pt;\" width=\"80\" height=\"138\">Zahnradzahnbehandlung<\/td>\n<td class=\"et5\" style=\"width: 48.00pt;\" width=\"80\">Oberfl\u00e4chenh\u00e4rtung, Zementierung und Abschrecken<\/td>\n<\/tr>\n<tr style=\"height: 55.95pt;\">\n<td class=\"et6\" style=\"height: 55.95pt; width: 48.00pt;\" width=\"80\" height=\"93\">Werk<\/td>\n<td class=\"et7\" style=\"width: 48.00pt;\" width=\"80\">Schmieden, Gie\u00dfen und Schwei\u00dfen<\/td>\n<\/tr>\n<\/tbody>\n<\/table>\n<p><span style=\"color: #333333; font-size: 22px;\">FMPs Expertise in der kundenspezifischen Fertigung von Zahnkr\u00e4nzen<\/span><\/p>\n<div>\n<p class=\"break-words\" dir=\"auto\">FMP gilt als zuverl\u00e4ssiger Partner der italienischen Bau- und Ingenieurbranche und bietet eine breite Palette an Zahnkr\u00e4nzen in verschiedenen Ausf\u00fchrungen wie Stirn-, Schr\u00e4g- und Pfeilverzahnung \u2013 individuell nach Kundenspezifikation gefertigt. Unsere fortschrittlichen Fertigungstechniken, darunter Pulvermetallurgie und spezielle W\u00e4rmebehandlungsverfahren, optimieren die Zahnradstruktur und verbessern H\u00e4rte, Verschlei\u00dffestigkeit und Schlagfestigkeit. Wir verwenden hochfesten Stahl und legen Wert auf Langzeitstabilit\u00e4t, um sicherzustellen, dass unsere Komponenten auch unter den anspruchsvollen Bedingungen der Zementmischung zuverl\u00e4ssig funktionieren. Ob Unternehmen in Venedig, die einzigartige Projekte am Kanal realisieren, oder die ingenieurtechnisch orientierte Industrie in Bologna \u2013 FMP fertigt individuelle Auftr\u00e4ge, die exakt auf Ihre Bed\u00fcrfnisse zugeschnitten sind. Unsere Kompetenzen umfassen auch gro\u00dfformatiges Schmieden, Gie\u00dfen und Schwei\u00dfen. Zus\u00e4tzliche Bearbeitungen wie Zahnradschleifen und Nitrieren sind auf Anfrage m\u00f6glich.<\/p>\n<\/div>\n<table style=\"border-collapse: collapse; width: 101.637%; height: 5px;\" border=\"0\" width=\"270\" cellspacing=\"0\" cellpadding=\"0\">\n<tbody>\n<tr style=\"height: 14.40pt;\">\n<td style=\"height: 14.4pt; width: 34.4985%;\" align=\"right\" width=\"90\" height=\"24\"><img loading=\"lazy\" decoding=\"async\" class=\"size-full wp-image-7756 aligncenter\" src=\"https:\/\/fmp-components.com\/wp-content\/uploads\/2025\/04\/Ring-Gear-For-Cement-Mixer-Factory-1.webp\" alt=\"Zahnkranz f\u00fcr Zementmischerfabrik\" width=\"889\" height=\"570\" title=\"\" srcset=\"https:\/\/fmp-components.com\/wp-content\/uploads\/2025\/04\/Ring-Gear-For-Cement-Mixer-Factory-1.webp 889w, https:\/\/fmp-components.com\/wp-content\/uploads\/2025\/04\/Ring-Gear-For-Cement-Mixer-Factory-1-480x308.webp 480w\" sizes=\"(min-width: 0px) and (max-width: 480px) 480px, (min-width: 481px) 889px, 100vw\" \/><\/td>\n<td style=\"width: 32.7072%;\" align=\"right\" width=\"90\"><img loading=\"lazy\" decoding=\"async\" class=\"size-full wp-image-7757 aligncenter\" src=\"https:\/\/fmp-components.com\/wp-content\/uploads\/2025\/04\/Ring-Gear-For-Cement-Mixer-Factory-2.webp\" alt=\"Zahnkranz f\u00fcr Zementmischerfabrik\" width=\"885\" height=\"608\" title=\"\" srcset=\"https:\/\/fmp-components.com\/wp-content\/uploads\/2025\/04\/Ring-Gear-For-Cement-Mixer-Factory-2.webp 885w, https:\/\/fmp-components.com\/wp-content\/uploads\/2025\/04\/Ring-Gear-For-Cement-Mixer-Factory-2-480x330.webp 480w\" sizes=\"(min-width: 0px) and (max-width: 480px) 480px, (min-width: 481px) 885px, 100vw\" \/><\/td>\n<td style=\"width: 31.8642%;\" align=\"right\" width=\"90\"><img loading=\"lazy\" decoding=\"async\" class=\"size-full wp-image-7758 aligncenter\" src=\"https:\/\/fmp-components.com\/wp-content\/uploads\/2025\/04\/Ring-Gear-For-Cement-Mixer-Factory-3.webp\" alt=\"Zahnkranz f\u00fcr Zementmischerfabrik\" width=\"500\" height=\"360\" title=\"\" srcset=\"https:\/\/fmp-components.com\/wp-content\/uploads\/2025\/04\/Ring-Gear-For-Cement-Mixer-Factory-3.webp 500w, https:\/\/fmp-components.com\/wp-content\/uploads\/2025\/04\/Ring-Gear-For-Cement-Mixer-Factory-3-480x346.webp 480w\" sizes=\"(min-width: 0px) and (max-width: 480px) 480px, (min-width: 481px) 500px, 100vw\" \/><\/td>\n<\/tr>\n<\/tbody>\n<\/table>\n<div>\n<h3 class=\"\" dir=\"auto\">Ben\u00f6tigen Sie ein bestimmtes Modell? Kontaktieren Sie FMP f\u00fcr eine Antwort innerhalb von 24 Stunden.<\/h3>\n<p class=\"break-words\" dir=\"auto\">Bei FMP setzen wir auf ma\u00dfgeschneiderte L\u00f6sungen. Senden Sie uns einfach Ihre Spezifikationen per E-Mail, und unsere erfahrenen Ingenieure melden sich innerhalb von 24 Stunden mit fachkundiger Beratung oder einem individuellen Designvorschlag bei Ihnen. Dank unserer schnellen Reaktionszeiten und unserer Kompetenz im Gro\u00dfserien- und Kurzzyklusguss sind wir der ideale Partner f\u00fcr den dynamischen italienischen Baumarkt. Steigern Sie die Effizienz Ihres Projekts mit den robusten und leistungsstarken Zahnkr\u00e4nzen von FMP \u2013 kontaktieren Sie uns noch heute f\u00fcr Ihr n\u00e4chstes Bauvorhaben!<\/p>\n<table style=\"border-collapse: collapse; width: 97.6392%; height: 54px;\" border=\"0\" width=\"243\" cellspacing=\"0\" cellpadding=\"0\">\n<tbody>\n<tr style=\"height: 14.40pt;\">\n<td style=\"height: 14.4pt; width: 31.0307%;\" align=\"right\" width=\"81\" height=\"24\">\u00a0<img loading=\"lazy\" decoding=\"async\" class=\"size-full wp-image-7763 aligncenter\" src=\"https:\/\/fmp-components.com\/wp-content\/uploads\/2025\/04\/Ring-Gear-For-Cement-Mixer-2.webp\" alt=\"Zahnkranz f\u00fcr Betonmischer\" width=\"550\" height=\"550\" title=\"\" srcset=\"https:\/\/fmp-components.com\/wp-content\/uploads\/2025\/04\/Ring-Gear-For-Cement-Mixer-2.webp 550w, https:\/\/fmp-components.com\/wp-content\/uploads\/2025\/04\/Ring-Gear-For-Cement-Mixer-2-480x480.webp 480w\" sizes=\"(min-width: 0px) and (max-width: 480px) 480px, (min-width: 481px) 550px, 100vw\" \/><\/td>\n<td style=\"width: 32.7851%;\" align=\"right\" width=\"81\"><img loading=\"lazy\" decoding=\"async\" class=\"size-full wp-image-7764 aligncenter\" src=\"https:\/\/fmp-components.com\/wp-content\/uploads\/2025\/04\/Ring-Gear-For-Cement-Mixer-3.webp\" alt=\"Zahnkranz f\u00fcr Betonmischer\" width=\"550\" height=\"550\" title=\"\" srcset=\"https:\/\/fmp-components.com\/wp-content\/uploads\/2025\/04\/Ring-Gear-For-Cement-Mixer-3.webp 550w, https:\/\/fmp-components.com\/wp-content\/uploads\/2025\/04\/Ring-Gear-For-Cement-Mixer-3-480x480.webp 480w\" sizes=\"(min-width: 0px) and (max-width: 480px) 480px, (min-width: 481px) 550px, 100vw\" \/><\/td>\n<td style=\"width: 36.1842%;\" align=\"right\" width=\"81\"><img loading=\"lazy\" decoding=\"async\" class=\"size-full wp-image-7762 aligncenter\" src=\"https:\/\/fmp-components.com\/wp-content\/uploads\/2025\/04\/Ring-Gear-For-Cement-Mixer-5.webp\" alt=\"Zahnkranz f\u00fcr Betonmischer\" width=\"1024\" height=\"756\" title=\"\" srcset=\"https:\/\/fmp-components.com\/wp-content\/uploads\/2025\/04\/Ring-Gear-For-Cement-Mixer-5.webp 1024w, https:\/\/fmp-components.com\/wp-content\/uploads\/2025\/04\/Ring-Gear-For-Cement-Mixer-5-980x724.webp 980w, https:\/\/fmp-components.com\/wp-content\/uploads\/2025\/04\/Ring-Gear-For-Cement-Mixer-5-480x354.webp 480w\" sizes=\"(min-width: 0px) and (max-width: 480px) 480px, (min-width: 481px) and (max-width: 980px) 980px, (min-width: 981px) 1024px, 100vw\" \/><\/td>\n<\/tr>\n<\/tbody>\n<\/table>\n<\/div>","protected":false},"excerpt":{"rendered":"<p>High-Quality Ring Gears for Cement Mixers by FMP In the bustling construction hubs of Italy, such as Milan, Venice, Florence, and Bologna, the demand for reliable cement mixers is ever-present. A key component in these machines is the ring gear for cement mixers, a robust circular gear that drives the drum\u2019s rotation to blend concrete [&hellip;]<\/p>","protected":false},"featured_media":7759,"comment_status":"open","ping_status":"closed","template":"","meta":{"_et_pb_use_builder":"","_et_pb_old_content":"","_et_gb_content_width":""},"product_brand":[],"product_cat":[114],"product_tag":[],"class_list":{"0":"post-7751","1":"product","2":"type-product","3":"status-publish","4":"has-post-thumbnail","6":"product_cat-ring-gear","8":"first","9":"instock","10":"shipping-taxable","11":"product-type-simple"},"_links":{"self":[{"href":"https:\/\/fmp-components.com\/de\/wp-json\/wp\/v2\/product\/7751","targetHints":{"allow":["GET"]}}],"collection":[{"href":"https:\/\/fmp-components.com\/de\/wp-json\/wp\/v2\/product"}],"about":[{"href":"https:\/\/fmp-components.com\/de\/wp-json\/wp\/v2\/types\/product"}],"replies":[{"embeddable":true,"href":"https:\/\/fmp-components.com\/de\/wp-json\/wp\/v2\/comments?post=7751"}],"wp:featuredmedia":[{"embeddable":true,"href":"https:\/\/fmp-components.com\/de\/wp-json\/wp\/v2\/media\/7759"}],"wp:attachment":[{"href":"https:\/\/fmp-components.com\/de\/wp-json\/wp\/v2\/media?parent=7751"}],"wp:term":[{"taxonomy":"product_brand","embeddable":true,"href":"https:\/\/fmp-components.com\/de\/wp-json\/wp\/v2\/product_brand?post=7751"},{"taxonomy":"product_cat","embeddable":true,"href":"https:\/\/fmp-components.com\/de\/wp-json\/wp\/v2\/product_cat?post=7751"},{"taxonomy":"product_tag","embeddable":true,"href":"https:\/\/fmp-components.com\/de\/wp-json\/wp\/v2\/product_tag?post=7751"}],"curies":[{"name":"wp","href":"https:\/\/api.w.org\/{rel}","templated":true}]}}