{"id":7748,"date":"2025-04-04T02:01:13","date_gmt":"2025-04-04T02:01:13","guid":{"rendered":"https:\/\/fmp-components.com\/?post_type=product&#038;p=7748"},"modified":"2025-04-04T05:32:58","modified_gmt":"2025-04-04T05:32:58","slug":"helical-angle-7-internal-helical-ring-gear-2","status":"publish","type":"product","link":"https:\/\/fmp-components.com\/de\/product\/helical-angle-7-internal-helical-ring-gear-2\/","title":{"rendered":"Schr\u00e4gungswinkel 7 Innenschr\u00e4gverzahntes Hohlrad"},"content":{"rendered":"<div class=\"J_module\">\n<div class=\"detail-decorate-json-renderer-container\">\n<div class=\"magic-1\">\n<div class=\"magic-2\">\n<div class=\"magic-3\">\n<div class=\"magic-4\">\n<div>\n<h2 dir=\"auto\">Was ist ein Innenstirnkranz mit einem Schr\u00e4gungswinkel von 7?<\/h2>\n<p class=\"break-words\" dir=\"auto\">Eine innere Spirale <a href=\"https:\/\/fmp-components.com\/de\/ring-gear\/\">Zahnkranz<\/a> Mit einem Schr\u00e4gungswinkel von 7 Grad weisen die Z\u00e4hne einen flachen Winkel an der Innenseite eines Rings auf, was f\u00fcr minimalen Axialschub und ruhigen Lauf sorgt. Diese Bauart wird h\u00e4ufig in Planetengetrieben, beispielsweise in Automobilgetrieben, eingesetzt, wo Laufruhe und hohe Belastbarkeit entscheidend sind. Der Winkel von 7 Grad ist niedriger als die \u00fcblichen Werte (\u00fcblicherweise 12\u00b0\u201320\u00b0 f\u00fcr einfach schr\u00e4gverzahnte Zahnr\u00e4der) und eignet sich daher m\u00f6glicherweise f\u00fcr Anwendungen mit geringem Axialschub. Genaue Angaben zu diesem Winkel sind in Standardwerken jedoch selten zu finden.<\/p>\n<\/div>\n<h3 class=\"magic-5\" data-spm-anchor-id=\"a2700.details.0.i31.212e5440VhHX7p\">Zahnrad-\/Keilwellenf\u00e4higkeit<\/h3>\n<\/div>\n<\/div>\n<\/div>\n<\/div>\n<\/div>\n<\/div>\n<div class=\"J_module\">\n<div class=\"ife-detail-decorate-table\">\n<table class=\"all magic-7\" style=\"width: 101.538%; height: 278px;\" border=\"1\">\n<tbody>\n<tr style=\"height: 23px;\">\n<td style=\"height: 23px; width: 215.138%;\" colspan=\"4\" rowspan=\"1\">\n<div class=\"magic-8\">\n<div class=\"magic-5\" data-spm-anchor-id=\"a2700.siteadmin.0.i174.58853333j5JHlI\"><strong>Innenverzahnungen und Innenverzahnungen<\/strong><\/div>\n<\/div>\n<\/td>\n<\/tr>\n<tr style=\"height: 47px;\">\n<td style=\"height: 47px; width: 37.3853%;\" colspan=\"1\" rowspan=\"1\">\n<div class=\"magic-13\"><\/div>\n<\/td>\n<td style=\"height: 47px; width: 18.578%;\" colspan=\"1\" rowspan=\"1\">\n<div class=\"magic-10\">\n<div class=\"magic-5\"><span class=\"magic-14\">Zahnfr\u00e4sen<\/span><\/div>\n<\/div>\n<\/td>\n<td style=\"height: 47px; width: 21.1009%;\" colspan=\"1\" rowspan=\"1\">\n<div class=\"magic-11\">\n<div class=\"magic-5\"><span class=\"magic-14\">Zahnformung<\/span><\/div>\n<\/div>\n<\/td>\n<td style=\"height: 47px; width: 138.073%;\" colspan=\"1\" rowspan=\"1\">\n<div class=\"magic-15\">\n<div class=\"magic-5\"><span class=\"magic-14\">Z\u00e4hneknirschen<\/span><\/div>\n<\/div>\n<\/td>\n<\/tr>\n<tr style=\"height: 23px;\">\n<td style=\"height: 23px; width: 37.3853%;\" colspan=\"1\" rowspan=\"1\">\n<div class=\"magic-13\"><span class=\"magic-14\">Maximaler Au\u00dfendurchmesser<\/span><\/div>\n<\/td>\n<td style=\"height: 23px; width: 18.578%;\" colspan=\"1\" rowspan=\"1\">\n<div class=\"magic-10\"><span class=\"magic-14\">2500 mm<\/span><\/div>\n<\/td>\n<td style=\"height: 23px; width: 21.1009%;\" colspan=\"1\" rowspan=\"1\">\n<div class=\"magic-11\"><span class=\"magic-14\">2500 mm<\/span><\/div>\n<\/td>\n<td style=\"height: 23px; width: 138.073%;\" colspan=\"1\" rowspan=\"1\">\n<div class=\"magic-15\"><span class=\"magic-14\">2500 mm<\/span><\/div>\n<\/td>\n<\/tr>\n<tr style=\"height: 23px;\">\n<td style=\"height: 23px; width: 37.3853%;\" colspan=\"1\" rowspan=\"1\">\n<div class=\"magic-13\"><span class=\"magic-14\">Mindest-ID<\/span><\/div>\n<\/td>\n<td style=\"height: 23px; width: 18.578%;\" colspan=\"1\" rowspan=\"1\">\n<div class=\"magic-10\"><span class=\"magic-14\">650 mm<\/span><\/div>\n<\/td>\n<td style=\"height: 23px; width: 21.1009%;\" colspan=\"1\" rowspan=\"1\">\n<div class=\"magic-11\"><span class=\"magic-14\">50 mm<\/span><\/div>\n<\/td>\n<td style=\"height: 23px; width: 138.073%;\" colspan=\"1\" rowspan=\"1\">\n<div class=\"magic-15\"><span class=\"magic-14\">100 mm<\/span><\/div>\n<\/td>\n<\/tr>\n<tr style=\"height: 23px;\">\n<td style=\"height: 23px; width: 37.3853%;\" colspan=\"1\" rowspan=\"1\">\n<div class=\"magic-13\"><span class=\"magic-14\">Maximale Gesichtsbreite<\/span><\/div>\n<\/td>\n<td style=\"height: 23px; width: 18.578%;\" colspan=\"1\" rowspan=\"1\">\n<div class=\"magic-10\"><span class=\"magic-14\">500 mm<\/span><\/div>\n<\/td>\n<td style=\"height: 23px; width: 21.1009%;\" colspan=\"1\" rowspan=\"1\">\n<div class=\"magic-11\"><span class=\"magic-14\">500 mm<\/span><\/div>\n<\/td>\n<td style=\"height: 23px; width: 138.073%;\" colspan=\"1\" rowspan=\"1\">\n<div class=\"magic-15\"><span class=\"magic-14\">500 mm<\/span><\/div>\n<\/td>\n<\/tr>\n<tr style=\"height: 23px;\">\n<td style=\"height: 23px; width: 37.3853%;\" colspan=\"1\" rowspan=\"1\">\n<div class=\"magic-13\"><span class=\"magic-14\">Maximale diametrale Teilung<\/span><\/div>\n<\/td>\n<td style=\"height: 23px; width: 18.578%;\" colspan=\"1\" rowspan=\"1\">\n<div class=\"magic-10\"><span class=\"magic-14\">DP1<\/span><\/div>\n<\/td>\n<td style=\"height: 23px; width: 21.1009%;\" colspan=\"1\" rowspan=\"1\">\n<div class=\"magic-11\"><span class=\"magic-14\">DP1<\/span><\/div>\n<\/td>\n<td style=\"height: 23px; width: 138.073%;\" colspan=\"1\" rowspan=\"1\">\n<div class=\"magic-15\"><span class=\"magic-14\">DP0.5<\/span><\/div>\n<\/td>\n<\/tr>\n<tr style=\"height: 23px;\">\n<td style=\"height: 23px; width: 37.3853%;\" colspan=\"1\" rowspan=\"1\">\n<div class=\"magic-13\"><span class=\"magic-14\">Maximales Modul<\/span><\/div>\n<\/td>\n<td style=\"height: 23px; width: 18.578%;\" colspan=\"1\" rowspan=\"1\">\n<div class=\"magic-10\"><span class=\"magic-14\">26 mm<\/span><\/div>\n<\/td>\n<td style=\"height: 23px; width: 21.1009%;\" colspan=\"1\" rowspan=\"1\">\n<div class=\"magic-11\"><span class=\"magic-14\">26 mm<\/span><\/div>\n<\/td>\n<td style=\"height: 23px; width: 138.073%;\" colspan=\"1\" rowspan=\"1\">\n<div class=\"magic-15\"><span class=\"magic-14\">45 mm<\/span><\/div>\n<\/td>\n<\/tr>\n<tr style=\"height: 47px;\">\n<td style=\"height: 47px; width: 37.3853%;\" colspan=\"1\" rowspan=\"1\">\n<div class=\"magic-13\"><span class=\"magic-14\">AGMA-Klassifizierung \/ DIN-Klassifizierung<\/span><\/div>\n<\/td>\n<td style=\"height: 47px; width: 18.578%;\" colspan=\"1\" rowspan=\"1\">\n<div class=\"magic-10\"><span class=\"magic-14\">DIN-Klasse 8<\/span><\/div>\n<\/td>\n<td style=\"height: 47px; width: 21.1009%;\" colspan=\"1\" rowspan=\"1\">\n<div class=\"magic-11\"><span class=\"magic-14\">DIN-Klasse 8<\/span><\/div>\n<\/td>\n<td style=\"height: 47px; width: 138.073%;\" colspan=\"1\" rowspan=\"1\">\n<div class=\"magic-15\"><span class=\"magic-14\">DIN-Klasse 4<\/span><\/div>\n<\/td>\n<\/tr>\n<tr style=\"height: 23px;\">\n<td style=\"height: 23px; width: 37.3853%;\" colspan=\"1\" rowspan=\"1\">\n<div class=\"magic-13\"><span class=\"magic-14\">Zahnfinish<\/span><\/div>\n<\/td>\n<td style=\"height: 23px; width: 18.578%;\" colspan=\"1\" rowspan=\"1\">\n<div class=\"magic-10\"><span class=\"magic-14\">Ra 3.2<\/span><\/div>\n<\/td>\n<td style=\"height: 23px; width: 21.1009%;\" colspan=\"1\" rowspan=\"1\">\n<div class=\"magic-11\"><span class=\"magic-14\">Ra 3.2<\/span><\/div>\n<\/td>\n<td style=\"height: 23px; width: 138.073%;\" colspan=\"1\" rowspan=\"1\">\n<div class=\"magic-15\"><span class=\"magic-14\">Ra 0,6<\/span><\/div>\n<\/td>\n<\/tr>\n<tr style=\"height: 23px;\">\n<td style=\"height: 23px; width: 37.3853%;\" colspan=\"1\" rowspan=\"1\">\n<div class=\"magic-13\"><span class=\"magic-14\">Maximaler Schr\u00e4gungswinkel<\/span><\/div>\n<\/td>\n<td style=\"height: 23px; width: 18.578%;\" colspan=\"1\" rowspan=\"1\">\n<div class=\"magic-10\"><span class=\"magic-14\">\u00b122,5\u00b0<\/span><\/div>\n<\/td>\n<td style=\"height: 23px; width: 21.1009%;\" colspan=\"1\" rowspan=\"1\">\n<div class=\"magic-11\"><span class=\"magic-14\">\u00b122,5\u00b0<\/span><\/div>\n<\/td>\n<td style=\"height: 23px; width: 138.073%;\" colspan=\"1\" rowspan=\"1\">\n<div class=\"magic-15\"><span class=\"magic-14\">\u00b145\u00b0<\/span><\/div>\n<\/td>\n<\/tr>\n<\/tbody>\n<\/table>\n<\/div>\n<\/div>\n<div class=\"J_module\">\n<div class=\"ife-detail-decorate-table\">\n<table class=\"all magic-7\" style=\"width: 101.751%; height: 259px;\" border=\"1\">\n<tbody>\n<tr>\n<td style=\"width: 231.63%;\" colspan=\"4\" rowspan=\"1\">\n<div class=\"magic-16\">\n<div class=\"magic-5\" data-spm-anchor-id=\"a2700.siteadmin.0.i170.58853333j5JHlI\"><strong>Au\u00dfenverzahnungen und Au\u00dfenverzahnungen<\/strong><\/div>\n<\/div>\n<\/td>\n<\/tr>\n<tr>\n<td style=\"width: 39.9027%;\" colspan=\"1\" rowspan=\"1\">\n<div class=\"magic-19\"><span class=\"magic-14\">Maximaler Au\u00dfendurchmesser<\/span><\/div>\n<\/td>\n<td style=\"width: 19.2214%;\" colspan=\"1\" rowspan=\"1\">\n<div class=\"magic-17\"><span class=\"magic-14\">1250 mm<\/span><\/div>\n<\/td>\n<td style=\"width: 19.2214%;\" colspan=\"1\" rowspan=\"1\">\n<div class=\"magic-11\"><span class=\"magic-14\">2500 mm<\/span><\/div>\n<\/td>\n<td style=\"width: 153.285%;\" colspan=\"1\" rowspan=\"1\">\n<div class=\"magic-11\"><span class=\"magic-14\">2500 mm<\/span><\/div>\n<\/td>\n<\/tr>\n<tr>\n<td style=\"width: 39.9027%;\" colspan=\"1\" rowspan=\"1\">\n<div class=\"magic-19\"><span class=\"magic-14\">Mindest-ID<\/span><\/div>\n<\/td>\n<td style=\"width: 19.2214%;\" colspan=\"1\" rowspan=\"1\">\n<div class=\"magic-17\"><span class=\"magic-14\">20 mm<\/span><\/div>\n<\/td>\n<td style=\"width: 19.2214%;\" colspan=\"1\" rowspan=\"1\">\n<div class=\"magic-11\"><span class=\"magic-14\">200 mm<\/span><\/div>\n<\/td>\n<td style=\"width: 153.285%;\" colspan=\"1\" rowspan=\"1\">\n<div class=\"magic-11\"><span class=\"magic-14\">20 mm<\/span><\/div>\n<\/td>\n<\/tr>\n<tr>\n<td style=\"width: 39.9027%;\" colspan=\"1\" rowspan=\"1\">\n<div class=\"magic-19\"><span class=\"magic-14\">Maximale Gesichtsbreite<\/span><\/div>\n<\/td>\n<td style=\"width: 19.2214%;\" colspan=\"1\" rowspan=\"1\">\n<div class=\"magic-17\"><span class=\"magic-14\">500 mm<\/span><\/div>\n<\/td>\n<td style=\"width: 19.2214%;\" colspan=\"1\" rowspan=\"1\">\n<div class=\"magic-11\"><span class=\"magic-14\">500 mm<\/span><\/div>\n<\/td>\n<td style=\"width: 153.285%;\" colspan=\"1\" rowspan=\"1\">\n<div class=\"magic-11\"><span class=\"magic-14\">1480 mm<\/span><\/div>\n<\/td>\n<\/tr>\n<tr>\n<td style=\"width: 39.9027%;\" colspan=\"1\" rowspan=\"1\">\n<div class=\"magic-19\"><span class=\"magic-14\">Maximale diametrale Teilung<\/span><\/div>\n<\/td>\n<td style=\"width: 19.2214%;\" colspan=\"1\" rowspan=\"1\">\n<div class=\"magic-17\"><span class=\"magic-14\">DP 1<\/span><\/div>\n<\/td>\n<td style=\"width: 19.2214%;\" colspan=\"1\" rowspan=\"1\">\n<div class=\"magic-11\"><span class=\"magic-14\">DP 1<\/span><\/div>\n<\/td>\n<td style=\"width: 153.285%;\" colspan=\"1\" rowspan=\"1\">\n<div class=\"magic-11\"><span class=\"magic-14\">DP 0,5<\/span><\/div>\n<\/td>\n<\/tr>\n<tr>\n<td style=\"width: 39.9027%;\" colspan=\"1\" rowspan=\"1\">\n<div class=\"magic-19\"><span class=\"magic-14\">Maximales Modul<\/span><\/div>\n<\/td>\n<td style=\"width: 19.2214%;\" colspan=\"1\" rowspan=\"1\">\n<div class=\"magic-17\"><span class=\"magic-14\">26 mm<\/span><\/div>\n<\/td>\n<td style=\"width: 19.2214%;\" colspan=\"1\" rowspan=\"1\">\n<div class=\"magic-11\"><span class=\"magic-14\">26 mm<\/span><\/div>\n<\/td>\n<td style=\"width: 153.285%;\" colspan=\"1\" rowspan=\"1\">\n<div class=\"magic-11\"><span class=\"magic-14\">45 mm<\/span><\/div>\n<\/td>\n<\/tr>\n<tr>\n<td style=\"width: 39.9027%;\" colspan=\"1\" rowspan=\"1\">\n<div class=\"magic-19\"><span class=\"magic-14\">AGMA-Klassifizierung \/ DIN-Klassifizierung<\/span><\/div>\n<\/td>\n<td style=\"width: 19.2214%;\" colspan=\"1\" rowspan=\"1\">\n<div class=\"magic-17\"><span class=\"magic-14\">DIN-Klasse 8<\/span><\/div>\n<\/td>\n<td style=\"width: 19.2214%;\" colspan=\"1\" rowspan=\"1\">\n<div class=\"magic-11\"><span class=\"magic-14\">DIN-Klasse 8<\/span><\/div>\n<\/td>\n<td style=\"width: 153.285%;\" colspan=\"1\" rowspan=\"1\">\n<div class=\"magic-11\"><span class=\"magic-14\">DIN-Klasse 4<\/span><\/div>\n<\/td>\n<\/tr>\n<tr>\n<td style=\"width: 39.9027%;\" colspan=\"1\" rowspan=\"1\">\n<div class=\"magic-19\"><span class=\"magic-14\">Zahnfinish<\/span><\/div>\n<\/td>\n<td style=\"width: 19.2214%;\" colspan=\"1\" rowspan=\"1\">\n<div class=\"magic-17\"><span class=\"magic-14\">Ra 3.2<\/span><\/div>\n<\/td>\n<td style=\"width: 19.2214%;\" colspan=\"1\" rowspan=\"1\">\n<div class=\"magic-11\"><span class=\"magic-14\">Ra 3.2<\/span><\/div>\n<\/td>\n<td style=\"width: 153.285%;\" colspan=\"1\" rowspan=\"1\">\n<div class=\"magic-11\"><span class=\"magic-14\">Ra 0,6<\/span><\/div>\n<\/td>\n<\/tr>\n<tr>\n<td style=\"width: 39.9027%;\" colspan=\"1\" rowspan=\"1\">\n<div class=\"magic-19\"><span class=\"magic-14\">Maximaler Schr\u00e4gungswinkel<\/span><\/div>\n<\/td>\n<td style=\"width: 19.2214%;\" colspan=\"1\" rowspan=\"1\">\n<div class=\"magic-17\"><span class=\"magic-14\">\u00b145\u00b0<\/span><\/div>\n<\/td>\n<td style=\"width: 19.2214%;\" colspan=\"1\" rowspan=\"1\">\n<div class=\"magic-11\"><span class=\"magic-14\">\u00b145\u00b0<\/span><\/div>\n<\/td>\n<td style=\"width: 153.285%;\" colspan=\"1\" rowspan=\"1\">\n<div class=\"magic-11\"><span class=\"magic-14\">\u00b145\u00b0<\/span><\/div>\n<\/td>\n<\/tr>\n<\/tbody>\n<\/table>\n<div>\n<h2 dir=\"auto\">Das Angebot von FMP und seine lokale Relevanz<\/h2>\n<p class=\"break-words\" dir=\"auto\">FMP ist spezialisiert auf die Fertigung eines breiten Spektrums an Hohlr\u00e4dern, darunter auch kundenspezifische Innenschr\u00e4gverzahnungen, und beliefert Unternehmen in Mailand, Venedig, Florenz und Bologna. Sollte ein bestimmtes Modell, wie beispielsweise das Hohlrad mit Innenschr\u00e4gverzahnung und Schr\u00e4gungswinkel 7, nicht aufgef\u00fchrt sein, k\u00f6nnen Kunden ihre Spezifikationen per E-Mail senden. Die Ingenieure von FMP antworten innerhalb von 24 Stunden. Dieser Service ist speziell auf die dynamische italienische Maschinenbauindustrie zugeschnitten und unterst\u00fctzt Branchen wie die Automobilindustrie in Bologna und die Pr\u00e4zisionsfertigung in Florenz.<\/p>\n<\/div>\n<\/div>\n<\/div>","protected":false},"excerpt":{"rendered":"<p>What is a Helical Angle 7 Internal Helical Ring Gear? An internal helical ring gear with a helix angle of 7 degrees has teeth cut at a low angle on the inside of a ring, designed for minimal axial thrust and smooth operation. This type is often used in planetary gear systems, such as those [&hellip;]<\/p>","protected":false},"featured_media":4589,"comment_status":"open","ping_status":"closed","template":"","meta":{"_et_pb_use_builder":"","_et_pb_old_content":"","_et_gb_content_width":""},"product_brand":[],"product_cat":[114],"product_tag":[],"class_list":{"0":"post-7748","1":"product","2":"type-product","3":"status-publish","4":"has-post-thumbnail","6":"product_cat-ring-gear","8":"first","9":"instock","10":"shipping-taxable","11":"product-type-simple"},"_links":{"self":[{"href":"https:\/\/fmp-components.com\/de\/wp-json\/wp\/v2\/product\/7748","targetHints":{"allow":["GET"]}}],"collection":[{"href":"https:\/\/fmp-components.com\/de\/wp-json\/wp\/v2\/product"}],"about":[{"href":"https:\/\/fmp-components.com\/de\/wp-json\/wp\/v2\/types\/product"}],"replies":[{"embeddable":true,"href":"https:\/\/fmp-components.com\/de\/wp-json\/wp\/v2\/comments?post=7748"}],"wp:featuredmedia":[{"embeddable":true,"href":"https:\/\/fmp-components.com\/de\/wp-json\/wp\/v2\/media\/4589"}],"wp:attachment":[{"href":"https:\/\/fmp-components.com\/de\/wp-json\/wp\/v2\/media?parent=7748"}],"wp:term":[{"taxonomy":"product_brand","embeddable":true,"href":"https:\/\/fmp-components.com\/de\/wp-json\/wp\/v2\/product_brand?post=7748"},{"taxonomy":"product_cat","embeddable":true,"href":"https:\/\/fmp-components.com\/de\/wp-json\/wp\/v2\/product_cat?post=7748"},{"taxonomy":"product_tag","embeddable":true,"href":"https:\/\/fmp-components.com\/de\/wp-json\/wp\/v2\/product_tag?post=7748"}],"curies":[{"name":"wp","href":"https:\/\/api.w.org\/{rel}","templated":true}]}}