{"id":774,"date":"2024-12-18T06:44:58","date_gmt":"2024-12-18T06:44:58","guid":{"rendered":"https:\/\/fmp-components.com\/?page_id=8"},"modified":"2024-12-18T06:54:43","modified_gmt":"2024-12-18T06:54:43","slug":"hydraulic-cylinder-for-reach-stacker","status":"publish","type":"product","link":"https:\/\/fmp-components.com\/de\/product\/hydraulic-cylinder-for-reach-stacker\/","title":{"rendered":"Hydraulikzylinder f\u00fcr Reach Stacker"},"content":{"rendered":"<p style=\"text-align: center;\"><span style=\"font-size: 18pt;\">Hydraulikzylinder f\u00fcr Reach Stacker<\/span><\/p>\n<p>Der Hydraulikzylinder f\u00fcr Reach Stacker ist eine wichtige Hydraulikkomponente, die die Hub- und Ausfahrleistung von Reach Stackern in der Logistik und im Containerumschlag verbessert. Dieser Zylinder spielt eine entscheidende Rolle f\u00fcr die gleichm\u00e4\u00dfige und pr\u00e4zise Bewegung des Staplerauslegers und erm\u00f6glicht so das effiziente Be- und Entladen sowie Stapeln von Containern und schweren Lasten.<\/p>\n<p><img loading=\"lazy\" decoding=\"async\" class=\"alignnone size-full wp-image-788\" src=\"https:\/\/fmp-components.com\/wp-content\/uploads\/2024\/12\/Reach-Stacker-Luffing-Cylinders-2.webp\" alt=\"Reach-Stacker-Wippzylinder-2\" width=\"870\" height=\"535\" title=\"\" srcset=\"https:\/\/fmp-components.com\/wp-content\/uploads\/2024\/12\/Reach-Stacker-Luffing-Cylinders-2.webp 870w, https:\/\/fmp-components.com\/wp-content\/uploads\/2024\/12\/Reach-Stacker-Luffing-Cylinders-2-480x295.webp 480w\" sizes=\"(min-width: 0px) and (max-width: 480px) 480px, (min-width: 481px) 870px, 100vw\" \/><\/p>\n<h4>Hauptmerkmale:<\/h4>\n<ul>\n<li><strong>Hohe Tragf\u00e4higkeit:<\/strong> Dieser Hydraulikzylinder ist f\u00fcr die Handhabung erheblicher Gewichte ausgelegt und gew\u00e4hrleistet eine zuverl\u00e4ssige Leistung bei schweren Hebevorg\u00e4ngen, die f\u00fcr eine effiziente Frachtverwaltung von entscheidender Bedeutung ist.<\/li>\n<li><strong>Robuste Konstruktion:<\/strong> Es besteht aus hochfesten Materialien und ist so konzipiert, dass es den hohen Anforderungen des Schwerlastbetriebs in Versand- und Logistikumgebungen standh\u00e4lt und eine lange Haltbarkeit und Zuverl\u00e4ssigkeit gew\u00e4hrleistet.<\/li>\n<li><strong>Reibungsloser Betrieb:<\/strong> Das fortschrittliche Hydraulikdesign erm\u00f6glicht fl\u00fcssige und kontrollierte Bewegungen und erm\u00f6glicht so schnelle Anpassungen w\u00e4hrend des Be- und Entladevorgangs bei gleichzeitiger Minimierung des Verschlei\u00dfes der Ausr\u00fcstung.<\/li>\n<li><strong>Verbesserte Sicherheit:<\/strong> Ausgestattet mit Sicherheitsfunktionen, um eine \u00dcberlastung zu verhindern und einen sicheren Betrieb zu gew\u00e4hrleisten, wodurch sowohl Bediener als auch Ladung w\u00e4hrend der Handhabungsaufgaben gesch\u00fctzt werden.<\/li>\n<li><strong>Vielseitige Anwendung:<\/strong> Dieser Hydraulikzylinder ist f\u00fcr verschiedene Reach-Stacker-Konfigurationen geeignet und kann an unterschiedliche Betriebsanforderungen angepasst werden. Damit ist er die ideale Wahl f\u00fcr verschiedene Containerhandhabungsaufgaben.<\/li>\n<li><strong>Geringer Wartungsaufwand:<\/strong> Es ist auf minimalen Verschlei\u00df ausgelegt und reduziert den Bedarf an h\u00e4ufiger Wartung, was zu einer h\u00f6heren Produktivit\u00e4t und geringeren Betriebskosten beitr\u00e4gt.<\/li>\n<\/ul>\n<p>Zusammenfassend l\u00e4sst sich sagen, dass der Hydraulikzylinder f\u00fcr Reach Stacker eine wichtige Komponente ist, die die Leistung und Effizienz von Reach Stackern optimiert und ihre Effektivit\u00e4t beim Containerumschlag und bei Logistikvorg\u00e4ngen deutlich steigert.<\/p>\n<h2>Teleskopzylinder f\u00fcr Reach Stacker<\/h2>\n<p><img loading=\"lazy\" decoding=\"async\" class=\"size-full wp-image-786 aligncenter\" src=\"https:\/\/fmp-components.com\/wp-content\/uploads\/2024\/12\/Reach-Stacker-Telescopic-Cylinder.webp\" alt=\"Teleskopzylinder f\u00fcr Reach Stacker\" width=\"500\" height=\"200\" title=\"\" srcset=\"https:\/\/fmp-components.com\/wp-content\/uploads\/2024\/12\/Reach-Stacker-Telescopic-Cylinder.webp 500w, https:\/\/fmp-components.com\/wp-content\/uploads\/2024\/12\/Reach-Stacker-Telescopic-Cylinder-480x192.webp 480w\" sizes=\"(min-width: 0px) and (max-width: 480px) 480px, (min-width: 481px) 500px, 100vw\" \/><\/p>\n<table style=\"width: 83.0024%; height: 162px;\" border=\"1\" cellspacing=\"0\" cellpadding=\"0\">\n<tbody>\n<tr>\n<td>Produktname<\/td>\n<td>Teleskopzylinder f\u00fcr Reach Stacker<\/td>\n<\/tr>\n<tr>\n<td>Merkmale:<\/td>\n<td>Realisieren Sie die lineare Teleskopbewegung des Auslegers<\/td>\n<\/tr>\n<tr>\n<td>Bohrungsdurchmesser:<\/td>\n<td>200 mm \uff5e 220 mm<\/td>\n<\/tr>\n<tr>\n<td>Stangendurchmesser:<\/td>\n<td>150 mm \uff5e 180 mm<br \/>\nHub \u2264 8000 mm<\/td>\n<\/tr>\n<tr>\n<td>Druck:<\/td>\n<td>Maximal 30 MPa<\/td>\n<\/tr>\n<tr>\n<td>Anwendungen:<\/td>\n<td>Reach Stacker<\/td>\n<\/tr>\n<\/tbody>\n<\/table>\n<p><img loading=\"lazy\" decoding=\"async\" class=\"alignnone wp-image-790\" src=\"https:\/\/fmp-components.com\/wp-content\/uploads\/2024\/12\/Stacker-Telescopic-Cylinder.webp\" alt=\"Stapler-Teleskop-Zylinder\" width=\"761\" height=\"457\" title=\"\"><\/p>\n<p><img loading=\"lazy\" decoding=\"async\" class=\"alignnone wp-image-789\" src=\"https:\/\/fmp-components.com\/wp-content\/uploads\/2024\/12\/Stacker-Telescopic-Cylinder-1.webp\" alt=\"Stapler-Teleskop-Zylinder\" width=\"764\" height=\"383\" title=\"\"><\/p>\n<h2>Reach Stacker Wippzylinder<\/h2>\n<p><img loading=\"lazy\" decoding=\"async\" class=\"size-full wp-image-784 aligncenter\" src=\"https:\/\/fmp-components.com\/wp-content\/uploads\/2024\/12\/Reach-Stacker-Luffing-Cylinder-1.webp\" alt=\"Reach Stacker Wippzylinder\" width=\"500\" height=\"200\" title=\"\" srcset=\"https:\/\/fmp-components.com\/wp-content\/uploads\/2024\/12\/Reach-Stacker-Luffing-Cylinder-1.webp 500w, https:\/\/fmp-components.com\/wp-content\/uploads\/2024\/12\/Reach-Stacker-Luffing-Cylinder-1-480x192.webp 480w\" sizes=\"(min-width: 0px) and (max-width: 480px) 480px, (min-width: 481px) 500px, 100vw\" \/><\/p>\n<table style=\"width: 84.0327%; height: 185px;\" border=\"1\" cellspacing=\"0\" cellpadding=\"0\">\n<tbody>\n<tr>\n<td>Produktname<\/td>\n<td>Reach Stacker Wippzylinder<\/td>\n<\/tr>\n<tr>\n<td>Merkmale:<\/td>\n<td>Erkennen Sie die Auf- und Ab-Neigung des Auslegers<\/td>\n<\/tr>\n<tr>\n<td>Bohrungsdurchmesser:<\/td>\n<td>100 mm \uff5e 220 mm<\/td>\n<\/tr>\n<tr>\n<td>Stangendurchmesser:<\/td>\n<td>60 mm \uff5e 140 mm<br \/>\nHub \u2264 5000 mm<\/td>\n<\/tr>\n<tr>\n<td>Druck:<\/td>\n<td>Maximal 30 MPa<\/td>\n<\/tr>\n<tr>\n<td>Anwendungen:<\/td>\n<td>Reach Stacker<\/td>\n<\/tr>\n<\/tbody>\n<\/table>\n<p><img loading=\"lazy\" decoding=\"async\" class=\"alignnone wp-image-782\" src=\"https:\/\/fmp-components.com\/wp-content\/uploads\/2024\/12\/Reach-Stacker-Luffing-Cylinder.webp\" alt=\"Reach Stacker Wippzylinder\" width=\"780\" height=\"285\" title=\"\" srcset=\"https:\/\/fmp-components.com\/wp-content\/uploads\/2024\/12\/Reach-Stacker-Luffing-Cylinder.webp 780w, https:\/\/fmp-components.com\/wp-content\/uploads\/2024\/12\/Reach-Stacker-Luffing-Cylinder-480x175.webp 480w\" sizes=\"(min-width: 0px) and (max-width: 480px) 480px, (min-width: 481px) 780px, 100vw\" \/><\/p>\n<p><img loading=\"lazy\" decoding=\"async\" class=\"alignnone wp-image-787\" src=\"https:\/\/fmp-components.com\/wp-content\/uploads\/2024\/12\/Reach-Stacker-Luffing-Cylinder-2.webp\" alt=\"Reach-Stacker-Wippzylinder-2\" width=\"774\" height=\"503\" title=\"\"><\/p>\n<h2>Lenkzylinder f\u00fcr Reach Stacker<\/h2>\n<p><img loading=\"lazy\" decoding=\"async\" class=\"size-full wp-image-785 aligncenter\" src=\"https:\/\/fmp-components.com\/wp-content\/uploads\/2024\/12\/Reach-Stacker-Steering-Cylinder.webp\" alt=\"Lenkzylinder f\u00fcr Reach Stacker\" width=\"500\" height=\"200\" title=\"\" srcset=\"https:\/\/fmp-components.com\/wp-content\/uploads\/2024\/12\/Reach-Stacker-Steering-Cylinder.webp 500w, https:\/\/fmp-components.com\/wp-content\/uploads\/2024\/12\/Reach-Stacker-Steering-Cylinder-480x192.webp 480w\" sizes=\"(min-width: 0px) and (max-width: 480px) 480px, (min-width: 481px) 500px, 100vw\" \/><\/p>\n<table style=\"width: 84.0349%; height: 200px;\" border=\"1\" cellspacing=\"0\" cellpadding=\"0\">\n<tbody>\n<tr style=\"height: 23px;\">\n<td style=\"height: 23px;\">Produktname<\/td>\n<td style=\"height: 23px;\">Reach Stacker Wippzylinder<\/td>\n<\/tr>\n<tr style=\"height: 23px;\">\n<td style=\"height: 23px;\">Merkmale:<\/td>\n<td style=\"height: 23px;\">Realisieren Sie die Anpassung der Richtung der Kranreifen<\/td>\n<\/tr>\n<tr style=\"height: 23px;\">\n<td style=\"height: 23px;\">Bohrungsdurchmesser:<\/td>\n<td style=\"height: 23px;\">80 mm \uff5e 200 mm<\/td>\n<\/tr>\n<tr style=\"height: 47px;\">\n<td style=\"height: 47px;\">Stangendurchmesser:<\/td>\n<td style=\"height: 47px;\">60 mm \uff5e 100 mm<br \/>\nHub \u22649500 mm<\/td>\n<\/tr>\n<tr style=\"height: 23px;\">\n<td style=\"height: 23px;\">Druck:<\/td>\n<td style=\"height: 23px;\">Maximal 25 MPa<\/td>\n<\/tr>\n<tr style=\"height: 23px;\">\n<td style=\"height: 23px;\">Anwendungen:<\/td>\n<td style=\"height: 23px;\">Reach Stacker<\/td>\n<\/tr>\n<\/tbody>\n<\/table>\n<p><img loading=\"lazy\" decoding=\"async\" class=\"alignnone wp-image-793\" src=\"https:\/\/fmp-components.com\/wp-content\/uploads\/2024\/12\/Reach-Stacker-Steering-Cylinder-1.webp\" alt=\"Lenkzylinder f\u00fcr Reach Stacker\" width=\"794\" height=\"269\" title=\"\" srcset=\"https:\/\/fmp-components.com\/wp-content\/uploads\/2024\/12\/Reach-Stacker-Steering-Cylinder-1.webp 794w, https:\/\/fmp-components.com\/wp-content\/uploads\/2024\/12\/Reach-Stacker-Steering-Cylinder-1-480x163.webp 480w\" sizes=\"(min-width: 0px) and (max-width: 480px) 480px, (min-width: 481px) 794px, 100vw\" \/><\/p>\n<p><img loading=\"lazy\" decoding=\"async\" class=\"alignnone size-full wp-image-794\" src=\"https:\/\/fmp-components.com\/wp-content\/uploads\/2024\/12\/Reach-Stacker-Steering-Cylinder1.webp\" alt=\"Lenkzylinder f\u00fcr Reach Stacker1\" width=\"828\" height=\"297\" title=\"\" srcset=\"https:\/\/fmp-components.com\/wp-content\/uploads\/2024\/12\/Reach-Stacker-Steering-Cylinder1.webp 828w, https:\/\/fmp-components.com\/wp-content\/uploads\/2024\/12\/Reach-Stacker-Steering-Cylinder1-480x172.webp 480w\" sizes=\"(min-width: 0px) and (max-width: 480px) 480px, (min-width: 481px) 828px, 100vw\" \/><\/p>\n<h2>Vorteile des Reach Stacker Hydraulikzylinders<\/h2>\n<p>Der Hydraulikzylinder des Reach Stackers bietet mehrere bedeutende Vorteile, die die Leistung und Zuverl\u00e4ssigkeit von Reach Stackern in der Logistik und im Containerumschlag verbessern.<\/p>\n<p>Einer der Hauptvorteile ist die hohe Tragf\u00e4higkeit, die es dem Hydraulikzylinder erm\u00f6glicht, schwere Container und Lasten sicher anzuheben und zu man\u00f6vrieren. Diese F\u00e4higkeit ist f\u00fcr ein effizientes Frachtmanagement in stark frequentierten Schifffahrts- und Logistikumgebungen von entscheidender Bedeutung.<\/p>\n<p>Der Zylinder erm\u00f6glicht eine pr\u00e4zise Steuerung und damit sanfte und pr\u00e4zise Bewegungen des Auslegers des Reachstackers. Diese Pr\u00e4zision hilft dem Bediener, die Container pr\u00e4zise zu positionieren, wodurch das Unfallrisiko reduziert und die Betriebseffizienz insgesamt verbessert wird.<\/p>\n<p>Der Hydraulikzylinder besteht aus robusten Materialien und ist f\u00fcr die anspruchsvollen Bedingungen im Schwerlastbetrieb ausgelegt. Seine Langlebigkeit gew\u00e4hrleistet auch in rauen Umgebungen eine dauerhafte Leistung und reduziert so die H\u00e4ufigkeit von Reparaturen und Austausch.<\/p>\n<p>Ein weiterer Vorteil sind die verbesserten Sicherheitsfunktionen, die in die Hydraulikkonstruktion integriert sind. Diese Funktionen verhindern \u00dcberlastungen und gew\u00e4hrleisten einen sicheren Betrieb, wodurch sowohl die Ausr\u00fcstung als auch das Personal bei Handhabungsaufgaben gesch\u00fctzt werden.<\/p>\n<p>Der Hydraulikzylinder erm\u00f6glicht zudem einen reibungslosen Betrieb, wodurch der Verschlei\u00df sowohl des Zylinders als auch des Reach Stackers selbst minimiert wird. Diese reibungslose Funktionalit\u00e4t steigert die Produktivit\u00e4t, da sie schnellere Be- und Entladevorg\u00e4nge erm\u00f6glicht.<\/p>\n<p>Dar\u00fcber hinaus erm\u00f6glicht die Vielseitigkeit des Hydraulikzylinders seinen Einsatz in verschiedenen Reach-Stacker-Modellen, wodurch er an unterschiedliche Betriebsanforderungen angepasst werden kann und sein Nutzen bei der Handhabung von Containern verbessert wird.<\/p>\n<p>Der geringe Wartungsaufwand des Hydraulikzylinders tr\u00e4gt zu geringeren Ausfallzeiten und Betriebskosten bei. Sein Design ist auf Zuverl\u00e4ssigkeit und Langlebigkeit ausgerichtet und gew\u00e4hrleistet einen effizienten und unterbrechungsfreien Betrieb der Reachstacker.<\/p>\n<p>Zusammenfassend l\u00e4sst sich sagen, dass der Hydraulikzylinder des Reach Stackers f\u00fcr die Optimierung der Effizienz, Sicherheit und Zuverl\u00e4ssigkeit von Reach Stackern von entscheidender Bedeutung ist und ihre Leistung beim Containerumschlag und in Logistikvorg\u00e4ngen deutlich verbessert.<\/p>\n<p><img loading=\"lazy\" decoding=\"async\" class=\"alignnone  wp-image-795\" src=\"https:\/\/fmp-components.com\/wp-content\/uploads\/2024\/12\/Choose-Reach-Stacker-Steering-Cylinder.webp\" alt=\"W\u00e4hlen Sie einen Reach-Stacker-Lenkzylinder\" width=\"853\" height=\"443\" title=\"\"><\/p>\n<h3>\u00dcber FMP<\/h3>\n<p>FMP ist ein spezialisierter Maschinenbauer, der sich auf die Produktion von Hydraulikzylindern spezialisiert hat. Seit seiner Gr\u00fcndung konzentriert sich das Unternehmen auf die Forschung und Fertigung von Hydrauliktechnologie und hat sich erfolgreich von einer vielf\u00e4ltigen Produktpalette, die Ernte- und Baumaschinen umfasste, auf die Spezialisierung auf landwirtschaftliche Traktorkomponenten spezialisiert. Mit \u00fcber einem Jahrzehnt Erfahrung in Fertigung und Management gew\u00e4hrleistet FMP durch fortschrittliche Produktionstechniken qualitativ hochwertige Produkte.<\/p>\n<p>Im Laufe der Entwicklung des Unternehmens wurden umfassende Fertigungslinien f\u00fcr die maschinelle Bearbeitung, Montagelinien und Beschichtungslinien entwickelt. Unser Team besteht aus qualifizierten F\u00fchrungskr\u00e4ften, erfahrenen Maschinenbauern und hochqualifizierten Technikern, die gemeinsam f\u00fcr eine stabile Produktionsqualit\u00e4t sorgen und gleichzeitig die Prozesskontinuit\u00e4t und -effizienz effektiv steuern.<\/p>\n<p>FMP vertritt die Philosophie \u201eTechnologische Innovation treibt Fortschritt voran, Qualit\u00e4t schafft Marken, Handwerkskunst sichert Qualit\u00e4t und baut langfristige Win-Win-Beziehungen auf.\u201c Unser Engagement f\u00fcr die Bereitstellung hochwertiger Produkte und eines hervorragenden Kundendienstes bleibt ein zentrales Ziel, w\u00e4hrend wir weiterhin den sich entwickelnden Anforderungen des Marktes gerecht werden.<\/p>\n<p><img loading=\"lazy\" decoding=\"async\" class=\"alignnone size-full wp-image-426\" src=\"https:\/\/fmp-components.com\/wp-content\/uploads\/2024\/12\/Sanitation-Machinery-Locking-Hydraulic-Cylinder-factory.webp\" sizes=\"(min-width: 0px) and (max-width: 480px) 480px, (min-width: 481px) and (max-width: 980px) 980px, (min-width: 981px) and (max-width: 1280px) 1280px, (min-width: 1281px) 1414px, 100vw\" srcset=\"https:\/\/fmp-components.com\/wp-content\/uploads\/2024\/12\/Sanitation-Machinery-Locking-Hydraulic-Cylinder-factory.webp 1414w, https:\/\/fmp-components.com\/wp-content\/uploads\/2024\/12\/Sanitation-Machinery-Locking-Hydraulic-Cylinder-factory-1280x529.webp 1280w, https:\/\/fmp-components.com\/wp-content\/uploads\/2024\/12\/Sanitation-Machinery-Locking-Hydraulic-Cylinder-factory-980x405.webp 980w, https:\/\/fmp-components.com\/wp-content\/uploads\/2024\/12\/Sanitation-Machinery-Locking-Hydraulic-Cylinder-factory-480x198.webp 480w\" alt=\"Sanit\u00e4r-Maschinen-Verriegelung-Hydraulik-Zylinder-Fabrik\" width=\"1414\" height=\"584\" title=\"\"><\/p>\n<p>Autor: CX<\/p>","protected":false},"excerpt":{"rendered":"<p>Der Hydraulikzylinder f\u00fcr Reachstacker ist eine wichtige Hydraulikkomponente, die die notwendige Hub- und Ausfahrkraft f\u00fcr den Ausleger des Reachstackers bereitstellt. Dieser Zylinder erm\u00f6glicht sanfte und pr\u00e4zise Bewegungen, sodass Bediener die Arme des Reachstackers effizient heben, senken und ausfahren k\u00f6nnen, um Container und schwere Lasten m\u00fchelos zu handhaben. Hergestellt aus hochfesten Materialien ist er f\u00fcr die Anforderungen des Schwerlastbetriebs in Logistik und Schifffahrt ausgelegt und gew\u00e4hrleistet Langlebigkeit und Zuverl\u00e4ssigkeit. Das fortschrittliche Hydraulikdesign erm\u00f6glicht schnelle Anpassungen und verbesserte Steuerung und verbessert so die Betriebseffizienz und Sicherheit beim Containerumschlag. Dieser Hydraulikzylinder ist unerl\u00e4sslich f\u00fcr die Leistungsoptimierung von Reachstackern und tr\u00e4gt ma\u00dfgeblich zu einem effektiven Frachtmanagement in H\u00e4fen und Lagern bei.<\/p>","protected":false},"featured_media":783,"comment_status":"open","ping_status":"closed","template":"","meta":{"_et_pb_use_builder":"","_et_pb_old_content":"","_et_gb_content_width":""},"product_brand":[],"product_cat":[28],"product_tag":[],"class_list":{"0":"post-774","1":"product","2":"type-product","3":"status-publish","4":"has-post-thumbnail","6":"product_cat-offshore-hydraulic-cylinders","8":"first","9":"instock","10":"shipping-taxable","11":"product-type-simple"},"_links":{"self":[{"href":"https:\/\/fmp-components.com\/de\/wp-json\/wp\/v2\/product\/774","targetHints":{"allow":["GET"]}}],"collection":[{"href":"https:\/\/fmp-components.com\/de\/wp-json\/wp\/v2\/product"}],"about":[{"href":"https:\/\/fmp-components.com\/de\/wp-json\/wp\/v2\/types\/product"}],"replies":[{"embeddable":true,"href":"https:\/\/fmp-components.com\/de\/wp-json\/wp\/v2\/comments?post=774"}],"wp:featuredmedia":[{"embeddable":true,"href":"https:\/\/fmp-components.com\/de\/wp-json\/wp\/v2\/media\/783"}],"wp:attachment":[{"href":"https:\/\/fmp-components.com\/de\/wp-json\/wp\/v2\/media?parent=774"}],"wp:term":[{"taxonomy":"product_brand","embeddable":true,"href":"https:\/\/fmp-components.com\/de\/wp-json\/wp\/v2\/product_brand?post=774"},{"taxonomy":"product_cat","embeddable":true,"href":"https:\/\/fmp-components.com\/de\/wp-json\/wp\/v2\/product_cat?post=774"},{"taxonomy":"product_tag","embeddable":true,"href":"https:\/\/fmp-components.com\/de\/wp-json\/wp\/v2\/product_tag?post=774"}],"curies":[{"name":"wp","href":"https:\/\/api.w.org\/{rel}","templated":true}]}}