{"id":7727,"date":"2025-04-03T06:15:43","date_gmt":"2025-04-03T06:15:43","guid":{"rendered":"https:\/\/fmp-components.com\/?post_type=product&#038;p=7727"},"modified":"2025-04-03T06:27:46","modified_gmt":"2025-04-03T06:27:46","slug":"planetary-ring-gear","status":"publish","type":"product","link":"https:\/\/fmp-components.com\/de\/product\/planetary-ring-gear\/","title":{"rendered":"Planetenringgetriebe"},"content":{"rendered":"<div>\n<h2>Premium-Planetenringe mit FMP in Italien<\/h2>\n<p class=\"break-words\">Wenn es um Pr\u00e4zisionstechnik und zuverl\u00e4ssige Maschinenkomponenten geht, ist ein Planetenzahnrad ein entscheidendes Element in unz\u00e4hligen Anwendungen, von Automobilsystemen bis hin zu Industrieanlagen. Wir bei FMP sind stolz darauf, ein f\u00fchrender Hersteller hochwertiger Planetenzahnr\u00e4der zu sein und beliefern Unternehmen und Industrien in ganz Italien, darunter St\u00e4dte wie Mailand, Venedig, Florenz und Bologna. Unser umfangreiches Sortiment an Planetenzahnr\u00e4dern ist auf unterschiedliche Leistungsanforderungen ausgelegt und gew\u00e4hrleistet Langlebigkeit, Effizienz und eine nahtlose Integration in Ihre Systeme.<\/p>\n<\/div>\n<h3>Spezifikation<\/h3>\n<table style=\"width: 100%;\" border=\"1\" width=\"100%\" cellspacing=\"0\" cellpadding=\"0\">\n<tbody>\n<tr style=\"height: 30.00pt;\">\n<td class=\"et2\" style=\"height: 30.00pt; width: 48.00pt;\" width=\"80\" height=\"50\">Modellnummer<\/td>\n<td class=\"et2\" style=\"width: 318.60pt;\" width=\"531\">M3, M4, M5, M8, M12 usw.<\/td>\n<\/tr>\n<tr style=\"height: 30.00pt;\">\n<td class=\"et2\" style=\"height: 30.00pt; width: 48.00pt;\" width=\"80\" height=\"50\">Material<\/td>\n<td class=\"et2\" style=\"width: 318.60pt;\" width=\"531\">Messing, C45-Stahl, Edelstahl, Kupfer, POM, Aluminium, Legierung usw.<\/td>\n<\/tr>\n<tr style=\"height: 30.00pt;\">\n<td class=\"et2\" style=\"height: 60.00pt; width: 48.00pt;\" rowspan=\"2\" width=\"80\" height=\"100\">Oberfl\u00e4chenbehandlung<\/td>\n<td class=\"et2\" style=\"width: 318.60pt;\" width=\"531\">Verzinkt, vernickelt, Passivierung, Oxidation, Eloxierung,<\/td>\n<\/tr>\n<tr style=\"height: 30.00pt;\">\n<td class=\"et2\" style=\"width: 318.60pt;\" width=\"531\">Geomet, Dacromet, Schwarzoxid, Phosphatieren, Pulverbeschichten und Elektrophorese<\/td>\n<\/tr>\n<tr style=\"height: 30.00pt;\">\n<td class=\"et2\" style=\"height: 30.00pt; width: 48.00pt;\" width=\"80\" height=\"50\">Standard<\/td>\n<td class=\"et2\" style=\"width: 318.60pt;\" width=\"531\">ISO, DIN, ANSI, JIS, BS und Nicht-Standard.<\/td>\n<\/tr>\n<tr style=\"height: 30.00pt;\">\n<td class=\"et2\" style=\"height: 30.00pt; width: 48.00pt;\" width=\"80\" height=\"50\">Pr\u00e4zision<\/td>\n<td class=\"et2\" style=\"width: 318.60pt;\" width=\"531\">DIN6, DIN7, DIN8, DIN9.<\/td>\n<\/tr>\n<tr style=\"height: 45.00pt;\">\n<td class=\"et2\" style=\"height: 45.00pt; width: 48.00pt;\" width=\"80\" height=\"75\">Zahnbehandlung<\/td>\n<td class=\"et2\" style=\"width: 318.60pt;\" width=\"531\">Geh\u00e4rtet, gefr\u00e4st oder geschliffen<\/td>\n<\/tr>\n<tr style=\"height: 30.00pt;\">\n<td class=\"et2\" style=\"height: 30.00pt; width: 48.00pt;\" width=\"80\" height=\"50\">Toleranz<\/td>\n<td class=\"et2\" style=\"width: 318.60pt;\" width=\"531\">0,001 mm \u2013 0,01 mm \u2013 0,1 mm<\/td>\n<\/tr>\n<tr style=\"height: 30.00pt;\">\n<td class=\"et2\" style=\"height: 30.00pt; width: 48.00pt;\" width=\"80\" height=\"50\">Beenden<\/td>\n<td class=\"et2\" style=\"width: 318.60pt;\" width=\"531\">Kugelstrahlen\/Sandstrahlen, W\u00e4rmebehandlung, Gl\u00fchen, Anlassen, Polieren, Eloxieren, Verzinken<\/td>\n<\/tr>\n<tr style=\"height: 30.00pt;\">\n<td class=\"et2\" style=\"height: 30.00pt; width: 48.00pt;\" width=\"80\" height=\"50\">Artikelverpackung<\/td>\n<td class=\"et2\" style=\"width: 318.60pt;\" width=\"531\">Plastikt\u00fcte + Kartons oder Holzverpackung<\/td>\n<\/tr>\n<tr style=\"height: 15.00pt;\">\n<td class=\"et2\" style=\"height: 30.00pt; width: 48.00pt;\" rowspan=\"2\" width=\"80\" height=\"50\">Proben<\/td>\n<td class=\"et2\" style=\"width: 318.60pt;\" width=\"531\">Beispielpreisspanne von $2 bis $100.<\/td>\n<\/tr>\n<tr style=\"height: 15.00pt;\">\n<td class=\"et2\" style=\"width: 318.60pt;\" width=\"531\">Beispiel f\u00fcr eine Expressanfrage, die von Kunden bezahlt wird<\/td>\n<\/tr>\n<tr style=\"height: 15.00pt;\">\n<td class=\"et2\" style=\"height: 135.00pt; width: 48.00pt;\" rowspan=\"8\" width=\"80\" height=\"225\">Anwendung<\/td>\n<td class=\"et2\" style=\"width: 318.60pt;\" width=\"531\">1. Automatische Steuerungsmaschine<\/td>\n<\/tr>\n<tr style=\"height: 15.00pt;\">\n<td class=\"et2\" style=\"width: 318.60pt;\" width=\"531\">2. Halbleiterindustrie<\/td>\n<\/tr>\n<tr style=\"height: 15.00pt;\">\n<td class=\"et2\" style=\"width: 318.60pt;\" width=\"531\">3. Allgemeine Industriemaschinen<\/td>\n<\/tr>\n<tr style=\"height: 15.00pt;\">\n<td class=\"et2\" style=\"width: 318.60pt;\" width=\"531\">4. Medizinische Ger\u00e4te<\/td>\n<\/tr>\n<tr style=\"height: 15.00pt;\">\n<td class=\"et2\" style=\"width: 318.60pt;\" width=\"531\">5. Solarenergieausr\u00fcstung<\/td>\n<\/tr>\n<tr style=\"height: 15.00pt;\">\n<td class=\"et2\" style=\"width: 318.60pt;\" width=\"531\">6. Werkzeugmaschine<\/td>\n<\/tr>\n<tr style=\"height: 15.00pt;\">\n<td class=\"et2\" style=\"width: 318.60pt;\" width=\"531\">7. Parksystem<\/td>\n<\/tr>\n<tr style=\"height: 30.00pt;\">\n<td class=\"et2\" style=\"width: 318.60pt;\" width=\"531\">8. Hochgeschwindigkeits-Schienen- und Flugtransportausr\u00fcstung usw.<\/td>\n<\/tr>\n<\/tbody>\n<\/table>\n<div>\n<h4>Warum sollten Sie sich bei Planetenringgetrieben f\u00fcr FMP entscheiden?<\/h4>\n<p class=\"break-words\">FMP mit Sitz im Herzen Italiens ist auf die Herstellung verschiedener Arten von Planetengetrieben spezialisiert, die auf Ihre spezifischen Anforderungen zugeschnitten sind. Ob Sie in Mailand Komponenten f\u00fcr die moderne Fertigung suchen, in Venedig an Schiffsbauprojekten arbeiten, in Florenz Automatisierungssysteme verbessern oder in Bologna Automobildesigns modernisieren \u2013 wir haben das Richtige f\u00fcr Sie. Unsere Produkte werden pr\u00e4zise gefertigt und halten h\u00e4rtesten Bedingungen stand, was sie zur ersten Wahl f\u00fcr die italienische Industrie macht.<\/p>\n<p class=\"break-words\">\u00dcber unser Standardangebot hinaus bieten wir auch kundenspezifische Planetenzahnr\u00e4der nach Ihren individuellen Anforderungen an. Wir bei FMP wissen, dass jedes Projekt anders ist. Unser Team aus erfahrenen Ingenieuren arbeitet gerne mit Ihnen zusammen, um die perfekte L\u00f6sung zu entwickeln. Von der Materialauswahl bis zur Zahnraddimensionierung stellen wir sicher, dass Ihr individuelles Zahnrad in Ihrer Anwendung einwandfrei funktioniert.<\/p>\n<\/div>\n<table style=\"width: 99.375%; height: 49px;\" border=\"0\" width=\"240\" cellspacing=\"0\" cellpadding=\"0\">\n<tbody>\n<tr>\n<td width=\"80\" height=\"24\">\u00a0\u00a0<img loading=\"lazy\" decoding=\"async\" class=\"size-full wp-image-7731 aligncenter\" src=\"https:\/\/fmp-components.com\/wp-content\/uploads\/2025\/04\/Internal-Spur-Gear-Rings-3.webp\" alt=\"Innenstirnradkr\u00e4nze\" width=\"600\" height=\"600\" title=\"\" srcset=\"https:\/\/fmp-components.com\/wp-content\/uploads\/2025\/04\/Internal-Spur-Gear-Rings-3.webp 600w, https:\/\/fmp-components.com\/wp-content\/uploads\/2025\/04\/Internal-Spur-Gear-Rings-3-480x480.webp 480w\" sizes=\"(min-width: 0px) and (max-width: 480px) 480px, (min-width: 481px) 600px, 100vw\" \/><\/td>\n<td width=\"80\"><img loading=\"lazy\" decoding=\"async\" class=\"size-full wp-image-7729 aligncenter\" src=\"https:\/\/fmp-components.com\/wp-content\/uploads\/2025\/04\/Internal-Spur-Gear-Rings-1.webp\" alt=\"Innenstirnradkr\u00e4nze\" width=\"600\" height=\"600\" title=\"\" srcset=\"https:\/\/fmp-components.com\/wp-content\/uploads\/2025\/04\/Internal-Spur-Gear-Rings-1.webp 600w, https:\/\/fmp-components.com\/wp-content\/uploads\/2025\/04\/Internal-Spur-Gear-Rings-1-480x480.webp 480w\" sizes=\"(min-width: 0px) and (max-width: 480px) 480px, (min-width: 481px) 600px, 100vw\" \/><\/td>\n<td width=\"80\"><strong><img loading=\"lazy\" decoding=\"async\" class=\"size-full wp-image-7730 aligncenter\" src=\"https:\/\/fmp-components.com\/wp-content\/uploads\/2025\/04\/Internal-Spur-Gear-Rings-4.webp\" alt=\"Innenstirnradkr\u00e4nze\" width=\"1024\" height=\"1024\" title=\"\" srcset=\"https:\/\/fmp-components.com\/wp-content\/uploads\/2025\/04\/Internal-Spur-Gear-Rings-4.webp 1024w, https:\/\/fmp-components.com\/wp-content\/uploads\/2025\/04\/Internal-Spur-Gear-Rings-4-980x980.webp 980w, https:\/\/fmp-components.com\/wp-content\/uploads\/2025\/04\/Internal-Spur-Gear-Rings-4-480x480.webp 480w\" sizes=\"(min-width: 0px) and (max-width: 480px) 480px, (min-width: 481px) and (max-width: 980px) 980px, (min-width: 981px) 1024px, 100vw\" \/><\/strong><\/td>\n<\/tr>\n<\/tbody>\n<\/table>\n<p>&nbsp;<\/p>","protected":false},"excerpt":{"rendered":"<p>Premium Planetary Ring Gears with FMP in Italy When it comes to precision engineering and reliable machinery components, a planetary ring gear is a critical element in countless applications, from automotive systems to industrial equipment. At FMP, we take pride in being a leading manufacturer of high-quality planetary ring gears, serving businesses and industries across [&hellip;]<\/p>","protected":false},"featured_media":7729,"comment_status":"open","ping_status":"closed","template":"","meta":{"_et_pb_use_builder":"","_et_pb_old_content":"","_et_gb_content_width":""},"product_brand":[],"product_cat":[113],"product_tag":[],"class_list":{"0":"post-7727","1":"product","2":"type-product","3":"status-publish","4":"has-post-thumbnail","6":"product_cat-planetary-gear","8":"first","9":"instock","10":"shipping-taxable","11":"product-type-simple"},"_links":{"self":[{"href":"https:\/\/fmp-components.com\/de\/wp-json\/wp\/v2\/product\/7727","targetHints":{"allow":["GET"]}}],"collection":[{"href":"https:\/\/fmp-components.com\/de\/wp-json\/wp\/v2\/product"}],"about":[{"href":"https:\/\/fmp-components.com\/de\/wp-json\/wp\/v2\/types\/product"}],"replies":[{"embeddable":true,"href":"https:\/\/fmp-components.com\/de\/wp-json\/wp\/v2\/comments?post=7727"}],"wp:featuredmedia":[{"embeddable":true,"href":"https:\/\/fmp-components.com\/de\/wp-json\/wp\/v2\/media\/7729"}],"wp:attachment":[{"href":"https:\/\/fmp-components.com\/de\/wp-json\/wp\/v2\/media?parent=7727"}],"wp:term":[{"taxonomy":"product_brand","embeddable":true,"href":"https:\/\/fmp-components.com\/de\/wp-json\/wp\/v2\/product_brand?post=7727"},{"taxonomy":"product_cat","embeddable":true,"href":"https:\/\/fmp-components.com\/de\/wp-json\/wp\/v2\/product_cat?post=7727"},{"taxonomy":"product_tag","embeddable":true,"href":"https:\/\/fmp-components.com\/de\/wp-json\/wp\/v2\/product_tag?post=7727"}],"curies":[{"name":"wp","href":"https:\/\/api.w.org\/{rel}","templated":true}]}}