{"id":7722,"date":"2025-04-03T06:11:33","date_gmt":"2025-04-03T06:11:33","guid":{"rendered":"https:\/\/fmp-components.com\/?post_type=product&#038;p=7722"},"modified":"2025-04-03T06:11:33","modified_gmt":"2025-04-03T06:11:33","slug":"internal-planetary-gear-kit","status":"publish","type":"product","link":"https:\/\/fmp-components.com\/de\/product\/internal-planetary-gear-kit\/","title":{"rendered":"Interner Planetengetriebesatz"},"content":{"rendered":"<p>Ein Innenplanetengetriebe ist ein kompaktes mechanisches System, bestehend aus einem zentralen Sonnenrad, umgebenden Planetenr\u00e4dern und einem \u00e4u\u00dferen Hohlrad, das f\u00fcr die effiziente \u00dcbertragung von Drehmoment und die Drehzahlregelung in Maschinen wie Getrieben oder Motoren entwickelt wurde.<\/p>\n<h2>Spezifikation<\/h2>\n<table style=\"width: 100%;\" border=\"1\" width=\"100%\" cellspacing=\"0\" cellpadding=\"0\">\n<tbody>\n<tr style=\"height: 30.00pt;\">\n<td class=\"et2\" style=\"height: 30.00pt; width: 48.00pt;\" width=\"80\" height=\"50\">Modellnummer<\/td>\n<td class=\"et2\" style=\"width: 318.60pt;\" width=\"531\">M3, M4, M5, M8, M12 usw.<\/td>\n<\/tr>\n<tr style=\"height: 30.00pt;\">\n<td class=\"et2\" style=\"height: 30.00pt; width: 48.00pt;\" width=\"80\" height=\"50\">Material<\/td>\n<td class=\"et2\" style=\"width: 318.60pt;\" width=\"531\">Messing, C45-Stahl, Edelstahl, Kupfer, POM, Aluminium, Legierung usw.<\/td>\n<\/tr>\n<tr style=\"height: 30.00pt;\">\n<td class=\"et2\" style=\"height: 60.00pt; width: 48.00pt;\" rowspan=\"2\" width=\"80\" height=\"100\">Oberfl\u00e4chenbehandlung<\/td>\n<td class=\"et2\" style=\"width: 318.60pt;\" width=\"531\">Verzinkt, vernickelt, Passivierung, Oxidation, Eloxierung,<\/td>\n<\/tr>\n<tr style=\"height: 30.00pt;\">\n<td class=\"et2\" style=\"width: 318.60pt;\" width=\"531\">Geomet, Dacromet, Schwarzoxid, Phosphatieren, Pulverbeschichten und Elektrophorese<\/td>\n<\/tr>\n<tr style=\"height: 30.00pt;\">\n<td class=\"et2\" style=\"height: 30.00pt; width: 48.00pt;\" width=\"80\" height=\"50\">Standard<\/td>\n<td class=\"et2\" style=\"width: 318.60pt;\" width=\"531\">ISO, DIN, ANSI, JIS, BS und Nicht-Standard.<\/td>\n<\/tr>\n<tr style=\"height: 30.00pt;\">\n<td class=\"et2\" style=\"height: 30.00pt; width: 48.00pt;\" width=\"80\" height=\"50\">Pr\u00e4zision<\/td>\n<td class=\"et2\" style=\"width: 318.60pt;\" width=\"531\">DIN6, DIN7, DIN8, DIN9.<\/td>\n<\/tr>\n<tr style=\"height: 45.00pt;\">\n<td class=\"et2\" style=\"height: 45.00pt; width: 48.00pt;\" width=\"80\" height=\"75\">Zahnbehandlung<\/td>\n<td class=\"et2\" style=\"width: 318.60pt;\" width=\"531\">Geh\u00e4rtet, gefr\u00e4st oder geschliffen<\/td>\n<\/tr>\n<tr style=\"height: 30.00pt;\">\n<td class=\"et2\" style=\"height: 30.00pt; width: 48.00pt;\" width=\"80\" height=\"50\">Toleranz<\/td>\n<td class=\"et2\" style=\"width: 318.60pt;\" width=\"531\">0,001 mm \u2013 0,01 mm \u2013 0,1 mm<\/td>\n<\/tr>\n<tr style=\"height: 30.00pt;\">\n<td class=\"et2\" style=\"height: 30.00pt; width: 48.00pt;\" width=\"80\" height=\"50\">Beenden<\/td>\n<td class=\"et2\" style=\"width: 318.60pt;\" width=\"531\">Kugelstrahlen\/Sandstrahlen, W\u00e4rmebehandlung, Gl\u00fchen, Anlassen, Polieren, Eloxieren, Verzinken<\/td>\n<\/tr>\n<tr style=\"height: 30.00pt;\">\n<td class=\"et2\" style=\"height: 30.00pt; width: 48.00pt;\" width=\"80\" height=\"50\">Artikelverpackung<\/td>\n<td class=\"et2\" style=\"width: 318.60pt;\" width=\"531\">Plastikt\u00fcte + Kartons oder Holzverpackung<\/td>\n<\/tr>\n<tr style=\"height: 15.00pt;\">\n<td class=\"et2\" style=\"height: 30.00pt; width: 48.00pt;\" rowspan=\"2\" width=\"80\" height=\"50\">Proben<\/td>\n<td class=\"et2\" style=\"width: 318.60pt;\" width=\"531\">Beispielpreisspanne von $2 bis $100.<\/td>\n<\/tr>\n<tr style=\"height: 15.00pt;\">\n<td class=\"et2\" style=\"width: 318.60pt;\" width=\"531\">Beispiel f\u00fcr eine Expressanfrage, die von Kunden bezahlt wird<\/td>\n<\/tr>\n<tr style=\"height: 15.00pt;\">\n<td class=\"et2\" style=\"height: 135.00pt; width: 48.00pt;\" rowspan=\"8\" width=\"80\" height=\"225\">Anwendung<\/td>\n<td class=\"et2\" style=\"width: 318.60pt;\" width=\"531\">1. Automatische Steuerungsmaschine<\/td>\n<\/tr>\n<tr style=\"height: 15.00pt;\">\n<td class=\"et2\" style=\"width: 318.60pt;\" width=\"531\">2. Halbleiterindustrie<\/td>\n<\/tr>\n<tr style=\"height: 15.00pt;\">\n<td class=\"et2\" style=\"width: 318.60pt;\" width=\"531\">3. Allgemeine Industriemaschinen<\/td>\n<\/tr>\n<tr style=\"height: 15.00pt;\">\n<td class=\"et2\" style=\"width: 318.60pt;\" width=\"531\">4. Medizinische Ger\u00e4te<\/td>\n<\/tr>\n<tr style=\"height: 15.00pt;\">\n<td class=\"et2\" style=\"width: 318.60pt;\" width=\"531\">5. Solarenergieausr\u00fcstung<\/td>\n<\/tr>\n<tr style=\"height: 15.00pt;\">\n<td class=\"et2\" style=\"width: 318.60pt;\" width=\"531\">6. Werkzeugmaschine<\/td>\n<\/tr>\n<tr style=\"height: 15.00pt;\">\n<td class=\"et2\" style=\"width: 318.60pt;\" width=\"531\">7. Parksystem<\/td>\n<\/tr>\n<tr style=\"height: 30.00pt;\">\n<td class=\"et2\" style=\"width: 318.60pt;\" width=\"531\">8. Hochgeschwindigkeits-Schienen- und Flugtransportausr\u00fcstung usw.<\/td>\n<\/tr>\n<\/tbody>\n<\/table>\n<h2>\u00dcber FMP<\/h2>\n<p>Wir bei FMP sind auf die Herstellung einer breiten Palette von Planetenrads\u00e4tzen spezialisiert, die f\u00fcr au\u00dfergew\u00f6hnliche Drehmomente und Pr\u00e4zision in verschiedenen industriellen Anwendungen entwickelt wurden. Ob in Mailand, Venedig, Florenz oder Bologna \u2013 unsere Produkte decken vielf\u00e4ltige Bed\u00fcrfnisse ab, von Standardmodellen bis hin zu vollst\u00e4ndig kundenspezifischen L\u00f6sungen. Als f\u00fchrender Anbieter mit Sitz in Italien sind wir stolz darauf, ma\u00dfgeschneiderte Optionen anzubieten, die Ihren spezifischen Anforderungen entsprechen. Sollten Sie das gew\u00fcnschte Modell nicht in unserer Produktliste finden \u2013 keine Sorge! Es ist m\u00f6glicherweise noch nicht verf\u00fcgbar. Senden Sie uns einfach eine E-Mail mit Ihren Anforderungen, und unsere erfahrenen Ingenieure werden Ihnen innerhalb von 24 Stunden eine ma\u00dfgeschneiderte L\u00f6sung pr\u00e4sentieren.<\/p>\n<table style=\"width: 101%; height: 98px;\" border=\"0\" width=\"240\" cellspacing=\"0\" cellpadding=\"0\">\n<tbody>\n<tr>\n<td width=\"80\" height=\"24\"><img loading=\"lazy\" decoding=\"async\" class=\"size-full wp-image-7726 aligncenter\" src=\"https:\/\/fmp-components.com\/wp-content\/uploads\/2025\/04\/planetary-gear-set-kit-1.webp\" alt=\"Planetengetriebe-Bausatz\" width=\"1024\" height=\"1024\" title=\"\" srcset=\"https:\/\/fmp-components.com\/wp-content\/uploads\/2025\/04\/planetary-gear-set-kit-1.webp 1024w, https:\/\/fmp-components.com\/wp-content\/uploads\/2025\/04\/planetary-gear-set-kit-1-980x980.webp 980w, https:\/\/fmp-components.com\/wp-content\/uploads\/2025\/04\/planetary-gear-set-kit-1-480x480.webp 480w\" sizes=\"(min-width: 0px) and (max-width: 480px) 480px, (min-width: 481px) and (max-width: 980px) 980px, (min-width: 981px) 1024px, 100vw\" \/><\/td>\n<td width=\"80\"><img loading=\"lazy\" decoding=\"async\" class=\"size-full wp-image-7725 aligncenter\" src=\"https:\/\/fmp-components.com\/wp-content\/uploads\/2025\/04\/planetary-gear-set-kit-3.webp\" alt=\"Planetengetriebe-Bausatz\" width=\"1024\" height=\"1024\" title=\"\" srcset=\"https:\/\/fmp-components.com\/wp-content\/uploads\/2025\/04\/planetary-gear-set-kit-3.webp 1024w, https:\/\/fmp-components.com\/wp-content\/uploads\/2025\/04\/planetary-gear-set-kit-3-980x980.webp 980w, https:\/\/fmp-components.com\/wp-content\/uploads\/2025\/04\/planetary-gear-set-kit-3-480x480.webp 480w\" sizes=\"(min-width: 0px) and (max-width: 480px) 480px, (min-width: 481px) and (max-width: 980px) 980px, (min-width: 981px) 1024px, 100vw\" \/><\/td>\n<td width=\"80\"><strong><img loading=\"lazy\" decoding=\"async\" class=\"size-full wp-image-7724 aligncenter\" src=\"https:\/\/fmp-components.com\/wp-content\/uploads\/2025\/04\/planetary-gear-set-kit-2.webp\" alt=\"Planetengetriebe-Bausatz\" width=\"1024\" height=\"1024\" title=\"\" srcset=\"https:\/\/fmp-components.com\/wp-content\/uploads\/2025\/04\/planetary-gear-set-kit-2.webp 1024w, https:\/\/fmp-components.com\/wp-content\/uploads\/2025\/04\/planetary-gear-set-kit-2-980x980.webp 980w, https:\/\/fmp-components.com\/wp-content\/uploads\/2025\/04\/planetary-gear-set-kit-2-480x480.webp 480w\" sizes=\"(min-width: 0px) and (max-width: 480px) 480px, (min-width: 481px) and (max-width: 980px) 980px, (min-width: 981px) 1024px, 100vw\" \/><\/strong><\/td>\n<\/tr>\n<\/tbody>\n<\/table>","protected":false},"excerpt":{"rendered":"<p>An internal planetary gear kit is a compact mechanical system consisting of a central sun gear, surrounding planet gears, and an outer ring gear, designed to efficiently transmit torque and adjust speed in machinery like transmissions or motors. Specification Model Number M3,M4,M5,M8,M12 and etc. Material Brass, C45 steel, Stainless steel, Copper, POM, Aluminum, Alloy, and [&hellip;]<\/p>","protected":false},"featured_media":7725,"comment_status":"open","ping_status":"closed","template":"","meta":{"_et_pb_use_builder":"","_et_pb_old_content":"","_et_gb_content_width":""},"product_brand":[],"product_cat":[113],"product_tag":[],"class_list":{"0":"post-7722","1":"product","2":"type-product","3":"status-publish","4":"has-post-thumbnail","6":"product_cat-planetary-gear","8":"first","9":"instock","10":"shipping-taxable","11":"product-type-simple"},"_links":{"self":[{"href":"https:\/\/fmp-components.com\/de\/wp-json\/wp\/v2\/product\/7722","targetHints":{"allow":["GET"]}}],"collection":[{"href":"https:\/\/fmp-components.com\/de\/wp-json\/wp\/v2\/product"}],"about":[{"href":"https:\/\/fmp-components.com\/de\/wp-json\/wp\/v2\/types\/product"}],"replies":[{"embeddable":true,"href":"https:\/\/fmp-components.com\/de\/wp-json\/wp\/v2\/comments?post=7722"}],"wp:featuredmedia":[{"embeddable":true,"href":"https:\/\/fmp-components.com\/de\/wp-json\/wp\/v2\/media\/7725"}],"wp:attachment":[{"href":"https:\/\/fmp-components.com\/de\/wp-json\/wp\/v2\/media?parent=7722"}],"wp:term":[{"taxonomy":"product_brand","embeddable":true,"href":"https:\/\/fmp-components.com\/de\/wp-json\/wp\/v2\/product_brand?post=7722"},{"taxonomy":"product_cat","embeddable":true,"href":"https:\/\/fmp-components.com\/de\/wp-json\/wp\/v2\/product_cat?post=7722"},{"taxonomy":"product_tag","embeddable":true,"href":"https:\/\/fmp-components.com\/de\/wp-json\/wp\/v2\/product_tag?post=7722"}],"curies":[{"name":"wp","href":"https:\/\/api.w.org\/{rel}","templated":true}]}}