{"id":7721,"date":"2025-04-03T05:48:55","date_gmt":"2025-04-03T05:48:55","guid":{"rendered":"https:\/\/fmp-components.com\/?post_type=product&#038;p=7721"},"modified":"2025-04-03T05:54:27","modified_gmt":"2025-04-03T05:54:27","slug":"internal-planetary-gear","status":"publish","type":"product","link":"https:\/\/fmp-components.com\/de\/product\/internal-planetary-gear\/","title":{"rendered":"Internes Planetengetriebe"},"content":{"rendered":"<h2>Innenplanetengetriebe: Pr\u00e4zision und Leistung von FMP<\/h2>\n<p>Innenplanetengetriebe, ein wesentlicher Bestandteil von Planetengetrieben, sind bekannt f\u00fcr ihre F\u00e4higkeit, hohe Drehmomente und pr\u00e4zise Drehzahlreduzierungen in kompakter Bauweise zu erm\u00f6glichen. Diese Systeme bestehen aus einem zentralen Sonnenrad, umlaufenden Planetenr\u00e4dern und einem Hohlrad, das mit den Planetenr\u00e4dern in Eingriff steht. Diese einzigartige Konfiguration macht Innenplanetengetriebe f\u00fcr Industriezweige in ganz Italien unverzichtbar \u2013 von den Automobilwerkst\u00e4tten in Mailand bis zu den Maschinenbauzentren in Bologna. Wir bei FMP sind auf die Fertigung dieser fortschrittlichen Getriebesysteme spezialisiert und bieten ma\u00dfgeschneiderte L\u00f6sungen f\u00fcr die vielf\u00e4ltigen Bed\u00fcrfnisse unserer Kunden.<\/p>\n<div>\n<h3>Was sind interne Planetengetriebe?<\/h3>\n<p class=\"break-words\">Ein internes Planetengetriebe besteht aus:<\/p>\n<ul class=\"marker:text-secondary\">\n<li class=\"break-words\"><strong>Sun Gear<\/strong>Das zentrale Zahnrad, das den Mechanismus antreibt.<\/li>\n<li class=\"break-words\"><strong>Planetenr\u00e4der<\/strong>: Zahnr\u00e4der, die das Sonnenrad umkreisen und durch einen Tr\u00e4ger miteinander verbunden sind.<\/li>\n<li class=\"break-words\"><strong>Innenzahnrad (Hohlrad)<\/strong>Ein Zahnrad mit Z\u00e4hnen an seiner Innenfl\u00e4che, das mit den Planetenr\u00e4dern k\u00e4mmt.<\/li>\n<\/ul>\n<p class=\"break-words\">Im Gegensatz zu Au\u00dfenverzahnungen erm\u00f6glicht die Innenverzahnung h\u00f6here Untersetzungsverh\u00e4ltnisse bei kleinerem Platzbedarf und ist daher ideal f\u00fcr Anwendungen, die Energie- und Platzeffizienz erfordern. Durch die Fixierung verschiedener Komponenten (wie z. B. des Innenzahnrads oder des Tr\u00e4gers) lassen sich unterschiedliche Untersetzungsverh\u00e4ltnisse realisieren, was Ingenieuren weltweit Flexibilit\u00e4t bietet.<\/p>\n<\/div>\n<h3>Spezifikation<\/h3>\n<table style=\"width: 100%;\" border=\"1\" width=\"100%\" cellspacing=\"0\" cellpadding=\"0\">\n<tbody>\n<tr>\n<td width=\"80\">Modellnummer<\/td>\n<td width=\"531\">M3, M4, M5, M8, M12 usw.<\/td>\n<\/tr>\n<tr>\n<td width=\"80\">Material<\/td>\n<td width=\"531\">Messing, C45-Stahl, Edelstahl, Kupfer, POM, Aluminium, Legierung usw.<\/td>\n<\/tr>\n<tr>\n<td rowspan=\"2\" width=\"80\">Oberfl\u00e4chenbehandlung<\/td>\n<td width=\"531\">Verzinkt, vernickelt, Passivierung, Oxidation, Eloxierung,<\/td>\n<\/tr>\n<tr>\n<td width=\"531\">Geomet, Dacromet, Schwarzoxid, Phosphatieren, Pulverbeschichten und Elektrophorese<\/td>\n<\/tr>\n<tr>\n<td width=\"80\">Standard<\/td>\n<td width=\"531\">ISO, DIN, ANSI, JIS, BS und Nicht-Standard.<\/td>\n<\/tr>\n<tr>\n<td width=\"80\">Pr\u00e4zision<\/td>\n<td width=\"531\">DIN6, DIN7, DIN8, DIN9.<\/td>\n<\/tr>\n<tr>\n<td width=\"80\">Zahnbehandlung<\/td>\n<td width=\"531\">Geh\u00e4rtet, gefr\u00e4st oder geschliffen<\/td>\n<\/tr>\n<tr>\n<td width=\"80\">Toleranz<\/td>\n<td width=\"531\">0,001 mm \u2013 0,01 mm \u2013 0,1 mm<\/td>\n<\/tr>\n<tr>\n<td width=\"80\">Beenden<\/td>\n<td width=\"531\">Kugelstrahlen\/Sandstrahlen, W\u00e4rmebehandlung, Gl\u00fchen, Anlassen, Polieren, Eloxieren, Verzinken<\/td>\n<\/tr>\n<tr>\n<td width=\"80\">Artikelverpackung<\/td>\n<td width=\"531\">Plastikt\u00fcte + Kartons oder Holzverpackung<\/td>\n<\/tr>\n<tr>\n<td width=\"80\">Produktionsvorlaufzeit<\/td>\n<td width=\"531\">20 Werktage f\u00fcr Muster, 25 Tage f\u00fcr die Masse<\/td>\n<\/tr>\n<tr>\n<td rowspan=\"8\" width=\"80\">Anwendung<\/td>\n<td width=\"531\">1. Automatische Steuerungsmaschine<\/td>\n<\/tr>\n<tr>\n<td width=\"531\">2. Halbleiterindustrie<\/td>\n<\/tr>\n<tr>\n<td width=\"531\">3. Allgemeine Industriemaschinen<\/td>\n<\/tr>\n<tr>\n<td width=\"531\">4. Medizinische Ger\u00e4te<\/td>\n<\/tr>\n<tr>\n<td width=\"531\">5. Solarenergieausr\u00fcstung<\/td>\n<\/tr>\n<tr>\n<td width=\"531\">6. Werkzeugmaschine<\/td>\n<\/tr>\n<tr>\n<td width=\"531\">7. Parksystem<\/td>\n<\/tr>\n<tr>\n<td width=\"531\">8. Hochgeschwindigkeits-Schienen- und Flugtransportausr\u00fcstung usw.<\/td>\n<\/tr>\n<\/tbody>\n<\/table>\n<div>\n<h3>Warum sollte man sich f\u00fcr innenliegende Planetengetriebe entscheiden?<\/h3>\n<p class=\"break-words\">Zu den Vorteilen von innenliegenden Planetengetrieben geh\u00f6ren:<\/p>\n<ul class=\"marker:text-secondary\">\n<li class=\"break-words\"><strong>Hohe Reduktionsraten<\/strong>: Erreicht durch die Interaktion des Innengetriebes mit den Planetenr\u00e4dern.<\/li>\n<li class=\"break-words\"><strong>Kompakte Gr\u00f6\u00dfe<\/strong>Ideal f\u00fcr Anwendungen mit begrenztem Platzangebot.<\/li>\n<li class=\"break-words\"><strong>Robustes Drehmoment<\/strong>Ideal f\u00fcr anspruchsvolle Aufgaben.<\/li>\n<li class=\"break-words\"><strong>Vielseitigkeit<\/strong>: Dank der anpassbaren Konfigurationen wird ein breites Spektrum an Bed\u00fcrfnissen abgedeckt.<\/li>\n<\/ul>\n<p class=\"break-words\">F\u00fcr Unternehmen im Mail\u00e4nder Automobilsektor oder in den Industriegebieten von Florenz bedeuten diese Vorteile eine gesteigerte Effizienz und Langlebigkeit.<\/p>\n<h2>FMP: Ihr Experte f\u00fcr Planetengetriebe in Italien<\/h2>\n<p class=\"break-words\">Wir bei FMP sind stolz darauf, ein f\u00fchrender Hersteller von Innenplanetengetrieben zu sein und Kunden von Venedig bis Bologna zu bedienen. Unser Angebot umfasst:<\/p>\n<ul class=\"marker:text-secondary\">\n<li class=\"break-words\"><strong>Vielf\u00e4ltiges Angebot<\/strong>Wir produzieren verschiedene Arten von Innenplanetengetrieben, von Standardausf\u00fchrungen bis hin zu komplexen Systemen.<\/li>\n<li class=\"break-words\"><strong>Anpassung<\/strong>Sie ben\u00f6tigen eine ma\u00dfgeschneiderte L\u00f6sung? Unsere Ingenieure k\u00f6nnen kundenspezifische Innenplanetengetriebe nach Ihren Vorgaben konstruieren und fertigen.<\/li>\n<li class=\"break-words\"><strong>Pr\u00e4zisionshandwerk<\/strong>Durch den Einsatz fortschrittlicher Technologien stellen wir sicher, dass jedes einzelne Ger\u00e4t strengen Qualit\u00e4tsstandards entspricht.<\/li>\n<\/ul>\n<table style=\"width: 100.875%; height: 89px;\" border=\"0\" width=\"240\" cellspacing=\"0\" cellpadding=\"0\">\n<tbody>\n<tr>\n<td width=\"80\" height=\"24\"><img loading=\"lazy\" decoding=\"async\" class=\"size-full wp-image-7717 aligncenter\" src=\"https:\/\/fmp-components.com\/wp-content\/uploads\/2025\/04\/Planetary-Gear-set-factory-2-scaled.webp\" sizes=\"(min-width: 0px) and (max-width: 480px) 480px, (min-width: 481px) and (max-width: 980px) 980px, (min-width: 981px) and (max-width: 1280px) 1280px, (min-width: 1281px) 2560px, 100vw\" srcset=\"https:\/\/fmp-components.com\/wp-content\/uploads\/2025\/04\/Planetary-Gear-set-factory-2-scaled.webp 2560w, https:\/\/fmp-components.com\/wp-content\/uploads\/2025\/04\/Planetary-Gear-set-factory-2-1280x1280.webp 1280w, https:\/\/fmp-components.com\/wp-content\/uploads\/2025\/04\/Planetary-Gear-set-factory-2-980x980.webp 980w, https:\/\/fmp-components.com\/wp-content\/uploads\/2025\/04\/Planetary-Gear-set-factory-2-480x480.webp 480w\" alt=\"\u884c\u661f\u9f7f\u8f6e\u7ec4\u5de5\u5382\" width=\"2560\" height=\"2560\" title=\"\"><\/td>\n<td width=\"80\"><img loading=\"lazy\" decoding=\"async\" class=\"size-full wp-image-7718 aligncenter\" src=\"https:\/\/fmp-components.com\/wp-content\/uploads\/2025\/04\/Planetary-Gear-set-factory-4.webp\" sizes=\"(min-width: 0px) and (max-width: 480px) 480px, (min-width: 481px) 600px, 100vw\" srcset=\"https:\/\/fmp-components.com\/wp-content\/uploads\/2025\/04\/Planetary-Gear-set-factory-4.webp 600w, https:\/\/fmp-components.com\/wp-content\/uploads\/2025\/04\/Planetary-Gear-set-factory-4-480x480.webp 480w\" alt=\"\u884c\u661f\u9f7f\u8f6e\u7ec4\u5de5\u5382\" width=\"600\" height=\"600\" title=\"\"><\/td>\n<td width=\"80\"><strong><img loading=\"lazy\" decoding=\"async\" class=\"size-full wp-image-7719 aligncenter\" src=\"https:\/\/fmp-components.com\/wp-content\/uploads\/2025\/04\/Planetary-Gear-set-factory-1-scaled.webp\" sizes=\"(min-width: 0px) and (max-width: 480px) 480px, (min-width: 481px) and (max-width: 980px) 980px, (min-width: 981px) and (max-width: 1280px) 1280px, (min-width: 1281px) 2560px, 100vw\" srcset=\"https:\/\/fmp-components.com\/wp-content\/uploads\/2025\/04\/Planetary-Gear-set-factory-1-scaled.webp 2560w, https:\/\/fmp-components.com\/wp-content\/uploads\/2025\/04\/Planetary-Gear-set-factory-1-1280x1280.webp 1280w, https:\/\/fmp-components.com\/wp-content\/uploads\/2025\/04\/Planetary-Gear-set-factory-1-980x980.webp 980w, https:\/\/fmp-components.com\/wp-content\/uploads\/2025\/04\/Planetary-Gear-set-factory-1-480x480.webp 480w\" alt=\"\u884c\u661f\u9f7f\u8f6e\u7ec4\u5de5\u5382\" width=\"2560\" height=\"2560\" title=\"\"><\/strong><\/td>\n<\/tr>\n<\/tbody>\n<\/table>\n<\/div>","protected":false},"excerpt":{"rendered":"<p>Internal Planetary Gears: Precision and Power by FMP Internal planetary gears, a vital component of planetary gear mechanisms, are renowned for their ability to deliver high torque and precise speed reduction in compact designs. These systems feature a central sun gear, orbiting planet gears, and an internal ring gear that meshes internally with the planet [&hellip;]<\/p>","protected":false},"featured_media":4625,"comment_status":"open","ping_status":"closed","template":"","meta":{"_et_pb_use_builder":"","_et_pb_old_content":"","_et_gb_content_width":""},"product_brand":[],"product_cat":[113],"product_tag":[],"class_list":{"0":"post-7721","1":"product","2":"type-product","3":"status-publish","4":"has-post-thumbnail","6":"product_cat-planetary-gear","8":"first","9":"instock","10":"shipping-taxable","11":"product-type-simple"},"_links":{"self":[{"href":"https:\/\/fmp-components.com\/de\/wp-json\/wp\/v2\/product\/7721","targetHints":{"allow":["GET"]}}],"collection":[{"href":"https:\/\/fmp-components.com\/de\/wp-json\/wp\/v2\/product"}],"about":[{"href":"https:\/\/fmp-components.com\/de\/wp-json\/wp\/v2\/types\/product"}],"replies":[{"embeddable":true,"href":"https:\/\/fmp-components.com\/de\/wp-json\/wp\/v2\/comments?post=7721"}],"wp:featuredmedia":[{"embeddable":true,"href":"https:\/\/fmp-components.com\/de\/wp-json\/wp\/v2\/media\/4625"}],"wp:attachment":[{"href":"https:\/\/fmp-components.com\/de\/wp-json\/wp\/v2\/media?parent=7721"}],"wp:term":[{"taxonomy":"product_brand","embeddable":true,"href":"https:\/\/fmp-components.com\/de\/wp-json\/wp\/v2\/product_brand?post=7721"},{"taxonomy":"product_cat","embeddable":true,"href":"https:\/\/fmp-components.com\/de\/wp-json\/wp\/v2\/product_cat?post=7721"},{"taxonomy":"product_tag","embeddable":true,"href":"https:\/\/fmp-components.com\/de\/wp-json\/wp\/v2\/product_tag?post=7721"}],"curies":[{"name":"wp","href":"https:\/\/api.w.org\/{rel}","templated":true}]}}