{"id":744,"date":"2024-12-18T05:28:55","date_gmt":"2024-12-18T05:28:55","guid":{"rendered":"https:\/\/fmp-components.com\/?page_id=8"},"modified":"2024-12-18T05:32:12","modified_gmt":"2024-12-18T05:32:12","slug":"drilling-platform-steel-wire-rope-tensioner-cylinder","status":"publish","type":"product","link":"https:\/\/fmp-components.com\/de\/product\/drilling-platform-steel-wire-rope-tensioner-cylinder\/","title":{"rendered":"Stahldrahtseilspannzylinder f\u00fcr Bohrplattformen"},"content":{"rendered":"<p style=\"text-align: center;\"><span style=\"font-size: 18pt;\">Stahldrahtseilspannzylinder f\u00fcr Bohrplattformen<\/span><\/p>\n<p>Der Stahldrahtseilspannzylinder f\u00fcr Bohrplattformen ist eine wichtige Hydraulikkomponente, die f\u00fcr die optimale Spannung der bei Bohranwendungen verwendeten Stahldrahtseile sorgt. Dieser Zylinder spielt eine entscheidende Rolle f\u00fcr die Sicherheit und Effizienz von Bohrvorg\u00e4ngen, indem er die notwendige Kraft zum Einstellen und Stabilisieren der Drahtseilspannung bereitstellt, die f\u00fcr die ordnungsgem\u00e4\u00dfe Funktion der Bohrausr\u00fcstung unerl\u00e4sslich ist.<\/p>\n<p><img loading=\"lazy\" decoding=\"async\" class=\"alignnone size-full wp-image-745\" src=\"https:\/\/fmp-components.com\/wp-content\/uploads\/2024\/12\/Drilling-Platform-Steel-Wire-Rope-Tensioner-Cylinder.webp\" alt=\"Bohrplattform-Stahldrahtseil-Spannzylinder\" width=\"1024\" height=\"607\" title=\"\" srcset=\"https:\/\/fmp-components.com\/wp-content\/uploads\/2024\/12\/Drilling-Platform-Steel-Wire-Rope-Tensioner-Cylinder.webp 1024w, https:\/\/fmp-components.com\/wp-content\/uploads\/2024\/12\/Drilling-Platform-Steel-Wire-Rope-Tensioner-Cylinder-980x581.webp 980w, https:\/\/fmp-components.com\/wp-content\/uploads\/2024\/12\/Drilling-Platform-Steel-Wire-Rope-Tensioner-Cylinder-480x285.webp 480w\" sizes=\"(min-width: 0px) and (max-width: 480px) 480px, (min-width: 481px) and (max-width: 980px) 980px, (min-width: 981px) 1024px, 100vw\" \/><\/p>\n<h4>Hauptmerkmale:<\/h4>\n<ul>\n<li><strong>Hohe Spannungskapazit\u00e4t:<\/strong> Dieser Zylinder ist f\u00fcr die Handhabung erheblicher Lasten ausgelegt und verwaltet die Spannung von Stahldrahtseilen effektiv, wodurch eine gleichbleibende Leistung unter anspruchsvollen Bedingungen gew\u00e4hrleistet wird.<\/li>\n<li><strong>Robuste Konstruktion:<\/strong> Der Spannzylinder besteht aus hochfesten Materialien und ist so konstruiert, dass er den rauen Umgebungen und hohen Dr\u00fccken standh\u00e4lt, die f\u00fcr Bohrvorg\u00e4nge typisch sind. Er bietet eine lange Lebensdauer und Zuverl\u00e4ssigkeit.<\/li>\n<li><strong>Reibungsloser Betrieb:<\/strong> Das fortschrittliche hydraulische Design erm\u00f6glicht sanfte und pr\u00e4zise Einstellungen und erleichtert so schnelle Spannungs\u00e4nderungen nach Bedarf w\u00e4hrend der Bohrarbeiten.<\/li>\n<li><strong>Sicherheitsmechanismen:<\/strong> Enth\u00e4lt Sicherheitsfunktionen, die eine \u00dcberspannung verhindern und einen sicheren Betrieb gew\u00e4hrleisten, wodurch die allgemeine Sicherheit der Bohrvorg\u00e4nge erh\u00f6ht wird.<\/li>\n<li><strong>Vielseitige Anwendung:<\/strong> Dieser Zylinder ist f\u00fcr eine Vielzahl von Bohrplattformen geeignet und kann an unterschiedliche Betriebsanforderungen angepasst werden. Damit ist er eine vielseitige Wahl f\u00fcr verschiedene Bohrumgebungen.<\/li>\n<li><strong>Geringer Wartungsaufwand:<\/strong> Es ist auf minimalen Verschlei\u00df ausgelegt, reduziert den Wartungsbedarf und Betriebsausfallzeiten und tr\u00e4gt so zu einer h\u00f6heren Produktivit\u00e4t bei.<\/li>\n<\/ul>\n<p>Zusammenfassend l\u00e4sst sich sagen, dass der Stahldrahtseilspannzylinder f\u00fcr Bohrplattformen unverzichtbar ist, um die Leistung und Sicherheit von Bohrvorg\u00e4ngen zu optimieren und die Effektivit\u00e4t und Zuverl\u00e4ssigkeit von Bohrplattformen im Feld deutlich zu verbessern.<\/p>\n<h2>Stahldrahtseilspannzylinder f\u00fcr Bohrplattformen<\/h2>\n<p><img loading=\"lazy\" decoding=\"async\" class=\"size-full wp-image-749 aligncenter\" src=\"https:\/\/fmp-components.com\/wp-content\/uploads\/2024\/12\/Drilling-Platform-Steel-Wire-Rope-Tensioner-Cylinder-1-1.webp\" alt=\"Bohrplattform-Stahldrahtseil-Spannzylinder\" width=\"600\" height=\"600\" title=\"\" srcset=\"https:\/\/fmp-components.com\/wp-content\/uploads\/2024\/12\/Drilling-Platform-Steel-Wire-Rope-Tensioner-Cylinder-1-1.webp 600w, https:\/\/fmp-components.com\/wp-content\/uploads\/2024\/12\/Drilling-Platform-Steel-Wire-Rope-Tensioner-Cylinder-1-1-480x480.webp 480w\" sizes=\"(min-width: 0px) and (max-width: 480px) 480px, (min-width: 481px) 600px, 100vw\" \/><\/p>\n<table style=\"width: 96.3174%; height: 185px;\" border=\"1\" cellspacing=\"0\" cellpadding=\"0\">\n<tbody>\n<tr>\n<td>Produktname<\/td>\n<td>Stahldrahtseilspannzylinder f\u00fcr Bohrplattformen<\/td>\n<\/tr>\n<tr>\n<td>Merkmale:<\/td>\n<td>Bietet Schubkraft und sorgt f\u00fcr Spannung am Drahtseil durch die Rolle<\/td>\n<\/tr>\n<tr>\n<td>Bohrungsdurchmesser:<\/td>\n<td>Bis zu 620 mm<\/td>\n<\/tr>\n<tr>\n<td>Stangendurchmesser:<\/td>\n<td>Bis zu 580 mm<\/td>\n<\/tr>\n<tr>\n<td>Schubkraft:<\/td>\n<td>Maximal 8500 kN<\/td>\n<\/tr>\n<tr>\n<td>Spezifikationen:<\/td>\n<td>Stellen Sie 889KN, 1112KN, 1245KN und andere Zylinder mit unterschiedlichen Spannungsanforderungen bereit<\/td>\n<\/tr>\n<tr>\n<td>Anwendungen:<\/td>\n<td>Offshore-Hubinsel<\/td>\n<\/tr>\n<\/tbody>\n<\/table>\n<h2>Vorteile des Stahldrahtseilspannzylinders f\u00fcr Bohrplattformen<\/h2>\n<p>Der Stahldrahtseilspannzylinder f\u00fcr Bohrplattformen bietet zahlreiche Vorteile, die seine Bedeutung bei Offshore-Bohrungen unterstreichen. Hier sind einige der wichtigsten Vorteile:<\/p>\n<p>Einer der Hauptvorteile ist die pr\u00e4zise Spannungsregelung. Dieser Zylinder erm\u00f6glicht es dem Bediener, die auf die Stahldrahtseile ausge\u00fcbte Spannung durch Modulation des Hydraulikdrucks fein einzustellen. Das Erreichen der richtigen Spannungswerte ist entscheidend f\u00fcr die optimale Leistung der Drahtseile bei Bohrarbeiten.<\/p>\n<p>Ein weiterer wesentlicher Vorteil ist die erh\u00f6hte Sicherheit. Der Spannzylinder ist mit fortschrittlichen Sicherheitsfunktionen wie Drucksensoren und Schutzmechanismen ausgestattet, die ein \u00dcberspannen oder pl\u00f6tzliches L\u00f6sen der Spannung verhindern. Diese Funktionen gew\u00e4hrleisten einen sicheren Betrieb und sch\u00fctzen Personal und Ausr\u00fcstung vor potenziellen Gefahren.<\/p>\n<p>Der Zylinder tr\u00e4gt zudem zu einer verbesserten Betriebseffizienz bei. Durch die Aufrechterhaltung der richtigen Spannung in den Drahtseilen sorgt er f\u00fcr eine gleichm\u00e4\u00dfige und kontrollierte Bewegung des Bohrstrangs und erleichtert das Heben schwerer Lasten. Dies f\u00fchrt zu h\u00f6herer Produktivit\u00e4t und reduzierten Ausfallzeiten bei Bohrvorg\u00e4ngen.<\/p>\n<p>Dar\u00fcber hinaus sind die Langlebigkeit und Zuverl\u00e4ssigkeit des Spannzylinders bemerkenswert. Er besteht aus hochfesten Materialien und ist f\u00fcr die rauen Bedingungen bei Offshore-Bohrungen wie korrosivem Salzwasser, hohem Druck und extremen Temperaturen ausgelegt. Diese Langlebigkeit gew\u00e4hrleistet eine gleichbleibende Leistung \u00fcber einen langen Zeitraum.<\/p>\n<p>Dar\u00fcber hinaus bietet der Spannzylinder vielseitige Einsatzm\u00f6glichkeiten. Er kann mit Stahlseilen unterschiedlicher Gr\u00f6\u00dfe und Art verwendet werden und ist somit f\u00fcr verschiedene Bohraufgaben wie Bohren, Heben und Lasthandling geeignet. Diese Flexibilit\u00e4t bietet eine umfassende L\u00f6sung zur Aufrechterhaltung der Drahtseilspannung bei verschiedenen Arbeitsvorg\u00e4ngen.<\/p>\n<p>Schlie\u00dflich ist die Konstruktion des Spannzylinders auf Wartung und Instandhaltung ausgelegt. Seine Komponenten sind f\u00fcr Inspektionen und regelm\u00e4\u00dfige Wartungsarbeiten leicht zug\u00e4nglich, was eine optimale Funktion gew\u00e4hrleistet und Ausfallzeiten minimiert. Diese Wartungsfreundlichkeit tr\u00e4gt zur Gesamteffizienz der Bohrarbeiten bei und stellt sicher, dass die Ausr\u00fcstung in einem optimalen Zustand bleibt.<\/p>\n<p><img loading=\"lazy\" decoding=\"async\" class=\"alignnone wp-image-746\" src=\"https:\/\/fmp-components.com\/wp-content\/uploads\/2024\/12\/Drilling-Platform-Steel-Wire-Rope-Tensioner-Cylinder-1.webp\" alt=\"Stahldrahtseilspannzylinder f\u00fcr Bohrplattformen\" width=\"925\" height=\"648\" title=\"\" srcset=\"https:\/\/fmp-components.com\/wp-content\/uploads\/2024\/12\/Drilling-Platform-Steel-Wire-Rope-Tensioner-Cylinder-1.webp 925w, https:\/\/fmp-components.com\/wp-content\/uploads\/2024\/12\/Drilling-Platform-Steel-Wire-Rope-Tensioner-Cylinder-1-480x336.webp 480w\" sizes=\"(min-width: 0px) and (max-width: 480px) 480px, (min-width: 481px) 925px, 100vw\" \/><\/p>\n<h3>\u00dcber FMP<\/h3>\n<p>FMP ist ein spezialisierter Maschinenbauer, der sich auf die Produktion von Hydraulikzylindern spezialisiert hat. Seit seiner Gr\u00fcndung konzentriert sich das Unternehmen auf die Forschung und Fertigung von Hydrauliktechnologie und hat sich erfolgreich von einer vielf\u00e4ltigen Produktpalette, die Ernte- und Baumaschinen umfasste, auf die Spezialisierung auf landwirtschaftliche Traktorkomponenten spezialisiert. Mit \u00fcber einem Jahrzehnt Erfahrung in Fertigung und Management gew\u00e4hrleistet FMP durch fortschrittliche Produktionstechniken qualitativ hochwertige Produkte.<\/p>\n<p>Im Laufe der Entwicklung des Unternehmens wurden umfassende Fertigungslinien f\u00fcr die maschinelle Bearbeitung, Montagelinien und Beschichtungslinien entwickelt. Unser Team besteht aus qualifizierten F\u00fchrungskr\u00e4ften, erfahrenen Maschinenbauern und hochqualifizierten Technikern, die gemeinsam f\u00fcr eine stabile Produktionsqualit\u00e4t sorgen und gleichzeitig die Prozesskontinuit\u00e4t und -effizienz effektiv steuern.<\/p>\n<p>FMP vertritt die Philosophie \u201eTechnologische Innovation treibt Fortschritt voran, Qualit\u00e4t schafft Marken, Handwerkskunst sichert Qualit\u00e4t und baut langfristige Win-Win-Beziehungen auf.\u201c Unser Engagement f\u00fcr die Bereitstellung hochwertiger Produkte und eines hervorragenden Kundendienstes bleibt ein zentrales Ziel, w\u00e4hrend wir weiterhin den sich entwickelnden Anforderungen des Marktes gerecht werden.<\/p>\n<p><img loading=\"lazy\" decoding=\"async\" class=\"alignnone size-full wp-image-426\" src=\"https:\/\/fmp-components.com\/wp-content\/uploads\/2024\/12\/Sanitation-Machinery-Locking-Hydraulic-Cylinder-factory.webp\" sizes=\"(min-width: 0px) and (max-width: 480px) 480px, (min-width: 481px) and (max-width: 980px) 980px, (min-width: 981px) and (max-width: 1280px) 1280px, (min-width: 1281px) 1414px, 100vw\" srcset=\"https:\/\/fmp-components.com\/wp-content\/uploads\/2024\/12\/Sanitation-Machinery-Locking-Hydraulic-Cylinder-factory.webp 1414w, https:\/\/fmp-components.com\/wp-content\/uploads\/2024\/12\/Sanitation-Machinery-Locking-Hydraulic-Cylinder-factory-1280x529.webp 1280w, https:\/\/fmp-components.com\/wp-content\/uploads\/2024\/12\/Sanitation-Machinery-Locking-Hydraulic-Cylinder-factory-980x405.webp 980w, https:\/\/fmp-components.com\/wp-content\/uploads\/2024\/12\/Sanitation-Machinery-Locking-Hydraulic-Cylinder-factory-480x198.webp 480w\" alt=\"Sanit\u00e4r-Maschinen-Verriegelung-Hydraulik-Zylinder-Fabrik\" width=\"1414\" height=\"584\" title=\"\"><\/p>\n<p>Autor: CX<\/p>","protected":false},"excerpt":{"rendered":"<p>Der Spannzylinder f\u00fcr Stahldrahtseile von Bohrplattformen ist eine wichtige Hydraulikkomponente, die die optimale Spannung der bei Bohrarbeiten verwendeten Stahldrahtseile aufrechterh\u00e4lt. Dieser Zylinder liefert die n\u00f6tige Kraft, um die Spannung der Drahtseile einzustellen und zu stabilisieren und so einen sicheren und effizienten Betrieb der Bohrplattform zu gew\u00e4hrleisten. Er besteht aus hochfesten Materialien und ist so konstruiert, dass er den anspruchsvollen Bedingungen und hohen Dr\u00fccken in Bohrumgebungen standh\u00e4lt und so Langlebigkeit und Zuverl\u00e4ssigkeit gew\u00e4hrleistet. Die sanfte Hydraulikfunktion erm\u00f6glicht pr\u00e4zise Einstellungen und erh\u00f6ht so die Betriebseffizienz und Sicherheit w\u00e4hrend der Bohrarbeiten. Dieser Spannzylinder ist f\u00fcr die Optimierung der Leistung von Bohrplattformen unerl\u00e4sslich und tr\u00e4gt ma\u00dfgeblich zur Effektivit\u00e4t der Bohrarbeiten und zur Gesamtintegrit\u00e4t der Ausr\u00fcstung bei.<\/p>","protected":false},"featured_media":749,"comment_status":"open","ping_status":"closed","template":"","meta":{"_et_pb_use_builder":"","_et_pb_old_content":"","_et_gb_content_width":""},"product_brand":[],"product_cat":[28],"product_tag":[],"class_list":{"0":"post-744","1":"product","2":"type-product","3":"status-publish","4":"has-post-thumbnail","6":"product_cat-offshore-hydraulic-cylinders","8":"first","9":"instock","10":"shipping-taxable","11":"product-type-simple"},"_links":{"self":[{"href":"https:\/\/fmp-components.com\/de\/wp-json\/wp\/v2\/product\/744","targetHints":{"allow":["GET"]}}],"collection":[{"href":"https:\/\/fmp-components.com\/de\/wp-json\/wp\/v2\/product"}],"about":[{"href":"https:\/\/fmp-components.com\/de\/wp-json\/wp\/v2\/types\/product"}],"replies":[{"embeddable":true,"href":"https:\/\/fmp-components.com\/de\/wp-json\/wp\/v2\/comments?post=744"}],"wp:featuredmedia":[{"embeddable":true,"href":"https:\/\/fmp-components.com\/de\/wp-json\/wp\/v2\/media\/749"}],"wp:attachment":[{"href":"https:\/\/fmp-components.com\/de\/wp-json\/wp\/v2\/media?parent=744"}],"wp:term":[{"taxonomy":"product_brand","embeddable":true,"href":"https:\/\/fmp-components.com\/de\/wp-json\/wp\/v2\/product_brand?post=744"},{"taxonomy":"product_cat","embeddable":true,"href":"https:\/\/fmp-components.com\/de\/wp-json\/wp\/v2\/product_cat?post=744"},{"taxonomy":"product_tag","embeddable":true,"href":"https:\/\/fmp-components.com\/de\/wp-json\/wp\/v2\/product_tag?post=744"}],"curies":[{"name":"wp","href":"https:\/\/api.w.org\/{rel}","templated":true}]}}