{"id":7437,"date":"2025-03-26T06:16:07","date_gmt":"2025-03-26T06:16:07","guid":{"rendered":"https:\/\/fmp-components.com\/?post_type=product&#038;p=7437"},"modified":"2025-03-26T08:37:43","modified_gmt":"2025-03-26T08:37:43","slug":"nylon-spur-gears","status":"publish","type":"product","link":"https:\/\/fmp-components.com\/de\/product\/nylon-spur-gears\/","title":{"rendered":"Nylon-Stirnr\u00e4der"},"content":{"rendered":"<h2>Was sind Nylon-Stirnr\u00e4der?<\/h2>\n<p class=\"break-words\">Nylon <a href=\"https:\/\/fmp-components.com\/de\/spur-gear-2\/\">Stirnr\u00e4der<\/a> Zahnr\u00e4der aus Kunststoff werden aufgrund ihrer hervorragenden Eigenschaften in vielen Branchen eingesetzt. Sie bestehen aus technischen Kunststoffen wie MC-Nylon (einem Polyamidharz) und Polyacetal (POM) und zeichnen sich durch gerade Z\u00e4hne auf zylindrischer Oberfl\u00e4che aus. Dadurch eignen sie sich ideal zur \u00dcbertragung von Bewegung und Kraft zwischen parallelen Wellen. Dank ihres geringen Gewichts, ihrer Rostbest\u00e4ndigkeit und ihres leisen Betriebs finden sie in Branchen wie der Lebensmittelproduktion, der Unterhaltungselektronik, der Chemie, der Spielzeugherstellung und der Medizintechnik breite Anwendung.<\/p>\n<p><img loading=\"lazy\" decoding=\"async\" class=\"size-full wp-image-7447 aligncenter\" src=\"https:\/\/fmp-components.com\/wp-content\/uploads\/2025\/03\/Nylon-Spur-Gears-2.webp\" alt=\"Nylon-Stirnr\u00e4der\" width=\"1024\" height=\"800\" title=\"\" srcset=\"https:\/\/fmp-components.com\/wp-content\/uploads\/2025\/03\/Nylon-Spur-Gears-2.webp 1024w, https:\/\/fmp-components.com\/wp-content\/uploads\/2025\/03\/Nylon-Spur-Gears-2-980x766.webp 980w, https:\/\/fmp-components.com\/wp-content\/uploads\/2025\/03\/Nylon-Spur-Gears-2-480x375.webp 480w\" sizes=\"(min-width: 0px) and (max-width: 480px) 480px, (min-width: 481px) and (max-width: 980px) 980px, (min-width: 981px) 1024px, 100vw\" \/><\/p>\n<div>\n<h2>Warum Stirnr\u00e4der aus Nylon w\u00e4hlen?<\/h2>\n<h3>Hauptvorteile<\/h3>\n<ul class=\"marker:text-secondary\">\n<li class=\"break-words\"><strong>Leicht<\/strong>Im Vergleich zu Metallzahnr\u00e4dern reduzieren Nylon-Stirnr\u00e4der das Gewicht der Maschinen erheblich und steigern so die Effizienz.<\/li>\n<li class=\"break-words\"><strong>Rostfrei<\/strong>Im Gegensatz zu Stahl korrodiert Nylon nicht und eignet sich daher perfekt f\u00fcr feuchte oder korrosive Umgebungen.<\/li>\n<li class=\"break-words\"><strong>Leiser Betrieb<\/strong>Ihre inh\u00e4rente Schmierf\u00e4higkeit gew\u00e4hrleistet einen reibungslosen und ger\u00e4uschlosen Betrieb und ist somit ideal f\u00fcr Unterhaltungselektronik oder medizinische Ger\u00e4te.<\/li>\n<li class=\"break-words\"><strong>Selbstschmierend<\/strong>Viele Nylonzahnr\u00e4der funktionieren in Kombination mit Metallzahnr\u00e4dern ohne zus\u00e4tzliche Schmierung, was die Wartungskosten reduziert.<\/li>\n<li class=\"break-words\"><strong>Kosteng\u00fcnstig<\/strong>Das Spritzgussverfahren erm\u00f6glicht die Massenproduktion zu geringeren Kosten.<\/li>\n<\/ul>\n<h3>Anwendungen in ganz Italien<\/h3>\n<p class=\"break-words\">Von Lebensmittelverarbeitungsbetrieben in Mailand \u00fcber Spielzeughersteller in Florenz bis hin zur Medizintechnikproduktion in Bologna \u2013 Nylon-Stirnr\u00e4der sind vielseitig einsetzbar. In Venedig, wo Feuchtigkeitsbest\u00e4ndigkeit aufgrund des feuchten Klimas entscheidend ist, kommen ihre Rostfreiheitseigenschaften besonders gut zur Geltung.<\/p>\n<h2>Die Materialien hinter der Magie<\/h2>\n<p class=\"break-words\">Die Firma FMP verwendet Hochleistungskunststoffe wie:<\/p>\n<ul class=\"marker:text-secondary\">\n<li class=\"break-words\"><strong>MC Nylon<\/strong>Bekannt f\u00fcr seine erh\u00f6hte Festigkeit und thermische Stabilit\u00e4t, ist es ein fester Bestandteil unserer Standard-PS- und PSA-Serien.<\/li>\n<li class=\"break-words\"><strong>Acetal-Copolymer (POM)<\/strong>Ein kristalliner thermoplastischer Kunststoff mit ausgezeichneter Chemikalienbest\u00e4ndigkeit und Langlebigkeit, der in unseren gegossenen Stirnr\u00e4dern verwendet wird.<\/li>\n<\/ul>\n<p class=\"break-words\">F\u00fcr anspruchsvolle Anwendungen \u2013 wie solche mit gro\u00dfen Temperaturschwankungen oder hohen Belastungen \u2013 k\u00f6nnen wir Metallnaben (z. B. aus S45C oder Edelstahl) einsetzen, die mit den Nylonz\u00e4hnen verschmolzen oder verschraubt werden, um eine lange Lebensdauer zu gew\u00e4hrleisten, ohne die Vorteile von Kunststoff zu beeintr\u00e4chtigen.<\/p>\n<h3>Mechanische und thermische Eigenschaften<\/h3>\n<p class=\"break-words\">Hier ein kurzer \u00dcberblick dar\u00fcber, was diese Materialien auszeichnet:<\/p>\n<div class=\"overflow-x-auto my-2\">\n<table style=\"width: 100%;\" border=\"1\" width=\"100%\" cellspacing=\"0\" cellpadding=\"0\">\n<thead class=\"border-b border-primary\/20\">\n<tr class=\"border-primary\/10\">\n<th class=\"break-words\"><strong>Eigentum<\/strong><\/th>\n<th class=\"break-words\"><strong>MC Nylon<\/strong><\/th>\n<th class=\"break-words\"><strong>Acetal-Copolymer<\/strong><\/th>\n<\/tr>\n<\/thead>\n<tbody>\n<tr class=\"border-primary\/10\">\n<td class=\"break-words\"><strong>Zugfestigkeit<\/strong><\/td>\n<td class=\"break-words\">Hoch<\/td>\n<td class=\"break-words\">M\u00e4\u00dfig<\/td>\n<\/tr>\n<tr class=\"border-primary\/10\">\n<td class=\"break-words\"><strong>W\u00e4rmeausdehnung<\/strong><\/td>\n<td class=\"break-words\">9\u00d710\u207b\u2075 \/\u00b0C<\/td>\n<td class=\"break-words\">Niedriger als Nylon<\/td>\n<\/tr>\n<tr class=\"border-primary\/10\">\n<td class=\"break-words\"><strong>Chemische Best\u00e4ndigkeit<\/strong><\/td>\n<td class=\"break-words\">Exzellent<\/td>\n<td class=\"break-words\">Exzellent<\/td>\n<\/tr>\n<tr class=\"border-primary\/10\">\n<td class=\"break-words\"><strong>Wasseraufnahme<\/strong><\/td>\n<td class=\"break-words\">H\u00f6her<\/td>\n<td class=\"break-words\">Untere<\/td>\n<\/tr>\n<\/tbody>\n<\/table>\n<\/div>\n<p class=\"break-words\"><em>Notiz<\/em>Die Daten f\u00fcr MC Nylon basieren auf trockenen Bedingungen; die Festigkeit nimmt mit steigender Temperatur oder Feuchtigkeitsaufnahme ab.<\/p>\n<div>\n<h4>Beispiel f\u00fcr eine Dimensions\u00e4nderung<\/h4>\n<p class=\"break-words\">Betrachten wir eine Zahnstange aus MC-Nylon (1010 mm lang) bei 20 \u00b0C. Wenn die Temperatur auf 40 \u00b0C steigt:<\/p>\n<ul class=\"marker:text-secondary\">\n<li class=\"break-words\"><strong>Koeffizient der linearen Ausdehnung<\/strong>: 9\u00d710\u207b\u2075 \/\u00b0C<\/li>\n<li class=\"break-words\"><strong>Berechnung<\/strong>Dimensions\u00e4nderung = 9 \u00d7 10\u207b\u2075 \u00d7 10\u00b9\u2070 mm \u00d7 20 \u00b0C = 1,818 mm<\/li>\n<\/ul>\n<p class=\"break-words\">Diese Verl\u00e4ngerung unterstreicht die Notwendigkeit, thermische und Feuchtigkeitseffekte bei der Konstruktion zu ber\u00fccksichtigen \u2013 ein Aspekt, mit dem sich die Ingenieure von FMP fachkundig auseinandersetzen.<\/p>\n<div>\n<h2>FMP Company: Ihre Experten f\u00fcr Nylon-Stirnr\u00e4der<\/h2>\n<p class=\"break-words\">Bei <strong>FMP Company<\/strong>Wir sind spezialisiert auf die Herstellung einer breiten Palette von Nylon-Stirnr\u00e4dern f\u00fcr vielf\u00e4ltige Anforderungen in Italien und dar\u00fcber hinaus. Unser Angebot umfasst:<\/p>\n<ul class=\"marker:text-secondary\">\n<li class=\"break-words\"><strong>DSL-Serie<\/strong>Einfache Befestigung f\u00fcr Zahnr\u00e4der und Achsen.<\/li>\n<li class=\"break-words\"><strong>NSU- und PU-Serie<\/strong>: Nylonz\u00e4hne mit Metallkern f\u00fcr erh\u00f6hte Festigkeit und einfachere Bearbeitung.<\/li>\n<li class=\"break-words\"><strong>PS- und PSA-Serie<\/strong>Standardm\u00e4\u00dfige MC Nylon-Optionen, mit PSA ohne Noppenkonstruktion.<\/li>\n<li class=\"break-words\"><strong>DS-Serie<\/strong>Kosteng\u00fcnstige Zahnr\u00e4der mit geringer Festigkeit, hergestellt durch Spritzguss.<\/li>\n<\/ul>\n<h3>Kundenspezifische L\u00f6sungen<\/h3>\n<p class=\"break-words\">Sie finden das gew\u00fcnschte Modell nicht in unserem Katalog? Kein Problem! FMP Company ist auf Sonderanfertigungen spezialisiert. Ob Sie in Mailand Unterhaltungselektronik entwickeln oder in Venedig Chemieanlagen herstellen \u2013 wir fertigen Ger\u00e4te nach Ihren Vorgaben. Falls ein Modell nicht aufgef\u00fchrt ist, bedeutet dies lediglich, dass wir es noch nicht in unser Sortiment aufgenommen haben. Schreiben Sie uns eine E-Mail an <a href=\"mailto:info@fmpcomponents.it\">info@fmpcomponents.it<\/a> Teilen Sie uns Ihre Anforderungen mit, und unsere Ingenieure werden Ihnen innerhalb von <strong>24 Stunden<\/strong> mit einer L\u00f6sung.<\/p>\n<table style=\"border-collapse: collapse; width: 99.375%; height: 66px;\" border=\"0\" width=\"240\" cellspacing=\"0\" cellpadding=\"0\">\n<tbody>\n<tr style=\"height: 14.40pt;\">\n<td style=\"height: 14.40pt; width: 48.00pt;\" align=\"right\" width=\"80\" height=\"24\"><img loading=\"lazy\" decoding=\"async\" class=\"alignnone size-full wp-image-7448\" src=\"https:\/\/fmp-components.com\/wp-content\/uploads\/2025\/03\/nylon-spur-gear-5.webp\" alt=\"Nylon-Stirnrad\" width=\"768\" height=\"768\" title=\"\" srcset=\"https:\/\/fmp-components.com\/wp-content\/uploads\/2025\/03\/nylon-spur-gear-5.webp 768w, https:\/\/fmp-components.com\/wp-content\/uploads\/2025\/03\/nylon-spur-gear-5-480x480.webp 480w\" sizes=\"(min-width: 0px) and (max-width: 480px) 480px, (min-width: 481px) 768px, 100vw\" \/><\/td>\n<td style=\"width: 48.00pt;\" align=\"right\" width=\"80\"><img loading=\"lazy\" decoding=\"async\" class=\"alignnone size-full wp-image-7449\" src=\"https:\/\/fmp-components.com\/wp-content\/uploads\/2025\/03\/nylon-spur-gear-6.webp\" alt=\"Nylon-Stirnrad\" width=\"750\" height=\"750\" title=\"\" srcset=\"https:\/\/fmp-components.com\/wp-content\/uploads\/2025\/03\/nylon-spur-gear-6.webp 750w, https:\/\/fmp-components.com\/wp-content\/uploads\/2025\/03\/nylon-spur-gear-6-480x480.webp 480w\" sizes=\"(min-width: 0px) and (max-width: 480px) 480px, (min-width: 481px) 750px, 100vw\" \/><\/td>\n<td style=\"width: 48.00pt;\" align=\"right\" width=\"80\"><img loading=\"lazy\" decoding=\"async\" class=\"alignnone size-full wp-image-7450\" src=\"https:\/\/fmp-components.com\/wp-content\/uploads\/2025\/03\/nylon-spur-gear-7.webp\" alt=\"Nylon-Stirnrad\" width=\"540\" height=\"540\" title=\"\" srcset=\"https:\/\/fmp-components.com\/wp-content\/uploads\/2025\/03\/nylon-spur-gear-7.webp 540w, https:\/\/fmp-components.com\/wp-content\/uploads\/2025\/03\/nylon-spur-gear-7-480x480.webp 480w\" sizes=\"(min-width: 0px) and (max-width: 480px) 480px, (min-width: 481px) 540px, 100vw\" \/><\/td>\n<\/tr>\n<\/tbody>\n<\/table>\n<\/div>\n<\/div>\n<\/div>","protected":false},"excerpt":{"rendered":"<p>What Are Nylon Spur Gears? Nylon Spur Gears are a type of plastic gear widely used across industries for their exceptional properties. Made from engineering plastics like MC Nylon (a polyamide resin) and polyacetal (POM), these gears feature straight teeth on a cylindrical surface, making them ideal for transmitting motion and power between parallel shafts. [&hellip;]<\/p>","protected":false},"featured_media":7445,"comment_status":"open","ping_status":"closed","template":"","meta":{"_et_pb_use_builder":"","_et_pb_old_content":"","_et_gb_content_width":""},"product_brand":[],"product_cat":[109],"product_tag":[],"class_list":{"0":"post-7437","1":"product","2":"type-product","3":"status-publish","4":"has-post-thumbnail","6":"product_cat-spur-gear","8":"first","9":"instock","10":"shipping-taxable","11":"product-type-simple"},"_links":{"self":[{"href":"https:\/\/fmp-components.com\/de\/wp-json\/wp\/v2\/product\/7437","targetHints":{"allow":["GET"]}}],"collection":[{"href":"https:\/\/fmp-components.com\/de\/wp-json\/wp\/v2\/product"}],"about":[{"href":"https:\/\/fmp-components.com\/de\/wp-json\/wp\/v2\/types\/product"}],"replies":[{"embeddable":true,"href":"https:\/\/fmp-components.com\/de\/wp-json\/wp\/v2\/comments?post=7437"}],"wp:featuredmedia":[{"embeddable":true,"href":"https:\/\/fmp-components.com\/de\/wp-json\/wp\/v2\/media\/7445"}],"wp:attachment":[{"href":"https:\/\/fmp-components.com\/de\/wp-json\/wp\/v2\/media?parent=7437"}],"wp:term":[{"taxonomy":"product_brand","embeddable":true,"href":"https:\/\/fmp-components.com\/de\/wp-json\/wp\/v2\/product_brand?post=7437"},{"taxonomy":"product_cat","embeddable":true,"href":"https:\/\/fmp-components.com\/de\/wp-json\/wp\/v2\/product_cat?post=7437"},{"taxonomy":"product_tag","embeddable":true,"href":"https:\/\/fmp-components.com\/de\/wp-json\/wp\/v2\/product_tag?post=7437"}],"curies":[{"name":"wp","href":"https:\/\/api.w.org\/{rel}","templated":true}]}}