{"id":7435,"date":"2025-03-26T05:47:29","date_gmt":"2025-03-26T05:47:29","guid":{"rendered":"https:\/\/fmp-components.com\/?post_type=product&#038;p=7435"},"modified":"2025-03-26T08:37:19","modified_gmt":"2025-03-26T08:37:19","slug":"plastic-double-spur-gear","status":"publish","type":"product","link":"https:\/\/fmp-components.com\/de\/product\/plastic-double-spur-gear\/","title":{"rendered":"Kunststoff-Doppelstirnrad"},"content":{"rendered":"<div>\n<h2>Hochwertige Kunststoff-Doppelstirnr\u00e4der f\u00fcr die italienische Industrie<\/h2>\n<p class=\"break-words\">Kunststoff-Doppelstirnr\u00e4der sind unverzichtbare Komponenten in vielen Maschinen, von Industrieanlagen bis hin zu Konsumg\u00fctern. Diese Zahnr\u00e4der, bekannt f\u00fcr ihre Langlebigkeit, Pr\u00e4zision und Effizienz, spielen eine entscheidende Rolle f\u00fcr einen reibungslosen mechanischen Betrieb. Bei FMP Company sind wir spezialisiert auf die Herstellung hochwertiger Kunststoff-Doppelstirnr\u00e4der. <a href=\"https:\/\/fmp-components.com\/de\/spur-gear-2\/\">Stirnr\u00e4der<\/a>, bietet eine Vielzahl von Standardmodellen und kundenspezifischen L\u00f6sungen, um die individuellen Bed\u00fcrfnisse von Unternehmen in ganz Italien zu erf\u00fcllen. Ob Sie in den gesch\u00e4ftigen Industriezentren Mailands, den historischen Stra\u00dfen von Florenz, dem kulturellen Herzen Venedigs oder den innovativen Zentren Bolognas ans\u00e4ssig sind, FMP ist Ihr zuverl\u00e4ssiger Partner f\u00fcr zuverl\u00e4ssige und effiziente Getriebel\u00f6sungen.<\/p>\n<h3>Was sind Kunststoff-Doppelstirnr\u00e4der?<\/h3>\n<p class=\"break-words\">Kunststoff-Doppelstirnr\u00e4der sind ein Getriebesystem, das aus zwei parallelen Stirnr\u00e4dern auf einer Welle besteht. Sie \u00fcbertragen Bewegung und Kraft zwischen parallelen Wellen und sorgen so f\u00fcr eine gleichm\u00e4\u00dfige und effiziente Drehmoment\u00fcbertragung. Diese aus hochwertigem Kunststoff gefertigten Zahnr\u00e4der bieten gegen\u00fcber herk\u00f6mmlichen Metallzahnr\u00e4dern zahlreiche Vorteile, darunter geringeres Gewicht, Korrosionsbest\u00e4ndigkeit und einen leiseren Betrieb. Ihre Vielseitigkeit macht sie ideal f\u00fcr verschiedene Anwendungen, wie z. B. in der Automobilindustrie, der Robotik, der Medizintechnik und Haushaltsger\u00e4ten.<\/p>\n<table style=\"border-collapse: collapse; width: 102.903%; height: 10px;\" border=\"0\" width=\"160\" cellspacing=\"0\" cellpadding=\"0\">\n<tbody>\n<tr style=\"height: 14.40pt;\">\n<td style=\"height: 10px; width: 48pt;\" align=\"right\" width=\"80\" height=\"24\"><img loading=\"lazy\" decoding=\"async\" class=\"size-full wp-image-7441 alignnone\" src=\"https:\/\/fmp-components.com\/wp-content\/uploads\/2025\/03\/Plastic-Double-Spur-Gear-6.webp\" alt=\"Kunststoff-Doppel-Stirnrad\" width=\"1000\" height=\"1000\" title=\"\" srcset=\"https:\/\/fmp-components.com\/wp-content\/uploads\/2025\/03\/Plastic-Double-Spur-Gear-6.webp 1000w, https:\/\/fmp-components.com\/wp-content\/uploads\/2025\/03\/Plastic-Double-Spur-Gear-6-980x980.webp 980w, https:\/\/fmp-components.com\/wp-content\/uploads\/2025\/03\/Plastic-Double-Spur-Gear-6-480x480.webp 480w\" sizes=\"(min-width: 0px) and (max-width: 480px) 480px, (min-width: 481px) and (max-width: 980px) 980px, (min-width: 981px) 1000px, 100vw\" \/><\/td>\n<td style=\"width: 48pt; height: 10px;\" align=\"right\" width=\"80\"><img loading=\"lazy\" decoding=\"async\" class=\"size-full wp-image-7440 aligncenter\" src=\"https:\/\/fmp-components.com\/wp-content\/uploads\/2025\/03\/Plastic-Double-Spur-Gear-5.webp\" alt=\"Kunststoff-Doppel-Stirnrad\" width=\"1000\" height=\"1000\" title=\"\" srcset=\"https:\/\/fmp-components.com\/wp-content\/uploads\/2025\/03\/Plastic-Double-Spur-Gear-5.webp 1000w, https:\/\/fmp-components.com\/wp-content\/uploads\/2025\/03\/Plastic-Double-Spur-Gear-5-980x980.webp 980w, https:\/\/fmp-components.com\/wp-content\/uploads\/2025\/03\/Plastic-Double-Spur-Gear-5-480x480.webp 480w\" sizes=\"(min-width: 0px) and (max-width: 480px) 480px, (min-width: 481px) and (max-width: 980px) 980px, (min-width: 981px) 1000px, 100vw\" \/><\/td>\n<\/tr>\n<\/tbody>\n<\/table>\n<div>\n<h3>FMP Company: Ihr zuverl\u00e4ssiger Partner f\u00fcr Kunststoff-Doppelstirnr\u00e4der<\/h3>\n<p class=\"break-words\">Wir von FMP Company sind stolz darauf, ein f\u00fchrender Hersteller von Kunststoff-Doppelstirnr\u00e4dern zu sein. Dank langj\u00e4hriger Erfahrung und Innovationskraft produzieren wir Zahnr\u00e4der, die h\u00f6chsten Qualit\u00e4ts- und Leistungsstandards entsprechen. Unser Produktsortiment umfasst eine gro\u00dfe Auswahl an Standard-Kunststoff-Doppelstirnr\u00e4dern, die sich nahtlos in Ihre bestehenden Maschinen integrieren lassen. Jedes Zahnrad wird pr\u00e4zise gefertigt und gew\u00e4hrleistet optimale Funktionalit\u00e4t und Langlebigkeit.<\/p>\n<p class=\"break-words\">Unser Qualit\u00e4tsanspruch geht \u00fcber unser Standardangebot hinaus. Wir wissen, dass jedes Unternehmen individuelle Anforderungen hat. Deshalb haben wir uns auch auf kundenspezifische Getriebel\u00f6sungen spezialisiert. Ob Sie eine bestimmte Gr\u00f6\u00dfe, ein bestimmtes Material oder eine bestimmte Konfiguration ben\u00f6tigen \u2013 unser Team aus erfahrenen Ingenieuren entwickelt und fertigt Kunststoff-Doppelstirnr\u00e4der genau nach Ihren Vorgaben.<\/p>\n<h3>Ma\u00dfgeschneiderte L\u00f6sungen f\u00fcr Ihre individuellen Anforderungen<\/h3>\n<p class=\"break-words\">Einer der Hauptvorteile der FMP Company ist unsere F\u00e4higkeit, Sonderanfertigungen anzunehmen. Wir wissen, dass nicht alle Maschinen mit Standardkomponenten ausgestattet werden k\u00f6nnen, insbesondere in spezialisierten Branchen. Unsere kundenspezifischen Kunststoff-Doppelstirnr\u00e4der sind auf die genauen Anforderungen Ihrer Ger\u00e4te zugeschnitten und gew\u00e4hrleisten maximale Effizienz und Leistung.<\/p>\n<p class=\"break-words\">Wenn Sie sich f\u00fcr Sondergetriebe von FMP entscheiden, profitieren Sie von:<\/p>\n<ul class=\"marker:text-secondary\">\n<li class=\"break-words\"><strong>Ma\u00dfgeschneidertes Design<\/strong>: Getriebe, die auf Ihre spezifische Anwendung zugeschnitten sind.<\/li>\n<li class=\"break-words\"><strong>Hochleistungsmaterialien<\/strong>: Auswahl der besten Kunststoffmaterialien f\u00fcr Haltbarkeit und Festigkeit.<\/li>\n<li class=\"break-words\"><strong>Pr\u00e4zisionsfertigung<\/strong>: Modernste Produktionstechniken f\u00fcr exakte Toleranzen.<\/li>\n<li class=\"break-words\"><strong>Experten-Support<\/strong>: Zusammenarbeit mit unserem Ingenieurteam, um sicherzustellen, dass Ihre Ausr\u00fcstung alle Anforderungen erf\u00fcllt.<\/li>\n<\/ul>\n<p class=\"break-words\">Ganz gleich, ob Sie in der Automobilbranche Mailands, in den Fertigungsanlagen Venedigs, in den Feinmechanikwerkst\u00e4tten Florenz oder in der Roboterindustrie Bolognas t\u00e4tig sind: Die ma\u00dfgeschneiderten L\u00f6sungen von FMP sind darauf ausgelegt, Ihre Betriebsabl\u00e4ufe zu verbessern.<\/p>\n<table style=\"border-collapse: collapse; width: 99.25%; height: 28px;\" border=\"0\" width=\"160\" cellspacing=\"0\" cellpadding=\"0\">\n<tbody>\n<tr style=\"height: 14.40pt;\">\n<td style=\"height: 14px; width: 48pt;\" align=\"right\" width=\"80\" height=\"24\"><img loading=\"lazy\" decoding=\"async\" class=\"size-full wp-image-7442 aligncenter\" src=\"https:\/\/fmp-components.com\/wp-content\/uploads\/2025\/03\/Double-Plastic-Spur-Gear-Plastic-2.webp\" alt=\"Kunststoff-Doppel-Stirnrad\" width=\"700\" height=\"525\" title=\"\" srcset=\"https:\/\/fmp-components.com\/wp-content\/uploads\/2025\/03\/Double-Plastic-Spur-Gear-Plastic-2.webp 700w, https:\/\/fmp-components.com\/wp-content\/uploads\/2025\/03\/Double-Plastic-Spur-Gear-Plastic-2-480x360.webp 480w\" sizes=\"(min-width: 0px) and (max-width: 480px) 480px, (min-width: 481px) 700px, 100vw\" \/><\/td>\n<td style=\"width: 48pt; height: 14px;\" align=\"right\" width=\"80\"><img loading=\"lazy\" decoding=\"async\" class=\"size-full wp-image-7439 aligncenter\" src=\"https:\/\/fmp-components.com\/wp-content\/uploads\/2025\/03\/Double-Plastic-Spur-Gear-Plastic-3.webp\" alt=\"Doppel-Kunststoff-Stirnrad-Kunststoff\" width=\"700\" height=\"525\" title=\"\" srcset=\"https:\/\/fmp-components.com\/wp-content\/uploads\/2025\/03\/Double-Plastic-Spur-Gear-Plastic-3.webp 700w, https:\/\/fmp-components.com\/wp-content\/uploads\/2025\/03\/Double-Plastic-Spur-Gear-Plastic-3-480x360.webp 480w\" sizes=\"(min-width: 0px) and (max-width: 480px) 480px, (min-width: 481px) 700px, 100vw\" \/><\/td>\n<\/tr>\n<tr style=\"height: 14.40pt;\">\n<td style=\"height: 14px;\" align=\"right\" height=\"24\"><img loading=\"lazy\" decoding=\"async\" class=\"size-full wp-image-7443 aligncenter\" src=\"https:\/\/fmp-components.com\/wp-content\/uploads\/2025\/03\/Double-Spur-Gear-Plastic-Manufacturers-Suppliers-1.webp\" alt=\"Doppel-Stirnradgetriebe-Kunststoff-Hersteller-Lieferanten\" width=\"960\" height=\"960\" title=\"\" srcset=\"https:\/\/fmp-components.com\/wp-content\/uploads\/2025\/03\/Double-Spur-Gear-Plastic-Manufacturers-Suppliers-1.webp 960w, https:\/\/fmp-components.com\/wp-content\/uploads\/2025\/03\/Double-Spur-Gear-Plastic-Manufacturers-Suppliers-1-480x480.webp 480w\" sizes=\"(min-width: 0px) and (max-width: 480px) 480px, (min-width: 481px) 960px, 100vw\" \/><\/td>\n<td style=\"height: 14px;\" align=\"right\"><img loading=\"lazy\" decoding=\"async\" class=\"size-full wp-image-7444 aligncenter\" src=\"https:\/\/fmp-components.com\/wp-content\/uploads\/2025\/03\/Double-Spur-Gear-Plastic-Manufacturers-Suppliers-2.webp\" alt=\"Doppel-Stirnradgetriebe-Kunststoff-Hersteller-Lieferanten\" width=\"960\" height=\"960\" title=\"\" srcset=\"https:\/\/fmp-components.com\/wp-content\/uploads\/2025\/03\/Double-Spur-Gear-Plastic-Manufacturers-Suppliers-2.webp 960w, https:\/\/fmp-components.com\/wp-content\/uploads\/2025\/03\/Double-Spur-Gear-Plastic-Manufacturers-Suppliers-2-480x480.webp 480w\" sizes=\"(min-width: 0px) and (max-width: 480px) 480px, (min-width: 481px) 960px, 100vw\" \/><\/td>\n<\/tr>\n<\/tbody>\n<\/table>\n<\/div>\n<div>\n<h3>Anfragen willkommen: Kontaktieren Sie uns f\u00fcr nicht aufgef\u00fchrte Modelle<\/h3>\n<p class=\"break-words\">Obwohl wir ein umfangreiches Sortiment an Standard-Doppelstirnr\u00e4dern aus Kunststoff anbieten, wissen wir, dass manche Unternehmen spezielle Modelle ben\u00f6tigen, die derzeit nicht in unserem Produktkatalog aufgef\u00fchrt sind. Sollten Sie nicht das passende Zahnrad finden, kein Problem \u2013 unser Team hilft Ihnen gerne weiter. Senden Sie uns einfach eine E-Mail mit Ihrer Anfrage. Einer unserer Ingenieure meldet sich innerhalb von 24 Stunden bei Ihnen, um Ihre Anforderungen zu besprechen und eine L\u00f6sung zu finden.<\/p>\n<p class=\"break-words\">Bei FMP Company legen wir Wert darauf, dass jeder Kunde die passende Ausr\u00fcstung f\u00fcr seine Anwendung findet. Unsere schnelle Reaktionszeit und unser pers\u00f6nlicher Service erleichtern Ihnen die Beschaffung der ben\u00f6tigten Komponenten, auch wenn diese noch nicht auf unserer Website zu finden sind.<\/p>\n<\/div>\n<\/div>","protected":false},"excerpt":{"rendered":"<p>High-Quality Plastic Double Spur Gears for Italian Industries Plastic Double Spur Gears are essential components in a wide range of machinery, from industrial equipment to consumer products. These gears, known for their durability, precision, and efficiency, play a critical role in ensuring smooth mechanical operations. At FMP Company, we specialize in the production of high-quality [&hellip;]<\/p>","protected":false},"featured_media":7436,"comment_status":"open","ping_status":"closed","template":"","meta":{"_et_pb_use_builder":"","_et_pb_old_content":"","_et_gb_content_width":""},"product_brand":[],"product_cat":[109],"product_tag":[],"class_list":{"0":"post-7435","1":"product","2":"type-product","3":"status-publish","4":"has-post-thumbnail","6":"product_cat-spur-gear","8":"first","9":"instock","10":"shipping-taxable","11":"product-type-simple"},"_links":{"self":[{"href":"https:\/\/fmp-components.com\/de\/wp-json\/wp\/v2\/product\/7435","targetHints":{"allow":["GET"]}}],"collection":[{"href":"https:\/\/fmp-components.com\/de\/wp-json\/wp\/v2\/product"}],"about":[{"href":"https:\/\/fmp-components.com\/de\/wp-json\/wp\/v2\/types\/product"}],"replies":[{"embeddable":true,"href":"https:\/\/fmp-components.com\/de\/wp-json\/wp\/v2\/comments?post=7435"}],"wp:featuredmedia":[{"embeddable":true,"href":"https:\/\/fmp-components.com\/de\/wp-json\/wp\/v2\/media\/7436"}],"wp:attachment":[{"href":"https:\/\/fmp-components.com\/de\/wp-json\/wp\/v2\/media?parent=7435"}],"wp:term":[{"taxonomy":"product_brand","embeddable":true,"href":"https:\/\/fmp-components.com\/de\/wp-json\/wp\/v2\/product_brand?post=7435"},{"taxonomy":"product_cat","embeddable":true,"href":"https:\/\/fmp-components.com\/de\/wp-json\/wp\/v2\/product_cat?post=7435"},{"taxonomy":"product_tag","embeddable":true,"href":"https:\/\/fmp-components.com\/de\/wp-json\/wp\/v2\/product_tag?post=7435"}],"curies":[{"name":"wp","href":"https:\/\/api.w.org\/{rel}","templated":true}]}}