{"id":7420,"date":"2025-03-26T03:25:42","date_gmt":"2025-03-26T03:25:42","guid":{"rendered":"https:\/\/fmp-components.com\/?post_type=product&#038;p=7420"},"modified":"2025-03-26T08:36:10","modified_gmt":"2025-03-26T08:36:10","slug":"forging-spur-gear","status":"publish","type":"product","link":"https:\/\/fmp-components.com\/de\/product\/forging-spur-gear\/","title":{"rendered":"Schmiedestirnrad"},"content":{"rendered":"<h2>Stirnradschmieden: Pr\u00e4zisionsfertigung durch die Firma FMP f\u00fcr Italien und dar\u00fcber hinaus<\/h2>\n<p class=\"break-words\">Wenn es um die Herstellung hochwertiger Produkte geht <a href=\"https:\/\/fmp-components.com\/de\/spur-gear-2\/\">Stirnr\u00e4der<\/a>Schmieden ist nach wie vor eine bew\u00e4hrte und fortschrittliche Fertigungstechnik. Wir von FMP Company sind spezialisiert auf die Herstellung von geschmiedeten Stirnr\u00e4dern, die den vielf\u00e4ltigen Anforderungen der italienischen Industrie gerecht werden \u2013 von Mailands Automobilzentren \u00fcber Venedigs Maschinenbaubetriebe und Florenz\u2019 Maschinenfabriken bis hin zu Bolognas Industriezentren. Wir liefern Stirnr\u00e4der in Endform- oder endkonturnaher Ausf\u00fchrung, die nur minimal nachbearbeitet werden m\u00fcssen und so Festigkeit, Langlebigkeit und Effizienz f\u00fcr Anwendungen in der Automobil-, Luft- und Raumfahrt-, Landwirtschafts- und Energiebranche sowie weiteren Bereichen gew\u00e4hrleisten.<\/p>\n<p><img loading=\"lazy\" decoding=\"async\" class=\"size-full wp-image-7421 aligncenter\" src=\"https:\/\/fmp-components.com\/wp-content\/uploads\/2025\/03\/forged-spur-gears-product-1.webp\" alt=\"geschmiedete Stirnr\u00e4der\" width=\"2000\" height=\"800\" title=\"\" srcset=\"https:\/\/fmp-components.com\/wp-content\/uploads\/2025\/03\/forged-spur-gears-product-1.webp 2000w, https:\/\/fmp-components.com\/wp-content\/uploads\/2025\/03\/forged-spur-gears-product-1-1280x512.webp 1280w, https:\/\/fmp-components.com\/wp-content\/uploads\/2025\/03\/forged-spur-gears-product-1-980x392.webp 980w, https:\/\/fmp-components.com\/wp-content\/uploads\/2025\/03\/forged-spur-gears-product-1-480x192.webp 480w\" sizes=\"(min-width: 0px) and (max-width: 480px) 480px, (min-width: 481px) and (max-width: 980px) 980px, (min-width: 981px) and (max-width: 1280px) 1280px, (min-width: 1281px) 2000px, 100vw\" \/><\/p>\n<h3>Was sind geschmiedete Stirnr\u00e4der?<\/h3>\n<p class=\"break-words\">Geschmiedete Stirnr\u00e4der entstehen in einem pr\u00e4zisen Gesenkschmiedeverfahren, bei dem erhitzte Metallbl\u00f6cke \u2013 beispielsweise aus niedriglegiertem Stahl, Messing, Aluminiumlegierungen, Edelstahl, Titan oder hitzebest\u00e4ndigen Legierungen \u2013 unter hohem Druck mithilfe spezieller Gesenke geformt werden. Durch dieses Verfahren wird das Metallgef\u00fcge verdichtet, wodurch Zahnr\u00e4der mit au\u00dfergew\u00f6hnlicher Dauerfestigkeit und Tragf\u00e4higkeit entstehen. Im Gegensatz zu geschnittenen Zahnr\u00e4dern weisen geschmiedete Stirnr\u00e4der einen konturierten Faserverlauf auf, der dem Zahnprofil folgt und so die Festigkeit erh\u00f6ht, ohne die Abmessungen zu vergr\u00f6\u00dfern. Bei FMP setzen wir Verfahren wie das Gesenkschmieden und das Hochenergieschmieden (HERF) ein, um Zahnr\u00e4der herzustellen, die strengste Toleranz- und Oberfl\u00e4chennormen erf\u00fcllen.<\/p>\n<div>\n<h3>Der Schmiedeprozess bei FMP<\/h3>\n<p class=\"break-words\">Bei FMP Company ist unser Schmiedeprozess auf Pr\u00e4zision, Effizienz und Langlebigkeit ausgelegt und bedient ein breites Spektrum an Branchen \u2013 darunter auch Anwendungen im Schwermaschinenbau in Italien und dar\u00fcber hinaus. Ob kompakte Stirnr\u00e4der f\u00fcr die Automobilindustrie oder massive, geschmiedete Stirnr\u00e4der aus 40CrMn mit 600 mm Durchmesser f\u00fcr Kugelm\u00fchlen: Unsere fortschrittlichen Verfahren garantieren h\u00f6chste Qualit\u00e4t. So entstehen unsere geschmiedeten Stirnr\u00e4der:<\/p>\n<ol class=\"marker:text-secondary\">\n<li class=\"break-words\"><strong>Zahnradrohling erw\u00e4rmen<\/strong>Wir erhitzen Metallbl\u00f6cke auf pr\u00e4zise Temperaturen \u2013 beispielsweise 1230 \u00b0C f\u00fcr 8620-Stahl oder individuell angepasste Temperaturbereiche f\u00fcr 40CrMn \u2013, um die Bearbeitbarkeit zu verbessern und ein gleichm\u00e4\u00dfiges Schmieden zu gew\u00e4hrleisten. Dieser Schritt ist entscheidend f\u00fcr die Erzielung der erforderlichen Festigkeit bei hochbelasteten Zahnr\u00e4dern.<\/li>\n<li class=\"break-words\"><strong>Gesenkschmieden<\/strong>Mithilfe modernster Pressen und des Hochenergie-Schmiedeverfahrens (HERF) formen wir Rohlinge mit minimalen Umformschritten in endkonturnahe Formen. Hochgeschwindigkeitsstempel \u00fcbertragen Kr\u00e4fte von beispielsweise 353.000 J, um ein 4,5 kg schweres Stirnrad aus einem 75 mm dicken Rohling aus 8620-Stahl in einem einzigen Schlag zu schmieden, oder bis zu 271.000 J f\u00fcr ein 11 kg schweres Schwungrad aus Grauguss der G\u00fcteklasse 40.<\/li>\n<li class=\"break-words\"><strong>Zuschneiden und Fertigstellen<\/strong>\u00dcbersch\u00fcssiges Material wird fachm\u00e4nnisch entfernt und die Zahnr\u00e4der werden auf exakte Spezifikationen nachbearbeitet. Bei Standardzahnr\u00e4dern lassen wir 0,13\u20130,51 mm Material f\u00fcr die Endbearbeitung stehen, w\u00e4hrend hochbelastbare Bauteile wie unsere 600 mm langen 40CrMn-Stirnr\u00e4der f\u00fcr Kugelm\u00fchlen auf nahezu fertige Abmessungen mit Toleranzen von bis zu +0,00\/-0,18 mm geschmiedet werden.<\/li>\n<\/ol>\n<h4>Schmieden f\u00fcr schwere Maschinen<\/h4>\n<p class=\"break-words\">\u00dcber Standardanwendungen hinaus ist FMP auf die Herstellung geschmiedeter Stirnr\u00e4der f\u00fcr schwere Maschinen spezialisiert. Nehmen wir beispielsweise unser geschmiedetes Stirnrad aus 40CrMn: Mit einem Durchmesser von 600 mm ist dieses robuste Bauteil speziell f\u00fcr Kugelm\u00fchlen im Bergbau und in der industriellen Verarbeitung konzipiert. Geschmiedet aus hochfestem 40CrMn-Stahl, bietet es au\u00dfergew\u00f6hnliche Langlebigkeit und Verschlei\u00dffestigkeit und ist somit ideal f\u00fcr anspruchsvolle Umgebungen. Das in Luoyang gefertigte Stirnrad wird ab einer Mindestbestellmenge von 10 St\u00fcck in stabilen Holzkisten verpackt und innerhalb von 25 Werktagen geliefert. Mit einer Produktionskapazit\u00e4t von 10.000 St\u00fcck und einem maximalen Schmiedegewicht von 40 Tonnen ist FMP bestens ger\u00fcstet, um den Bedarf der italienischen Schwerindustrie zu decken \u2013 von den Produktionsbetrieben in Mailand bis hin zu den Bergbauausr\u00fcstern in Bologna.<\/p>\n<table style=\"border-collapse: collapse; width: 99.375%; height: 139px;\" border=\"0\" width=\"160\" cellspacing=\"0\" cellpadding=\"0\">\n<tbody>\n<tr style=\"height: 14.40pt;\">\n<td class=\"et2\" style=\"height: 28.8pt; width: 67.3831%;\" rowspan=\"2\" width=\"80\" height=\"48\"><img loading=\"lazy\" decoding=\"async\" class=\"alignnone size-full wp-image-7427\" src=\"https:\/\/fmp-components.com\/wp-content\/uploads\/2025\/03\/Forging-Spur-Gear-heavy-machinery-4.webp\" alt=\"Schmieden-Stirnrad-Schwerlastmaschinen\" width=\"1024\" height=\"1024\" title=\"\" srcset=\"https:\/\/fmp-components.com\/wp-content\/uploads\/2025\/03\/Forging-Spur-Gear-heavy-machinery-4.webp 1024w, https:\/\/fmp-components.com\/wp-content\/uploads\/2025\/03\/Forging-Spur-Gear-heavy-machinery-4-980x980.webp 980w, https:\/\/fmp-components.com\/wp-content\/uploads\/2025\/03\/Forging-Spur-Gear-heavy-machinery-4-480x480.webp 480w\" sizes=\"(min-width: 0px) and (max-width: 480px) 480px, (min-width: 481px) and (max-width: 980px) 980px, (min-width: 981px) 1024px, 100vw\" \/><\/td>\n<td style=\"width: 32.4905%;\" align=\"right\" width=\"80\"><img loading=\"lazy\" decoding=\"async\" class=\"size-full wp-image-7426 aligncenter\" src=\"https:\/\/fmp-components.com\/wp-content\/uploads\/2025\/03\/Forging-Spur-Gear-heavy-machinery-3.webp\" alt=\"Schmieden-Stirnrad-Schwerlastmaschinen\" width=\"1024\" height=\"1024\" title=\"\" srcset=\"https:\/\/fmp-components.com\/wp-content\/uploads\/2025\/03\/Forging-Spur-Gear-heavy-machinery-3.webp 1024w, https:\/\/fmp-components.com\/wp-content\/uploads\/2025\/03\/Forging-Spur-Gear-heavy-machinery-3-980x980.webp 980w, https:\/\/fmp-components.com\/wp-content\/uploads\/2025\/03\/Forging-Spur-Gear-heavy-machinery-3-480x480.webp 480w\" sizes=\"(min-width: 0px) and (max-width: 480px) 480px, (min-width: 481px) and (max-width: 980px) 980px, (min-width: 981px) 1024px, 100vw\" \/><\/td>\n<\/tr>\n<tr style=\"height: 14.40pt;\">\n<td style=\"width: 32.4905%;\" align=\"right\"><img loading=\"lazy\" decoding=\"async\" class=\"size-full wp-image-7428 aligncenter\" src=\"https:\/\/fmp-components.com\/wp-content\/uploads\/2025\/03\/Forging-Spur-Gear-heavy-machinery-5.webp\" alt=\"Schmieden-Stirnrad-Schwerlastmaschinen\" width=\"1024\" height=\"1024\" title=\"\" srcset=\"https:\/\/fmp-components.com\/wp-content\/uploads\/2025\/03\/Forging-Spur-Gear-heavy-machinery-5.webp 1024w, https:\/\/fmp-components.com\/wp-content\/uploads\/2025\/03\/Forging-Spur-Gear-heavy-machinery-5-980x980.webp 980w, https:\/\/fmp-components.com\/wp-content\/uploads\/2025\/03\/Forging-Spur-Gear-heavy-machinery-5-480x480.webp 480w\" sizes=\"(min-width: 0px) and (max-width: 480px) 480px, (min-width: 481px) and (max-width: 980px) 980px, (min-width: 981px) 1024px, 100vw\" \/><\/td>\n<\/tr>\n<\/tbody>\n<\/table>\n<table style=\"border-collapse: collapse; width: 97.3538%; height: 5px;\" border=\"0\" width=\"162\" cellspacing=\"0\" cellpadding=\"0\">\n<tbody>\n<tr style=\"height: 14.40pt;\">\n<td style=\"height: 14.4pt; width: 43.6129%;\" align=\"right\" width=\"81\" height=\"24\"><img loading=\"lazy\" decoding=\"async\" class=\"size-full wp-image-7425 aligncenter\" src=\"https:\/\/fmp-components.com\/wp-content\/uploads\/2025\/03\/Forging-Spur-Gear-heavy-machinery-2.webp\" alt=\"Schmieden-Stirnrad-Schwerlastmaschinen\" width=\"1024\" height=\"1024\" title=\"\" srcset=\"https:\/\/fmp-components.com\/wp-content\/uploads\/2025\/03\/Forging-Spur-Gear-heavy-machinery-2.webp 1024w, https:\/\/fmp-components.com\/wp-content\/uploads\/2025\/03\/Forging-Spur-Gear-heavy-machinery-2-980x980.webp 980w, https:\/\/fmp-components.com\/wp-content\/uploads\/2025\/03\/Forging-Spur-Gear-heavy-machinery-2-480x480.webp 480w\" sizes=\"(min-width: 0px) and (max-width: 480px) 480px, (min-width: 481px) and (max-width: 980px) 980px, (min-width: 981px) 1024px, 100vw\" \/><\/td>\n<td style=\"width: 56.2581%;\" align=\"right\" width=\"81\"><img loading=\"lazy\" decoding=\"async\" class=\"size-full wp-image-7429 aligncenter\" src=\"https:\/\/fmp-components.com\/wp-content\/uploads\/2025\/03\/Forging-Spur-Gear-heavy-machinery-1.webp\" alt=\"Schmieden-Stirnrad-Schwerlastmaschinen\" width=\"1024\" height=\"768\" title=\"\" srcset=\"https:\/\/fmp-components.com\/wp-content\/uploads\/2025\/03\/Forging-Spur-Gear-heavy-machinery-1.webp 1024w, https:\/\/fmp-components.com\/wp-content\/uploads\/2025\/03\/Forging-Spur-Gear-heavy-machinery-1-980x735.webp 980w, https:\/\/fmp-components.com\/wp-content\/uploads\/2025\/03\/Forging-Spur-Gear-heavy-machinery-1-480x360.webp 480w\" sizes=\"(min-width: 0px) and (max-width: 480px) 480px, (min-width: 481px) and (max-width: 980px) 980px, (min-width: 981px) 1024px, 100vw\" \/><\/td>\n<\/tr>\n<\/tbody>\n<\/table>\n<h4>Technische Exzellenz in jedem Gang<\/h4>\n<p class=\"break-words\">Unsere Kompetenzen umfassen gro\u00dfformatige Zahnradwellen und kundenspezifische Schmiedeteile, wie beispielsweise unsere ma\u00dfgeschneiderten Stirnradwellen mit gro\u00dfem Modul aus Werkstoffen wie 35#, 45#, 40Cr oder 42CrMo. Diese Bauteile mit Durchmessern bis zu 1850 mm und L\u00e4ngen bis zu 12 Metern finden breite Anwendung in Getrieben, Drehzahlreglern und Drehsystemen f\u00fcr zivile und industrielle Anlagen. Dank einer Bearbeitungsgenauigkeit von 0,01 mm und strengen Pr\u00fcfverfahren (Ultraschall-, Magnet-, Zug- und Eindringpr\u00fcfung) gew\u00e4hrleisten wir, dass jedes Zahnrad internationalen Normen wie DIN, GB und ISO entspricht.<\/p>\n<h4>Beispiele aus der Praxis<\/h4>\n<ul class=\"marker:text-secondary\">\n<li class=\"break-words\">Ein 4,5 kg schweres Stirnrad aus 8620-Stahl erreicht eine nahezu endformnahe Gestalt mit einem Steg in Enddicke und minimalem Zahnmaterial und ist bereit f\u00fcr die Endbearbeitung in Anwendungen wie Automobilgetrieben.<\/li>\n<li class=\"break-words\">Ein 11 kg schweres Schwungrad f\u00fcr Kraftfahrzeuge, geschmiedet aus Grauguss der G\u00fcteklasse 40 bei 955\u00b0C und 271.000 J, erf\u00fcllt enge Toleranzen f\u00fcr den sofortigen Einsatz.<\/li>\n<li class=\"break-words\">Unser 600 mm Stirnrad aus 40CrMn, das f\u00fcr Kugelm\u00fchlen gefertigt wurde, demonstriert unsere F\u00e4higkeit, gro\u00dfe, leistungsstarke Zahnr\u00e4der f\u00fcr schwere Maschinen zu schmieden. Oberfl\u00e4chenbehandlungen wie H\u00e4rten oder Polieren sind auf Anfrage m\u00f6glich.<\/li>\n<\/ul>\n<p class=\"break-words\">Bei FMP verbinden wir Pr\u00e4zisionsschmieden mit der F\u00e4higkeit, auch unter extremen Belastungen zuverl\u00e4ssig zu arbeiten, und gew\u00e4hrleisten so eine un\u00fcbertroffene Zuverl\u00e4ssigkeit und Leistung unserer Zahnr\u00e4der.<\/p>\n<table style=\"border-collapse: collapse; width: 99.875%; height: 99px;\" border=\"0\" width=\"160\" cellspacing=\"0\" cellpadding=\"0\">\n<tbody>\n<tr style=\"height: 14.40pt;\">\n<td style=\"height: 14.40pt; width: 48.00pt;\" align=\"right\" width=\"80\" height=\"24\"><img loading=\"lazy\" decoding=\"async\" class=\"size-full wp-image-7430 aligncenter\" src=\"https:\/\/fmp-components.com\/wp-content\/uploads\/2025\/03\/Forging-Spur-Gear-heavy-machinery-7.webp\" alt=\"Schmieden-Stirnrad-Schwerlastmaschinen\" width=\"680\" height=\"680\" title=\"\" srcset=\"https:\/\/fmp-components.com\/wp-content\/uploads\/2025\/03\/Forging-Spur-Gear-heavy-machinery-7.webp 680w, https:\/\/fmp-components.com\/wp-content\/uploads\/2025\/03\/Forging-Spur-Gear-heavy-machinery-7-480x480.webp 480w\" sizes=\"(min-width: 0px) and (max-width: 480px) 480px, (min-width: 481px) 680px, 100vw\" \/><\/td>\n<td style=\"width: 48.00pt;\" align=\"right\" width=\"80\"><img loading=\"lazy\" decoding=\"async\" class=\"size-full wp-image-7431 aligncenter\" src=\"https:\/\/fmp-components.com\/wp-content\/uploads\/2025\/03\/Forging-Spur-Gear-heavy-machinery-6.webp\" alt=\"Schmieden-Stirnrad-Schwerlastmaschinen\" width=\"680\" height=\"680\" title=\"\" srcset=\"https:\/\/fmp-components.com\/wp-content\/uploads\/2025\/03\/Forging-Spur-Gear-heavy-machinery-6.webp 680w, https:\/\/fmp-components.com\/wp-content\/uploads\/2025\/03\/Forging-Spur-Gear-heavy-machinery-6-480x480.webp 480w\" sizes=\"(min-width: 0px) and (max-width: 480px) 480px, (min-width: 481px) 680px, 100vw\" \/><\/td>\n<\/tr>\n<\/tbody>\n<\/table>\n<\/div>","protected":false},"excerpt":{"rendered":"<p>Forging Spur Gears: Precision Manufacturing by FMP Company for Italy and Beyond When it comes to producing high-quality spur gears, forging remains a time-honored and advanced manufacturing technique. At FMP Company, we specialize in crafting forging spur gears that meet the diverse needs of industries across Italy\u2014from Milan\u2019s automotive hubs to Venice\u2019s engineering workshops, Florence\u2019s [&hellip;]<\/p>","protected":false},"featured_media":7422,"comment_status":"open","ping_status":"closed","template":"","meta":{"_et_pb_use_builder":"","_et_pb_old_content":"","_et_gb_content_width":""},"product_brand":[],"product_cat":[109],"product_tag":[],"class_list":{"0":"post-7420","1":"product","2":"type-product","3":"status-publish","4":"has-post-thumbnail","6":"product_cat-spur-gear","8":"first","9":"instock","10":"shipping-taxable","11":"product-type-simple"},"_links":{"self":[{"href":"https:\/\/fmp-components.com\/de\/wp-json\/wp\/v2\/product\/7420","targetHints":{"allow":["GET"]}}],"collection":[{"href":"https:\/\/fmp-components.com\/de\/wp-json\/wp\/v2\/product"}],"about":[{"href":"https:\/\/fmp-components.com\/de\/wp-json\/wp\/v2\/types\/product"}],"replies":[{"embeddable":true,"href":"https:\/\/fmp-components.com\/de\/wp-json\/wp\/v2\/comments?post=7420"}],"wp:featuredmedia":[{"embeddable":true,"href":"https:\/\/fmp-components.com\/de\/wp-json\/wp\/v2\/media\/7422"}],"wp:attachment":[{"href":"https:\/\/fmp-components.com\/de\/wp-json\/wp\/v2\/media?parent=7420"}],"wp:term":[{"taxonomy":"product_brand","embeddable":true,"href":"https:\/\/fmp-components.com\/de\/wp-json\/wp\/v2\/product_brand?post=7420"},{"taxonomy":"product_cat","embeddable":true,"href":"https:\/\/fmp-components.com\/de\/wp-json\/wp\/v2\/product_cat?post=7420"},{"taxonomy":"product_tag","embeddable":true,"href":"https:\/\/fmp-components.com\/de\/wp-json\/wp\/v2\/product_tag?post=7420"}],"curies":[{"name":"wp","href":"https:\/\/api.w.org\/{rel}","templated":true}]}}