{"id":7404,"date":"2025-03-25T07:23:21","date_gmt":"2025-03-25T07:23:21","guid":{"rendered":"https:\/\/fmp-components.com\/?post_type=product&#038;p=7404"},"modified":"2025-03-26T08:39:36","modified_gmt":"2025-03-26T08:39:36","slug":"medical-stainless-spur-gear","status":"publish","type":"product","link":"https:\/\/fmp-components.com\/de\/product\/medical-stainless-spur-gear\/","title":{"rendered":"Medizinisches Stirnrad aus Edelstahl"},"content":{"rendered":"<div>\n<h3>Stirnr\u00e4der aus Edelstahl in medizinischen Anwendungen<\/h3>\n<p class=\"break-words\">Im Bereich der Pr\u00e4zisionstechnik spielen Stirnr\u00e4der aus Edelstahl eine entscheidende Rolle und finden in verschiedenen Branchen, insbesondere im Medizinsektor, Anwendung. Wir bei FMP sind auf die Fertigung hochwertiger Stirnr\u00e4der aus Edelstahl spezialisiert, die speziell f\u00fcr die hohen Anforderungen medizinischer Ger\u00e4te entwickelt wurden. Ob in Mailand, Venedig, Florenz, Bologna oder anderswo in Italien \u2013 unsere Expertise garantiert Ihnen langlebige und zuverl\u00e4ssige Stirnr\u00e4der. <a href=\"https:\/\/fmp-components.com\/de\/spur-gear-2\/\">Stirnr\u00e4der<\/a> werden mit Bravour erf\u00fcllt.<\/p>\n<table style=\"border-collapse: collapse; width: 98.7077%; height: 14px;\" border=\"0\" width=\"162\" cellspacing=\"0\" cellpadding=\"0\">\n<tbody>\n<tr style=\"height: 14.40pt;\">\n<td style=\"height: 14px; width: 49.8728%;\" align=\"right\" width=\"81\" height=\"24\"><img loading=\"lazy\" decoding=\"async\" class=\"size-full wp-image-7414 aligncenter\" src=\"https:\/\/fmp-components.com\/wp-content\/uploads\/2025\/03\/Stainless-steel-Spur-Gear-1.webp\" alt=\"Edelstahl-Stirnrad\" width=\"250\" height=\"250\" title=\"\" srcset=\"https:\/\/fmp-components.com\/wp-content\/uploads\/2025\/03\/Stainless-steel-Spur-Gear-1.webp 250w, https:\/\/fmp-components.com\/wp-content\/uploads\/2025\/03\/Stainless-steel-Spur-Gear-1-150x150.webp 150w, https:\/\/fmp-components.com\/wp-content\/uploads\/2025\/03\/Stainless-steel-Spur-Gear-1-12x12.webp 12w, https:\/\/fmp-components.com\/wp-content\/uploads\/2025\/03\/Stainless-steel-Spur-Gear-1-100x100.webp 100w\" sizes=\"(max-width: 250px) 100vw, 250px\" \/><\/td>\n<td style=\"width: 49.8728%; height: 14px;\" align=\"right\" width=\"81\"><img loading=\"lazy\" decoding=\"async\" class=\"size-full wp-image-7413 aligncenter\" src=\"https:\/\/fmp-components.com\/wp-content\/uploads\/2025\/03\/Stainless-steel-Spur-Gear-2.webp\" alt=\"Edelstahl-Stirnrad\" width=\"300\" height=\"300\" title=\"\" srcset=\"https:\/\/fmp-components.com\/wp-content\/uploads\/2025\/03\/Stainless-steel-Spur-Gear-2.webp 300w, https:\/\/fmp-components.com\/wp-content\/uploads\/2025\/03\/Stainless-steel-Spur-Gear-2-150x150.webp 150w, https:\/\/fmp-components.com\/wp-content\/uploads\/2025\/03\/Stainless-steel-Spur-Gear-2-12x12.webp 12w, https:\/\/fmp-components.com\/wp-content\/uploads\/2025\/03\/Stainless-steel-Spur-Gear-2-100x100.webp 100w\" sizes=\"(max-width: 300px) 100vw, 300px\" \/><\/td>\n<\/tr>\n<\/tbody>\n<\/table>\n<h2>Was sind Stirnr\u00e4der aus Edelstahl?<\/h2>\n<p class=\"break-words\">Stirnr\u00e4der sind die einfachste und kosteng\u00fcnstigste Art von Pr\u00e4zisionszahnr\u00e4dern. Sie zeichnen sich durch gerade, parallel zur Drehachse ausgerichtete Z\u00e4hne aus. Diese Zahnr\u00e4der \u00fcbertragen Bewegung und Kraft effizient zwischen parallelen, in entgegengesetzte Richtungen rotierenden Wellen. Dank seiner Korrosionsbest\u00e4ndigkeit und Langlebigkeit ist Edelstahl die ideale Wahl f\u00fcr Anwendungen, die Hygiene und Langlebigkeit erfordern \u2013 wichtige Eigenschaften im medizinischen Bereich.<\/p>\n<p class=\"break-words\">Bei FMP bieten wir Stirnr\u00e4der an, die die Qualit\u00e4tsstandards der AGMA (American Gear Manufacturers Association) erf\u00fcllen und \u00fcbertreffen. Unsere Stirnr\u00e4der aus Edelstahl sind mit individuellen Anpassungsm\u00f6glichkeiten erh\u00e4ltlich, darunter Eingriffswinkel von 14,5\u00b0 oder 20\u00b0, verschiedene Bohrungsgr\u00f6\u00dfen und Teilkreisdurchmesser von 4 DP bis 96 DP.<\/p>\n<\/div>\n<h2>Spezifikation<\/h2>\n<p>Abmessungen: \u03a63mm- \u03a6120mm<br \/>\nModul: M0.25<br \/>\nMaterialart: Edelstahl, gem\u00e4\u00df Kundenwunsch<\/p>\n<div class=\"table-responsive\">\n<table class=\"table\" style=\"width: 101.186%; height: 344px;\" border=\"1\">\n<tbody>\n<tr>\n<td colspan=\"2\">Zahnrad aus medizinischem Edelstahl<\/td>\n<\/tr>\n<tr>\n<td>Dimension<\/td>\n<td>\u03a65mm<\/td>\n<\/tr>\n<tr>\n<td>Modul<\/td>\n<td>M0.15, M0.2, M0.25-M0.8, M0.8<br \/>\nM1.0<\/td>\n<\/tr>\n<tr>\n<td>Materialtyp<\/td>\n<td>Edelstahl<\/td>\n<\/tr>\n<tr>\n<td>Vernetzungsgrad<\/td>\n<td>ISO 6, JGMA 1, JIS 6, AGMA 13, DIN 6, Din5, AGMA12<\/td>\n<\/tr>\n<tr>\n<td>Anwendung<\/td>\n<td>Automobilindustrie, Milit\u00e4r, Luftfahrt, Maschinenbau<\/td>\n<\/tr>\n<tr>\n<td>Ma\u00dfgeschneidert<\/td>\n<td>ODM\/OEM<\/td>\n<\/tr>\n<tr>\n<td>Probe<\/td>\n<td>Muster verf\u00fcgbar<\/td>\n<\/tr>\n<tr>\n<td>Verpackungsarten<\/td>\n<td>Vakuumverpackt mit Kunststoffschale<\/td>\n<\/tr>\n<tr>\n<td>Lieferarten<\/td>\n<td>DHL UPS<\/td>\n<\/tr>\n<tr>\n<td>Zertifikat<\/td>\n<td>ISO 9001: 2008\/TS16949<\/td>\n<\/tr>\n<\/tbody>\n<\/table>\n<div>\n<h3>Anwendungen von Stirnr\u00e4dern aus Edelstahl in medizinischen Ger\u00e4ten<\/h3>\n<p class=\"break-words\">In der Medizintechnik sind Pr\u00e4zision, Zuverl\u00e4ssigkeit und Sauberkeit unerl\u00e4sslich. Stirnr\u00e4der aus Edelstahl spielen eine entscheidende Rolle in Ger\u00e4ten wie beispielsweise:<\/p>\n<ul class=\"marker:text-secondary\">\n<li class=\"break-words\"><strong>Zentrifugen<\/strong>Diese Maschinen, die in Laboren in Mailand und Bologna zur Trennung von Fl\u00fcssigkeiten eingesetzt werden, nutzen Stirnr\u00e4der f\u00fcr eine gleichm\u00e4\u00dfige Rotationskraft.<\/li>\n<li class=\"break-words\"><strong>Medizinische Pumpen<\/strong>Von Infusionspumpen bis hin zu Dialyseger\u00e4ten \u2013 Stirnr\u00e4der aus Edelstahl gew\u00e4hrleisten eine reibungslose und pr\u00e4zise Fl\u00fcssigkeitszufuhr, eine Notwendigkeit in Krankenh\u00e4usern in Venedig und Florenz.<\/li>\n<li class=\"break-words\"><strong>Chirurgische Instrumente<\/strong>Pr\u00e4zisionsinstrumente wie robotergest\u00fctzte chirurgische Systeme sind f\u00fcr eine einwandfreie Funktion auf die Langlebigkeit und Korrosionsbest\u00e4ndigkeit von Edelstahlzahnr\u00e4dern angewiesen.<\/li>\n<li class=\"break-words\"><strong>Wagenheber und Hebezeuge<\/strong>Bei Rehabilitationsger\u00e4ten oder Operationstischen sorgen Stirnr\u00e4der f\u00fcr die notwendige mechanische \u00dcbersetzung, die f\u00fcr ein sicheres Patientenhandling erforderlich ist.<\/li>\n<\/ul>\n<p class=\"break-words\">Die inh\u00e4renten Eigenschaften von Edelstahl \u2013 Rostbest\u00e4ndigkeit, einfache Sterilisierbarkeit und Festigkeit \u2013 machen ihn zum Material der Wahl f\u00fcr diese Anwendungen und gew\u00e4hrleisten die Einhaltung strenger medizinischer Standards.<\/p>\n<div>\n<h4>FMP: Ihr zuverl\u00e4ssiger Partner f\u00fcr Stirnr\u00e4der aus Edelstahl in Italien<\/h4>\n<p class=\"break-words\">Wir bei FMP sind stolz darauf, ein f\u00fchrender Hersteller von Stirnr\u00e4dern aus Edelstahl zu sein und Erstausr\u00fcster, H\u00e4ndler und den Pr\u00e4zisionsmaschinenbau zu beliefern. Dank unserer langj\u00e4hrigen Erfahrung fertigen wir ein breites Sortiment an Stirnr\u00e4dern aus verschiedenen Materialien, darunter Stahl, Edelstahl, Aluminium und Messing. Unser Angebot umfasst:<\/p>\n<ul class=\"marker:text-secondary\">\n<li class=\"break-words\"><strong>Serienm\u00e4\u00dfige Stirnr\u00e4der<\/strong>Erh\u00e4ltlich mit Naben, Bohrungsgr\u00f6\u00dfen ab 0,437 Zoll und individuell anpassbaren Teilkreisdurchmessern.<\/li>\n<li class=\"break-words\"><strong>Kundenspezifische Stirnr\u00e4der<\/strong>: Zugeschnitten auf Ihre spezifischen Anforderungen, sei es eine besondere Z\u00e4hnezahl, ein bestimmter Druckwinkel oder ein bestimmtes Material.<\/li>\n<\/ul>\n<p class=\"break-words\">Wir wissen, dass jedes Projekt einzigartig ist. Deshalb bieten wir unseren Kunden in ganz Italien \u2013 von Mailands pulsierenden Industriezentren bis hin zu Venedigs innovativer Tech-Szene \u2013 kundenspezifische Zahnradfertigung an. Ob Stirnr\u00e4der, Kegelr\u00e4der, Schr\u00e4gverzahnungen oder sogar Zahnradrohlinge: Unsere Ingenieure liefern Ihnen pr\u00e4zisionsgefertigte L\u00f6sungen.<\/p>\n<h4>Sie finden Ihr Modell nicht? Kontaktieren Sie uns!<\/h4>\n<p class=\"break-words\">Falls Sie in unserer Produktliste das gew\u00fcnschte Stirnrad aus Edelstahl nicht finden, keine Sorge \u2013 wir haben es wahrscheinlich noch nicht hochgeladen. Unser Sortiment ist umfangreich und unsere M\u00f6glichkeiten gehen weit \u00fcber das hier Aufgef\u00fchrte hinaus. Senden Sie uns einfach eine E-Mail mit Ihren Anforderungen, und unser Team wird Ihnen innerhalb k\u00fcrzester Zeit antworten. <strong>24 Stunden<\/strong>.<\/p>\n<p class=\"break-words\">\n<\/div>\n<\/div>\n<\/div>","protected":false},"excerpt":{"rendered":"<p>Stainless Steel Spur Gears in Medical Applications When it comes to precision engineering, stainless steel spur gears stand out as a vital component across various industries, particularly in the medical sector. At FMP, we specialize in producing high-quality stainless steel spur gears tailored to meet the rigorous demands of medical equipment. Whether you\u2019re in Milan, [&hellip;]<\/p>","protected":false},"featured_media":7412,"comment_status":"open","ping_status":"closed","template":"","meta":{"_et_pb_use_builder":"","_et_pb_old_content":"","_et_gb_content_width":""},"product_brand":[],"product_cat":[109],"product_tag":[],"class_list":{"0":"post-7404","1":"product","2":"type-product","3":"status-publish","4":"has-post-thumbnail","6":"product_cat-spur-gear","8":"first","9":"instock","10":"shipping-taxable","11":"product-type-simple"},"_links":{"self":[{"href":"https:\/\/fmp-components.com\/de\/wp-json\/wp\/v2\/product\/7404","targetHints":{"allow":["GET"]}}],"collection":[{"href":"https:\/\/fmp-components.com\/de\/wp-json\/wp\/v2\/product"}],"about":[{"href":"https:\/\/fmp-components.com\/de\/wp-json\/wp\/v2\/types\/product"}],"replies":[{"embeddable":true,"href":"https:\/\/fmp-components.com\/de\/wp-json\/wp\/v2\/comments?post=7404"}],"wp:featuredmedia":[{"embeddable":true,"href":"https:\/\/fmp-components.com\/de\/wp-json\/wp\/v2\/media\/7412"}],"wp:attachment":[{"href":"https:\/\/fmp-components.com\/de\/wp-json\/wp\/v2\/media?parent=7404"}],"wp:term":[{"taxonomy":"product_brand","embeddable":true,"href":"https:\/\/fmp-components.com\/de\/wp-json\/wp\/v2\/product_brand?post=7404"},{"taxonomy":"product_cat","embeddable":true,"href":"https:\/\/fmp-components.com\/de\/wp-json\/wp\/v2\/product_cat?post=7404"},{"taxonomy":"product_tag","embeddable":true,"href":"https:\/\/fmp-components.com\/de\/wp-json\/wp\/v2\/product_tag?post=7404"}],"curies":[{"name":"wp","href":"https:\/\/api.w.org\/{rel}","templated":true}]}}