{"id":7390,"date":"2025-03-25T02:48:22","date_gmt":"2025-03-25T02:48:22","guid":{"rendered":"https:\/\/fmp-components.com\/?post_type=product&#038;p=7390"},"modified":"2025-03-26T08:40:29","modified_gmt":"2025-03-26T08:40:29","slug":"tractor-spur-gears","status":"publish","type":"product","link":"https:\/\/fmp-components.com\/de\/product\/tractor-spur-gears\/","title":{"rendered":"Traktor-Stirnr\u00e4der"},"content":{"rendered":"<div>\n<h3>Die Rolle von Stirnr\u00e4dern in Traktoren<\/h3>\n<p class=\"break-words\">Wenn es um die robusten Maschinen geht, die Italiens landwirtschaftliche Kerngebiete \u2013 wie die fruchtbaren Felder bei Mailand, die sanften H\u00fcgel der Toskana um Florenz oder die produktiven Ebenen um Bologna \u2013 antreiben, sind Traktoren unverzichtbar. Das Herzst\u00fcck dieser Maschinen bildet eine entscheidende Komponente: der <a href=\"https:\/\/fmp-components.com\/de\/spur-gear-2\/\">Stirnrad<\/a>Als f\u00fchrender Hersteller von hochwertigen Stirnr\u00e4dern unterst\u00fctzt die FMP Company mit Stolz Branchen in ganz Italien, von Venedig bis Florenz, mit pr\u00e4zisionsgefertigten L\u00f6sungen, die auf Traktorenanwendungen und dar\u00fcber hinaus zugeschnitten sind.<\/p>\n<table style=\"border-collapse: collapse; width: 97.3608%; height: 31px;\" border=\"0\" width=\"243\" cellspacing=\"0\" cellpadding=\"0\">\n<tbody>\n<tr style=\"height: 14.40pt;\">\n<td style=\"height: 14.40pt; width: 48.60pt;\" align=\"right\" width=\"81\" height=\"24\">\u00a0<img loading=\"lazy\" decoding=\"async\" class=\"size-full wp-image-7393 aligncenter\" src=\"https:\/\/fmp-components.com\/wp-content\/uploads\/2025\/03\/spur-gear-in-tractor-2.webp\" alt=\"Stirnrad im Traktor\" width=\"800\" height=\"800\" title=\"\" srcset=\"https:\/\/fmp-components.com\/wp-content\/uploads\/2025\/03\/spur-gear-in-tractor-2.webp 800w, https:\/\/fmp-components.com\/wp-content\/uploads\/2025\/03\/spur-gear-in-tractor-2-480x480.webp 480w\" sizes=\"(min-width: 0px) and (max-width: 480px) 480px, (min-width: 481px) 800px, 100vw\" \/><\/td>\n<td style=\"width: 48.60pt;\" align=\"right\" width=\"81\"><img loading=\"lazy\" decoding=\"async\" class=\"size-full wp-image-7394 aligncenter\" src=\"https:\/\/fmp-components.com\/wp-content\/uploads\/2025\/03\/spur-gear-in-tractor-3.webp\" alt=\"Stirnrad im Traktor\" width=\"800\" height=\"800\" title=\"\" srcset=\"https:\/\/fmp-components.com\/wp-content\/uploads\/2025\/03\/spur-gear-in-tractor-3.webp 800w, https:\/\/fmp-components.com\/wp-content\/uploads\/2025\/03\/spur-gear-in-tractor-3-480x480.webp 480w\" sizes=\"(min-width: 0px) and (max-width: 480px) 480px, (min-width: 481px) 800px, 100vw\" \/><\/td>\n<td style=\"width: 48.60pt;\" align=\"right\" width=\"81\"><img loading=\"lazy\" decoding=\"async\" class=\"size-full wp-image-7392 aligncenter\" src=\"https:\/\/fmp-components.com\/wp-content\/uploads\/2025\/03\/spur-gear-in-tractor-1.webp\" alt=\"Stirnrad im Traktor\" width=\"800\" height=\"800\" title=\"\" srcset=\"https:\/\/fmp-components.com\/wp-content\/uploads\/2025\/03\/spur-gear-in-tractor-1.webp 800w, https:\/\/fmp-components.com\/wp-content\/uploads\/2025\/03\/spur-gear-in-tractor-1-480x480.webp 480w\" sizes=\"(min-width: 0px) and (max-width: 480px) 480px, (min-width: 481px) 800px, 100vw\" \/><\/td>\n<\/tr>\n<\/tbody>\n<\/table>\n<\/div>\n<h3>Technische Daten<\/h3>\n<table style=\"width: 103.5%; height: 281px;\" border=\"1\">\n<tbody>\n<tr>\n<td style=\"width: 33.1311%;\"><strong>Produktname<\/strong><\/td>\n<td style=\"width: 66.1408%;\">Traktor-Stirnradgetriebe mit 17 Z\u00e4hnen<\/td>\n<\/tr>\n<tr>\n<td style=\"width: 33.1311%;\"><strong>Anwendung\u00a0<\/strong><\/td>\n<td style=\"width: 66.1408%;\">Traktor<\/td>\n<\/tr>\n<tr>\n<td style=\"width: 33.1311%;\"><strong>Materialien<\/strong><\/td>\n<td style=\"width: 66.1408%;\">Stahl<\/td>\n<\/tr>\n<tr>\n<td style=\"width: 33.1311%;\"><strong>Gr\u00f6\u00dfe<\/strong><\/td>\n<td style=\"width: 66.1408%;\">5 cm \u00d7 9 cm \u00d7 9 cm<\/td>\n<\/tr>\n<tr>\n<td style=\"width: 33.1311%;\"><strong>Gewicht<\/strong><\/td>\n<td style=\"width: 66.1408%;\">0,87 kg<\/td>\n<\/tr>\n<tr>\n<td style=\"width: 33.1311%;\"><strong>OEM\u00a0<\/strong><\/td>\n<td style=\"width: 66.1408%;\">50-1701212A<\/td>\n<\/tr>\n<tr>\n<td style=\"width: 33.1311%;\"><strong>Mindestbestellmenge<\/strong><\/td>\n<td style=\"width: 66.1408%;\">30<\/td>\n<\/tr>\n<tr>\n<td style=\"width: 33.1311%;\"><strong>Durchmesser<\/strong><\/td>\n<td style=\"width: 66.1408%;\">9 cm<\/td>\n<\/tr>\n<tr>\n<td style=\"width: 33.1311%;\"><strong>Qualit\u00e4t<\/strong><\/td>\n<td style=\"width: 66.1408%;\">100%gepr\u00fcft<\/td>\n<\/tr>\n<tr>\n<td style=\"width: 33.1311%;\"><strong>Verpackung<\/strong><\/td>\n<td style=\"width: 66.1408%;\">Karton<\/td>\n<\/tr>\n<\/tbody>\n<\/table>\n<div>\n<h2>Stirnr\u00e4der in Traktoren<\/h2>\n<p class=\"break-words\">Bei Traktoren spielen Stirnr\u00e4der eine zentrale Rolle im Getriebe und gew\u00e4hrleisten eine gleichm\u00e4\u00dfige Kraft\u00fcbertragung vom Motor auf die R\u00e4der. Unsere Stirnr\u00e4der, wie sie beispielsweise in der Metallverarbeitung, bei Traktoren und in Pulveranwendungen zum Einsatz kommen, sind mit h\u00f6chster Pr\u00e4zision (ISO-6-Genauigkeit) gefertigt, um den anspruchsvollen Bedingungen in der Landwirtschaft gerecht zu werden. So leisten sie ihren Beitrag:<\/p>\n<ul class=\"marker:text-secondary\">\n<li class=\"break-words\"><strong>Kraft\u00fcbertragung<\/strong>Stirnr\u00e4der \u00fcbertragen die Rotationsenergie effizient zwischen parallelen Wellen und treiben so die R\u00e4der und Anbauger\u00e4te des Traktors an.<\/li>\n<li class=\"break-words\"><strong>Haltbarkeit<\/strong>Hergestellt aus robusten Materialien wie 16MnCrn5 und w\u00e4rmebehandelt durch Aufkohlen auf eine H\u00e4rte von 58-62 HRC, widerstehen unsere Zahnr\u00e4der dem Verschlei\u00df und der Beanspruchung bei anspruchsvollen Aufgaben.<\/li>\n<li class=\"break-words\"><strong>Pr\u00e4zision<\/strong>Mit einem Modul von 4,6 und einem Eingriffswinkel von 20\u00b0 verf\u00fcgen unsere Stirnr\u00e4der \u00fcber Profil- und Steigungsmodifikationen (K-Chart-optimiert) f\u00fcr minimale Ger\u00e4uschentwicklung und maximale Effizienz.<\/li>\n<\/ul>\n<p class=\"break-words\">Von den Weinbergen um Florenz bis zu den Industriezentren Mailands verlassen sich italienische Landwirte und Hersteller auf Traktoren mit zuverl\u00e4ssigen Stirnradgetrieben, um ihre Produktivit\u00e4t zu sichern. Ob beim Pfl\u00fcgen der Felder nahe Bologna oder beim Warentransport in Venedig \u2013 diese Getriebe gew\u00e4hrleisten konstante Leistung.<\/p>\n<div>\n<h4>Warum sollten Sie sich bei Stirnr\u00e4dern f\u00fcr die Firma FMP entscheiden?<\/h4>\n<p class=\"break-words\">Wir bei FMP sind auf die Herstellung eines breiten Sortiments an Stirnr\u00e4dern f\u00fcr verschiedene Branchen, darunter die Landwirtschaft, spezialisiert. Unser Produktportfolio umfasst Standardausf\u00fchrungen sowie vollst\u00e4ndig individualisierbare Optionen, die Ihren spezifischen Anforderungen gerecht werden. Dank unserer langj\u00e4hrigen Erfahrung betreuen wir Kunden in ganz Italien und stellen sicher, dass Unternehmen in Mailand, Venedig, Florenz, Bologna und dar\u00fcber hinaus Zugang zu erstklassigen Komponenten haben.<\/p>\n<ul class=\"marker:text-secondary\">\n<li class=\"break-words\"><strong>Vielfalt<\/strong>Wir fertigen Stirnr\u00e4der f\u00fcr Traktoren, metallurgische Anlagen und vieles mehr \u2013 allesamt mit Pr\u00e4zision und Sorgfalt hergestellt.<\/li>\n<li class=\"break-words\"><strong>Anpassung<\/strong>Ben\u00f6tigen Sie eine spezielle Ausr\u00fcstung f\u00fcr Ihren Traktor? Wir nehmen Sonderanfertigungen entgegen, die genau Ihren Vorgaben entsprechen.<\/li>\n<li class=\"break-words\"><strong>Unterst\u00fctzung<\/strong>Falls Sie das gew\u00fcnschte Modell nicht in unserer Produktliste finden \u2013 keine Sorge! Es ist m\u00f6glicherweise noch nicht hochgeladen. Senden Sie uns einfach eine E-Mail mit Ihren Anforderungen, und unsere Ingenieure werden Ihnen innerhalb von 24 Stunden eine L\u00f6sung anbieten.<\/li>\n<\/ul>\n<p class=\"break-words\">Italiens Agrarsektor lebt von Innovation und Zuverl\u00e4ssigkeit, und FMP ist stolz darauf, zu dieser Tradition beizutragen. Wir bei FMP setzen alles daran, Ihren Erfolg zu f\u00f6rdern \u2013 Schritt f\u00fcr Schritt.<\/p>\n<\/div>\n<\/div>","protected":false},"excerpt":{"rendered":"<p>The Role of Spur Gears in Tractors When it comes to the robust machinery powering Italy\u2019s agricultural heartlands\u2014such as the fertile fields near Milan, the rolling hills of Tuscany around Florence, or the productive plains of Bologna\u2014tractors are indispensable. At the core of these machines lies a critical component: the spur gear. As a leading [&hellip;]<\/p>","protected":false},"featured_media":7393,"comment_status":"open","ping_status":"closed","template":"","meta":{"_et_pb_use_builder":"","_et_pb_old_content":"","_et_gb_content_width":""},"product_brand":[],"product_cat":[109],"product_tag":[],"class_list":{"0":"post-7390","1":"product","2":"type-product","3":"status-publish","4":"has-post-thumbnail","6":"product_cat-spur-gear","8":"first","9":"instock","10":"shipping-taxable","11":"product-type-simple"},"_links":{"self":[{"href":"https:\/\/fmp-components.com\/de\/wp-json\/wp\/v2\/product\/7390","targetHints":{"allow":["GET"]}}],"collection":[{"href":"https:\/\/fmp-components.com\/de\/wp-json\/wp\/v2\/product"}],"about":[{"href":"https:\/\/fmp-components.com\/de\/wp-json\/wp\/v2\/types\/product"}],"replies":[{"embeddable":true,"href":"https:\/\/fmp-components.com\/de\/wp-json\/wp\/v2\/comments?post=7390"}],"wp:featuredmedia":[{"embeddable":true,"href":"https:\/\/fmp-components.com\/de\/wp-json\/wp\/v2\/media\/7393"}],"wp:attachment":[{"href":"https:\/\/fmp-components.com\/de\/wp-json\/wp\/v2\/media?parent=7390"}],"wp:term":[{"taxonomy":"product_brand","embeddable":true,"href":"https:\/\/fmp-components.com\/de\/wp-json\/wp\/v2\/product_brand?post=7390"},{"taxonomy":"product_cat","embeddable":true,"href":"https:\/\/fmp-components.com\/de\/wp-json\/wp\/v2\/product_cat?post=7390"},{"taxonomy":"product_tag","embeddable":true,"href":"https:\/\/fmp-components.com\/de\/wp-json\/wp\/v2\/product_tag?post=7390"}],"curies":[{"name":"wp","href":"https:\/\/api.w.org\/{rel}","templated":true}]}}