{"id":7380,"date":"2025-03-24T06:05:22","date_gmt":"2025-03-24T06:05:22","guid":{"rendered":"https:\/\/fmp-components.com\/?post_type=product&#038;p=7380"},"modified":"2025-03-26T08:41:57","modified_gmt":"2025-03-26T08:41:57","slug":"plastic-helical-gear","status":"publish","type":"product","link":"https:\/\/fmp-components.com\/de\/product\/plastic-helical-gear\/","title":{"rendered":"Kunststoff-Schneckenrad"},"content":{"rendered":"<div>\n<h2>Kunststoff-Schr\u00e4gzahnr\u00e4der<\/h2>\n<p class=\"break-words\">Wenn es um effiziente Kraft\u00fcbertragung und ruhigen Lauf geht, sind Kunststoff-Schr\u00e4gverzahnungen weltweit eine Top-Wahl f\u00fcr verschiedene Branchen. Bekannt f\u00fcr ihre schr\u00e4gverzahnten Z\u00e4hne und ihren leisen Lauf, erfreuen sich diese Zahnr\u00e4der zunehmender Beliebtheit in Anwendungen von Automobilsystemen bis hin zu Industriemaschinen. Wir von FMP Company sind auf die Herstellung einer breiten Palette von Kunststoff-Schr\u00e4gverzahnungen spezialisiert. <a href=\"https:\/\/fmp-components.com\/de\/helical-gears\/\">Schr\u00e4gverzahnungen<\/a>Wir bieten sowohl Standardmodelle als auch ma\u00dfgeschneiderte L\u00f6sungen an, um den vielf\u00e4ltigen Bed\u00fcrfnissen von Unternehmen in ganz Italien gerecht zu werden \u2013 von den Produktionszentren Mailands bis hin zur maritimen Industrie Venedigs.<\/p>\n<h3>Warum Kunststoff-Schr\u00e4gverzahnungen?<\/h3>\n<p class=\"break-words\">Kunststoff-Schr\u00e4gverzahnungen vereinen die Vorteile der Schr\u00e4gverzahnung \u2013 wie den stufenweisen Zahneingriff f\u00fcr geringere Ger\u00e4uschentwicklung und h\u00f6here Belastbarkeit \u2013 mit den Vorz\u00fcgen von Kunststoffen, darunter Korrosionsbest\u00e4ndigkeit, geringes Gewicht und Wirtschaftlichkeit. Im Gegensatz zu ihren Pendants aus Metall eignen sie sich ideal f\u00fcr Anwendungen, bei denen Gewichtsreduzierung und leiser Betrieb Priorit\u00e4t haben. Daher sind sie in Wirtschaftszweigen, die in St\u00e4dten wie Bologna und Florenz florieren, unverzichtbar.<\/p>\n<\/div>\n<p><img loading=\"lazy\" decoding=\"async\" class=\"alignnone size-full wp-image-7382\" src=\"https:\/\/fmp-components.com\/wp-content\/uploads\/2025\/03\/plastic-helical-gear-2.webp\" alt=\"Kunststoff-Schr\u00e4gverzahnung\" width=\"900\" height=\"300\" title=\"\" srcset=\"https:\/\/fmp-components.com\/wp-content\/uploads\/2025\/03\/plastic-helical-gear-2.webp 900w, https:\/\/fmp-components.com\/wp-content\/uploads\/2025\/03\/plastic-helical-gear-2-480x160.webp 480w\" sizes=\"(min-width: 0px) and (max-width: 480px) 480px, (min-width: 481px) 900px, 100vw\" \/><\/p>\n<p>\u3001<\/p>\n<div>\n<h4>Materialien, die in Kunststoff-Schr\u00e4gverzahnungen verwendet werden<\/h4>\n<p class=\"break-words\">Die Leistungsf\u00e4higkeit eines Kunststoff-Schr\u00e4gverzahnungsgetriebes h\u00e4ngt ma\u00dfgeblich vom verwendeten Material ab. Bei FMP setzen wir hochwertige Polymere ein, die speziell auf bestimmte Anwendungen zugeschnitten sind. Nachfolgend finden Sie eine Tabelle mit g\u00e4ngigen Materialien und ihren Eigenschaften:<\/p>\n<div class=\"overflow-x-auto my-2\">\n<table style=\"width: 100%;\" border=\"1\" width=\"100%\" cellspacing=\"0\" cellpadding=\"0\">\n<thead class=\"border-b border-primary\/20\">\n<tr class=\"border-primary\/10\">\n<th class=\"break-words\"><strong>Material<\/strong><\/th>\n<th class=\"break-words\"><strong>Eigenschaften<\/strong><\/th>\n<th class=\"break-words\"><strong>H\u00e4ufige Anwendungen<\/strong><\/th>\n<\/tr>\n<\/thead>\n<tbody>\n<tr class=\"border-primary\/10\">\n<td class=\"break-words\"><strong>Nylon (PA)<\/strong><\/td>\n<td class=\"break-words\">Hohe Festigkeit, Verschlei\u00dffestigkeit, geringe Reibung<\/td>\n<td class=\"break-words\">Industriemaschinen, Automobilteile<\/td>\n<\/tr>\n<tr class=\"border-primary\/10\">\n<td class=\"break-words\"><strong>POM (Acetal)<\/strong><\/td>\n<td class=\"break-words\">Ausgezeichnete Dimensionsstabilit\u00e4t, geringe Feuchtigkeitsaufnahme<\/td>\n<td class=\"break-words\">Pr\u00e4zisionszahnr\u00e4der, Pumpen, F\u00f6rderb\u00e4nder<\/td>\n<\/tr>\n<tr class=\"border-primary\/10\">\n<td class=\"break-words\"><strong>SP\u00c4HEN<\/strong><\/td>\n<td class=\"break-words\">Hohe Temperaturbest\u00e4ndigkeit, Chemikalienbest\u00e4ndigkeit<\/td>\n<td class=\"break-words\">Luft- und Raumfahrt, Medizinprodukte<\/td>\n<\/tr>\n<tr class=\"border-primary\/10\">\n<td class=\"break-words\"><strong>Polycarbonat (PC)<\/strong><\/td>\n<td class=\"break-words\">Schlagfestigkeit, Transparenz<\/td>\n<td class=\"break-words\">Unterhaltungselektronik, leichte Arbeitsger\u00e4te<\/td>\n<\/tr>\n<tr class=\"border-primary\/10\">\n<td class=\"break-words\"><strong>PP (Polypropylen)<\/strong><\/td>\n<td class=\"break-words\">Leichtgewicht, chemikalienbest\u00e4ndig<\/td>\n<td class=\"break-words\">Fluidsysteme, Anwendungen mit geringer Last<\/td>\n<\/tr>\n<\/tbody>\n<\/table>\n<\/div>\n<p class=\"break-words\">Diese Materialien erm\u00f6glichen es uns, Zahnr\u00e4der herzustellen, die den spezifischen Anforderungen der Industrien in Mailand, wo Pr\u00e4zisionstechnik herrscht, oder in Venedig, wo korrosionsbest\u00e4ndige Komponenten f\u00fcr maritime Umgebungen unerl\u00e4sslich sind, gerecht werden.<\/p>\n<h4>Verf\u00fcgbare Modelle von Kunststoff-Schr\u00e4gverzahnungen<\/h4>\n<p class=\"break-words\">Die Firma FMP bietet eine Vielzahl von Kunststoff-Schr\u00e4gverzahnungen f\u00fcr unterschiedliche Anforderungen an. Nachfolgend finden Sie eine Tabelle mit einigen unserer Standardmodelle; unser Leistungsspektrum geht jedoch weit \u00fcber diese Liste hinaus:<\/p>\n<div class=\"overflow-x-auto my-2\">\n<table style=\"width: 100%;\" border=\"1\" width=\"100%\" cellspacing=\"0\" cellpadding=\"0\">\n<thead class=\"border-b border-primary\/20\">\n<tr class=\"border-primary\/10\">\n<th class=\"break-words\"><strong>Modell<\/strong><\/th>\n<th class=\"break-words\"><strong>Modul<\/strong><\/th>\n<th class=\"break-words\"><strong>Z\u00e4hnezahl<\/strong><\/th>\n<th class=\"break-words\"><strong>Druckwinkel<\/strong><\/th>\n<th class=\"break-words\"><strong>Spiralwinkel<\/strong><\/th>\n<th class=\"break-words\"><strong>Materialoptionen<\/strong><\/th>\n<\/tr>\n<\/thead>\n<tbody>\n<tr class=\"border-primary\/10\">\n<td class=\"break-words\">PHG-101<\/td>\n<td class=\"break-words\">1.0<\/td>\n<td class=\"break-words\">20<\/td>\n<td class=\"break-words\">20\u00b0<\/td>\n<td class=\"break-words\">15\u00b0<\/td>\n<td class=\"break-words\">Nylon, POM<\/td>\n<\/tr>\n<tr class=\"border-primary\/10\">\n<td class=\"break-words\">PHG-152<\/td>\n<td class=\"break-words\">1.5<\/td>\n<td class=\"break-words\">30<\/td>\n<td class=\"break-words\">20\u00b0<\/td>\n<td class=\"break-words\">20\u00b0<\/td>\n<td class=\"break-words\">POM, PEEK<\/td>\n<\/tr>\n<tr class=\"border-primary\/10\">\n<td class=\"break-words\">PHG-203<\/td>\n<td class=\"break-words\">2.0<\/td>\n<td class=\"break-words\">25<\/td>\n<td class=\"break-words\">20\u00b0<\/td>\n<td class=\"break-words\">15\u00b0<\/td>\n<td class=\"break-words\">Nylon, Polycarbonat<\/td>\n<\/tr>\n<tr class=\"border-primary\/10\">\n<td class=\"break-words\">PHG-305<\/td>\n<td class=\"break-words\">3.0<\/td>\n<td class=\"break-words\">40<\/td>\n<td class=\"break-words\">20\u00b0<\/td>\n<td class=\"break-words\">25\u00b0<\/td>\n<td class=\"break-words\">PEEK, PP<\/td>\n<\/tr>\n<tr class=\"border-primary\/10\">\n<td class=\"break-words\">PHG-Custom<\/td>\n<td class=\"break-words\">Brauch<\/td>\n<td class=\"break-words\">Brauch<\/td>\n<td class=\"break-words\">Brauch<\/td>\n<td class=\"break-words\">Brauch<\/td>\n<td class=\"break-words\">Beliebig<\/td>\n<\/tr>\n<\/tbody>\n<\/table>\n<\/div>\n<p class=\"break-words\">Diese Modelle sind f\u00fcr ein breites Anwendungsspektrum konzipiert \u2013 von kleinen Anlagen in den Handwerksbetrieben von Florenz bis hin zu Hochleistungssystemen in den Industriegebieten von Bologna. Jedes Zahnrad ist auf optimale Leistung ausgelegt und gew\u00e4hrleistet eine reibungslose Kraft\u00fcbertragung sowie Langlebigkeit.<\/p>\n<div>\n<h3>FMP Company: Ihr Partner f\u00fcr Kunststoff-Schr\u00e4gverzahnungen in Italien<\/h3>\n<p class=\"break-words\">Wir bei FMP sind stolz darauf, einer der f\u00fchrenden Hersteller von Kunststoff-Schr\u00e4gverzahnungen in Italien zu sein. Egal ob Sie in Mailand, Venedig, Florenz oder Bologna ans\u00e4ssig sind, wir bieten Ihnen:<\/p>\n<ul class=\"marker:text-secondary\">\n<li class=\"break-words\"><strong>Vielf\u00e4ltiges Produktsortiment<\/strong>Von Standardmodellen bis hin zu Spezialanfertigungen decken wir Ihren gesamten Ausr\u00fcstungsbedarf ab.<\/li>\n<li class=\"break-words\"><strong>Anpassungsdienste<\/strong>Ben\u00f6tigen Sie ein spezielles Zahnrad f\u00fcr ein bestimmtes Projekt? Unser Team kann kundenspezifische Kunststoff-Schr\u00e4gzahnr\u00e4der nach Ihren genauen Vorgaben entwerfen und fertigen.<\/li>\n<li class=\"break-words\"><strong>Lokales Fachwissen<\/strong>Wir verstehen die industrielle Landschaft Italiens und stellen sicher, dass unsere L\u00f6sungen den Bed\u00fcrfnissen der lokalen M\u00e4rkte entsprechen.<\/li>\n<\/ul>\n<h3>Sie k\u00f6nnen Ihr Modell nicht finden?<\/h3>\n<p class=\"break-words\">Sollte das gew\u00fcnschte Modell oben nicht aufgef\u00fchrt sein, keine Sorge \u2013 unser Produktkatalog wird st\u00e4ndig erweitert. M\u00f6glicherweise haben wir die neuesten Modelle noch nicht hochgeladen. Senden Sie uns einfach eine E-Mail mit Ihren Anforderungen, und unsere erfahrenen Ingenieure werden Ihnen innerhalb von 24 Stunden eine L\u00f6sung anbieten.<\/p>\n<\/div>\n<\/div>","protected":false},"excerpt":{"rendered":"<p>Plastic Helical Gears When it comes to efficient power transmission and smooth operation, Plastic Helical Gears are a top choice for industries worldwide. Known for their angled teeth and quiet performance, these gears are increasingly popular in applications ranging from automotive systems to industrial machinery. At FMP Company, we specialize in manufacturing a wide range [&hellip;]<\/p>","protected":false},"featured_media":7381,"comment_status":"open","ping_status":"closed","template":"","meta":{"_et_pb_use_builder":"","_et_pb_old_content":"","_et_gb_content_width":""},"product_brand":[],"product_cat":[108],"product_tag":[],"class_list":{"0":"post-7380","1":"product","2":"type-product","3":"status-publish","4":"has-post-thumbnail","6":"product_cat-helical-gear","8":"first","9":"instock","10":"shipping-taxable","11":"product-type-simple"},"_links":{"self":[{"href":"https:\/\/fmp-components.com\/de\/wp-json\/wp\/v2\/product\/7380","targetHints":{"allow":["GET"]}}],"collection":[{"href":"https:\/\/fmp-components.com\/de\/wp-json\/wp\/v2\/product"}],"about":[{"href":"https:\/\/fmp-components.com\/de\/wp-json\/wp\/v2\/types\/product"}],"replies":[{"embeddable":true,"href":"https:\/\/fmp-components.com\/de\/wp-json\/wp\/v2\/comments?post=7380"}],"wp:featuredmedia":[{"embeddable":true,"href":"https:\/\/fmp-components.com\/de\/wp-json\/wp\/v2\/media\/7381"}],"wp:attachment":[{"href":"https:\/\/fmp-components.com\/de\/wp-json\/wp\/v2\/media?parent=7380"}],"wp:term":[{"taxonomy":"product_brand","embeddable":true,"href":"https:\/\/fmp-components.com\/de\/wp-json\/wp\/v2\/product_brand?post=7380"},{"taxonomy":"product_cat","embeddable":true,"href":"https:\/\/fmp-components.com\/de\/wp-json\/wp\/v2\/product_cat?post=7380"},{"taxonomy":"product_tag","embeddable":true,"href":"https:\/\/fmp-components.com\/de\/wp-json\/wp\/v2\/product_tag?post=7380"}],"curies":[{"name":"wp","href":"https:\/\/api.w.org\/{rel}","templated":true}]}}