{"id":7377,"date":"2025-03-24T05:33:09","date_gmt":"2025-03-24T05:33:09","guid":{"rendered":"https:\/\/fmp-components.com\/?post_type=product&#038;p=7377"},"modified":"2025-03-26T08:42:16","modified_gmt":"2025-03-26T08:42:16","slug":"parallel-axis-helical-gears","status":"publish","type":"product","link":"https:\/\/fmp-components.com\/de\/product\/parallel-axis-helical-gears\/","title":{"rendered":"Schr\u00e4gverzahnte Zahnr\u00e4der mit parallelen Achsen"},"content":{"rendered":"<div>\n<p class=\"break-words\">Im Bereich der Pr\u00e4zisionstechnik und Kraft\u00fcbertragung erweisen sich Parallelachsen-Schr\u00e4gverzahnungen als zuverl\u00e4ssige und effiziente L\u00f6sung. Wir von FMP Company sind stolz darauf, ein f\u00fchrender Hersteller verschiedener Arten von Parallelachsen-Schr\u00e4gverzahnungen zu sein und Industrieunternehmen in ganz Italien zu beliefern \u2013 von den Industriezentren Mailand und Bologna bis hin zu den historischen St\u00e4dten Venedig und Florenz.<\/p>\n<h2>Was sind Schr\u00e4gverzahnungen mit parallelen Achsen?<\/h2>\n<p class=\"break-words\">Parallelachsige Zahnr\u00e4der sind eine Zahnradkategorie, die zur \u00dcbertragung von Bewegung und Kraft zwischen zwei parallelen Wellen dient. <a href=\"https:\/\/fmp-components.com\/de\/helical-gears\/\">Schr\u00e4gverzahnungen<\/a> Sie zeichnen sich durch ihre einzigartige Zahnform aus, bei der die Z\u00e4hne schr\u00e4g zur Achse verlaufen. Dies unterscheidet sie von Stirnr\u00e4dern, deren Z\u00e4hne gerade und parallel zur Achse verlaufen. Die schr\u00e4ge Verzahnung erm\u00f6glicht einen ruhigeren und leiseren Lauf sowie eine h\u00f6here Tragf\u00e4higkeit und macht sie somit ideal f\u00fcr ein breites Anwendungsspektrum.<\/p>\n<p class=\"break-words\">Bei FMP sind wir auf die Fertigung von Parallel-Schr\u00e4gverzahnungen spezialisiert, die ausschlie\u00dflich f\u00fcr Parallelwellenanordnungen verwendet werden. Diese Verzahnungen erfordern pr\u00e4zise Konstruktion: Zwei zusammenpassende Zahnr\u00e4der m\u00fcssen denselben Modul und Eingriffswinkel, aber entgegengesetzte Schr\u00e4gungsrichtungen aufweisen (z. B. ein rechtsdrehendes Zahnrad trifft auf ein linksdrehendes). Dies gew\u00e4hrleistet einen reibungslosen Eingriff und eine effiziente Kraft\u00fcbertragung mit Wirkungsgraden von 98,01 TP4T bis 99,51 TP4T dank des W\u00e4lzkontakts.<\/p>\n<\/div>\n<h2>Spezifikation von Stirnradgetrieben mit parallelen Achsen<\/h2>\n<table border=\"1\" width=\"100%\" cellspacing=\"0\" cellpadding=\"0\">\n<tbody>\n<tr class=\"firstRow\">\n<td width=\"132\" height=\"33\">Modellnummer<\/td>\n<td width=\"325\" height=\"33\">M1, M1.5, M2, M2.5, M3, M4, M5, M8, M12 usw.<\/td>\n<\/tr>\n<tr>\n<td width=\"132\" height=\"32\">Material<\/td>\n<td width=\"325\" height=\"32\">Messing, C45-Stahl, Edelstahl, Kupfer, POM, Aluminium, Legierungen usw.<\/td>\n<\/tr>\n<tr>\n<td width=\"132\" height=\"31\">Oberfl\u00e4chenbehandlung<\/td>\n<td width=\"325\" height=\"31\">Verzinkt, vernickelt, Passivierung, Oxidation, Eloxierung,<br \/>\nGeomet, Dacromet, Br\u00fcnierung, Phosphatierung, Pulverbeschichtung und Elektrophorese<\/td>\n<\/tr>\n<tr>\n<td width=\"132\" height=\"31\">Standard<\/td>\n<td width=\"325\" height=\"31\">ISO, DIN, ANSI, JIS, BS und Nicht-Standard.<\/td>\n<\/tr>\n<tr>\n<td width=\"132\" height=\"31\">Pr\u00e4zision<\/td>\n<td width=\"325\" height=\"31\">DIN6, DIN7, DIN8, DIN9.<\/td>\n<\/tr>\n<tr>\n<td width=\"132\" height=\"31\">Zahnbehandlung<\/td>\n<td width=\"325\" height=\"31\">Geh\u00e4rtet, gefr\u00e4st oder geschliffen<\/td>\n<\/tr>\n<tr>\n<td width=\"132\" height=\"31\">Toleranz<\/td>\n<td width=\"325\" height=\"31\">0,001 mm \u2013 0,01 mm \u2013 0,1 mm<\/td>\n<\/tr>\n<tr>\n<td width=\"132\" height=\"31\">Beenden<\/td>\n<td width=\"325\" height=\"31\">Kugelstrahlen\/Sandstrahlen, W\u00e4rmebehandlung, Gl\u00fchen, Anlassen, Polieren, Eloxieren, Verzinken<\/td>\n<\/tr>\n<tr>\n<td width=\"132\" height=\"30\">Artikelverpackung<\/td>\n<td width=\"325\" height=\"30\">Plastikt\u00fcte + Kartons oder Holzverpackung<\/td>\n<\/tr>\n<tr>\n<td width=\"132\" height=\"28\">Zahlungsbedingungen<\/td>\n<td width=\"325\" height=\"28\">T\/T, L\/C<\/td>\n<\/tr>\n<tr>\n<td width=\"132\" height=\"30\">Produktionsvorlaufzeit<\/td>\n<td width=\"325\" height=\"30\">20 Werktage f\u00fcr Muster, 25 Tage f\u00fcr die Gro\u00dfbestellung<\/td>\n<\/tr>\n<tr>\n<td width=\"132\" height=\"43\">Proben<\/td>\n<td width=\"325\" height=\"43\">Beispielpreisspanne von $2 bis $100.<br \/>\nBeispiel f\u00fcr eine Expressanfrage, die von Kunden bezahlt wird<\/td>\n<\/tr>\n<tr>\n<td width=\"132\" height=\"167\">Anwendung<\/td>\n<td width=\"325\" height=\"167\">1. Automatische Steuerungsmaschine<br \/>\n2. Halbleiterindustrie<br \/>\n3. Allgemeine Industriemaschinen<br \/>\n4. Medizinische Ger\u00e4te<br \/>\n5. Solarenergieausr\u00fcstung<br \/>\n6. Werkzeugmaschine<br \/>\n7. Parksystem<br \/>\n8. Hochgeschwindigkeits-Schienen- und Flugtransportausr\u00fcstung usw.<\/td>\n<\/tr>\n<\/tbody>\n<\/table>\n<div>\n<h4>Warum sollte man sich f\u00fcr Schr\u00e4gverzahnungen mit parallelen Achsen entscheiden?<\/h4>\n<p class=\"break-words\">Parallele Schr\u00e4gverzahnungen bieten gegen\u00fcber anderen Verzahnungsarten, wie z. B. Stirnr\u00e4dern oder gekreuzten Schr\u00e4gverzahnungen, mehrere Vorteile:<\/p>\n<ol class=\"marker:text-secondary\">\n<li class=\"break-words\"><strong>Hohe Leistungs\u00fcbertragungskapazit\u00e4t<\/strong>Dank ihrer gr\u00f6\u00dferen Zahnkontaktfl\u00e4che k\u00f6nnen Parallel-Schr\u00e4gverzahnungen im Vergleich zu Stirnr\u00e4dern gleicher Gr\u00f6\u00dfe h\u00f6here Lasten aufnehmen. Sie eignen sich f\u00fcr Anwendungen von kleinen Maschinen bis hin zu industriellen Schwerlastsystemen.<\/li>\n<li class=\"break-words\"><strong>Reibungsloser und leiser Betrieb<\/strong>Durch den allm\u00e4hlichen Eingriff der spiralf\u00f6rmigen Z\u00e4hne werden Ger\u00e4usche und Vibrationen reduziert, was sie zur bevorzugten Wahl f\u00fcr Hochgeschwindigkeitsanwendungen in St\u00e4dten wie Mailand macht, wo die Pr\u00e4zisionsfertigung floriert.<\/li>\n<li class=\"break-words\"><strong>Vielseitigkeit<\/strong>Diese Zahnr\u00e4der werden in verschiedenen Branchen eingesetzt, darunter in der Automobil-, Schiffs- und Industriegetriebeindustrie \u2013 Sektoren, die in Regionen wie Bologna und Florenz eine bedeutende Rolle spielen.<\/li>\n<\/ol>\n<p class=\"break-words\">Schr\u00e4gverzahnte Zahnr\u00e4der erzeugen jedoch aufgrund ihrer schr\u00e4gen Verzahnung Axialkr\u00e4fte entlang der Welle, weshalb Axiallager erforderlich sind. Bei FMP entwickeln unsere Ingenieure L\u00f6sungen, die dies ber\u00fccksichtigen und so optimale Leistung und Langlebigkeit gew\u00e4hrleisten.<\/p>\n<h4>FMP Company: Ihr zuverl\u00e4ssiger Partner f\u00fcr Schr\u00e4gverzahnungen mit parallelen Achsen in Italien<\/h4>\n<p class=\"break-words\">Aufbauend auf jahrelanger Erfahrung fertigt die FMP Company eine breite Palette an Schr\u00e4gverzahnungen mit parallelen Achsen, um die Bed\u00fcrfnisse ihrer Kunden in ganz Italien und dar\u00fcber hinaus zu erf\u00fcllen. Ob Sie in Venedig nach Zahnr\u00e4dern f\u00fcr Schiffsanwendungen suchen oder in Mailand Komponenten f\u00fcr moderne Maschinen ben\u00f6tigen \u2013 wir haben das Richtige f\u00fcr Sie. Unser Produktsortiment umfasst:<\/p>\n<ul class=\"marker:text-secondary\">\n<li class=\"break-words\"><strong>Standard-Parallel-Schr\u00e4gverzahnungen<\/strong>Erh\u00e4ltlich in verschiedenen Gr\u00f6\u00dfen und Ausf\u00fchrungen zur sofortigen Verwendung.<\/li>\n<li class=\"break-words\"><strong>Kundenspezifische Schr\u00e4gverzahnungen<\/strong>: Auf Ihre spezifischen Anforderungen zugeschnitten, um eine perfekte Passform f\u00fcr Ihre Anwendung zu gew\u00e4hrleisten.<\/li>\n<li class=\"break-words\"><strong>Pumpenr\u00e4der<\/strong>: Ein spezieller Typ von Parallelachsengetriebe, das zur Fl\u00fcssigkeitsverdr\u00e4ngung in Kraftstoffsystemen und anderen Pumpanwendungen eingesetzt wird.<\/li>\n<\/ul>\n<p class=\"break-words\">Falls Sie das gew\u00fcnschte Modell nicht in unserer Produktliste finden, keine Sorge \u2013 wir erweitern unser Angebot st\u00e4ndig. M\u00f6glicherweise hatten wir noch keine Gelegenheit, unseren Katalog mit den neuesten Designs zu aktualisieren. Senden Sie uns einfach eine E-Mail mit Ihren Anforderungen, und unsere erfahrenen Ingenieure werden Ihnen innerhalb von 24 Stunden eine ma\u00dfgeschneiderte L\u00f6sung anbieten.<\/p>\n<h3>Anwendungen von Stirnradgetrieben mit parallelen Achsen<\/h3>\n<p class=\"break-words\">Parallele Schr\u00e4gverzahnungen sind unglaublich vielseitig und daher in zahlreichen Branchen in ganz Italien unverzichtbar:<\/p>\n<ul class=\"marker:text-secondary\">\n<li class=\"break-words\"><strong>Automobilindustrie<\/strong>Wird in Getrieben zur reibungslosen Kraft\u00fcbertragung in in Mailand hergestellten Fahrzeugen verwendet.<\/li>\n<li class=\"break-words\"><strong>Schiffsantriebe<\/strong>Unverzichtbar f\u00fcr Antriebssysteme in Venedig, einer Stadt, die f\u00fcr ihr maritimes Erbe bekannt ist.<\/li>\n<li class=\"break-words\"><strong>Industriemaschinen<\/strong>: Stromversorgung von Anlagen in Fabriken in ganz Bologna, einem wichtigen Industriezentrum.<\/li>\n<li class=\"break-words\"><strong>\u00d6lm\u00fchlen<\/strong>Unterst\u00fctzung von anspruchsvollen Anwendungen in l\u00e4ndlichen Gebieten in der N\u00e4he von Florenz.<\/li>\n<\/ul>\n<p class=\"break-words\">Ihre F\u00e4higkeit, sowohl langsame als auch schnelle Betriebsabl\u00e4ufe zu bew\u00e4ltigen, kombiniert mit einer hohen Kraft\u00fcbertragungskapazit\u00e4t, macht sie unverzichtbar.<\/p>\n<\/div>","protected":false},"excerpt":{"rendered":"<p>Wenn es um Pr\u00e4zisionstechnik und Kraft\u00fcbertragung geht, erweisen sich Parallelachsen-Schr\u00e4gverzahnungen als zuverl\u00e4ssige und effiziente L\u00f6sung. Wir von FMP Company sind stolz darauf, ein f\u00fchrender Hersteller verschiedener Arten von Parallelachsen-Schr\u00e4gverzahnungen zu sein und Industrien in ganz Italien zu beliefern \u2013 von den Industriezentren Mailand und Bologna bis hin zu den historischen St\u00e4dten [\u2026]<\/p>","protected":false},"featured_media":7379,"comment_status":"open","ping_status":"closed","template":"","meta":{"_et_pb_use_builder":"","_et_pb_old_content":"","_et_gb_content_width":""},"product_brand":[],"product_cat":[108],"product_tag":[],"class_list":{"0":"post-7377","1":"product","2":"type-product","3":"status-publish","4":"has-post-thumbnail","6":"product_cat-helical-gear","8":"first","9":"instock","10":"shipping-taxable","11":"product-type-simple"},"_links":{"self":[{"href":"https:\/\/fmp-components.com\/de\/wp-json\/wp\/v2\/product\/7377","targetHints":{"allow":["GET"]}}],"collection":[{"href":"https:\/\/fmp-components.com\/de\/wp-json\/wp\/v2\/product"}],"about":[{"href":"https:\/\/fmp-components.com\/de\/wp-json\/wp\/v2\/types\/product"}],"replies":[{"embeddable":true,"href":"https:\/\/fmp-components.com\/de\/wp-json\/wp\/v2\/comments?post=7377"}],"wp:featuredmedia":[{"embeddable":true,"href":"https:\/\/fmp-components.com\/de\/wp-json\/wp\/v2\/media\/7379"}],"wp:attachment":[{"href":"https:\/\/fmp-components.com\/de\/wp-json\/wp\/v2\/media?parent=7377"}],"wp:term":[{"taxonomy":"product_brand","embeddable":true,"href":"https:\/\/fmp-components.com\/de\/wp-json\/wp\/v2\/product_brand?post=7377"},{"taxonomy":"product_cat","embeddable":true,"href":"https:\/\/fmp-components.com\/de\/wp-json\/wp\/v2\/product_cat?post=7377"},{"taxonomy":"product_tag","embeddable":true,"href":"https:\/\/fmp-components.com\/de\/wp-json\/wp\/v2\/product_tag?post=7377"}],"curies":[{"name":"wp","href":"https:\/\/api.w.org\/{rel}","templated":true}]}}