{"id":7372,"date":"2025-03-24T03:00:29","date_gmt":"2025-03-24T03:00:29","guid":{"rendered":"https:\/\/fmp-components.com\/?post_type=product&#038;p=7372"},"modified":"2025-04-08T02:34:44","modified_gmt":"2025-04-08T02:34:44","slug":"crossed-helical-gear-screw-gear","status":"publish","type":"product","link":"https:\/\/fmp-components.com\/de\/product\/crossed-helical-gear-screw-gear\/","title":{"rendered":"Gekreuztes Schr\u00e4gzahnrad (Schraubenrad)"},"content":{"rendered":"<div>\n<h2 dir=\"auto\">Schraubenr\u00e4der (gekreuzte Schr\u00e4gverzahnungen)<\/h2>\n<p class=\"break-words\" dir=\"auto\">Schraubenr\u00e4der, auch gekreuzte Schr\u00e4gverzahnungen genannt, sind spezielle Zahnr\u00e4der, die den Transport von Lasten zwischen zwei Wellen erm\u00f6glichen (\u00e4hnlich rotierenden St\u00e4ben), die sich nicht ber\u00fchren und nicht geradlinig zueinander verlaufen. Herk\u00f6mmliche Schr\u00e4gverzahnungen f\u00fcr gerade Wellen haben den gleichen Verdrehwinkel, drehen sich aber in entgegengesetzte Richtungen. Bei Schraubenr\u00e4dern hingegen sind die Verdrehwinkel beliebig, und der Winkel zwischen den Wellen entspricht \u00fcblicherweise der Summe der beiden Verdrehwinkel. Ein g\u00e4ngiger Winkel ist 90 Grad, wie in einer Ecke, aber auch andere Winkel sind m\u00f6glich. Da sich diese Zahnr\u00e4der nur an winzigen Punkten ber\u00fchren und keine gro\u00dfen Fl\u00e4chen bilden, sind sie weniger robust und effizient als andere Zahnr\u00e4der und eignen sich nicht f\u00fcr sehr schwere Lasten.<\/p>\n<h3 dir=\"auto\">Wie sie sind und wie sie funktionieren<\/h3>\n<ul class=\"marker:text-secondary\" dir=\"auto\">\n<li class=\"break-words\"><strong>Suchen<\/strong>Schraubenr\u00e4der haben Z\u00e4hne, die sich spiralf\u00f6rmig auf einer runden Scheibe drehen. Die Z\u00e4hne k\u00f6nnen nach rechts oder links geneigt sein.<\/li>\n<li class=\"break-words\"><strong>Bewegung<\/strong>Wenn sie sich drehen, rollen sie nicht einfach wie andere Zahnr\u00e4der \u2013 sie verdrehen sich wie eine Schraube in Holz. Dadurch gleiten sie an kleinen Punkten aneinander, anstatt gleichm\u00e4\u00dfig zu rollen.<\/li>\n<li class=\"break-words\"><strong>Geschwindigkeit<\/strong>Die Drehzahl h\u00e4ngt davon ab, wie viele Z\u00e4hne das Antriebsrad (das, das die Drehung ausl\u00f6st) im Vergleich zum Abtriebsrad (dem, das folgt) hat. Es ist einfach die Z\u00e4hnezahl des einen geteilt durch die des anderen \u2013 keine komplizierten Regeln wie bei manch anderen Zahnr\u00e4dern!<\/li>\n<\/ul>\n<h3 dir=\"auto\">Materialien und Abstimmung<\/h3>\n<ul class=\"marker:text-secondary\" dir=\"auto\">\n<li class=\"break-words\"><strong>Aus welchem \u200b\u200bMaterial sie gemacht sind<\/strong>Wenn beide Zahnr\u00e4der aus dem gleichen Material bestehen, k\u00f6nnen sie zu stark aneinander reiben und verkratzen. Daher ist es besser, unterschiedliche Materialien zu verwenden, beispielsweise Stahl und Kunststoff oder Edelstahl und Bronze.<\/li>\n<li class=\"break-words\"><strong>Auswahlm\u00f6glichkeiten<\/strong>Sie sind erh\u00e4ltlich in Stahl (robust), Edelstahl (rostet nicht, gut f\u00fcr Lebensmittelmaschinen), Aluminiumbronze (verschlei\u00dffest) oder Kunststoff (leicht und ben\u00f6tigt kein \u00d6l).<\/li>\n<\/ul>\n<h3 dir=\"auto\">Wie sie funktionieren und wo sie eingesetzt werden<\/h3>\n<ul class=\"marker:text-secondary\" dir=\"auto\">\n<li class=\"break-words\"><strong>Kraft und Schnelligkeit<\/strong>Sie eignen sich aufgrund der Rutschgefahr nicht optimal zum Tragen schwerer Lasten oder f\u00fcr sehr schnelle Drehungen. Am besten eignen sie sich f\u00fcr mittelschwere Arbeiten.<\/li>\n<li class=\"break-words\"><strong>Jobs<\/strong>Man findet sie beispielsweise in Maschinen, die Dinge herstellen, F\u00f6rderb\u00e4nder bewegen oder Pumpen betreiben \u2013 also in Ger\u00e4ten, die keine Unmengen an Energie ben\u00f6tigen.<\/li>\n<li class=\"break-words\"><strong>\u00d6l<\/strong>Da sie viel gleiten, ben\u00f6tigen sie ein spezielles \u00d6l (wie Hypoid-Getriebe\u00f6l), um einen zu schnellen Verschlei\u00df zu verhindern.<\/li>\n<\/ul>\n<h3 dir=\"auto\">Gute und weniger gute Aspekte<\/h3>\n<ul class=\"marker:text-secondary\" dir=\"auto\">\n<li class=\"break-words\"><strong>Gutes Zeug<\/strong>Sie laufen leise und k\u00f6nnen leicht seitlich bewegt werden, ohne dass ihre Funktion beeintr\u00e4chtigt wird. Sie eignen sich hervorragend f\u00fcr sich kreuzende, aber nicht ber\u00fchrende Sch\u00e4fte.<\/li>\n<li class=\"break-words\"><strong>Nicht so gute Dinge<\/strong>Durch das Gleiten sind sie weniger effizient und k\u00f6nnen keine gro\u00dfen Lasten tragen, da sie sich nur an winzigen Punkten ber\u00fchren. Au\u00dferdem \u00fcben sie eine starke seitliche Verschiebung aus, weshalb sie stabile St\u00fctzen ben\u00f6tigen.<\/li>\n<\/ul>\n<h3 dir=\"auto\">Typen und Details<\/h3>\n<ul class=\"marker:text-secondary\" dir=\"auto\">\n<li class=\"break-words\"><strong>Arten<\/strong>Sie sind in Gr\u00f6\u00dfen erh\u00e4ltlich, die als Module 1 bis 4 bezeichnet werden, mit 10 bis 30 Z\u00e4hnen. Bei Bedarf k\u00f6nnen Sie zus\u00e4tzliche L\u00f6cher hinzuf\u00fcgen oder die Z\u00e4hnezahl leicht ver\u00e4ndern.<\/li>\n<li class=\"break-words\"><strong>Verdrehwinkel<\/strong>Oft weisen sie eine 45-Grad-Drehung auf, und man kann sie auf verschiedene Arten kombinieren \u2013 entweder beide in die gleiche Richtung oder in entgegengesetzte Richtungen \u2013 je nachdem, wie die Sch\u00e4fte angeordnet sind.<\/li>\n<\/ul>\n<p class=\"break-words\" dir=\"auto\">Kurz gesagt, Schraubengetriebe sind super, um Dinge leise und einfach zwischen gekreuzten Wellen zu bewegen, aber sie sind nicht die st\u00e4rksten oder schnellsten Getriebe, weil sie gleiten statt rollen und sich nur an kleinen Stellen ber\u00fchren.<\/p>\n<\/div>\n<h2>Gekreuzte Schr\u00e4gverzahnungen (Schraubenverzahnungen): Pr\u00e4zisionstechnik von FMP Company<\/h2>\n<p>Gekreuzte Schr\u00e4gverzahnungen, allgemein bekannt als Schraubenverzahnungen, sind eine spezielle Art von Hyperboloidverzahnungen, die f\u00fcr den einzigartigen Zweck der Verbindung schr\u00e4g verlaufender Wellen \u2013 Achsen, die sich kreuzen, ohne sich zu schneiden \u2013 entwickelt wurden. Im Gegensatz zu herk\u00f6mmlichen Verzahnungen <a href=\"https:\/\/fmp-components.com\/de\/helical-gears\/\">Schr\u00e4gverzahnungen<\/a> Schraubengetriebe mit parallelen Achsen erm\u00f6glichen die Kraft\u00fcbertragung zwischen nicht parallelen, sich nicht schneidenden Wellen, h\u00e4ufig in einem Winkel von 90\u00b0, wobei auch andere Konfigurationen m\u00f6glich sind. Dies macht sie zu einer unverzichtbaren Komponente in mechanischen Systemen, die flexible Wellenausrichtungen erfordern. In Italien, wo industrielle Innovationen in St\u00e4dten wie Mailand, Venedig, Florenz und Bologna florieren, steigt die Nachfrage nach hochwertigen Schraubengetrieben stetig, und die FMP Company ist stolz darauf, diesen Bedarf mit fachm\u00e4nnisch gefertigten L\u00f6sungen zu decken.<\/p>\n<p><img loading=\"lazy\" decoding=\"async\" class=\"wp-image-7376 aligncenter\" src=\"https:\/\/fmp-components.com\/wp-content\/uploads\/2025\/03\/screw-gear-crossed-helical-gear-product-9.webp\" alt=\"Schraubgetriebe-Kreuz-Schr\u00e4gzahnrad\" width=\"958\" height=\"239\" title=\"\" srcset=\"https:\/\/fmp-components.com\/wp-content\/uploads\/2025\/03\/screw-gear-crossed-helical-gear-product-9.webp 958w, https:\/\/fmp-components.com\/wp-content\/uploads\/2025\/03\/screw-gear-crossed-helical-gear-product-9-480x120.webp 480w\" sizes=\"(min-width: 0px) and (max-width: 480px) 480px, (min-width: 481px) 958px, 100vw\" \/><\/p>\n<p>Schraubengetriebe arbeiten aufgrund ihrer unterschiedlichen Steigungswinkel (bei gleicher Steigung) mit einer charakteristischen Schraubenbewegung anstelle einer reinen Rollbewegung. Diese Gleitbewegung der Flanken erfordert zwar spezielle Schmierstoffe wie Hypoid-Getriebe\u00f6l, um den Verschlei\u00df zu minimieren, bietet aber einzigartige Vorteile wie ger\u00e4uscharmen Betrieb und axiale Flexibilit\u00e4t. Im Gegensatz zu Parallel-Schr\u00e4gverzahnungen, die von Punkt- zu Linienkontakt \u00fcbergehen, behalten Kreuz-Schr\u00e4gverzahnungen den Punktkontakt bei. Dadurch eignen sie sich ideal f\u00fcr Anwendungen mit moderaten Drehmomenten und Drehzahlen, beispielsweise f\u00fcr Werkzeugmaschinenantriebe. Verglichen mit Schneckengetrieben, die durch Linienkontakt ein h\u00f6heres Drehmoment erm\u00f6glichen, zeichnen sich Schraubengetriebe durch einen leiseren Lauf aus \u2013 perfekt f\u00fcr Pr\u00e4zisionsindustrien in gesch\u00e4ftigen Zentren wie Mailand und Florenz.<\/p>\n<h2>Spezifikation des gekreuzten Stirnradgetriebes<\/h2>\n<table class=\"table\" border=\"1\" width=\"100%\" cellspacing=\"0\" cellpadding=\"0\">\n<tbody>\n<tr class=\"firstRow\">\n<td>Modellnummer<\/td>\n<td>M1, M1.5, M2, M2.5, M3, M4, M5, M8, M12 usw.<\/td>\n<\/tr>\n<tr>\n<td>Material<\/td>\n<td>Messing, C45-Stahl, Edelstahl, Kupfer, POM, Aluminium, Legierungen usw.<\/td>\n<\/tr>\n<tr>\n<td>Oberfl\u00e4chenbehandlung<\/td>\n<td>Verzinken, Vernickeln, Passivieren, Oxidieren, Anodisieren, Geomet, Dacromet, Schwarzoxidieren, Phosphatieren, Pulverbeschichten und Elektrophorese.<\/td>\n<\/tr>\n<tr>\n<td>Standard<\/td>\n<td>ISO, DIN, ANSI, JIS, BS und Nicht-Standard.<\/td>\n<\/tr>\n<tr>\n<td>Pr\u00e4zision<\/td>\n<td>DIN6, DIN7, DIN8, DIN9.<\/td>\n<\/tr>\n<tr>\n<td>Zahnbehandlung<\/td>\n<td>Geh\u00e4rtet, gefr\u00e4st oder geschliffen<\/td>\n<\/tr>\n<tr>\n<td>Toleranz<\/td>\n<td>0,001 mm \u2013 0,01 mm \u2013 0,1 mm<\/td>\n<\/tr>\n<tr>\n<td>Beenden<\/td>\n<td>Kugelstrahlen\/Sandstrahlen, W\u00e4rmebehandlung, Gl\u00fchen, Anlassen, Polieren, Eloxieren, Verzinken<\/td>\n<\/tr>\n<tr>\n<td>Artikelverpackung<\/td>\n<td>Plastikt\u00fcte + Kartons oder Holzverpackung<\/td>\n<\/tr>\n<tr>\n<td>Zahlungsbedingungen<\/td>\n<td>T\/T, L\/C<\/td>\n<\/tr>\n<tr>\n<td>Produktionsvorlaufzeit<\/td>\n<td>20 Werktage f\u00fcr das Muster, 25 Tage f\u00fcr die Gro\u00dfbestellung<\/td>\n<\/tr>\n<tr>\n<td>Proben<\/td>\n<td>Die Preisspanne f\u00fcr Muster liegt zwischen $2 und $100. Expressversand von Mustern ist vom Kunden zu tragen.<\/td>\n<\/tr>\n<tr>\n<td>Anwendung<\/td>\n<td>1. Automatische Steuerungsmaschinen 2. Halbleiterindustrie 3. Allgemeine Industriemaschinen 4. Medizinische Ger\u00e4te 5. Solarenergieanlagen 6. Werkzeugmaschinen 7. Parksysteme 8. Hochgeschwindigkeitsz\u00fcge und Lufttransportausr\u00fcstung usw.<\/td>\n<\/tr>\n<\/tbody>\n<\/table>\n<h2 class=\"break-words\">Arten von Schraubengetrieben (gekreuzte Schr\u00e4gverzahnungen)<\/h2>\n<div>\n<table style=\"width: 100%;\" border=\"1\" width=\"100%\" cellspacing=\"0\" cellpadding=\"0\">\n<thead class=\"border-b border-primary\/20\">\n<tr class=\"border-primary\/10\">\n<th class=\"break-words\"><strong>Kategorie<\/strong><\/th>\n<th class=\"break-words\"><strong>Materialzusammensetzung<\/strong><\/th>\n<th class=\"break-words\"><strong>Modulbereich<\/strong><\/th>\n<th class=\"break-words\"><strong>Spiralwinkel<\/strong><\/th>\n<th class=\"break-words\"><strong>Z\u00e4hnezahl<\/strong><\/th>\n<th class=\"break-words\"><strong>Festigkeit (Zugfestigkeit)<\/strong><\/th>\n<th class=\"break-words\"><strong>Korrosionsbest\u00e4ndigkeit<\/strong><\/th>\n<th class=\"break-words\"><strong>Typische Anwendungen<\/strong><\/th>\n<\/tr>\n<\/thead>\n<tbody>\n<tr class=\"border-primary\/10\">\n<td class=\"break-words\"><strong>Stahlschrauben<\/strong><\/td>\n<td class=\"break-words\">Kohlenstoffstahl oder legierter Stahl (z. B. AISI 1045, 4140)<\/td>\n<td class=\"break-words\">1 bis 4<\/td>\n<td class=\"break-words\">45\u00b0 typisch<\/td>\n<td class=\"break-words\">10 bis 50+<\/td>\n<td class=\"break-words\">500\u20131000 MPa<\/td>\n<td class=\"break-words\">Niedrig bis mittel<\/td>\n<td class=\"break-words\">Industriemaschinen, Automobilsysteme<\/td>\n<\/tr>\n<tr class=\"border-primary\/10\">\n<td class=\"break-words\"><strong>Schraubenr\u00e4der aus Edelstahl<\/strong><\/td>\n<td class=\"break-words\">Edelstahl (z. B. SUS303, SUS304)<\/td>\n<td class=\"break-words\">1 bis 4<\/td>\n<td class=\"break-words\">45\u00b0 typisch<\/td>\n<td class=\"break-words\">10 bis 50+<\/td>\n<td class=\"break-words\">500\u2013700 MPa<\/td>\n<td class=\"break-words\">Hoch<\/td>\n<td class=\"break-words\">Lebensmittelmaschinen, Schiffsausr\u00fcstung<\/td>\n<\/tr>\n<tr class=\"border-primary\/10\">\n<td class=\"break-words\"><strong>Schraubenr\u00e4der aus Aluminiumbronze<\/strong><\/td>\n<td class=\"break-words\">Aluminiumbronze (z. B. CuAl10Fe5Ni5)<\/td>\n<td class=\"break-words\">1 bis 4<\/td>\n<td class=\"break-words\">45\u00b0 typisch<\/td>\n<td class=\"break-words\">10 bis 50+<\/td>\n<td class=\"break-words\">600\u2013800 MPa<\/td>\n<td class=\"break-words\">Sehr hoch<\/td>\n<td class=\"break-words\">Schneckenantriebe, korrosive Umgebungen<\/td>\n<\/tr>\n<tr class=\"border-primary\/10\">\n<td class=\"break-words\"><strong>Kunststoff-Schraubzahnr\u00e4der<\/strong><\/td>\n<td class=\"break-words\">Nylon, Acetal oder MC Nylon<\/td>\n<td class=\"break-words\">1 bis 3<\/td>\n<td class=\"break-words\">45\u00b0 typisch<\/td>\n<td class=\"break-words\">10 bis 40+<\/td>\n<td class=\"break-words\">50\u2013100 MPa<\/td>\n<td class=\"break-words\">Hoch<\/td>\n<td class=\"break-words\">Systeme mit geringer Beanspruchung, ger\u00e4uschempfindliche Anwendungen<\/td>\n<\/tr>\n<tr class=\"border-primary\/10\">\n<td class=\"break-words\"><strong>Metallschrauben<\/strong><\/td>\n<td class=\"break-words\">Allgemeines Metall (z. B. Messing, Gusseisen)<\/td>\n<td class=\"break-words\">1 bis 4<\/td>\n<td class=\"break-words\">45\u00b0 typisch<\/td>\n<td class=\"break-words\">10 bis 50+<\/td>\n<td class=\"break-words\">300\u2013800 MPa<\/td>\n<td class=\"break-words\">Variiert (niedrig bis hoch)<\/td>\n<td class=\"break-words\">Allgemeine Kraft\u00fcbertragung, Maschinen<\/td>\n<\/tr>\n<\/tbody>\n<\/table>\n<div>\n<h3 class=\"\" dir=\"auto\">Hinweise zu den Spezifikationen:<\/h3>\n<ol class=\"marker:text-secondary\" dir=\"auto\">\n<li class=\"break-words\"><strong>Modulbereich<\/strong>Der Modul (ein Ma\u00df f\u00fcr die Zahngr\u00f6\u00dfe) liegt bei den meisten Schraubengetrieben typischerweise zwischen 1 und 4, wobei je nach Anwendung auch kleinere oder gr\u00f6\u00dfere Module erh\u00e4ltlich sein k\u00f6nnen.<\/li>\n<li class=\"break-words\"><strong>Spiralwinkel<\/strong>Bei Schraubengetrieben wird \u00fcblicherweise ein Schr\u00e4gungswinkel von 45\u00b0 verwendet, um eine nicht-\u00fcberschneidende, nicht-parallele Wellenbewegungs\u00fcbertragung zu erm\u00f6glichen, wobei dies jedoch geringf\u00fcgig variieren kann.<\/li>\n<li class=\"break-words\"><strong>Z\u00e4hnezahl<\/strong>Die Z\u00e4hnezahl h\u00e4ngt von der Zahnradgr\u00f6\u00dfe und dem Anwendungsbereich ab und liegt typischerweise zwischen 10 und \u00fcber 50.<\/li>\n<li class=\"break-words\"><strong>Festigkeit (Zugfestigkeit)<\/strong>Die Zugfestigkeit variiert je nach Material; Stahl und Aluminiumbronze bieten eine hohe Festigkeit, w\u00e4hrend Kunststoff eine geringere Festigkeit aufweist, daf\u00fcr aber leichter ist.<\/li>\n<li class=\"break-words\"><strong>Korrosionsbest\u00e4ndigkeit<\/strong>Edelstahl und Aluminiumbronze eignen sich hervorragend f\u00fcr korrosive Umgebungen, w\u00e4hrend Kohlenstoffstahl f\u00fcr eine vergleichbare Leistung Beschichtungen oder Behandlungen ben\u00f6tigt.<\/li>\n<li class=\"break-words\"><strong>Anwendungen<\/strong>Jedes Material erf\u00fcllt spezifische Anforderungen \u2013 Stahl f\u00fcr Langlebigkeit, Edelstahl f\u00fcr Hygiene, Aluminiumbronze f\u00fcr Verschlei\u00dffestigkeit, Kunststoff f\u00fcr geringe Ger\u00e4uschentwicklung und geringes Gewicht sowie andere Metalle f\u00fcr Vielseitigkeit.<\/li>\n<\/ol>\n<p class=\"break-words\" dir=\"auto\">Diese Tabelle enth\u00e4lt die Spezifikationen von Stirnradgetrieben nach Kategorien. F\u00fcr genaue Details siehe <a href=\"mailto:info@fmpcomponents.it\">E-Mail<\/a> uns.<\/p>\n<\/div>\n<\/div>\n<div>\n<h2>Warum FMP w\u00e4hlen?<\/h2>\n<p class=\"break-words\">Als etablierter Hersteller produziert die FMP Company ein vielf\u00e4ltiges Sortiment an gekreuzten Schr\u00e4gverzahnungen (Schraubengetrieben) f\u00fcr unterschiedlichste industrielle Anwendungen. Ob Sie in Mailand Standardmodelle suchen oder in Venedig eine Sonderanfertigung ben\u00f6tigen \u2013 wir bieten Ihnen ma\u00dfgeschneiderte L\u00f6sungen, damit Ihre Maschinen optimale Leistung erbringen. Unsere Zahnr\u00e4der werden mit h\u00f6chster Pr\u00e4zision gefertigt und erf\u00fcllen h\u00f6chste Anspr\u00fcche an Langlebigkeit und Effizienz. Sollten Sie in unserer Produktliste \u2013 egal ob aus Florenz, Bologna oder anderswo \u2013 nicht das gew\u00fcnschte Modell finden, k\u00f6nnen Sie sicher sein, dass es wahrscheinlich bald in unserem Katalog erscheint. Senden Sie uns einfach eine E-Mail mit Ihren Anforderungen, und unsere erfahrenen Ingenieure werden Ihnen innerhalb von 24 Stunden eine ma\u00dfgeschneiderte L\u00f6sung anbieten.<\/p>\n<p class=\"break-words\">Die FMP Company engagiert sich f\u00fcr die italienische Industrie und bietet ihr erstklassige Schraubengetriebetechnologie. Von den innovativen Fabriken Mailands \u00fcber die traditionsreiche Handwerkskunst in Florenz und die maritime Innovationskraft Venedigs bis hin zur mechanischen Expertise Bolognas \u2013 wir unterst\u00fctzen Ihre Produktion mit zuverl\u00e4ssigen, kundenspezifisch gefertigten Kreuzstirnr\u00e4dern. Kontaktieren Sie uns noch heute, um unser Angebot kennenzulernen oder sich nach einem bestimmten Modell zu erkundigen. Unser Team steht Ihnen umgehend zur Seite und sorgt daf\u00fcr, dass Ihre Projekte termingerecht und mit der von Ihnen geforderten Qualit\u00e4t und Pr\u00e4zision realisiert werden.<\/p>\n<p><img loading=\"lazy\" decoding=\"async\" class=\"wp-image-7374 aligncenter\" src=\"https:\/\/fmp-components.com\/wp-content\/uploads\/2025\/03\/screw-gear-crossed-helical-gear-product-7.webp\" alt=\"Schraubgetriebe-Kreuz-Schr\u00e4gzahnrad\" width=\"932\" height=\"621\" title=\"\" srcset=\"https:\/\/fmp-components.com\/wp-content\/uploads\/2025\/03\/screw-gear-crossed-helical-gear-product-7.webp 932w, https:\/\/fmp-components.com\/wp-content\/uploads\/2025\/03\/screw-gear-crossed-helical-gear-product-7-480x320.webp 480w\" sizes=\"(min-width: 0px) and (max-width: 480px) 480px, (min-width: 481px) 932px, 100vw\" \/><\/p>\n<\/div>","protected":false},"excerpt":{"rendered":"<p>Screw Gears (Crossed Helical Gears) Screw gears, sometimes called crossed helical gears, are special gears that help move things between two shafts (like sticks that spin) that don\u2019t touch and aren\u2019t lined up straight. Regular helical gears for straight shafts have the same twist angle but twist in opposite ways. For screw gears, the twist [&hellip;]<\/p>","protected":false},"featured_media":7375,"comment_status":"open","ping_status":"closed","template":"","meta":{"_et_pb_use_builder":"","_et_pb_old_content":"","_et_gb_content_width":""},"product_brand":[],"product_cat":[108],"product_tag":[],"class_list":{"0":"post-7372","1":"product","2":"type-product","3":"status-publish","4":"has-post-thumbnail","6":"product_cat-helical-gear","8":"first","9":"instock","10":"shipping-taxable","11":"product-type-simple"},"_links":{"self":[{"href":"https:\/\/fmp-components.com\/de\/wp-json\/wp\/v2\/product\/7372","targetHints":{"allow":["GET"]}}],"collection":[{"href":"https:\/\/fmp-components.com\/de\/wp-json\/wp\/v2\/product"}],"about":[{"href":"https:\/\/fmp-components.com\/de\/wp-json\/wp\/v2\/types\/product"}],"replies":[{"embeddable":true,"href":"https:\/\/fmp-components.com\/de\/wp-json\/wp\/v2\/comments?post=7372"}],"wp:featuredmedia":[{"embeddable":true,"href":"https:\/\/fmp-components.com\/de\/wp-json\/wp\/v2\/media\/7375"}],"wp:attachment":[{"href":"https:\/\/fmp-components.com\/de\/wp-json\/wp\/v2\/media?parent=7372"}],"wp:term":[{"taxonomy":"product_brand","embeddable":true,"href":"https:\/\/fmp-components.com\/de\/wp-json\/wp\/v2\/product_brand?post=7372"},{"taxonomy":"product_cat","embeddable":true,"href":"https:\/\/fmp-components.com\/de\/wp-json\/wp\/v2\/product_cat?post=7372"},{"taxonomy":"product_tag","embeddable":true,"href":"https:\/\/fmp-components.com\/de\/wp-json\/wp\/v2\/product_tag?post=7372"}],"curies":[{"name":"wp","href":"https:\/\/api.w.org\/{rel}","templated":true}]}}