{"id":7369,"date":"2025-03-24T02:45:01","date_gmt":"2025-03-24T02:45:01","guid":{"rendered":"https:\/\/fmp-components.com\/?post_type=product&#038;p=7369"},"modified":"2025-03-26T08:42:56","modified_gmt":"2025-03-26T08:42:56","slug":"mining-machinery-carburized-helical-gear","status":"publish","type":"product","link":"https:\/\/fmp-components.com\/de\/product\/mining-machinery-carburized-helical-gear\/","title":{"rendered":"Aufgekohltes Schr\u00e4gverzahnungsgetriebe f\u00fcr Bergbaumaschinen"},"content":{"rendered":"<div class=\"sliderTable mt10 mb10 sliderTable-index0 change-to-org\">\n<div class=\"inner\">\n<div>\n<p class=\"break-words\">Als f\u00fchrender Hersteller in der Branche ist FMP Company auf die Herstellung einer breiten Palette von Bergbaumaschinen spezialisiert. <a href=\"https:\/\/fmp-components.com\/de\/helical-gears\/\">Schr\u00e4gverzahnte Zahnr\u00e4der<\/a> Entwickelt, um den hohen Anforderungen des Bergbaus gerecht zu werden. Unsere Getriebe werden mit h\u00f6chster Pr\u00e4zision gefertigt und nutzen modernste Aufkohlungsverfahren, um au\u00dfergew\u00f6hnliche Haltbarkeit, Festigkeit und Leistung unter extremen Bedingungen zu gew\u00e4hrleisten. Ob Standardmodelle oder ma\u00dfgeschneiderte L\u00f6sungen \u2013 FMP bietet ma\u00dfgeschneiderte Optionen, die auf Ihre spezifischen Anforderungen zugeschnitten sind und optimale Effizienz und Zuverl\u00e4ssigkeit f\u00fcr Ihre Bergbaumaschinen gew\u00e4hrleisten.<\/p>\n<p class=\"break-words\">Wir bei FMP sind stolz auf unser umfangreiches Produktsortiment. Sollten Sie das gew\u00fcnschte Modell des aufgekohlten Schr\u00e4gverzahnungsgetriebes f\u00fcr Bergbaumaschinen nicht in unserem Katalog finden, besteht kein Grund zur Sorge \u2013 es bedeutet lediglich, dass wir es noch nicht in unser Sortiment aufgenommen haben. Kontaktieren Sie uns gerne per E-Mail mit den Details Ihres gew\u00fcnschten Modells. Unser engagiertes Ingenieurteam antwortet Ihnen innerhalb von 24 Stunden und bietet Ihnen kompetente Beratung und L\u00f6sungen f\u00fcr Ihre Anforderungen, damit Sie das perfekte Getriebe f\u00fcr Ihre Anwendung erhalten.<\/p>\n<p><img loading=\"lazy\" decoding=\"async\" class=\"wp-image-7378 aligncenter\" src=\"https:\/\/fmp-components.com\/wp-content\/uploads\/2025\/03\/Mining-Machinery-Carburized-Helical-Gear-1.webp\" alt=\"Aufgekohltes Schr\u00e4gverzahnungsgetriebe f\u00fcr Bergbaumaschinen\" width=\"899\" height=\"600\" title=\"\" srcset=\"https:\/\/fmp-components.com\/wp-content\/uploads\/2025\/03\/Mining-Machinery-Carburized-Helical-Gear-1.webp 899w, https:\/\/fmp-components.com\/wp-content\/uploads\/2025\/03\/Mining-Machinery-Carburized-Helical-Gear-1-480x320.webp 480w\" sizes=\"(min-width: 0px) and (max-width: 480px) 480px, (min-width: 481px) 899px, 100vw\" \/><\/p>\n<\/div>\n<h2>Spezifikation<\/h2>\n<table border=\"1\" width=\"100%\">\n<tbody>\n<tr class=\"firstRow\">\n<th colspan=\"2\" valign=\"top\">Getriebegrunddaten<\/th>\n<\/tr>\n<tr>\n<td valign=\"center\">Zahnform des Zahnrads<\/td>\n<td valign=\"center\">Evolvente<\/td>\n<\/tr>\n<tr>\n<td valign=\"center\">Zahnradmaterial<\/td>\n<td valign=\"center\">18CrNiMo6<\/td>\n<\/tr>\n<tr>\n<td valign=\"center\">Getriebeprozess<\/td>\n<td valign=\"center\">Schmieden, Aufkohlen, Plan- und Innenschleifen, Zahnschleifen, Linienschneiden<\/td>\n<\/tr>\n<tr>\n<td valign=\"center\">Druckwinkel<\/td>\n<td valign=\"center\">20\u00b0<\/td>\n<\/tr>\n<tr>\n<td valign=\"center\">Qualit\u00e4tsniveau<\/td>\n<td valign=\"center\">DIN 3962 Klasse 6<\/td>\n<\/tr>\n<tr>\n<td valign=\"center\">Getriebetyp<\/td>\n<td valign=\"center\">M=9, Z=33, a=20\u00b0, \u03b2=8\u00b0, x=0,2, rechtsh\u00e4ndig<\/td>\n<\/tr>\n<\/tbody>\n<\/table>\n<\/div>\n<\/div>\n<h3>F\u00e4higkeiten von Zahnr\u00e4dern\/Keilwellen<\/h3>\n<div class=\"sliderTable mt10 mb10 sliderTable-index1 change-to-org\">\n<div class=\"inner\">\n<table border=\"1\" width=\"100%\">\n<tbody>\n<tr class=\"firstRow\">\n<th colspan=\"4\" valign=\"top\">Innenverzahnungen und Innenkeilwellen<\/th>\n<\/tr>\n<tr>\n<td valign=\"top\"><\/td>\n<td valign=\"top\">MAHLEN<\/td>\n<td valign=\"top\">GESTALTUNG<\/td>\n<td valign=\"top\">Z\u00c4HNEKNIRSCHEN<\/td>\n<\/tr>\n<tr>\n<td valign=\"top\">Maximaler Au\u00dfendurchmesser<\/td>\n<td valign=\"top\">2500 mm<\/td>\n<td valign=\"top\">2500 mm<\/td>\n<td valign=\"top\">2500 mm<\/td>\n<\/tr>\n<tr>\n<td valign=\"top\">Mindest-ID<\/td>\n<td valign=\"top\">650 mm<\/td>\n<td valign=\"top\">50 mm<\/td>\n<td valign=\"top\">100 mm<\/td>\n<\/tr>\n<tr>\n<td valign=\"top\">Maximale Gesichtsbreite<\/td>\n<td valign=\"top\">500 mm<\/td>\n<td valign=\"top\">500 mm<\/td>\n<td valign=\"top\">500 mm<\/td>\n<\/tr>\n<tr>\n<td valign=\"top\">Maximale diametrale Teilung<\/td>\n<td valign=\"top\">DP 1<\/td>\n<td valign=\"top\">DP 1<\/td>\n<td valign=\"top\">DP 0,5<\/td>\n<\/tr>\n<tr>\n<td valign=\"top\">Maximales Modul<\/td>\n<td valign=\"top\">26 mm<\/td>\n<td valign=\"top\">26 mm<\/td>\n<td valign=\"top\">45 mm<\/td>\n<\/tr>\n<tr>\n<td valign=\"top\">AGMA-Level\/DIN-Level<\/td>\n<td valign=\"top\">DIN Klasse 8<\/td>\n<td valign=\"top\">DIN Klasse 8<\/td>\n<td valign=\"top\">DIN Klasse 4<\/td>\n<\/tr>\n<tr>\n<td valign=\"top\">Zahnoberfl\u00e4chenbearbeitung<\/td>\n<td valign=\"top\">Ra 3.2<\/td>\n<td valign=\"top\">Ra 3.2<\/td>\n<td valign=\"top\">Ra 0,6<\/td>\n<\/tr>\n<tr>\n<td valign=\"top\">Maximaler Schr\u00e4gungswinkel<\/td>\n<td valign=\"top\">\u00b122,5\u00b0<\/td>\n<td valign=\"top\">\u00b122,5\u00b0<\/td>\n<td valign=\"top\">\u00b145\u00b0<\/td>\n<\/tr>\n<tr>\n<th colspan=\"4\" valign=\"top\">Au\u00dfenverzahnungen und Au\u00dfenkeilwellen<\/th>\n<\/tr>\n<tr>\n<td valign=\"top\"><\/td>\n<td valign=\"top\">W\u00c4LZFR\u00c4SEN<\/td>\n<td valign=\"top\">MAHLEN<\/td>\n<td valign=\"top\">Z\u00c4HNEKNIRSCHEN<\/td>\n<\/tr>\n<tr>\n<td valign=\"top\">Maximaler Au\u00dfendurchmesser<\/td>\n<td valign=\"top\">1250 mm<\/td>\n<td valign=\"top\">2500 mm<\/td>\n<td valign=\"top\">2500 mm<\/td>\n<\/tr>\n<tr>\n<td valign=\"top\">Mindestau\u00dfendurchmesser<\/td>\n<td valign=\"top\">20 mm<\/td>\n<td valign=\"top\">200 mm<\/td>\n<td valign=\"top\">20 mm<\/td>\n<\/tr>\n<tr>\n<td valign=\"top\">Maximale Gesichtsbreite<\/td>\n<td valign=\"top\">500 mm<\/td>\n<td valign=\"top\">500 mm<\/td>\n<td valign=\"top\">1480 mm<\/td>\n<\/tr>\n<tr>\n<td valign=\"top\">Maximale diametrale Teilung<\/td>\n<td valign=\"top\">DP 1<\/td>\n<td valign=\"top\">DP 1<\/td>\n<td valign=\"top\">DP 0,5<\/td>\n<\/tr>\n<tr>\n<td valign=\"top\">Maximales Modul<\/td>\n<td valign=\"top\">26 mm<\/td>\n<td valign=\"top\">26 mm<\/td>\n<td valign=\"top\">45 mm<\/td>\n<\/tr>\n<tr>\n<td valign=\"top\">AGMA-Level\/DIN-Level<\/td>\n<td valign=\"top\">DIN Klasse 8<\/td>\n<td valign=\"top\">DIN Klasse 8<\/td>\n<td valign=\"top\">DIN Klasse 4<\/td>\n<\/tr>\n<tr>\n<td valign=\"top\">Zahnoberfl\u00e4chenbearbeitung<\/td>\n<td valign=\"top\">Ra 3.2<\/td>\n<td valign=\"top\">Ra 3.2<\/td>\n<td valign=\"top\">Ra 0,6<\/td>\n<\/tr>\n<tr>\n<td valign=\"top\">Maximaler Schr\u00e4gungswinkel<\/td>\n<td valign=\"top\">\u00b145\u00b0<\/td>\n<td valign=\"top\">\u00b145\u00b0<\/td>\n<td valign=\"top\">\u00b145\u00b0<\/td>\n<\/tr>\n<\/tbody>\n<\/table>\n<\/div>\n<\/div>","protected":false},"excerpt":{"rendered":"<ul class=\"pro-info-list fix\">\n<li class=\"prod-specifics-brand\"><label>Zahnform des Zahnrads:\u00a0<\/label>Evolvente<\/li>\n<li class=\"prod-specifics-brand\"><label>Zahnradmaterial:<\/label>18CrNiMo6<\/li>\n<li class=\"prod-specifics-brand\"><label>Eingriffswinkel:<\/label>20\u00b0<\/li>\n<li class=\"prod-specifics-brand\"><label>Qualit\u00e4tsniveau:\u00a0<\/label>DIN 3962 Klasse 6<\/li>\n<\/ul>","protected":false},"featured_media":4595,"comment_status":"open","ping_status":"closed","template":"","meta":{"_et_pb_use_builder":"","_et_pb_old_content":"","_et_gb_content_width":""},"product_brand":[],"product_cat":[108],"product_tag":[],"class_list":{"0":"post-7369","1":"product","2":"type-product","3":"status-publish","4":"has-post-thumbnail","6":"product_cat-helical-gear","8":"first","9":"instock","10":"shipping-taxable","11":"product-type-simple"},"_links":{"self":[{"href":"https:\/\/fmp-components.com\/de\/wp-json\/wp\/v2\/product\/7369","targetHints":{"allow":["GET"]}}],"collection":[{"href":"https:\/\/fmp-components.com\/de\/wp-json\/wp\/v2\/product"}],"about":[{"href":"https:\/\/fmp-components.com\/de\/wp-json\/wp\/v2\/types\/product"}],"replies":[{"embeddable":true,"href":"https:\/\/fmp-components.com\/de\/wp-json\/wp\/v2\/comments?post=7369"}],"wp:featuredmedia":[{"embeddable":true,"href":"https:\/\/fmp-components.com\/de\/wp-json\/wp\/v2\/media\/4595"}],"wp:attachment":[{"href":"https:\/\/fmp-components.com\/de\/wp-json\/wp\/v2\/media?parent=7369"}],"wp:term":[{"taxonomy":"product_brand","embeddable":true,"href":"https:\/\/fmp-components.com\/de\/wp-json\/wp\/v2\/product_brand?post=7369"},{"taxonomy":"product_cat","embeddable":true,"href":"https:\/\/fmp-components.com\/de\/wp-json\/wp\/v2\/product_cat?post=7369"},{"taxonomy":"product_tag","embeddable":true,"href":"https:\/\/fmp-components.com\/de\/wp-json\/wp\/v2\/product_tag?post=7369"}],"curies":[{"name":"wp","href":"https:\/\/api.w.org\/{rel}","templated":true}]}}