{"id":7367,"date":"2025-03-24T02:34:28","date_gmt":"2025-03-24T02:34:28","guid":{"rendered":"https:\/\/fmp-components.com\/?post_type=product&#038;p=7367"},"modified":"2025-03-26T08:43:11","modified_gmt":"2025-03-26T08:43:11","slug":"metallurgy-machinery-soft-tooth-flank-helical-gear","status":"publish","type":"product","link":"https:\/\/fmp-components.com\/de\/product\/metallurgy-machinery-soft-tooth-flank-helical-gear\/","title":{"rendered":"Metallurgiemaschinen mit weicher Zahnflanke, Schr\u00e4gverzahnung"},"content":{"rendered":"<div class=\"sliderTable mt10 mb10 sliderTable-index0 change-to-org\">\n<div class=\"inner\">\n<p>Als f\u00fchrender Hersteller der Branche ist die FMP Company auf die Herstellung einer breiten Palette von schr\u00e4gverzahnten Zahnr\u00e4dern mit weicher Flanke f\u00fcr Metallurgiemaschinen spezialisiert, die auf vielf\u00e4ltige industrielle Anforderungen zugeschnitten sind. Unsere Produkte werden pr\u00e4zise gefertigt und gew\u00e4hrleisten optimale Leistung, Langlebigkeit und Effizienz in Anwendungen wie Schwermaschinen, Bergbaumaschinen und metallurgischen Verarbeitungssystemen. Ob Sie Standardspezifikationen oder individuelle, auf Ihren Betrieb zugeschnittene Designs ben\u00f6tigen, FMP bietet kundenspezifische Dienstleistungen f\u00fcr die Lieferung von Zahnr\u00e4dern, die perfekt auf Ihre Anforderungen abgestimmt sind, die Produktivit\u00e4t steigern und Ausfallzeiten reduzieren.<\/p>\n<p>Wenn Sie das spezifische Modell der Metallurgiemaschinen-Weichzahnflanke nicht finden <a href=\"https:\/\/fmp-components.com\/de\/helical-gears\/\">Schr\u00e4gverzahnung<\/a> Sollten Sie in unserer Produktliste etwas suchen, keine Sorge \u2013 wir haben es m\u00f6glicherweise noch nicht aktualisiert. Bei FMP sind wir bestrebt, Ihre Anforderungen zu erf\u00fcllen. Senden Sie uns daher gerne eine E-Mail mit Details zu Ihrem gew\u00fcnschten Modell. Unser engagiertes Ingenieurteam antwortet Ihnen innerhalb von 24 Stunden und bietet Ihnen kompetente Beratung und L\u00f6sungen, damit Sie genau das Produkt erhalten, das Sie f\u00fcr Ihr Projekt ben\u00f6tigen. Kontaktieren Sie uns noch heute und erfahren Sie, wie FMP Ihr Unternehmen mit hochwertigen Schr\u00e4gverzahnungen unterst\u00fctzen kann!<\/p>\n<h2>Spezifikation<\/h2>\n<table border=\"1\" width=\"100%\">\n<tbody>\n<tr class=\"firstRow\">\n<th colspan=\"2\" valign=\"top\">Getriebegrunddaten<\/th>\n<\/tr>\n<tr>\n<td valign=\"center\">Zahnform des Zahnrads<\/td>\n<td valign=\"center\">Evolvente<\/td>\n<\/tr>\n<tr>\n<td valign=\"center\">Zahnradmaterial<\/td>\n<td valign=\"center\">45<\/td>\n<\/tr>\n<tr>\n<td valign=\"center\">Getriebeprozess<\/td>\n<td valign=\"center\">Schmieden, Drehen, W\u00e4lzfr\u00e4sen, Au\u00dfenschleifen, Keilnutfr\u00e4sen, Verzahnungsschleifen<\/td>\n<\/tr>\n<tr>\n<td valign=\"center\">Druckwinkel<\/td>\n<td valign=\"center\">20\u00b0<\/td>\n<\/tr>\n<tr>\n<td valign=\"center\">Qualit\u00e4tsniveau<\/td>\n<td valign=\"center\">DIN 3962 Klasse 6<\/td>\n<\/tr>\n<tr>\n<td valign=\"center\">Getriebetyp<\/td>\n<td valign=\"center\">Mn=3, Z=128, \u03b2=11,5\u00b0, \u03b1=20\u00b0, linksh\u00e4ndig<\/td>\n<\/tr>\n<\/tbody>\n<\/table>\n<\/div>\n<\/div>\n<p><strong>F\u00e4higkeiten von Zahnr\u00e4dern\/Keilwellen<\/strong><\/p>\n<div class=\"sliderTable mt10 mb10 sliderTable-index1 change-to-org\">\n<div class=\"inner\">\n<table border=\"1\" width=\"100%\">\n<tbody>\n<tr class=\"firstRow\">\n<th colspan=\"4\" valign=\"top\">Innenverzahnungen und Innenkeilwellen<\/th>\n<\/tr>\n<tr>\n<td valign=\"top\"><\/td>\n<td valign=\"top\">MAHLEN<\/td>\n<td valign=\"top\">GESTALTUNG<\/td>\n<td valign=\"top\">Z\u00c4HNEKNIRSCHEN<\/td>\n<\/tr>\n<tr>\n<td valign=\"top\">Maximaler Au\u00dfendurchmesser<\/td>\n<td valign=\"top\">2500 mm<\/td>\n<td valign=\"top\">2500 mm<\/td>\n<td valign=\"top\">2500 mm<\/td>\n<\/tr>\n<tr>\n<td valign=\"top\">Mindest-ID<\/td>\n<td valign=\"top\">650 mm<\/td>\n<td valign=\"top\">50 mm<\/td>\n<td valign=\"top\">100 mm<\/td>\n<\/tr>\n<tr>\n<td valign=\"top\">Maximale Gesichtsbreite<\/td>\n<td valign=\"top\">500 mm<\/td>\n<td valign=\"top\">500 mm<\/td>\n<td valign=\"top\">500 mm<\/td>\n<\/tr>\n<tr>\n<td valign=\"top\">Maximale diametrale Teilung<\/td>\n<td valign=\"top\">DP 1<\/td>\n<td valign=\"top\">DP 1<\/td>\n<td valign=\"top\">DP 0,5<\/td>\n<\/tr>\n<tr>\n<td valign=\"top\">Maximales Modul<\/td>\n<td valign=\"top\">26 mm<\/td>\n<td valign=\"top\">26 mm<\/td>\n<td valign=\"top\">45 mm<\/td>\n<\/tr>\n<tr>\n<td valign=\"top\">AGMA-Level\/DIN-Level<\/td>\n<td valign=\"top\">DIN Klasse 8<\/td>\n<td valign=\"top\">DIN Klasse 8<\/td>\n<td valign=\"top\">DIN Klasse 4<\/td>\n<\/tr>\n<tr>\n<td valign=\"top\">Zahnoberfl\u00e4chenbearbeitung<\/td>\n<td valign=\"top\">Ra 3.2<\/td>\n<td valign=\"top\">Ra 3.2<\/td>\n<td valign=\"top\">Ra 0,6<\/td>\n<\/tr>\n<tr>\n<td valign=\"top\">Maximaler Schr\u00e4gungswinkel<\/td>\n<td valign=\"top\">\u00b122,5\u00b0<\/td>\n<td valign=\"top\">\u00b122,5\u00b0<\/td>\n<td valign=\"top\">\u00b145\u00b0<\/td>\n<\/tr>\n<tr>\n<th colspan=\"4\" valign=\"top\">Au\u00dfenverzahnungen und Au\u00dfenkeilwellen<\/th>\n<\/tr>\n<tr>\n<td valign=\"top\"><\/td>\n<td valign=\"top\">W\u00c4LZFR\u00c4SEN<\/td>\n<td valign=\"top\">MAHLEN<\/td>\n<td valign=\"top\">Z\u00c4HNEKNIRSCHEN<\/td>\n<\/tr>\n<tr>\n<td valign=\"top\">Maximaler Au\u00dfendurchmesser<\/td>\n<td valign=\"top\">1250 mm<\/td>\n<td valign=\"top\">2500 mm<\/td>\n<td valign=\"top\">2500 mm<\/td>\n<\/tr>\n<tr>\n<td valign=\"top\">Mindestau\u00dfendurchmesser<\/td>\n<td valign=\"top\">20 mm<\/td>\n<td valign=\"top\">200 mm<\/td>\n<td valign=\"top\">20 mm<\/td>\n<\/tr>\n<tr>\n<td valign=\"top\">Maximale Gesichtsbreite<\/td>\n<td valign=\"top\">500 mm<\/td>\n<td valign=\"top\">500 mm<\/td>\n<td valign=\"top\">1480 mm<\/td>\n<\/tr>\n<tr>\n<td valign=\"top\">Maximale diametrale Teilung<\/td>\n<td valign=\"top\">DP 1<\/td>\n<td valign=\"top\">DP 1<\/td>\n<td valign=\"top\">DP 0,5<\/td>\n<\/tr>\n<tr>\n<td valign=\"top\">Maximales Modul<\/td>\n<td valign=\"top\">26 mm<\/td>\n<td valign=\"top\">26 mm<\/td>\n<td valign=\"top\">45 mm<\/td>\n<\/tr>\n<tr>\n<td valign=\"top\">AGMA-Level\/DIN-Level<\/td>\n<td valign=\"top\">DIN Klasse 8<\/td>\n<td valign=\"top\">DIN Klasse 8<\/td>\n<td valign=\"top\">DIN Klasse 4<\/td>\n<\/tr>\n<tr>\n<td valign=\"top\">Zahnoberfl\u00e4chenbearbeitung<\/td>\n<td valign=\"top\">Ra 3.2<\/td>\n<td valign=\"top\">Ra 3.2<\/td>\n<td valign=\"top\">Ra 0,6<\/td>\n<\/tr>\n<tr>\n<td valign=\"top\">Maximaler Schr\u00e4gungswinkel<\/td>\n<td valign=\"top\">\u00b145\u00b0<\/td>\n<td valign=\"top\">\u00b145\u00b0<\/td>\n<td valign=\"top\">\u00b145\u00b0<\/td>\n<\/tr>\n<\/tbody>\n<\/table>\n<\/div>\n<\/div>","protected":false},"excerpt":{"rendered":"<ul class=\"pro-info-list fix\">\n<li class=\"prod-specifics-brand\"><label>Zahnform des Zahnrads:\u00a0<\/label>Evolvente<\/li>\n<li class=\"prod-specifics-brand\"><label>Zahnradmaterial:<\/label>45<\/li>\n<li class=\"prod-specifics-brand\"><label>Eingriffswinkel:<\/label>20\u00b0<\/li>\n<li class=\"prod-specifics-brand\"><label>Qualit\u00e4tsniveau:\u00a0<\/label>DIN 3962 Klasse 6<\/li>\n<\/ul>","protected":false},"featured_media":4594,"comment_status":"open","ping_status":"closed","template":"","meta":{"_et_pb_use_builder":"","_et_pb_old_content":"","_et_gb_content_width":""},"product_brand":[],"product_cat":[108],"product_tag":[],"class_list":{"0":"post-7367","1":"product","2":"type-product","3":"status-publish","4":"has-post-thumbnail","6":"product_cat-helical-gear","8":"first","9":"instock","10":"shipping-taxable","11":"product-type-simple"},"_links":{"self":[{"href":"https:\/\/fmp-components.com\/de\/wp-json\/wp\/v2\/product\/7367","targetHints":{"allow":["GET"]}}],"collection":[{"href":"https:\/\/fmp-components.com\/de\/wp-json\/wp\/v2\/product"}],"about":[{"href":"https:\/\/fmp-components.com\/de\/wp-json\/wp\/v2\/types\/product"}],"replies":[{"embeddable":true,"href":"https:\/\/fmp-components.com\/de\/wp-json\/wp\/v2\/comments?post=7367"}],"wp:featuredmedia":[{"embeddable":true,"href":"https:\/\/fmp-components.com\/de\/wp-json\/wp\/v2\/media\/4594"}],"wp:attachment":[{"href":"https:\/\/fmp-components.com\/de\/wp-json\/wp\/v2\/media?parent=7367"}],"wp:term":[{"taxonomy":"product_brand","embeddable":true,"href":"https:\/\/fmp-components.com\/de\/wp-json\/wp\/v2\/product_brand?post=7367"},{"taxonomy":"product_cat","embeddable":true,"href":"https:\/\/fmp-components.com\/de\/wp-json\/wp\/v2\/product_cat?post=7367"},{"taxonomy":"product_tag","embeddable":true,"href":"https:\/\/fmp-components.com\/de\/wp-json\/wp\/v2\/product_tag?post=7367"}],"curies":[{"name":"wp","href":"https:\/\/api.w.org\/{rel}","templated":true}]}}