{"id":7366,"date":"2025-03-24T02:32:27","date_gmt":"2025-03-24T02:32:27","guid":{"rendered":"https:\/\/fmp-components.com\/?post_type=product&#038;p=7366"},"modified":"2025-03-26T08:43:42","modified_gmt":"2025-03-26T08:43:42","slug":"beverage-packing-machinery-helical-gear","status":"publish","type":"product","link":"https:\/\/fmp-components.com\/de\/product\/beverage-packing-machinery-helical-gear\/","title":{"rendered":"Schr\u00e4gverzahnung f\u00fcr Getr\u00e4nkeverpackungsmaschinen"},"content":{"rendered":"<div class=\"sliderTable mt10 mb10 sliderTable-index0 change-to-org\">\n<div class=\"inner\">\n<div>\n<h2>Die Rolle von Schr\u00e4gverzahnungen in Getr\u00e4nkeverpackungsmaschinen<\/h2>\n<p class=\"break-words\">Schr\u00e4gverzahnte Zahnr\u00e4der spielen eine entscheidende Rolle in Getr\u00e4nkeverpackungsmaschinen und sorgen f\u00fcr Effizienz und Pr\u00e4zision in Hochgeschwindigkeits-Produktionslinien. Im Gegensatz zu herk\u00f6mmlichen <a href=\"https:\/\/fmp-components.com\/de\/spur-gear-2\/\">Stirnr\u00e4der<\/a>, <a href=\"https:\/\/fmp-components.com\/de\/helical-gears\/\">Schr\u00e4gverzahnungen<\/a> Schr\u00e4gverzahnte Zahnr\u00e4der gew\u00e4hrleisten einen ruhigeren und leiseren Lauf sowie eine h\u00f6here Belastbarkeit. Dadurch eignen sie sich hervorragend f\u00fcr die anspruchsvolle Umgebung der Getr\u00e4nkeverpackung, wo konstante Leistung und minimale Ausfallzeiten unerl\u00e4sslich sind. Durch die Minimierung von Vibrationen und Verschlei\u00df erh\u00f6hen Schr\u00e4gverzahnungen die Lebensdauer von Maschinen und sind somit in Abf\u00fcllanlagen und Verpackungsbetrieben unverzichtbar.<\/p>\n<\/div>\n<h2>Spezifikation<\/h2>\n<table border=\"1\" width=\"100%\">\n<tbody>\n<tr class=\"firstRow\">\n<th colspan=\"2\" valign=\"top\">Getriebegrunddaten<\/th>\n<\/tr>\n<tr>\n<td valign=\"center\">Zahnform des Zahnrads<\/td>\n<td valign=\"center\">Evolvente<\/td>\n<\/tr>\n<tr>\n<td valign=\"center\">Zahnradmaterial<\/td>\n<td valign=\"center\">20CrNiMoA<\/td>\n<\/tr>\n<tr>\n<td valign=\"center\">Getriebeprozess<\/td>\n<td valign=\"center\">Schmieden, Aufkohlen, Linienschneiden, Zahnschleifen<\/td>\n<\/tr>\n<tr>\n<td valign=\"center\">Druckwinkel<\/td>\n<td valign=\"center\">15\u00b0<\/td>\n<\/tr>\n<tr>\n<td valign=\"center\">Qualit\u00e4tsniveau<\/td>\n<td valign=\"center\">AGMA Klasse 8<\/td>\n<\/tr>\n<tr>\n<td valign=\"center\">Getriebetyp<\/td>\n<td valign=\"center\">Mn=3,35, Z=9, a=15\u00b0, \u03b2=45\u00b0, linksh\u00e4ndig<\/td>\n<\/tr>\n<\/tbody>\n<\/table>\n<\/div>\n<\/div>\n<p><strong>F\u00e4higkeiten von Zahnr\u00e4dern\/Keilwellen<\/strong><\/p>\n<div class=\"sliderTable mt10 mb10 sliderTable-index1 change-to-org\">\n<div class=\"inner\">\n<table border=\"1\" width=\"100%\">\n<tbody>\n<tr class=\"firstRow\">\n<th colspan=\"4\" valign=\"top\">Innenverzahnungen und Innenkeilwellen<\/th>\n<\/tr>\n<tr>\n<td valign=\"top\"><\/td>\n<td valign=\"top\">MAHLEN<\/td>\n<td valign=\"top\">GESTALTUNG<\/td>\n<td valign=\"top\">Z\u00c4HNEKNIRSCHEN<\/td>\n<\/tr>\n<tr>\n<td valign=\"top\">Maximaler Au\u00dfendurchmesser<\/td>\n<td valign=\"top\">2500 mm<\/td>\n<td valign=\"top\">2500 mm<\/td>\n<td valign=\"top\">2500 mm<\/td>\n<\/tr>\n<tr>\n<td valign=\"top\">Mindest-ID<\/td>\n<td valign=\"top\">650 mm<\/td>\n<td valign=\"top\">50 mm<\/td>\n<td valign=\"top\">100 mm<\/td>\n<\/tr>\n<tr>\n<td valign=\"top\">Maximale Gesichtsbreite<\/td>\n<td valign=\"top\">500 mm<\/td>\n<td valign=\"top\">500 mm<\/td>\n<td valign=\"top\">500 mm<\/td>\n<\/tr>\n<tr>\n<td valign=\"top\">Maximale diametrale Teilung<\/td>\n<td valign=\"top\">DP 1<\/td>\n<td valign=\"top\">DP 1<\/td>\n<td valign=\"top\">DP 0,5<\/td>\n<\/tr>\n<tr>\n<td valign=\"top\">Maximales Modul<\/td>\n<td valign=\"top\">26 mm<\/td>\n<td valign=\"top\">26 mm<\/td>\n<td valign=\"top\">45 mm<\/td>\n<\/tr>\n<tr>\n<td valign=\"top\">AGMA-Level\/DIN-Level<\/td>\n<td valign=\"top\">DIN Klasse 8<\/td>\n<td valign=\"top\">DIN Klasse 8<\/td>\n<td valign=\"top\">DIN Klasse 4<\/td>\n<\/tr>\n<tr>\n<td valign=\"top\">Zahnoberfl\u00e4chenbearbeitung<\/td>\n<td valign=\"top\">Ra 3.2<\/td>\n<td valign=\"top\">Ra 3.2<\/td>\n<td valign=\"top\">Ra 0,6<\/td>\n<\/tr>\n<tr>\n<td valign=\"top\">Maximaler Schr\u00e4gungswinkel<\/td>\n<td valign=\"top\">\u00b122,5\u00b0<\/td>\n<td valign=\"top\">\u00b122,5\u00b0<\/td>\n<td valign=\"top\">\u00b145\u00b0<\/td>\n<\/tr>\n<tr>\n<td valign=\"top\"><\/td>\n<td valign=\"top\"><\/td>\n<td valign=\"top\"><\/td>\n<td valign=\"top\"><\/td>\n<\/tr>\n<tr>\n<th colspan=\"4\" valign=\"top\">Au\u00dfenverzahnungen und Au\u00dfenkeilwellen<\/th>\n<\/tr>\n<tr>\n<td valign=\"top\"><\/td>\n<td valign=\"top\">W\u00c4LZFR\u00c4SEN<\/td>\n<td valign=\"top\">MAHLEN<\/td>\n<td valign=\"top\">Z\u00c4HNEKNIRSCHEN<\/td>\n<\/tr>\n<tr>\n<td valign=\"top\">Maximaler Au\u00dfendurchmesser<\/td>\n<td valign=\"top\">1250 mm<\/td>\n<td valign=\"top\">2500 mm<\/td>\n<td valign=\"top\">2500 mm<\/td>\n<\/tr>\n<tr>\n<td valign=\"top\">Mindestau\u00dfendurchmesser<\/td>\n<td valign=\"top\">20 mm<\/td>\n<td valign=\"top\">200 mm<\/td>\n<td valign=\"top\">20 mm<\/td>\n<\/tr>\n<tr>\n<td valign=\"top\">Maximale Gesichtsbreite<\/td>\n<td valign=\"top\">500 mm<\/td>\n<td valign=\"top\">500 mm<\/td>\n<td valign=\"top\">1480 mm<\/td>\n<\/tr>\n<tr>\n<td valign=\"top\">Maximale diametrale Teilung<\/td>\n<td valign=\"top\">DP 1<\/td>\n<td valign=\"top\">DP 1<\/td>\n<td valign=\"top\">DP 0,5<\/td>\n<\/tr>\n<tr>\n<td valign=\"top\">Maximales Modul<\/td>\n<td valign=\"top\">26 mm<\/td>\n<td valign=\"top\">26 mm<\/td>\n<td valign=\"top\">45 mm<\/td>\n<\/tr>\n<tr>\n<td valign=\"top\">AGMA-Level\/DIN-Level<\/td>\n<td valign=\"top\">DIN Klasse 8<\/td>\n<td valign=\"top\">DIN Klasse 8<\/td>\n<td valign=\"top\">DIN Klasse 4<\/td>\n<\/tr>\n<tr>\n<td valign=\"top\">Zahnoberfl\u00e4chenbearbeitung<\/td>\n<td valign=\"top\">Ra 3.2<\/td>\n<td valign=\"top\">Ra 3.2<\/td>\n<td valign=\"top\">Ra 0,6<\/td>\n<\/tr>\n<tr>\n<td valign=\"top\">Maximaler Schr\u00e4gungswinkel<\/td>\n<td valign=\"top\">\u00b145\u00b0<\/td>\n<td valign=\"top\">\u00b145\u00b0<\/td>\n<td valign=\"top\">\u00b145\u00b0<\/td>\n<\/tr>\n<\/tbody>\n<\/table>\n<div>\n<h3>FMP Company: Ihr zuverl\u00e4ssiger Partner f\u00fcr Stirnradgetriebe<\/h3>\n<p class=\"break-words\">Wir von FMP Company sind spezialisiert auf die Herstellung einer breiten Palette von Schr\u00e4gverzahnungen f\u00fcr Getr\u00e4nkeverpackungsmaschinen. Ob Standardausf\u00fchrungen oder kundenspezifische L\u00f6sungen \u2013 unsere Verzahnungen zeichnen sich durch Pr\u00e4zision und Langlebigkeit aus und erf\u00fcllen die besonderen Anforderungen der Serienproduktion. Sollten Sie das gew\u00fcnschte Modell nicht in unserer Produktliste finden, keine Sorge: Es ist noch nicht verf\u00fcgbar. Senden Sie uns einfach eine E-Mail mit Ihren Anforderungen. Unsere erfahrenen Ingenieure melden sich innerhalb von 24 Stunden mit der optimalen L\u00f6sung f\u00fcr Ihre Bed\u00fcrfnisse bei Ihnen.<\/p>\n<\/div>\n<\/div>\n<\/div>","protected":false},"excerpt":{"rendered":"<ul class=\"pro-info-list fix\">\n<li class=\"prod-specifics-brand\"><label>Zahnform des Zahnrads:\u00a0<\/label>Evolvente<\/li>\n<li class=\"prod-specifics-brand\"><label>Zahnradmaterial:<\/label>20CrNiMoA<\/li>\n<li class=\"prod-specifics-brand\"><label>Eingriffswinkel:<\/label>15\u00b0<\/li>\n<li class=\"prod-specifics-brand\"><label>Qualit\u00e4tsniveau:\u00a0<\/label>AGMA-Klasse 8<\/li>\n<\/ul>","protected":false},"featured_media":4582,"comment_status":"open","ping_status":"closed","template":"","meta":{"_et_pb_use_builder":"","_et_pb_old_content":"","_et_gb_content_width":""},"product_brand":[],"product_cat":[108],"product_tag":[],"class_list":{"0":"post-7366","1":"product","2":"type-product","3":"status-publish","4":"has-post-thumbnail","6":"product_cat-helical-gear","8":"first","9":"instock","10":"shipping-taxable","11":"product-type-simple"},"_links":{"self":[{"href":"https:\/\/fmp-components.com\/de\/wp-json\/wp\/v2\/product\/7366","targetHints":{"allow":["GET"]}}],"collection":[{"href":"https:\/\/fmp-components.com\/de\/wp-json\/wp\/v2\/product"}],"about":[{"href":"https:\/\/fmp-components.com\/de\/wp-json\/wp\/v2\/types\/product"}],"replies":[{"embeddable":true,"href":"https:\/\/fmp-components.com\/de\/wp-json\/wp\/v2\/comments?post=7366"}],"wp:featuredmedia":[{"embeddable":true,"href":"https:\/\/fmp-components.com\/de\/wp-json\/wp\/v2\/media\/4582"}],"wp:attachment":[{"href":"https:\/\/fmp-components.com\/de\/wp-json\/wp\/v2\/media?parent=7366"}],"wp:term":[{"taxonomy":"product_brand","embeddable":true,"href":"https:\/\/fmp-components.com\/de\/wp-json\/wp\/v2\/product_brand?post=7366"},{"taxonomy":"product_cat","embeddable":true,"href":"https:\/\/fmp-components.com\/de\/wp-json\/wp\/v2\/product_cat?post=7366"},{"taxonomy":"product_tag","embeddable":true,"href":"https:\/\/fmp-components.com\/de\/wp-json\/wp\/v2\/product_tag?post=7366"}],"curies":[{"name":"wp","href":"https:\/\/api.w.org\/{rel}","templated":true}]}}