{"id":7364,"date":"2025-03-24T02:21:03","date_gmt":"2025-03-24T02:21:03","guid":{"rendered":"https:\/\/fmp-components.com\/?post_type=product&#038;p=7364"},"modified":"2025-03-26T08:43:59","modified_gmt":"2025-03-26T08:43:59","slug":"high-speed-train-locomotive-hard-tooth-flank-helical-gear","status":"publish","type":"product","link":"https:\/\/fmp-components.com\/de\/product\/high-speed-train-locomotive-hard-tooth-flank-helical-gear\/","title":{"rendered":"Hochgeschwindigkeitszuglokomotive mit harter Zahnflanke, Schr\u00e4gverzahnung"},"content":{"rendered":"<div class=\"sliderTable mt10 mb10 sliderTable-index0 change-to-org\">\n<div class=\"inner\">\n<h2>Die Rolle von Stirnradverzahnungen mit harten Z\u00e4hnen in Hochgeschwindigkeits-Lokomotiven<\/h2>\n<div>Hochgeschwindigkeitszuglokomotiven ben\u00f6tigen Zahnr\u00e4der, die extremen Betriebsbedingungen standhalten und dabei einen reibungslosen und effizienten Betrieb gew\u00e4hrleisten. Harte Zahnflanke <a href=\"https:\/\/fmp-components.com\/de\/helical-gears\/\">Schr\u00e4gverzahnungen<\/a> Dank ihrer au\u00dfergew\u00f6hnlichen Festigkeit, Pr\u00e4zision und Belastbarkeit bei hohen Geschwindigkeiten sind diese Zahnr\u00e4der die optimale L\u00f6sung f\u00fcr diese Anwendungen. Sie wurden speziell entwickelt, um Ger\u00e4usche und Vibrationen zu minimieren und so den Fahrkomfort zu erh\u00f6hen und gleichzeitig die Zuverl\u00e4ssigkeit von Hochgeschwindigkeitsz\u00fcgen zu gew\u00e4hrleisten. Ihre robuste Bauweise reduziert zudem den Wartungsaufwand und macht sie zu einer entscheidenden Komponente f\u00fcr die Langlebigkeit und Zuverl\u00e4ssigkeit moderner Lokomotiven.<\/div>\n<h2>Spezifikation<\/h2>\n<table border=\"1\" width=\"100%\">\n<tbody>\n<tr class=\"firstRow\">\n<th colspan=\"2\" valign=\"top\">Getriebegrunddaten<\/th>\n<\/tr>\n<tr>\n<td valign=\"center\">Zahnform des Zahnrads<\/td>\n<td valign=\"center\">Evolvente<\/td>\n<\/tr>\n<tr>\n<td valign=\"center\">Zahnradmaterial<\/td>\n<td valign=\"center\">17CrNiMo6<\/td>\n<\/tr>\n<tr>\n<td valign=\"center\">Getriebeprozess<\/td>\n<td valign=\"center\">Schmieden, Drehen, W\u00e4lzfr\u00e4sen, Aufkohlen, Au\u00dfenschleifen, Zahnschleifen<\/td>\n<\/tr>\n<tr>\n<td valign=\"center\">Druckwinkel<\/td>\n<td valign=\"center\">20\u00b0<\/td>\n<\/tr>\n<tr>\n<td valign=\"center\">Qualit\u00e4tsniveau<\/td>\n<td valign=\"center\">DIN 3962 Klasse 6<\/td>\n<\/tr>\n<tr>\n<td valign=\"center\">Getriebetyp<\/td>\n<td valign=\"center\">Mn=4, Z=132, \u03b2=18\u00b0<\/td>\n<\/tr>\n<\/tbody>\n<\/table>\n<\/div>\n<\/div>\n<p><strong>F\u00c4HIGKEITEN VON ZAHNR\u00c4DERN\/KEILVERKLEIDUNGEN<\/strong><\/p>\n<div class=\"sliderTable mt10 mb10 sliderTable-index1 change-to-org\">\n<div class=\"inner\">\n<table border=\"1\" width=\"100%\">\n<tbody>\n<tr class=\"firstRow\">\n<th colspan=\"4\" valign=\"top\">Innenverzahnungen und Innenverzahnungen<\/th>\n<\/tr>\n<tr>\n<td valign=\"top\"><\/td>\n<td valign=\"top\">MAHLEN<\/td>\n<td valign=\"top\">GESTALTUNG<\/td>\n<td valign=\"top\">Z\u00c4HNEKNIRSCHEN<\/td>\n<\/tr>\n<tr>\n<td valign=\"top\">Maximaler Au\u00dfendurchmesser<\/td>\n<td valign=\"top\">2500 mm<\/td>\n<td valign=\"top\">2500 mm<\/td>\n<td valign=\"top\">2500 mm<\/td>\n<\/tr>\n<tr>\n<td valign=\"top\">Mindest-ID<\/td>\n<td valign=\"top\">650 mm<\/td>\n<td valign=\"top\">50 mm<\/td>\n<td valign=\"top\">100 mm<\/td>\n<\/tr>\n<tr>\n<td valign=\"top\">Maximale Gesichtsbreite<\/td>\n<td valign=\"top\">500 mm<\/td>\n<td valign=\"top\">500 mm<\/td>\n<td valign=\"top\">500 mm<\/td>\n<\/tr>\n<tr>\n<td valign=\"top\">Maximale diametrale Teilung<\/td>\n<td valign=\"top\">DP 1<\/td>\n<td valign=\"top\">DP 1<\/td>\n<td valign=\"top\">DP 0,5<\/td>\n<\/tr>\n<tr>\n<td valign=\"top\">Maximales Modul<\/td>\n<td valign=\"top\">26 mm<\/td>\n<td valign=\"top\">26 mm<\/td>\n<td valign=\"top\">45 mm<\/td>\n<\/tr>\n<tr>\n<td valign=\"top\">AGMA-Level\/DIN-Level<\/td>\n<td valign=\"top\">DIN Klasse 8<\/td>\n<td valign=\"top\">DIN Klasse 8<\/td>\n<td valign=\"top\">DIN Klasse 4<\/td>\n<\/tr>\n<tr>\n<td valign=\"top\">Zahnoberfl\u00e4chenbearbeitung<\/td>\n<td valign=\"top\">Ra 3.2<\/td>\n<td valign=\"top\">Ra 3.2<\/td>\n<td valign=\"top\">Ra 0,6<\/td>\n<\/tr>\n<tr>\n<td valign=\"top\">Maximaler Schr\u00e4gungswinkel<\/td>\n<td valign=\"top\">\u00b122,5\u00b0<\/td>\n<td valign=\"top\">\u00b122,5\u00b0<\/td>\n<td valign=\"top\">\u00b145\u00b0<\/td>\n<\/tr>\n<tr>\n<th colspan=\"4\" valign=\"top\">AUSSENVERZAHNUNGEN UND AUSSENVERKLEBUNGEN<\/th>\n<\/tr>\n<tr>\n<td valign=\"top\"><\/td>\n<td valign=\"top\">W\u00c4LZFR\u00c4SEN<\/td>\n<td valign=\"top\">MAHLEN<\/td>\n<td valign=\"top\">Z\u00c4HNEKNIRSCHEN<\/td>\n<\/tr>\n<tr>\n<td valign=\"top\">Maximaler Au\u00dfendurchmesser<\/td>\n<td valign=\"top\">1250 mm<\/td>\n<td valign=\"top\">2500 mm<\/td>\n<td valign=\"top\">2500 mm<\/td>\n<\/tr>\n<tr>\n<td valign=\"top\">Mindestau\u00dfendurchmesser<\/td>\n<td valign=\"top\">20 mm<\/td>\n<td valign=\"top\">200 mm<\/td>\n<td valign=\"top\">20 mm<\/td>\n<\/tr>\n<tr>\n<td valign=\"top\">Maximale Gesichtsbreite<\/td>\n<td valign=\"top\">500 mm<\/td>\n<td valign=\"top\">500 mm<\/td>\n<td valign=\"top\">1480 mm<\/td>\n<\/tr>\n<tr>\n<td valign=\"top\">Maximale diametrale Teilung<\/td>\n<td valign=\"top\">DP 1<\/td>\n<td valign=\"top\">DP 1<\/td>\n<td valign=\"top\">DP 0,5<\/td>\n<\/tr>\n<tr>\n<td valign=\"top\">Maximales Modul<\/td>\n<td valign=\"top\">26 mm<\/td>\n<td valign=\"top\">26 mm<\/td>\n<td valign=\"top\">45 mm<\/td>\n<\/tr>\n<tr>\n<td valign=\"top\">AGMA-Level\/DIN-Level<\/td>\n<td valign=\"top\">DIN Klasse 8<\/td>\n<td valign=\"top\">DIN Klasse 8<\/td>\n<td valign=\"top\">DIN Klasse 4<\/td>\n<\/tr>\n<tr>\n<td valign=\"top\">Zahnoberfl\u00e4chenbearbeitung<\/td>\n<td valign=\"top\">Ra 3.2<\/td>\n<td valign=\"top\">Ra 3.2<\/td>\n<td valign=\"top\">Ra 0,6<\/td>\n<\/tr>\n<tr>\n<td valign=\"top\">Maximaler Schr\u00e4gungswinkel<\/td>\n<td valign=\"top\">\u00b145\u00b0<\/td>\n<td valign=\"top\">\u00b145\u00b0<\/td>\n<td valign=\"top\">\u00b145\u00b0<\/td>\n<\/tr>\n<\/tbody>\n<\/table>\n<div><\/div>\n<h3>FMP Company: Ihr Partner f\u00fcr hochwertige Lokomotivzahnr\u00e4der<\/h3>\n<div><\/div>\n<div>Die FMP Company ist ein f\u00fchrender Hersteller von Schr\u00e4gverzahnungen mit harter Zahnflanke f\u00fcr Hochgeschwindigkeitslokomotiven und bietet eine breite Palette an Zahnradtypen, die den hohen Anforderungen der Bahnindustrie gerecht werden. Unsere Zahnr\u00e4der werden nach h\u00f6chsten Standards gefertigt und gew\u00e4hrleisten so maximale Leistung und Langlebigkeit selbst unter h\u00e4rtesten Bedingungen. Wir bieten auch kundenspezifische Zahnradfertigung an, um individuelle Spezifikationen zu erf\u00fcllen. Sollte das von Ihnen ben\u00f6tigte Zahnradmodell nicht in unserem Produktkatalog aufgef\u00fchrt sein, bedeutet dies lediglich, dass wir es noch nicht hochgeladen haben \u2013 seien Sie versichert, wir k\u00f6nnen Ihre Anforderungen dennoch erf\u00fcllen. Senden Sie uns einfach eine E-Mail mit Ihren Anforderungen, und unsere erfahrenen Ingenieure werden sich innerhalb von 24 Stunden bei Ihnen melden, um die optimale Zahnradl\u00f6sung f\u00fcr Ihre Lokomotive zu finden.<\/div>\n<\/div>\n<\/div>","protected":false},"excerpt":{"rendered":"<ul class=\"pro-info-list fix\">\n<li class=\"prod-specifics-brand\"><label>Zahnform des Zahnrads:\u00a0<\/label>Evolvente<\/li>\n<li class=\"prod-specifics-brand\"><label>Zahnradmaterial:<\/label>17CrNiMo6<\/li>\n<li class=\"prod-specifics-brand\"><label>Eingriffswinkel:<\/label>20\u00b0<\/li>\n<li class=\"prod-specifics-brand\"><label>Qualit\u00e4tsniveau:\u00a0<\/label>DIN 3962 Klasse 6<\/li>\n<\/ul>","protected":false},"featured_media":4590,"comment_status":"open","ping_status":"closed","template":"","meta":{"_et_pb_use_builder":"","_et_pb_old_content":"","_et_gb_content_width":""},"product_brand":[],"product_cat":[108],"product_tag":[],"class_list":{"0":"post-7364","1":"product","2":"type-product","3":"status-publish","4":"has-post-thumbnail","6":"product_cat-helical-gear","8":"first","9":"instock","10":"shipping-taxable","11":"product-type-simple"},"_links":{"self":[{"href":"https:\/\/fmp-components.com\/de\/wp-json\/wp\/v2\/product\/7364","targetHints":{"allow":["GET"]}}],"collection":[{"href":"https:\/\/fmp-components.com\/de\/wp-json\/wp\/v2\/product"}],"about":[{"href":"https:\/\/fmp-components.com\/de\/wp-json\/wp\/v2\/types\/product"}],"replies":[{"embeddable":true,"href":"https:\/\/fmp-components.com\/de\/wp-json\/wp\/v2\/comments?post=7364"}],"wp:featuredmedia":[{"embeddable":true,"href":"https:\/\/fmp-components.com\/de\/wp-json\/wp\/v2\/media\/4590"}],"wp:attachment":[{"href":"https:\/\/fmp-components.com\/de\/wp-json\/wp\/v2\/media?parent=7364"}],"wp:term":[{"taxonomy":"product_brand","embeddable":true,"href":"https:\/\/fmp-components.com\/de\/wp-json\/wp\/v2\/product_brand?post=7364"},{"taxonomy":"product_cat","embeddable":true,"href":"https:\/\/fmp-components.com\/de\/wp-json\/wp\/v2\/product_cat?post=7364"},{"taxonomy":"product_tag","embeddable":true,"href":"https:\/\/fmp-components.com\/de\/wp-json\/wp\/v2\/product_tag?post=7364"}],"curies":[{"name":"wp","href":"https:\/\/api.w.org\/{rel}","templated":true}]}}