{"id":7346,"date":"2025-03-23T08:27:19","date_gmt":"2025-03-23T08:27:19","guid":{"rendered":"https:\/\/fmp-components.com\/?post_type=product&#038;p=7346"},"modified":"2025-03-26T08:45:56","modified_gmt":"2025-03-26T08:45:56","slug":"heavy-machinery-double-helical-gear","status":"publish","type":"product","link":"https:\/\/fmp-components.com\/de\/product\/heavy-machinery-double-helical-gear\/","title":{"rendered":"Doppelschr\u00e4gverzahntes Getriebe f\u00fcr Schwermaschinen"},"content":{"rendered":"<div>\n<h2>Doppelhelixgetriebe f\u00fcr schwere Maschinen: Pr\u00e4zision und Leistung f\u00fcr industrielle Anwendungen<\/h2>\n<p class=\"break-words\">Bei FMP Company sind wir stolz darauf, eine breite Palette dieser au\u00dfergew\u00f6hnlichen Zahnr\u00e4der herzustellen, die auf die Anforderungen der Schwerindustrie in ganz Italien \u2013 einschlie\u00dflich wichtiger Zentren wie Mailand, Venedig, Florenz und Bologna \u2013 und dar\u00fcber hinaus zugeschnitten sind.<\/p>\n<table style=\"border-collapse: collapse; width: 100.102%; height: 95px;\" border=\"0\" width=\"243\" cellspacing=\"0\" cellpadding=\"0\">\n<tbody>\n<tr style=\"height: 14.40pt;\">\n<td style=\"height: 14px; width: 33.262%;\" align=\"right\" width=\"81\" height=\"24\"><img loading=\"lazy\" decoding=\"async\" class=\"size-full wp-image-7353 aligncenter\" src=\"https:\/\/fmp-components.com\/wp-content\/uploads\/2025\/03\/Heavy-Machinery-Double-Helical-Gear-6.webp\" alt=\"Doppel-Schr\u00e4gverzahnung f\u00fcr schwere Maschinen\" width=\"500\" height=\"500\" title=\"\" srcset=\"https:\/\/fmp-components.com\/wp-content\/uploads\/2025\/03\/Heavy-Machinery-Double-Helical-Gear-6.webp 500w, https:\/\/fmp-components.com\/wp-content\/uploads\/2025\/03\/Heavy-Machinery-Double-Helical-Gear-6-480x480.webp 480w\" sizes=\"(min-width: 0px) and (max-width: 480px) 480px, (min-width: 481px) 500px, 100vw\" \/><\/td>\n<td style=\"width: 33.6898%; height: 14px;\" align=\"right\" width=\"81\"><img loading=\"lazy\" decoding=\"async\" class=\"size-full wp-image-7354 aligncenter\" src=\"https:\/\/fmp-components.com\/wp-content\/uploads\/2025\/03\/Heavy-Machinery-Double-Helical-Gear-5.webp\" alt=\"Doppel-Schr\u00e4gverzahnung f\u00fcr schwere Maschinen\" width=\"500\" height=\"500\" title=\"\" srcset=\"https:\/\/fmp-components.com\/wp-content\/uploads\/2025\/03\/Heavy-Machinery-Double-Helical-Gear-5.webp 500w, https:\/\/fmp-components.com\/wp-content\/uploads\/2025\/03\/Heavy-Machinery-Double-Helical-Gear-5-480x480.webp 480w\" sizes=\"(min-width: 0px) and (max-width: 480px) 480px, (min-width: 481px) 500px, 100vw\" \/><\/td>\n<td style=\"width: 32.8342%; height: 14px;\" align=\"right\" width=\"81\"><img loading=\"lazy\" decoding=\"async\" class=\"size-full wp-image-7355 aligncenter\" src=\"https:\/\/fmp-components.com\/wp-content\/uploads\/2025\/03\/Heavy-Machinery-Double-Helical-Gear-2.webp\" alt=\"Doppel-Schr\u00e4gverzahnung f\u00fcr schwere Maschinen\" width=\"500\" height=\"500\" title=\"\" srcset=\"https:\/\/fmp-components.com\/wp-content\/uploads\/2025\/03\/Heavy-Machinery-Double-Helical-Gear-2.webp 500w, https:\/\/fmp-components.com\/wp-content\/uploads\/2025\/03\/Heavy-Machinery-Double-Helical-Gear-2-480x480.webp 480w\" sizes=\"(min-width: 0px) and (max-width: 480px) 480px, (min-width: 481px) 500px, 100vw\" \/><\/td>\n<\/tr>\n<\/tbody>\n<\/table>\n<h3>Was sind Doppelschr\u00e4gverzahnungen?<\/h3>\n<p class=\"break-words\">Doppelhelixverzahnungen, oft auch Pfeilverzahnungen genannt, zeichnen sich durch ihre charakteristische V-f\u00f6rmige Konstruktion aus, die durch zwei gegen\u00fcberliegende Spiralabschnitte gebildet wird. Diese innovative Struktur eliminiert den Axialschub und gew\u00e4hrleistet so einen reibungslosen und effizienten Betrieb ohne die Notwendigkeit von Axiallagern \u2013 ein entscheidender Vorteil gegen\u00fcber herk\u00f6mmlichen Verzahnungen. <a href=\"https:\/\/fmp-components.com\/de\/helical-gears\/\">Schr\u00e4gverzahnungen<\/a>F\u00fcr Branchen, die ein hohes Drehmoment und eine hohe Belastbarkeit erfordern, wie beispielsweise Mailands gesch\u00e4ftiger Fertigungssektor oder Venedigs Zentren f\u00fcr Schiffsmaschinenbau, sind Doppelhelixgetriebe ein unverzichtbarer Bestandteil von Schwermaschinen.<\/p>\n<h3>Hauptvorteile von Doppelschr\u00e4gverzahnungen<\/h3>\n<p class=\"break-words\">Die \u00fcberlegene Leistungsf\u00e4higkeit von Doppelhelixgetrieben beruht auf ihrer durchdachten Konstruktion. Deshalb eignen sie sich hervorragend f\u00fcr industrielle Anwendungen:<\/p>\n<ol class=\"marker:text-secondary\">\n<li class=\"break-words\"><strong>Beseitigung der Axiallast<\/strong><br \/>\nDie symmetrische V-Form kompensiert den Axialschub und macht zus\u00e4tzliche Axiallager \u00fcberfl\u00fcssig. Dies vereinfacht die Getriebekonstruktion, senkt die Wartungskosten und erh\u00f6ht die Zuverl\u00e4ssigkeit \u2013 ideal f\u00fcr die pr\u00e4zisionsgetriebenen Branchen in Florenz.<\/li>\n<li class=\"break-words\"><strong>Hohe Tragf\u00e4higkeit<\/strong><br \/>\nDurch den gr\u00f6\u00dferen Zahneingriff verteilen diese Zahnr\u00e4der die Lasten effektiver und eignen sich daher ideal f\u00fcr die hohen Anforderungen von Bergbaumaschinen in Bologna oder Metallbearbeitungsmaschinen in ganz Italien.<\/li>\n<li class=\"break-words\"><strong>Erh\u00f6hte Effizienz<\/strong><br \/>\nDer kontinuierliche Zahneingriff minimiert Vibrationen und Ger\u00e4usche, sorgt f\u00fcr einen ruhigeren Lauf und steigert die Getriebeleistung. Diese Effizienz ist entscheidend f\u00fcr Anwendungen, bei denen h\u00f6chste Pr\u00e4zision unerl\u00e4sslich ist, wie beispielsweise Schiffsantriebssysteme in Venedig.<\/li>\n<li class=\"break-words\"><strong>Haltbarkeit<\/strong><br \/>\nDie ausgewogene Konstruktion reduziert Verschlei\u00df und gew\u00e4hrleistet eine lange Lebensdauer selbst unter rauen Bedingungen. Dank dieser Langlebigkeit sind Doppelhelixgetriebe eine kosteng\u00fcnstige Wahl f\u00fcr den langfristigen industriellen Einsatz \u2013 von Mail\u00e4nder Kraftwerken bis hin zu abgelegenen \u00d6lfeldern.<\/li>\n<\/ol>\n<\/div>\n<h2>Kundenspezifische Getriebeteile \u2013 Hochleistungs-Doppelschr\u00e4gverzahnung<\/h2>\n<table class=\"table\" style=\"width: 101.217%; height: 208px;\" border=\"1\">\n<tbody>\n<tr>\n<td>Anwendung:<\/td>\n<td>Motoren, Elektroautos, Motorr\u00e4der, Maschinen, Schiffsmaschinen, Spielzeug, Landmaschinen, Autos<\/td>\n<\/tr>\n<tr>\n<td>H\u00e4rte:<\/td>\n<td>Weiche Zahnoberfl\u00e4che<\/td>\n<\/tr>\n<tr>\n<td>Gangposition:<\/td>\n<td>Externes Getriebe<\/td>\n<\/tr>\n<tr>\n<td>Herstellungsverfahren:<\/td>\n<td>Getriebe schneiden<\/td>\n<\/tr>\n<tr>\n<td>Form des gezahnten Abschnitts:<\/td>\n<td>Doppelschr\u00e4gverzahnung<\/td>\n<\/tr>\n<tr>\n<td>Material:<\/td>\n<td>Stahlguss<\/td>\n<\/tr>\n<\/tbody>\n<\/table>\n<div class=\"table-responsive\">\n<table class=\"table\" style=\"width: 101.339%;\" border=\"1\">\n<tbody>\n<tr>\n<td style=\"width: 44.1558%;\">Material<\/td>\n<td style=\"width: 264.756%;\">Mass angefertigt<\/td>\n<\/tr>\n<tr>\n<td style=\"width: 44.1558%;\">W\u00e4lzfr\u00e4sen<\/td>\n<td style=\"width: 264.756%;\"><b>\u221a<\/b><\/td>\n<\/tr>\n<tr>\n<td style=\"width: 44.1558%;\">Zahnradschleifen<\/td>\n<td style=\"width: 264.756%;\">Null<\/td>\n<\/tr>\n<tr>\n<td style=\"width: 44.1558%;\">Druckwinkel<\/td>\n<td style=\"width: 264.756%;\">20\u00b0<\/td>\n<\/tr>\n<tr>\n<td style=\"width: 44.1558%;\">Spiralwinkel<\/td>\n<td style=\"width: 264.756%;\">Mass angefertigt<\/td>\n<\/tr>\n<tr>\n<td style=\"width: 44.1558%;\">W\u00e4rmebehandlung<\/td>\n<td style=\"width: 264.756%;\">H\u00e4rten und Anlassen<\/td>\n<\/tr>\n<tr>\n<td style=\"width: 44.1558%;\">Oberfl\u00e4chenh\u00e4rte<\/td>\n<td style=\"width: 264.756%;\">Optionen<\/td>\n<\/tr>\n<tr>\n<td style=\"width: 44.1558%;\">Genauigkeitsgrad der Zahnr\u00e4der<\/td>\n<td style=\"width: 264.756%;\">G\u00fcteklasse 8-9 (ISO 1328)<\/td>\n<\/tr>\n<\/tbody>\n<\/table>\n<\/div>\n<p>Doppelhelixgetriebe f\u00fcr schwere Maschinen<\/p>\n<div class=\"table-responsive\">\n<table class=\"table\" style=\"width: 99.7297%;\" border=\"1\">\n<tbody>\n<tr>\n<td style=\"width: 41.806%;\">VERGLEICH DER STAHLCODE-SORTEN<\/td>\n<td style=\"width: 12.3746%;\"><\/td>\n<td style=\"width: 11.8729%;\"><\/td>\n<td style=\"width: 7.19064%;\"><\/td>\n<td style=\"width: 11.3712%;\"><\/td>\n<td style=\"width: 69.7324%;\"><\/td>\n<\/tr>\n<tr>\n<td style=\"width: 41.806%;\">CHINA\/GB<\/td>\n<td style=\"width: 12.3746%;\">ISO<\/td>\n<td style=\"width: 11.8729%;\">GOST<\/td>\n<td style=\"width: 7.19064%;\">ASTM<\/td>\n<td style=\"width: 11.3712%;\">JIS<\/td>\n<td style=\"width: 69.7324%;\">L\u00c4RM<\/td>\n<\/tr>\n<tr>\n<td style=\"width: 41.806%;\">45<\/td>\n<td style=\"width: 12.3746%;\">C45E4<\/td>\n<td style=\"width: 11.8729%;\">45<\/td>\n<td style=\"width: 7.19064%;\">1045<\/td>\n<td style=\"width: 11.3712%;\">S45C<\/td>\n<td style=\"width: 69.7324%;\">CK45<\/td>\n<\/tr>\n<tr>\n<td style=\"width: 41.806%;\">40Cr<\/td>\n<td style=\"width: 12.3746%;\">41Cr4<\/td>\n<td style=\"width: 11.8729%;\">40-fach<\/td>\n<td style=\"width: 7.19064%;\">5140<\/td>\n<td style=\"width: 11.3712%;\">SCr440<\/td>\n<td style=\"width: 69.7324%;\">41Cr4<\/td>\n<\/tr>\n<tr>\n<td style=\"width: 41.806%;\">20CrMo<\/td>\n<td style=\"width: 12.3746%;\">18CrMo4<\/td>\n<td style=\"width: 11.8729%;\">20HM<\/td>\n<td style=\"width: 7.19064%;\">4118<\/td>\n<td style=\"width: 11.3712%;\">SCM22<\/td>\n<td style=\"width: 69.7324%;\">25CrMo4<\/td>\n<\/tr>\n<tr>\n<td style=\"width: 41.806%;\">42CrMo<\/td>\n<td style=\"width: 12.3746%;\">42CrMo4<\/td>\n<td style=\"width: 11.8729%;\">38XM<\/td>\n<td style=\"width: 7.19064%;\">4140<\/td>\n<td style=\"width: 11.3712%;\">SCM440<\/td>\n<td style=\"width: 69.7324%;\">42CrMo4<\/td>\n<\/tr>\n<tr>\n<td style=\"width: 41.806%;\">20CrMnTi<\/td>\n<td style=\"width: 12.3746%;\"><\/td>\n<td style=\"width: 11.8729%;\">18X\u0413T<\/td>\n<td style=\"width: 7.19064%;\"><\/td>\n<td style=\"width: 11.3712%;\">SMK22<\/td>\n<td style=\"width: 69.7324%;\"><\/td>\n<\/tr>\n<tr>\n<td style=\"width: 41.806%;\">20Cr2Ni4<\/td>\n<td style=\"width: 12.3746%;\"><\/td>\n<td style=\"width: 11.8729%;\">20X2H4A<\/td>\n<td style=\"width: 7.19064%;\"><\/td>\n<td style=\"width: 11.3712%;\"><\/td>\n<td style=\"width: 69.7324%;\"><\/td>\n<\/tr>\n<tr>\n<td style=\"width: 41.806%;\">20CrNiMo<\/td>\n<td style=\"width: 12.3746%;\">20CrNiMo2<\/td>\n<td style=\"width: 11.8729%;\">20XHM<\/td>\n<td style=\"width: 7.19064%;\">8720<\/td>\n<td style=\"width: 11.3712%;\">SNCM220<\/td>\n<td style=\"width: 69.7324%;\">21NiCrMo2<\/td>\n<\/tr>\n<tr>\n<td style=\"width: 41.806%;\">40CrNiMoA<\/td>\n<td style=\"width: 12.3746%;\"><\/td>\n<td style=\"width: 11.8729%;\">40XH2MA\/<br \/>\n40XHMA<\/td>\n<td style=\"width: 7.19064%;\">4340<\/td>\n<td style=\"width: 11.3712%;\">SNCM439<\/td>\n<td style=\"width: 69.7324%;\">40NiCrMo6\/<br \/>\n36NiCrMo4<\/td>\n<\/tr>\n<tr>\n<td style=\"width: 41.806%;\">20CrNi2Mo<\/td>\n<td style=\"width: 12.3746%;\">20NiCrMo7<\/td>\n<td style=\"width: 11.8729%;\">20XH2MA<\/td>\n<td style=\"width: 7.19064%;\">4320<\/td>\n<td style=\"width: 11.3712%;\">SNCM420<\/td>\n<td style=\"width: 69.7324%;\"><\/td>\n<\/tr>\n<\/tbody>\n<\/table>\n<p>&nbsp;<\/p>\n<div>\n<h2>Anwendungen in Industriegetrieben<\/h2>\n<p class=\"break-words\">Pr\u00e4zisions-Doppelhelixgetriebe sind eine bew\u00e4hrte L\u00f6sung f\u00fcr eine Vielzahl von anspruchsvollen Anwendungen:<\/p>\n<ul class=\"marker:text-secondary\">\n<li class=\"break-words\"><strong>Schwere Maschinen<\/strong><br \/>\nUnverzichtbar f\u00fcr Bergbaumaschinen und Metallbearbeitungsmaschinen, wo hohes Drehmoment und Zuverl\u00e4ssigkeit entscheidend sind.<\/li>\n<li class=\"break-words\"><strong>Schiffsantriebssysteme<\/strong><br \/>\nGew\u00e4hrleistet eine reibungslose und ger\u00e4uscharme Energie\u00fcbertragung auf Schiffen \u2013 ein Segen f\u00fcr die venezianische Schifffahrtsindustrie.<\/li>\n<li class=\"break-words\"><strong>\u00d6l- und Gasindustrie<\/strong><br \/>\nBietet eine robuste Drehmoment\u00fcbertragung f\u00fcr Bohr- und Pumpsysteme und unterst\u00fctzt so die Produktivit\u00e4t auch unter schwierigen Bedingungen.<\/li>\n<li class=\"break-words\"><strong>Kraftwerke<\/strong><br \/>\nWird in Turbinen und Generatoren eingesetzt, um eine stabile Leistung zu gew\u00e4hrleisten und Ausfallzeiten im Mail\u00e4nder Energiesektor zu reduzieren.<\/li>\n<\/ul>\n<div>\n<h2>FMP Company: Ihr vertrauensw\u00fcrdiger Partner in Italien<\/h2>\n<p class=\"break-words\">Bei <strong>FMP Company<\/strong>Wir sind spezialisiert auf die Herstellung eines vielf\u00e4ltigen Sortiments an Doppelhelixgetrieben f\u00fcr Schwermaschinen. Diese werden mit h\u00f6chster Pr\u00e4zision aus fortschrittlichen Materialien und unter Einsatz modernster Technologien gefertigt. Ob in Mailand, Venedig, Florenz oder Bologna \u2013 unsere Getriebe erf\u00fcllen h\u00f6chste Qualit\u00e4ts- und Leistungsstandards und bew\u00e4hren sich selbst in anspruchsvollsten Industrieumgebungen.<\/p>\n<h3>Ma\u00dfgeschneiderte L\u00f6sungen f\u00fcr Ihre Bed\u00fcrfnisse<\/h3>\n<p class=\"break-words\">Wir wissen, dass jedes Projekt individuelle Anforderungen hat. Deshalb bietet FMP ma\u00dfgeschneiderte Fertigungsdienstleistungen f\u00fcr Doppelhelixverzahnungen an. Sollten Sie das gew\u00fcnschte Modell nicht in unserer Produktliste finden, keine Sorge \u2013 es ist einfach noch nicht verf\u00fcgbar. Senden Sie uns gerne eine E-Mail mit Ihren spezifischen Anforderungen. Unser engagiertes Ingenieurteam meldet sich innerhalb von 24 Stunden bei Ihnen und entwickelt mit Ihnen gemeinsam eine individuelle L\u00f6sung, die Ihren Bed\u00fcrfnissen entspricht \u2013 egal ob Sie sich im Herzen der historischen Industriezone von Florenz oder in den modernen Produktionsst\u00e4tten von Bologna befinden.<\/p>\n<h3>Lokale Expertise in ganz Italien<\/h3>\n<p class=\"break-words\">Die FMP Company ist stolz darauf, Kunden in ganz Italien zu betreuen und dank ihrer profunden Kenntnisse der lokalen M\u00e4rkte ma\u00dfgeschneiderte L\u00f6sungen anzubieten. Von Mailand, einem Zentrum industrieller Innovation, \u00fcber Venedig mit seiner reichen maritimen Tradition und Florenz, gepr\u00e4gt von pr\u00e4ziser Handwerkskunst, bis hin zu Bologna, einem Knotenpunkt f\u00fcr herausragende Ingenieurskunst \u2013 FMP ist Ihr lokaler Partner f\u00fcr hochwertige Doppelhelixverzahnungen. Unsere globalen Fertigungskapazit\u00e4ten, kombiniert mit lokalem Support, garantieren Ihnen erstklassigen Service und Produkte, wo immer Sie sich befinden.<\/p>\n<h2>Warum sollten Sie sich f\u00fcr FMP entscheiden?<\/h2>\n<ul class=\"marker:text-secondary\">\n<li class=\"break-words\"><strong>Pr\u00e4zisionsfertigung<\/strong>Unsere Getriebe sind auf Leistung ausgelegt und erf\u00fcllen die strengen Anforderungen der italienischen Industrie.<\/li>\n<li class=\"break-words\"><strong>Kundenspezifische Flexibilit\u00e4t<\/strong>Wir passen uns Ihren Vorgaben an, egal wie speziell sie sind.<\/li>\n<li class=\"break-words\"><strong>Schnelle Reaktion<\/strong>Nehmen Sie noch heute Kontakt mit uns auf und Sie erhalten innerhalb von 24 Stunden eine R\u00fcckmeldung von unseren Ingenieuren.<\/li>\n<li class=\"break-words\"><strong>Lokale Pr\u00e4senz<\/strong>: Wir unterst\u00fctzen Mailand, Venedig, Florenz, Bologna und dar\u00fcber hinaus mit un\u00fcbertroffener Expertise.<\/li>\n<\/ul>\n<p class=\"break-words\">F\u00fcr weitere Informationen zu unseren Doppelschr\u00e4gverzahnungen f\u00fcr Schwermaschinen oder zur Besprechung Ihrer individuellen Anforderungen kontaktieren Sie FMP Company. Ob Sie ein Getriebe in Mailand optimieren, ein Schiff in Venedig antreiben oder eine Turbine in Florenz betreiben \u2013 unser Team bietet Ihnen die besten Getriebel\u00f6sungen f\u00fcr Ihre industriellen Anwendungen. Schreiben Sie uns jetzt eine E-Mail und lassen Sie uns gemeinsam Pr\u00e4zision und Leistung in Ihr n\u00e4chstes Projekt einbringen!<\/p>\n<\/div>\n<\/div>\n<table style=\"border-collapse: collapse; width: 100.237%; height: 33px;\" border=\"0\" width=\"243\" cellspacing=\"0\" cellpadding=\"0\">\n<tbody>\n<tr style=\"height: 14.40pt;\">\n<td style=\"height: 14.40pt; width: 48.60pt;\" align=\"right\" width=\"81\" height=\"24\"><img loading=\"lazy\" decoding=\"async\" class=\"size-full wp-image-7348 aligncenter\" src=\"https:\/\/fmp-components.com\/wp-content\/uploads\/2025\/03\/Heavy-Machinery-Double-Helical-Gear-product-3.webp\" alt=\"Schwermaschinen-Doppel-Schr\u00e4gverzahnungsprodukt-3\" width=\"317\" height=\"243\" title=\"\" srcset=\"https:\/\/fmp-components.com\/wp-content\/uploads\/2025\/03\/Heavy-Machinery-Double-Helical-Gear-product-3.webp 317w, https:\/\/fmp-components.com\/wp-content\/uploads\/2025\/03\/Heavy-Machinery-Double-Helical-Gear-product-3-300x230.webp 300w, https:\/\/fmp-components.com\/wp-content\/uploads\/2025\/03\/Heavy-Machinery-Double-Helical-Gear-product-3-16x12.webp 16w\" sizes=\"(max-width: 317px) 100vw, 317px\" \/><\/td>\n<td style=\"width: 48.60pt;\" align=\"right\" width=\"81\"><img loading=\"lazy\" decoding=\"async\" class=\"size-full wp-image-7349 aligncenter\" src=\"https:\/\/fmp-components.com\/wp-content\/uploads\/2025\/03\/Heavy-Machinery-Double-Helical-Gear-product-2.webp\" alt=\"Doppel-Schr\u00e4gverzahnung f\u00fcr schwere Maschinen\" width=\"318\" height=\"247\" title=\"\" srcset=\"https:\/\/fmp-components.com\/wp-content\/uploads\/2025\/03\/Heavy-Machinery-Double-Helical-Gear-product-2.webp 318w, https:\/\/fmp-components.com\/wp-content\/uploads\/2025\/03\/Heavy-Machinery-Double-Helical-Gear-product-2-300x233.webp 300w, https:\/\/fmp-components.com\/wp-content\/uploads\/2025\/03\/Heavy-Machinery-Double-Helical-Gear-product-2-15x12.webp 15w\" sizes=\"(max-width: 318px) 100vw, 318px\" \/><\/td>\n<td style=\"width: 48.60pt;\" align=\"right\" width=\"81\"><img loading=\"lazy\" decoding=\"async\" class=\"size-full wp-image-7350 aligncenter\" src=\"https:\/\/fmp-components.com\/wp-content\/uploads\/2025\/03\/Heavy-Machinery-Double-Helical-Gear-product-1.webp\" alt=\"Doppel-Schr\u00e4gverzahnung f\u00fcr schwere Maschinen\" width=\"400\" height=\"293\" title=\"\" srcset=\"https:\/\/fmp-components.com\/wp-content\/uploads\/2025\/03\/Heavy-Machinery-Double-Helical-Gear-product-1.webp 400w, https:\/\/fmp-components.com\/wp-content\/uploads\/2025\/03\/Heavy-Machinery-Double-Helical-Gear-product-1-300x220.webp 300w, https:\/\/fmp-components.com\/wp-content\/uploads\/2025\/03\/Heavy-Machinery-Double-Helical-Gear-product-1-16x12.webp 16w\" sizes=\"(max-width: 400px) 100vw, 400px\" \/><\/td>\n<\/tr>\n<\/tbody>\n<\/table>\n<table style=\"border-collapse: collapse; width: 100.046%; height: 10px;\" border=\"0\" width=\"162\" cellspacing=\"0\" cellpadding=\"0\">\n<tbody>\n<tr style=\"height: 14.40pt;\">\n<td style=\"height: 10px; width: 45.8244%;\" align=\"right\" width=\"81\" height=\"24\"><img loading=\"lazy\" decoding=\"async\" class=\"wp-image-7351 aligncenter\" src=\"https:\/\/fmp-components.com\/wp-content\/uploads\/2025\/03\/Heavy-Machinery-Double-Helical-Gear-product-5.webp\" alt=\"Doppel-Schr\u00e4gverzahnung f\u00fcr schwere Maschinen\" width=\"472\" height=\"765\" title=\"\" srcset=\"https:\/\/fmp-components.com\/wp-content\/uploads\/2025\/03\/Heavy-Machinery-Double-Helical-Gear-product-5.webp 400w, https:\/\/fmp-components.com\/wp-content\/uploads\/2025\/03\/Heavy-Machinery-Double-Helical-Gear-product-5-185x300.webp 185w, https:\/\/fmp-components.com\/wp-content\/uploads\/2025\/03\/Heavy-Machinery-Double-Helical-Gear-product-5-7x12.webp 7w\" sizes=\"(max-width: 472px) 100vw, 472px\" \/><\/td>\n<td style=\"width: 54.1756%; height: 10px;\" align=\"right\" width=\"81\"><img loading=\"lazy\" decoding=\"async\" class=\"wp-image-7352 aligncenter\" src=\"https:\/\/fmp-components.com\/wp-content\/uploads\/2025\/03\/Heavy-Machinery-Double-Helical-Gear-product-4.webp\" alt=\"Doppel-Schr\u00e4gverzahnung f\u00fcr schwere Maschinen\" width=\"518\" height=\"715\" title=\"\" srcset=\"https:\/\/fmp-components.com\/wp-content\/uploads\/2025\/03\/Heavy-Machinery-Double-Helical-Gear-product-4.webp 400w, https:\/\/fmp-components.com\/wp-content\/uploads\/2025\/03\/Heavy-Machinery-Double-Helical-Gear-product-4-217x300.webp 217w, https:\/\/fmp-components.com\/wp-content\/uploads\/2025\/03\/Heavy-Machinery-Double-Helical-Gear-product-4-9x12.webp 9w\" sizes=\"(max-width: 518px) 100vw, 518px\" \/><\/td>\n<\/tr>\n<\/tbody>\n<\/table>\n<\/div>","protected":false},"excerpt":{"rendered":"<p>Heavy Machinery Double Helical Gear: Precision and Power for Industrial Applications At FMP Company, we pride ourselves on manufacturing a wide range of these exceptional gears, tailored to meet the demands of heavy-duty industries across Italy\u2014including key hubs like Milan, Venice, Florence, and Bologna\u2014and beyond. What Are Double Helical Gears? Double helical gears, often referred [&hellip;]<\/p>","protected":false},"featured_media":4588,"comment_status":"open","ping_status":"closed","template":"","meta":{"_et_pb_use_builder":"","_et_pb_old_content":"","_et_gb_content_width":""},"product_brand":[],"product_cat":[108],"product_tag":[],"class_list":{"0":"post-7346","1":"product","2":"type-product","3":"status-publish","4":"has-post-thumbnail","6":"product_cat-helical-gear","8":"first","9":"instock","10":"shipping-taxable","11":"product-type-simple"},"_links":{"self":[{"href":"https:\/\/fmp-components.com\/de\/wp-json\/wp\/v2\/product\/7346","targetHints":{"allow":["GET"]}}],"collection":[{"href":"https:\/\/fmp-components.com\/de\/wp-json\/wp\/v2\/product"}],"about":[{"href":"https:\/\/fmp-components.com\/de\/wp-json\/wp\/v2\/types\/product"}],"replies":[{"embeddable":true,"href":"https:\/\/fmp-components.com\/de\/wp-json\/wp\/v2\/comments?post=7346"}],"wp:featuredmedia":[{"embeddable":true,"href":"https:\/\/fmp-components.com\/de\/wp-json\/wp\/v2\/media\/4588"}],"wp:attachment":[{"href":"https:\/\/fmp-components.com\/de\/wp-json\/wp\/v2\/media?parent=7346"}],"wp:term":[{"taxonomy":"product_brand","embeddable":true,"href":"https:\/\/fmp-components.com\/de\/wp-json\/wp\/v2\/product_brand?post=7346"},{"taxonomy":"product_cat","embeddable":true,"href":"https:\/\/fmp-components.com\/de\/wp-json\/wp\/v2\/product_cat?post=7346"},{"taxonomy":"product_tag","embeddable":true,"href":"https:\/\/fmp-components.com\/de\/wp-json\/wp\/v2\/product_tag?post=7346"}],"curies":[{"name":"wp","href":"https:\/\/api.w.org\/{rel}","templated":true}]}}