{"id":7345,"date":"2025-03-23T08:22:06","date_gmt":"2025-03-23T08:22:06","guid":{"rendered":"https:\/\/fmp-components.com\/?post_type=product&#038;p=7345"},"modified":"2025-03-26T08:46:20","modified_gmt":"2025-03-26T08:46:20","slug":"carbon-steel-double-helical-gear","status":"publish","type":"product","link":"https:\/\/fmp-components.com\/de\/product\/carbon-steel-double-helical-gear\/","title":{"rendered":"Doppelschr\u00e4gverzahnung aus Kohlenstoffstahl"},"content":{"rendered":"<h2>Produktspezifikation<\/h2>\n<div class=\"table-responsive\">\n<table class=\"table\" style=\"width: 95.4894%; height: 145px;\" border=\"1\">\n<tbody>\n<tr>\n<td>Material<\/td>\n<td>Edelstahl<\/td>\n<\/tr>\n<tr>\n<td>Dicke (mm)<\/td>\n<td>50 bis 150<\/td>\n<\/tr>\n<tr>\n<td>Materialklasse<\/td>\n<td>SS304<\/td>\n<\/tr>\n<tr>\n<td>W\u00e4lzfr\u00e4skapazit\u00e4t<\/td>\n<td>5 mm -100 mm<\/td>\n<\/tr>\n<tr>\n<td>Druckwinkel<\/td>\n<td>20 Grad<\/td>\n<\/tr>\n<\/tbody>\n<\/table>\n<div>\n<h2>Hochwertige doppelt schr\u00e4gverzahnte Zahnr\u00e4der aus Kohlenstoffstahl von FMP<\/h2>\n<p class=\"break-words\">Doppelter Kohlenstoffstahl <a href=\"https:\/\/fmp-components.com\/de\/helical-gears\/\">Schr\u00e4gverzahnte Zahnr\u00e4der<\/a> Hochleistungskomponenten werden f\u00fcr ihre F\u00e4higkeit gesch\u00e4tzt, in anspruchsvollen Industrieanwendungen eine reibungslose und effiziente Kraft\u00fcbertragung zu gew\u00e4hrleisten. Bekannt f\u00fcr ihre hohe Eingriffsrate, geringe axiale Belastung, erh\u00f6hte Tragf\u00e4higkeit und ihren stabilen Lauf, gew\u00e4hrleisten diese Zahnr\u00e4der auch unter hohen Lasten zuverl\u00e4ssige Leistung und sind daher ideal f\u00fcr Branchen wie Fertigung, Bergbau und Energieerzeugung. Die FMP Company ist auf die Herstellung einer breiten Palette von Doppelhelix-Zahnr\u00e4dern aus Kohlenstoffstahl spezialisiert und nutzt ihre fortschrittlichen Fertigungstechnologien, um h\u00f6chste Anspr\u00fcche an Pr\u00e4zision und Langlebigkeit zu erf\u00fcllen. Unsere Zahnr\u00e4der werden mit modernsten generativen Verfahren gefertigt, um die Komplexit\u00e4t der Doppelhelix-Zahnradbearbeitung zu bew\u00e4ltigen und trotz der Herausforderungen, die Fr\u00e4s- oder W\u00e4lzfr\u00e4sverfahren nicht immer l\u00f6sen k\u00f6nnen, eine gleichbleibende Qualit\u00e4t zu gew\u00e4hrleisten. Mit \u00fcber zehn Jahren Branchenerfahrung ist FMP Ihr zuverl\u00e4ssiger Partner f\u00fcr langlebige und pr\u00e4zisionsgefertigte Zahnradl\u00f6sungen.<\/p>\n<h3>Ma\u00dfgeschneiderte L\u00f6sungen und kompetenter Support<\/h3>\n<p class=\"break-words\">Bei FMP wissen wir, dass jedes Projekt individuelle Anforderungen stellt. Deshalb bieten wir die kundenspezifische Fertigung von Doppelhelix-Zahnr\u00e4dern aus Kohlenstoffstahl an. Ob Sie eine bestimmte Gr\u00f6\u00dfe, ein bestimmtes Design oder ein bestimmtes Material ben\u00f6tigen \u2013 unsere erfahrenen Ingenieure entwickeln ma\u00dfgeschneiderte L\u00f6sungen, die genau Ihren Bed\u00fcrfnissen entsprechen. Sollten Sie das gew\u00fcnschte Modell nicht in unserer Produktliste finden, keine Sorge \u2013 es ist einfach noch nicht verf\u00fcgbar. Kontaktieren Sie uns gerne per E-Mail mit Ihren Anforderungen. Unser engagiertes Ingenieurteam wird sich umgehend bei Ihnen melden. <strong>24 Stunden<\/strong> Wir besprechen gerne mit Ihnen, wie wir Sie unterst\u00fctzen k\u00f6nnen. Dank unserer langj\u00e4hrigen Branchenerfahrung und unserem Engagement f\u00fcr Kundenzufriedenheit erhalten Sie bei FMP garantiert hochwertige Ausr\u00fcstung und erstklassigen Support zu wettbewerbsf\u00e4higen Preisen. Kontaktieren Sie uns noch heute f\u00fcr Sonderanfertigungen oder Gro\u00dfhandelsanfragen!<\/p>\n<\/div>\n<\/div>","protected":false},"excerpt":{"rendered":"<p>Product Specification Material Stainless Steel Thickness (mm) 50 to 150 Material Grade SS304 Hobbing Capacity 5 mm -100 mm Pressure Angle 20 Degree Premium Carbon Steel Double Helical Gears from FMP Carbon Steel Double Helical Gears are high-performance components prized for their ability to deliver smooth, efficient power transmission in demanding industrial applications. Known for [&hellip;]<\/p>","protected":false},"featured_media":4583,"comment_status":"open","ping_status":"closed","template":"","meta":{"_et_pb_use_builder":"","_et_pb_old_content":"","_et_gb_content_width":""},"product_brand":[],"product_cat":[108],"product_tag":[],"class_list":{"0":"post-7345","1":"product","2":"type-product","3":"status-publish","4":"has-post-thumbnail","6":"product_cat-helical-gear","8":"first","9":"instock","10":"shipping-taxable","11":"product-type-simple"},"_links":{"self":[{"href":"https:\/\/fmp-components.com\/de\/wp-json\/wp\/v2\/product\/7345","targetHints":{"allow":["GET"]}}],"collection":[{"href":"https:\/\/fmp-components.com\/de\/wp-json\/wp\/v2\/product"}],"about":[{"href":"https:\/\/fmp-components.com\/de\/wp-json\/wp\/v2\/types\/product"}],"replies":[{"embeddable":true,"href":"https:\/\/fmp-components.com\/de\/wp-json\/wp\/v2\/comments?post=7345"}],"wp:featuredmedia":[{"embeddable":true,"href":"https:\/\/fmp-components.com\/de\/wp-json\/wp\/v2\/media\/4583"}],"wp:attachment":[{"href":"https:\/\/fmp-components.com\/de\/wp-json\/wp\/v2\/media?parent=7345"}],"wp:term":[{"taxonomy":"product_brand","embeddable":true,"href":"https:\/\/fmp-components.com\/de\/wp-json\/wp\/v2\/product_brand?post=7345"},{"taxonomy":"product_cat","embeddable":true,"href":"https:\/\/fmp-components.com\/de\/wp-json\/wp\/v2\/product_cat?post=7345"},{"taxonomy":"product_tag","embeddable":true,"href":"https:\/\/fmp-components.com\/de\/wp-json\/wp\/v2\/product_tag?post=7345"}],"curies":[{"name":"wp","href":"https:\/\/api.w.org\/{rel}","templated":true}]}}