{"id":7344,"date":"2025-03-23T08:16:42","date_gmt":"2025-03-23T08:16:42","guid":{"rendered":"https:\/\/fmp-components.com\/?post_type=product&#038;p=7344"},"modified":"2025-03-26T08:46:39","modified_gmt":"2025-03-26T08:46:39","slug":"industrial-double-helical-gears","status":"publish","type":"product","link":"https:\/\/fmp-components.com\/de\/product\/industrial-double-helical-gears\/","title":{"rendered":"Industrielle Doppelschr\u00e4gverzahnungen"},"content":{"rendered":"<div>\n<h2>Hochwertige industrielle Doppelstirnradverzahnungen von FMP<\/h2>\n<p class=\"break-words\">Industrielle Doppelschr\u00e4gverzahnungen sind unverzichtbare Komponenten in Schwerlastmaschinen und werden f\u00fcr ihre F\u00e4higkeit gesch\u00e4tzt, hohe Drehmomente mit au\u00dfergew\u00f6hnlicher Laufruhe und minimaler Ger\u00e4uschentwicklung zu \u00fcbertragen. Im Gegensatz zu einfacheren Stirnr\u00e4dern ist ihre V-f\u00f6rmige Verzahnung zwar komplexer und kostspieliger in der Herstellung, doch der Vorteil liegt in ihrer un\u00fcbertroffenen Leistung in anspruchsvollen Anwendungen. Vom Antrieb von Kr\u00e4nen und Fl\u00fcssigkeitspumpen bis hin zu Antriebssystemen in Milit\u00e4rschiffen \u2013 diese Zahnr\u00e4der bew\u00e4hren sich \u00fcberall dort, wo ein leiser Betrieb und geringe Vibrationen entscheidend sind. Wir von FMP Company sind stolz darauf, einer der f\u00fchrenden Hersteller von Doppelschr\u00e4gverzahnungen zu sein. <a href=\"https:\/\/fmp-components.com\/de\/helical-gears\/\">Stirnrad<\/a> Wir sind ein f\u00fchrender Hersteller in China und bieten eine breite Palette hochwertiger Zahnr\u00e4der. Dank unserer fortschrittlichen Fertigungstechnologien k\u00f6nnen wir Zahnr\u00e4der mit einem maximalen Au\u00dfendurchmesser von 1370 mm (54 Zoll) und einer Stirnbreite von 250 mm (10 Zoll) bei einem Schr\u00e4gungswinkel von 30 Grad herstellen. Dies gew\u00e4hrleistet Pr\u00e4zision und Langlebigkeit selbst f\u00fcr anspruchsvollste Anwendungen.<\/p>\n<h3>Ma\u00dfgeschneiderte L\u00f6sungen und kompetenter Support<\/h3>\n<p class=\"break-words\">Mit \u00fcber zehn Jahren Erfahrung ist FMP Company ein etablierter und zuverl\u00e4ssiger Lieferant von industriellen Doppelschr\u00e4gverzahnungen in China. Wir bieten sowohl Standard- als auch kundenspezifische L\u00f6sungen zu wettbewerbsf\u00e4higen Preisen. Unsere Fabrik verf\u00fcgt \u00fcber eine gro\u00dfe Auswahl an Teilungsfr\u00e4sern und fertigt gerne Sonderanfertigungen nach Ihren individuellen Spezifikationen \u2013 egal ob f\u00fcr industrielle, milit\u00e4rische oder Spezialanwendungen. Ist das gew\u00fcnschte Modell nicht in unserer Produktliste? Kein Problem! Senden Sie uns einfach eine E-Mail mit Ihren Anforderungen, und unsere erfahrenen Ingenieure melden sich innerhalb von 24 Stunden mit ma\u00dfgeschneiderter Unterst\u00fctzung bei Ihnen. Bei FMP setzen wir auf h\u00f6chste Qualit\u00e4t und sind Ihr idealer Partner f\u00fcr Premium-Doppelschr\u00e4gverzahnungen und exzellenten Kundenservice. Kontaktieren Sie uns noch heute f\u00fcr Gro\u00dfhandelsanfragen oder individuelle Zahnradl\u00f6sungen!<\/p>\n<\/div>\n<h2>Produktspezifikation<\/h2>\n<div class=\"table-responsive\">\n<table class=\"table\" style=\"width: 97.2464%; height: 208px;\" border=\"1\">\n<tbody>\n<tr style=\"height: 26px;\">\n<td style=\"height: 26px;\">Getriebetyp<\/td>\n<td style=\"height: 26px;\">Fischgr\u00e4ten<\/td>\n<\/tr>\n<tr style=\"height: 26px;\">\n<td style=\"height: 26px;\">Verwendung\/Anwendung<\/td>\n<td style=\"height: 26px;\">Industrie<\/td>\n<\/tr>\n<tr style=\"height: 26px;\">\n<td style=\"height: 26px;\">Zahnform<\/td>\n<td style=\"height: 26px;\">Fischgr\u00e4ten<\/td>\n<\/tr>\n<tr style=\"height: 26px;\">\n<td style=\"height: 26px;\">Material<\/td>\n<td style=\"height: 26px;\">Ma\u00dfgeschneidert<\/td>\n<\/tr>\n<tr style=\"height: 26px;\">\n<td style=\"height: 26px;\">Form<\/td>\n<td style=\"height: 26px;\">Runden<\/td>\n<\/tr>\n<tr style=\"height: 26px;\">\n<td style=\"height: 26px;\">Kapazit\u00e4t<\/td>\n<td style=\"height: 26px;\">Ma\u00dfgeschneidert<\/td>\n<\/tr>\n<tr style=\"height: 26px;\">\n<td style=\"height: 26px;\">Durchmesser<\/td>\n<td style=\"height: 26px;\">Ma\u00dfgeschneidert<\/td>\n<\/tr>\n<tr style=\"height: 26px;\">\n<td style=\"height: 26px;\">Gr\u00f6\u00dfe<\/td>\n<td style=\"height: 26px;\">Ma\u00dfgeschneidert<\/td>\n<\/tr>\n<\/tbody>\n<\/table>\n<\/div>","protected":false},"excerpt":{"rendered":"<p>Premium Industrial Double Helical Gears from FMP Industrial Double Helical Gears are vital components in heavy-duty machinery, prized for their ability to transmit high torque with exceptional smoothness and minimal noise. Unlike simpler spur gears, their V-shaped tooth design makes them more complex and costly to produce, but the payoff is unmatched performance in demanding [&hellip;]<\/p>","protected":false},"featured_media":4592,"comment_status":"open","ping_status":"closed","template":"","meta":{"_et_pb_use_builder":"","_et_pb_old_content":"","_et_gb_content_width":""},"product_brand":[],"product_cat":[108],"product_tag":[],"class_list":{"0":"post-7344","1":"product","2":"type-product","3":"status-publish","4":"has-post-thumbnail","6":"product_cat-helical-gear","8":"first","9":"instock","10":"shipping-taxable","11":"product-type-simple"},"_links":{"self":[{"href":"https:\/\/fmp-components.com\/de\/wp-json\/wp\/v2\/product\/7344","targetHints":{"allow":["GET"]}}],"collection":[{"href":"https:\/\/fmp-components.com\/de\/wp-json\/wp\/v2\/product"}],"about":[{"href":"https:\/\/fmp-components.com\/de\/wp-json\/wp\/v2\/types\/product"}],"replies":[{"embeddable":true,"href":"https:\/\/fmp-components.com\/de\/wp-json\/wp\/v2\/comments?post=7344"}],"wp:featuredmedia":[{"embeddable":true,"href":"https:\/\/fmp-components.com\/de\/wp-json\/wp\/v2\/media\/4592"}],"wp:attachment":[{"href":"https:\/\/fmp-components.com\/de\/wp-json\/wp\/v2\/media?parent=7344"}],"wp:term":[{"taxonomy":"product_brand","embeddable":true,"href":"https:\/\/fmp-components.com\/de\/wp-json\/wp\/v2\/product_brand?post=7344"},{"taxonomy":"product_cat","embeddable":true,"href":"https:\/\/fmp-components.com\/de\/wp-json\/wp\/v2\/product_cat?post=7344"},{"taxonomy":"product_tag","embeddable":true,"href":"https:\/\/fmp-components.com\/de\/wp-json\/wp\/v2\/product_tag?post=7344"}],"curies":[{"name":"wp","href":"https:\/\/api.w.org\/{rel}","templated":true}]}}