{"id":7343,"date":"2025-03-23T08:14:08","date_gmt":"2025-03-23T08:14:08","guid":{"rendered":"https:\/\/fmp-components.com\/?post_type=product&#038;p=7343"},"modified":"2025-03-26T08:46:51","modified_gmt":"2025-03-26T08:46:51","slug":"steel-double-helical-gear","status":"publish","type":"product","link":"https:\/\/fmp-components.com\/de\/product\/steel-double-helical-gear\/","title":{"rendered":"Doppelschr\u00e4gverzahnung aus Stahl"},"content":{"rendered":"<div>\n<h2>Hochwertige doppelt schr\u00e4gverzahnte Stahlzahnr\u00e4der von FMP<\/h2>\n<p class=\"break-words\">Doppelschr\u00e4gverzahnte Stahlzahnr\u00e4der sind unverzichtbare Bauteile in Schwerlastmaschinen und werden f\u00fcr ihre F\u00e4higkeit gesch\u00e4tzt, hohe Drehmomente zu \u00fcbertragen und gleichzeitig Ger\u00e4usche und Vibrationen zu minimieren. Diese Zahnr\u00e4der, die sich durch ihre V-f\u00f6rmigen Z\u00e4hne auszeichnen, sind in Branchen wie der Stahlindustrie, der Energieerzeugung und dem Bergbau unverzichtbar, wo Zuverl\u00e4ssigkeit und Effizienz von entscheidender Bedeutung sind. Bei FMP, einem f\u00fchrenden und anerkannten Hersteller von Zahnr\u00e4dern, produzieren wir ein breites Sortiment an Doppelschr\u00e4gverzahnten Stahlzahnr\u00e4dern. <a href=\"https:\/\/fmp-components.com\/de\/helical-gears\/\">Schr\u00e4gverzahnte Zahnr\u00e4der<\/a> Um den vielf\u00e4ltigen Anforderungen dieser Branchen gerecht zu werden, werden von Standardmodellen bis hin zu Spezialanfertigungen alle Zahnr\u00e4der sorgf\u00e4ltig aus hochwertigem Stahl und unter Anwendung modernster Fertigungstechniken hergestellt. Dies gew\u00e4hrleistet au\u00dfergew\u00f6hnliche Pr\u00e4zision und Langlebigkeit selbst f\u00fcr anspruchsvollste Anwendungen.<\/p>\n<h3>Ma\u00dfgeschneiderte L\u00f6sungen und kompetenter Support<\/h3>\n<p class=\"break-words\">Bei FMP wissen wir, dass jedes Projekt individuelle Anforderungen stellt. Deshalb bieten wir ma\u00dfgeschneiderte Fertigungsdienstleistungen f\u00fcr Stahl-Doppelschr\u00e4gverzahnungen an. Ob Sie eine bestimmte Gr\u00f6\u00dfe, ein bestimmtes Material oder ein individuelles Design ben\u00f6tigen \u2013 unser Team aus erfahrenen Ingenieuren entwickelt eine L\u00f6sung, die exakt Ihren Spezifikationen entspricht. Sollten Sie das gew\u00fcnschte Modell nicht in unserer Produktliste finden, bedeutet dies lediglich, dass wir es noch nicht aufgenommen haben. Kontaktieren Sie uns einfach per E-Mail mit Ihren Anforderungen. Unser engagiertes Team meldet sich innerhalb von 24 Stunden bei Ihnen, um mit Ihnen die optimale L\u00f6sung zu besprechen. Mit FMP erhalten Sie pers\u00f6nlichen Service und branchenf\u00fchrende Expertise f\u00fcr die perfekte Verzahnungsl\u00f6sung.<\/p>\n<\/div>\n<p>Doppelhelixzahnrad aus Stahl<\/p>\n<p>Material: Edelstahl, kundenspezifisch<\/p>\n<p>Durchmesser: 20 mm, kundenspezifisch<\/p>\n<h2>Produktspezifikation<\/h2>\n<div class=\"table-responsive\">\n<table class=\"table\" style=\"width: 99.1008%; height: 212px;\" border=\"1\">\n<tbody>\n<tr>\n<td>Getriebetyp<\/td>\n<td>Schr\u00e4gverzahnung<\/td>\n<\/tr>\n<tr>\n<td>Material<\/td>\n<td>SS<\/td>\n<\/tr>\n<tr>\n<td>Form<\/td>\n<td>Runden<\/td>\n<\/tr>\n<tr>\n<td>Durchmesser<\/td>\n<td>20 mm<\/td>\n<\/tr>\n<tr>\n<td>Oberfl\u00e4chenveredelung<\/td>\n<td>Poliert<\/td>\n<\/tr>\n<tr>\n<td>Ursprungsland<\/td>\n<td>In China hergestellt<\/td>\n<\/tr>\n<\/tbody>\n<\/table>\n<p>&nbsp;<\/p>\n<p><img loading=\"lazy\" decoding=\"async\" class=\"size-full wp-image-4579 aligncenter\" src=\"https:\/\/fmp-components.com\/wp-content\/uploads\/2025\/01\/Steel-Double-Helical-Gear.webp\" alt=\"Doppelschr\u00e4gverzahnung aus Stahl\" width=\"800\" height=\"800\" title=\"\" srcset=\"https:\/\/fmp-components.com\/wp-content\/uploads\/2025\/01\/Steel-Double-Helical-Gear.webp 800w, https:\/\/fmp-components.com\/wp-content\/uploads\/2025\/01\/Steel-Double-Helical-Gear-480x480.webp 480w\" sizes=\"(min-width: 0px) and (max-width: 480px) 480px, (min-width: 481px) 800px, 100vw\" \/><\/p>\n<\/div>","protected":false},"excerpt":{"rendered":"<p>Premium Steel Double Helical Gears from FMP Steel Double Helical Gears are vital components in heavy-duty machinery, prized for their ability to transmit high torque while minimizing noise and vibration. These gears, distinguished by their V-shaped teeth, are indispensable in industries such as steel manufacturing, power generation, and mining, where reliability and efficiency are critical. [&hellip;]<\/p>","protected":false},"featured_media":4579,"comment_status":"open","ping_status":"closed","template":"","meta":{"_et_pb_use_builder":"","_et_pb_old_content":"","_et_gb_content_width":""},"product_brand":[],"product_cat":[108],"product_tag":[],"class_list":{"0":"post-7343","1":"product","2":"type-product","3":"status-publish","4":"has-post-thumbnail","6":"product_cat-helical-gear","8":"first","9":"instock","10":"shipping-taxable","11":"product-type-simple"},"_links":{"self":[{"href":"https:\/\/fmp-components.com\/de\/wp-json\/wp\/v2\/product\/7343","targetHints":{"allow":["GET"]}}],"collection":[{"href":"https:\/\/fmp-components.com\/de\/wp-json\/wp\/v2\/product"}],"about":[{"href":"https:\/\/fmp-components.com\/de\/wp-json\/wp\/v2\/types\/product"}],"replies":[{"embeddable":true,"href":"https:\/\/fmp-components.com\/de\/wp-json\/wp\/v2\/comments?post=7343"}],"wp:featuredmedia":[{"embeddable":true,"href":"https:\/\/fmp-components.com\/de\/wp-json\/wp\/v2\/media\/4579"}],"wp:attachment":[{"href":"https:\/\/fmp-components.com\/de\/wp-json\/wp\/v2\/media?parent=7343"}],"wp:term":[{"taxonomy":"product_brand","embeddable":true,"href":"https:\/\/fmp-components.com\/de\/wp-json\/wp\/v2\/product_brand?post=7343"},{"taxonomy":"product_cat","embeddable":true,"href":"https:\/\/fmp-components.com\/de\/wp-json\/wp\/v2\/product_cat?post=7343"},{"taxonomy":"product_tag","embeddable":true,"href":"https:\/\/fmp-components.com\/de\/wp-json\/wp\/v2\/product_tag?post=7343"}],"curies":[{"name":"wp","href":"https:\/\/api.w.org\/{rel}","templated":true}]}}