{"id":7334,"date":"2025-03-23T07:39:24","date_gmt":"2025-03-23T07:39:24","guid":{"rendered":"https:\/\/fmp-components.com\/?post_type=product&#038;p=7334"},"modified":"2025-03-26T08:47:15","modified_gmt":"2025-03-26T08:47:15","slug":"rolling-mill-double-helical-gear","status":"publish","type":"product","link":"https:\/\/fmp-components.com\/de\/product\/rolling-mill-double-helical-gear\/","title":{"rendered":"Walzwerk Doppelschr\u00e4gverzahnung"},"content":{"rendered":"<div>\n<h2 class=\"break-words\">Hochwertige Walzwerk-Doppelschr\u00e4gverzahnungen von FMP<\/h2>\n<p class=\"break-words\">Doppelschr\u00e4gverzahnte Walzwerke sind unverzichtbare Komponenten in der Stahl- und Metallverarbeitung. Sie sind bekannt f\u00fcr ihre F\u00e4higkeit, hohe Drehmomente zu bew\u00e4ltigen und eine reibungslose, effiziente Kraft\u00fcbertragung zu gew\u00e4hrleisten. Bei FMP sind wir stolz darauf, eine gro\u00dfe Auswahl an Doppelschr\u00e4gverzahnten Walzwerken herzustellen. <a href=\"https:\/\/fmp-components.com\/de\/helical-gears\/\">Schr\u00e4gverzahnte Zahnr\u00e4der<\/a> Entwickelt, um die vielf\u00e4ltigen Bed\u00fcrfnisse unserer Kunden zu erf\u00fcllen. Ob Sie Standardmodelle suchen oder ma\u00dfgeschneiderte L\u00f6sungen ben\u00f6tigen, unsere Getriebe werden mit h\u00f6chster Pr\u00e4zision aus fortschrittlichen Materialien und modernster Technologie gefertigt. Dies gew\u00e4hrleistet au\u00dfergew\u00f6hnliche Haltbarkeit, Zuverl\u00e4ssigkeit und Leistung, selbst unter h\u00e4rtesten Industriebedingungen. FMP ist Ihr Partner f\u00fcr erstklassige Getriebefertigung, ma\u00dfgeschneidert auf Ihre spezifischen Anforderungen.<\/p>\n<\/div>\n<p><img loading=\"lazy\" decoding=\"async\" class=\"alignnone size-full wp-image-7336\" src=\"https:\/\/fmp-components.com\/wp-content\/uploads\/2025\/03\/Rolling-Mill-Double-Helical-Gear-1.webp\" alt=\"Walzwerk-Doppelschr\u00e4gverzahnung\" width=\"1024\" height=\"768\" title=\"\" srcset=\"https:\/\/fmp-components.com\/wp-content\/uploads\/2025\/03\/Rolling-Mill-Double-Helical-Gear-1.webp 1024w, https:\/\/fmp-components.com\/wp-content\/uploads\/2025\/03\/Rolling-Mill-Double-Helical-Gear-1-980x735.webp 980w, https:\/\/fmp-components.com\/wp-content\/uploads\/2025\/03\/Rolling-Mill-Double-Helical-Gear-1-480x360.webp 480w\" sizes=\"(min-width: 0px) and (max-width: 480px) 480px, (min-width: 481px) and (max-width: 980px) 980px, (min-width: 981px) 1024px, 100vw\" \/><\/p>\n<table class=\"table\" style=\"width: 98.8929%; height: 138px;\" border=\"1\">\n<tbody>\n<tr>\n<td>Anwendung:<\/td>\n<td>Maschinen, Schifffahrt, Landmaschinen<\/td>\n<\/tr>\n<tr>\n<td>H\u00e4rte:<\/td>\n<td>Geh\u00e4rtete Zahnoberfl\u00e4che<\/td>\n<\/tr>\n<tr>\n<td>Gangposition:<\/td>\n<td>Externes Getriebe<\/td>\n<\/tr>\n<tr>\n<td>Herstellungsverfahren:<\/td>\n<td>Getriebe schneiden<\/td>\n<\/tr>\n<tr>\n<td>Form des gezahnten Abschnitts:<\/td>\n<td>Doppelschr\u00e4gverzahnung<\/td>\n<\/tr>\n<tr>\n<td>Material:<\/td>\n<td>42CrMo<\/td>\n<\/tr>\n<\/tbody>\n<\/table>\n<h2>Kundenspezifische Getriebe \u2013 Doppelschr\u00e4gverzahnungen f\u00fcr Walzwerke<\/h2>\n<p>Walzwerk-Doppelschr\u00e4gverzahnung<br \/>\nKundenspezifische Getriebe<\/p>\n<div class=\"table-responsive\">\n<table class=\"table\" style=\"width: 99.8919%; height: 196px;\" border=\"1\">\n<tbody>\n<tr>\n<td>Modul<\/td>\n<td>Mass angefertigt<\/td>\n<\/tr>\n<tr>\n<td>Anzahl der Zahnr\u00e4der<\/td>\n<td>Mass angefertigt<\/td>\n<\/tr>\n<tr>\n<td>Material<\/td>\n<td>42CrMo<\/td>\n<\/tr>\n<tr>\n<td>Herstellungsverfahren f\u00fcr Zahnr\u00e4der<\/td>\n<td>Zahnradfr\u00e4sen oder Zahnradw\u00e4lzfr\u00e4sen<\/td>\n<\/tr>\n<tr>\n<td>W\u00e4rmebehandlung<\/td>\n<td>Hochfrequenzl\u00f6schung<\/td>\n<\/tr>\n<tr>\n<td>Zahnradschleifen<\/td>\n<td>Optionen<\/td>\n<\/tr>\n<\/tbody>\n<\/table>\n<\/div>\n<p>Material: AISI 4140\/ 42CrMo\/ SCM 440<\/p>\n<div class=\"table-responsive\">\n<table class=\"table\" style=\"width: 100.189%; height: 301px;\" border=\"1\">\n<tbody>\n<tr style=\"height: 47px;\">\n<td style=\"height: 47px; width: 41.5825%;\">VERGLEICH DER STAHLCODE-SORTEN<\/td>\n<td style=\"height: 47px; width: 12.4579%;\"><\/td>\n<td style=\"height: 47px; width: 11.9529%;\"><\/td>\n<td style=\"height: 47px; width: 7.23906%;\"><\/td>\n<td style=\"height: 47px; width: 11.4478%;\"><\/td>\n<td style=\"height: 47px; width: 70.5387%;\"><\/td>\n<\/tr>\n<tr style=\"height: 23px;\">\n<td style=\"height: 23px; width: 41.5825%;\">CHINA\/GB<\/td>\n<td style=\"height: 23px; width: 12.4579%;\">ISO<\/td>\n<td style=\"height: 23px; width: 11.9529%;\">GOST<\/td>\n<td style=\"height: 23px; width: 7.23906%;\">ASTM<\/td>\n<td style=\"height: 23px; width: 11.4478%;\">JIS<\/td>\n<td style=\"height: 23px; width: 70.5387%;\">L\u00c4RM<\/td>\n<\/tr>\n<tr style=\"height: 23px;\">\n<td style=\"height: 23px; width: 41.5825%;\">45<\/td>\n<td style=\"height: 23px; width: 12.4579%;\">C45E4<\/td>\n<td style=\"height: 23px; width: 11.9529%;\">45<\/td>\n<td style=\"height: 23px; width: 7.23906%;\">1045<\/td>\n<td style=\"height: 23px; width: 11.4478%;\">S45C<\/td>\n<td style=\"height: 23px; width: 70.5387%;\">CK45<\/td>\n<\/tr>\n<tr style=\"height: 23px;\">\n<td style=\"height: 23px; width: 41.5825%;\">40Cr<\/td>\n<td style=\"height: 23px; width: 12.4579%;\">41Cr4<\/td>\n<td style=\"height: 23px; width: 11.9529%;\">40-fach<\/td>\n<td style=\"height: 23px; width: 7.23906%;\">5140<\/td>\n<td style=\"height: 23px; width: 11.4478%;\">SCr440<\/td>\n<td style=\"height: 23px; width: 70.5387%;\">41Cr4<\/td>\n<\/tr>\n<tr style=\"height: 23px;\">\n<td style=\"height: 23px; width: 41.5825%;\">20CrMo<\/td>\n<td style=\"height: 23px; width: 12.4579%;\">18CrMo4<\/td>\n<td style=\"height: 23px; width: 11.9529%;\">20HM<\/td>\n<td style=\"height: 23px; width: 7.23906%;\">4118<\/td>\n<td style=\"height: 23px; width: 11.4478%;\">SCM22<\/td>\n<td style=\"height: 23px; width: 70.5387%;\">25CrMo4<\/td>\n<\/tr>\n<tr style=\"height: 23px;\">\n<td style=\"height: 23px; width: 41.5825%;\">42CrMo<\/td>\n<td style=\"height: 23px; width: 12.4579%;\">42CrMo4<\/td>\n<td style=\"height: 23px; width: 11.9529%;\">38XM<\/td>\n<td style=\"height: 23px; width: 7.23906%;\">4140<\/td>\n<td style=\"height: 23px; width: 11.4478%;\">SCM440<\/td>\n<td style=\"height: 23px; width: 70.5387%;\">42CrMo4<\/td>\n<\/tr>\n<tr style=\"height: 23px;\">\n<td style=\"height: 23px; width: 41.5825%;\">20CrMnTi<\/td>\n<td style=\"height: 23px; width: 12.4579%;\"><\/td>\n<td style=\"height: 23px; width: 11.9529%;\">18X\u0413T<\/td>\n<td style=\"height: 23px; width: 7.23906%;\"><\/td>\n<td style=\"height: 23px; width: 11.4478%;\">SMK22<\/td>\n<td style=\"height: 23px; width: 70.5387%;\"><\/td>\n<\/tr>\n<tr style=\"height: 23px;\">\n<td style=\"height: 23px; width: 41.5825%;\">20Cr2Ni4<\/td>\n<td style=\"height: 23px; width: 12.4579%;\"><\/td>\n<td style=\"height: 23px; width: 11.9529%;\">20X2H4A<\/td>\n<td style=\"height: 23px; width: 7.23906%;\"><\/td>\n<td style=\"height: 23px; width: 11.4478%;\"><\/td>\n<td style=\"height: 23px; width: 70.5387%;\"><\/td>\n<\/tr>\n<tr style=\"height: 23px;\">\n<td style=\"height: 23px; width: 41.5825%;\">20CrNiMo<\/td>\n<td style=\"height: 23px; width: 12.4579%;\">20CrNiMo2<\/td>\n<td style=\"height: 23px; width: 11.9529%;\">20XHM<\/td>\n<td style=\"height: 23px; width: 7.23906%;\">8720<\/td>\n<td style=\"height: 23px; width: 11.4478%;\">SNCM220<\/td>\n<td style=\"height: 23px; width: 70.5387%;\">21NiCrMo2<\/td>\n<\/tr>\n<tr style=\"height: 47px;\">\n<td style=\"height: 47px; width: 41.5825%;\">40CrNiMoA<\/td>\n<td style=\"height: 47px; width: 12.4579%;\"><\/td>\n<td style=\"height: 47px; width: 11.9529%;\">40XH2MA\/<br \/>\n40XHMA<\/td>\n<td style=\"height: 47px; width: 7.23906%;\">4340<\/td>\n<td style=\"height: 47px; width: 11.4478%;\">SNCM439<\/td>\n<td style=\"height: 47px; width: 70.5387%;\">40NiCrMo6\/<br \/>\n36NiCrMo4<\/td>\n<\/tr>\n<tr style=\"height: 23px;\">\n<td style=\"height: 23px; width: 41.5825%;\">20CrNi2Mo<\/td>\n<td style=\"height: 23px; width: 12.4579%;\">20NiCrMo7<\/td>\n<td style=\"height: 23px; width: 11.9529%;\">20XH2MA<\/td>\n<td style=\"height: 23px; width: 7.23906%;\">4320<\/td>\n<td style=\"height: 23px; width: 11.4478%;\">SNCM420<\/td>\n<td style=\"height: 23px; width: 70.5387%;\"><\/td>\n<\/tr>\n<\/tbody>\n<\/table>\n<\/div>\n<p><img loading=\"lazy\" decoding=\"async\" class=\"wp-image-7342 aligncenter\" src=\"https:\/\/fmp-components.com\/wp-content\/uploads\/2025\/03\/Rolling-Mill-Double-Helical-Gear-6.webp\" alt=\"Walzwerk-Doppelschr\u00e4gverzahnung-6\" width=\"952\" height=\"569\" title=\"\" srcset=\"https:\/\/fmp-components.com\/wp-content\/uploads\/2025\/03\/Rolling-Mill-Double-Helical-Gear-6.webp 400w, https:\/\/fmp-components.com\/wp-content\/uploads\/2025\/03\/Rolling-Mill-Double-Helical-Gear-6-300x179.webp 300w, https:\/\/fmp-components.com\/wp-content\/uploads\/2025\/03\/Rolling-Mill-Double-Helical-Gear-6-18x12.webp 18w\" sizes=\"(max-width: 952px) 100vw, 952px\" \/><\/p>\n<div class=\"table-responsive\">\n<h3 class=\"break-words\">Ma\u00dfgeschneiderte L\u00f6sungen und engagierter Support<\/h3>\n<p class=\"break-words\">Wir bei FMP wissen, dass jedes Projekt einzigartig ist. Deshalb bieten wir ma\u00dfgeschneiderte Dienstleistungen f\u00fcr Walzwerk-Doppelschr\u00e4gverzahnungen an, die genau Ihren Anforderungen entsprechen. Sollten Sie Ihr gew\u00fcnschtes Modell nicht in unserer Produktliste finden, kein Problem \u2013 es bedeutet lediglich, dass wir es noch nicht in unser Sortiment aufgenommen haben. Kontaktieren Sie uns gerne per E-Mail mit Ihren spezifischen Anforderungen. Unser engagiertes Team aus erfahrenen Ingenieuren antwortet Ihnen innerhalb von 24 Stunden. Mit unserem starken Engagement f\u00fcr Kundenzufriedenheit und branchenf\u00fchrender Expertise garantiert FMP Ihnen personalisierte, hochwertige L\u00f6sungen, die h\u00f6chsten Qualit\u00e4tsstandards entsprechen. Kontaktieren Sie uns noch heute und erfahren Sie, wie wir Ihre Anforderungen unterst\u00fctzen k\u00f6nnen!<\/p>\n<table style=\"border-collapse: collapse; width: 100.432%; height: 5px;\" border=\"0\" width=\"324\" cellspacing=\"0\" cellpadding=\"0\">\n<tbody>\n<tr style=\"height: 14.40pt;\">\n<td style=\"height: 14.4pt; width: 33.9018%;\" align=\"right\" width=\"81\" height=\"24\"><img loading=\"lazy\" decoding=\"async\" class=\"size-full wp-image-7337 aligncenter\" src=\"https:\/\/fmp-components.com\/wp-content\/uploads\/2025\/03\/Rolling-Mill-Double-Helical-Gear-2.webp\" alt=\"Walzwerk-Doppelschr\u00e4gverzahnung\" width=\"576\" height=\"768\" title=\"\" srcset=\"https:\/\/fmp-components.com\/wp-content\/uploads\/2025\/03\/Rolling-Mill-Double-Helical-Gear-2.webp 576w, https:\/\/fmp-components.com\/wp-content\/uploads\/2025\/03\/Rolling-Mill-Double-Helical-Gear-2-480x640.webp 480w\" sizes=\"(min-width: 0px) and (max-width: 480px) 480px, (min-width: 481px) 576px, 100vw\" \/><\/td>\n<td style=\"width: 32.7293%;\" align=\"right\" width=\"81\"><img loading=\"lazy\" decoding=\"async\" class=\"size-full wp-image-7338 aligncenter\" src=\"https:\/\/fmp-components.com\/wp-content\/uploads\/2025\/03\/Rolling-Mill-Double-Helical-Gear-3.webp\" alt=\"Walzwerk-Doppelschr\u00e4gverzahnung\" width=\"576\" height=\"768\" title=\"\" srcset=\"https:\/\/fmp-components.com\/wp-content\/uploads\/2025\/03\/Rolling-Mill-Double-Helical-Gear-3.webp 576w, https:\/\/fmp-components.com\/wp-content\/uploads\/2025\/03\/Rolling-Mill-Double-Helical-Gear-3-480x640.webp 480w\" sizes=\"(min-width: 0px) and (max-width: 480px) 480px, (min-width: 481px) 576px, 100vw\" \/><\/td>\n<td style=\"width: 33.1557%;\" align=\"right\" width=\"81\"><img loading=\"lazy\" decoding=\"async\" class=\"size-full wp-image-7339 aligncenter\" src=\"https:\/\/fmp-components.com\/wp-content\/uploads\/2025\/03\/Rolling-Mill-Double-Helical-Gear-4.webp\" alt=\"Walzwerk-Doppelschr\u00e4gverzahnung\" width=\"576\" height=\"768\" title=\"\" srcset=\"https:\/\/fmp-components.com\/wp-content\/uploads\/2025\/03\/Rolling-Mill-Double-Helical-Gear-4.webp 576w, https:\/\/fmp-components.com\/wp-content\/uploads\/2025\/03\/Rolling-Mill-Double-Helical-Gear-4-480x640.webp 480w\" sizes=\"(min-width: 0px) and (max-width: 480px) 480px, (min-width: 481px) 576px, 100vw\" \/><\/td>\n<\/tr>\n<\/tbody>\n<\/table>\n<\/div>","protected":false},"excerpt":{"rendered":"<p>High-Quality Rolling Mill Double Helical Gears from FMP Rolling Mill Double Helical Gears are essential components in the steel and metal processing industry, renowned for their ability to manage high torque and ensure smooth, efficient power transmission. At FMP, we take pride in producing a wide variety of Rolling Mill Double Helical Gears designed to [&hellip;]<\/p>","protected":false},"featured_media":4578,"comment_status":"open","ping_status":"closed","template":"","meta":{"_et_pb_use_builder":"","_et_pb_old_content":"","_et_gb_content_width":""},"product_brand":[],"product_cat":[108],"product_tag":[],"class_list":{"0":"post-7334","1":"product","2":"type-product","3":"status-publish","4":"has-post-thumbnail","6":"product_cat-helical-gear","8":"first","9":"instock","10":"shipping-taxable","11":"product-type-simple"},"_links":{"self":[{"href":"https:\/\/fmp-components.com\/de\/wp-json\/wp\/v2\/product\/7334","targetHints":{"allow":["GET"]}}],"collection":[{"href":"https:\/\/fmp-components.com\/de\/wp-json\/wp\/v2\/product"}],"about":[{"href":"https:\/\/fmp-components.com\/de\/wp-json\/wp\/v2\/types\/product"}],"replies":[{"embeddable":true,"href":"https:\/\/fmp-components.com\/de\/wp-json\/wp\/v2\/comments?post=7334"}],"wp:featuredmedia":[{"embeddable":true,"href":"https:\/\/fmp-components.com\/de\/wp-json\/wp\/v2\/media\/4578"}],"wp:attachment":[{"href":"https:\/\/fmp-components.com\/de\/wp-json\/wp\/v2\/media?parent=7334"}],"wp:term":[{"taxonomy":"product_brand","embeddable":true,"href":"https:\/\/fmp-components.com\/de\/wp-json\/wp\/v2\/product_brand?post=7334"},{"taxonomy":"product_cat","embeddable":true,"href":"https:\/\/fmp-components.com\/de\/wp-json\/wp\/v2\/product_cat?post=7334"},{"taxonomy":"product_tag","embeddable":true,"href":"https:\/\/fmp-components.com\/de\/wp-json\/wp\/v2\/product_tag?post=7334"}],"curies":[{"name":"wp","href":"https:\/\/api.w.org\/{rel}","templated":true}]}}