{"id":7332,"date":"2025-03-23T07:37:55","date_gmt":"2025-03-23T07:37:55","guid":{"rendered":"https:\/\/fmp-components.com\/?post_type=product&#038;p=7332"},"modified":"2025-03-26T08:47:29","modified_gmt":"2025-03-26T08:47:29","slug":"industrial-alloy-steel-double-helical-gears","status":"publish","type":"product","link":"https:\/\/fmp-components.com\/de\/product\/industrial-alloy-steel-double-helical-gears\/","title":{"rendered":"Doppelschr\u00e4gverzahnung aus Industrielegierungsstahl"},"content":{"rendered":"<div>Wir bei FMP Company sind stolz darauf, eine breite Palette von Doppellegierungen aus legiertem Stahl herzustellen. <a href=\"https:\/\/fmp-components.com\/de\/helical-gears\/\">Schr\u00e4gverzahnte Zahnr\u00e4der<\/a>Unsere Produkte sind auf Pr\u00e4zision und Langlebigkeit f\u00fcr vielf\u00e4ltige industrielle Anwendungen ausgelegt. Ob Standardausf\u00fchrungen oder Sonderanfertigungen \u2013 wir fertigen gerne nach Ihren individuellen Vorgaben. Ist das gew\u00fcnschte Modell nicht in unserer Produktliste? Kein Problem \u2013 unser Online-Katalog ist noch nicht aktualisiert. Senden Sie uns einfach eine E-Mail mit Ihren Anforderungen, und unsere erfahrenen Ingenieure melden sich innerhalb von 24 Stunden mit einer ma\u00dfgeschneiderten L\u00f6sung bei Ihnen. Wir helfen Ihnen gerne, die perfekte Ausr\u00fcstung f\u00fcr Ihr Projekt zu finden!<\/div>\n<div><\/div>\n<table class=\"table\" style=\"width: 101.013%; height: 165px;\" border=\"1\">\n<tbody>\n<tr>\n<td style=\"width: 38.6592%;\">Getriebetyp<\/td>\n<td style=\"width: 60.6704%;\">Doppelhelix<\/td>\n<\/tr>\n<tr>\n<td style=\"width: 38.6592%;\">Verwendung\/Anwendung<\/td>\n<td style=\"width: 60.6704%;\">Industrie<\/td>\n<\/tr>\n<tr>\n<td style=\"width: 38.6592%;\">Zahnform<\/td>\n<td style=\"width: 60.6704%;\">Doppelt<\/td>\n<\/tr>\n<tr>\n<td style=\"width: 38.6592%;\">Material<\/td>\n<td style=\"width: 60.6704%;\">Legierter Stahl<\/td>\n<\/tr>\n<tr>\n<td style=\"width: 38.6592%;\">Form<\/td>\n<td style=\"width: 60.6704%;\">Runden<\/td>\n<\/tr>\n<tr>\n<td style=\"width: 38.6592%;\">Mindestbestellmenge<\/td>\n<td style=\"width: 60.6704%;\">1<\/td>\n<\/tr>\n<\/tbody>\n<\/table>\n<p><img loading=\"lazy\" decoding=\"async\" class=\"alignnone size-full wp-image-7333\" src=\"https:\/\/fmp-components.com\/wp-content\/uploads\/2025\/03\/double-helical-gear-.webp\" alt=\"Doppelhelixgetriebe\" width=\"1000\" height=\"929\" title=\"\" srcset=\"https:\/\/fmp-components.com\/wp-content\/uploads\/2025\/03\/double-helical-gear-.webp 1000w, https:\/\/fmp-components.com\/wp-content\/uploads\/2025\/03\/double-helical-gear--980x910.webp 980w, https:\/\/fmp-components.com\/wp-content\/uploads\/2025\/03\/double-helical-gear--480x446.webp 480w\" sizes=\"(min-width: 0px) and (max-width: 480px) 480px, (min-width: 481px) and (max-width: 980px) 980px, (min-width: 981px) 1000px, 100vw\" \/><\/p>","protected":false},"excerpt":{"rendered":"<p>Wir von FMP Company sind stolz darauf, eine breite Palette an doppelschr\u00e4gverzahnten Zahnr\u00e4dern aus legiertem Stahl herzustellen, die f\u00fcr h\u00f6chste Pr\u00e4zision und Langlebigkeit in vielf\u00e4ltigen industriellen Anwendungen entwickelt wurden. Ob Standardausf\u00fchrungen oder Sonderanfertigungen \u2013 wir nehmen gerne Sonderbestellungen entgegen, die exakt Ihren Spezifikationen entsprechen. Sie finden das gew\u00fcnschte Modell nicht in unserem Sortiment? [\u2026]<\/p>","protected":false},"featured_media":4591,"comment_status":"open","ping_status":"closed","template":"","meta":{"_et_pb_use_builder":"","_et_pb_old_content":"","_et_gb_content_width":""},"product_brand":[],"product_cat":[108],"product_tag":[],"class_list":{"0":"post-7332","1":"product","2":"type-product","3":"status-publish","4":"has-post-thumbnail","6":"product_cat-helical-gear","8":"first","9":"instock","10":"shipping-taxable","11":"product-type-simple"},"_links":{"self":[{"href":"https:\/\/fmp-components.com\/de\/wp-json\/wp\/v2\/product\/7332","targetHints":{"allow":["GET"]}}],"collection":[{"href":"https:\/\/fmp-components.com\/de\/wp-json\/wp\/v2\/product"}],"about":[{"href":"https:\/\/fmp-components.com\/de\/wp-json\/wp\/v2\/types\/product"}],"replies":[{"embeddable":true,"href":"https:\/\/fmp-components.com\/de\/wp-json\/wp\/v2\/comments?post=7332"}],"wp:featuredmedia":[{"embeddable":true,"href":"https:\/\/fmp-components.com\/de\/wp-json\/wp\/v2\/media\/4591"}],"wp:attachment":[{"href":"https:\/\/fmp-components.com\/de\/wp-json\/wp\/v2\/media?parent=7332"}],"wp:term":[{"taxonomy":"product_brand","embeddable":true,"href":"https:\/\/fmp-components.com\/de\/wp-json\/wp\/v2\/product_brand?post=7332"},{"taxonomy":"product_cat","embeddable":true,"href":"https:\/\/fmp-components.com\/de\/wp-json\/wp\/v2\/product_cat?post=7332"},{"taxonomy":"product_tag","embeddable":true,"href":"https:\/\/fmp-components.com\/de\/wp-json\/wp\/v2\/product_tag?post=7332"}],"curies":[{"name":"wp","href":"https:\/\/api.w.org\/{rel}","templated":true}]}}