{"id":7243,"date":"2025-03-21T01:45:53","date_gmt":"2025-03-21T01:45:53","guid":{"rendered":"https:\/\/fmp-components.com\/?post_type=product&#038;p=7243"},"modified":"2025-04-05T06:52:39","modified_gmt":"2025-04-05T06:52:39","slug":"plastic-worm-gears","status":"publish","type":"product","link":"https:\/\/fmp-components.com\/de\/product\/plastic-worm-gears\/","title":{"rendered":"Kunststoff-Schneckenr\u00e4der"},"content":{"rendered":"<h2>Kunststoff-Schneckengetriebe: Langlebige, individuell anpassbare L\u00f6sungen von FMP Company<\/h2>\n<p class=\"break-words\">Kunststoff-Schneckengetriebe sind unverzichtbare Bauteile moderner Maschinen und bieten eine einzigartige Kombination aus Langlebigkeit, Vielseitigkeit und Effizienz. Wir von FMP Company sind auf die Herstellung hochwertiger Kunststoff-Schneckengetriebe spezialisiert. <a href=\"https:\/\/fmp-components.com\/de\/worm-gear-and-worm-shaft-2\/\">Schneckengetriebe<\/a> Entwickelt, um den vielf\u00e4ltigen Bed\u00fcrfnissen von Branchen in Italien und dar\u00fcber hinaus gerecht zu werden. Ob Sie Standardmodelle oder ma\u00dfgeschneiderte L\u00f6sungen ben\u00f6tigen \u2013 unsere Expertise garantiert Ihnen zuverl\u00e4ssige, individuell angepasste Produkte.<\/p>\n<p><img loading=\"lazy\" decoding=\"async\" class=\"size-full wp-image-7245 aligncenter\" src=\"https:\/\/fmp-components.com\/wp-content\/uploads\/2025\/03\/plastic-worm-gear-2.webp\" alt=\"Kunststoff-Schneckengetriebe\" width=\"975\" height=\"762\" title=\"\" srcset=\"https:\/\/fmp-components.com\/wp-content\/uploads\/2025\/03\/plastic-worm-gear-2.webp 975w, https:\/\/fmp-components.com\/wp-content\/uploads\/2025\/03\/plastic-worm-gear-2-480x375.webp 480w\" sizes=\"(min-width: 0px) and (max-width: 480px) 480px, (min-width: 481px) 975px, 100vw\" \/><\/p>\n<div>\n<h3>Warum sollte man sich f\u00fcr Schneckengetriebe aus Kunststoff entscheiden?<\/h3>\n<p class=\"break-words\">Kunststoff-Schneckenr\u00e4der bieten gegen\u00fcber ihren Pendants aus Metall deutliche Vorteile und sind daher in verschiedenen Anwendungen die bevorzugte Wahl:<\/p>\n<ul class=\"marker:text-secondary\">\n<li class=\"break-words\"><strong>Leichtbauweise<\/strong>Kunststoff-Schneckengetriebe sind deutlich leichter als Metallzahnr\u00e4der und reduzieren so das Maschinengewicht, wodurch die Energieeffizienz gesteigert wird.<\/li>\n<li class=\"break-words\"><strong>Rostbest\u00e4ndige Langlebigkeit<\/strong>Sie sind korrosionsbest\u00e4ndig und eignen sich hervorragend f\u00fcr feuchte oder raue Umgebungen, wodurch eine langfristige Leistungsf\u00e4higkeit gew\u00e4hrleistet wird.<\/li>\n<li class=\"break-words\"><strong>Ger\u00e4uscharmer Betrieb<\/strong>Durch ihren reibungslosen Betrieb wird die Ger\u00e4uschentwicklung minimiert, ideal f\u00fcr Anwendungen, die einen leisen Betrieb erfordern, wie z. B. medizinische Ger\u00e4te oder Unterhaltungselektronik.<\/li>\n<li class=\"break-words\"><strong>Kosteng\u00fcnstige Produktion<\/strong>Das Spritzgussverfahren erm\u00f6glicht eine kosteng\u00fcnstige Massenproduktion ohne Qualit\u00e4tseinbu\u00dfen.<\/li>\n<li class=\"break-words\"><strong>Selbstschmierende Eigenschaften<\/strong>Hergestellt aus Materialien wie Polyacetal (POM) und MC-Nylon, funktionieren sie oft ohne zus\u00e4tzliche Schmierung, wodurch der Wartungsaufwand reduziert wird.<\/li>\n<\/ul>\n<p class=\"break-words\">In Italien steigt die Nachfrage nach diesen Eigenschaften in Branchen wie der Lebensmittelproduktion, der Unterhaltungselektronik und der Medizintechnik. Die leichten und rostfreien Kunststoff-Schneckengetriebe entsprechen perfekt den Bed\u00fcrfnissen italienischer Unternehmen, die effiziente und zuverl\u00e4ssige L\u00f6sungen suchen.<\/p>\n<p><img loading=\"lazy\" decoding=\"async\" class=\"size-full wp-image-7247 aligncenter\" src=\"https:\/\/fmp-components.com\/wp-content\/uploads\/2025\/03\/plastic-worm-gear-3.webp\" alt=\"Kunststoff-Schneckengetriebe\" width=\"813\" height=\"473\" title=\"\" srcset=\"https:\/\/fmp-components.com\/wp-content\/uploads\/2025\/03\/plastic-worm-gear-3.webp 813w, https:\/\/fmp-components.com\/wp-content\/uploads\/2025\/03\/plastic-worm-gear-3-480x279.webp 480w\" sizes=\"(min-width: 0px) and (max-width: 480px) 480px, (min-width: 481px) 813px, 100vw\" \/><\/p>\n<h2>Spezifikation<\/h2>\n<table style=\"width: 100%;\" border=\"1\" width=\"100%\" cellspacing=\"0\" cellpadding=\"0\">\n<tbody>\n<tr style=\"height: 15.15pt;\">\n<td style=\"height: 15.15pt; width: 48.00pt;\" align=\"right\" width=\"80\" height=\"25\">\u00a0\u00a0<img loading=\"lazy\" decoding=\"async\" class=\"wp-image-7796 aligncenter\" src=\"https:\/\/fmp-components.com\/wp-content\/uploads\/2025\/03\/plastic-worm-gear-manufacturer.jpg\" alt=\"Hersteller von Kunststoff-Schneckengetrieben\" width=\"448\" height=\"356\" title=\"\" srcset=\"https:\/\/fmp-components.com\/wp-content\/uploads\/2025\/03\/plastic-worm-gear-manufacturer.jpg 195w, https:\/\/fmp-components.com\/wp-content\/uploads\/2025\/03\/plastic-worm-gear-manufacturer-15x12.jpg 15w\" sizes=\"(max-width: 448px) 100vw, 448px\" \/><\/td>\n<td style=\"width: 48.00pt;\" align=\"right\" width=\"80\"><img loading=\"lazy\" decoding=\"async\" class=\"wp-image-7795 aligncenter\" src=\"https:\/\/fmp-components.com\/wp-content\/uploads\/2025\/03\/worm-gear-manufacturer.jpg\" alt=\"Kunststoff-Schneckengetriebe-Spezifikation\" width=\"488\" height=\"334\" title=\"\" srcset=\"https:\/\/fmp-components.com\/wp-content\/uploads\/2025\/03\/worm-gear-manufacturer.jpg 190w, https:\/\/fmp-components.com\/wp-content\/uploads\/2025\/03\/worm-gear-manufacturer-18x12.jpg 18w\" sizes=\"(max-width: 488px) 100vw, 488px\" \/><\/td>\n<\/tr>\n<tr style=\"height: 15.15pt;\">\n<td class=\"et2\" style=\"height: 15.15pt; width: 48.00pt;\" width=\"80\" height=\"25\">Typ<\/td>\n<td class=\"et3\" style=\"width: 48.00pt;\" width=\"80\">Wurm<\/td>\n<\/tr>\n<tr style=\"height: 29.55pt;\">\n<td class=\"et2\" style=\"height: 29.55pt; width: 48.00pt;\" width=\"80\" height=\"49\">Modul<\/td>\n<td class=\"et3\" style=\"width: 48.00pt;\" width=\"80\">M0.2 \u2013 M2.0<\/td>\n<\/tr>\n<tr style=\"height: 58.35pt;\">\n<td class=\"et2\" style=\"height: 58.35pt; width: 48.00pt;\" width=\"80\" height=\"97\">Material<\/td>\n<td class=\"et3\" style=\"width: 48.00pt;\" width=\"80\">Polyacetal (POM) \/ Nylon<\/td>\n<\/tr>\n<tr style=\"height: 58.35pt;\">\n<td class=\"et2\" style=\"height: 58.35pt; width: 48.00pt;\" width=\"80\" height=\"97\">Bohrung<\/td>\n<td class=\"et3\" style=\"width: 48.00pt;\" width=\"80\">\u00d81,40 mm \/ \u00d81,90 mm<\/td>\n<\/tr>\n<tr style=\"height: 101.55pt;\">\n<td class=\"et2\" style=\"height: 101.55pt; width: 48.00pt;\" width=\"80\" height=\"169\">Au\u00dfendurchmesser<\/td>\n<td class=\"et3\" style=\"width: 48.00pt;\" width=\"80\">\u00d84,0 mm \/ \u00d85,0 mm \/ \u00d86,0 mm (flexibel)<\/td>\n<\/tr>\n<tr style=\"height: 72.75pt;\">\n<td class=\"et2\" style=\"height: 72.75pt; width: 48.00pt;\" width=\"80\" height=\"121\">L\u00e4nge<\/td>\n<td class=\"et3\" style=\"width: 48.00pt;\" width=\"80\">6,0 mm \/ 8,5 mm \/ 10,0 mm (flexibel)<\/td>\n<\/tr>\n<\/tbody>\n<\/table>\n<div><\/div>\n<div>\n<table style=\"width: 100%;\" border=\"1\" width=\"100%\" cellspacing=\"0\" cellpadding=\"0\">\n<tbody>\n<tr style=\"height: 15.15pt;\">\n<td class=\"et2\" style=\"height: 15.15pt; width: 96.00pt;\" colspan=\"2\" width=\"160\" height=\"25\"><img loading=\"lazy\" decoding=\"async\" class=\"alignnone wp-image-7797\" src=\"https:\/\/fmp-components.com\/wp-content\/uploads\/2025\/03\/plastic-worm-gear-manufacturer-1.jpg\" alt=\"Kunststoff-Schneckengetriebe\" width=\"938\" height=\"376\" title=\"\" srcset=\"https:\/\/fmp-components.com\/wp-content\/uploads\/2025\/03\/plastic-worm-gear-manufacturer-1.jpg 938w, https:\/\/fmp-components.com\/wp-content\/uploads\/2025\/03\/plastic-worm-gear-manufacturer-1-480x192.jpg 480w\" sizes=\"(min-width: 0px) and (max-width: 480px) 480px, (min-width: 481px) 938px, 100vw\" \/><\/td>\n<\/tr>\n<tr style=\"height: 55.95pt;\">\n<td class=\"et3\" style=\"height: 55.95pt; width: 48.00pt;\" width=\"80\" height=\"93\">Artikel<\/td>\n<td class=\"et4\" style=\"width: 48.00pt;\" width=\"80\">M0.4*30T Zahnrad+Schnecke<\/td>\n<\/tr>\n<tr style=\"height: 28.35pt;\">\n<td class=\"et3\" style=\"height: 28.35pt; width: 48.00pt;\" width=\"80\" height=\"47\">Material<\/td>\n<td class=\"et4\" style=\"width: 48.00pt;\" width=\"80\">TEPCON_M90-10<\/td>\n<\/tr>\n<tr style=\"height: 14.55pt;\">\n<td class=\"et3\" style=\"height: 14.55pt; width: 48.00pt;\" width=\"80\" height=\"24\">Modul<\/td>\n<td class=\"et4\" style=\"width: 48.00pt;\" width=\"80\">M0.4<\/td>\n<\/tr>\n<tr style=\"height: 28.35pt;\">\n<td class=\"et3\" style=\"height: 28.35pt; width: 48.00pt;\" width=\"80\" height=\"47\">Anzahl der Z\u00e4hne<\/td>\n<td class=\"et4\" style=\"width: 48.00pt;\" width=\"80\">30T \/ 1T<\/td>\n<\/tr>\n<tr style=\"height: 28.35pt;\">\n<td class=\"et3\" style=\"height: 28.35pt; width: 48.00pt;\" width=\"80\" height=\"47\">Gewicht<\/td>\n<td class=\"et4\" style=\"width: 48.00pt;\" width=\"80\">0,75 g \/ St\u00fcck<\/td>\n<\/tr>\n<tr style=\"height: 55.95pt;\">\n<td class=\"et3\" style=\"height: 55.95pt; width: 48.00pt;\" width=\"80\" height=\"93\">Anwendung<\/td>\n<td class=\"et4\" style=\"width: 48.00pt;\" width=\"80\">IP-Kamera, Monitor usw.<\/td>\n<\/tr>\n<\/tbody>\n<\/table>\n<\/div>\n<\/div>\n<table style=\"width: 100%;\" border=\"1\" width=\"100%\" cellspacing=\"0\" cellpadding=\"0\">\n<tbody>\n<tr style=\"height: 15.15pt;\">\n<td class=\"et2\" style=\"height: 15.15pt; width: 96.00pt;\" colspan=\"2\" width=\"160\" height=\"25\"><img loading=\"lazy\" decoding=\"async\" class=\"alignnone wp-image-7798\" src=\"https:\/\/fmp-components.com\/wp-content\/uploads\/2025\/03\/plastic-worm-gear-manufacturer-2.jpg\" alt=\"Kunststoff-Schneckengetriebe\" width=\"930\" height=\"371\" title=\"\" srcset=\"https:\/\/fmp-components.com\/wp-content\/uploads\/2025\/03\/plastic-worm-gear-manufacturer-2.jpg 930w, https:\/\/fmp-components.com\/wp-content\/uploads\/2025\/03\/plastic-worm-gear-manufacturer-2-480x191.jpg 480w\" sizes=\"(min-width: 0px) and (max-width: 480px) 480px, (min-width: 481px) 930px, 100vw\" \/><\/td>\n<\/tr>\n<tr style=\"height: 28.35pt;\">\n<td class=\"et3\" style=\"height: 28.35pt; width: 48.00pt;\" width=\"80\" height=\"47\">Artikel<\/td>\n<td class=\"et4\" style=\"width: 48.00pt;\" width=\"80\">M0.4 RH Wurm<\/td>\n<\/tr>\n<tr style=\"height: 28.35pt;\">\n<td class=\"et3\" style=\"height: 28.35pt; width: 48.00pt;\" width=\"80\" height=\"47\">Material<\/td>\n<td class=\"et4\" style=\"width: 48.00pt;\" width=\"80\">TEPCON_M90-10<\/td>\n<\/tr>\n<tr style=\"height: 14.55pt;\">\n<td class=\"et3\" style=\"height: 14.55pt; width: 48.00pt;\" width=\"80\" height=\"24\">Modul<\/td>\n<td class=\"et4\" style=\"width: 48.00pt;\" width=\"80\">M0.4<\/td>\n<\/tr>\n<tr style=\"height: 28.35pt;\">\n<td class=\"et3\" style=\"height: 28.35pt; width: 48.00pt;\" width=\"80\" height=\"47\">Anzahl der Z\u00e4hne<\/td>\n<td class=\"et4\" style=\"width: 48.00pt;\" width=\"80\">1T (RH)<\/td>\n<\/tr>\n<tr style=\"height: 28.35pt;\">\n<td class=\"et3\" style=\"height: 28.35pt; width: 48.00pt;\" width=\"80\" height=\"47\">Gewicht<\/td>\n<td class=\"et4\" style=\"width: 48.00pt;\" width=\"80\">0,22 g \/ St\u00fcck<\/td>\n<\/tr>\n<tr style=\"height: 124.95pt;\">\n<td class=\"et3\" style=\"height: 124.95pt; width: 48.00pt;\" width=\"80\" height=\"208\">Anwendung<\/td>\n<td class=\"et4\" style=\"width: 48.00pt;\" width=\"80\">Wird im Getriebe zur Verstellung von Kfz-R\u00fcckspiegeln verwendet.<\/td>\n<\/tr>\n<\/tbody>\n<\/table>\n<div><\/div>\n<div>\n<div>\n<table style=\"width: 100%;\" border=\"1\" width=\"100%\" cellspacing=\"0\" cellpadding=\"0\">\n<tbody>\n<tr style=\"height: 15.15pt;\">\n<td class=\"et2\" style=\"height: 15.15pt; width: 96.00pt;\" colspan=\"2\" width=\"160\" height=\"25\"><img loading=\"lazy\" decoding=\"async\" class=\"wp-image-7794 aligncenter\" src=\"https:\/\/fmp-components.com\/wp-content\/uploads\/2025\/03\/plastic-worm-gear-manufacturer-3.jpg\" alt=\"Hersteller von Kunststoff-Schneckengetrieben\" width=\"960\" height=\"378\" title=\"\" srcset=\"https:\/\/fmp-components.com\/wp-content\/uploads\/2025\/03\/plastic-worm-gear-manufacturer-3.jpg 960w, https:\/\/fmp-components.com\/wp-content\/uploads\/2025\/03\/plastic-worm-gear-manufacturer-3-480x189.jpg 480w\" sizes=\"(min-width: 0px) and (max-width: 480px) 480px, (min-width: 481px) 960px, 100vw\" \/><\/td>\n<\/tr>\n<tr style=\"height: 55.95pt;\">\n<td class=\"et3\" style=\"height: 55.95pt; width: 48.00pt;\" width=\"80\" height=\"93\">Artikel<\/td>\n<td class=\"et4\" style=\"width: 48.00pt;\" width=\"80\">Gewindespindel und Gewindemutter<\/td>\n<\/tr>\n<tr style=\"height: 14.55pt;\">\n<td class=\"et3\" style=\"height: 14.55pt; width: 48.00pt;\" width=\"80\" height=\"24\">Material<\/td>\n<td class=\"et4\" style=\"width: 48.00pt;\" width=\"80\">ODM<\/td>\n<\/tr>\n<tr style=\"height: 14.55pt;\">\n<td class=\"et3\" style=\"height: 14.55pt; width: 48.00pt;\" width=\"80\" height=\"24\">Modul<\/td>\n<td class=\"et4\" style=\"width: 48.00pt;\" width=\"80\">ODM<\/td>\n<\/tr>\n<tr style=\"height: 28.35pt;\">\n<td class=\"et3\" style=\"height: 28.35pt; width: 48.00pt;\" width=\"80\" height=\"47\">Anzahl der Z\u00e4hne<\/td>\n<td class=\"et4\" style=\"width: 48.00pt;\" width=\"80\">ODM<\/td>\n<\/tr>\n<tr style=\"height: 14.55pt;\">\n<td class=\"et3\" style=\"height: 14.55pt; width: 48.00pt;\" width=\"80\" height=\"24\">Gewicht<\/td>\n<td class=\"et4\" style=\"width: 48.00pt;\" width=\"80\">ODM<\/td>\n<\/tr>\n<tr style=\"height: 97.35pt;\">\n<td class=\"et3\" style=\"height: 97.35pt; width: 48.00pt;\" width=\"80\" height=\"162\">Anwendung<\/td>\n<td class=\"et4\" style=\"width: 48.00pt;\" width=\"80\">Wird im Getriebe zur Einstellung des Wasserventils verwendet.<\/td>\n<\/tr>\n<\/tbody>\n<\/table>\n<h2>Kunststoff-Schneckengetriebe der Firma FMP: Qualit\u00e4t und individuelle Anpassung<\/h2>\n<p class=\"break-words\">Wir von FMP Company sind stolz darauf, eine breite Palette von Kunststoff-Schneckengetrieben f\u00fcr verschiedene Anwendungsbereiche anzubieten:<\/p>\n<ul class=\"marker:text-secondary\">\n<li class=\"break-words\"><strong>Vielf\u00e4ltiges Produktsortiment<\/strong>Unser Katalog umfasst Standard-Kunststoff-Schneckengetriebe mit Modulen von 0,5 bis 3 und \u00dcbersetzungsverh\u00e4ltnissen von 10 bis 50, hergestellt aus hochwertigem MC-Nylon oder POM.<\/li>\n<li class=\"break-words\"><strong>Anpassungsdienste<\/strong>Wir wissen, dass jedes Projekt individuelle Anforderungen hat. Unser Team bietet ma\u00dfgefertigte Kunststoff-Schneckengetriebe, die genau auf Ihre Spezifikationen zugeschnitten sind und so eine optimale Leistung f\u00fcr Ihre spezifische Anwendung gew\u00e4hrleisten.<\/li>\n<li class=\"break-words\"><strong>Sie finden Ihr Modell nicht?<\/strong>Falls die ben\u00f6tigte Ausr\u00fcstung nicht aufgef\u00fchrt ist, keine Sorge \u2013 sie ist m\u00f6glicherweise noch nicht in unserer Produktliste enthalten. Schreiben Sie uns einfach eine E-Mail an <a href=\"mailto:info@fmpcomponents.it\">info@fmpcomponents.it<\/a>\u00a0Teilen Sie uns Ihre Anforderungen mit, und unsere Ingenieure werden sich innerhalb von 24 Stunden bei Ihnen melden, um Ihnen zu helfen.<\/li>\n<\/ul>\n<p class=\"break-words\">Unser Engagement f\u00fcr Qualit\u00e4t und Flexibilit\u00e4t macht die FMP Company zu einem vertrauensw\u00fcrdigen Partner f\u00fcr italienische Industrien, die langlebige Kunststoffzahnr\u00e4der suchen.<\/p>\n<p><img loading=\"lazy\" decoding=\"async\" class=\"size-full wp-image-7248 aligncenter\" src=\"https:\/\/fmp-components.com\/wp-content\/uploads\/2025\/03\/plastic-worm-gear-4.webp\" alt=\"Kunststoff-Schneckengetriebe\" width=\"760\" height=\"518\" title=\"\" srcset=\"https:\/\/fmp-components.com\/wp-content\/uploads\/2025\/03\/plastic-worm-gear-4.webp 760w, https:\/\/fmp-components.com\/wp-content\/uploads\/2025\/03\/plastic-worm-gear-4-480x327.webp 480w\" sizes=\"(min-width: 0px) and (max-width: 480px) 480px, (min-width: 481px) 760px, 100vw\" \/><\/p>\n<div>\n<h3>Material- und Fertigungsexzellenz<\/h3>\n<p class=\"break-words\">Die Leistungsf\u00e4higkeit von Kunststoff-Schneckengetrieben h\u00e4ngt von den bei ihrer Herstellung verwendeten Materialien und Verfahren ab:<\/p>\n<ul class=\"marker:text-secondary\">\n<li class=\"break-words\"><strong>Hochwertige Materialien<\/strong>Wir verwenden technische Kunststoffe wie POM (Polyacetal) und MC-Nylon, die f\u00fcr ihre Festigkeit, Verschlei\u00dffestigkeit und Schmierstofffreiheit bekannt sind. F\u00fcr anspruchsvolle Anwendungen mit Temperaturschwankungen oder hohen Belastungen k\u00f6nnen wir Metallnaben (z. B. aus S45C oder Edelstahl) f\u00fcr zus\u00e4tzliche Stabilit\u00e4t integrieren.<\/li>\n<li class=\"break-words\"><strong>Fortschrittliche Fertigung<\/strong>Unsere Fertigung kombiniert pr\u00e4zises Spritzgie\u00dfen mit fachm\u00e4nnischer Bearbeitung und gew\u00e4hrleistet so, dass jedes Zahnrad strengen Qualit\u00e4tsstandards entspricht. Dieses Verfahren garantiert Langlebigkeit, Ma\u00dfgenauigkeit und Wirtschaftlichkeit.<\/li>\n<\/ul>\n<p class=\"break-words\">Dank dieser F\u00e4higkeiten k\u00f6nnen wir Kunststoff-Schneckengetriebe herstellen, die sich in der vielf\u00e4ltigen Industrielandschaft Italiens bew\u00e4hren \u2013 von Lebensmittelverarbeitungsbetrieben an der K\u00fcste bis hin zu Herstellern von Hightech-Elektronik.<\/p>\n<table style=\"border-collapse: collapse; width: 104.125%; height: 59px;\" border=\"0\" width=\"160\" cellspacing=\"0\" cellpadding=\"0\">\n<tbody>\n<tr style=\"height: 14.40pt;\">\n<td style=\"height: 14.4pt; width: 56.4815%;\" align=\"right\" width=\"80\" height=\"24\"><img loading=\"lazy\" decoding=\"async\" class=\"size-full wp-image-7799 aligncenter\" src=\"https:\/\/fmp-components.com\/wp-content\/uploads\/2025\/03\/nylon-Electronic-Power-Steering-System-Worm-Gear.webp\" alt=\"Nylon-Schneckengetriebe f\u00fcr elektronische Servolenkung\" width=\"1920\" height=\"1440\" title=\"\" srcset=\"https:\/\/fmp-components.com\/wp-content\/uploads\/2025\/03\/nylon-Electronic-Power-Steering-System-Worm-Gear.webp 1920w, https:\/\/fmp-components.com\/wp-content\/uploads\/2025\/03\/nylon-Electronic-Power-Steering-System-Worm-Gear-1280x960.webp 1280w, https:\/\/fmp-components.com\/wp-content\/uploads\/2025\/03\/nylon-Electronic-Power-Steering-System-Worm-Gear-980x735.webp 980w, https:\/\/fmp-components.com\/wp-content\/uploads\/2025\/03\/nylon-Electronic-Power-Steering-System-Worm-Gear-480x360.webp 480w\" sizes=\"(min-width: 0px) and (max-width: 480px) 480px, (min-width: 481px) and (max-width: 980px) 980px, (min-width: 981px) and (max-width: 1280px) 1280px, (min-width: 1281px) 1920px, 100vw\" \/><\/td>\n<td style=\"width: 43.5185%;\" align=\"right\" width=\"80\"><img loading=\"lazy\" decoding=\"async\" class=\"size-full wp-image-7800 aligncenter\" src=\"https:\/\/fmp-components.com\/wp-content\/uploads\/2025\/03\/plastic-worm-gear-manufacturer-5.webp\" alt=\"Hersteller von Kunststoff-Schneckengetrieben\" width=\"1920\" height=\"1792\" title=\"\" srcset=\"https:\/\/fmp-components.com\/wp-content\/uploads\/2025\/03\/plastic-worm-gear-manufacturer-5.webp 1920w, https:\/\/fmp-components.com\/wp-content\/uploads\/2025\/03\/plastic-worm-gear-manufacturer-5-1280x1195.webp 1280w, https:\/\/fmp-components.com\/wp-content\/uploads\/2025\/03\/plastic-worm-gear-manufacturer-5-980x915.webp 980w, https:\/\/fmp-components.com\/wp-content\/uploads\/2025\/03\/plastic-worm-gear-manufacturer-5-480x448.webp 480w\" sizes=\"(min-width: 0px) and (max-width: 480px) 480px, (min-width: 481px) and (max-width: 980px) 980px, (min-width: 981px) and (max-width: 1280px) 1280px, (min-width: 1281px) 1920px, 100vw\" \/><\/td>\n<\/tr>\n<\/tbody>\n<\/table>\n<h3>Anwendungen in Italien<\/h3>\n<p class=\"break-words\">Die Kunststoff-Schneckengetriebe der Firma FMP haben sich auf dem italienischen Markt bew\u00e4hrt:<\/p>\n<ul class=\"marker:text-secondary\">\n<li class=\"break-words\"><strong>Lebensmittelproduktion<\/strong>In Maschinen, die Hygiene und Feuchtigkeitsbest\u00e4ndigkeit erfordern, gew\u00e4hrleisten unsere rostfreien Zahnr\u00e4der einen zuverl\u00e4ssigen Betrieb ohne Kontaminationsrisiken.<\/li>\n<li class=\"break-words\"><strong>Unterhaltungselektronik<\/strong>Ihr geringes Gewicht und ihre leise Arbeitsweise verbessern Ger\u00e4te wie Drucker und Kameras und erf\u00fcllen so die Nachfrage Italiens nach innovativer Technologie.<\/li>\n<li class=\"break-words\"><strong>Medizinische Ger\u00e4te<\/strong>Die Ger\u00e4uscharmut und Langlebigkeit unserer Zahnr\u00e4der unterst\u00fctzen Pr\u00e4zisionsinstrumente, einen wachsenden Sektor in der italienischen Gesundheitsbranche.<\/li>\n<\/ul>\n<\/div>\n<\/div>\n<\/div>","protected":false},"excerpt":{"rendered":"<p>Plastic Worm Gears: Durable, Customizable Solutions from FMP Company Plastic worm gears are vital components in modern machinery, offering a unique combination of durability, versatility, and efficiency. At FMP Company, we specialize in manufacturing high-quality plastic worm gears designed to meet the diverse needs of industries across Italy and beyond. Whether you require standard models [&hellip;]<\/p>","protected":false},"featured_media":7244,"comment_status":"open","ping_status":"closed","template":"","meta":{"_et_pb_use_builder":"","_et_pb_old_content":"","_et_gb_content_width":""},"product_brand":[],"product_cat":[107],"product_tag":[],"class_list":{"0":"post-7243","1":"product","2":"type-product","3":"status-publish","4":"has-post-thumbnail","6":"product_cat-worm-gear","8":"first","9":"instock","10":"shipping-taxable","11":"product-type-simple"},"_links":{"self":[{"href":"https:\/\/fmp-components.com\/de\/wp-json\/wp\/v2\/product\/7243","targetHints":{"allow":["GET"]}}],"collection":[{"href":"https:\/\/fmp-components.com\/de\/wp-json\/wp\/v2\/product"}],"about":[{"href":"https:\/\/fmp-components.com\/de\/wp-json\/wp\/v2\/types\/product"}],"replies":[{"embeddable":true,"href":"https:\/\/fmp-components.com\/de\/wp-json\/wp\/v2\/comments?post=7243"}],"wp:featuredmedia":[{"embeddable":true,"href":"https:\/\/fmp-components.com\/de\/wp-json\/wp\/v2\/media\/7244"}],"wp:attachment":[{"href":"https:\/\/fmp-components.com\/de\/wp-json\/wp\/v2\/media?parent=7243"}],"wp:term":[{"taxonomy":"product_brand","embeddable":true,"href":"https:\/\/fmp-components.com\/de\/wp-json\/wp\/v2\/product_brand?post=7243"},{"taxonomy":"product_cat","embeddable":true,"href":"https:\/\/fmp-components.com\/de\/wp-json\/wp\/v2\/product_cat?post=7243"},{"taxonomy":"product_tag","embeddable":true,"href":"https:\/\/fmp-components.com\/de\/wp-json\/wp\/v2\/product_tag?post=7243"}],"curies":[{"name":"wp","href":"https:\/\/api.w.org\/{rel}","templated":true}]}}